{"id":4925,"date":"2017-03-06T14:04:04","date_gmt":"2017-03-06T14:04:04","guid":{"rendered":"http:\/\/www.newslettercreator.com\/?page_id=4925\/"},"modified":"2020-03-27T17:11:54","modified_gmt":"2020-03-27T16:11:54","slug":"barra-strumenti-immagine","status":"publish","type":"page","link":"https:\/\/www.newslettercreator.com\/it\/aiuto-mailstyler2\/barra-strumenti-immagine\/","title":{"rendered":"Barra strumenti immagine"},"content":{"rendered":"<div id=\"help-guide\">\n<table border=\"0\" align=\"center\" cellpadding=\"0\" cellspacing=\"0\">\n<tr>\n<td align=\"center\">\n<span class=\"image-title\">Barra degli strumenti immagine<\/span>\n<\/td>\n<\/tr>\n<tr>\n<td align=\"center\">\n<a title=\"Barra degli strumenti\" href=\"http:\/\/www.newslettercreator.com\/user-guide-files-MS2\/it\/images\/toolbox_image.png\" rel=\"prettyPhoto\"><img decoding=\"async\" src=\"http:\/\/www.newslettercreator.com\/user-guide-files-MS2\/it\/images\/toolbox_image.png\" alt=\"Barra degli strumenti immagine\"><\/a>\n<\/td>\n<\/tr>\n<tr>\n<td align=\"center\">\n<span class=\"image-zoom\">Clicca per allargare<\/span>\n<\/td>\n<\/tr>\n<\/table>\n<p>\n<ul>\n<li><strong>Modifica immagine:<\/strong> apre la schermata Propriet\u00e0 immagine, in cui si trovano gli strumenti che permettono di selezionare l'immagine desiderata e modificarne le caratteristiche. Trovi una descrizione dettagliata delle opzioni di modifica delle immagini in <a href=\"http:\/\/www.newslettercreator.com\/it\/help-mailstyler2\/edit-image\/\">questa pagina<\/a>.<\/li>\n<li><strong>Modifica testo e immagine \/ Aggiungi testo a immagine<\/strong>: questo pulsante assolve ad una duplice funzione a seconda dei casi elencati di seguito:\n<ul>\n<li><strong>Modifica testo e immagine<\/strong>: quando si seleziona un\u2019immagine contenente un testo sovrapposto, permette di modificare le propriet\u00e0 sia dell'immagine che del testo sovrapposto.<\/li>\n<li><strong>Aggiungi testo a immagine<\/strong>: se l\u2019elemento selezionato \u00e8 un\u2019immagine senza altri elementi sovrapposti, apre gli strumenti che permettono di aggiungere un testo all\u2019immagine oppure sovrapporre un\u2019altra immagine.<\/li>\n<\/ul>\n<\/li>\n<li><strong>Modifica link:<\/strong> consente di applicare un link all'immagine oppure di modificarlo se \u00e8 gi\u00e0 stato inserito in precedenza.<\/li>\n<li><strong>Blocca\/sblocca ridimensionamento:<\/strong> attiva o disattiva la modifica delle dimensioni dell'immagine. Quando il blocco \u00e8 attivo, un lucchetto nella cornice intorno all'immagine indica che l'immagine non pu\u00f2 essere ridimensionata. Quando il blocco \u00e8 disattivato, le dimensioni dell'immagine possono invece essere modificate trascinando i punti sulla cornice. Le dimensioni inoltre si auto-adattano a quelle della cella in cui sono contenute. Ridimensionando una cella vengono cos\u00ec modificate anche le dimensioni dell\u2019immagine contenuta.<\/li>\n<li><strong>Copia stile:<\/strong> uno o pi\u00f9 stili che caratterizzano dell'immagine selezionata possono essere copiati ed applicati rapidamente ad altre immagini. Sono disponibili quattro opzioni di copia:\n<ul>\n<li>Copia tutto: copia in una sola volta gli stili applicati a bordo, margini e sfondo dell'immagine<\/li>\n<li>Copia solo bordo: copia solamente lo stile del bordo dell'immagine<\/li>\n<li>Copia solo margini: copia solamente lo stile dei margini dell'immagine<\/li>\n<li>Copia solo sfondo: copia solamente lo stile dello sfondo dell'immagine<\/li>\n<\/ul>\n<\/li>\n<li><strong>Incolla stile:<\/strong> permette di applicare ad un'immagine lo stile copiato da un'altra immagine attraverso la funzione Copia stile. Seleziona l\u2019immagine a cui vuoi applicare gli stili copiati, e clicca sull\u2019icona \u201cincolla stile\u201d per applicarli.<\/li>\n<li><strong>Allinea a sinistra:<\/strong> l'immagine viene allineata a sinistra.<\/li>\n<li><strong>Allinea al centro:<\/strong> l'immagine viene posizionata al centro.<\/li>\n<li><strong>Allinea a destra:<\/strong> l'immagine viene allineata a destra. <\/li>\n<li><strong>A sinistra nel testo:<\/strong> quando l'immagine si trova all'interno della cella insieme ad altri contenuti, questi si allineeranno alla destra dell\u2019immagine (qualora lo spazio sia sufficiente).<\/li>\n<li><strong>A destra nel testo:<\/strong> quando l'immagine si trova all'interno della cella insieme ad altri contenuti, questi si allineeranno alla sinistra dell'immagine (qualora lo spazio sia sufficiente).<\/li>\n<li><strong>Salva nella libreria:<\/strong> salva l'immagine selezionata nella <a href=\"http:\/\/www.newslettercreator.com\/it\/help-mailstyler2\/library-panel\/\">libreria immagini<\/a> per poterla utilizzare in futuro nello stesso template oppure in altri.<\/li>\n<li><strong>Elimina immagine:<\/strong> cancella l'immagine selezionata.<\/li>\n<\/ul>\n<\/p>\n<p>Vedi anche<br>\n    <a href=\"http:\/\/www.newslettercreator.com\/it\/help-mailstyler2\/toolboxes\/\">Barre degli strumenti pulsante<\/a><br>\n\t<a href=\"http:\/\/www.newslettercreator.com\/it\/help-mailstyler2\/toolbox-text\/\">Barra degli strumenti testo<\/a><br>\n\t<a href=\"http:\/\/www.newslettercreator.com\/it\/help-mailstyler2\/toolbox-image\/\">Barra degli strumenti<\/a><br>\n\t<a href=\"http:\/\/www.newslettercreator.com\/it\/help-mailstyler2\/toolbox-social-set\/\">Barra degli strumenti set social<\/a><br>\n\t<a href=\"http:\/\/www.newslettercreator.com\/it\/help-mailstyler2\/toolbox-cell\/\">Barra degli strumenti cella<\/a><br>\n\t<a href=\"http:\/\/www.newslettercreator.com\/it\/help-mailstyler2\/toolbox-block\/\">Barra degli strumenti blocco<\/a><br>\n\t<a href=\"http:\/\/www.newslettercreator.com\/it\/help-mailstyler2\/edit-link\/\">Link<\/a><\/p>\n\n<\/div>\n","protected":false},"excerpt":{"rendered":"","protected":false},"author":1,"featured_media":0,"parent":4814,"menu_order":0,"comment_status":"closed","ping_status":"closed","template":"g1_template_page_sidebar_left.php","meta":{"inline_featured_image":false,"_monsterinsights_skip_tracking":false,"_monsterinsights_sitenote_active":false,"_monsterinsights_sitenote_note":"","_monsterinsights_sitenote_category":0,"footnotes":""},"class_list":["post-4925","page","type-page","status-publish"],"yoast_head":"<!-- This site is optimized with the Yoast SEO plugin v25.2 - https:\/\/yoast.com\/wordpress\/plugins\/seo\/ -->\n<title>Barra strumenti immagine - Newsletter Creator<\/title>\n<meta name=\"robots\" content=\"index, follow, max-snippet:-1, max-image-preview:large, max-video-preview:-1\" \/>\n<link rel=\"canonical\" href=\"https:\/\/www.newslettercreator.com\/it\/aiuto-mailstyler2\/barra-strumenti-immagine\/\" \/>\n<meta property=\"og:locale\" content=\"it_IT\" \/>\n<meta property=\"og:type\" content=\"article\" \/>\n<meta property=\"og:title\" content=\"Barra strumenti immagine - Newsletter Creator\" \/>\n<meta property=\"og:url\" content=\"https:\/\/www.newslettercreator.com\/it\/aiuto-mailstyler2\/barra-strumenti-immagine\/\" \/>\n<meta property=\"og:site_name\" content=\"Newsletter Creator\" \/>\n<meta property=\"article:modified_time\" content=\"2020-03-27T16:11:54+00:00\" \/>\n<script type=\"application\/ld+json\" class=\"yoast-schema-graph\">{\"@context\":\"https:\/\/schema.org\",\"@graph\":[{\"@type\":\"WebPage\",\"@id\":\"https:\/\/www.newslettercreator.com\/it\/aiuto-mailstyler2\/barra-strumenti-immagine\/\",\"url\":\"https:\/\/www.newslettercreator.com\/it\/aiuto-mailstyler2\/barra-strumenti-immagine\/\",\"name\":\"Barra strumenti immagine - Newsletter Creator\",\"isPartOf\":{\"@id\":\"https:\/\/www.newslettercreator.com\/#website\"},\"datePublished\":\"2017-03-06T14:04:04+00:00\",\"dateModified\":\"2020-03-27T16:11:54+00:00\",\"breadcrumb\":{\"@id\":\"https:\/\/www.newslettercreator.com\/it\/aiuto-mailstyler2\/barra-strumenti-immagine\/#breadcrumb\"},\"inLanguage\":\"it-IT\",\"potentialAction\":[{\"@type\":\"ReadAction\",\"target\":[\"https:\/\/www.newslettercreator.com\/it\/aiuto-mailstyler2\/barra-strumenti-immagine\/\"]}]},{\"@type\":\"BreadcrumbList\",\"@id\":\"https:\/\/www.newslettercreator.com\/it\/aiuto-mailstyler2\/barra-strumenti-immagine\/#breadcrumb\",\"itemListElement\":[{\"@type\":\"ListItem\",\"position\":1,\"name\":\"Home\",\"item\":\"https:\/\/www.newslettercreator.com\/it\/\"},{\"@type\":\"ListItem\",\"position\":2,\"name\":\"Guida utente MailStyler 2\",\"item\":\"https:\/\/www.newslettercreator.com\/it\/aiuto-mailstyler2\/\"},{\"@type\":\"ListItem\",\"position\":3,\"name\":\"Barra strumenti immagine\"}]},{\"@type\":\"WebSite\",\"@id\":\"https:\/\/www.newslettercreator.com\/#website\",\"url\":\"https:\/\/www.newslettercreator.com\/\",\"name\":\"Newsletter Creator\",\"description\":\"Pay off\",\"potentialAction\":[{\"@type\":\"SearchAction\",\"target\":{\"@type\":\"EntryPoint\",\"urlTemplate\":\"https:\/\/www.newslettercreator.com\/?s={search_term_string}\"},\"query-input\":{\"@type\":\"PropertyValueSpecification\",\"valueRequired\":true,\"valueName\":\"search_term_string\"}}],\"inLanguage\":\"it-IT\"}]}<\/script>\n<!-- \/ Yoast SEO plugin. -->","yoast_head_json":{"title":"Barra strumenti immagine - Newsletter Creator","robots":{"index":"index","follow":"follow","max-snippet":"max-snippet:-1","max-image-preview":"max-image-preview:large","max-video-preview":"max-video-preview:-1"},"canonical":"https:\/\/www.newslettercreator.com\/it\/aiuto-mailstyler2\/barra-strumenti-immagine\/","og_locale":"it_IT","og_type":"article","og_title":"Barra strumenti immagine - Newsletter Creator","og_url":"https:\/\/www.newslettercreator.com\/it\/aiuto-mailstyler2\/barra-strumenti-immagine\/","og_site_name":"Newsletter Creator","article_modified_time":"2020-03-27T16:11:54+00:00","schema":{"@context":"https:\/\/schema.org","@graph":[{"@type":"WebPage","@id":"https:\/\/www.newslettercreator.com\/it\/aiuto-mailstyler2\/barra-strumenti-immagine\/","url":"https:\/\/www.newslettercreator.com\/it\/aiuto-mailstyler2\/barra-strumenti-immagine\/","name":"Barra strumenti immagine - Newsletter Creator","isPartOf":{"@id":"https:\/\/www.newslettercreator.com\/#website"},"datePublished":"2017-03-06T14:04:04+00:00","dateModified":"2020-03-27T16:11:54+00:00","breadcrumb":{"@id":"https:\/\/www.newslettercreator.com\/it\/aiuto-mailstyler2\/barra-strumenti-immagine\/#breadcrumb"},"inLanguage":"it-IT","potentialAction":[{"@type":"ReadAction","target":["https:\/\/www.newslettercreator.com\/it\/aiuto-mailstyler2\/barra-strumenti-immagine\/"]}]},{"@type":"BreadcrumbList","@id":"https:\/\/www.newslettercreator.com\/it\/aiuto-mailstyler2\/barra-strumenti-immagine\/#breadcrumb","itemListElement":[{"@type":"ListItem","position":1,"name":"Home","item":"https:\/\/www.newslettercreator.com\/it\/"},{"@type":"ListItem","position":2,"name":"Guida utente MailStyler 2","item":"https:\/\/www.newslettercreator.com\/it\/aiuto-mailstyler2\/"},{"@type":"ListItem","position":3,"name":"Barra strumenti immagine"}]},{"@type":"WebSite","@id":"https:\/\/www.newslettercreator.com\/#website","url":"https:\/\/www.newslettercreator.com\/","name":"Newsletter Creator","description":"Pay off","potentialAction":[{"@type":"SearchAction","target":{"@type":"EntryPoint","urlTemplate":"https:\/\/www.newslettercreator.com\/?s={search_term_string}"},"query-input":{"@type":"PropertyValueSpecification","valueRequired":true,"valueName":"search_term_string"}}],"inLanguage":"it-IT"}]}},"_links":{"self":[{"href":"https:\/\/www.newslettercreator.com\/it\/wp-json\/wp\/v2\/pages\/4925","targetHints":{"allow":["GET"]}}],"collection":[{"href":"https:\/\/www.newslettercreator.com\/it\/wp-json\/wp\/v2\/pages"}],"about":[{"href":"https:\/\/www.newslettercreator.com\/it\/wp-json\/wp\/v2\/types\/page"}],"author":[{"embeddable":true,"href":"https:\/\/www.newslettercreator.com\/it\/wp-json\/wp\/v2\/users\/1"}],"replies":[{"embeddable":true,"href":"https:\/\/www.newslettercreator.com\/it\/wp-json\/wp\/v2\/comments?post=4925"}],"version-history":[{"count":4,"href":"https:\/\/www.newslettercreator.com\/it\/wp-json\/wp\/v2\/pages\/4925\/revisions"}],"predecessor-version":[{"id":9410,"href":"https:\/\/www.newslettercreator.com\/it\/wp-json\/wp\/v2\/pages\/4925\/revisions\/9410"}],"up":[{"embeddable":true,"href":"https:\/\/www.newslettercreator.com\/it\/wp-json\/wp\/v2\/pages\/4814"}],"wp:attachment":[{"href":"https:\/\/www.newslettercreator.com\/it\/wp-json\/wp\/v2\/media?parent=4925"}],"curies":[{"name":"wp","href":"https:\/\/api.w.org\/{rel}","templated":true}]}}