{"id":6831,"date":"2018-05-25T13:50:57","date_gmt":"2018-05-25T13:50:57","guid":{"rendered":"https:\/\/www.newslettercreator.com\/?page_id=6831"},"modified":"2018-05-28T15:48:46","modified_gmt":"2018-05-28T15:48:46","slug":"come-delivery-tech-utilizza-le-tue-informazioni","status":"publish","type":"page","link":"https:\/\/www.newslettercreator.com\/it\/norme-sulla-privacy-regolamento-ue-2016-79-gdpr\/come-delivery-tech-utilizza-le-tue-informazioni\/","title":{"rendered":"Come Delivery Tech utilizza le tue informazioni"},"content":{"rendered":"<p><img decoding=\"async\" class=\"alignnone size-full wp-image-6762\" src=\"https:\/\/www.newslettercreator.com\/wp-content\/uploads\/2018\/05\/GDPR-intro-1.png\" alt=\"\" width=\"1280\" height=\"700\" srcset=\"https:\/\/www.newslettercreator.com\/wp-content\/uploads\/2018\/05\/GDPR-intro-1.png 1280w, https:\/\/www.newslettercreator.com\/wp-content\/uploads\/2018\/05\/GDPR-intro-1-300x164.png 300w, https:\/\/www.newslettercreator.com\/wp-content\/uploads\/2018\/05\/GDPR-intro-1-768x420.png 768w, https:\/\/www.newslettercreator.com\/wp-content\/uploads\/2018\/05\/GDPR-intro-1-1024x560.png 1024w, https:\/\/www.newslettercreator.com\/wp-content\/uploads\/2018\/05\/GDPR-intro-1-968x529.png 968w, https:\/\/www.newslettercreator.com\/wp-content\/uploads\/2018\/05\/GDPR-intro-1-636x348.png 636w, https:\/\/www.newslettercreator.com\/wp-content\/uploads\/2018\/05\/GDPR-intro-1-320x175.png 320w, https:\/\/www.newslettercreator.com\/wp-content\/uploads\/2018\/05\/GDPR-intro-1-239x131.png 239w\" sizes=\"(max-width: 1280px) 100vw, 1280px\" \/><\/p>\n<ul class=\"g1-grid\"><li class=\"g1-column g1-one-fourth g1-valign-top\">\n<h4>Finalit\u00e0 e scopo del trattamento dei dati &#8211; Basi giuridiche in qualit\u00e0 di titolare<\/h4>\n<\/li><!-- -->\n<li class=\"g1-column g1-three-fourth g1-valign-top\">\n<p>Elaboriamo le tue informazioni per perseguire i nostri obiettivi e quelli di terze parti, applicando le misure di salvaguardia appropriate per proteggere la tua privacy.<\/p>\n<p>Lo scopo principale della raccolta dei dati personali \u00e8 quello di offrire un&#8217;esperienza sicura, ottimale, efficiente e personalizzata. Per raggiungere questo obiettivo ti informiamo che perseguiamo interessi legittimi, come previsto dall\u2019art. 6 del GDPR sulla liceit\u00e0 del trattamento: \u00abCostituisce parimenti legittimo interesse del titolare del trattamento interessato trattare dati personali strettamente necessari a fini di prevenzione delle frodi. Pu\u00f2 essere considerato legittimo interesse trattare dati personali per finalit\u00e0 di marketing diretto\u00bb.<\/p>\n<p>Ti assicuriamo che i tuoi dati verranno utilizzati solamente per i seguenti scopi:<\/p>\n\n<ul id=\"g1-list-1\" class=\"g1-list--upper-alpha g1-list--none \">\n<li><strong>Promuovere l&#8217;uso dei nostri servizi<\/strong>. Quando ci richiedi informazioni o ti registri a servizi gratuiti, lasciandoci i tuoi dati, potremmo contattarti telefonicamente o inviarti un&#8217;email:\n<ul id=\"g1-list-1\" class=\"g1-list--upper-alpha g1-list--none \" style=\"list-style-type: lower-alpha;\">\n<li>per chiedere un tuo feedback;<\/li>\n<li>per proporti di registrarti a uno dei nostri servizi, applicazioni o software.<\/li>\n<\/ul>\n<p>Se utilizzi gi\u00e0 uno dei nostri servizi (gratuito o a pagamento) e riteniamo che potresti trarre vantaggio dall&#8217;utilizzo di un altro servizio, applicazione o software di Delivery Tech, potremmo inviarti un&#8217;email al riguardo o contattarti per inviarti contenuti informativi e promozionali, in conformit\u00e0 con le tue preferenze di marketing.<\/li>\n<li><strong>Per fatturare o inviarti avvisi di pagamento<\/strong>. Potremmo utilizzare i tuoi dati per inviarti email con fatture, ricevute, avvisi di insolvenza. Utilizziamo terze parti per l&#8217;elaborazione sicura delle transazioni con carta di credito e inviamo a tali terze parti i dati di fatturazione, per elaborare i vostri ordini e pagamenti.<\/li>\n<li><strong>Per inviarti messaggi di avviso di sistema<\/strong>. Potresti ricevere delle comunicazioni inerenti servizi, applicazioni o software di Delivery Tech che utilizzi. Lo scopo \u00e8 quello di avvisarti in caso di:\n<ul id=\"g1-list-1\" class=\"g1-list--upper-alpha g1-list--none \" style=\"list-style-type: lower-alpha;\">\n<li>modifiche temporanee o permanenti ai nostri servizi, applicazioni o software;<\/li>\n<li>cambio delle condizioni di utilizzo;<\/li>\n<li>interruzioni pianificate;<\/li>\n<li>nuove funzionalit\u00e0;<\/li>\n<li>aggiornamenti di versione;<\/li>\n<li>avvisi di abuso o violazione dei dati (chiamata anche <em>data breach<\/em>);<\/li>\n<li>aggiornamenti e modifiche alla nostra Informativa sulla privacy.<\/li>\n<\/ul>\n<\/li>\n<li><strong>Per fornire assistenza<\/strong>. Noi potremmo comunicare con te, o con gli iscritti a una tua lista di contatti, per fornire assistenza e supporto, relativamente ai servizi, le applicazioni e i software utilizzati.<\/li>\n<li><strong>Per questioni legali<\/strong>. Potresti ricevere comunicazioni da parte di tipo legale, come il rispetto degli ordini del tribunale.<\/li>\n<li><strong>Per fornire informazioni a rappresentanti e consulenti, inclusi avvocati e commercialisti<\/strong>. Al fine di rispettare i requisiti legali, contabili o di sicurezza previsti dalla legge, potrebbero essere utilizzate le tue informazioni.<\/li>\n<li><strong>Per rispondere alle richieste legittime delle autorit\u00e0 pubbliche<\/strong>. Se una pubblica autorit\u00e0 dovesse avanzare una richiesta legittima, motivata dal rispetto delle esigenze di sicurezza nazionale o dall\u2019applicazione della legge, i tuoi dati potrebbero essere utilizzati.<\/li>\n<li><strong>Per trasferire le tue informazioni in caso di vendita, fusione, consolidamento, liquidazione, riorganizzazione o acquisizione<\/strong>. In tal caso, qualsiasi acquirente sar\u00e0 soggetto ai nostri obblighi ai sensi della presente Informativa sulla privacy, inclusi i diritti di accesso e scelta. Ti informeremo del cambiamento inviandoti un&#8217;email o pubblicando un avviso sul nostro sito web.<\/li>\n<\/ul>\n\n<\/li><!-- --><\/ul>\n<div id=\"g1-divider-1\" class=\"g1-divider g1-divider--none g1-divider--noicon \"><\/div>\n<ul class=\"g1-grid\"><li class=\"g1-column g1-one-fourth g1-valign-top\">\n<h4>Quando Delivery Tech condivide le tue informazioni \u2013 Destinatari dei dati<\/h4>\n<\/li><!-- -->\n<li class=\"g1-column g1-three-fourth g1-valign-top\">\n<p>I dati raccolti a carattere personale sono destinati a servizi di tipo commerciale, contabile e assistenza tecnica di Delivery Tech, inoltre potrebbero essere trasmessi a societ\u00e0 appaltatrici a cui Delivery Tech si \u00e8 rivolta nel quadro dell&#8217;esecuzione dei servizi, come la societ\u00e0 eDisplay Srl che rappresenta Delivery Tech in UE.<br \/>\nI dati a carattere personale non possono essere ceduti a terzi per fini di marketing senza il tuo consenso esplicito. La divulgazione a terzi di dati a carattere personale, che tu ci hai fornito, potr\u00e0 avvenire solo nei seguenti casi:<\/p>\n\n<ul id=\"g1-list-2\" class=\"g1-list--upper-alpha g1-list--none \">\n<li>dietro autorizzazione da parte tua;<\/li>\n<li>su richiesta di autorit\u00e0 legali competenti, per requisitoria giudiziaria o nel quadro di una controversia giudiziaria.<\/li>\n<\/ul>\n\n<\/li><!-- --><\/ul>\n<div id=\"g1-divider-2\" class=\"g1-divider g1-divider--none g1-divider--noicon \"><\/div>\n<ul class=\"g1-grid\"><li class=\"g1-column g1-one-fourth g1-valign-top\">\n<h4>Finalit\u00e0 e scopo del trattamento dei dati in qualit\u00e0 di responsabile &#8211; Utente B2B<\/h4>\n<\/li><!-- -->\n<li class=\"g1-column g1-three-fourth g1-valign-top\">\n<p>Quando usi i nostri servizi, puoi importare nel nostro sistema le informazioni personali che hai raccolto dai tuoi iscritti o da altre persone. Non abbiamo alcuna relazione diretta con i tuoi iscritti o con persone diverse da te, dunque \u00e8 compito tuo assicurarti di disporre dell&#8217;autorizzazione appropriata per la raccolta e l&#8217;elaborazione dei dati relativi a tali soggetti.<br \/>\nCoerentemente con le relative indicazioni del GDPR, potremmo trasferire le tue informazioni personali o dei tuoi abbonati a societ\u00e0 che ci supportano e ci aiutano ad assicurare i nostri servizi.<br \/>\nPer fini statistici o di ricerca potremmo suddividere in categorie le informazioni raccolte tramite i nostri servizi. Nello specifico parliamo di:<\/p>\n\n<ul id=\"g1-list-3\" class=\"g1-list--upper-alpha g1-list--none \">\n<li>dati forniti a noi direttamente da te;<\/li>\n<li>dati raccolti da te;<\/li>\n<li>dati raccolti dagli iscritti alle tue liste in modo indistinto.<\/li>\n<\/ul>\n\n<\/li><!-- --><\/ul>\n<div id=\"g1-divider-3\" class=\"g1-divider g1-divider--none g1-divider--noicon \"><\/div>\n<ul class=\"g1-grid\"><li class=\"g1-column g1-one-fourth g1-valign-top\">\n<h4>Dati trattati per fornire, supportare e migliorare i servizi che ti offriamo e per dare suggerimenti<\/h4>\n<\/li><!-- -->\n<li class=\"g1-column g1-three-fourth g1-valign-top\">\n<p>Raccogliamo i dati per degli scopi legittimi e precisi:<\/p>\n\n<ul id=\"g1-list-4\" class=\"g1-list--upper-alpha g1-list--none \">\n<li><strong>per offrire servizi migliori e per fornirti statistiche sempre pi\u00f9 precise<\/strong>, che ti aiutino ad aumentare le performance delle tue campagne e la percentuale di consegna delle email;<\/li>\n<li><strong>per aggiungere nuove funzionalit\u00e0<\/strong>, in modo da garantire la migliore offerta ai nostri utenti;<\/li>\n<li><strong>per suggerirti prodotti o servizi che potrebbero essere interessanti<\/strong> o che potrebbero essere rilevanti per te o per gli iscritti alle tue liste (alcuni di questi suggerimenti sono generati dai nostri algoritmi di \u201cdata science\u201d).<\/li>\n<\/ul>\n\n<p>La profilazione ci consente di combinare le informazioni personali con altre informazioni che raccogliamo o otteniamo su di te (come le informazioni che abbiamo dai nostri partner che gestiscono i pagamenti con carta di credito), per servirti in modo personalizzato in base alle tue preferenze o restrizioni, oppure per scopi pubblicitari o di targeting in conformit\u00e0 con la presente Informativa sulla privacy.<br \/>\nQuando combiniamo le informazioni personali con altre informazioni in questo modo, le trattiamo attenendoci scrupolosamente a tutte le misure di sicurezza applicabili al trattamento dei dati personali, che sono contenute nella presente Informativa.<\/p>\n<\/li><!-- --><\/ul>\n<div id=\"g1-divider-4\" class=\"g1-divider g1-divider--none g1-divider--noicon \"><\/div>\n<ul class=\"g1-grid\"><li class=\"g1-column g1-one-fourth g1-valign-top\">\n<h4>Profilazione<\/h4>\n<\/li><!-- -->\n<li class=\"g1-column g1-three-fourth g1-valign-top\">\n<p>Noi trattiamo i tuoi dati anche per finalit\u00e0 di marketing diretto, ma tu hai la possibilit\u00e0 di opporti in qualsiasi momento a questo tipo di attivit\u00e0, inoltre sei e sarai sempre informato su come, dove e quando adottiamo questa misura.<br \/>\nNei nostri servizi non \u00e8 presente nessun trattamento automatizzato che possa produrre effetti giuridici che ti riguardino, oppure che incidano significativamente sulla tua persona.<\/p>\n<\/li><!-- --><\/ul>\n","protected":false},"excerpt":{"rendered":"","protected":false},"author":1,"featured_media":0,"parent":6814,"menu_order":3,"comment_status":"closed","ping_status":"closed","template":"g1_template_page_nav_left.php","meta":{"inline_featured_image":false,"_monsterinsights_skip_tracking":false,"_monsterinsights_sitenote_active":false,"_monsterinsights_sitenote_note":"","_monsterinsights_sitenote_category":0,"footnotes":""},"class_list":["post-6831","page","type-page","status-publish"],"yoast_head":"<!-- This site is optimized with the Yoast SEO plugin v25.2 - https:\/\/yoast.com\/wordpress\/plugins\/seo\/ -->\n<title>Come Delivery Tech utilizza le tue informazioni - Newsletter Creator<\/title>\n<meta name=\"robots\" content=\"index, follow, max-snippet:-1, max-image-preview:large, max-video-preview:-1\" \/>\n<link rel=\"canonical\" href=\"https:\/\/www.newslettercreator.com\/it\/norme-sulla-privacy-regolamento-ue-2016-79-gdpr\/come-delivery-tech-utilizza-le-tue-informazioni\/\" \/>\n<meta property=\"og:locale\" content=\"it_IT\" \/>\n<meta property=\"og:type\" content=\"article\" \/>\n<meta property=\"og:title\" content=\"Come Delivery Tech utilizza le tue informazioni - Newsletter Creator\" \/>\n<meta property=\"og:url\" content=\"https:\/\/www.newslettercreator.com\/it\/norme-sulla-privacy-regolamento-ue-2016-79-gdpr\/come-delivery-tech-utilizza-le-tue-informazioni\/\" \/>\n<meta property=\"og:site_name\" content=\"Newsletter Creator\" \/>\n<meta property=\"article:modified_time\" content=\"2018-05-28T15:48:46+00:00\" \/>\n<meta property=\"og:image\" content=\"https:\/\/www.newslettercreator.com\/wp-content\/uploads\/2018\/05\/GDPR-intro-1.png\" \/>\n<meta name=\"twitter:label1\" content=\"Tempo di lettura stimato\" \/>\n\t<meta name=\"twitter:data1\" content=\"6 minuti\" \/>\n<script type=\"application\/ld+json\" class=\"yoast-schema-graph\">{\"@context\":\"https:\/\/schema.org\",\"@graph\":[{\"@type\":\"WebPage\",\"@id\":\"https:\/\/www.newslettercreator.com\/it\/norme-sulla-privacy-regolamento-ue-2016-79-gdpr\/come-delivery-tech-utilizza-le-tue-informazioni\/\",\"url\":\"https:\/\/www.newslettercreator.com\/it\/norme-sulla-privacy-regolamento-ue-2016-79-gdpr\/come-delivery-tech-utilizza-le-tue-informazioni\/\",\"name\":\"Come Delivery Tech utilizza le tue informazioni - Newsletter Creator\",\"isPartOf\":{\"@id\":\"https:\/\/www.newslettercreator.com\/#website\"},\"primaryImageOfPage\":{\"@id\":\"https:\/\/www.newslettercreator.com\/it\/norme-sulla-privacy-regolamento-ue-2016-79-gdpr\/come-delivery-tech-utilizza-le-tue-informazioni\/#primaryimage\"},\"image\":{\"@id\":\"https:\/\/www.newslettercreator.com\/it\/norme-sulla-privacy-regolamento-ue-2016-79-gdpr\/come-delivery-tech-utilizza-le-tue-informazioni\/#primaryimage\"},\"thumbnailUrl\":\"https:\/\/www.newslettercreator.com\/wp-content\/uploads\/2018\/05\/GDPR-intro-1.png\",\"datePublished\":\"2018-05-25T13:50:57+00:00\",\"dateModified\":\"2018-05-28T15:48:46+00:00\",\"breadcrumb\":{\"@id\":\"https:\/\/www.newslettercreator.com\/it\/norme-sulla-privacy-regolamento-ue-2016-79-gdpr\/come-delivery-tech-utilizza-le-tue-informazioni\/#breadcrumb\"},\"inLanguage\":\"it-IT\",\"potentialAction\":[{\"@type\":\"ReadAction\",\"target\":[\"https:\/\/www.newslettercreator.com\/it\/norme-sulla-privacy-regolamento-ue-2016-79-gdpr\/come-delivery-tech-utilizza-le-tue-informazioni\/\"]}]},{\"@type\":\"ImageObject\",\"inLanguage\":\"it-IT\",\"@id\":\"https:\/\/www.newslettercreator.com\/it\/norme-sulla-privacy-regolamento-ue-2016-79-gdpr\/come-delivery-tech-utilizza-le-tue-informazioni\/#primaryimage\",\"url\":\"https:\/\/www.newslettercreator.com\/wp-content\/uploads\/2018\/05\/GDPR-intro-1.png\",\"contentUrl\":\"https:\/\/www.newslettercreator.com\/wp-content\/uploads\/2018\/05\/GDPR-intro-1.png\"},{\"@type\":\"BreadcrumbList\",\"@id\":\"https:\/\/www.newslettercreator.com\/it\/norme-sulla-privacy-regolamento-ue-2016-79-gdpr\/come-delivery-tech-utilizza-le-tue-informazioni\/#breadcrumb\",\"itemListElement\":[{\"@type\":\"ListItem\",\"position\":1,\"name\":\"Home\",\"item\":\"https:\/\/www.newslettercreator.com\/it\/\"},{\"@type\":\"ListItem\",\"position\":2,\"name\":\"GDPR &#8211; Introduzione e obiettivi perseguiti\",\"item\":\"https:\/\/www.newslettercreator.com\/it\/norme-sulla-privacy-regolamento-ue-2016-79-gdpr\/\"},{\"@type\":\"ListItem\",\"position\":3,\"name\":\"Come Delivery Tech utilizza le tue informazioni\"}]},{\"@type\":\"WebSite\",\"@id\":\"https:\/\/www.newslettercreator.com\/#website\",\"url\":\"https:\/\/www.newslettercreator.com\/\",\"name\":\"Newsletter Creator\",\"description\":\"Pay off\",\"potentialAction\":[{\"@type\":\"SearchAction\",\"target\":{\"@type\":\"EntryPoint\",\"urlTemplate\":\"https:\/\/www.newslettercreator.com\/?s={search_term_string}\"},\"query-input\":{\"@type\":\"PropertyValueSpecification\",\"valueRequired\":true,\"valueName\":\"search_term_string\"}}],\"inLanguage\":\"it-IT\"}]}<\/script>\n<!-- \/ Yoast SEO plugin. -->","yoast_head_json":{"title":"Come Delivery Tech utilizza le tue informazioni - Newsletter Creator","robots":{"index":"index","follow":"follow","max-snippet":"max-snippet:-1","max-image-preview":"max-image-preview:large","max-video-preview":"max-video-preview:-1"},"canonical":"https:\/\/www.newslettercreator.com\/it\/norme-sulla-privacy-regolamento-ue-2016-79-gdpr\/come-delivery-tech-utilizza-le-tue-informazioni\/","og_locale":"it_IT","og_type":"article","og_title":"Come Delivery Tech utilizza le tue informazioni - Newsletter Creator","og_url":"https:\/\/www.newslettercreator.com\/it\/norme-sulla-privacy-regolamento-ue-2016-79-gdpr\/come-delivery-tech-utilizza-le-tue-informazioni\/","og_site_name":"Newsletter Creator","article_modified_time":"2018-05-28T15:48:46+00:00","og_image":[{"url":"https:\/\/www.newslettercreator.com\/wp-content\/uploads\/2018\/05\/GDPR-intro-1.png","type":"","width":"","height":""}],"twitter_misc":{"Tempo di lettura stimato":"6 minuti"},"schema":{"@context":"https:\/\/schema.org","@graph":[{"@type":"WebPage","@id":"https:\/\/www.newslettercreator.com\/it\/norme-sulla-privacy-regolamento-ue-2016-79-gdpr\/come-delivery-tech-utilizza-le-tue-informazioni\/","url":"https:\/\/www.newslettercreator.com\/it\/norme-sulla-privacy-regolamento-ue-2016-79-gdpr\/come-delivery-tech-utilizza-le-tue-informazioni\/","name":"Come Delivery Tech utilizza le tue informazioni - Newsletter Creator","isPartOf":{"@id":"https:\/\/www.newslettercreator.com\/#website"},"primaryImageOfPage":{"@id":"https:\/\/www.newslettercreator.com\/it\/norme-sulla-privacy-regolamento-ue-2016-79-gdpr\/come-delivery-tech-utilizza-le-tue-informazioni\/#primaryimage"},"image":{"@id":"https:\/\/www.newslettercreator.com\/it\/norme-sulla-privacy-regolamento-ue-2016-79-gdpr\/come-delivery-tech-utilizza-le-tue-informazioni\/#primaryimage"},"thumbnailUrl":"https:\/\/www.newslettercreator.com\/wp-content\/uploads\/2018\/05\/GDPR-intro-1.png","datePublished":"2018-05-25T13:50:57+00:00","dateModified":"2018-05-28T15:48:46+00:00","breadcrumb":{"@id":"https:\/\/www.newslettercreator.com\/it\/norme-sulla-privacy-regolamento-ue-2016-79-gdpr\/come-delivery-tech-utilizza-le-tue-informazioni\/#breadcrumb"},"inLanguage":"it-IT","potentialAction":[{"@type":"ReadAction","target":["https:\/\/www.newslettercreator.com\/it\/norme-sulla-privacy-regolamento-ue-2016-79-gdpr\/come-delivery-tech-utilizza-le-tue-informazioni\/"]}]},{"@type":"ImageObject","inLanguage":"it-IT","@id":"https:\/\/www.newslettercreator.com\/it\/norme-sulla-privacy-regolamento-ue-2016-79-gdpr\/come-delivery-tech-utilizza-le-tue-informazioni\/#primaryimage","url":"https:\/\/www.newslettercreator.com\/wp-content\/uploads\/2018\/05\/GDPR-intro-1.png","contentUrl":"https:\/\/www.newslettercreator.com\/wp-content\/uploads\/2018\/05\/GDPR-intro-1.png"},{"@type":"BreadcrumbList","@id":"https:\/\/www.newslettercreator.com\/it\/norme-sulla-privacy-regolamento-ue-2016-79-gdpr\/come-delivery-tech-utilizza-le-tue-informazioni\/#breadcrumb","itemListElement":[{"@type":"ListItem","position":1,"name":"Home","item":"https:\/\/www.newslettercreator.com\/it\/"},{"@type":"ListItem","position":2,"name":"GDPR &#8211; Introduzione e obiettivi perseguiti","item":"https:\/\/www.newslettercreator.com\/it\/norme-sulla-privacy-regolamento-ue-2016-79-gdpr\/"},{"@type":"ListItem","position":3,"name":"Come Delivery Tech utilizza le tue informazioni"}]},{"@type":"WebSite","@id":"https:\/\/www.newslettercreator.com\/#website","url":"https:\/\/www.newslettercreator.com\/","name":"Newsletter Creator","description":"Pay off","potentialAction":[{"@type":"SearchAction","target":{"@type":"EntryPoint","urlTemplate":"https:\/\/www.newslettercreator.com\/?s={search_term_string}"},"query-input":{"@type":"PropertyValueSpecification","valueRequired":true,"valueName":"search_term_string"}}],"inLanguage":"it-IT"}]}},"_links":{"self":[{"href":"https:\/\/www.newslettercreator.com\/it\/wp-json\/wp\/v2\/pages\/6831","targetHints":{"allow":["GET"]}}],"collection":[{"href":"https:\/\/www.newslettercreator.com\/it\/wp-json\/wp\/v2\/pages"}],"about":[{"href":"https:\/\/www.newslettercreator.com\/it\/wp-json\/wp\/v2\/types\/page"}],"author":[{"embeddable":true,"href":"https:\/\/www.newslettercreator.com\/it\/wp-json\/wp\/v2\/users\/1"}],"replies":[{"embeddable":true,"href":"https:\/\/www.newslettercreator.com\/it\/wp-json\/wp\/v2\/comments?post=6831"}],"version-history":[{"count":1,"href":"https:\/\/www.newslettercreator.com\/it\/wp-json\/wp\/v2\/pages\/6831\/revisions"}],"predecessor-version":[{"id":6833,"href":"https:\/\/www.newslettercreator.com\/it\/wp-json\/wp\/v2\/pages\/6831\/revisions\/6833"}],"up":[{"embeddable":true,"href":"https:\/\/www.newslettercreator.com\/it\/wp-json\/wp\/v2\/pages\/6814"}],"wp:attachment":[{"href":"https:\/\/www.newslettercreator.com\/it\/wp-json\/wp\/v2\/media?parent=6831"}],"curies":[{"name":"wp","href":"https:\/\/api.w.org\/{rel}","templated":true}]}}