{"id":7739,"date":"2018-11-15T09:42:23","date_gmt":"2018-11-15T09:42:23","guid":{"rendered":"https:\/\/www.newslettercreator.com\/?page_id=7739"},"modified":"2018-11-15T11:31:08","modified_gmt":"2018-11-15T11:31:08","slug":"aggiornamento-dalle-vecchie-versioni","status":"publish","type":"page","link":"https:\/\/www.newslettercreator.com\/it\/aggiornamento-dalle-vecchie-versioni\/","title":{"rendered":"Aggiornamento dalle vecchie versioni"},"content":{"rendered":"<h2><strong>La tua versione di MailStyler \u00e8 anteriore alla\u00a0 2.1.0.108?<\/strong><\/h2>\n<p>Dopo la versione 2.1.0.108 sono stati rilasciati <strong>diversi aggiornamenti di MailStyler<\/strong>, aggiornamenti che hanno aggiunto <strong>nuove funzionalit\u00e0<\/strong> e che garantiscono una maggiore <strong>compatibilit\u00e0 con i client di posta<\/strong>.<\/p>\n<p>Sfortunatamente per\u00f2, in alcuni casi la procedura di aggiornamento a nuove versioni dalla 2.1.0.108 pu\u00f2 avere qualche problema&#8230;<\/p>\n<p><strong>Nel caso l&#8217;update non andasse a buon fine<\/strong>, o alla fine della procedura ti ritrovassi ancora con la stessa versione, la cosa pi\u00f9 semplice da fare \u00e8 <strong>disinstallare la vecchia versione<\/strong> e installare quella pi\u00f9 recente.<\/p>\n<p>Per farlo \u00e8 sufficiente seguire questi tre passaggi.<\/p>\n<p>&nbsp;<\/p>\n<h3><strong>1. Disinstalla MailStyler<\/strong><\/h3>\n<p>Apri le impostazioni di Windows, accedi alla sezione &#8220;Applicazioni&#8221; e disinstalla MailStyler.<\/p>\n<p>&nbsp;<\/p>\n<h3><strong>2. Elimina la cartella di installazione<\/strong><\/h3>\n<p>Elimina completamente la cartella in cui era installato MailStyler. Di norma la cartella da eliminare \u00e8 la seguente:<br \/>\n<em>C:\\Programmi (x86)\\Delivery Tech Corp\\MailStyler 2<\/em><\/p>\n<p>&nbsp;<\/p>\n<h3><strong>3.\u00a0 Scarica e installa la versione pi\u00f9 aggiornata<\/strong><\/h3>\n<p>Accedi a questa pagina e inserisci il tuo codice di licenza nell&#8217;apposito campo: ti verr\u00e0 data la possibilit\u00e0 di scaricare la versione pi\u00f9 aggiornata di MailStyler:<br \/>\n<a href=\"\/it\/scarica-la-tua-versione-di-mailstyler\/\">https:\/\/www.newslettercreator.com\/it\/scarica-la-tua-versione-di-mailstyler\/<\/a><\/p>\n<p>Una volta terminato il download, avvia il setup per installare la nuova versione di MailStyler.<\/p>\n","protected":false},"excerpt":{"rendered":"<p>La tua versione di MailStyler \u00e8 anteriore alla\u00a0 2.1.0.108? Dopo la versione 2.1.0.108 sono stati rilasciati diversi aggiornamenti di MailStyler, aggiornamenti che hanno aggiunto nuove funzionalit\u00e0 e che garantiscono una maggiore compatibilit\u00e0 con i client di posta. Sfortunatamente per\u00f2, in alcuni casi la procedura di aggiornamento a nuove versioni dalla 2.1.0.108 pu\u00f2 avere qualche problema&#8230; [&hellip;]<\/p>\n","protected":false},"author":2,"featured_media":0,"parent":0,"menu_order":0,"comment_status":"closed","ping_status":"closed","template":"g1_template_page_sidebar_right.php","meta":{"inline_featured_image":false,"_monsterinsights_skip_tracking":false,"_monsterinsights_sitenote_active":false,"_monsterinsights_sitenote_note":"","_monsterinsights_sitenote_category":0,"footnotes":""},"class_list":["post-7739","page","type-page","status-publish"],"yoast_head":"<!-- This site is optimized with the Yoast SEO plugin v25.2 - https:\/\/yoast.com\/wordpress\/plugins\/seo\/ -->\n<title>Aggiornamento dalle vecchie versioni - Newsletter Creator<\/title>\n<meta name=\"robots\" content=\"index, follow, max-snippet:-1, max-image-preview:large, max-video-preview:-1\" \/>\n<link rel=\"canonical\" href=\"https:\/\/www.newslettercreator.com\/it\/aggiornamento-dalle-vecchie-versioni\/\" \/>\n<meta property=\"og:locale\" content=\"it_IT\" \/>\n<meta property=\"og:type\" content=\"article\" \/>\n<meta property=\"og:title\" content=\"Aggiornamento dalle vecchie versioni - Newsletter Creator\" \/>\n<meta property=\"og:description\" content=\"La tua versione di MailStyler \u00e8 anteriore alla\u00a0 2.1.0.108? Dopo la versione 2.1.0.108 sono stati rilasciati diversi aggiornamenti di MailStyler, aggiornamenti che hanno aggiunto nuove funzionalit\u00e0 e che garantiscono una maggiore compatibilit\u00e0 con i client di posta. Sfortunatamente per\u00f2, in alcuni casi la procedura di aggiornamento a nuove versioni dalla 2.1.0.108 pu\u00f2 avere qualche problema&#8230; [&hellip;]\" \/>\n<meta property=\"og:url\" content=\"https:\/\/www.newslettercreator.com\/it\/aggiornamento-dalle-vecchie-versioni\/\" \/>\n<meta property=\"og:site_name\" content=\"Newsletter Creator\" \/>\n<meta property=\"article:modified_time\" content=\"2018-11-15T11:31:08+00:00\" \/>\n<meta name=\"twitter:label1\" content=\"Tempo di lettura stimato\" \/>\n\t<meta name=\"twitter:data1\" content=\"1 minuto\" \/>\n<script type=\"application\/ld+json\" class=\"yoast-schema-graph\">{\"@context\":\"https:\/\/schema.org\",\"@graph\":[{\"@type\":\"WebPage\",\"@id\":\"https:\/\/www.newslettercreator.com\/it\/aggiornamento-dalle-vecchie-versioni\/\",\"url\":\"https:\/\/www.newslettercreator.com\/it\/aggiornamento-dalle-vecchie-versioni\/\",\"name\":\"Aggiornamento dalle vecchie versioni - Newsletter Creator\",\"isPartOf\":{\"@id\":\"https:\/\/www.newslettercreator.com\/#website\"},\"datePublished\":\"2018-11-15T09:42:23+00:00\",\"dateModified\":\"2018-11-15T11:31:08+00:00\",\"breadcrumb\":{\"@id\":\"https:\/\/www.newslettercreator.com\/it\/aggiornamento-dalle-vecchie-versioni\/#breadcrumb\"},\"inLanguage\":\"it-IT\",\"potentialAction\":[{\"@type\":\"ReadAction\",\"target\":[\"https:\/\/www.newslettercreator.com\/it\/aggiornamento-dalle-vecchie-versioni\/\"]}]},{\"@type\":\"BreadcrumbList\",\"@id\":\"https:\/\/www.newslettercreator.com\/it\/aggiornamento-dalle-vecchie-versioni\/#breadcrumb\",\"itemListElement\":[{\"@type\":\"ListItem\",\"position\":1,\"name\":\"Home\",\"item\":\"https:\/\/www.newslettercreator.com\/it\/\"},{\"@type\":\"ListItem\",\"position\":2,\"name\":\"Aggiornamento dalle vecchie versioni\"}]},{\"@type\":\"WebSite\",\"@id\":\"https:\/\/www.newslettercreator.com\/#website\",\"url\":\"https:\/\/www.newslettercreator.com\/\",\"name\":\"Newsletter Creator\",\"description\":\"Pay off\",\"potentialAction\":[{\"@type\":\"SearchAction\",\"target\":{\"@type\":\"EntryPoint\",\"urlTemplate\":\"https:\/\/www.newslettercreator.com\/?s={search_term_string}\"},\"query-input\":{\"@type\":\"PropertyValueSpecification\",\"valueRequired\":true,\"valueName\":\"search_term_string\"}}],\"inLanguage\":\"it-IT\"}]}<\/script>\n<!-- \/ Yoast SEO plugin. -->","yoast_head_json":{"title":"Aggiornamento dalle vecchie versioni - Newsletter Creator","robots":{"index":"index","follow":"follow","max-snippet":"max-snippet:-1","max-image-preview":"max-image-preview:large","max-video-preview":"max-video-preview:-1"},"canonical":"https:\/\/www.newslettercreator.com\/it\/aggiornamento-dalle-vecchie-versioni\/","og_locale":"it_IT","og_type":"article","og_title":"Aggiornamento dalle vecchie versioni - Newsletter Creator","og_description":"La tua versione di MailStyler \u00e8 anteriore alla\u00a0 2.1.0.108? Dopo la versione 2.1.0.108 sono stati rilasciati diversi aggiornamenti di MailStyler, aggiornamenti che hanno aggiunto nuove funzionalit\u00e0 e che garantiscono una maggiore compatibilit\u00e0 con i client di posta. Sfortunatamente per\u00f2, in alcuni casi la procedura di aggiornamento a nuove versioni dalla 2.1.0.108 pu\u00f2 avere qualche problema&#8230; [&hellip;]","og_url":"https:\/\/www.newslettercreator.com\/it\/aggiornamento-dalle-vecchie-versioni\/","og_site_name":"Newsletter Creator","article_modified_time":"2018-11-15T11:31:08+00:00","twitter_misc":{"Tempo di lettura stimato":"1 minuto"},"schema":{"@context":"https:\/\/schema.org","@graph":[{"@type":"WebPage","@id":"https:\/\/www.newslettercreator.com\/it\/aggiornamento-dalle-vecchie-versioni\/","url":"https:\/\/www.newslettercreator.com\/it\/aggiornamento-dalle-vecchie-versioni\/","name":"Aggiornamento dalle vecchie versioni - Newsletter Creator","isPartOf":{"@id":"https:\/\/www.newslettercreator.com\/#website"},"datePublished":"2018-11-15T09:42:23+00:00","dateModified":"2018-11-15T11:31:08+00:00","breadcrumb":{"@id":"https:\/\/www.newslettercreator.com\/it\/aggiornamento-dalle-vecchie-versioni\/#breadcrumb"},"inLanguage":"it-IT","potentialAction":[{"@type":"ReadAction","target":["https:\/\/www.newslettercreator.com\/it\/aggiornamento-dalle-vecchie-versioni\/"]}]},{"@type":"BreadcrumbList","@id":"https:\/\/www.newslettercreator.com\/it\/aggiornamento-dalle-vecchie-versioni\/#breadcrumb","itemListElement":[{"@type":"ListItem","position":1,"name":"Home","item":"https:\/\/www.newslettercreator.com\/it\/"},{"@type":"ListItem","position":2,"name":"Aggiornamento dalle vecchie versioni"}]},{"@type":"WebSite","@id":"https:\/\/www.newslettercreator.com\/#website","url":"https:\/\/www.newslettercreator.com\/","name":"Newsletter Creator","description":"Pay off","potentialAction":[{"@type":"SearchAction","target":{"@type":"EntryPoint","urlTemplate":"https:\/\/www.newslettercreator.com\/?s={search_term_string}"},"query-input":{"@type":"PropertyValueSpecification","valueRequired":true,"valueName":"search_term_string"}}],"inLanguage":"it-IT"}]}},"_links":{"self":[{"href":"https:\/\/www.newslettercreator.com\/it\/wp-json\/wp\/v2\/pages\/7739","targetHints":{"allow":["GET"]}}],"collection":[{"href":"https:\/\/www.newslettercreator.com\/it\/wp-json\/wp\/v2\/pages"}],"about":[{"href":"https:\/\/www.newslettercreator.com\/it\/wp-json\/wp\/v2\/types\/page"}],"author":[{"embeddable":true,"href":"https:\/\/www.newslettercreator.com\/it\/wp-json\/wp\/v2\/users\/2"}],"replies":[{"embeddable":true,"href":"https:\/\/www.newslettercreator.com\/it\/wp-json\/wp\/v2\/comments?post=7739"}],"version-history":[{"count":7,"href":"https:\/\/www.newslettercreator.com\/it\/wp-json\/wp\/v2\/pages\/7739\/revisions"}],"predecessor-version":[{"id":7749,"href":"https:\/\/www.newslettercreator.com\/it\/wp-json\/wp\/v2\/pages\/7739\/revisions\/7749"}],"wp:attachment":[{"href":"https:\/\/www.newslettercreator.com\/it\/wp-json\/wp\/v2\/media?parent=7739"}],"curies":[{"name":"wp","href":"https:\/\/api.w.org\/{rel}","templated":true}]}}