{"id":9190,"date":"2020-01-03T09:53:06","date_gmt":"2020-01-03T09:53:06","guid":{"rendered":"https:\/\/www.newslettercreator.com\/?page_id=9190"},"modified":"2020-01-03T10:37:49","modified_gmt":"2020-01-03T10:37:49","slug":"genera-email-signature-professionali-per-gmail","status":"publish","type":"page","link":"https:\/\/www.newslettercreator.com\/it\/genera-email-signature-professionali-per-gmail\/","title":{"rendered":"Genera email signature professionali per Gmail"},"content":{"rendered":"<p><img decoding=\"async\" class=\"wp-image-9217 size-full aligncenter\" src=\"https:\/\/www.newslettercreator.com\/wp-content\/uploads\/2020\/01\/Screenshot_4.jpg\" alt=\"email signature 1\" width=\"750\" height=\"223\" srcset=\"https:\/\/www.newslettercreator.com\/wp-content\/uploads\/2020\/01\/Screenshot_4.jpg 750w, https:\/\/www.newslettercreator.com\/wp-content\/uploads\/2020\/01\/Screenshot_4-300x89.jpg 300w, https:\/\/www.newslettercreator.com\/wp-content\/uploads\/2020\/01\/Screenshot_4-636x189.jpg 636w, https:\/\/www.newslettercreator.com\/wp-content\/uploads\/2020\/01\/Screenshot_4-320x95.jpg 320w, https:\/\/www.newslettercreator.com\/wp-content\/uploads\/2020\/01\/Screenshot_4-239x71.jpg 239w\" sizes=\"(max-width: 750px) 100vw, 750px\" \/><\/p>\n<h3>Genera email signature professionali per Gmail<\/h3>\n<p>Se stai cercando <strong>modelli di firma email<\/strong> (<em>email signature<\/em>) <strong>per Gmail<\/strong>, di grande impatto visivo &#8211; ma senza che ti sia richiesto di lavorare col HTML, sei nel posto giusto. Con <strong>MailStyler<\/strong> \u00e8 possibile esportare layout pronti all&#8217;uso di vario tipo e design con pochi clic<\/p>\n<p><strong>Ma cos\u2019\u00e8 l\u2019email signature?<\/strong> \u00c8 molto di pi\u00f9 di una firma in calce al corpo del testo: \u00e8 un <strong>supporto all\u2019immagine del tuo brand<\/strong>, ne condivide stile e grafica e pu\u00f2 includere foto, testo, contatti e ogni altra informazione che correda il nome del mittente.<\/p>\n<p>A seconda delle tue esigenze, puoi preparare firme con un design di base o progetti avanzati con grafica, loghi, immagini e banner di marketing.<\/p>\n<div id=\"fluid-wrapper-counter-1\" class=\"g1-fluid-wrapper \" style=\"width:686px;\">\n<div style=\"padding-bottom:56.268221574344%;\"><iframe width=\"686\" height=\"386\" src=\"https:\/\/www.youtube.com\/embed\/T26Q59Zavek?feature=oembed&amp;wmode=transparent&amp;autohide=1&amp;autoplay=0&amp;disablekb=0&amp;fs=1&amp;loop=0&amp;enablejsapi=1&amp;rel=0&amp;controls=2&amp;showinfo=0&amp;wmode=transparent&amp;autohide=2&amp;autoplay=0&amp;disablekb=0&amp;fs=1&amp;loop=0&amp;enablejsapi=1&amp;rel=0&amp;controls=2&amp;showinfo=1\" frameborder=\"0\" allow=\"accelerometer; autoplay; encrypted-media; gyroscope; picture-in-picture\" allowfullscreen><\/iframe><\/div>\n<\/div>\n<h3>Come creare un\u2019email signature professionale<\/h3>\n<p>Quando sei all\u2019interno dell\u2019editor, <strong>per prima cosa apri un template vuoto<\/strong>. Ora seleziona \u201c<strong>Pi\u00e8 di pagina<\/strong>\u201d nella sezione \u201cBlocchi\u201d, a sinistra. Tra le molte possibilit\u00e0 di footer a tua disposizione, ne puoi trovare alcune simili agli esempi che vedi in questa pagina. Scegline uno e <strong>trascinalo all\u2019interno del tuo template<\/strong>.<\/p>\n<p style=\"text-align: center;\"><img decoding=\"async\" class=\"alignnone wp-image-9196 size-full\" src=\"https:\/\/www.newslettercreator.com\/wp-content\/uploads\/2020\/01\/Screenshot_5.jpg\" alt=\"email signature 2\" width=\"755\" height=\"245\" srcset=\"https:\/\/www.newslettercreator.com\/wp-content\/uploads\/2020\/01\/Screenshot_5.jpg 755w, https:\/\/www.newslettercreator.com\/wp-content\/uploads\/2020\/01\/Screenshot_5-300x97.jpg 300w, https:\/\/www.newslettercreator.com\/wp-content\/uploads\/2020\/01\/Screenshot_5-636x206.jpg 636w, https:\/\/www.newslettercreator.com\/wp-content\/uploads\/2020\/01\/Screenshot_5-320x104.jpg 320w, https:\/\/www.newslettercreator.com\/wp-content\/uploads\/2020\/01\/Screenshot_5-239x78.jpg 239w\" sizes=\"(max-width: 755px) 100vw, 755px\" \/><\/p>\n<p><strong>Adesso puoi dedicarti a personalizzare la firma<\/strong>. Sostituisci, sposta o rimuovi la foto e tutte le informazioni relative a telefono, email, indirizzo e ruolo ricoperto. Inserisci le icone dei social network che gestisci. Cambia i colori di fondo e il font, in modo da <strong>uniformare la firma con il tuo stile aziendale<\/strong>. Aggiungi una riga di testo che ritieni particolarmente funzionale; anche una citazione.<\/p>\n<h3>Alcuni consigli<\/h3>\n<ul>\n<li><strong>Inserisci sempre il nome del brand<\/strong> nell\u2019email signature. In questo modo, l\u2019utente assocer\u00e0 pi\u00f9 facilmente l\u2019azienda con il nome nella firma;<\/li>\n<li><strong>Specifica almeno un canale di contatto<\/strong>, per esempio il servizio di assistenza, oltre al link al sito istituzionale;<\/li>\n<li>Valuta se<strong> mostrare il logo del brand anche nella firma<\/strong>, compatibilmente con la mole e la distribuzione delle altre informazioni. Inoltre, se i tuoi profili sui social network sono aggiornati, inserisci le icone relative;<\/li>\n<li>Scegli colori e design in <strong>armonia col corpo della newsletter<\/strong>. Non riempire lo spazio della firma con informazioni superflue. Niente elenchi puntati e animazioni (es. .gif).<\/li>\n<\/ul>\n<h3>Esporta la tua email signature su Gmail<\/h3>\n<p>Se sei arrivato fino a qui, <strong>esportare la tua email signature professionale su Gmail<\/strong> \u00e8 facilissimo. Te lo spieghiamo <a title=\"\" href=\"https:\/\/www.youtube.com\/watch?v=JTUyaRD47nA\" target=\"_blank\" rel=\"noopener noreferrer\"><strong>con questo video tutorial<\/strong><\/a>. &#x1f448;<\/p>\n<p>Clicca su \u201cEsporta\u201d e poi su \u201c<strong>Esporta su Gmail<\/strong>\u201d. Ora devi fare login con il tuo account Gmail. Torna quindi su MailStyler e scegli il metodo di esportazione. L\u2019intera procedura ti <strong>porter\u00e0 via pochissimi minuti<\/strong>.<\/p>\n<p style=\"text-align: center;\"><img decoding=\"async\" class=\"alignnone wp-image-9020 size-full\" src=\"https:\/\/www.newslettercreator.com\/wp-content\/uploads\/2019\/12\/email-template-gmail.jpg\" alt=\"email template gmail\" width=\"972\" height=\"545\" srcset=\"https:\/\/www.newslettercreator.com\/wp-content\/uploads\/2019\/12\/email-template-gmail.jpg 972w, https:\/\/www.newslettercreator.com\/wp-content\/uploads\/2019\/12\/email-template-gmail-300x168.jpg 300w, https:\/\/www.newslettercreator.com\/wp-content\/uploads\/2019\/12\/email-template-gmail-768x431.jpg 768w, https:\/\/www.newslettercreator.com\/wp-content\/uploads\/2019\/12\/email-template-gmail-968x543.jpg 968w, https:\/\/www.newslettercreator.com\/wp-content\/uploads\/2019\/12\/email-template-gmail-636x357.jpg 636w, https:\/\/www.newslettercreator.com\/wp-content\/uploads\/2019\/12\/email-template-gmail-482x271.jpg 482w, https:\/\/www.newslettercreator.com\/wp-content\/uploads\/2019\/12\/email-template-gmail-320x179.jpg 320w, https:\/\/www.newslettercreator.com\/wp-content\/uploads\/2019\/12\/email-template-gmail-239x134.jpg 239w\" sizes=\"(max-width: 972px) 100vw, 972px\" \/><\/p>\n<p><strong>Tutti i link che inserisci<\/strong> nella firma, compresi quelli delle icone dei social network, <strong>vengono conservati anche dopo l\u2019esportazione<\/strong> su Gmail. Non c\u2019\u00e8 proprio niente che tu debba ancora \u201caggiustare\u201d quando vai a utilizzare la tua email signature!<\/p>\n<p>Alla fine del processo di esportazione <strong>guarda nella cartella Bozze di Gmail<\/strong>: ecco la tua email signature professionale, proprio come l\u2019avevi disegnata con MailStyler! Modifica la bozza scrivendo la tua email al di sopra della firma, inserisci i destinatari e <strong>invia il messaggio<\/strong>.<\/p>\n<p>PS. Hai creato un\u2019email signature che ti piace? <strong>Esercitati a realizzare un\u2019intera newsletter con MailStyler<\/strong>. \u00c8 altrettanto semplice e il messaggio che vuoi comunicare (compresa la tua firma) ne sar\u00e0 enormemente valorizzato. Puoi provare il software gratuitamente.<\/p>\n","protected":false},"excerpt":{"rendered":"<p>Genera email signature professionali per Gmail Se stai cercando modelli di firma email (email signature) per Gmail, di grande impatto visivo &#8211; ma senza che ti sia richiesto di lavorare col HTML, sei nel posto giusto. Con MailStyler \u00e8 possibile esportare layout pronti all&#8217;uso di vario tipo e design con pochi clic Ma cos\u2019\u00e8 l\u2019email [&hellip;]<\/p>\n","protected":false},"author":2,"featured_media":0,"parent":0,"menu_order":0,"comment_status":"closed","ping_status":"closed","template":"g1_template_page_sidebar_right.php","meta":{"inline_featured_image":false,"_monsterinsights_skip_tracking":false,"_monsterinsights_sitenote_active":false,"_monsterinsights_sitenote_note":"","_monsterinsights_sitenote_category":0,"footnotes":""},"class_list":{"0":"post-9190","1":"page","2":"type-page","3":"status-publish","5":"g1_relation_tag-email-design"},"yoast_head":"<!-- This site is optimized with the Yoast SEO plugin v25.2 - https:\/\/yoast.com\/wordpress\/plugins\/seo\/ -->\n<title>Genera email signature professionali per Gmail - Newsletter Creator<\/title>\n<meta name=\"description\" content=\"Stai cercando email signature da usare con Gmail? Con MailStyler hai a disposizione modelli di firma pronti all&#039;uso e completamente personalizzabili.\" \/>\n<meta name=\"robots\" content=\"index, follow, max-snippet:-1, max-image-preview:large, max-video-preview:-1\" \/>\n<link rel=\"canonical\" href=\"https:\/\/www.newslettercreator.com\/it\/genera-email-signature-professionali-per-gmail\/\" \/>\n<meta property=\"og:locale\" content=\"it_IT\" \/>\n<meta property=\"og:type\" content=\"article\" \/>\n<meta property=\"og:title\" content=\"Genera email signature professionali per Gmail - Newsletter Creator\" \/>\n<meta property=\"og:description\" content=\"Stai cercando email signature da usare con Gmail? Con MailStyler hai a disposizione modelli di firma pronti all&#039;uso e completamente personalizzabili.\" \/>\n<meta property=\"og:url\" content=\"https:\/\/www.newslettercreator.com\/it\/genera-email-signature-professionali-per-gmail\/\" \/>\n<meta property=\"og:site_name\" content=\"Newsletter Creator\" \/>\n<meta property=\"article:modified_time\" content=\"2020-01-03T10:37:49+00:00\" \/>\n<meta property=\"og:image\" content=\"https:\/\/www.newslettercreator.com\/wp-content\/uploads\/2020\/01\/Screenshot_4.jpg\" \/>\n<meta name=\"twitter:label1\" content=\"Tempo di lettura stimato\" \/>\n\t<meta name=\"twitter:data1\" content=\"3 minuti\" \/>\n<script type=\"application\/ld+json\" class=\"yoast-schema-graph\">{\"@context\":\"https:\/\/schema.org\",\"@graph\":[{\"@type\":\"WebPage\",\"@id\":\"https:\/\/www.newslettercreator.com\/it\/genera-email-signature-professionali-per-gmail\/\",\"url\":\"https:\/\/www.newslettercreator.com\/it\/genera-email-signature-professionali-per-gmail\/\",\"name\":\"Genera email signature professionali per Gmail - Newsletter Creator\",\"isPartOf\":{\"@id\":\"https:\/\/www.newslettercreator.com\/#website\"},\"primaryImageOfPage\":{\"@id\":\"https:\/\/www.newslettercreator.com\/it\/genera-email-signature-professionali-per-gmail\/#primaryimage\"},\"image\":{\"@id\":\"https:\/\/www.newslettercreator.com\/it\/genera-email-signature-professionali-per-gmail\/#primaryimage\"},\"thumbnailUrl\":\"https:\/\/www.newslettercreator.com\/wp-content\/uploads\/2020\/01\/Screenshot_4.jpg\",\"datePublished\":\"2020-01-03T09:53:06+00:00\",\"dateModified\":\"2020-01-03T10:37:49+00:00\",\"description\":\"Stai cercando email signature da usare con Gmail? Con MailStyler hai a disposizione modelli di firma pronti all'uso e completamente personalizzabili.\",\"breadcrumb\":{\"@id\":\"https:\/\/www.newslettercreator.com\/it\/genera-email-signature-professionali-per-gmail\/#breadcrumb\"},\"inLanguage\":\"it-IT\",\"potentialAction\":[{\"@type\":\"ReadAction\",\"target\":[\"https:\/\/www.newslettercreator.com\/it\/genera-email-signature-professionali-per-gmail\/\"]}]},{\"@type\":\"ImageObject\",\"inLanguage\":\"it-IT\",\"@id\":\"https:\/\/www.newslettercreator.com\/it\/genera-email-signature-professionali-per-gmail\/#primaryimage\",\"url\":\"https:\/\/www.newslettercreator.com\/wp-content\/uploads\/2020\/01\/Screenshot_4.jpg\",\"contentUrl\":\"https:\/\/www.newslettercreator.com\/wp-content\/uploads\/2020\/01\/Screenshot_4.jpg\"},{\"@type\":\"BreadcrumbList\",\"@id\":\"https:\/\/www.newslettercreator.com\/it\/genera-email-signature-professionali-per-gmail\/#breadcrumb\",\"itemListElement\":[{\"@type\":\"ListItem\",\"position\":1,\"name\":\"Home\",\"item\":\"https:\/\/www.newslettercreator.com\/it\/\"},{\"@type\":\"ListItem\",\"position\":2,\"name\":\"Genera email signature professionali per Gmail\"}]},{\"@type\":\"WebSite\",\"@id\":\"https:\/\/www.newslettercreator.com\/#website\",\"url\":\"https:\/\/www.newslettercreator.com\/\",\"name\":\"Newsletter Creator\",\"description\":\"Pay off\",\"potentialAction\":[{\"@type\":\"SearchAction\",\"target\":{\"@type\":\"EntryPoint\",\"urlTemplate\":\"https:\/\/www.newslettercreator.com\/?s={search_term_string}\"},\"query-input\":{\"@type\":\"PropertyValueSpecification\",\"valueRequired\":true,\"valueName\":\"search_term_string\"}}],\"inLanguage\":\"it-IT\"}]}<\/script>\n<!-- \/ Yoast SEO plugin. -->","yoast_head_json":{"title":"Genera email signature professionali per Gmail - Newsletter Creator","description":"Stai cercando email signature da usare con Gmail? Con MailStyler hai a disposizione modelli di firma pronti all'uso e completamente personalizzabili.","robots":{"index":"index","follow":"follow","max-snippet":"max-snippet:-1","max-image-preview":"max-image-preview:large","max-video-preview":"max-video-preview:-1"},"canonical":"https:\/\/www.newslettercreator.com\/it\/genera-email-signature-professionali-per-gmail\/","og_locale":"it_IT","og_type":"article","og_title":"Genera email signature professionali per Gmail - Newsletter Creator","og_description":"Stai cercando email signature da usare con Gmail? Con MailStyler hai a disposizione modelli di firma pronti all'uso e completamente personalizzabili.","og_url":"https:\/\/www.newslettercreator.com\/it\/genera-email-signature-professionali-per-gmail\/","og_site_name":"Newsletter Creator","article_modified_time":"2020-01-03T10:37:49+00:00","og_image":[{"url":"https:\/\/www.newslettercreator.com\/wp-content\/uploads\/2020\/01\/Screenshot_4.jpg","type":"","width":"","height":""}],"twitter_misc":{"Tempo di lettura stimato":"3 minuti"},"schema":{"@context":"https:\/\/schema.org","@graph":[{"@type":"WebPage","@id":"https:\/\/www.newslettercreator.com\/it\/genera-email-signature-professionali-per-gmail\/","url":"https:\/\/www.newslettercreator.com\/it\/genera-email-signature-professionali-per-gmail\/","name":"Genera email signature professionali per Gmail - Newsletter Creator","isPartOf":{"@id":"https:\/\/www.newslettercreator.com\/#website"},"primaryImageOfPage":{"@id":"https:\/\/www.newslettercreator.com\/it\/genera-email-signature-professionali-per-gmail\/#primaryimage"},"image":{"@id":"https:\/\/www.newslettercreator.com\/it\/genera-email-signature-professionali-per-gmail\/#primaryimage"},"thumbnailUrl":"https:\/\/www.newslettercreator.com\/wp-content\/uploads\/2020\/01\/Screenshot_4.jpg","datePublished":"2020-01-03T09:53:06+00:00","dateModified":"2020-01-03T10:37:49+00:00","description":"Stai cercando email signature da usare con Gmail? Con MailStyler hai a disposizione modelli di firma pronti all'uso e completamente personalizzabili.","breadcrumb":{"@id":"https:\/\/www.newslettercreator.com\/it\/genera-email-signature-professionali-per-gmail\/#breadcrumb"},"inLanguage":"it-IT","potentialAction":[{"@type":"ReadAction","target":["https:\/\/www.newslettercreator.com\/it\/genera-email-signature-professionali-per-gmail\/"]}]},{"@type":"ImageObject","inLanguage":"it-IT","@id":"https:\/\/www.newslettercreator.com\/it\/genera-email-signature-professionali-per-gmail\/#primaryimage","url":"https:\/\/www.newslettercreator.com\/wp-content\/uploads\/2020\/01\/Screenshot_4.jpg","contentUrl":"https:\/\/www.newslettercreator.com\/wp-content\/uploads\/2020\/01\/Screenshot_4.jpg"},{"@type":"BreadcrumbList","@id":"https:\/\/www.newslettercreator.com\/it\/genera-email-signature-professionali-per-gmail\/#breadcrumb","itemListElement":[{"@type":"ListItem","position":1,"name":"Home","item":"https:\/\/www.newslettercreator.com\/it\/"},{"@type":"ListItem","position":2,"name":"Genera email signature professionali per Gmail"}]},{"@type":"WebSite","@id":"https:\/\/www.newslettercreator.com\/#website","url":"https:\/\/www.newslettercreator.com\/","name":"Newsletter Creator","description":"Pay off","potentialAction":[{"@type":"SearchAction","target":{"@type":"EntryPoint","urlTemplate":"https:\/\/www.newslettercreator.com\/?s={search_term_string}"},"query-input":{"@type":"PropertyValueSpecification","valueRequired":true,"valueName":"search_term_string"}}],"inLanguage":"it-IT"}]}},"_links":{"self":[{"href":"https:\/\/www.newslettercreator.com\/it\/wp-json\/wp\/v2\/pages\/9190","targetHints":{"allow":["GET"]}}],"collection":[{"href":"https:\/\/www.newslettercreator.com\/it\/wp-json\/wp\/v2\/pages"}],"about":[{"href":"https:\/\/www.newslettercreator.com\/it\/wp-json\/wp\/v2\/types\/page"}],"author":[{"embeddable":true,"href":"https:\/\/www.newslettercreator.com\/it\/wp-json\/wp\/v2\/users\/2"}],"replies":[{"embeddable":true,"href":"https:\/\/www.newslettercreator.com\/it\/wp-json\/wp\/v2\/comments?post=9190"}],"version-history":[{"count":4,"href":"https:\/\/www.newslettercreator.com\/it\/wp-json\/wp\/v2\/pages\/9190\/revisions"}],"predecessor-version":[{"id":9239,"href":"https:\/\/www.newslettercreator.com\/it\/wp-json\/wp\/v2\/pages\/9190\/revisions\/9239"}],"wp:attachment":[{"href":"https:\/\/www.newslettercreator.com\/it\/wp-json\/wp\/v2\/media?parent=9190"}],"curies":[{"name":"wp","href":"https:\/\/api.w.org\/{rel}","templated":true}]}}