{"id":1201,"date":"2014-09-03T07:18:32","date_gmt":"2014-09-03T07:18:32","guid":{"rendered":"http:\/\/www.newslettercreator.com\/?page_id=1201"},"modified":"2021-10-15T11:47:58","modified_gmt":"2021-10-15T09:47:58","slug":"wyprobuj-darmowa-wersje","status":"publish","type":"page","link":"https:\/\/www.newslettercreator.com\/pl\/wyprobuj-darmowa-wersje\/","title":{"rendered":"Wypr\u00f3buj darmow\u0105 wersj\u0119"},"content":{"rendered":"<ul class=\"g1-grid\"><li class=\"g1-column g1-one-half g1-valign-top\">\n<p><img decoding=\"async\" width=\"457\" height=\"418\" src=\"http:\/\/www.newslettercreator.com\/wp-content\/uploads\/2014\/09\/monitor.jpg\" alt=\"Wypr\u00f3buj nasze oprogramowania kreatora Newsletter\u00f3w Za darmo\" \/><\/p>\n<\/li><!-- -->\n<li class=\"g1-column g1-one-half g1-valign-top\">\n<h1 style=\"line-height: 38px !important;\">Wypr\u00f3buj nasze oprogramowania<br \/>\nkreatora Newsletter\u00f3w<br \/>\nZa darmo<\/h1>\n<p style=\"text-align: left;\"><a class=\"button large orange\" title=\"Pobierz Demo\" href=\"http:\/\/www.newslettercreator.com\/utils\/download\/pre-download.php\" target=\"_blank\" rel=\"noopener\">POBIERZ DEMO<\/a><\/p>\n<p style=\"margin-bottom: 5px;\"><strong>Czy masz klucz licencyjny?<\/strong> <a href=\"https:\/\/www.newslettercreator.com\/download-your-mailstyler-release\/\" title=\"Czy masz klucz licencyjny? Kliknij tutaj, aby pobra\u0107\">Kliknij tutaj, aby pobra\u0107<\/a><\/p>\n<p style=\"text-align: left; font-size: 11px;\">Ostatnia wersja: 2.24.01.17 | Data Wydania: 17\/01\/2024 | Rozmiar: 114.9 MB<br \/>\n<a href=\"http:\/\/www.newslettercreator.com\/license-agreement\/\" target=\"_blank\" rel=\"noopener\">Umowa licencyjna<\/a> | <a href=\"http:\/\/www.newslettercreator.com\/how-to-uninstall\/\" target=\"_blank\" rel=\"noopener\">Jak odinstalowa\u0107<\/a><\/p>\n<p><img decoding=\"async\" width=\"196\" height=\"24\" src=\"http:\/\/www.newslettercreator.com\/wp-content\/uploads\/2015\/07\/windows-10-ready.jpg\" alt=\"MailStyler jest gotowy do systemu Windows 10\"><\/p>\n<p><strong><i class=\"fa fa-apple fa-2x\"><\/i> U\u017cytkownik Mac?<\/strong> <a href=\"http:\/\/www.newslettercreator.com\/using-mailstyler-on-mac\/\" title=\"MailStyler Mac\">Sprawd\u017a tutaj&#8230;<\/a><\/p>\n<\/li><!-- --><\/ul>\n<p><strong>Darmowe demo<\/strong> MailStyler pozwala ci na wypr\u00f3bowanie wszystkich opcji aplikacji; ale wszystkie wyeksportowane pliki HTML b\u0119d\u0105 zakodowane. Ale mo\u017cesz zawsze wypr\u00f3bowa\u0107 je w dowolnym kliencie poczty lub oprogramowaniu do marketingu \u017ceby zobaczy\u0107 jak dzia\u0142a MailStyler.<br \/>\nOtrzymasz r\u00f3wnie\u017c dost\u0119p do naszej podstawowej <strong>biblioteki zdj\u0119\u0107<\/strong> (2000+  zdj\u0119\u0107, 200+ bez znaku wodnego).<\/p>\n<p>Oczywi\u015bci zawsze mo\u017cesz skorzysta\u0107 z pe\u0142nej wersji program, dokonuj\u0105c w dowolnym momencie, <strong>aktualizacji<\/strong> do <a href=\"http:\/\/www.newslettercreator.com\/pl\/cennik\/\" title=\"MailStyler cennik\">Wersji Basic lub Pro version<\/a>, otrzymuj\u0105c kod rejestracji i  <a title=\"registration and upgrade\" href=\"http:\/\/www.newslettercreator.com\/registration-upgrade\">wprowadzaj\u0105c go do  MailStyler<\/a>. To kwestia sekund.<\/p>\n<p>&nbsp;<\/p>\n<h2>Wymagania Systemowe<\/h2>\n<ul class=\"g1-grid\"><li class=\"g1-column g1-one-half g1-valign-top\">\n<p><strong>Oprogramowanie<\/strong><\/p>\n<ul>\n<li>Windows 8 lub nowszy, Windows Server 2016 lub nowszy.<\/li>\n<li>Internet Explorer 8 lub nowszy.<\/li>\n<li>.NET Framework 3.5 SP1.<\/li>\n<li>x86 PC lub x64 PC z zainstalowanym WoW64.<\/li>\n<\/ul>\n<\/li><!-- -->\n<li class=\"g1-column g1-one-half g1-valign-top\">\n<p><strong>Sprz\u0119t<\/strong><\/p>\n<ul>\n<li>1 GHZ CPU<\/li>\n<li>1 GB RAM<\/li>\n<li>Monitor 1366 x 768<\/li>\n<li>Po\u0142\u0105czenie internetowe<\/li>\n<\/ul>\n<\/li><!-- --><\/ul>\n<p><small>UWAGA: Internet Explorer 8 oraz Framework 3.5 zostan\u0105 zainstalowane w trakcie instalacji MailStyler, je\u017celi b\u0119dzie taka konieczno\u015b\u0107.<\/small><\/p>\n","protected":false},"excerpt":{"rendered":"<p>Darmowe demo MailStyler pozwala ci na wypr\u00f3bowanie wszystkich opcji aplikacji; ale wszystkie wyeksportowane pliki HTML b\u0119d\u0105 zakodowane. Ale mo\u017cesz zawsze wypr\u00f3bowa\u0107 je w dowolnym kliencie poczty lub oprogramowaniu do marketingu \u017ceby zobaczy\u0107 jak dzia\u0142a MailStyler. Otrzymasz r\u00f3wnie\u017c dost\u0119p do naszej podstawowej biblioteki zdj\u0119\u0107 (2000+ zdj\u0119\u0107, 200+ bez znaku wodnego). Oczywi\u015bci zawsze mo\u017cesz skorzysta\u0107 z pe\u0142nej [&hellip;]<\/p>\n","protected":false},"author":1,"featured_media":0,"parent":0,"menu_order":0,"comment_status":"closed","ping_status":"closed","template":"","meta":{"inline_featured_image":false,"_monsterinsights_skip_tracking":false,"_monsterinsights_sitenote_active":false,"_monsterinsights_sitenote_note":"","_monsterinsights_sitenote_category":0,"footnotes":""},"class_list":["post-1201","page","type-page","status-publish"],"yoast_head":"<!-- This site is optimized with the Yoast SEO plugin v25.2 - https:\/\/yoast.com\/wordpress\/plugins\/seo\/ -->\n<title>Wypr\u00f3buj darmow\u0105 wersj\u0119 - Newsletter Creator<\/title>\n<meta name=\"robots\" content=\"index, follow, max-snippet:-1, max-image-preview:large, max-video-preview:-1\" \/>\n<link rel=\"canonical\" href=\"https:\/\/www.newslettercreator.com\/pl\/wyprobuj-darmowa-wersje\/\" \/>\n<meta property=\"og:locale\" content=\"pl_PL\" \/>\n<meta property=\"og:type\" content=\"article\" \/>\n<meta property=\"og:title\" content=\"Wypr\u00f3buj darmow\u0105 wersj\u0119 - Newsletter Creator\" \/>\n<meta property=\"og:description\" content=\"Darmowe demo MailStyler pozwala ci na wypr\u00f3bowanie wszystkich opcji aplikacji; ale wszystkie wyeksportowane pliki HTML b\u0119d\u0105 zakodowane. Ale mo\u017cesz zawsze wypr\u00f3bowa\u0107 je w dowolnym kliencie poczty lub oprogramowaniu do marketingu \u017ceby zobaczy\u0107 jak dzia\u0142a MailStyler. Otrzymasz r\u00f3wnie\u017c dost\u0119p do naszej podstawowej biblioteki zdj\u0119\u0107 (2000+ zdj\u0119\u0107, 200+ bez znaku wodnego). Oczywi\u015bci zawsze mo\u017cesz skorzysta\u0107 z pe\u0142nej [&hellip;]\" \/>\n<meta property=\"og:url\" content=\"https:\/\/www.newslettercreator.com\/pl\/wyprobuj-darmowa-wersje\/\" \/>\n<meta property=\"og:site_name\" content=\"Newsletter Creator\" \/>\n<meta property=\"article:modified_time\" content=\"2021-10-15T09:47:58+00:00\" \/>\n<meta property=\"og:image\" content=\"http:\/\/www.newslettercreator.com\/wp-content\/uploads\/2014\/09\/monitor.jpg\" \/>\n<meta name=\"twitter:label1\" content=\"Szacowany czas czytania\" \/>\n\t<meta name=\"twitter:data1\" content=\"1 minuta\" \/>\n<script type=\"application\/ld+json\" class=\"yoast-schema-graph\">{\"@context\":\"https:\/\/schema.org\",\"@graph\":[{\"@type\":\"WebPage\",\"@id\":\"https:\/\/www.newslettercreator.com\/pl\/wyprobuj-darmowa-wersje\/\",\"url\":\"https:\/\/www.newslettercreator.com\/pl\/wyprobuj-darmowa-wersje\/\",\"name\":\"Wypr\u00f3buj darmow\u0105 wersj\u0119 - Newsletter Creator\",\"isPartOf\":{\"@id\":\"https:\/\/www.newslettercreator.com\/#website\"},\"primaryImageOfPage\":{\"@id\":\"https:\/\/www.newslettercreator.com\/pl\/wyprobuj-darmowa-wersje\/#primaryimage\"},\"image\":{\"@id\":\"https:\/\/www.newslettercreator.com\/pl\/wyprobuj-darmowa-wersje\/#primaryimage\"},\"thumbnailUrl\":\"http:\/\/www.newslettercreator.com\/wp-content\/uploads\/2014\/09\/monitor.jpg\",\"datePublished\":\"2014-09-03T07:18:32+00:00\",\"dateModified\":\"2021-10-15T09:47:58+00:00\",\"breadcrumb\":{\"@id\":\"https:\/\/www.newslettercreator.com\/pl\/wyprobuj-darmowa-wersje\/#breadcrumb\"},\"inLanguage\":\"pl-PL\",\"potentialAction\":[{\"@type\":\"ReadAction\",\"target\":[\"https:\/\/www.newslettercreator.com\/pl\/wyprobuj-darmowa-wersje\/\"]}]},{\"@type\":\"ImageObject\",\"inLanguage\":\"pl-PL\",\"@id\":\"https:\/\/www.newslettercreator.com\/pl\/wyprobuj-darmowa-wersje\/#primaryimage\",\"url\":\"http:\/\/www.newslettercreator.com\/wp-content\/uploads\/2014\/09\/monitor.jpg\",\"contentUrl\":\"http:\/\/www.newslettercreator.com\/wp-content\/uploads\/2014\/09\/monitor.jpg\"},{\"@type\":\"BreadcrumbList\",\"@id\":\"https:\/\/www.newslettercreator.com\/pl\/wyprobuj-darmowa-wersje\/#breadcrumb\",\"itemListElement\":[{\"@type\":\"ListItem\",\"position\":1,\"name\":\"Home\",\"item\":\"https:\/\/www.newslettercreator.com\/pl\/\"},{\"@type\":\"ListItem\",\"position\":2,\"name\":\"Wypr\u00f3buj darmow\u0105 wersj\u0119\"}]},{\"@type\":\"WebSite\",\"@id\":\"https:\/\/www.newslettercreator.com\/#website\",\"url\":\"https:\/\/www.newslettercreator.com\/\",\"name\":\"Newsletter Creator\",\"description\":\"Pay off\",\"potentialAction\":[{\"@type\":\"SearchAction\",\"target\":{\"@type\":\"EntryPoint\",\"urlTemplate\":\"https:\/\/www.newslettercreator.com\/?s={search_term_string}\"},\"query-input\":{\"@type\":\"PropertyValueSpecification\",\"valueRequired\":true,\"valueName\":\"search_term_string\"}}],\"inLanguage\":\"pl-PL\"}]}<\/script>\n<!-- \/ Yoast SEO plugin. -->","yoast_head_json":{"title":"Wypr\u00f3buj darmow\u0105 wersj\u0119 - Newsletter Creator","robots":{"index":"index","follow":"follow","max-snippet":"max-snippet:-1","max-image-preview":"max-image-preview:large","max-video-preview":"max-video-preview:-1"},"canonical":"https:\/\/www.newslettercreator.com\/pl\/wyprobuj-darmowa-wersje\/","og_locale":"pl_PL","og_type":"article","og_title":"Wypr\u00f3buj darmow\u0105 wersj\u0119 - Newsletter Creator","og_description":"Darmowe demo MailStyler pozwala ci na wypr\u00f3bowanie wszystkich opcji aplikacji; ale wszystkie wyeksportowane pliki HTML b\u0119d\u0105 zakodowane. Ale mo\u017cesz zawsze wypr\u00f3bowa\u0107 je w dowolnym kliencie poczty lub oprogramowaniu do marketingu \u017ceby zobaczy\u0107 jak dzia\u0142a MailStyler. Otrzymasz r\u00f3wnie\u017c dost\u0119p do naszej podstawowej biblioteki zdj\u0119\u0107 (2000+ zdj\u0119\u0107, 200+ bez znaku wodnego). Oczywi\u015bci zawsze mo\u017cesz skorzysta\u0107 z pe\u0142nej [&hellip;]","og_url":"https:\/\/www.newslettercreator.com\/pl\/wyprobuj-darmowa-wersje\/","og_site_name":"Newsletter Creator","article_modified_time":"2021-10-15T09:47:58+00:00","og_image":[{"url":"http:\/\/www.newslettercreator.com\/wp-content\/uploads\/2014\/09\/monitor.jpg","type":"","width":"","height":""}],"twitter_misc":{"Szacowany czas czytania":"1 minuta"},"schema":{"@context":"https:\/\/schema.org","@graph":[{"@type":"WebPage","@id":"https:\/\/www.newslettercreator.com\/pl\/wyprobuj-darmowa-wersje\/","url":"https:\/\/www.newslettercreator.com\/pl\/wyprobuj-darmowa-wersje\/","name":"Wypr\u00f3buj darmow\u0105 wersj\u0119 - Newsletter Creator","isPartOf":{"@id":"https:\/\/www.newslettercreator.com\/#website"},"primaryImageOfPage":{"@id":"https:\/\/www.newslettercreator.com\/pl\/wyprobuj-darmowa-wersje\/#primaryimage"},"image":{"@id":"https:\/\/www.newslettercreator.com\/pl\/wyprobuj-darmowa-wersje\/#primaryimage"},"thumbnailUrl":"http:\/\/www.newslettercreator.com\/wp-content\/uploads\/2014\/09\/monitor.jpg","datePublished":"2014-09-03T07:18:32+00:00","dateModified":"2021-10-15T09:47:58+00:00","breadcrumb":{"@id":"https:\/\/www.newslettercreator.com\/pl\/wyprobuj-darmowa-wersje\/#breadcrumb"},"inLanguage":"pl-PL","potentialAction":[{"@type":"ReadAction","target":["https:\/\/www.newslettercreator.com\/pl\/wyprobuj-darmowa-wersje\/"]}]},{"@type":"ImageObject","inLanguage":"pl-PL","@id":"https:\/\/www.newslettercreator.com\/pl\/wyprobuj-darmowa-wersje\/#primaryimage","url":"http:\/\/www.newslettercreator.com\/wp-content\/uploads\/2014\/09\/monitor.jpg","contentUrl":"http:\/\/www.newslettercreator.com\/wp-content\/uploads\/2014\/09\/monitor.jpg"},{"@type":"BreadcrumbList","@id":"https:\/\/www.newslettercreator.com\/pl\/wyprobuj-darmowa-wersje\/#breadcrumb","itemListElement":[{"@type":"ListItem","position":1,"name":"Home","item":"https:\/\/www.newslettercreator.com\/pl\/"},{"@type":"ListItem","position":2,"name":"Wypr\u00f3buj darmow\u0105 wersj\u0119"}]},{"@type":"WebSite","@id":"https:\/\/www.newslettercreator.com\/#website","url":"https:\/\/www.newslettercreator.com\/","name":"Newsletter Creator","description":"Pay off","potentialAction":[{"@type":"SearchAction","target":{"@type":"EntryPoint","urlTemplate":"https:\/\/www.newslettercreator.com\/?s={search_term_string}"},"query-input":{"@type":"PropertyValueSpecification","valueRequired":true,"valueName":"search_term_string"}}],"inLanguage":"pl-PL"}]}},"_links":{"self":[{"href":"https:\/\/www.newslettercreator.com\/pl\/wp-json\/wp\/v2\/pages\/1201","targetHints":{"allow":["GET"]}}],"collection":[{"href":"https:\/\/www.newslettercreator.com\/pl\/wp-json\/wp\/v2\/pages"}],"about":[{"href":"https:\/\/www.newslettercreator.com\/pl\/wp-json\/wp\/v2\/types\/page"}],"author":[{"embeddable":true,"href":"https:\/\/www.newslettercreator.com\/pl\/wp-json\/wp\/v2\/users\/1"}],"replies":[{"embeddable":true,"href":"https:\/\/www.newslettercreator.com\/pl\/wp-json\/wp\/v2\/comments?post=1201"}],"version-history":[{"count":12,"href":"https:\/\/www.newslettercreator.com\/pl\/wp-json\/wp\/v2\/pages\/1201\/revisions"}],"predecessor-version":[{"id":11511,"href":"https:\/\/www.newslettercreator.com\/pl\/wp-json\/wp\/v2\/pages\/1201\/revisions\/11511"}],"wp:attachment":[{"href":"https:\/\/www.newslettercreator.com\/pl\/wp-json\/wp\/v2\/media?parent=1201"}],"curies":[{"name":"wp","href":"https:\/\/api.w.org\/{rel}","templated":true}]}}