{"id":1207,"date":"2014-09-03T07:31:10","date_gmt":"2014-09-03T07:31:10","guid":{"rendered":"http:\/\/www.newslettercreator.com\/?page_id=1207"},"modified":"2021-05-26T14:28:21","modified_gmt":"2021-05-26T12:28:21","slug":"dlaczego-mailstyler","status":"publish","type":"page","link":"https:\/\/www.newslettercreator.com\/pl\/dlaczego-mailstyler\/","title":{"rendered":"Dlaczego  MailStyler"},"content":{"rendered":"<ul class=\"g1-grid\"><li class=\"g1-column g1-one-half g1-valign-top\">\n<p>\u2022\tW celu stworzenia wiadomo\u015bci email, kt\u00f3re zawsze b\u0119d\u0105 si\u0119 <strong>poprawnie renderowa\u0142y<\/strong> w dowolnym kliencie poczty, czy to w komputerze czy na urz\u0105dzeniu mobilnym, a dodatkowo wykorzysta\u0107 technologie responsywne, jest krytyczne skorzystanie z <strong>dedykowanej<\/strong> aplikacji. Zwyk\u0142e edytory, kt\u00f3re mo\u017cna znale\u017a\u0107 w Internecie lub zwyk\u0142e programy komputerowe jak Outlook, nie b\u0119d\u0105 w stanie stworzy\u0107 wiadomo\u015bci, kt\u00f3re b\u0119d\u0105 si\u0119 <strong>renderowa\u0107 poprawnie w ka\u017cdym miejscu<\/strong>.<\/p>\n<p>Dlaczego powinienem wybra\u0107 MailStyler zamiast innego edytora wiadomo\u015bci email?<\/p>\n<p>Poniewa\u017c Mailstyler to jedyna prawdziwa aplikacja dla komputera osobistego, kt\u00f3ra jest \u0142atwa w u\u017cyciu, profesjonalna i dedukowana w zarz\u0105dzaniu zawarto\u015bci\u0105 wiadomo\u015bci email oraz newslettera. To us\u0142uga offline i nie potrzebuje do pracy sta\u0142ego po\u0142\u0105czenia z Internetem, nie zwalania i nie ma problem z kompatybilno\u015bci\u0105. Zarz\u0105dza zdj\u0119ciami w absolutnie unikalny spos\u00f3b i daje idealne rezultaty za ka\u017cdym razem.<br \/>\n<\/li><!-- -->\n<li class=\"g1-column g1-one-half g1-valign-top\">\n<p style=\"text-align: center; margin-bottom: 0px;\"><img decoding=\"async\" src=\"http:\/\/www.newslettercreator.com\/wp-content\/uploads\/2014\/09\/monitor.jpg\" alt=\"Dlaczego  MailStyler\" width=\"423\" height=\"311\" \/><\/p>\n<\/li><!-- --><\/ul>\n<p style=\"text-align: center;\"><a class=\"button large orange\" style=\"margin-top: 20px; width: 157px; margin-right: 30px;\" title=\"Pobierz Demo\" href=\"http:\/\/www.newslettercreator.com\/pl\/wyprobuj-darmowa-wersje\/\" target=\"_self\" rel=\"noopener\">POBIERZ DEMO<\/a><a class=\"button large darkgray\" style=\"margin-top: 20px; width: 157px;\" title=\"Kup Mailstyler Pro\" href=\"http:\/\/www.newslettercreator.com\/pl\/cennik\/\" target=\"_self\" rel=\"noopener\">KUP MAILSTYLER PRO<\/a><\/p>\n<p style=\"text-align: center; font-size: 11px;\">Ostatnia wersja: 2.24.01.17 | Data Wydania: 17\/01\/2024 | Rozmiar: 114.9 MB<br \/>\n<a href=\"http:\/\/www.newslettercreator.com\/license-agreement\/\" target=\"_blank\" rel=\"noopener\">Umowa licencyjna<\/a> | <a href=\"http:\/\/www.newslettercreator.com\/how-to-uninstall\/\" target=\"_blank\" rel=\"noopener\">Jak odinstalowa\u0107<\/a><\/p>\n<p>&nbsp;<\/p>\n<h2>Oto, co czyni Mailstyler najlepszym wyborem:<\/h2>\n<ul class=\"g1-grid\"><li class=\"g1-column g1-one-half g1-valign-top\"><br \/>\n<div id=\"g1-box-counter-1\" class=\"g1-box g1-box--solid  g1-box--icon\" ><i class=\"fa fa-bolt g1-box__icon\"><\/i><div class=\"g1-box__inner\">\n<h3 style=\"font-size: 19px; font-weight: 500!important;\">Pr\u0119dko\u015b\u0107 i stabilno\u015b\u0107 aplikacji komputera osobistego<\/h3>\n<p>Instaluj\u0105c MailStyler na swoim komputerze PC nie b\u0119dziesz mia\u0142 problem\u00f3w z tytu\u0142u spowolnia, d\u0142ugich czas\u00f3w odpowiedzi przy \u0142adowaniu zdj\u0119\u0107, b\u0142\u0119dami w trakcie pracy i niezgodno\u015bci przegl\u0105darek \u2013 wszystkich typowych problem\u00f3w, kt\u00f3re mog\u0105 wyst\u0105pi\u0107 w Internecie. Mailstyler daje Ci stabilno\u015b\u0107 i pr\u0119dko\u015b\u0107, zdj\u0119cia si\u0119 \u0142aduj\u0105 stale a wszystkie operacje na zawarto\u015bci s\u0105 widoczne w czasie rzeczywistym, bez op\u00f3\u017anie\u0144 przy wolniejszym po\u0142\u0105czeniu internetowym lub przegl\u0105darce.<br \/>\n<\/div><\/div><br \/>\n<\/li><!-- -->\n<li class=\"g1-column g1-one-half g1-valign-top\"><br \/>\n<div id=\"g1-box-counter-2\" class=\"g1-box g1-box--solid  g1-box--icon\" ><i class=\"fa fa-code-fork g1-box__icon\"><\/i><div class=\"g1-box__inner\">\n<h3 style=\"font-size: 19px; font-weight: 500!important;\">Mo\u017cesz pracowa\u0107 bez po\u0142\u0105czenia<\/h3>\n<p>MailStyler dzia\u0142a na laptopie lub komputerze i dlatego jest zawsze gotowy do dzia\u0142ania; mo\u017cesz pracowa\u0107 nad swoim newsletterem gdzie chcesz i kiedy chcesz, nawet, gdy nie masz po\u0142\u0105czenia z Internetem, bez obawy o spowolnienie lub prze\u0142adowanie serwera. \u0141adowanie zdj\u0119\u0107 lub modyfikowanie Twojego projektu nie spowolni Twojego po\u0142\u0105czenia, a tym samym nie b\u0119dziesz nara\u017cony na ryzyko b\u0142\u0119du w trakcie pracy.<br \/>&nbsp;<br \/>&nbsp;<br \/>\n<\/div><\/div><br \/>\n<\/li><!-- --><\/ul>\n<ul class=\"g1-grid\"><li class=\"g1-column g1-one-half g1-valign-top\"><br \/>\n<div id=\"g1-box-counter-3\" class=\"g1-box g1-box--solid  g1-box--icon\" ><i class=\"fa fa-rocket g1-box__icon\"><\/i><div class=\"g1-box__inner\">\n<h3 style=\"font-size: 19px; font-weight: 500!important;\">Elastyczno\u015b\u0107 i moc profesjonalnego narz\u0119dzia <\/h3>\n<p>Zazwyczaj przeci\u0105gnij i upu\u015b\u0107 w edytorze online jest zaprojektowana dla pocz\u0105tkuj\u0105cych u\u017cytkownik\u00f3w, po\u015bwi\u0119caj\u0105c moc i mo\u017cliwo\u015bci, w zamian za \u0142atwo\u015b\u0107 u\u017cycia; MailStyler zamiast tego adoptuje technologi\u0119, kt\u00f3ra pozwala ci na przeci\u0105gnij i upu\u015b\u0107, elastyczno\u015b\u0107, moc i nieograniczon\u0105 dowolno\u015b\u0107 profesjonalnego narz\u0119dzia. Kolory, przyciski, kszta\u0142ty, style: to wszystko mo\u017ce zosta\u0107 zmodyfikowane, a nast\u0119pnie zapisane, jako Tw\u00f3j styl i ponownie u\u017cyte jednym klikni\u0119ciem.<br \/>\n<\/div><\/div><br \/>\n<\/li><!-- -->\n<li class=\"g1-column g1-one-half g1-valign-top\"><br \/>\n<div id=\"g1-box-counter-4\" class=\"g1-box g1-box--solid  g1-box--icon\" ><i class=\"fa fa-picture-o g1-box__icon\"><\/i><div class=\"g1-box__inner\">\n<h3 style=\"font-size: 19px; font-weight: 500!important;\">Szybkie i sprytne zarz\u0105dzanie zdj\u0119ciami <\/h3>\n<p>Mailstyler mo\u017ce pracowa\u0107 ze zdj\u0119ciami z dowolnego \u017ar\u00f3d\u0142a. Nawet rozmiary bardzo du\u017cych plik\u00f3w mog\u0105 zosta\u0107 dostosowane dzi\u0119ki sprytnemu narz\u0119dziu przytnij &#038; dopasuj; zostanie ono idealnie dopasowane do wiadomo\u015bci nie niszcz\u0105c jej struktury, co wi\u0119cej nie musisz korzysta\u0107 z zewn\u0119trznego oprogramowania jak Photoshop. Zdj\u0119cia s\u0105 od razu kompresowane i optymalizowane pod k\u0105tem rozmiaru, co jest bardzo istotne dla wiadomo\u015bci email.<br \/>&nbsp;<br \/>\n<\/div><\/div><br \/>\n<\/li><!-- --><\/ul>\n<ul class=\"g1-grid\"><li class=\"g1-column g1-one-half g1-valign-top\"><br \/>\n<div id=\"g1-box-counter-5\" class=\"g1-box g1-box--solid  g1-box--icon\" ><i class=\"fa fa-cloud-download g1-box__icon\"><\/i><div class=\"g1-box__inner\">\n<h3 style=\"font-size: 19px; font-weight: 500!important;\">Zintegrowana Chmura <\/h3>\n<p>Mailstyler Pro daje dedykowan\u0105 przestrze\u0144 w chmurze dla Twoich newsletter\u00f3w i je\u017celi jest taka potrzeba mo\u017ce automatycznie zapisywa\u0107 zdj\u0119cia Twojego newslettera. Pozwala ci to na zarz\u0105dzanie zdj\u0119ciami bez konieczno\u015bci za\u0142adowania na Tw\u00f3j serwer: zapisuj\u0105 si\u0119, gdy potrzeba, gdzie czas i przepustowo\u015b\u0107 w trakcie wysy\u0142ki s\u0105 mocno wykorzystywane. Dodatkowo nie jeste\u015b nara\u017cony na ryzyko utraty swoich zdj\u0119\u0107 lub zmiany \u015bcie\u017cki, co mo\u017ce spowodowa\u0107 problemy z renderowaniem.<br \/>\n<\/div><\/div><br \/>\n<\/li><!-- -->\n<li class=\"g1-column g1-one-half g1-valign-top\"><br \/>\n<div id=\"g1-box-counter-6\" class=\"g1-box g1-box--solid  g1-box--icon\" ><i class=\"fa fa-sitemap g1-box__icon\"><\/i><div class=\"g1-box__inner\">\n<h3 style=\"font-size: 19px; font-weight: 500!important;\">Mo\u017cliwo\u015b\u0107 pracy z wieloma projektami jednocze\u015bnie bez \u017cadnych ogranicze\u0144<\/h3>\n<p>MailStyler to jedyne oprogramowanie maj\u0105 mo\u017cliwo\u015b\u0107 pracy z wieloma projektami w tym samym momencie i zapisywania ich lokalnie. Mo\u017cesz je potem otworzy\u0107 ponownie, edytowa\u0107, zapisa\u0107 zmiany, zrobi\u0107 kopie bez utraty, czegokolwiek z wcze\u015bniejszej pracy. Z MailStyler nie masz \u017cadnych limit\u00f3w edycji, a dzi\u0119ki mo\u017cliwo\u015bci pracy w trybie offline mo\u017cesz sprawdzi\u0107 sw\u00f3j projekt nawet, gdy nie masz po\u0142\u0105czenia z Internetem.<br \/>\n<\/div><\/div><br \/>\n<\/li><!-- --><\/ul>\n<ul class=\"g1-grid\"><li class=\"g1-column g1-one-half g1-valign-top\"><br \/>\n<div id=\"g1-box-counter-7\" class=\"g1-box g1-box--solid  g1-box--icon\" ><i class=\"fa fa-search g1-box__icon\"><\/i><div class=\"g1-box__inner\">\n<h3 style=\"font-size: 19px; font-weight: 500!important;\">Poprawny email w ka\u017cdym programie pocztowym&#8230;<\/h3>\n<p>Wszystkie newslettery i wzorce stworzone z MailStyler mo\u017cna poprawnie czyta\u0107 na komputerze PC oraz urz\u0105dzeniach mobilnych. Nasi programi\u015bci stale aktualizuj\u0105 silnik program tak, aby by\u0142 zgodny z ka\u017cd\u0105 zmian\u0105 w programach pocztowych. Co wi\u0119cej MailStyler sprawdzi wszystkie Twoje wiadomo\u015bci z us\u0142ugami takimi jak <a href=\"http:\/\/www.newslettercreator.com\/litmus-email-testing\/\" title=\"Litmus email testing\">Litmus<\/a> i <a href=\"http:\/\/www.newslettercreator.com\/email-on-acid\/\" title=\"No more Email on Acid testing\">EmailOnAcid<\/a> (narz\u0119dzia weryfikuj\u0105ce projekt newslettera) w celu upewnienia si\u0119, \u017ce b\u0119d\u0105 si\u0119 renderowa\u0107 poprawnie na ka\u017cdym urz\u0105dzeniu<br \/>\n<\/div><\/div><br \/>\n<\/li><!-- -->\n<li class=\"g1-column g1-one-half g1-valign-top\"><br \/>\n<div id=\"g1-box-counter-8\" class=\"g1-box g1-box--solid  g1-box--icon\" ><i class=\"fa fa-tablet g1-box__icon\"><\/i><div class=\"g1-box__inner\">\n<h3 style=\"font-size: 19px; font-weight: 500!important;\">&#8230; I na ka\u017cdym urz\u0105dzeniu dzi\u0119ki responsywno\u015bci<\/h3>\n<p>Z MailStyler mo\u017cesz tworzy\u0107 wiadomo\u015bci pocztowe, kt\u00f3re s\u0105 w 100% responsywne: oznacza to, \u017ce Tw\u00f3j newsletter automatycznie si\u0119 dopasuje do ma\u0142ego rozmiaru Twojego smartfona. Nie wa\u017cne gdzie zostanie otwarty, na telefonie, tablecie czy komputerze PC, Tw\u00f3j email zawsze b\u0119dzie \u0142atwy do czytania i zawsze idealnie zrenderowany. Dzi\u0119ki temu masz pewno\u015b\u0107, \u017ce dotrzesz do szerokiego grona odbiorc\u00f3w i wzbudzisz wi\u0119ksze zainteresowanie.<br \/>\n<\/div><\/div><br \/>\n<\/li><!-- --><\/ul>\n","protected":false},"excerpt":{"rendered":"<p>POBIERZ DEMOKUP MAILSTYLER PRO Ostatnia wersja: | Data Wydania: | Rozmiar: MB Umowa licencyjna | Jak odinstalowa\u0107 &nbsp; Oto, co czyni Mailstyler najlepszym wyborem:<\/p>\n","protected":false},"author":1,"featured_media":0,"parent":0,"menu_order":0,"comment_status":"closed","ping_status":"closed","template":"","meta":{"inline_featured_image":false,"_monsterinsights_skip_tracking":false,"_monsterinsights_sitenote_active":false,"_monsterinsights_sitenote_note":"","_monsterinsights_sitenote_category":0,"footnotes":""},"class_list":["post-1207","page","type-page","status-publish"],"yoast_head":"<!-- This site is optimized with the Yoast SEO plugin v25.2 - https:\/\/yoast.com\/wordpress\/plugins\/seo\/ -->\n<title>Dlaczego MailStyler - Newsletter Creator<\/title>\n<meta name=\"robots\" content=\"index, follow, max-snippet:-1, max-image-preview:large, max-video-preview:-1\" \/>\n<link rel=\"canonical\" href=\"https:\/\/www.newslettercreator.com\/pl\/dlaczego-mailstyler\/\" \/>\n<meta property=\"og:locale\" content=\"pl_PL\" \/>\n<meta property=\"og:type\" content=\"article\" \/>\n<meta property=\"og:title\" content=\"Dlaczego MailStyler - Newsletter Creator\" \/>\n<meta property=\"og:description\" content=\"POBIERZ DEMOKUP MAILSTYLER PRO Ostatnia wersja: | Data Wydania: | Rozmiar: MB Umowa licencyjna | Jak odinstalowa\u0107 &nbsp; Oto, co czyni Mailstyler najlepszym wyborem:\" \/>\n<meta property=\"og:url\" content=\"https:\/\/www.newslettercreator.com\/pl\/dlaczego-mailstyler\/\" \/>\n<meta property=\"og:site_name\" content=\"Newsletter Creator\" \/>\n<meta property=\"article:modified_time\" content=\"2021-05-26T12:28:21+00:00\" \/>\n<meta property=\"og:image\" content=\"http:\/\/www.newslettercreator.com\/wp-content\/uploads\/2014\/09\/monitor.jpg\" \/>\n<meta name=\"twitter:label1\" content=\"Szacowany czas czytania\" \/>\n\t<meta name=\"twitter:data1\" content=\"5 minut\" \/>\n<script type=\"application\/ld+json\" class=\"yoast-schema-graph\">{\"@context\":\"https:\/\/schema.org\",\"@graph\":[{\"@type\":\"WebPage\",\"@id\":\"https:\/\/www.newslettercreator.com\/pl\/dlaczego-mailstyler\/\",\"url\":\"https:\/\/www.newslettercreator.com\/pl\/dlaczego-mailstyler\/\",\"name\":\"Dlaczego MailStyler - Newsletter Creator\",\"isPartOf\":{\"@id\":\"https:\/\/www.newslettercreator.com\/#website\"},\"primaryImageOfPage\":{\"@id\":\"https:\/\/www.newslettercreator.com\/pl\/dlaczego-mailstyler\/#primaryimage\"},\"image\":{\"@id\":\"https:\/\/www.newslettercreator.com\/pl\/dlaczego-mailstyler\/#primaryimage\"},\"thumbnailUrl\":\"http:\/\/www.newslettercreator.com\/wp-content\/uploads\/2014\/09\/monitor.jpg\",\"datePublished\":\"2014-09-03T07:31:10+00:00\",\"dateModified\":\"2021-05-26T12:28:21+00:00\",\"breadcrumb\":{\"@id\":\"https:\/\/www.newslettercreator.com\/pl\/dlaczego-mailstyler\/#breadcrumb\"},\"inLanguage\":\"pl-PL\",\"potentialAction\":[{\"@type\":\"ReadAction\",\"target\":[\"https:\/\/www.newslettercreator.com\/pl\/dlaczego-mailstyler\/\"]}]},{\"@type\":\"ImageObject\",\"inLanguage\":\"pl-PL\",\"@id\":\"https:\/\/www.newslettercreator.com\/pl\/dlaczego-mailstyler\/#primaryimage\",\"url\":\"http:\/\/www.newslettercreator.com\/wp-content\/uploads\/2014\/09\/monitor.jpg\",\"contentUrl\":\"http:\/\/www.newslettercreator.com\/wp-content\/uploads\/2014\/09\/monitor.jpg\"},{\"@type\":\"BreadcrumbList\",\"@id\":\"https:\/\/www.newslettercreator.com\/pl\/dlaczego-mailstyler\/#breadcrumb\",\"itemListElement\":[{\"@type\":\"ListItem\",\"position\":1,\"name\":\"Home\",\"item\":\"https:\/\/www.newslettercreator.com\/pl\/\"},{\"@type\":\"ListItem\",\"position\":2,\"name\":\"Dlaczego MailStyler\"}]},{\"@type\":\"WebSite\",\"@id\":\"https:\/\/www.newslettercreator.com\/#website\",\"url\":\"https:\/\/www.newslettercreator.com\/\",\"name\":\"Newsletter Creator\",\"description\":\"Pay off\",\"potentialAction\":[{\"@type\":\"SearchAction\",\"target\":{\"@type\":\"EntryPoint\",\"urlTemplate\":\"https:\/\/www.newslettercreator.com\/?s={search_term_string}\"},\"query-input\":{\"@type\":\"PropertyValueSpecification\",\"valueRequired\":true,\"valueName\":\"search_term_string\"}}],\"inLanguage\":\"pl-PL\"}]}<\/script>\n<!-- \/ Yoast SEO plugin. -->","yoast_head_json":{"title":"Dlaczego MailStyler - Newsletter Creator","robots":{"index":"index","follow":"follow","max-snippet":"max-snippet:-1","max-image-preview":"max-image-preview:large","max-video-preview":"max-video-preview:-1"},"canonical":"https:\/\/www.newslettercreator.com\/pl\/dlaczego-mailstyler\/","og_locale":"pl_PL","og_type":"article","og_title":"Dlaczego MailStyler - Newsletter Creator","og_description":"POBIERZ DEMOKUP MAILSTYLER PRO Ostatnia wersja: | Data Wydania: | Rozmiar: MB Umowa licencyjna | Jak odinstalowa\u0107 &nbsp; Oto, co czyni Mailstyler najlepszym wyborem:","og_url":"https:\/\/www.newslettercreator.com\/pl\/dlaczego-mailstyler\/","og_site_name":"Newsletter Creator","article_modified_time":"2021-05-26T12:28:21+00:00","og_image":[{"url":"http:\/\/www.newslettercreator.com\/wp-content\/uploads\/2014\/09\/monitor.jpg","type":"","width":"","height":""}],"twitter_misc":{"Szacowany czas czytania":"5 minut"},"schema":{"@context":"https:\/\/schema.org","@graph":[{"@type":"WebPage","@id":"https:\/\/www.newslettercreator.com\/pl\/dlaczego-mailstyler\/","url":"https:\/\/www.newslettercreator.com\/pl\/dlaczego-mailstyler\/","name":"Dlaczego MailStyler - Newsletter Creator","isPartOf":{"@id":"https:\/\/www.newslettercreator.com\/#website"},"primaryImageOfPage":{"@id":"https:\/\/www.newslettercreator.com\/pl\/dlaczego-mailstyler\/#primaryimage"},"image":{"@id":"https:\/\/www.newslettercreator.com\/pl\/dlaczego-mailstyler\/#primaryimage"},"thumbnailUrl":"http:\/\/www.newslettercreator.com\/wp-content\/uploads\/2014\/09\/monitor.jpg","datePublished":"2014-09-03T07:31:10+00:00","dateModified":"2021-05-26T12:28:21+00:00","breadcrumb":{"@id":"https:\/\/www.newslettercreator.com\/pl\/dlaczego-mailstyler\/#breadcrumb"},"inLanguage":"pl-PL","potentialAction":[{"@type":"ReadAction","target":["https:\/\/www.newslettercreator.com\/pl\/dlaczego-mailstyler\/"]}]},{"@type":"ImageObject","inLanguage":"pl-PL","@id":"https:\/\/www.newslettercreator.com\/pl\/dlaczego-mailstyler\/#primaryimage","url":"http:\/\/www.newslettercreator.com\/wp-content\/uploads\/2014\/09\/monitor.jpg","contentUrl":"http:\/\/www.newslettercreator.com\/wp-content\/uploads\/2014\/09\/monitor.jpg"},{"@type":"BreadcrumbList","@id":"https:\/\/www.newslettercreator.com\/pl\/dlaczego-mailstyler\/#breadcrumb","itemListElement":[{"@type":"ListItem","position":1,"name":"Home","item":"https:\/\/www.newslettercreator.com\/pl\/"},{"@type":"ListItem","position":2,"name":"Dlaczego MailStyler"}]},{"@type":"WebSite","@id":"https:\/\/www.newslettercreator.com\/#website","url":"https:\/\/www.newslettercreator.com\/","name":"Newsletter Creator","description":"Pay off","potentialAction":[{"@type":"SearchAction","target":{"@type":"EntryPoint","urlTemplate":"https:\/\/www.newslettercreator.com\/?s={search_term_string}"},"query-input":{"@type":"PropertyValueSpecification","valueRequired":true,"valueName":"search_term_string"}}],"inLanguage":"pl-PL"}]}},"_links":{"self":[{"href":"https:\/\/www.newslettercreator.com\/pl\/wp-json\/wp\/v2\/pages\/1207","targetHints":{"allow":["GET"]}}],"collection":[{"href":"https:\/\/www.newslettercreator.com\/pl\/wp-json\/wp\/v2\/pages"}],"about":[{"href":"https:\/\/www.newslettercreator.com\/pl\/wp-json\/wp\/v2\/types\/page"}],"author":[{"embeddable":true,"href":"https:\/\/www.newslettercreator.com\/pl\/wp-json\/wp\/v2\/users\/1"}],"replies":[{"embeddable":true,"href":"https:\/\/www.newslettercreator.com\/pl\/wp-json\/wp\/v2\/comments?post=1207"}],"version-history":[{"count":6,"href":"https:\/\/www.newslettercreator.com\/pl\/wp-json\/wp\/v2\/pages\/1207\/revisions"}],"predecessor-version":[{"id":10208,"href":"https:\/\/www.newslettercreator.com\/pl\/wp-json\/wp\/v2\/pages\/1207\/revisions\/10208"}],"wp:attachment":[{"href":"https:\/\/www.newslettercreator.com\/pl\/wp-json\/wp\/v2\/media?parent=1207"}],"curies":[{"name":"wp","href":"https:\/\/api.w.org\/{rel}","templated":true}]}}