{"id":1209,"date":"2014-09-03T07:36:59","date_gmt":"2014-09-03T07:36:59","guid":{"rendered":"http:\/\/www.newslettercreator.com\/?page_id=1209"},"modified":"2016-01-26T10:03:13","modified_gmt":"2016-01-26T10:03:13","slug":"funkcjonalnosc","status":"publish","type":"page","link":"https:\/\/www.newslettercreator.com\/pl\/funkcjonalnosc\/","title":{"rendered":"Mo\u017cliwo\u015bci programu"},"content":{"rendered":"<p>A oto niekt\u00f3re z opcji, kt\u00f3re posiada <strong>MailStyler<\/strong>, a kt\u00f3re czyni\u0105 z niego najlepszy i naj\u0142atwiejszy program do tworzenia newsletter\u00f3w na rynku. B\u0119dziesz m\u00f3g\u0142 <strong>stworzy\u0107 w\u0142asny wzorzec wiadomo\u015bci email w przeci\u0105gu kilku chwil<\/strong>, robi\u0105c proste przeci\u0105gnij i upu\u015b\u0107 na powierzchni\u0119 robocz\u0105 naszego gotowe elementy.<\/p>\n<p>&nbsp;<\/p>\n<p><img decoding=\"async\" class=\"alignleft\" src=\"http:\/\/www.newslettercreator.com\/wp-content\/uploads\/2014\/04\/drag-drop.jpg\" alt=\"Tw\u00f3rz wzorce z przeci\u0105gnij i upu\u015b\u0107\" width=\"175\" height=\"115\" \/><\/p>\n<h3 style=\"text-align: left; line-height: 18px !important; font-size: 16px !important; font-weight: bold !important;\">Tw\u00f3rz wzorce z przeci\u0105gnij i upu\u015b\u0107<\/h3>\n<p style=\"text-align: left; min-height: 75px;\">MailStyler oferuje WYSIWYG, edytor wiadomo\u015bci email przeci\u0105gnij i upu\u015b\u0107, kt\u00f3ry jest tak prosty I intuicyjny, \u017ce nie mo\u017cesz zrobi\u0107 czego\u015b w z\u0142y spos\u00f3b.<\/p>\n<div id=\"g1-divider-1\" class=\"g1-divider g1-divider--none g1-divider--noicon \"><\/div>\n<p><img decoding=\"async\" class=\"alignleft\" src=\"http:\/\/www.newslettercreator.com\/wp-content\/uploads\/2014\/04\/client.jpg\" alt=\"Idealnie zakodowane wzorce, kt\u00f3re zawsze dobrze wygl\u0105daj\u0105\" width=\"175\" height=\"115\" \/><\/p>\n<h3 style=\"text-align: left; line-height: 18px !important; font-size: 16px !important; font-weight: bold !important;\">Idealnie zakodowane wzorce, kt\u00f3re zawsze dobrze wygl\u0105daj\u0105<\/h3>\n<p style=\"text-align: left; min-height: 75px;\">Martwisz si\u0119 jak Twoje wiadomo\u015bci email b\u0119d\u0105 si\u0119 renderowa\u0107 Dzi\u0119ki MailStyler, wszystkie wzorce wygl\u0105daj\u0105 idealnie na dowolnym kliencie poczty (np.: Hotmail, Gmail, Outlook, Yahoo Mail etc). To dlatego nie potrzebujesz pisa\u0107 kodu w HTML\/CSS.<\/p>\n<div id=\"g1-divider-2\" class=\"g1-divider g1-divider--none g1-divider--noicon \"><\/div>\n<p><img decoding=\"async\" class=\"alignleft\" src=\"http:\/\/www.newslettercreator.com\/wp-content\/uploads\/2014\/04\/no-code.jpg\" alt=\"Nie potrzebujesz wiedzy o HTML\/CSS\" width=\"175\" height=\"115\" \/><\/p>\n<h3 style=\"text-align: left; line-height: 18px !important; font-size: 16px !important; font-weight: bold !important;\">Nie potrzebujesz wiedzy o HTML\/CSS<\/h3>\n<p style=\"text-align: left; min-height: 75px;\">MailStyler pozwala ci na tworzenie wiadomo\u015bci email oraz newsletter\u00f3w bez pisania kodu. Po prostu wykorzystasz nasze gotowe bloki HTML tak jak chcesz, buduj\u0105c sw\u00f3j newsletter element po elemencie.<\/p>\n<div id=\"g1-divider-3\" class=\"g1-divider g1-divider--none g1-divider--noicon \"><\/div>\n<p><img decoding=\"async\" class=\"alignleft\" src=\"http:\/\/www.newslettercreator.com\/wp-content\/uploads\/2014\/04\/unl-edit.jpg\" alt=\"Nieograniczone mo\u017cliwo\u015bci edycji\" width=\"175\" height=\"115\" \/><\/p>\n<h3 style=\"text-align: left; line-height: 18px !important; font-size: 16px !important; font-weight: bold !important;\">Nieograniczone mo\u017cliwo\u015bci edycji<\/h3>\n<p style=\"text-align: left; min-height: 75px;\">Zakres mo\u017cliwych operacji z wykorzystaniem MailStyler jest ogromny i znacznie przekracza to, co oferuje konkurencja: rozmiar, style, fonty, pola, obrazy\u2026 Wszystko mo\u017ce zosta\u0107 zmienione za pomoc\u0105 kilku klikni\u0119\u0107, buduj\u0105c prawdziw\u0105 warto\u015b\u0107 dla Twojej marki.<\/p>\n<div id=\"g1-divider-4\" class=\"g1-divider g1-divider--none g1-divider--noicon \"><\/div>\n<p><img decoding=\"async\" class=\"alignleft\" src=\"http:\/\/www.newslettercreator.com\/wp-content\/uploads\/2014\/04\/library.jpg\" alt=\"Zdj\u0119cia do dowolnych cel\u00f3w\" width=\"175\" height=\"115\" \/><\/p>\n<h3 style=\"text-align: left; line-height: 18px !important; font-size: 16px !important; font-weight: bold !important;\">Zdj\u0119cia do dowolnych cel\u00f3w<\/h3>\n<p style=\"text-align: left; min-height: 75px;\">MailStyler dostarcza bibliotek\u0119 ponad 2000+ zdj\u0119\u0107, aby wspom\u00f3c Twoj\u0105 kreatywno\u015b\u0107 i pom\u00f3c w stworzeniu oryginalnego projektu.<\/p>\n<div id=\"g1-divider-5\" class=\"g1-divider g1-divider--none g1-divider--noicon \"><\/div>\n<p><img decoding=\"async\" class=\"alignleft\" src=\"http:\/\/www.newslettercreator.com\/wp-content\/uploads\/2014\/09\/cloud.jpg\" alt=\"Dedykowana przestrze\u0144 w chmurze\" width=\"175\" height=\"115\" \/><\/p>\n<h3 style=\"text-align: left; line-height: 18px !important; font-size: 16px !important; font-weight: bold !important;\">Dedykowana przestrze\u0144 w chmurze<\/h3>\n<p style=\"text-align: left; min-height: 75px;\">Wersja Pro MailStyler oferuje dedykowan\u0105 przestrze\u0144 w chmurze gdzie mo\u017cesz przechowywa\u0107 swoje zdj\u0119cia i zarz\u0105dza\u0107 nimi, zapominaj\u0105c, o jakichkolwiek problemach z FTP.<\/p>\n<div id=\"g1-divider-6\" class=\"g1-divider g1-divider--none g1-divider--noicon \"><\/div>\n<p><img decoding=\"async\" class=\"alignleft\" src=\"http:\/\/www.newslettercreator.com\/wp-content\/uploads\/2014\/04\/client2.jpg\" alt=\"Kompatybilno\u015b\u0107 z wszystkimi programami pocztowymi i us\u0142ugami\" width=\"175\" height=\"115\" \/><\/p>\n<h3 style=\"text-align: left; line-height: 18px !important; font-size: 16px !important; font-weight: bold !important;\">Kompatybilno\u015b\u0107 z wszystkimi programami pocztowymi i us\u0142ugami<\/h3>\n<p style=\"text-align: left; min-height: 75px;\">Ka\u017cdy newsletter stworzony z MailStyler b\u0119dzie wsp\u00f3\u0142pracowa\u0142 z wszystkimi najwa\u017cniejszymi programami pocztowymi, od standardowych darmowych klient\u00f3w (Outlook, Thunderbird, etc.) do profesjonalnego oprogramowania do zarz\u0105dzania kampaniami marketingowymi (SendBlaster, MailChimp, etc.)<\/p>\n<div id=\"g1-divider-7\" class=\"g1-divider g1-divider--none g1-divider--noicon \"><\/div>\n<p><img decoding=\"async\" class=\"alignleft\" src=\"http:\/\/www.newslettercreator.com\/wp-content\/uploads\/2014\/04\/crop.jpg\" alt=\"Automatyczne dostosowywanie rozmiaru\/przycinanie\" width=\"175\" height=\"115\" \/><\/p>\n<h3 style=\"text-align: left; line-height: 18px !important; font-size: 16px !important; font-weight: bold !important;\">Automatyczne dostosowywanie rozmiaru\/przycinanie<\/h3>\n<p style=\"text-align: left; min-height: 75px;\">Potrzebujesz dopasowa\u0107 za\u0142adowane zdj\u0119cie do nowo stworzonego kontenera? Z nasz\u0105 opcj\u0105 zmiany rozmiaru\/ przycinania to kwestia sekund. Nigdy wi\u0119cej rozci\u0105gni\u0119tych zdj\u0119\u0107!<\/p>\n<div id=\"g1-divider-8\" class=\"g1-divider g1-divider--none g1-divider--noicon \"><\/div>\n<p><img decoding=\"async\" class=\"alignleft\" src=\"http:\/\/www.newslettercreator.com\/wp-content\/uploads\/2014\/04\/responsive.jpg\" alt=\"Responsywne elementy\" width=\"175\" height=\"115\" \/><\/p>\n<h3 style=\"text-align: left; line-height: 18px !important; font-size: 16px !important; font-weight: bold !important;\">Responsywne elementy<\/h3>\n<p style=\"text-align: left; min-height: 75px;\">Dla newslettera, kt\u00f3ry si\u0119 renderuje idealnie na telefonach czy tabletach, dostarczamy responsywne bloki, kt\u00f3re automatycznie dostosowuj\u0105 sw\u00f3j rozmiar, gdy s\u0105 otwierane w urz\u0105dzaniu mobilnym. Tak, aby zapewni\u0107 idealn\u0105 czytelno\u015b\u0107 r\u00f3wnie\u017c na ma\u0142ych ekranach.<\/p>\n<div id=\"g1-divider-9\" class=\"g1-divider g1-divider--none g1-divider--noicon \"><\/div>\n<p><img decoding=\"async\" class=\"alignleft\" src=\"http:\/\/www.newslettercreator.com\/wp-content\/uploads\/2014\/04\/palette.jpg\" alt=\"Gotowe style &#038; palety\" width=\"175\" height=\"115\" \/><\/p>\n<h3 style=\"text-align: left; line-height: 18px !important; font-size: 16px !important; font-weight: bold !important;\">Gotowe style &#038; palety<\/h3>\n<p style=\"text-align: left; min-height: 75px;\">MailStyler dostarcza zoptymalizowan\u0105 palet\u0119 kolor\u00f3w z r\u00f3\u017cnymi poziomami cieniowania, tak aby uzyska\u0107 jak najlepszy efekt w Twojej wiadomo\u015bci email.<\/p>\n<div id=\"g1-divider-10\" class=\"g1-divider g1-divider--none g1-divider--noicon \"><\/div>\n<p><img decoding=\"async\" class=\"alignleft\" src=\"http:\/\/www.newslettercreator.com\/wp-content\/uploads\/2014\/04\/export.jpg\" alt=\"Eksportowanie jednym klikni\u0119ciem\" width=\"175\" height=\"115\" \/><\/p>\n<h3 style=\"text-align: left; line-height: 18px !important; font-size: 16px !important; font-weight: bold !important;\">Eksportowanie jednym klikni\u0119ciem<\/h3>\n<p style=\"text-align: left; min-height: 75px;\">Gdy zako\u0144czysz sw\u00f3j projekt mo\u017cesz wyeksportowa\u0107 swoj\u0105 prac\u0119 do plik\u00f3w.eml lub .html dos\u0142ownie za pomoc\u0105 jednego klikni\u0119cia i wykorzysta\u0107 go z dowolnym programem do profesjonalnego marketingu, us\u0142ug i klient\u00f3w.<\/p>\n","protected":false},"excerpt":{"rendered":"<p>A oto niekt\u00f3re z opcji, kt\u00f3re posiada MailStyler, a kt\u00f3re czyni\u0105 z niego najlepszy i naj\u0142atwiejszy program do tworzenia newsletter\u00f3w na rynku. B\u0119dziesz m\u00f3g\u0142 stworzy\u0107 w\u0142asny wzorzec wiadomo\u015bci email w przeci\u0105gu kilku chwil, robi\u0105c proste przeci\u0105gnij i upu\u015b\u0107 na powierzchni\u0119 robocz\u0105 naszego gotowe elementy. &nbsp; Tw\u00f3rz wzorce z przeci\u0105gnij i upu\u015b\u0107 MailStyler oferuje WYSIWYG, edytor [&hellip;]<\/p>\n","protected":false},"author":1,"featured_media":0,"parent":0,"menu_order":0,"comment_status":"closed","ping_status":"closed","template":"g1_template_page_full_sections.php","meta":{"inline_featured_image":false,"_monsterinsights_skip_tracking":false,"_monsterinsights_sitenote_active":false,"_monsterinsights_sitenote_note":"","_monsterinsights_sitenote_category":0,"footnotes":""},"class_list":["post-1209","page","type-page","status-publish"],"yoast_head":"<!-- This site is optimized with the Yoast SEO plugin v25.2 - https:\/\/yoast.com\/wordpress\/plugins\/seo\/ -->\n<title>Mo\u017cliwo\u015bci programu - Newsletter Creator<\/title>\n<meta name=\"description\" content=\"A oto niekt\u00f3re z opcji, kt\u00f3re posiada MailStyler, a kt\u00f3re czyni\u0105 z niego najlepszy i naj\u0142atwiejszy program do tworzenia newsletter\u00f3w na rynku\" \/>\n<meta name=\"robots\" content=\"index, follow, max-snippet:-1, max-image-preview:large, max-video-preview:-1\" \/>\n<link rel=\"canonical\" href=\"https:\/\/www.newslettercreator.com\/pl\/funkcjonalnosc\/\" \/>\n<meta property=\"og:locale\" content=\"pl_PL\" \/>\n<meta property=\"og:type\" content=\"article\" \/>\n<meta property=\"og:title\" content=\"Mo\u017cliwo\u015bci programu - Newsletter Creator\" \/>\n<meta property=\"og:description\" content=\"A oto niekt\u00f3re z opcji, kt\u00f3re posiada MailStyler, a kt\u00f3re czyni\u0105 z niego najlepszy i naj\u0142atwiejszy program do tworzenia newsletter\u00f3w na rynku\" \/>\n<meta property=\"og:url\" content=\"https:\/\/www.newslettercreator.com\/pl\/funkcjonalnosc\/\" \/>\n<meta property=\"og:site_name\" content=\"Newsletter Creator\" \/>\n<meta property=\"article:modified_time\" content=\"2016-01-26T10:03:13+00:00\" \/>\n<meta property=\"og:image\" content=\"http:\/\/www.newslettercreator.com\/wp-content\/uploads\/2014\/04\/drag-drop.jpg\" \/>\n<meta name=\"twitter:label1\" content=\"Szacowany czas czytania\" \/>\n\t<meta name=\"twitter:data1\" content=\"2 minuty\" \/>\n<script type=\"application\/ld+json\" class=\"yoast-schema-graph\">{\"@context\":\"https:\/\/schema.org\",\"@graph\":[{\"@type\":\"WebPage\",\"@id\":\"https:\/\/www.newslettercreator.com\/pl\/funkcjonalnosc\/\",\"url\":\"https:\/\/www.newslettercreator.com\/pl\/funkcjonalnosc\/\",\"name\":\"Mo\u017cliwo\u015bci programu - Newsletter Creator\",\"isPartOf\":{\"@id\":\"https:\/\/www.newslettercreator.com\/#website\"},\"primaryImageOfPage\":{\"@id\":\"https:\/\/www.newslettercreator.com\/pl\/funkcjonalnosc\/#primaryimage\"},\"image\":{\"@id\":\"https:\/\/www.newslettercreator.com\/pl\/funkcjonalnosc\/#primaryimage\"},\"thumbnailUrl\":\"http:\/\/www.newslettercreator.com\/wp-content\/uploads\/2014\/04\/drag-drop.jpg\",\"datePublished\":\"2014-09-03T07:36:59+00:00\",\"dateModified\":\"2016-01-26T10:03:13+00:00\",\"description\":\"A oto niekt\u00f3re z opcji, kt\u00f3re posiada MailStyler, a kt\u00f3re czyni\u0105 z niego najlepszy i naj\u0142atwiejszy program do tworzenia newsletter\u00f3w na rynku\",\"breadcrumb\":{\"@id\":\"https:\/\/www.newslettercreator.com\/pl\/funkcjonalnosc\/#breadcrumb\"},\"inLanguage\":\"pl-PL\",\"potentialAction\":[{\"@type\":\"ReadAction\",\"target\":[\"https:\/\/www.newslettercreator.com\/pl\/funkcjonalnosc\/\"]}]},{\"@type\":\"ImageObject\",\"inLanguage\":\"pl-PL\",\"@id\":\"https:\/\/www.newslettercreator.com\/pl\/funkcjonalnosc\/#primaryimage\",\"url\":\"http:\/\/www.newslettercreator.com\/wp-content\/uploads\/2014\/04\/drag-drop.jpg\",\"contentUrl\":\"http:\/\/www.newslettercreator.com\/wp-content\/uploads\/2014\/04\/drag-drop.jpg\"},{\"@type\":\"BreadcrumbList\",\"@id\":\"https:\/\/www.newslettercreator.com\/pl\/funkcjonalnosc\/#breadcrumb\",\"itemListElement\":[{\"@type\":\"ListItem\",\"position\":1,\"name\":\"Home\",\"item\":\"https:\/\/www.newslettercreator.com\/pl\/\"},{\"@type\":\"ListItem\",\"position\":2,\"name\":\"Mo\u017cliwo\u015bci programu\"}]},{\"@type\":\"WebSite\",\"@id\":\"https:\/\/www.newslettercreator.com\/#website\",\"url\":\"https:\/\/www.newslettercreator.com\/\",\"name\":\"Newsletter Creator\",\"description\":\"Pay off\",\"potentialAction\":[{\"@type\":\"SearchAction\",\"target\":{\"@type\":\"EntryPoint\",\"urlTemplate\":\"https:\/\/www.newslettercreator.com\/?s={search_term_string}\"},\"query-input\":{\"@type\":\"PropertyValueSpecification\",\"valueRequired\":true,\"valueName\":\"search_term_string\"}}],\"inLanguage\":\"pl-PL\"}]}<\/script>\n<!-- \/ Yoast SEO plugin. -->","yoast_head_json":{"title":"Mo\u017cliwo\u015bci programu - Newsletter Creator","description":"A oto niekt\u00f3re z opcji, kt\u00f3re posiada MailStyler, a kt\u00f3re czyni\u0105 z niego najlepszy i naj\u0142atwiejszy program do tworzenia newsletter\u00f3w na rynku","robots":{"index":"index","follow":"follow","max-snippet":"max-snippet:-1","max-image-preview":"max-image-preview:large","max-video-preview":"max-video-preview:-1"},"canonical":"https:\/\/www.newslettercreator.com\/pl\/funkcjonalnosc\/","og_locale":"pl_PL","og_type":"article","og_title":"Mo\u017cliwo\u015bci programu - Newsletter Creator","og_description":"A oto niekt\u00f3re z opcji, kt\u00f3re posiada MailStyler, a kt\u00f3re czyni\u0105 z niego najlepszy i naj\u0142atwiejszy program do tworzenia newsletter\u00f3w na rynku","og_url":"https:\/\/www.newslettercreator.com\/pl\/funkcjonalnosc\/","og_site_name":"Newsletter Creator","article_modified_time":"2016-01-26T10:03:13+00:00","og_image":[{"url":"http:\/\/www.newslettercreator.com\/wp-content\/uploads\/2014\/04\/drag-drop.jpg","type":"","width":"","height":""}],"twitter_misc":{"Szacowany czas czytania":"2 minuty"},"schema":{"@context":"https:\/\/schema.org","@graph":[{"@type":"WebPage","@id":"https:\/\/www.newslettercreator.com\/pl\/funkcjonalnosc\/","url":"https:\/\/www.newslettercreator.com\/pl\/funkcjonalnosc\/","name":"Mo\u017cliwo\u015bci programu - Newsletter Creator","isPartOf":{"@id":"https:\/\/www.newslettercreator.com\/#website"},"primaryImageOfPage":{"@id":"https:\/\/www.newslettercreator.com\/pl\/funkcjonalnosc\/#primaryimage"},"image":{"@id":"https:\/\/www.newslettercreator.com\/pl\/funkcjonalnosc\/#primaryimage"},"thumbnailUrl":"http:\/\/www.newslettercreator.com\/wp-content\/uploads\/2014\/04\/drag-drop.jpg","datePublished":"2014-09-03T07:36:59+00:00","dateModified":"2016-01-26T10:03:13+00:00","description":"A oto niekt\u00f3re z opcji, kt\u00f3re posiada MailStyler, a kt\u00f3re czyni\u0105 z niego najlepszy i naj\u0142atwiejszy program do tworzenia newsletter\u00f3w na rynku","breadcrumb":{"@id":"https:\/\/www.newslettercreator.com\/pl\/funkcjonalnosc\/#breadcrumb"},"inLanguage":"pl-PL","potentialAction":[{"@type":"ReadAction","target":["https:\/\/www.newslettercreator.com\/pl\/funkcjonalnosc\/"]}]},{"@type":"ImageObject","inLanguage":"pl-PL","@id":"https:\/\/www.newslettercreator.com\/pl\/funkcjonalnosc\/#primaryimage","url":"http:\/\/www.newslettercreator.com\/wp-content\/uploads\/2014\/04\/drag-drop.jpg","contentUrl":"http:\/\/www.newslettercreator.com\/wp-content\/uploads\/2014\/04\/drag-drop.jpg"},{"@type":"BreadcrumbList","@id":"https:\/\/www.newslettercreator.com\/pl\/funkcjonalnosc\/#breadcrumb","itemListElement":[{"@type":"ListItem","position":1,"name":"Home","item":"https:\/\/www.newslettercreator.com\/pl\/"},{"@type":"ListItem","position":2,"name":"Mo\u017cliwo\u015bci programu"}]},{"@type":"WebSite","@id":"https:\/\/www.newslettercreator.com\/#website","url":"https:\/\/www.newslettercreator.com\/","name":"Newsletter Creator","description":"Pay off","potentialAction":[{"@type":"SearchAction","target":{"@type":"EntryPoint","urlTemplate":"https:\/\/www.newslettercreator.com\/?s={search_term_string}"},"query-input":{"@type":"PropertyValueSpecification","valueRequired":true,"valueName":"search_term_string"}}],"inLanguage":"pl-PL"}]}},"_links":{"self":[{"href":"https:\/\/www.newslettercreator.com\/pl\/wp-json\/wp\/v2\/pages\/1209","targetHints":{"allow":["GET"]}}],"collection":[{"href":"https:\/\/www.newslettercreator.com\/pl\/wp-json\/wp\/v2\/pages"}],"about":[{"href":"https:\/\/www.newslettercreator.com\/pl\/wp-json\/wp\/v2\/types\/page"}],"author":[{"embeddable":true,"href":"https:\/\/www.newslettercreator.com\/pl\/wp-json\/wp\/v2\/users\/1"}],"replies":[{"embeddable":true,"href":"https:\/\/www.newslettercreator.com\/pl\/wp-json\/wp\/v2\/comments?post=1209"}],"version-history":[{"count":3,"href":"https:\/\/www.newslettercreator.com\/pl\/wp-json\/wp\/v2\/pages\/1209\/revisions"}],"predecessor-version":[{"id":4240,"href":"https:\/\/www.newslettercreator.com\/pl\/wp-json\/wp\/v2\/pages\/1209\/revisions\/4240"}],"wp:attachment":[{"href":"https:\/\/www.newslettercreator.com\/pl\/wp-json\/wp\/v2\/media?parent=1209"}],"curies":[{"name":"wp","href":"https:\/\/api.w.org\/{rel}","templated":true}]}}