{"id":1216,"date":"2014-09-03T07:52:28","date_gmt":"2014-09-03T07:52:28","guid":{"rendered":"http:\/\/www.newslettercreator.com\/?page_id=1216"},"modified":"2014-09-03T07:52:28","modified_gmt":"2014-09-03T07:52:28","slug":"podstawowa-biblioteka-obrazow","status":"publish","type":"page","link":"https:\/\/www.newslettercreator.com\/pl\/podstawowa-biblioteka-obrazow\/","title":{"rendered":"Podstawowa biblioteka obraz\u00f3w"},"content":{"rendered":"<p><img decoding=\"async\" class=\"alignnone size-full wp-image-387\" src=\"http:\/\/www.newslettercreator.com\/wp-content\/uploads\/2014\/04\/library-base.jpg\" alt=\"Podstawowa biblioteka obraz\u00f3w\" width=\"649\" height=\"423\" srcset=\"https:\/\/www.newslettercreator.com\/wp-content\/uploads\/2014\/04\/library-base.jpg 649w, https:\/\/www.newslettercreator.com\/wp-content\/uploads\/2014\/04\/library-base-300x195.jpg 300w\" sizes=\"(max-width: 649px) 100vw, 649px\" \/><\/p>\n<p>Dost\u0119p do ogromnego zasobu profesjonalnych, gotowych do u\u017cycia zdj\u0119\u0107 i obraz\u00f3w jest podstaw\u0105 w budowie efektownego newslettera. To dlatego MailStyler jest dostarczany z bibliotek\u0105 <strong>ponad 2000 wysokiej jako\u015bci, oryginalnych zdj\u0119\u0107<\/strong>.<br \/>\nBiblioteka jest podzielona na 51 kategorii \u2013 od sztuki do samochod\u00f3w, od elektroniki do mody, od gier do sportu, etc. \u2013 plus kolekcja <strong>ikon medi\u00f3w spo\u0142eczno\u015bciowych<\/strong>. W ten spos\u00f3b b\u0119dzie \u0142atwiej znale\u017a\u0107 w\u0142a\u015bciwe zdj\u0119cie dla Twojego obszaru biznesowego, maj\u0105c pewno\u015b\u0107, \u017ce zawsze b\u0119dzie to <strong>materia\u0142 najwy\u017cszej jako\u015bci<\/strong>.<\/p>\n<p>Wersja <strong>darmowa<\/strong> i <strong>Podstawowa<\/strong> pozwalaj\u0105 na wykorzystanie trzech zdj\u0119\u0107 z ka\u017cdej kategorii bez znaku wodnego (z wszystkich ponad 200), i wszystkich pozosta\u0142ych ze znakiem wodnym z naszego logo. Wszystkie zdj\u0119cia s\u0105 w rozdzielczo\u015bci 800&#215;600.<\/p>\n","protected":false},"excerpt":{"rendered":"<p>Dost\u0119p do ogromnego zasobu profesjonalnych, gotowych do u\u017cycia zdj\u0119\u0107 i obraz\u00f3w jest podstaw\u0105 w budowie efektownego newslettera. To dlatego MailStyler jest dostarczany z bibliotek\u0105 ponad 2000 wysokiej jako\u015bci, oryginalnych zdj\u0119\u0107. Biblioteka jest podzielona na 51 kategorii \u2013 od sztuki do samochod\u00f3w, od elektroniki do mody, od gier do sportu, etc. \u2013 plus kolekcja ikon medi\u00f3w [&hellip;]<\/p>\n","protected":false},"author":1,"featured_media":0,"parent":0,"menu_order":0,"comment_status":"closed","ping_status":"closed","template":"g1_template_page_sidebar_right.php","meta":{"inline_featured_image":false,"_monsterinsights_skip_tracking":false,"_monsterinsights_sitenote_active":false,"_monsterinsights_sitenote_note":"","_monsterinsights_sitenote_category":0,"footnotes":""},"class_list":["post-1216","page","type-page","status-publish"],"yoast_head":"<!-- This site is optimized with the Yoast SEO plugin v25.2 - https:\/\/yoast.com\/wordpress\/plugins\/seo\/ -->\n<title>Podstawowa biblioteka obraz\u00f3w - Newsletter Creator<\/title>\n<meta name=\"robots\" content=\"index, follow, max-snippet:-1, max-image-preview:large, max-video-preview:-1\" \/>\n<link rel=\"canonical\" href=\"https:\/\/www.newslettercreator.com\/pl\/podstawowa-biblioteka-obrazow\/\" \/>\n<meta property=\"og:locale\" content=\"pl_PL\" \/>\n<meta property=\"og:type\" content=\"article\" \/>\n<meta property=\"og:title\" content=\"Podstawowa biblioteka obraz\u00f3w - Newsletter Creator\" \/>\n<meta property=\"og:description\" content=\"Dost\u0119p do ogromnego zasobu profesjonalnych, gotowych do u\u017cycia zdj\u0119\u0107 i obraz\u00f3w jest podstaw\u0105 w budowie efektownego newslettera. To dlatego MailStyler jest dostarczany z bibliotek\u0105 ponad 2000 wysokiej jako\u015bci, oryginalnych zdj\u0119\u0107. Biblioteka jest podzielona na 51 kategorii \u2013 od sztuki do samochod\u00f3w, od elektroniki do mody, od gier do sportu, etc. \u2013 plus kolekcja ikon medi\u00f3w [&hellip;]\" \/>\n<meta property=\"og:url\" content=\"https:\/\/www.newslettercreator.com\/pl\/podstawowa-biblioteka-obrazow\/\" \/>\n<meta property=\"og:site_name\" content=\"Newsletter Creator\" \/>\n<meta property=\"og:image\" content=\"http:\/\/www.newslettercreator.com\/wp-content\/uploads\/2014\/04\/library-base.jpg\" \/>\n<meta name=\"twitter:label1\" content=\"Szacowany czas czytania\" \/>\n\t<meta name=\"twitter:data1\" content=\"1 minuta\" \/>\n<script type=\"application\/ld+json\" class=\"yoast-schema-graph\">{\"@context\":\"https:\/\/schema.org\",\"@graph\":[{\"@type\":\"WebPage\",\"@id\":\"https:\/\/www.newslettercreator.com\/pl\/podstawowa-biblioteka-obrazow\/\",\"url\":\"https:\/\/www.newslettercreator.com\/pl\/podstawowa-biblioteka-obrazow\/\",\"name\":\"Podstawowa biblioteka obraz\u00f3w - Newsletter Creator\",\"isPartOf\":{\"@id\":\"https:\/\/www.newslettercreator.com\/#website\"},\"primaryImageOfPage\":{\"@id\":\"https:\/\/www.newslettercreator.com\/pl\/podstawowa-biblioteka-obrazow\/#primaryimage\"},\"image\":{\"@id\":\"https:\/\/www.newslettercreator.com\/pl\/podstawowa-biblioteka-obrazow\/#primaryimage\"},\"thumbnailUrl\":\"http:\/\/www.newslettercreator.com\/wp-content\/uploads\/2014\/04\/library-base.jpg\",\"datePublished\":\"2014-09-03T07:52:28+00:00\",\"breadcrumb\":{\"@id\":\"https:\/\/www.newslettercreator.com\/pl\/podstawowa-biblioteka-obrazow\/#breadcrumb\"},\"inLanguage\":\"pl-PL\",\"potentialAction\":[{\"@type\":\"ReadAction\",\"target\":[\"https:\/\/www.newslettercreator.com\/pl\/podstawowa-biblioteka-obrazow\/\"]}]},{\"@type\":\"ImageObject\",\"inLanguage\":\"pl-PL\",\"@id\":\"https:\/\/www.newslettercreator.com\/pl\/podstawowa-biblioteka-obrazow\/#primaryimage\",\"url\":\"http:\/\/www.newslettercreator.com\/wp-content\/uploads\/2014\/04\/library-base.jpg\",\"contentUrl\":\"http:\/\/www.newslettercreator.com\/wp-content\/uploads\/2014\/04\/library-base.jpg\"},{\"@type\":\"BreadcrumbList\",\"@id\":\"https:\/\/www.newslettercreator.com\/pl\/podstawowa-biblioteka-obrazow\/#breadcrumb\",\"itemListElement\":[{\"@type\":\"ListItem\",\"position\":1,\"name\":\"Home\",\"item\":\"https:\/\/www.newslettercreator.com\/pl\/\"},{\"@type\":\"ListItem\",\"position\":2,\"name\":\"Podstawowa biblioteka obraz\u00f3w\"}]},{\"@type\":\"WebSite\",\"@id\":\"https:\/\/www.newslettercreator.com\/#website\",\"url\":\"https:\/\/www.newslettercreator.com\/\",\"name\":\"Newsletter Creator\",\"description\":\"Pay off\",\"potentialAction\":[{\"@type\":\"SearchAction\",\"target\":{\"@type\":\"EntryPoint\",\"urlTemplate\":\"https:\/\/www.newslettercreator.com\/?s={search_term_string}\"},\"query-input\":{\"@type\":\"PropertyValueSpecification\",\"valueRequired\":true,\"valueName\":\"search_term_string\"}}],\"inLanguage\":\"pl-PL\"}]}<\/script>\n<!-- \/ Yoast SEO plugin. -->","yoast_head_json":{"title":"Podstawowa biblioteka obraz\u00f3w - Newsletter Creator","robots":{"index":"index","follow":"follow","max-snippet":"max-snippet:-1","max-image-preview":"max-image-preview:large","max-video-preview":"max-video-preview:-1"},"canonical":"https:\/\/www.newslettercreator.com\/pl\/podstawowa-biblioteka-obrazow\/","og_locale":"pl_PL","og_type":"article","og_title":"Podstawowa biblioteka obraz\u00f3w - Newsletter Creator","og_description":"Dost\u0119p do ogromnego zasobu profesjonalnych, gotowych do u\u017cycia zdj\u0119\u0107 i obraz\u00f3w jest podstaw\u0105 w budowie efektownego newslettera. To dlatego MailStyler jest dostarczany z bibliotek\u0105 ponad 2000 wysokiej jako\u015bci, oryginalnych zdj\u0119\u0107. Biblioteka jest podzielona na 51 kategorii \u2013 od sztuki do samochod\u00f3w, od elektroniki do mody, od gier do sportu, etc. \u2013 plus kolekcja ikon medi\u00f3w [&hellip;]","og_url":"https:\/\/www.newslettercreator.com\/pl\/podstawowa-biblioteka-obrazow\/","og_site_name":"Newsletter Creator","og_image":[{"url":"http:\/\/www.newslettercreator.com\/wp-content\/uploads\/2014\/04\/library-base.jpg","type":"","width":"","height":""}],"twitter_misc":{"Szacowany czas czytania":"1 minuta"},"schema":{"@context":"https:\/\/schema.org","@graph":[{"@type":"WebPage","@id":"https:\/\/www.newslettercreator.com\/pl\/podstawowa-biblioteka-obrazow\/","url":"https:\/\/www.newslettercreator.com\/pl\/podstawowa-biblioteka-obrazow\/","name":"Podstawowa biblioteka obraz\u00f3w - Newsletter Creator","isPartOf":{"@id":"https:\/\/www.newslettercreator.com\/#website"},"primaryImageOfPage":{"@id":"https:\/\/www.newslettercreator.com\/pl\/podstawowa-biblioteka-obrazow\/#primaryimage"},"image":{"@id":"https:\/\/www.newslettercreator.com\/pl\/podstawowa-biblioteka-obrazow\/#primaryimage"},"thumbnailUrl":"http:\/\/www.newslettercreator.com\/wp-content\/uploads\/2014\/04\/library-base.jpg","datePublished":"2014-09-03T07:52:28+00:00","breadcrumb":{"@id":"https:\/\/www.newslettercreator.com\/pl\/podstawowa-biblioteka-obrazow\/#breadcrumb"},"inLanguage":"pl-PL","potentialAction":[{"@type":"ReadAction","target":["https:\/\/www.newslettercreator.com\/pl\/podstawowa-biblioteka-obrazow\/"]}]},{"@type":"ImageObject","inLanguage":"pl-PL","@id":"https:\/\/www.newslettercreator.com\/pl\/podstawowa-biblioteka-obrazow\/#primaryimage","url":"http:\/\/www.newslettercreator.com\/wp-content\/uploads\/2014\/04\/library-base.jpg","contentUrl":"http:\/\/www.newslettercreator.com\/wp-content\/uploads\/2014\/04\/library-base.jpg"},{"@type":"BreadcrumbList","@id":"https:\/\/www.newslettercreator.com\/pl\/podstawowa-biblioteka-obrazow\/#breadcrumb","itemListElement":[{"@type":"ListItem","position":1,"name":"Home","item":"https:\/\/www.newslettercreator.com\/pl\/"},{"@type":"ListItem","position":2,"name":"Podstawowa biblioteka obraz\u00f3w"}]},{"@type":"WebSite","@id":"https:\/\/www.newslettercreator.com\/#website","url":"https:\/\/www.newslettercreator.com\/","name":"Newsletter Creator","description":"Pay off","potentialAction":[{"@type":"SearchAction","target":{"@type":"EntryPoint","urlTemplate":"https:\/\/www.newslettercreator.com\/?s={search_term_string}"},"query-input":{"@type":"PropertyValueSpecification","valueRequired":true,"valueName":"search_term_string"}}],"inLanguage":"pl-PL"}]}},"_links":{"self":[{"href":"https:\/\/www.newslettercreator.com\/pl\/wp-json\/wp\/v2\/pages\/1216","targetHints":{"allow":["GET"]}}],"collection":[{"href":"https:\/\/www.newslettercreator.com\/pl\/wp-json\/wp\/v2\/pages"}],"about":[{"href":"https:\/\/www.newslettercreator.com\/pl\/wp-json\/wp\/v2\/types\/page"}],"author":[{"embeddable":true,"href":"https:\/\/www.newslettercreator.com\/pl\/wp-json\/wp\/v2\/users\/1"}],"replies":[{"embeddable":true,"href":"https:\/\/www.newslettercreator.com\/pl\/wp-json\/wp\/v2\/comments?post=1216"}],"version-history":[{"count":1,"href":"https:\/\/www.newslettercreator.com\/pl\/wp-json\/wp\/v2\/pages\/1216\/revisions"}],"predecessor-version":[{"id":1217,"href":"https:\/\/www.newslettercreator.com\/pl\/wp-json\/wp\/v2\/pages\/1216\/revisions\/1217"}],"wp:attachment":[{"href":"https:\/\/www.newslettercreator.com\/pl\/wp-json\/wp\/v2\/media?parent=1216"}],"curies":[{"name":"wp","href":"https:\/\/api.w.org\/{rel}","templated":true}]}}