{"id":1218,"date":"2014-09-03T07:55:16","date_gmt":"2014-09-03T07:55:16","guid":{"rendered":"http:\/\/www.newslettercreator.com\/?page_id=1218"},"modified":"2022-03-03T15:53:01","modified_gmt":"2022-03-03T14:53:01","slug":"zaawansowana-biblioteka","status":"publish","type":"page","link":"https:\/\/www.newslettercreator.com\/pl\/zaawansowana-biblioteka\/","title":{"rendered":"Zaawansowana biblioteka"},"content":{"rendered":"<p><img decoding=\"async\" class=\"alignnone size-full wp-image-387\" src=\"http:\/\/www.newslettercreator.com\/wp-content\/uploads\/2014\/04\/library-adv.jpg\" alt=\"Zaawansowana biblioteka\" width=\"649\" height=\"423\" \/><\/p>\n<p>Dost\u0119p do ogromnego zasobu profesjonalnych, gotowych do u\u017cycia zdj\u0119\u0107 i obraz\u00f3w jest podstaw\u0105 w budowie efektownego newslettera. To dlatego MailStyler jest dostarczany z bibliotek\u0105 <strong>ponad 3,5 miliona zdj\u0119\u0107 wysokiej jako\u015bci<\/strong>.<\/p>\n<ul>\n<li>Biblioteka  MailStyler (2.000+ zdj\u0119\u0107);<\/li>\n<li>Biblioteka <img decoding=\"async\" src=\"https:\/\/www.newslettercreator.com\/wp-content\/uploads\/2022\/03\/unsplash-18x79-1.svg\" width=\"79\" height=\"18\" style=\"margin-bottom: -3px; opacity: 0.8;\"> (1 milion zdj\u0119\u0107);<\/li>\n<li>Biblioteka <img decoding=\"async\" src=\"https:\/\/www.newslettercreator.com\/wp-content\/uploads\/2022\/03\/pixabay-18x93-1.svg\" width=\"93\" height=\"18\" style=\"margin-bottom: -3px;\"> (2.5 miliona zdj\u0119\u0107).<\/li>\n<\/ul>\n<p>\u017badne inne oprogramowanie nie udost\u0119pnia tak ogromnej bazy grafik.<\/p>\n<p>Biblioteka jest podzielona na <strong>57 kategorii<\/strong> \u2013 od sztuki do samochod\u00f3w, od elektroniki do mody, od gier do sportu, etc. \u2013 plus kolekcja ikon medi\u00f3w spo\u0142eczno\u015bciowych oraz <strong>wyszukiwarka<\/strong>. W ten spos\u00f3b b\u0119dzie \u0142atwiej znale\u017a\u0107 w\u0142a\u015bciwe zdj\u0119cie dla Twojego obszaru biznesowego, maj\u0105c pewno\u015b\u0107, \u017ce zawsze b\u0119dzie to <strong>materia\u0142 najwy\u017cszej jako\u015bci<\/strong>.<\/p>\n","protected":false},"excerpt":{"rendered":"<p>Dost\u0119p do ogromnego zasobu profesjonalnych, gotowych do u\u017cycia zdj\u0119\u0107 i obraz\u00f3w jest podstaw\u0105 w budowie efektownego newslettera. To dlatego MailStyler jest dostarczany z bibliotek\u0105 ponad 3,5 miliona zdj\u0119\u0107 wysokiej jako\u015bci. Biblioteka MailStyler (2.000+ zdj\u0119\u0107); Biblioteka (1 milion zdj\u0119\u0107); Biblioteka (2.5 miliona zdj\u0119\u0107). \u017badne inne oprogramowanie nie udost\u0119pnia tak ogromnej bazy grafik. Biblioteka jest podzielona na [&hellip;]<\/p>\n","protected":false},"author":1,"featured_media":0,"parent":0,"menu_order":0,"comment_status":"closed","ping_status":"closed","template":"g1_template_page_sidebar_right.php","meta":{"inline_featured_image":false,"_monsterinsights_skip_tracking":false,"_monsterinsights_sitenote_active":false,"_monsterinsights_sitenote_note":"","_monsterinsights_sitenote_category":0,"footnotes":""},"class_list":["post-1218","page","type-page","status-publish"],"yoast_head":"<!-- This site is optimized with the Yoast SEO plugin v25.2 - https:\/\/yoast.com\/wordpress\/plugins\/seo\/ -->\n<title>Zaawansowana biblioteka - Newsletter Creator<\/title>\n<meta name=\"robots\" content=\"index, follow, max-snippet:-1, max-image-preview:large, max-video-preview:-1\" \/>\n<link rel=\"canonical\" href=\"https:\/\/www.newslettercreator.com\/pl\/zaawansowana-biblioteka\/\" \/>\n<meta property=\"og:locale\" content=\"pl_PL\" \/>\n<meta property=\"og:type\" content=\"article\" \/>\n<meta property=\"og:title\" content=\"Zaawansowana biblioteka - Newsletter Creator\" \/>\n<meta property=\"og:description\" content=\"Dost\u0119p do ogromnego zasobu profesjonalnych, gotowych do u\u017cycia zdj\u0119\u0107 i obraz\u00f3w jest podstaw\u0105 w budowie efektownego newslettera. To dlatego MailStyler jest dostarczany z bibliotek\u0105 ponad 3,5 miliona zdj\u0119\u0107 wysokiej jako\u015bci. Biblioteka MailStyler (2.000+ zdj\u0119\u0107); Biblioteka (1 milion zdj\u0119\u0107); Biblioteka (2.5 miliona zdj\u0119\u0107). \u017badne inne oprogramowanie nie udost\u0119pnia tak ogromnej bazy grafik. Biblioteka jest podzielona na [&hellip;]\" \/>\n<meta property=\"og:url\" content=\"https:\/\/www.newslettercreator.com\/pl\/zaawansowana-biblioteka\/\" \/>\n<meta property=\"og:site_name\" content=\"Newsletter Creator\" \/>\n<meta property=\"article:modified_time\" content=\"2022-03-03T14:53:01+00:00\" \/>\n<meta property=\"og:image\" content=\"http:\/\/www.newslettercreator.com\/wp-content\/uploads\/2014\/04\/library-adv.jpg\" \/>\n<meta name=\"twitter:label1\" content=\"Szacowany czas czytania\" \/>\n\t<meta name=\"twitter:data1\" content=\"1 minuta\" \/>\n<script type=\"application\/ld+json\" class=\"yoast-schema-graph\">{\"@context\":\"https:\/\/schema.org\",\"@graph\":[{\"@type\":\"WebPage\",\"@id\":\"https:\/\/www.newslettercreator.com\/pl\/zaawansowana-biblioteka\/\",\"url\":\"https:\/\/www.newslettercreator.com\/pl\/zaawansowana-biblioteka\/\",\"name\":\"Zaawansowana biblioteka - Newsletter Creator\",\"isPartOf\":{\"@id\":\"https:\/\/www.newslettercreator.com\/#website\"},\"primaryImageOfPage\":{\"@id\":\"https:\/\/www.newslettercreator.com\/pl\/zaawansowana-biblioteka\/#primaryimage\"},\"image\":{\"@id\":\"https:\/\/www.newslettercreator.com\/pl\/zaawansowana-biblioteka\/#primaryimage\"},\"thumbnailUrl\":\"http:\/\/www.newslettercreator.com\/wp-content\/uploads\/2014\/04\/library-adv.jpg\",\"datePublished\":\"2014-09-03T07:55:16+00:00\",\"dateModified\":\"2022-03-03T14:53:01+00:00\",\"breadcrumb\":{\"@id\":\"https:\/\/www.newslettercreator.com\/pl\/zaawansowana-biblioteka\/#breadcrumb\"},\"inLanguage\":\"pl-PL\",\"potentialAction\":[{\"@type\":\"ReadAction\",\"target\":[\"https:\/\/www.newslettercreator.com\/pl\/zaawansowana-biblioteka\/\"]}]},{\"@type\":\"ImageObject\",\"inLanguage\":\"pl-PL\",\"@id\":\"https:\/\/www.newslettercreator.com\/pl\/zaawansowana-biblioteka\/#primaryimage\",\"url\":\"http:\/\/www.newslettercreator.com\/wp-content\/uploads\/2014\/04\/library-adv.jpg\",\"contentUrl\":\"http:\/\/www.newslettercreator.com\/wp-content\/uploads\/2014\/04\/library-adv.jpg\"},{\"@type\":\"BreadcrumbList\",\"@id\":\"https:\/\/www.newslettercreator.com\/pl\/zaawansowana-biblioteka\/#breadcrumb\",\"itemListElement\":[{\"@type\":\"ListItem\",\"position\":1,\"name\":\"Home\",\"item\":\"https:\/\/www.newslettercreator.com\/pl\/\"},{\"@type\":\"ListItem\",\"position\":2,\"name\":\"Zaawansowana biblioteka\"}]},{\"@type\":\"WebSite\",\"@id\":\"https:\/\/www.newslettercreator.com\/#website\",\"url\":\"https:\/\/www.newslettercreator.com\/\",\"name\":\"Newsletter Creator\",\"description\":\"Pay off\",\"potentialAction\":[{\"@type\":\"SearchAction\",\"target\":{\"@type\":\"EntryPoint\",\"urlTemplate\":\"https:\/\/www.newslettercreator.com\/?s={search_term_string}\"},\"query-input\":{\"@type\":\"PropertyValueSpecification\",\"valueRequired\":true,\"valueName\":\"search_term_string\"}}],\"inLanguage\":\"pl-PL\"}]}<\/script>\n<!-- \/ Yoast SEO plugin. -->","yoast_head_json":{"title":"Zaawansowana biblioteka - Newsletter Creator","robots":{"index":"index","follow":"follow","max-snippet":"max-snippet:-1","max-image-preview":"max-image-preview:large","max-video-preview":"max-video-preview:-1"},"canonical":"https:\/\/www.newslettercreator.com\/pl\/zaawansowana-biblioteka\/","og_locale":"pl_PL","og_type":"article","og_title":"Zaawansowana biblioteka - Newsletter Creator","og_description":"Dost\u0119p do ogromnego zasobu profesjonalnych, gotowych do u\u017cycia zdj\u0119\u0107 i obraz\u00f3w jest podstaw\u0105 w budowie efektownego newslettera. To dlatego MailStyler jest dostarczany z bibliotek\u0105 ponad 3,5 miliona zdj\u0119\u0107 wysokiej jako\u015bci. Biblioteka MailStyler (2.000+ zdj\u0119\u0107); Biblioteka (1 milion zdj\u0119\u0107); Biblioteka (2.5 miliona zdj\u0119\u0107). \u017badne inne oprogramowanie nie udost\u0119pnia tak ogromnej bazy grafik. Biblioteka jest podzielona na [&hellip;]","og_url":"https:\/\/www.newslettercreator.com\/pl\/zaawansowana-biblioteka\/","og_site_name":"Newsletter Creator","article_modified_time":"2022-03-03T14:53:01+00:00","og_image":[{"url":"http:\/\/www.newslettercreator.com\/wp-content\/uploads\/2014\/04\/library-adv.jpg","type":"","width":"","height":""}],"twitter_misc":{"Szacowany czas czytania":"1 minuta"},"schema":{"@context":"https:\/\/schema.org","@graph":[{"@type":"WebPage","@id":"https:\/\/www.newslettercreator.com\/pl\/zaawansowana-biblioteka\/","url":"https:\/\/www.newslettercreator.com\/pl\/zaawansowana-biblioteka\/","name":"Zaawansowana biblioteka - Newsletter Creator","isPartOf":{"@id":"https:\/\/www.newslettercreator.com\/#website"},"primaryImageOfPage":{"@id":"https:\/\/www.newslettercreator.com\/pl\/zaawansowana-biblioteka\/#primaryimage"},"image":{"@id":"https:\/\/www.newslettercreator.com\/pl\/zaawansowana-biblioteka\/#primaryimage"},"thumbnailUrl":"http:\/\/www.newslettercreator.com\/wp-content\/uploads\/2014\/04\/library-adv.jpg","datePublished":"2014-09-03T07:55:16+00:00","dateModified":"2022-03-03T14:53:01+00:00","breadcrumb":{"@id":"https:\/\/www.newslettercreator.com\/pl\/zaawansowana-biblioteka\/#breadcrumb"},"inLanguage":"pl-PL","potentialAction":[{"@type":"ReadAction","target":["https:\/\/www.newslettercreator.com\/pl\/zaawansowana-biblioteka\/"]}]},{"@type":"ImageObject","inLanguage":"pl-PL","@id":"https:\/\/www.newslettercreator.com\/pl\/zaawansowana-biblioteka\/#primaryimage","url":"http:\/\/www.newslettercreator.com\/wp-content\/uploads\/2014\/04\/library-adv.jpg","contentUrl":"http:\/\/www.newslettercreator.com\/wp-content\/uploads\/2014\/04\/library-adv.jpg"},{"@type":"BreadcrumbList","@id":"https:\/\/www.newslettercreator.com\/pl\/zaawansowana-biblioteka\/#breadcrumb","itemListElement":[{"@type":"ListItem","position":1,"name":"Home","item":"https:\/\/www.newslettercreator.com\/pl\/"},{"@type":"ListItem","position":2,"name":"Zaawansowana biblioteka"}]},{"@type":"WebSite","@id":"https:\/\/www.newslettercreator.com\/#website","url":"https:\/\/www.newslettercreator.com\/","name":"Newsletter Creator","description":"Pay off","potentialAction":[{"@type":"SearchAction","target":{"@type":"EntryPoint","urlTemplate":"https:\/\/www.newslettercreator.com\/?s={search_term_string}"},"query-input":{"@type":"PropertyValueSpecification","valueRequired":true,"valueName":"search_term_string"}}],"inLanguage":"pl-PL"}]}},"_links":{"self":[{"href":"https:\/\/www.newslettercreator.com\/pl\/wp-json\/wp\/v2\/pages\/1218","targetHints":{"allow":["GET"]}}],"collection":[{"href":"https:\/\/www.newslettercreator.com\/pl\/wp-json\/wp\/v2\/pages"}],"about":[{"href":"https:\/\/www.newslettercreator.com\/pl\/wp-json\/wp\/v2\/types\/page"}],"author":[{"embeddable":true,"href":"https:\/\/www.newslettercreator.com\/pl\/wp-json\/wp\/v2\/users\/1"}],"replies":[{"embeddable":true,"href":"https:\/\/www.newslettercreator.com\/pl\/wp-json\/wp\/v2\/comments?post=1218"}],"version-history":[{"count":4,"href":"https:\/\/www.newslettercreator.com\/pl\/wp-json\/wp\/v2\/pages\/1218\/revisions"}],"predecessor-version":[{"id":11749,"href":"https:\/\/www.newslettercreator.com\/pl\/wp-json\/wp\/v2\/pages\/1218\/revisions\/11749"}],"wp:attachment":[{"href":"https:\/\/www.newslettercreator.com\/pl\/wp-json\/wp\/v2\/media?parent=1218"}],"curies":[{"name":"wp","href":"https:\/\/api.w.org\/{rel}","templated":true}]}}