{"id":1993,"date":"2014-10-30T08:16:38","date_gmt":"2014-10-30T08:16:38","guid":{"rendered":"http:\/\/www.newslettercreator.com\/?page_id=1993"},"modified":"2014-10-30T08:16:38","modified_gmt":"2014-10-30T08:16:38","slug":"mapa-strony","status":"publish","type":"page","link":"https:\/\/www.newslettercreator.com\/pl\/mapa-strony\/","title":{"rendered":"Mapa strony"},"content":{"rendered":"<p>Tu mo\u017cna znale\u017a\u0107 mapy witryny:<\/p>\n<ul><li><a href=\"https:\/\/www.newslettercreator.com\/pl\/wyprobuj-darmowa-wersje\/\">Wypr\u00f3buj darmow\u0105 wersj\u0119<\/a><\/li>\n<li><a href=\"https:\/\/www.newslettercreator.com\/pl\/\">MailStyler Kreator Newsletter\u00f3w<\/a><\/li>\n<li><a href=\"https:\/\/www.newslettercreator.com\/pl\/dlaczego-mailstyler\/\">Dlaczego  MailStyler<\/a><\/li>\n<li><a href=\"https:\/\/www.newslettercreator.com\/pl\/funkcjonalnosc\/\">Mo\u017cliwo\u015bci programu<\/a><\/li>\n<li><a href=\"https:\/\/www.newslettercreator.com\/pl\/cennik\/\">Cennik<\/a><\/li>\n<li><a href=\"https:\/\/www.newslettercreator.com\/pl\/podstawowa-biblioteka-obrazow\/\">Podstawowa biblioteka obraz\u00f3w<\/a><\/li>\n<li><a href=\"https:\/\/www.newslettercreator.com\/pl\/zaawansowana-biblioteka\/\">Zaawansowana biblioteka<\/a><\/li>\n<li><a href=\"https:\/\/www.newslettercreator.com\/pl\/polityka-prywatnosci\/\">Polityka prywatno\u015bci<\/a><\/li>\n<li><a href=\"https:\/\/www.newslettercreator.com\/pl\/screenshoty\/\">Screenshoty<\/a><\/li>\n<li><a href=\"https:\/\/www.newslettercreator.com\/pl\/nasza-firma\/\">Nasza firma<\/a><\/li>\n<li><a href=\"https:\/\/www.newslettercreator.com\/pl\/mapa-strony\/\">Mapa strony<\/a><\/li>\n<li><a href=\"https:\/\/www.newslettercreator.com\/pl\/wideo\/\">Video<\/a><\/li>\n<li><a href=\"https:\/\/www.newslettercreator.com\/pl\/przyklady-ukladow-newslettera\/\">Przyk\u0142ady uk\u0142ad\u00f3w newslettera<\/a><\/li>\n<li><a href=\"https:\/\/www.newslettercreator.com\/pl\/czego-potrzebujemy-profesjonalnego-kreatora-newsletterow\/\">Do czego potrzebujemy profesjonalnego kreatora newsletter\u00f3w<\/a><\/li>\n<li><a href=\"https:\/\/www.newslettercreator.com\/pl\/tworzenie-newslettera-w-microsoft-word-czy-to-dziala\/\">Tworzenie newslettera w Microsoft Word: czy to dzia\u0142a?<\/a><\/li>\n<li><a href=\"https:\/\/www.newslettercreator.com\/pl\/zaprojektuj-wzorzec-newslettera\/\">Zaprojektuj wzorzec newslettera<\/a><\/li>\n<li><a href=\"https:\/\/www.newslettercreator.com\/pl\/wzorzec-newslettera-email-jak-to-zrobic\/\">Wzorzec newslettera Email: jak to zrobi\u0107<\/a><\/li>\n<li><a href=\"https:\/\/www.newslettercreator.com\/pl\/jak-stworzyc-newsletter-2\/\">Jak stworzy\u0107 newsletter<\/a><\/li>\n<li><a href=\"https:\/\/www.newslettercreator.com\/pl\/jak-stworzyc-newsletter-w-html\/\">Jak stworzy\u0107 newsletter w HTML<\/a><\/li>\n<li><a href=\"https:\/\/www.newslettercreator.com\/pl\/jak-stworzyc-newsletter\/\">Jak stworzy\u0107 newsletter<\/a><\/li>\n<li><a href=\"https:\/\/www.newslettercreator.com\/pl\/email-w-html-jak-to-zrobic\/\">Email w HTML: jak to zrobi\u0107<\/a><\/li>\n<li><a href=\"https:\/\/www.newslettercreator.com\/pl\/tworzenie-wzorca-email\/\">Tworzenie wzorca Email<\/a><\/li>\n<li><a href=\"https:\/\/www.newslettercreator.com\/pl\/projektowanie-email\/\">Projektowanie Email<\/a><\/li>\n<li><a href=\"https:\/\/www.newslettercreator.com\/pl\/przyklady-newsletterow\/\">Przyk\u0142ady Newsletter\u00f3w<\/a><\/li>\n<li><a href=\"https:\/\/www.newslettercreator.com\/pl\/tworzenie-newsletterow\/\">Tworzenie newsletter\u00f3w<\/a><\/li>\n<li><a href=\"https:\/\/www.newslettercreator.com\/pl\/wzorce-html-email\/\">Wzorce HTML email<\/a><\/li>\n<li><a href=\"https:\/\/www.newslettercreator.com\/pl\/oprogramowanie-do-newsletterow\/\">Oprogramowanie do Newsletter\u00f3w<\/a><\/li>\n<li><a href=\"https:\/\/www.newslettercreator.com\/pl\/budowanie-wiadomosci-email-w-html\/\">Budowanie wiadomo\u015bci email w HTML<\/a><\/li>\n<li><a href=\"https:\/\/www.newslettercreator.com\/pl\/przykladowy-format-newslettera\/\">Przyk\u0142adowy format newslettera<\/a><\/li>\n<li><a href=\"https:\/\/www.newslettercreator.com\/pl\/test-kompatybilnosci-wzorca-newslettera\/\">Test kompatybilno\u015bci wzorca newslettera<\/a><\/li>\n<li><a href=\"https:\/\/www.newslettercreator.com\/pl\/responsywne-wzorce-wiadomosci-email\/\">Responsywne wzorce wiadomo\u015bci Email<\/a><\/li>\n<li><a href=\"https:\/\/www.newslettercreator.com\/pl\/testowanie-wiadomosci-email-z-litmus-a-potem-co\/\">Testowanie wiadomo\u015bci email z Litmus: a potem co?<\/a><\/li>\n<li><a href=\"https:\/\/www.newslettercreator.com\/pl\/css-w-wiadomosci-email-wspanialy-newsletter-dla-kazdego-programu-pocztowego\/\">CSS w wiadomo\u015bci Email: Wspania\u0142y Newsletter dla ka\u017cdego programu pocztowego<\/a><\/li>\n<li><a href=\"https:\/\/www.newslettercreator.com\/pl\/projekt-responsywnego-emaila\/\">Projekt responsywnego Emaila<\/a><\/li>\n<\/ul>\n","protected":false},"excerpt":{"rendered":"<p>Tu mo\u017cna znale\u017a\u0107 mapy witryny:<\/p>\n","protected":false},"author":1,"featured_media":0,"parent":0,"menu_order":0,"comment_status":"closed","ping_status":"closed","template":"g1_template_page_sidebar_right.php","meta":{"inline_featured_image":false,"_monsterinsights_skip_tracking":false,"_monsterinsights_sitenote_active":false,"_monsterinsights_sitenote_note":"","_monsterinsights_sitenote_category":0,"footnotes":""},"class_list":["post-1993","page","type-page","status-publish"],"yoast_head":"<!-- This site is optimized with the Yoast SEO plugin v25.2 - https:\/\/yoast.com\/wordpress\/plugins\/seo\/ -->\n<title>Mapa strony - Newsletter Creator<\/title>\n<meta name=\"robots\" content=\"index, follow, max-snippet:-1, max-image-preview:large, max-video-preview:-1\" \/>\n<link rel=\"canonical\" href=\"https:\/\/www.newslettercreator.com\/pl\/mapa-strony\/\" \/>\n<meta property=\"og:locale\" content=\"pl_PL\" \/>\n<meta property=\"og:type\" content=\"article\" \/>\n<meta property=\"og:title\" content=\"Mapa strony - Newsletter Creator\" \/>\n<meta property=\"og:description\" content=\"Tu mo\u017cna znale\u017a\u0107 mapy witryny:\" \/>\n<meta property=\"og:url\" content=\"https:\/\/www.newslettercreator.com\/pl\/mapa-strony\/\" \/>\n<meta property=\"og:site_name\" content=\"Newsletter Creator\" \/>\n<script type=\"application\/ld+json\" class=\"yoast-schema-graph\">{\"@context\":\"https:\/\/schema.org\",\"@graph\":[{\"@type\":\"WebPage\",\"@id\":\"https:\/\/www.newslettercreator.com\/pl\/mapa-strony\/\",\"url\":\"https:\/\/www.newslettercreator.com\/pl\/mapa-strony\/\",\"name\":\"Mapa strony - Newsletter Creator\",\"isPartOf\":{\"@id\":\"https:\/\/www.newslettercreator.com\/#website\"},\"datePublished\":\"2014-10-30T08:16:38+00:00\",\"breadcrumb\":{\"@id\":\"https:\/\/www.newslettercreator.com\/pl\/mapa-strony\/#breadcrumb\"},\"inLanguage\":\"pl-PL\",\"potentialAction\":[{\"@type\":\"ReadAction\",\"target\":[\"https:\/\/www.newslettercreator.com\/pl\/mapa-strony\/\"]}]},{\"@type\":\"BreadcrumbList\",\"@id\":\"https:\/\/www.newslettercreator.com\/pl\/mapa-strony\/#breadcrumb\",\"itemListElement\":[{\"@type\":\"ListItem\",\"position\":1,\"name\":\"Home\",\"item\":\"https:\/\/www.newslettercreator.com\/pl\/\"},{\"@type\":\"ListItem\",\"position\":2,\"name\":\"Mapa strony\"}]},{\"@type\":\"WebSite\",\"@id\":\"https:\/\/www.newslettercreator.com\/#website\",\"url\":\"https:\/\/www.newslettercreator.com\/\",\"name\":\"Newsletter Creator\",\"description\":\"Pay off\",\"potentialAction\":[{\"@type\":\"SearchAction\",\"target\":{\"@type\":\"EntryPoint\",\"urlTemplate\":\"https:\/\/www.newslettercreator.com\/?s={search_term_string}\"},\"query-input\":{\"@type\":\"PropertyValueSpecification\",\"valueRequired\":true,\"valueName\":\"search_term_string\"}}],\"inLanguage\":\"pl-PL\"}]}<\/script>\n<!-- \/ Yoast SEO plugin. -->","yoast_head_json":{"title":"Mapa strony - Newsletter Creator","robots":{"index":"index","follow":"follow","max-snippet":"max-snippet:-1","max-image-preview":"max-image-preview:large","max-video-preview":"max-video-preview:-1"},"canonical":"https:\/\/www.newslettercreator.com\/pl\/mapa-strony\/","og_locale":"pl_PL","og_type":"article","og_title":"Mapa strony - Newsletter Creator","og_description":"Tu mo\u017cna znale\u017a\u0107 mapy witryny:","og_url":"https:\/\/www.newslettercreator.com\/pl\/mapa-strony\/","og_site_name":"Newsletter Creator","schema":{"@context":"https:\/\/schema.org","@graph":[{"@type":"WebPage","@id":"https:\/\/www.newslettercreator.com\/pl\/mapa-strony\/","url":"https:\/\/www.newslettercreator.com\/pl\/mapa-strony\/","name":"Mapa strony - Newsletter Creator","isPartOf":{"@id":"https:\/\/www.newslettercreator.com\/#website"},"datePublished":"2014-10-30T08:16:38+00:00","breadcrumb":{"@id":"https:\/\/www.newslettercreator.com\/pl\/mapa-strony\/#breadcrumb"},"inLanguage":"pl-PL","potentialAction":[{"@type":"ReadAction","target":["https:\/\/www.newslettercreator.com\/pl\/mapa-strony\/"]}]},{"@type":"BreadcrumbList","@id":"https:\/\/www.newslettercreator.com\/pl\/mapa-strony\/#breadcrumb","itemListElement":[{"@type":"ListItem","position":1,"name":"Home","item":"https:\/\/www.newslettercreator.com\/pl\/"},{"@type":"ListItem","position":2,"name":"Mapa strony"}]},{"@type":"WebSite","@id":"https:\/\/www.newslettercreator.com\/#website","url":"https:\/\/www.newslettercreator.com\/","name":"Newsletter Creator","description":"Pay off","potentialAction":[{"@type":"SearchAction","target":{"@type":"EntryPoint","urlTemplate":"https:\/\/www.newslettercreator.com\/?s={search_term_string}"},"query-input":{"@type":"PropertyValueSpecification","valueRequired":true,"valueName":"search_term_string"}}],"inLanguage":"pl-PL"}]}},"_links":{"self":[{"href":"https:\/\/www.newslettercreator.com\/pl\/wp-json\/wp\/v2\/pages\/1993","targetHints":{"allow":["GET"]}}],"collection":[{"href":"https:\/\/www.newslettercreator.com\/pl\/wp-json\/wp\/v2\/pages"}],"about":[{"href":"https:\/\/www.newslettercreator.com\/pl\/wp-json\/wp\/v2\/types\/page"}],"author":[{"embeddable":true,"href":"https:\/\/www.newslettercreator.com\/pl\/wp-json\/wp\/v2\/users\/1"}],"replies":[{"embeddable":true,"href":"https:\/\/www.newslettercreator.com\/pl\/wp-json\/wp\/v2\/comments?post=1993"}],"version-history":[{"count":1,"href":"https:\/\/www.newslettercreator.com\/pl\/wp-json\/wp\/v2\/pages\/1993\/revisions"}],"predecessor-version":[{"id":1994,"href":"https:\/\/www.newslettercreator.com\/pl\/wp-json\/wp\/v2\/pages\/1993\/revisions\/1994"}],"wp:attachment":[{"href":"https:\/\/www.newslettercreator.com\/pl\/wp-json\/wp\/v2\/media?parent=1993"}],"curies":[{"name":"wp","href":"https:\/\/api.w.org\/{rel}","templated":true}]}}