{"id":4246,"date":"2016-01-26T15:37:01","date_gmt":"2016-01-26T15:37:01","guid":{"rendered":"http:\/\/www.newslettercreator.com\/pl\/?page_id=4246"},"modified":"2016-01-26T15:37:01","modified_gmt":"2016-01-26T15:37:01","slug":"czego-potrzebujemy-profesjonalnego-kreatora-newsletterow","status":"publish","type":"page","link":"https:\/\/www.newslettercreator.com\/pl\/czego-potrzebujemy-profesjonalnego-kreatora-newsletterow\/","title":{"rendered":"Do czego potrzebujemy profesjonalnego kreatora newsletter\u00f3w"},"content":{"rendered":"<p><img decoding=\"async\" class=\"alignnone size-full wp-image-237\" src=\"http:\/\/www.newslettercreator.com\/wp-content\/uploads\/2014\/02\/newsletter-program.jpg\" alt=\"Why get a professional newsletter maker\" width=\"649\" height=\"423\" \/><\/p>\n<p>Gdy zachodzi potrzeba <a title=\"Email newsletter template: how to\" href=\"http:\/\/www.newslettercreator.com\/email-newsletter-template-how-to\/\">budowy wzorca wiadomo\u015bci email<\/a> lub rozpocz\u0119cia kampanie marketingowej z wykorzystaniem emaila, mo\u017cliwo\u015b\u0107 polegania na <strong>profesjonalnym kreatorze wiadomo\u015bci<\/strong> jest zdecydowanie olbrzymi\u0105 pomoc\u0105. <\/p>\n<p>W szczeg\u00f3lno\u015bci, dobry kreator powinien oferowa\u0107:<\/p>\n<ul>\n<li><strong>\u0141atwo\u015b\u0107 i intuicyjno\u015b\u0107<\/strong> korzystania;\n<li>Nie wymaga\u0107 jakiejkolwiek wiedzy <strong>HTML\/CSS<\/strong> tak, aby mogli z niego korzysta\u0107 pocz\u0105tkuj\u0105cy;<\/li>\n<li>Oszcz\u0119dno\u015b\u0107 <strong>czasu<\/strong>, czyni\u0105c ca\u0142y proces tworzenia newslettera szybkim i prostym;<\/li>\n<li>Gotowe do u\u017cycia <strong>wbudowane elementy<\/strong>, kt\u00f3re mo\u017cna wykorzysta\u0107 za pomoc\u0105 prostych przeci\u0105gnij i upu\u015b\u0107;<\/li>\n<li>Szerokie <strong>mo\u017cliwo\u015bci edycji<\/strong> tak, aby mo\u017cna by\u0142o dodawa\u0107 zdj\u0119cia i zawarto\u015b\u0107 tak, aby wiadomo\u015b\u0107 by\u0142a na prawd\u0119 spersonalizowana;<\/li>\n<li>Pewno\u015b\u0107, \u017ce wszystkie stworzone wiadomo\u015bci b\u0119d\u0105 <strong>lekkie i poprawnie wy\u015bwietlane<\/strong> na wszystkich klientach i urz\u0105dzeniach;<\/li>\n<\/li>\n<p>MailStyler, <strong><a href=\"http:\/\/www.newslettercreator.com\/build-effective-newsletter\/\" title=\"best newsletter builder\">najlepszy kreator newsletter\u00f3w<\/a><\/strong>, spe\u0142nia wszystkie te wymagania.<\/p>\n<p>Dzi\u0119ki naszemu oprogramowaniu b\u0119dziesz m\u00f3g\u0142 tworzy\u0107 niesamowite wiadomo\u015bci email w ci\u0105gu kliku sekund, po prostu robi\u0105c <strong>przeci\u0105gnij i upu\u015b\u0107<\/strong> wszystkich element\u00f3w na pust\u0105 stron\u0119. A co wa\u017cniejsze, maj\u0105c pewno\u015b\u0107, \u017ce Tw\u00f3j uk\u0142ad b\u0119dzie si\u0119 renderowa\u0142 <strong><a href=\"http:\/\/www.newslettercreator.com\/newsletter-template-compatibility-test\/\" title=\"newsletter compatibility test\">zawsze idealnie<\/a><\/strong>, na dowolnym kliencie poczty.<\/p>\n<p>Z MailStyler b\u0119dziesz m\u00f3g\u0142 <strong>uwolni\u0107 swoj\u0105 kreatywno\u015b\u0107<\/strong> bez my\u015blenia o denerwuj\u0105cych technicznych aspektach takich jak kodowanie HTML: tym zajmie si\u0119 nasza aplikacja, gdy ty b\u0119dziesz m\u00f3g\u0142 si\u0119 skupi\u0107 na projektowaniu wiadomo\u015bci.<\/p>\n<p>&nbsp;<\/p>\n<p style=\"text-align: center;\"><a class=\"button large orange\" style=\"margin-top: 20px; width: 157px; margin-right: 30px;\" title=\"Pobierz Demo\" href=\"http:\/\/www.newslettercreator.com\/pl\/wyprobuj-darmowa-wersje\/\" target=\"_self\">POBIERZ DEMO<\/a><a class=\"button large darkgray\" style=\"margin-top: 20px; width: 157px;\" title=\"Kup Mailstyler Pro\" href=\"http:\/\/www.newslettercreator.com\/pl\/cennik\/\" target=\"_self\">KUP MAILSTYLER PRO<\/a><\/p>\n<p style=\"text-align: center; font-size: 11px;\">Ostatnia wersja: 2.24.01.17 | Data Wydania: 17\/01\/2024 | Rozmiar: 114.9 MB<br \/>\n<a href=\"http:\/\/www.newslettercreator.com\/license-agreement\/\" target=\"_blank\">Umowa licencyjna<\/a> | <a href=\"http:\/\/www.newslettercreator.com\/how-to-uninstall\/\" target=\"_blank\">Jak odinstalowa\u0107<\/a><\/p>\n","protected":false},"excerpt":{"rendered":"<p>Gdy zachodzi potrzeba budowy wzorca wiadomo\u015bci email lub rozpocz\u0119cia kampanie marketingowej z wykorzystaniem emaila, mo\u017cliwo\u015b\u0107 polegania na profesjonalnym kreatorze wiadomo\u015bci jest zdecydowanie olbrzymi\u0105 pomoc\u0105. W szczeg\u00f3lno\u015bci, dobry kreator powinien oferowa\u0107: \u0141atwo\u015b\u0107 i intuicyjno\u015b\u0107 korzystania; Nie wymaga\u0107 jakiejkolwiek wiedzy HTML\/CSS tak, aby mogli z niego korzysta\u0107 pocz\u0105tkuj\u0105cy; Oszcz\u0119dno\u015b\u0107 czasu, czyni\u0105c ca\u0142y proces tworzenia newslettera szybkim i [&hellip;]<\/p>\n","protected":false},"author":1,"featured_media":0,"parent":0,"menu_order":0,"comment_status":"closed","ping_status":"closed","template":"g1_template_page_sidebar_right.php","meta":{"inline_featured_image":false,"_monsterinsights_skip_tracking":false,"_monsterinsights_sitenote_active":false,"_monsterinsights_sitenote_note":"","_monsterinsights_sitenote_category":0,"footnotes":""},"class_list":["post-4246","page","type-page","status-publish"],"yoast_head":"<!-- This site is optimized with the Yoast SEO plugin v25.2 - https:\/\/yoast.com\/wordpress\/plugins\/seo\/ -->\n<title>Do czego potrzebujemy profesjonalnego kreatora newsletter\u00f3w - Newsletter Creator<\/title>\n<meta name=\"robots\" content=\"index, follow, max-snippet:-1, max-image-preview:large, max-video-preview:-1\" \/>\n<link rel=\"canonical\" href=\"https:\/\/www.newslettercreator.com\/pl\/czego-potrzebujemy-profesjonalnego-kreatora-newsletterow\/\" \/>\n<meta property=\"og:locale\" content=\"pl_PL\" \/>\n<meta property=\"og:type\" content=\"article\" \/>\n<meta property=\"og:title\" content=\"Do czego potrzebujemy profesjonalnego kreatora newsletter\u00f3w - Newsletter Creator\" \/>\n<meta property=\"og:description\" content=\"Gdy zachodzi potrzeba budowy wzorca wiadomo\u015bci email lub rozpocz\u0119cia kampanie marketingowej z wykorzystaniem emaila, mo\u017cliwo\u015b\u0107 polegania na profesjonalnym kreatorze wiadomo\u015bci jest zdecydowanie olbrzymi\u0105 pomoc\u0105. W szczeg\u00f3lno\u015bci, dobry kreator powinien oferowa\u0107: \u0141atwo\u015b\u0107 i intuicyjno\u015b\u0107 korzystania; Nie wymaga\u0107 jakiejkolwiek wiedzy HTML\/CSS tak, aby mogli z niego korzysta\u0107 pocz\u0105tkuj\u0105cy; Oszcz\u0119dno\u015b\u0107 czasu, czyni\u0105c ca\u0142y proces tworzenia newslettera szybkim i [&hellip;]\" \/>\n<meta property=\"og:url\" content=\"https:\/\/www.newslettercreator.com\/pl\/czego-potrzebujemy-profesjonalnego-kreatora-newsletterow\/\" \/>\n<meta property=\"og:site_name\" content=\"Newsletter Creator\" \/>\n<meta property=\"og:image\" content=\"http:\/\/www.newslettercreator.com\/wp-content\/uploads\/2014\/02\/newsletter-program.jpg\" \/>\n<meta name=\"twitter:label1\" content=\"Szacowany czas czytania\" \/>\n\t<meta name=\"twitter:data1\" content=\"1 minuta\" \/>\n<script type=\"application\/ld+json\" class=\"yoast-schema-graph\">{\"@context\":\"https:\/\/schema.org\",\"@graph\":[{\"@type\":\"WebPage\",\"@id\":\"https:\/\/www.newslettercreator.com\/pl\/czego-potrzebujemy-profesjonalnego-kreatora-newsletterow\/\",\"url\":\"https:\/\/www.newslettercreator.com\/pl\/czego-potrzebujemy-profesjonalnego-kreatora-newsletterow\/\",\"name\":\"Do czego potrzebujemy profesjonalnego kreatora newsletter\u00f3w - Newsletter Creator\",\"isPartOf\":{\"@id\":\"https:\/\/www.newslettercreator.com\/#website\"},\"primaryImageOfPage\":{\"@id\":\"https:\/\/www.newslettercreator.com\/pl\/czego-potrzebujemy-profesjonalnego-kreatora-newsletterow\/#primaryimage\"},\"image\":{\"@id\":\"https:\/\/www.newslettercreator.com\/pl\/czego-potrzebujemy-profesjonalnego-kreatora-newsletterow\/#primaryimage\"},\"thumbnailUrl\":\"http:\/\/www.newslettercreator.com\/wp-content\/uploads\/2014\/02\/newsletter-program.jpg\",\"datePublished\":\"2016-01-26T15:37:01+00:00\",\"breadcrumb\":{\"@id\":\"https:\/\/www.newslettercreator.com\/pl\/czego-potrzebujemy-profesjonalnego-kreatora-newsletterow\/#breadcrumb\"},\"inLanguage\":\"pl-PL\",\"potentialAction\":[{\"@type\":\"ReadAction\",\"target\":[\"https:\/\/www.newslettercreator.com\/pl\/czego-potrzebujemy-profesjonalnego-kreatora-newsletterow\/\"]}]},{\"@type\":\"ImageObject\",\"inLanguage\":\"pl-PL\",\"@id\":\"https:\/\/www.newslettercreator.com\/pl\/czego-potrzebujemy-profesjonalnego-kreatora-newsletterow\/#primaryimage\",\"url\":\"http:\/\/www.newslettercreator.com\/wp-content\/uploads\/2014\/02\/newsletter-program.jpg\",\"contentUrl\":\"http:\/\/www.newslettercreator.com\/wp-content\/uploads\/2014\/02\/newsletter-program.jpg\"},{\"@type\":\"BreadcrumbList\",\"@id\":\"https:\/\/www.newslettercreator.com\/pl\/czego-potrzebujemy-profesjonalnego-kreatora-newsletterow\/#breadcrumb\",\"itemListElement\":[{\"@type\":\"ListItem\",\"position\":1,\"name\":\"Home\",\"item\":\"https:\/\/www.newslettercreator.com\/pl\/\"},{\"@type\":\"ListItem\",\"position\":2,\"name\":\"Do czego potrzebujemy profesjonalnego kreatora newsletter\u00f3w\"}]},{\"@type\":\"WebSite\",\"@id\":\"https:\/\/www.newslettercreator.com\/#website\",\"url\":\"https:\/\/www.newslettercreator.com\/\",\"name\":\"Newsletter Creator\",\"description\":\"Pay off\",\"potentialAction\":[{\"@type\":\"SearchAction\",\"target\":{\"@type\":\"EntryPoint\",\"urlTemplate\":\"https:\/\/www.newslettercreator.com\/?s={search_term_string}\"},\"query-input\":{\"@type\":\"PropertyValueSpecification\",\"valueRequired\":true,\"valueName\":\"search_term_string\"}}],\"inLanguage\":\"pl-PL\"}]}<\/script>\n<!-- \/ Yoast SEO plugin. -->","yoast_head_json":{"title":"Do czego potrzebujemy profesjonalnego kreatora newsletter\u00f3w - Newsletter Creator","robots":{"index":"index","follow":"follow","max-snippet":"max-snippet:-1","max-image-preview":"max-image-preview:large","max-video-preview":"max-video-preview:-1"},"canonical":"https:\/\/www.newslettercreator.com\/pl\/czego-potrzebujemy-profesjonalnego-kreatora-newsletterow\/","og_locale":"pl_PL","og_type":"article","og_title":"Do czego potrzebujemy profesjonalnego kreatora newsletter\u00f3w - Newsletter Creator","og_description":"Gdy zachodzi potrzeba budowy wzorca wiadomo\u015bci email lub rozpocz\u0119cia kampanie marketingowej z wykorzystaniem emaila, mo\u017cliwo\u015b\u0107 polegania na profesjonalnym kreatorze wiadomo\u015bci jest zdecydowanie olbrzymi\u0105 pomoc\u0105. W szczeg\u00f3lno\u015bci, dobry kreator powinien oferowa\u0107: \u0141atwo\u015b\u0107 i intuicyjno\u015b\u0107 korzystania; Nie wymaga\u0107 jakiejkolwiek wiedzy HTML\/CSS tak, aby mogli z niego korzysta\u0107 pocz\u0105tkuj\u0105cy; Oszcz\u0119dno\u015b\u0107 czasu, czyni\u0105c ca\u0142y proces tworzenia newslettera szybkim i [&hellip;]","og_url":"https:\/\/www.newslettercreator.com\/pl\/czego-potrzebujemy-profesjonalnego-kreatora-newsletterow\/","og_site_name":"Newsletter Creator","og_image":[{"url":"http:\/\/www.newslettercreator.com\/wp-content\/uploads\/2014\/02\/newsletter-program.jpg","type":"","width":"","height":""}],"twitter_misc":{"Szacowany czas czytania":"1 minuta"},"schema":{"@context":"https:\/\/schema.org","@graph":[{"@type":"WebPage","@id":"https:\/\/www.newslettercreator.com\/pl\/czego-potrzebujemy-profesjonalnego-kreatora-newsletterow\/","url":"https:\/\/www.newslettercreator.com\/pl\/czego-potrzebujemy-profesjonalnego-kreatora-newsletterow\/","name":"Do czego potrzebujemy profesjonalnego kreatora newsletter\u00f3w - Newsletter Creator","isPartOf":{"@id":"https:\/\/www.newslettercreator.com\/#website"},"primaryImageOfPage":{"@id":"https:\/\/www.newslettercreator.com\/pl\/czego-potrzebujemy-profesjonalnego-kreatora-newsletterow\/#primaryimage"},"image":{"@id":"https:\/\/www.newslettercreator.com\/pl\/czego-potrzebujemy-profesjonalnego-kreatora-newsletterow\/#primaryimage"},"thumbnailUrl":"http:\/\/www.newslettercreator.com\/wp-content\/uploads\/2014\/02\/newsletter-program.jpg","datePublished":"2016-01-26T15:37:01+00:00","breadcrumb":{"@id":"https:\/\/www.newslettercreator.com\/pl\/czego-potrzebujemy-profesjonalnego-kreatora-newsletterow\/#breadcrumb"},"inLanguage":"pl-PL","potentialAction":[{"@type":"ReadAction","target":["https:\/\/www.newslettercreator.com\/pl\/czego-potrzebujemy-profesjonalnego-kreatora-newsletterow\/"]}]},{"@type":"ImageObject","inLanguage":"pl-PL","@id":"https:\/\/www.newslettercreator.com\/pl\/czego-potrzebujemy-profesjonalnego-kreatora-newsletterow\/#primaryimage","url":"http:\/\/www.newslettercreator.com\/wp-content\/uploads\/2014\/02\/newsletter-program.jpg","contentUrl":"http:\/\/www.newslettercreator.com\/wp-content\/uploads\/2014\/02\/newsletter-program.jpg"},{"@type":"BreadcrumbList","@id":"https:\/\/www.newslettercreator.com\/pl\/czego-potrzebujemy-profesjonalnego-kreatora-newsletterow\/#breadcrumb","itemListElement":[{"@type":"ListItem","position":1,"name":"Home","item":"https:\/\/www.newslettercreator.com\/pl\/"},{"@type":"ListItem","position":2,"name":"Do czego potrzebujemy profesjonalnego kreatora newsletter\u00f3w"}]},{"@type":"WebSite","@id":"https:\/\/www.newslettercreator.com\/#website","url":"https:\/\/www.newslettercreator.com\/","name":"Newsletter Creator","description":"Pay off","potentialAction":[{"@type":"SearchAction","target":{"@type":"EntryPoint","urlTemplate":"https:\/\/www.newslettercreator.com\/?s={search_term_string}"},"query-input":{"@type":"PropertyValueSpecification","valueRequired":true,"valueName":"search_term_string"}}],"inLanguage":"pl-PL"}]}},"_links":{"self":[{"href":"https:\/\/www.newslettercreator.com\/pl\/wp-json\/wp\/v2\/pages\/4246","targetHints":{"allow":["GET"]}}],"collection":[{"href":"https:\/\/www.newslettercreator.com\/pl\/wp-json\/wp\/v2\/pages"}],"about":[{"href":"https:\/\/www.newslettercreator.com\/pl\/wp-json\/wp\/v2\/types\/page"}],"author":[{"embeddable":true,"href":"https:\/\/www.newslettercreator.com\/pl\/wp-json\/wp\/v2\/users\/1"}],"replies":[{"embeddable":true,"href":"https:\/\/www.newslettercreator.com\/pl\/wp-json\/wp\/v2\/comments?post=4246"}],"version-history":[{"count":1,"href":"https:\/\/www.newslettercreator.com\/pl\/wp-json\/wp\/v2\/pages\/4246\/revisions"}],"predecessor-version":[{"id":4247,"href":"https:\/\/www.newslettercreator.com\/pl\/wp-json\/wp\/v2\/pages\/4246\/revisions\/4247"}],"wp:attachment":[{"href":"https:\/\/www.newslettercreator.com\/pl\/wp-json\/wp\/v2\/media?parent=4246"}],"curies":[{"name":"wp","href":"https:\/\/api.w.org\/{rel}","templated":true}]}}