{"id":4248,"date":"2016-01-27T08:02:58","date_gmt":"2016-01-27T08:02:58","guid":{"rendered":"http:\/\/www.newslettercreator.com\/pl\/?page_id=4248"},"modified":"2016-01-27T08:02:58","modified_gmt":"2016-01-27T08:02:58","slug":"tworzenie-newslettera-w-microsoft-word-czy-to-dziala","status":"publish","type":"page","link":"https:\/\/www.newslettercreator.com\/pl\/tworzenie-newslettera-w-microsoft-word-czy-to-dziala\/","title":{"rendered":"Tworzenie newslettera w Microsoft Word: czy to dzia\u0142a?"},"content":{"rendered":"<p>Jest oczywi\u015bcie mo\u017cliwe <strong>stworzenie swojego newslettera korzystaj\u0105c z Microsoft Word<\/strong>. I na pierwszy rzut oka wydaje si\u0119 to bardzo proste: tworzysz nowy dokument, wybierasz Uk\u0142ad Strony, nast\u0119pnie ilo\u015b\u0107 kolumn, zaczynasz wprowadza\u0107 swoj\u0105 zawarto\u015b\u0107, dodajesz zdj\u0119cia \u2026 Etc.<\/p>\n<p>Ale prawd\u0119 m\u00f3wi\u0105c nie jest to takie proste jak by si\u0119 mog\u0142o wydawa\u0107. Jak r\u00f3wnie\u017c <strong>nierekomendowane<\/strong>. W rzeczywisto\u015bci s\u0105 dwa g\u0142\u00f3wne powody, dla kt\u00f3rych <strong>nie powinni\u015bmy korzysta\u0107 Microsoft Word do tworzenia newslettera<\/strong>.<\/p>\n<p><img decoding=\"async\" class=\"alignnone size-full wp-image-237\" src=\"http:\/\/www.newslettercreator.com\/wp-content\/uploads\/2014\/02\/newsletter-template-microsoft-word-how-to.jpg\" alt=\"Create a newsletter with Microsoft Word: does it work?\" width=\"649\" height=\"423\" \/><\/p>\n<p>Przede wszystkim, <strong>Word nie by\u0142 stworzony jak kreator newsletter\u00f3w<\/strong>. To doskona\u0142y edytor teksu i na pewno bardzo elastyczny, ale nigdy nie b\u0119dzie dedykowan\u0105 aplikacj\u0105. Co oznacza: ca\u0142kiem <strong>sporo wysi\u0142ku<\/strong> w celu stworzenia prostego newslettera oraz ma\u0142o narz\u0119dzi do projektowania.<\/p>\n<p>Po drugie \u2014 i co wa\u017cniejsze \u2014 Word mo\u017ce dodawa\u0107 <strong>niestandardowe kodowanie<\/strong> do kodu HTML Twojego newslettera. A to mo\u017ce spowodowa\u0107 <strong>problemy z renderowaniem<\/strong> dla Twoich czytelnik\u00f3w, szczeg\u00f3lnie, je\u017celi u\u017cywaj\u0105 program\u00f3w innych ni\u017c Microsoft Outlook. To subtelny problem, bo dobry projekt newslettera wymaga pewnych <strong>w\u0142a\u015bciwych standard\u00f3w w HTML<\/strong> a dzi\u0119ki czystemu kodowi mo\u017ce by\u0107 poprawnie wy\u015bwietlony\u2014 i r\u00f3wnie\u017c <strong>poprawnie dostarczony<\/strong>.<\/p>\n<p>A tym samym, aby mie\u0107 jak najlepsze wyniki oraz pewno\u015b\u0107, \u017ce Twoje wiadomo\u015bci s\u0105 naprawd\u0119 efektywne, \u0142atwe do dostarczenia (i c\u00f3\u017c po prostu \u0142adne), zdecydowanie potrzebujesz <strong>prawdziwego kreatora newsletter\u00f3w<\/strong>: <a href=\"http:\/\/www.newslettercreator.com\/pl\/cennik\/\" title=\"MailStyler cennik\">MailStyler<\/a>.<\/p>\n<p>Dzi\u0119ki MailStyler b\u0119dziesz m\u00f3g\u0142 budowa\u0107 niesamowite uk\u0142ady w kilka minut, korzystaj\u0105c <strong>z serii przeci\u0105gnij i upu\u015b\u0107<\/strong>: dodatkowo wszystkie podstawowe bloki zosta\u0142y stworzone przez profesjonalnych web designer\u00f3w, rezultat ko\u0144cowy b\u0119dzie <strong>kompatybilny z dowolnym klientem poczty<\/strong>. Zacznij ju\u017c teraz i uzyskaj nowy wygl\u0105d swojego newslettera.<\/p>\n<p>&nbsp;<\/p>\n<p style=\"text-align: center;\"><a class=\"button large orange\" style=\"margin-top: 20px; width: 157px; margin-right: 30px;\" title=\"Pobierz Demo\" href=\"http:\/\/www.newslettercreator.com\/pl\/wyprobuj-darmowa-wersje\/\" target=\"_self\">POBIERZ DEMO<\/a><a class=\"button large darkgray\" style=\"margin-top: 20px; width: 157px;\" title=\"Kup Mailstyler Pro\" href=\"http:\/\/www.newslettercreator.com\/pl\/cennik\/\" target=\"_self\">KUP MAILSTYLER PRO<\/a><\/p>\n<p style=\"text-align: center; font-size: 11px;\">Ostatnia wersja: 2.24.01.17 | Data Wydania: 17\/01\/2024 | Rozmiar: 114.9 MB<br \/>\n<a href=\"http:\/\/www.newslettercreator.com\/license-agreement\/\" target=\"_blank\">Umowa licencyjna<\/a> | <a href=\"http:\/\/www.newslettercreator.com\/how-to-uninstall\/\" target=\"_blank\">Jak odinstalowa\u0107<\/a><\/p>\n","protected":false},"excerpt":{"rendered":"<p>Jest oczywi\u015bcie mo\u017cliwe stworzenie swojego newslettera korzystaj\u0105c z Microsoft Word. I na pierwszy rzut oka wydaje si\u0119 to bardzo proste: tworzysz nowy dokument, wybierasz Uk\u0142ad Strony, nast\u0119pnie ilo\u015b\u0107 kolumn, zaczynasz wprowadza\u0107 swoj\u0105 zawarto\u015b\u0107, dodajesz zdj\u0119cia \u2026 Etc. Ale prawd\u0119 m\u00f3wi\u0105c nie jest to takie proste jak by si\u0119 mog\u0142o wydawa\u0107. Jak r\u00f3wnie\u017c nierekomendowane. W rzeczywisto\u015bci [&hellip;]<\/p>\n","protected":false},"author":1,"featured_media":0,"parent":0,"menu_order":0,"comment_status":"closed","ping_status":"closed","template":"g1_template_page_sidebar_right.php","meta":{"inline_featured_image":false,"_monsterinsights_skip_tracking":false,"_monsterinsights_sitenote_active":false,"_monsterinsights_sitenote_note":"","_monsterinsights_sitenote_category":0,"footnotes":""},"class_list":["post-4248","page","type-page","status-publish"],"yoast_head":"<!-- This site is optimized with the Yoast SEO plugin v25.2 - https:\/\/yoast.com\/wordpress\/plugins\/seo\/ -->\n<title>Tworzenie newslettera w Microsoft Word: czy to dzia\u0142a? - Newsletter Creator<\/title>\n<meta name=\"robots\" content=\"index, follow, max-snippet:-1, max-image-preview:large, max-video-preview:-1\" \/>\n<link rel=\"canonical\" href=\"https:\/\/www.newslettercreator.com\/pl\/tworzenie-newslettera-w-microsoft-word-czy-to-dziala\/\" \/>\n<meta property=\"og:locale\" content=\"pl_PL\" \/>\n<meta property=\"og:type\" content=\"article\" \/>\n<meta property=\"og:title\" content=\"Tworzenie newslettera w Microsoft Word: czy to dzia\u0142a? - Newsletter Creator\" \/>\n<meta property=\"og:description\" content=\"Jest oczywi\u015bcie mo\u017cliwe stworzenie swojego newslettera korzystaj\u0105c z Microsoft Word. I na pierwszy rzut oka wydaje si\u0119 to bardzo proste: tworzysz nowy dokument, wybierasz Uk\u0142ad Strony, nast\u0119pnie ilo\u015b\u0107 kolumn, zaczynasz wprowadza\u0107 swoj\u0105 zawarto\u015b\u0107, dodajesz zdj\u0119cia \u2026 Etc. Ale prawd\u0119 m\u00f3wi\u0105c nie jest to takie proste jak by si\u0119 mog\u0142o wydawa\u0107. Jak r\u00f3wnie\u017c nierekomendowane. W rzeczywisto\u015bci [&hellip;]\" \/>\n<meta property=\"og:url\" content=\"https:\/\/www.newslettercreator.com\/pl\/tworzenie-newslettera-w-microsoft-word-czy-to-dziala\/\" \/>\n<meta property=\"og:site_name\" content=\"Newsletter Creator\" \/>\n<meta property=\"og:image\" content=\"http:\/\/www.newslettercreator.com\/wp-content\/uploads\/2014\/02\/newsletter-template-microsoft-word-how-to.jpg\" \/>\n<meta name=\"twitter:label1\" content=\"Szacowany czas czytania\" \/>\n\t<meta name=\"twitter:data1\" content=\"2 minuty\" \/>\n<script type=\"application\/ld+json\" class=\"yoast-schema-graph\">{\"@context\":\"https:\/\/schema.org\",\"@graph\":[{\"@type\":\"WebPage\",\"@id\":\"https:\/\/www.newslettercreator.com\/pl\/tworzenie-newslettera-w-microsoft-word-czy-to-dziala\/\",\"url\":\"https:\/\/www.newslettercreator.com\/pl\/tworzenie-newslettera-w-microsoft-word-czy-to-dziala\/\",\"name\":\"Tworzenie newslettera w Microsoft Word: czy to dzia\u0142a? - Newsletter Creator\",\"isPartOf\":{\"@id\":\"https:\/\/www.newslettercreator.com\/#website\"},\"primaryImageOfPage\":{\"@id\":\"https:\/\/www.newslettercreator.com\/pl\/tworzenie-newslettera-w-microsoft-word-czy-to-dziala\/#primaryimage\"},\"image\":{\"@id\":\"https:\/\/www.newslettercreator.com\/pl\/tworzenie-newslettera-w-microsoft-word-czy-to-dziala\/#primaryimage\"},\"thumbnailUrl\":\"http:\/\/www.newslettercreator.com\/wp-content\/uploads\/2014\/02\/newsletter-template-microsoft-word-how-to.jpg\",\"datePublished\":\"2016-01-27T08:02:58+00:00\",\"breadcrumb\":{\"@id\":\"https:\/\/www.newslettercreator.com\/pl\/tworzenie-newslettera-w-microsoft-word-czy-to-dziala\/#breadcrumb\"},\"inLanguage\":\"pl-PL\",\"potentialAction\":[{\"@type\":\"ReadAction\",\"target\":[\"https:\/\/www.newslettercreator.com\/pl\/tworzenie-newslettera-w-microsoft-word-czy-to-dziala\/\"]}]},{\"@type\":\"ImageObject\",\"inLanguage\":\"pl-PL\",\"@id\":\"https:\/\/www.newslettercreator.com\/pl\/tworzenie-newslettera-w-microsoft-word-czy-to-dziala\/#primaryimage\",\"url\":\"http:\/\/www.newslettercreator.com\/wp-content\/uploads\/2014\/02\/newsletter-template-microsoft-word-how-to.jpg\",\"contentUrl\":\"http:\/\/www.newslettercreator.com\/wp-content\/uploads\/2014\/02\/newsletter-template-microsoft-word-how-to.jpg\"},{\"@type\":\"BreadcrumbList\",\"@id\":\"https:\/\/www.newslettercreator.com\/pl\/tworzenie-newslettera-w-microsoft-word-czy-to-dziala\/#breadcrumb\",\"itemListElement\":[{\"@type\":\"ListItem\",\"position\":1,\"name\":\"Home\",\"item\":\"https:\/\/www.newslettercreator.com\/pl\/\"},{\"@type\":\"ListItem\",\"position\":2,\"name\":\"Tworzenie newslettera w Microsoft Word: czy to dzia\u0142a?\"}]},{\"@type\":\"WebSite\",\"@id\":\"https:\/\/www.newslettercreator.com\/#website\",\"url\":\"https:\/\/www.newslettercreator.com\/\",\"name\":\"Newsletter Creator\",\"description\":\"Pay off\",\"potentialAction\":[{\"@type\":\"SearchAction\",\"target\":{\"@type\":\"EntryPoint\",\"urlTemplate\":\"https:\/\/www.newslettercreator.com\/?s={search_term_string}\"},\"query-input\":{\"@type\":\"PropertyValueSpecification\",\"valueRequired\":true,\"valueName\":\"search_term_string\"}}],\"inLanguage\":\"pl-PL\"}]}<\/script>\n<!-- \/ Yoast SEO plugin. -->","yoast_head_json":{"title":"Tworzenie newslettera w Microsoft Word: czy to dzia\u0142a? - Newsletter Creator","robots":{"index":"index","follow":"follow","max-snippet":"max-snippet:-1","max-image-preview":"max-image-preview:large","max-video-preview":"max-video-preview:-1"},"canonical":"https:\/\/www.newslettercreator.com\/pl\/tworzenie-newslettera-w-microsoft-word-czy-to-dziala\/","og_locale":"pl_PL","og_type":"article","og_title":"Tworzenie newslettera w Microsoft Word: czy to dzia\u0142a? - Newsletter Creator","og_description":"Jest oczywi\u015bcie mo\u017cliwe stworzenie swojego newslettera korzystaj\u0105c z Microsoft Word. I na pierwszy rzut oka wydaje si\u0119 to bardzo proste: tworzysz nowy dokument, wybierasz Uk\u0142ad Strony, nast\u0119pnie ilo\u015b\u0107 kolumn, zaczynasz wprowadza\u0107 swoj\u0105 zawarto\u015b\u0107, dodajesz zdj\u0119cia \u2026 Etc. Ale prawd\u0119 m\u00f3wi\u0105c nie jest to takie proste jak by si\u0119 mog\u0142o wydawa\u0107. Jak r\u00f3wnie\u017c nierekomendowane. W rzeczywisto\u015bci [&hellip;]","og_url":"https:\/\/www.newslettercreator.com\/pl\/tworzenie-newslettera-w-microsoft-word-czy-to-dziala\/","og_site_name":"Newsletter Creator","og_image":[{"url":"http:\/\/www.newslettercreator.com\/wp-content\/uploads\/2014\/02\/newsletter-template-microsoft-word-how-to.jpg","type":"","width":"","height":""}],"twitter_misc":{"Szacowany czas czytania":"2 minuty"},"schema":{"@context":"https:\/\/schema.org","@graph":[{"@type":"WebPage","@id":"https:\/\/www.newslettercreator.com\/pl\/tworzenie-newslettera-w-microsoft-word-czy-to-dziala\/","url":"https:\/\/www.newslettercreator.com\/pl\/tworzenie-newslettera-w-microsoft-word-czy-to-dziala\/","name":"Tworzenie newslettera w Microsoft Word: czy to dzia\u0142a? - Newsletter Creator","isPartOf":{"@id":"https:\/\/www.newslettercreator.com\/#website"},"primaryImageOfPage":{"@id":"https:\/\/www.newslettercreator.com\/pl\/tworzenie-newslettera-w-microsoft-word-czy-to-dziala\/#primaryimage"},"image":{"@id":"https:\/\/www.newslettercreator.com\/pl\/tworzenie-newslettera-w-microsoft-word-czy-to-dziala\/#primaryimage"},"thumbnailUrl":"http:\/\/www.newslettercreator.com\/wp-content\/uploads\/2014\/02\/newsletter-template-microsoft-word-how-to.jpg","datePublished":"2016-01-27T08:02:58+00:00","breadcrumb":{"@id":"https:\/\/www.newslettercreator.com\/pl\/tworzenie-newslettera-w-microsoft-word-czy-to-dziala\/#breadcrumb"},"inLanguage":"pl-PL","potentialAction":[{"@type":"ReadAction","target":["https:\/\/www.newslettercreator.com\/pl\/tworzenie-newslettera-w-microsoft-word-czy-to-dziala\/"]}]},{"@type":"ImageObject","inLanguage":"pl-PL","@id":"https:\/\/www.newslettercreator.com\/pl\/tworzenie-newslettera-w-microsoft-word-czy-to-dziala\/#primaryimage","url":"http:\/\/www.newslettercreator.com\/wp-content\/uploads\/2014\/02\/newsletter-template-microsoft-word-how-to.jpg","contentUrl":"http:\/\/www.newslettercreator.com\/wp-content\/uploads\/2014\/02\/newsletter-template-microsoft-word-how-to.jpg"},{"@type":"BreadcrumbList","@id":"https:\/\/www.newslettercreator.com\/pl\/tworzenie-newslettera-w-microsoft-word-czy-to-dziala\/#breadcrumb","itemListElement":[{"@type":"ListItem","position":1,"name":"Home","item":"https:\/\/www.newslettercreator.com\/pl\/"},{"@type":"ListItem","position":2,"name":"Tworzenie newslettera w Microsoft Word: czy to dzia\u0142a?"}]},{"@type":"WebSite","@id":"https:\/\/www.newslettercreator.com\/#website","url":"https:\/\/www.newslettercreator.com\/","name":"Newsletter Creator","description":"Pay off","potentialAction":[{"@type":"SearchAction","target":{"@type":"EntryPoint","urlTemplate":"https:\/\/www.newslettercreator.com\/?s={search_term_string}"},"query-input":{"@type":"PropertyValueSpecification","valueRequired":true,"valueName":"search_term_string"}}],"inLanguage":"pl-PL"}]}},"_links":{"self":[{"href":"https:\/\/www.newslettercreator.com\/pl\/wp-json\/wp\/v2\/pages\/4248","targetHints":{"allow":["GET"]}}],"collection":[{"href":"https:\/\/www.newslettercreator.com\/pl\/wp-json\/wp\/v2\/pages"}],"about":[{"href":"https:\/\/www.newslettercreator.com\/pl\/wp-json\/wp\/v2\/types\/page"}],"author":[{"embeddable":true,"href":"https:\/\/www.newslettercreator.com\/pl\/wp-json\/wp\/v2\/users\/1"}],"replies":[{"embeddable":true,"href":"https:\/\/www.newslettercreator.com\/pl\/wp-json\/wp\/v2\/comments?post=4248"}],"version-history":[{"count":1,"href":"https:\/\/www.newslettercreator.com\/pl\/wp-json\/wp\/v2\/pages\/4248\/revisions"}],"predecessor-version":[{"id":4249,"href":"https:\/\/www.newslettercreator.com\/pl\/wp-json\/wp\/v2\/pages\/4248\/revisions\/4249"}],"wp:attachment":[{"href":"https:\/\/www.newslettercreator.com\/pl\/wp-json\/wp\/v2\/media?parent=4248"}],"curies":[{"name":"wp","href":"https:\/\/api.w.org\/{rel}","templated":true}]}}