{"id":4250,"date":"2016-01-27T08:15:07","date_gmt":"2016-01-27T08:15:07","guid":{"rendered":"http:\/\/www.newslettercreator.com\/pl\/?page_id=4250"},"modified":"2016-01-27T08:15:07","modified_gmt":"2016-01-27T08:15:07","slug":"zaprojektuj-wzorzec-newslettera","status":"publish","type":"page","link":"https:\/\/www.newslettercreator.com\/pl\/zaprojektuj-wzorzec-newslettera\/","title":{"rendered":"Zaprojektuj wzorzec newslettera"},"content":{"rendered":"<p><img decoding=\"async\" class=\"alignnone size-full wp-image-237\" src=\"http:\/\/www.newslettercreator.com\/wp-content\/uploads\/2014\/03\/design-newsletter-template.jpg\" alt=\"Design a newsletter template\" width=\"649\" height=\"423\" \/><\/p>\n<p>Projektowanie <strong>wzorca newslettera<\/strong> jest uwa\u017cne za najbardziej skomplikowan\u0105 cz\u0119\u015b\u0107 tworzenia kampanii email. I jest to prawda: do zaprojektowania ol\u015bniewaj\u0105cego wzorca potrzebujesz doskona\u0142ych umiej\u0119tno\u015bci HTML\/CSS, zmys\u0142u graficznego i dodatkowo kreatywno\u015bci. To, dlatego wiele os\u00f3b preferuje gotowe wzorce wiadomo\u015bci email.<\/p>\n<p>Ale teraz sytuacja si\u0119 zmieni\u0142a.<\/p>\n<p>Sprawd\u017a <a href=\"http:\/\/www.newslettercreator.com\/pl\/cennik\/\" title=\"MailStyler Cennik\">MailStyler<\/a>: mo\u017cesz stworzy\u0107 <strong>w\u0142asny, spersonalizowany wzorzec newslettera<\/strong> od podstaw, bez pisania kodu \u2014 a mo\u017cesz by\u0107 pewien, \u017ce rezultat zawsze b\u0119dzie <strong>kompatybilny w dowolnym kliencie poczty<\/strong>.<\/p>\n<p>Prawd\u0105 jest r\u00f3wnie\u017c, \u017ce nasz <strong>kreator wzorc\u00f3w<\/strong> pozwala ci na tworzenie niesamowitych Wzorc\u00f3w HTML za pomoc\u0105 kilku prostych ruch\u00f3w <strong>przeci\u0105gnij &#038; upu\u015b\u0107<\/strong>: kolumny, bloki, zdj\u0119cia, przyciski, bloki tekstowe etc. s\u0105 umieszczane w uk\u0142adzie w czasie rzeczywistym.<\/p>\n<p>Mo\u017cliwo\u015bci oferowane przez MailStyler s\u0105 ogromne, ale ca\u0142y proces tworzenia wiadomo\u015bci email jest na prawd\u0119 <strong>niewymagaj\u0105cy<\/strong>: w ci\u0105gu kilku sekund otrzymasz w\u0142asny unikalny projekt, gotowy do eksportu, wype\u0142niony zawarto\u015bci\u0105 i wys\u0142any do Twoich odbiorc\u00f3w.<\/p>\n<p>&nbsp;<\/p>\n<p style=\"text-align: center;\"><a class=\"button large orange\" style=\"margin-top: 20px; width: 157px; margin-right: 30px;\" title=\"Pobierz Demo\" href=\"http:\/\/www.newslettercreator.com\/pl\/wyprobuj-darmowa-wersje\/\" target=\"_self\">POBIERZ DEMO<\/a><a class=\"button large darkgray\" style=\"margin-top: 20px; width: 157px;\" title=\"Kup Mailstyler Pro\" href=\"http:\/\/www.newslettercreator.com\/pl\/cennik\/\" target=\"_self\">KUP MAILSTYLER PRO<\/a><\/p>\n<p style=\"text-align: center; font-size: 11px;\">Ostatnia wersja: 2.24.01.17 | Data Wydania: 17\/01\/2024 | Rozmiar: 114.9 MB<br \/>\n<a href=\"http:\/\/www.newslettercreator.com\/license-agreement\/\" target=\"_blank\">Umowa licencyjna<\/a> | <a href=\"http:\/\/www.newslettercreator.com\/how-to-uninstall\/\" target=\"_blank\">Jak odinstalowa\u0107<\/a><\/p>\n","protected":false},"excerpt":{"rendered":"<p>Projektowanie wzorca newslettera jest uwa\u017cne za najbardziej skomplikowan\u0105 cz\u0119\u015b\u0107 tworzenia kampanii email. I jest to prawda: do zaprojektowania ol\u015bniewaj\u0105cego wzorca potrzebujesz doskona\u0142ych umiej\u0119tno\u015bci HTML\/CSS, zmys\u0142u graficznego i dodatkowo kreatywno\u015bci. To, dlatego wiele os\u00f3b preferuje gotowe wzorce wiadomo\u015bci email. Ale teraz sytuacja si\u0119 zmieni\u0142a. Sprawd\u017a MailStyler: mo\u017cesz stworzy\u0107 w\u0142asny, spersonalizowany wzorzec newslettera od podstaw, bez pisania [&hellip;]<\/p>\n","protected":false},"author":1,"featured_media":0,"parent":0,"menu_order":0,"comment_status":"closed","ping_status":"closed","template":"g1_template_page_sidebar_right.php","meta":{"inline_featured_image":false,"_monsterinsights_skip_tracking":false,"_monsterinsights_sitenote_active":false,"_monsterinsights_sitenote_note":"","_monsterinsights_sitenote_category":0,"footnotes":""},"class_list":["post-4250","page","type-page","status-publish"],"yoast_head":"<!-- This site is optimized with the Yoast SEO plugin v25.2 - https:\/\/yoast.com\/wordpress\/plugins\/seo\/ -->\n<title>Zaprojektuj wzorzec newslettera - Newsletter Creator<\/title>\n<meta name=\"robots\" content=\"index, follow, max-snippet:-1, max-image-preview:large, max-video-preview:-1\" \/>\n<link rel=\"canonical\" href=\"https:\/\/www.newslettercreator.com\/pl\/zaprojektuj-wzorzec-newslettera\/\" \/>\n<meta property=\"og:locale\" content=\"pl_PL\" \/>\n<meta property=\"og:type\" content=\"article\" \/>\n<meta property=\"og:title\" content=\"Zaprojektuj wzorzec newslettera - Newsletter Creator\" \/>\n<meta property=\"og:description\" content=\"Projektowanie wzorca newslettera jest uwa\u017cne za najbardziej skomplikowan\u0105 cz\u0119\u015b\u0107 tworzenia kampanii email. I jest to prawda: do zaprojektowania ol\u015bniewaj\u0105cego wzorca potrzebujesz doskona\u0142ych umiej\u0119tno\u015bci HTML\/CSS, zmys\u0142u graficznego i dodatkowo kreatywno\u015bci. To, dlatego wiele os\u00f3b preferuje gotowe wzorce wiadomo\u015bci email. Ale teraz sytuacja si\u0119 zmieni\u0142a. Sprawd\u017a MailStyler: mo\u017cesz stworzy\u0107 w\u0142asny, spersonalizowany wzorzec newslettera od podstaw, bez pisania [&hellip;]\" \/>\n<meta property=\"og:url\" content=\"https:\/\/www.newslettercreator.com\/pl\/zaprojektuj-wzorzec-newslettera\/\" \/>\n<meta property=\"og:site_name\" content=\"Newsletter Creator\" \/>\n<meta property=\"og:image\" content=\"http:\/\/www.newslettercreator.com\/wp-content\/uploads\/2014\/03\/design-newsletter-template.jpg\" \/>\n<meta name=\"twitter:label1\" content=\"Szacowany czas czytania\" \/>\n\t<meta name=\"twitter:data1\" content=\"1 minuta\" \/>\n<script type=\"application\/ld+json\" class=\"yoast-schema-graph\">{\"@context\":\"https:\/\/schema.org\",\"@graph\":[{\"@type\":\"WebPage\",\"@id\":\"https:\/\/www.newslettercreator.com\/pl\/zaprojektuj-wzorzec-newslettera\/\",\"url\":\"https:\/\/www.newslettercreator.com\/pl\/zaprojektuj-wzorzec-newslettera\/\",\"name\":\"Zaprojektuj wzorzec newslettera - Newsletter Creator\",\"isPartOf\":{\"@id\":\"https:\/\/www.newslettercreator.com\/#website\"},\"primaryImageOfPage\":{\"@id\":\"https:\/\/www.newslettercreator.com\/pl\/zaprojektuj-wzorzec-newslettera\/#primaryimage\"},\"image\":{\"@id\":\"https:\/\/www.newslettercreator.com\/pl\/zaprojektuj-wzorzec-newslettera\/#primaryimage\"},\"thumbnailUrl\":\"http:\/\/www.newslettercreator.com\/wp-content\/uploads\/2014\/03\/design-newsletter-template.jpg\",\"datePublished\":\"2016-01-27T08:15:07+00:00\",\"breadcrumb\":{\"@id\":\"https:\/\/www.newslettercreator.com\/pl\/zaprojektuj-wzorzec-newslettera\/#breadcrumb\"},\"inLanguage\":\"pl-PL\",\"potentialAction\":[{\"@type\":\"ReadAction\",\"target\":[\"https:\/\/www.newslettercreator.com\/pl\/zaprojektuj-wzorzec-newslettera\/\"]}]},{\"@type\":\"ImageObject\",\"inLanguage\":\"pl-PL\",\"@id\":\"https:\/\/www.newslettercreator.com\/pl\/zaprojektuj-wzorzec-newslettera\/#primaryimage\",\"url\":\"http:\/\/www.newslettercreator.com\/wp-content\/uploads\/2014\/03\/design-newsletter-template.jpg\",\"contentUrl\":\"http:\/\/www.newslettercreator.com\/wp-content\/uploads\/2014\/03\/design-newsletter-template.jpg\"},{\"@type\":\"BreadcrumbList\",\"@id\":\"https:\/\/www.newslettercreator.com\/pl\/zaprojektuj-wzorzec-newslettera\/#breadcrumb\",\"itemListElement\":[{\"@type\":\"ListItem\",\"position\":1,\"name\":\"Home\",\"item\":\"https:\/\/www.newslettercreator.com\/pl\/\"},{\"@type\":\"ListItem\",\"position\":2,\"name\":\"Zaprojektuj wzorzec newslettera\"}]},{\"@type\":\"WebSite\",\"@id\":\"https:\/\/www.newslettercreator.com\/#website\",\"url\":\"https:\/\/www.newslettercreator.com\/\",\"name\":\"Newsletter Creator\",\"description\":\"Pay off\",\"potentialAction\":[{\"@type\":\"SearchAction\",\"target\":{\"@type\":\"EntryPoint\",\"urlTemplate\":\"https:\/\/www.newslettercreator.com\/?s={search_term_string}\"},\"query-input\":{\"@type\":\"PropertyValueSpecification\",\"valueRequired\":true,\"valueName\":\"search_term_string\"}}],\"inLanguage\":\"pl-PL\"}]}<\/script>\n<!-- \/ Yoast SEO plugin. -->","yoast_head_json":{"title":"Zaprojektuj wzorzec newslettera - Newsletter Creator","robots":{"index":"index","follow":"follow","max-snippet":"max-snippet:-1","max-image-preview":"max-image-preview:large","max-video-preview":"max-video-preview:-1"},"canonical":"https:\/\/www.newslettercreator.com\/pl\/zaprojektuj-wzorzec-newslettera\/","og_locale":"pl_PL","og_type":"article","og_title":"Zaprojektuj wzorzec newslettera - Newsletter Creator","og_description":"Projektowanie wzorca newslettera jest uwa\u017cne za najbardziej skomplikowan\u0105 cz\u0119\u015b\u0107 tworzenia kampanii email. I jest to prawda: do zaprojektowania ol\u015bniewaj\u0105cego wzorca potrzebujesz doskona\u0142ych umiej\u0119tno\u015bci HTML\/CSS, zmys\u0142u graficznego i dodatkowo kreatywno\u015bci. To, dlatego wiele os\u00f3b preferuje gotowe wzorce wiadomo\u015bci email. Ale teraz sytuacja si\u0119 zmieni\u0142a. Sprawd\u017a MailStyler: mo\u017cesz stworzy\u0107 w\u0142asny, spersonalizowany wzorzec newslettera od podstaw, bez pisania [&hellip;]","og_url":"https:\/\/www.newslettercreator.com\/pl\/zaprojektuj-wzorzec-newslettera\/","og_site_name":"Newsletter Creator","og_image":[{"url":"http:\/\/www.newslettercreator.com\/wp-content\/uploads\/2014\/03\/design-newsletter-template.jpg","type":"","width":"","height":""}],"twitter_misc":{"Szacowany czas czytania":"1 minuta"},"schema":{"@context":"https:\/\/schema.org","@graph":[{"@type":"WebPage","@id":"https:\/\/www.newslettercreator.com\/pl\/zaprojektuj-wzorzec-newslettera\/","url":"https:\/\/www.newslettercreator.com\/pl\/zaprojektuj-wzorzec-newslettera\/","name":"Zaprojektuj wzorzec newslettera - Newsletter Creator","isPartOf":{"@id":"https:\/\/www.newslettercreator.com\/#website"},"primaryImageOfPage":{"@id":"https:\/\/www.newslettercreator.com\/pl\/zaprojektuj-wzorzec-newslettera\/#primaryimage"},"image":{"@id":"https:\/\/www.newslettercreator.com\/pl\/zaprojektuj-wzorzec-newslettera\/#primaryimage"},"thumbnailUrl":"http:\/\/www.newslettercreator.com\/wp-content\/uploads\/2014\/03\/design-newsletter-template.jpg","datePublished":"2016-01-27T08:15:07+00:00","breadcrumb":{"@id":"https:\/\/www.newslettercreator.com\/pl\/zaprojektuj-wzorzec-newslettera\/#breadcrumb"},"inLanguage":"pl-PL","potentialAction":[{"@type":"ReadAction","target":["https:\/\/www.newslettercreator.com\/pl\/zaprojektuj-wzorzec-newslettera\/"]}]},{"@type":"ImageObject","inLanguage":"pl-PL","@id":"https:\/\/www.newslettercreator.com\/pl\/zaprojektuj-wzorzec-newslettera\/#primaryimage","url":"http:\/\/www.newslettercreator.com\/wp-content\/uploads\/2014\/03\/design-newsletter-template.jpg","contentUrl":"http:\/\/www.newslettercreator.com\/wp-content\/uploads\/2014\/03\/design-newsletter-template.jpg"},{"@type":"BreadcrumbList","@id":"https:\/\/www.newslettercreator.com\/pl\/zaprojektuj-wzorzec-newslettera\/#breadcrumb","itemListElement":[{"@type":"ListItem","position":1,"name":"Home","item":"https:\/\/www.newslettercreator.com\/pl\/"},{"@type":"ListItem","position":2,"name":"Zaprojektuj wzorzec newslettera"}]},{"@type":"WebSite","@id":"https:\/\/www.newslettercreator.com\/#website","url":"https:\/\/www.newslettercreator.com\/","name":"Newsletter Creator","description":"Pay off","potentialAction":[{"@type":"SearchAction","target":{"@type":"EntryPoint","urlTemplate":"https:\/\/www.newslettercreator.com\/?s={search_term_string}"},"query-input":{"@type":"PropertyValueSpecification","valueRequired":true,"valueName":"search_term_string"}}],"inLanguage":"pl-PL"}]}},"_links":{"self":[{"href":"https:\/\/www.newslettercreator.com\/pl\/wp-json\/wp\/v2\/pages\/4250","targetHints":{"allow":["GET"]}}],"collection":[{"href":"https:\/\/www.newslettercreator.com\/pl\/wp-json\/wp\/v2\/pages"}],"about":[{"href":"https:\/\/www.newslettercreator.com\/pl\/wp-json\/wp\/v2\/types\/page"}],"author":[{"embeddable":true,"href":"https:\/\/www.newslettercreator.com\/pl\/wp-json\/wp\/v2\/users\/1"}],"replies":[{"embeddable":true,"href":"https:\/\/www.newslettercreator.com\/pl\/wp-json\/wp\/v2\/comments?post=4250"}],"version-history":[{"count":1,"href":"https:\/\/www.newslettercreator.com\/pl\/wp-json\/wp\/v2\/pages\/4250\/revisions"}],"predecessor-version":[{"id":4251,"href":"https:\/\/www.newslettercreator.com\/pl\/wp-json\/wp\/v2\/pages\/4250\/revisions\/4251"}],"wp:attachment":[{"href":"https:\/\/www.newslettercreator.com\/pl\/wp-json\/wp\/v2\/media?parent=4250"}],"curies":[{"name":"wp","href":"https:\/\/api.w.org\/{rel}","templated":true}]}}