{"id":4252,"date":"2016-01-27T08:19:46","date_gmt":"2016-01-27T08:19:46","guid":{"rendered":"http:\/\/www.newslettercreator.com\/pl\/?page_id=4252"},"modified":"2016-01-27T08:19:46","modified_gmt":"2016-01-27T08:19:46","slug":"wzorzec-newslettera-email-jak-to-zrobic","status":"publish","type":"page","link":"https:\/\/www.newslettercreator.com\/pl\/wzorzec-newslettera-email-jak-to-zrobic\/","title":{"rendered":"Wzorzec newslettera Email: jak to zrobi\u0107"},"content":{"rendered":"<p><img decoding=\"async\" class=\"alignnone size-full wp-image-237\" src=\"http:\/\/www.newslettercreator.com\/wp-content\/uploads\/2014\/02\/email-newsletter-template-how-to.jpg\" alt=\"Wzorzec newslettera Email: jak to zrobi\u0107\" width=\"649\" height=\"423\" srcset=\"https:\/\/www.newslettercreator.com\/wp-content\/uploads\/2014\/02\/email-newsletter-template-how-to.jpg 649w, https:\/\/www.newslettercreator.com\/wp-content\/uploads\/2014\/02\/email-newsletter-template-how-to-300x195.jpg 300w\" sizes=\"(max-width: 649px) 100vw, 649px\" \/><\/p>\n<p>Jest kilka wa\u017cnych rzeczy w przypadku <strong>dobrego wzorca newslettera, gdy<\/strong> w gr\u0119 wchodzi marketing email. I nie jest to tylko kwestia estetyki: przejrzysty, lekki i w\u0142asny projekt to podstawa, aby zwr\u00f3ci\u0107 uwag\u0119 czytelnika i sk\u0142oni\u0107 go <strong>do dzia\u0142ania<\/strong> \u2014 to w\u0142a\u015bnie to, o co chodzi w wi\u0119kszo\u015bci kampanii, czy to z wiadomo\u015bci\u0105 czy ofert\u0105 handlow\u0105.<\/p>\n<p>Ale jest jeszcze co\u015b. Tylko <strong>profesjonalny wzorzec HTML<\/strong> da ci pewno\u015b\u0107, \u017ce Tw\u00f3j newsletter b\u0119dzie wy\u015bwietlony w ten sam spos\u00f3b na wszystkich popularnych klientach poczty; co wi\u0119cej dzi\u0119ki HTML jest mo\u017cliwe <strong>\u015bledzenie dzia\u0142a\u0144 wszystkich odbiorc\u00f3w<\/strong> jak wsp\u00f3\u0142czynnik otwar\u0107, wsp\u00f3\u0142czynnik klikni\u0119\u0107, wsp\u00f3\u0142czynnik przewijania etc.<\/p>\n<p>A wi\u0119c <strong>jak uzyska\u0107 w\u0142a\u015bciwy wzorzec newslettera w HTML<\/strong>? Generalnie s\u0105 dwie drogi: albo kupi\u0107 lub otrzyma\u0107 za darmo gotowy, albo zbudowa\u0107 w\u0142asny.<\/p>\n<p>Rozwa\u017caj\u0105c pierwsz\u0105 opcj\u0119, g\u0142\u00f3wn\u0105 wad\u0105 takiego rozwi\u0105zanie jest, jak niedobry wzorzec by by\u0142, \u017ce nigdy nie b\u0119dzie <strong>unikalny i dostoswany<\/strong> do Twojej marki. Oczywi\u015bcie b\u0119dzie pasowa\u0142 og\u00f3lnie do Twojej bran\u017cy lub aktywno\u015bci, ale prawda jest taka, \u017ce tylko w pe\u0142ni spersonalizowana forma daje zupe\u0142nie inne wra\u017cenie \u2013 olbrzymi odzew w zakresie <strong>rozpoznawalno\u015bci marki<\/strong>.  <\/p>\n<p>Ale stworzenie wzorca email od podstaw jest trudno, szczeg\u00f3lnie dla pocz\u0105tkuj\u0105cych lub os\u00f3b, kt\u00f3re nie posiadaj\u0105 \u017cadnych umiej\u0119tno\u015bci technicznych.  Na szcz\u0119\u015bcie z pomoc\u0105 przychodzi <a href=\"http:\/\/www.newslettercreator.com\/pl\/cennik\/\" title=\"MailStyler Canneik\">MailStyler<\/a>: nasz sprytny edytor newsletter\u00f3w pomo\u017ce ci stworzy\u0107 w\u0142asny wzorzec bez problem, bez konieczno\u015bci pisania kodu HTML\/CSS.<\/p>\n<p>Korzystaj\u0105c z przewagi, jak\u0105 daje interfejs WYSIWYG MailStyler b\u0119dziesz m\u00f3g\u0142 stworzy\u0107 uk\u0142ad z szeregu komponent\u00f3w, blok\u00f3w oraz kom\u00f3rek (ju\u017c przetestowanych pod k\u0105tem kompatybilno\u015bci z wszystkimi programami pocztowymi), a nast\u0119pnie dostosowa\u0107 go wedle \u017cyczenia. <strong>Tworz\u0105c najlepszy projekt dla swojej kampanii email<\/strong>: Tw\u00f3j i tylko Tw\u00f3j.<\/p>\n<p>&nbsp;<\/p>\n<p style=\"text-align: center;\"><a class=\"button large orange\" style=\"margin-top: 20px; width: 157px; margin-right: 30px;\" title=\"Pobierz Demo\" href=\"http:\/\/www.newslettercreator.com\/pl\/wyprobuj-darmowa-wersje\/\" target=\"_self\">POBIERZ DEMO<\/a><a class=\"button large darkgray\" style=\"margin-top: 20px; width: 157px;\" title=\"Kup Mailstyler Pro\" href=\"http:\/\/www.newslettercreator.com\/pl\/cennik\/\" target=\"_self\">KUP MAILSTYLER PRO<\/a><\/p>\n<p style=\"text-align: center; font-size: 11px;\">Ostatnia wersja: 2.24.01.17 | Data Wydania: 17\/01\/2024 | Rozmiar: 114.9 MB<br \/>\n<a href=\"http:\/\/www.newslettercreator.com\/license-agreement\/\" target=\"_blank\">Umowa licencyjna<\/a> | <a href=\"http:\/\/www.newslettercreator.com\/how-to-uninstall\/\" target=\"_blank\">Jak odinstalowa\u0107<\/a><\/p>\n","protected":false},"excerpt":{"rendered":"<p>Jest kilka wa\u017cnych rzeczy w przypadku dobrego wzorca newslettera, gdy w gr\u0119 wchodzi marketing email. I nie jest to tylko kwestia estetyki: przejrzysty, lekki i w\u0142asny projekt to podstawa, aby zwr\u00f3ci\u0107 uwag\u0119 czytelnika i sk\u0142oni\u0107 go do dzia\u0142ania \u2014 to w\u0142a\u015bnie to, o co chodzi w wi\u0119kszo\u015bci kampanii, czy to z wiadomo\u015bci\u0105 czy ofert\u0105 handlow\u0105. [&hellip;]<\/p>\n","protected":false},"author":1,"featured_media":0,"parent":0,"menu_order":0,"comment_status":"closed","ping_status":"closed","template":"g1_template_page_sidebar_right.php","meta":{"inline_featured_image":false,"_monsterinsights_skip_tracking":false,"_monsterinsights_sitenote_active":false,"_monsterinsights_sitenote_note":"","_monsterinsights_sitenote_category":0,"footnotes":""},"class_list":["post-4252","page","type-page","status-publish"],"yoast_head":"<!-- This site is optimized with the Yoast SEO plugin v25.2 - https:\/\/yoast.com\/wordpress\/plugins\/seo\/ -->\n<title>Wzorzec newslettera Email: jak to zrobi\u0107 - Newsletter Creator<\/title>\n<meta name=\"robots\" content=\"index, follow, max-snippet:-1, max-image-preview:large, max-video-preview:-1\" \/>\n<link rel=\"canonical\" href=\"https:\/\/www.newslettercreator.com\/pl\/wzorzec-newslettera-email-jak-to-zrobic\/\" \/>\n<meta property=\"og:locale\" content=\"pl_PL\" \/>\n<meta property=\"og:type\" content=\"article\" \/>\n<meta property=\"og:title\" content=\"Wzorzec newslettera Email: jak to zrobi\u0107 - Newsletter Creator\" \/>\n<meta property=\"og:description\" content=\"Jest kilka wa\u017cnych rzeczy w przypadku dobrego wzorca newslettera, gdy w gr\u0119 wchodzi marketing email. I nie jest to tylko kwestia estetyki: przejrzysty, lekki i w\u0142asny projekt to podstawa, aby zwr\u00f3ci\u0107 uwag\u0119 czytelnika i sk\u0142oni\u0107 go do dzia\u0142ania \u2014 to w\u0142a\u015bnie to, o co chodzi w wi\u0119kszo\u015bci kampanii, czy to z wiadomo\u015bci\u0105 czy ofert\u0105 handlow\u0105. [&hellip;]\" \/>\n<meta property=\"og:url\" content=\"https:\/\/www.newslettercreator.com\/pl\/wzorzec-newslettera-email-jak-to-zrobic\/\" \/>\n<meta property=\"og:site_name\" content=\"Newsletter Creator\" \/>\n<meta property=\"og:image\" content=\"http:\/\/www.newslettercreator.com\/wp-content\/uploads\/2014\/02\/email-newsletter-template-how-to.jpg\" \/>\n<meta name=\"twitter:label1\" content=\"Szacowany czas czytania\" \/>\n\t<meta name=\"twitter:data1\" content=\"2 minuty\" \/>\n<script type=\"application\/ld+json\" class=\"yoast-schema-graph\">{\"@context\":\"https:\/\/schema.org\",\"@graph\":[{\"@type\":\"WebPage\",\"@id\":\"https:\/\/www.newslettercreator.com\/pl\/wzorzec-newslettera-email-jak-to-zrobic\/\",\"url\":\"https:\/\/www.newslettercreator.com\/pl\/wzorzec-newslettera-email-jak-to-zrobic\/\",\"name\":\"Wzorzec newslettera Email: jak to zrobi\u0107 - Newsletter Creator\",\"isPartOf\":{\"@id\":\"https:\/\/www.newslettercreator.com\/#website\"},\"primaryImageOfPage\":{\"@id\":\"https:\/\/www.newslettercreator.com\/pl\/wzorzec-newslettera-email-jak-to-zrobic\/#primaryimage\"},\"image\":{\"@id\":\"https:\/\/www.newslettercreator.com\/pl\/wzorzec-newslettera-email-jak-to-zrobic\/#primaryimage\"},\"thumbnailUrl\":\"http:\/\/www.newslettercreator.com\/wp-content\/uploads\/2014\/02\/email-newsletter-template-how-to.jpg\",\"datePublished\":\"2016-01-27T08:19:46+00:00\",\"breadcrumb\":{\"@id\":\"https:\/\/www.newslettercreator.com\/pl\/wzorzec-newslettera-email-jak-to-zrobic\/#breadcrumb\"},\"inLanguage\":\"pl-PL\",\"potentialAction\":[{\"@type\":\"ReadAction\",\"target\":[\"https:\/\/www.newslettercreator.com\/pl\/wzorzec-newslettera-email-jak-to-zrobic\/\"]}]},{\"@type\":\"ImageObject\",\"inLanguage\":\"pl-PL\",\"@id\":\"https:\/\/www.newslettercreator.com\/pl\/wzorzec-newslettera-email-jak-to-zrobic\/#primaryimage\",\"url\":\"http:\/\/www.newslettercreator.com\/wp-content\/uploads\/2014\/02\/email-newsletter-template-how-to.jpg\",\"contentUrl\":\"http:\/\/www.newslettercreator.com\/wp-content\/uploads\/2014\/02\/email-newsletter-template-how-to.jpg\"},{\"@type\":\"BreadcrumbList\",\"@id\":\"https:\/\/www.newslettercreator.com\/pl\/wzorzec-newslettera-email-jak-to-zrobic\/#breadcrumb\",\"itemListElement\":[{\"@type\":\"ListItem\",\"position\":1,\"name\":\"Home\",\"item\":\"https:\/\/www.newslettercreator.com\/pl\/\"},{\"@type\":\"ListItem\",\"position\":2,\"name\":\"Wzorzec newslettera Email: jak to zrobi\u0107\"}]},{\"@type\":\"WebSite\",\"@id\":\"https:\/\/www.newslettercreator.com\/#website\",\"url\":\"https:\/\/www.newslettercreator.com\/\",\"name\":\"Newsletter Creator\",\"description\":\"Pay off\",\"potentialAction\":[{\"@type\":\"SearchAction\",\"target\":{\"@type\":\"EntryPoint\",\"urlTemplate\":\"https:\/\/www.newslettercreator.com\/?s={search_term_string}\"},\"query-input\":{\"@type\":\"PropertyValueSpecification\",\"valueRequired\":true,\"valueName\":\"search_term_string\"}}],\"inLanguage\":\"pl-PL\"}]}<\/script>\n<!-- \/ Yoast SEO plugin. -->","yoast_head_json":{"title":"Wzorzec newslettera Email: jak to zrobi\u0107 - Newsletter Creator","robots":{"index":"index","follow":"follow","max-snippet":"max-snippet:-1","max-image-preview":"max-image-preview:large","max-video-preview":"max-video-preview:-1"},"canonical":"https:\/\/www.newslettercreator.com\/pl\/wzorzec-newslettera-email-jak-to-zrobic\/","og_locale":"pl_PL","og_type":"article","og_title":"Wzorzec newslettera Email: jak to zrobi\u0107 - Newsletter Creator","og_description":"Jest kilka wa\u017cnych rzeczy w przypadku dobrego wzorca newslettera, gdy w gr\u0119 wchodzi marketing email. I nie jest to tylko kwestia estetyki: przejrzysty, lekki i w\u0142asny projekt to podstawa, aby zwr\u00f3ci\u0107 uwag\u0119 czytelnika i sk\u0142oni\u0107 go do dzia\u0142ania \u2014 to w\u0142a\u015bnie to, o co chodzi w wi\u0119kszo\u015bci kampanii, czy to z wiadomo\u015bci\u0105 czy ofert\u0105 handlow\u0105. [&hellip;]","og_url":"https:\/\/www.newslettercreator.com\/pl\/wzorzec-newslettera-email-jak-to-zrobic\/","og_site_name":"Newsletter Creator","og_image":[{"url":"http:\/\/www.newslettercreator.com\/wp-content\/uploads\/2014\/02\/email-newsletter-template-how-to.jpg","type":"","width":"","height":""}],"twitter_misc":{"Szacowany czas czytania":"2 minuty"},"schema":{"@context":"https:\/\/schema.org","@graph":[{"@type":"WebPage","@id":"https:\/\/www.newslettercreator.com\/pl\/wzorzec-newslettera-email-jak-to-zrobic\/","url":"https:\/\/www.newslettercreator.com\/pl\/wzorzec-newslettera-email-jak-to-zrobic\/","name":"Wzorzec newslettera Email: jak to zrobi\u0107 - Newsletter Creator","isPartOf":{"@id":"https:\/\/www.newslettercreator.com\/#website"},"primaryImageOfPage":{"@id":"https:\/\/www.newslettercreator.com\/pl\/wzorzec-newslettera-email-jak-to-zrobic\/#primaryimage"},"image":{"@id":"https:\/\/www.newslettercreator.com\/pl\/wzorzec-newslettera-email-jak-to-zrobic\/#primaryimage"},"thumbnailUrl":"http:\/\/www.newslettercreator.com\/wp-content\/uploads\/2014\/02\/email-newsletter-template-how-to.jpg","datePublished":"2016-01-27T08:19:46+00:00","breadcrumb":{"@id":"https:\/\/www.newslettercreator.com\/pl\/wzorzec-newslettera-email-jak-to-zrobic\/#breadcrumb"},"inLanguage":"pl-PL","potentialAction":[{"@type":"ReadAction","target":["https:\/\/www.newslettercreator.com\/pl\/wzorzec-newslettera-email-jak-to-zrobic\/"]}]},{"@type":"ImageObject","inLanguage":"pl-PL","@id":"https:\/\/www.newslettercreator.com\/pl\/wzorzec-newslettera-email-jak-to-zrobic\/#primaryimage","url":"http:\/\/www.newslettercreator.com\/wp-content\/uploads\/2014\/02\/email-newsletter-template-how-to.jpg","contentUrl":"http:\/\/www.newslettercreator.com\/wp-content\/uploads\/2014\/02\/email-newsletter-template-how-to.jpg"},{"@type":"BreadcrumbList","@id":"https:\/\/www.newslettercreator.com\/pl\/wzorzec-newslettera-email-jak-to-zrobic\/#breadcrumb","itemListElement":[{"@type":"ListItem","position":1,"name":"Home","item":"https:\/\/www.newslettercreator.com\/pl\/"},{"@type":"ListItem","position":2,"name":"Wzorzec newslettera Email: jak to zrobi\u0107"}]},{"@type":"WebSite","@id":"https:\/\/www.newslettercreator.com\/#website","url":"https:\/\/www.newslettercreator.com\/","name":"Newsletter Creator","description":"Pay off","potentialAction":[{"@type":"SearchAction","target":{"@type":"EntryPoint","urlTemplate":"https:\/\/www.newslettercreator.com\/?s={search_term_string}"},"query-input":{"@type":"PropertyValueSpecification","valueRequired":true,"valueName":"search_term_string"}}],"inLanguage":"pl-PL"}]}},"_links":{"self":[{"href":"https:\/\/www.newslettercreator.com\/pl\/wp-json\/wp\/v2\/pages\/4252","targetHints":{"allow":["GET"]}}],"collection":[{"href":"https:\/\/www.newslettercreator.com\/pl\/wp-json\/wp\/v2\/pages"}],"about":[{"href":"https:\/\/www.newslettercreator.com\/pl\/wp-json\/wp\/v2\/types\/page"}],"author":[{"embeddable":true,"href":"https:\/\/www.newslettercreator.com\/pl\/wp-json\/wp\/v2\/users\/1"}],"replies":[{"embeddable":true,"href":"https:\/\/www.newslettercreator.com\/pl\/wp-json\/wp\/v2\/comments?post=4252"}],"version-history":[{"count":1,"href":"https:\/\/www.newslettercreator.com\/pl\/wp-json\/wp\/v2\/pages\/4252\/revisions"}],"predecessor-version":[{"id":4253,"href":"https:\/\/www.newslettercreator.com\/pl\/wp-json\/wp\/v2\/pages\/4252\/revisions\/4253"}],"wp:attachment":[{"href":"https:\/\/www.newslettercreator.com\/pl\/wp-json\/wp\/v2\/media?parent=4252"}],"curies":[{"name":"wp","href":"https:\/\/api.w.org\/{rel}","templated":true}]}}