{"id":4254,"date":"2016-01-27T08:25:33","date_gmt":"2016-01-27T08:25:33","guid":{"rendered":"http:\/\/www.newslettercreator.com\/pl\/?page_id=4254"},"modified":"2016-01-27T13:37:09","modified_gmt":"2016-01-27T13:37:09","slug":"jak-stworzyc-newsletter-2","status":"publish","type":"page","link":"https:\/\/www.newslettercreator.com\/pl\/jak-stworzyc-newsletter-2\/","title":{"rendered":"Jak stworzy\u0107 newsletter"},"content":{"rendered":"<p><img decoding=\"async\" class=\"alignnone size-full wp-image-237\" src=\"http:\/\/www.newslettercreator.com\/wp-content\/uploads\/2014\/03\/how-to-design-html-newsletter.jpg\" alt=\"Jak stworzy\u0107 newsletter\" width=\"649\" height=\"423\" \/><\/p>\n<p><strong>Tworzenie newslettera<\/strong> lub masowych wiadomo\u015bci email jest kluczowe dla komunikacji i marketingu, jak r\u00f3wnie\u017c najlepszym sposobem na przesy\u0142anie informacji do klient\u00f3w: <strong>niskie koszty, \u015bwietne wyniki<\/strong>. To dla tego jest wa\u017cne, aby po\u015bwi\u0119ci\u0107 nale\u017cyt\u0105 uwag\u0119 w trakcie jego tworzenia \u2013 zar\u00f3wno zawarto\u015bci jak i projektowi.<\/p>\n<p>W rzeczywisto\u015bci stworzenie w\u0142a\u015bciwego newslettera email to kwestia subtelno\u015bci: szczeg\u00f3lnie, gdy przychodzi do <strong>stworzenia wzorca<\/strong>, lub narysowania uk\u0142adu. Ilo\u015b\u0107 wymaganych umiej\u0119tno\u015bci \u2014 dobry smak, kreatywno\u015b\u0107, zdolno\u015b\u0107 wymy\u015blania tekstu i znajomo\u015b\u0107 HTML \u2014 nie mog\u0105 by\u0107 niedoceniane.<\/p>\n<p>Ale teraz jest nowy spos\u00f3b na <strong>stworzenie w\u0142asnego newslettera<\/strong>: <a href=\"http:\/\/www.newslettercreator.com\/pl\/cennik\/\" title=\"MailStyler cennik\">MailStyler<\/a>.<\/p>\n<p>Dzi\u0119ki naszemu kreatorowi wzorc\u00f3w b\u0119dziesz w stanie zaprojektowa\u0107 w\u0142asny email za pomoc\u0105 kliku klikni\u0119\u0107, robi\u0105c proste <strong>przeci\u0105gnij i upu\u015b\u0107<\/strong> wszystkich wymaganych element\u00f3w i edytuj\u0105c je wed\u0142ug potrzeb. To na prawd\u0119 proste, w ko\u0144cu <strong>nie trzeba posiada\u0107 umiej\u0119tno\u015bci pisania kodu<\/strong>.  <\/p>\n<p>Dodatkowo, nie tak jak w przypadku kreator\u00f3w w sieci, MailStyler daje wszystkie zalety aplikacji instalowanej lokalnie. Zgadza si\u0119: wi\u0119cej mocy, wi\u0119cej opcji edycji, wi\u0119ksza stabilno\u015b\u0107.<\/p>\n<p>A teraz pi\u0119\u0107 sugestii jak <strong>stworzy\u0107 lepszy email<\/strong>:<\/p>\n<ol>\n<li><strong>Skup si\u0119 na swoich potrzebach i Twojej marki.<\/strong><br \/>\nNie wszystkie stworzone wzorce s\u0105 takie same, a wi\u0119c przed stworzeniem projektu newslettera pomy\u015bl, co chcesz przekaza\u0107 swoim odbiorc\u0105. Podstawowy uk\u0142ad s\u0142u\u017cy do prezentacji (w najlepszy mo\u017cliwy spos\u00f3b) zawarto\u015bci: a wi\u0119c najpierw zawarto\u015b\u0107. Dodatkowo pami\u0119taj o sp\u00f3jno\u015bci z wizerunkiem marki.<\/li>\n<li><strong>Przestrzegaj najlepszych praktyk projektowania.<\/strong><br \/>\nKorzystaj\u0105c z MailStyler i jego gotowych element\u00f3w jest praktycznie niemo\u017cliwe, aby stworzy\u0107 z\u0142y wzorzec. Zgadza si\u0119, jest kilka podstawowych zasad do zapami\u0119tania: np.: niech Twoja wiadomo\u015b\u0107 nie b\u0119dzie za d\u0142uga, utrzymaj r\u00f3wnowag\u0119 pomi\u0119dzy tekstem a zdj\u0119ciami, nie zapomnij o stopce, etc. Wszystkie s\u0105 zastosowane w naszych przyk\u0142adach, mo\u017cesz si\u0119 na nich wzorowa\u0107 przy w\u0142asnych projektach.<\/li>\n<li><strong>Pisz sp\u00f3jn\u0105, dobr\u0105 zawarto\u015b\u0107 (jak r\u00f3wnie\u017c linie tematu).<\/strong><br \/>\nNape\u0142nienie newslettera d\u0142ugim i zawi\u0142ym tekstem to zdecydowanie z\u0142y pomys\u0142, masz zaledwie kilka sekund na przyci\u0105gniecie uwagi odbiorcy, wi\u0119c tekst musi by\u0107 kr\u00f3tki i bardzo czytelny. To samo odnosi si\u0119 do tematu wiadomo\u015bci.  Og\u00f3lne linie jak \u201cNewsletter nr 41\u201d s\u0105 bezu\u017cyteczne i tylko zani\u017caj\u0105 wsp\u00f3\u0142czynnik otwar\u0107, zr\u00f3b go zach\u0119caj\u0105cym i kr\u00f3tszym ni\u017c 50 znak\u00f3w. To nie jest \u0142atwe, ale wraz z do\u015bwiadczeniem stanie si\u0119 to prostsze.<\/li>\n<li><strong>Pod\u015bwietl wezwanie do dzia\u0142ania.<\/strong><br \/>\nMo\u017ce si\u0119 to wydawa\u0107 oczywiste, ale zawsze warto do podkre\u015bli\u0107: niewa\u017cne, jak\u0105 akcj\u0119 chcesz uruchomi\u0107 \u2013 subskrypcje, kupno czy klikni\u0119cie \u2013 musi to by\u0107 bardzo widoczne. Klasycznym przyk\u0142adem jest przycisk: i niekt\u00f3re z przycisk\u00f3w akcji MailStyler s\u0105 automatycznie pokolorowane.<\/li>\n<li><strong>Zawsze dawaj link rezygnacji z subskrypcji.<\/strong><br \/>\nMo\u017ce si\u0119 to wydawa\u0107 s\u0142uszne &#8211; zabieranie odbiorcom mo\u017cliwo\u015b\u0107 rezygnacji z subskrypcji z newslettera, ale jest to b\u0142\u0105d na wielu poziomach. Po pierwsze jest to nielegalne: zawsze musisz da\u0107 mo\u017cliwo\u015b\u0107 rezygnacji\u2014 najlepiej jednym klikni\u0119ciem. Po drugie, to z\u0142e dla wizerunku Twojej marki: b\u0119dziesz wygl\u0105da\u0142 na kogo\u015b, kto zmusza klient\u00f3w do otrzymywania komunikacji, nawet, gdy nie s\u0105 ju\u017c zainteresowani. A po trzecie mo\u017ce mie\u0107 to negatywny wp\u0142yw na kampani\u0119, je\u017celi klienci nie b\u0119d\u0105 w stanie \u0142atwo znale\u017a\u0107 linku rezygnacji, zaczn\u0105 wrzuca\u0107 email do spamu, co odbije si\u0119 na Twoim wsp\u00f3\u0142czynniku dostarczalno\u015bci.<\/li>\n<\/ol>\n<p>&nbsp;<\/p>\n<p style=\"text-align: center;\"><a class=\"button large orange\" style=\"margin-top: 20px; width: 157px; margin-right: 30px;\" title=\"Pobierz Demo\" href=\"http:\/\/www.newslettercreator.com\/pl\/wyprobuj-darmowa-wersje\/\" target=\"_self\">POBIERZ DEMO<\/a><a class=\"button large darkgray\" style=\"margin-top: 20px; width: 157px;\" title=\"Kup Mailstyler Pro\" href=\"http:\/\/www.newslettercreator.com\/pl\/cennik\/\" target=\"_self\">KUP MAILSTYLER PRO<\/a><\/p>\n<p style=\"text-align: center; font-size: 11px;\">Ostatnia wersja: 2.24.01.17 | Data Wydania: 17\/01\/2024 | Rozmiar: 114.9 MB<br \/>\n<a href=\"http:\/\/www.newslettercreator.com\/license-agreement\/\" target=\"_blank\">Umowa licencyjna<\/a> | <a href=\"http:\/\/www.newslettercreator.com\/how-to-uninstall\/\" target=\"_blank\">Jak odinstalowa\u0107<\/a><\/p>\n","protected":false},"excerpt":{"rendered":"<p>Tworzenie newslettera lub masowych wiadomo\u015bci email jest kluczowe dla komunikacji i marketingu, jak r\u00f3wnie\u017c najlepszym sposobem na przesy\u0142anie informacji do klient\u00f3w: niskie koszty, \u015bwietne wyniki. To dla tego jest wa\u017cne, aby po\u015bwi\u0119ci\u0107 nale\u017cyt\u0105 uwag\u0119 w trakcie jego tworzenia \u2013 zar\u00f3wno zawarto\u015bci jak i projektowi. W rzeczywisto\u015bci stworzenie w\u0142a\u015bciwego newslettera email to kwestia subtelno\u015bci: szczeg\u00f3lnie, gdy [&hellip;]<\/p>\n","protected":false},"author":1,"featured_media":0,"parent":0,"menu_order":0,"comment_status":"closed","ping_status":"closed","template":"g1_template_page_sidebar_right.php","meta":{"inline_featured_image":false,"_monsterinsights_skip_tracking":false,"_monsterinsights_sitenote_active":false,"_monsterinsights_sitenote_note":"","_monsterinsights_sitenote_category":0,"footnotes":""},"class_list":["post-4254","page","type-page","status-publish"],"yoast_head":"<!-- This site is optimized with the Yoast SEO plugin v25.2 - https:\/\/yoast.com\/wordpress\/plugins\/seo\/ -->\n<title>Jak stworzy\u0107 newsletter - Newsletter Creator<\/title>\n<meta name=\"robots\" content=\"index, follow, max-snippet:-1, max-image-preview:large, max-video-preview:-1\" \/>\n<link rel=\"canonical\" href=\"https:\/\/www.newslettercreator.com\/pl\/jak-stworzyc-newsletter-2\/\" \/>\n<meta property=\"og:locale\" content=\"pl_PL\" \/>\n<meta property=\"og:type\" content=\"article\" \/>\n<meta property=\"og:title\" content=\"Jak stworzy\u0107 newsletter - Newsletter Creator\" \/>\n<meta property=\"og:description\" content=\"Tworzenie newslettera lub masowych wiadomo\u015bci email jest kluczowe dla komunikacji i marketingu, jak r\u00f3wnie\u017c najlepszym sposobem na przesy\u0142anie informacji do klient\u00f3w: niskie koszty, \u015bwietne wyniki. To dla tego jest wa\u017cne, aby po\u015bwi\u0119ci\u0107 nale\u017cyt\u0105 uwag\u0119 w trakcie jego tworzenia \u2013 zar\u00f3wno zawarto\u015bci jak i projektowi. W rzeczywisto\u015bci stworzenie w\u0142a\u015bciwego newslettera email to kwestia subtelno\u015bci: szczeg\u00f3lnie, gdy [&hellip;]\" \/>\n<meta property=\"og:url\" content=\"https:\/\/www.newslettercreator.com\/pl\/jak-stworzyc-newsletter-2\/\" \/>\n<meta property=\"og:site_name\" content=\"Newsletter Creator\" \/>\n<meta property=\"article:modified_time\" content=\"2016-01-27T13:37:09+00:00\" \/>\n<meta property=\"og:image\" content=\"http:\/\/www.newslettercreator.com\/wp-content\/uploads\/2014\/03\/how-to-design-html-newsletter.jpg\" \/>\n<meta name=\"twitter:label1\" content=\"Szacowany czas czytania\" \/>\n\t<meta name=\"twitter:data1\" content=\"3 minuty\" \/>\n<script type=\"application\/ld+json\" class=\"yoast-schema-graph\">{\"@context\":\"https:\/\/schema.org\",\"@graph\":[{\"@type\":\"WebPage\",\"@id\":\"https:\/\/www.newslettercreator.com\/pl\/jak-stworzyc-newsletter-2\/\",\"url\":\"https:\/\/www.newslettercreator.com\/pl\/jak-stworzyc-newsletter-2\/\",\"name\":\"Jak stworzy\u0107 newsletter - Newsletter Creator\",\"isPartOf\":{\"@id\":\"https:\/\/www.newslettercreator.com\/#website\"},\"primaryImageOfPage\":{\"@id\":\"https:\/\/www.newslettercreator.com\/pl\/jak-stworzyc-newsletter-2\/#primaryimage\"},\"image\":{\"@id\":\"https:\/\/www.newslettercreator.com\/pl\/jak-stworzyc-newsletter-2\/#primaryimage\"},\"thumbnailUrl\":\"http:\/\/www.newslettercreator.com\/wp-content\/uploads\/2014\/03\/how-to-design-html-newsletter.jpg\",\"datePublished\":\"2016-01-27T08:25:33+00:00\",\"dateModified\":\"2016-01-27T13:37:09+00:00\",\"breadcrumb\":{\"@id\":\"https:\/\/www.newslettercreator.com\/pl\/jak-stworzyc-newsletter-2\/#breadcrumb\"},\"inLanguage\":\"pl-PL\",\"potentialAction\":[{\"@type\":\"ReadAction\",\"target\":[\"https:\/\/www.newslettercreator.com\/pl\/jak-stworzyc-newsletter-2\/\"]}]},{\"@type\":\"ImageObject\",\"inLanguage\":\"pl-PL\",\"@id\":\"https:\/\/www.newslettercreator.com\/pl\/jak-stworzyc-newsletter-2\/#primaryimage\",\"url\":\"http:\/\/www.newslettercreator.com\/wp-content\/uploads\/2014\/03\/how-to-design-html-newsletter.jpg\",\"contentUrl\":\"http:\/\/www.newslettercreator.com\/wp-content\/uploads\/2014\/03\/how-to-design-html-newsletter.jpg\"},{\"@type\":\"BreadcrumbList\",\"@id\":\"https:\/\/www.newslettercreator.com\/pl\/jak-stworzyc-newsletter-2\/#breadcrumb\",\"itemListElement\":[{\"@type\":\"ListItem\",\"position\":1,\"name\":\"Home\",\"item\":\"https:\/\/www.newslettercreator.com\/pl\/\"},{\"@type\":\"ListItem\",\"position\":2,\"name\":\"Jak stworzy\u0107 newsletter\"}]},{\"@type\":\"WebSite\",\"@id\":\"https:\/\/www.newslettercreator.com\/#website\",\"url\":\"https:\/\/www.newslettercreator.com\/\",\"name\":\"Newsletter Creator\",\"description\":\"Pay off\",\"potentialAction\":[{\"@type\":\"SearchAction\",\"target\":{\"@type\":\"EntryPoint\",\"urlTemplate\":\"https:\/\/www.newslettercreator.com\/?s={search_term_string}\"},\"query-input\":{\"@type\":\"PropertyValueSpecification\",\"valueRequired\":true,\"valueName\":\"search_term_string\"}}],\"inLanguage\":\"pl-PL\"}]}<\/script>\n<!-- \/ Yoast SEO plugin. -->","yoast_head_json":{"title":"Jak stworzy\u0107 newsletter - Newsletter Creator","robots":{"index":"index","follow":"follow","max-snippet":"max-snippet:-1","max-image-preview":"max-image-preview:large","max-video-preview":"max-video-preview:-1"},"canonical":"https:\/\/www.newslettercreator.com\/pl\/jak-stworzyc-newsletter-2\/","og_locale":"pl_PL","og_type":"article","og_title":"Jak stworzy\u0107 newsletter - Newsletter Creator","og_description":"Tworzenie newslettera lub masowych wiadomo\u015bci email jest kluczowe dla komunikacji i marketingu, jak r\u00f3wnie\u017c najlepszym sposobem na przesy\u0142anie informacji do klient\u00f3w: niskie koszty, \u015bwietne wyniki. To dla tego jest wa\u017cne, aby po\u015bwi\u0119ci\u0107 nale\u017cyt\u0105 uwag\u0119 w trakcie jego tworzenia \u2013 zar\u00f3wno zawarto\u015bci jak i projektowi. W rzeczywisto\u015bci stworzenie w\u0142a\u015bciwego newslettera email to kwestia subtelno\u015bci: szczeg\u00f3lnie, gdy [&hellip;]","og_url":"https:\/\/www.newslettercreator.com\/pl\/jak-stworzyc-newsletter-2\/","og_site_name":"Newsletter Creator","article_modified_time":"2016-01-27T13:37:09+00:00","og_image":[{"url":"http:\/\/www.newslettercreator.com\/wp-content\/uploads\/2014\/03\/how-to-design-html-newsletter.jpg","type":"","width":"","height":""}],"twitter_misc":{"Szacowany czas czytania":"3 minuty"},"schema":{"@context":"https:\/\/schema.org","@graph":[{"@type":"WebPage","@id":"https:\/\/www.newslettercreator.com\/pl\/jak-stworzyc-newsletter-2\/","url":"https:\/\/www.newslettercreator.com\/pl\/jak-stworzyc-newsletter-2\/","name":"Jak stworzy\u0107 newsletter - Newsletter Creator","isPartOf":{"@id":"https:\/\/www.newslettercreator.com\/#website"},"primaryImageOfPage":{"@id":"https:\/\/www.newslettercreator.com\/pl\/jak-stworzyc-newsletter-2\/#primaryimage"},"image":{"@id":"https:\/\/www.newslettercreator.com\/pl\/jak-stworzyc-newsletter-2\/#primaryimage"},"thumbnailUrl":"http:\/\/www.newslettercreator.com\/wp-content\/uploads\/2014\/03\/how-to-design-html-newsletter.jpg","datePublished":"2016-01-27T08:25:33+00:00","dateModified":"2016-01-27T13:37:09+00:00","breadcrumb":{"@id":"https:\/\/www.newslettercreator.com\/pl\/jak-stworzyc-newsletter-2\/#breadcrumb"},"inLanguage":"pl-PL","potentialAction":[{"@type":"ReadAction","target":["https:\/\/www.newslettercreator.com\/pl\/jak-stworzyc-newsletter-2\/"]}]},{"@type":"ImageObject","inLanguage":"pl-PL","@id":"https:\/\/www.newslettercreator.com\/pl\/jak-stworzyc-newsletter-2\/#primaryimage","url":"http:\/\/www.newslettercreator.com\/wp-content\/uploads\/2014\/03\/how-to-design-html-newsletter.jpg","contentUrl":"http:\/\/www.newslettercreator.com\/wp-content\/uploads\/2014\/03\/how-to-design-html-newsletter.jpg"},{"@type":"BreadcrumbList","@id":"https:\/\/www.newslettercreator.com\/pl\/jak-stworzyc-newsletter-2\/#breadcrumb","itemListElement":[{"@type":"ListItem","position":1,"name":"Home","item":"https:\/\/www.newslettercreator.com\/pl\/"},{"@type":"ListItem","position":2,"name":"Jak stworzy\u0107 newsletter"}]},{"@type":"WebSite","@id":"https:\/\/www.newslettercreator.com\/#website","url":"https:\/\/www.newslettercreator.com\/","name":"Newsletter Creator","description":"Pay off","potentialAction":[{"@type":"SearchAction","target":{"@type":"EntryPoint","urlTemplate":"https:\/\/www.newslettercreator.com\/?s={search_term_string}"},"query-input":{"@type":"PropertyValueSpecification","valueRequired":true,"valueName":"search_term_string"}}],"inLanguage":"pl-PL"}]}},"_links":{"self":[{"href":"https:\/\/www.newslettercreator.com\/pl\/wp-json\/wp\/v2\/pages\/4254","targetHints":{"allow":["GET"]}}],"collection":[{"href":"https:\/\/www.newslettercreator.com\/pl\/wp-json\/wp\/v2\/pages"}],"about":[{"href":"https:\/\/www.newslettercreator.com\/pl\/wp-json\/wp\/v2\/types\/page"}],"author":[{"embeddable":true,"href":"https:\/\/www.newslettercreator.com\/pl\/wp-json\/wp\/v2\/users\/1"}],"replies":[{"embeddable":true,"href":"https:\/\/www.newslettercreator.com\/pl\/wp-json\/wp\/v2\/comments?post=4254"}],"version-history":[{"count":1,"href":"https:\/\/www.newslettercreator.com\/pl\/wp-json\/wp\/v2\/pages\/4254\/revisions"}],"predecessor-version":[{"id":4255,"href":"https:\/\/www.newslettercreator.com\/pl\/wp-json\/wp\/v2\/pages\/4254\/revisions\/4255"}],"wp:attachment":[{"href":"https:\/\/www.newslettercreator.com\/pl\/wp-json\/wp\/v2\/media?parent=4254"}],"curies":[{"name":"wp","href":"https:\/\/api.w.org\/{rel}","templated":true}]}}