{"id":4256,"date":"2016-01-27T08:54:23","date_gmt":"2016-01-27T08:54:23","guid":{"rendered":"http:\/\/www.newslettercreator.com\/pl\/?page_id=4256"},"modified":"2016-01-27T08:54:23","modified_gmt":"2016-01-27T08:54:23","slug":"jak-stworzyc-newsletter-w-html","status":"publish","type":"page","link":"https:\/\/www.newslettercreator.com\/pl\/jak-stworzyc-newsletter-w-html\/","title":{"rendered":"Jak stworzy\u0107 newsletter w HTML"},"content":{"rendered":"<p><img decoding=\"async\" class=\"alignnone size-full wp-image-237\" src=\"http:\/\/www.newslettercreator.com\/wp-content\/uploads\/2014\/02\/free-email-newsletter-template.jpg\" alt=\"Jak stworzy\u0107 newsletter w HTML\" width=\"649\" height=\"423\" \/><\/p>\n<p><strong>Tworzenie newslettera w HTML<\/strong> mo\u017ce by\u0107 wyzwaniem, nie tylko dlatego, \u017ce wymaga kreatywno\u015bci, ale r\u00f3wnie\u017c dla tego, \u017ce newslettery w HTML s\u0105 specyficzne i najlepsze praktyki troch\u0119 si\u0119 r\u00f3\u017cni\u0105 od tych dla projekt\u00f3w web.<\/p>\n<p>Na przyk\u0142ad, jest mocno zalecane unikanie &lt;div&gt; je\u017celi to tylko mo\u017cliwe, a <strong>korzystanie z tabel<\/strong> \u2014 nawet je\u017celi si\u0119 je co raz mniej wykorzystuje w projektach web, to wci\u0105\u017c s\u0105 najlepszym sposobem na uzyskanie <strong>dobrego przep\u0142ywu informacji<\/strong> w Twojej wiadomo\u015bci email.<\/p>\n<p>A co je\u017celi chcemy stworzy\u0107 <strong>dobrze sformatowany newsletter w HTML<\/strong> a ty nie wiesz jak pisa\u0107 kod? Generalnie masz trzy opcje: mo\u017cesz <strong>zatrudni\u0107 web designera<\/strong>, (ale to kosztowne); mo\u017cesz kupi\u0107 zestaw gotowych wzorc\u00f3w, (ale one s\u0105 standardowe); albo mo\u017cesz zaufa\u0107 <strong>prawdziwej aplikacji do tworzenia newsletter\u00f3w<\/strong> jak <a href=\"http:\/\/www.newslettercreator.com\/pl\/cennik\/\" title=\"MailStyler cennik\">MailStyler<\/a>.<\/p>\n<p>A o to, dlaczego ostatni wyb\u00f3r jest najlepszy.<\/p>\n<p>Dzi\u0119ki MailStyler b\u0119dziesz w stanie stworzy\u0107 tak wiele newsletter\u00f3w jak b\u0119dziesz chcia\u0142 <strong>dos\u0142ownie w sekundy<\/strong>, po prostu robi\u0105c przeci\u0105gnij i upu\u015b\u0107 gotowych element\u00f3w na czyst\u0105 stron\u0119 \u2014 element po elemencie. Szeroki wyb\u00f3r gotowych blok\u00f3w (kolumn, zdj\u0119\u0107, p\u00f3l tekstowych, stopek, nag\u0142\u00f3wk\u00f3w\u2026) uwolni Twoj\u0105 kreatywno\u015b\u0107, pozawalaj\u0105 ci na stworzenie <strong>naprawd\u0119 w\u0142asnego unikalnego wzorca<\/strong>. A wszystko to bez znajomo\u015bci kodu \u2014 a nawet bez wiedzy, co to jest kod.<\/p>\n<p>W rzeczywisto\u015bci wszystkie gotowe elementy zosta\u0142y dok\u0142adanie zweryfikowane pod wzgl\u0119dem <strong>idealnego HTML<\/strong> przez profesjonalnych projektant\u00f3w, dzi\u0119ki czemu mo\u017cesz ich u\u017cywa\u0107 jak chcesz uzyskuj\u0105c newsletter, kt\u00f3ry jest <strong>idealny do czytania<\/strong> na dowolnym kliencie poczty. Co oznacza, \u017ce mo\u017cesz si\u0119 skupi\u0107 na kreatywno\u015bci i tworzeniu wiadomo\u015bci takiej, jakiej tylko chcesz, gdy ma zajmiemy si\u0119 nudn\u0105 cz\u0119\u015bci\u0105 &#8211; kodowaniem.<\/p>\n<p>&nbsp;<\/p>\n<p style=\"text-align: center;\"><a class=\"button large orange\" style=\"margin-top: 20px; width: 157px; margin-right: 30px;\" title=\"Pobierz Demo\" href=\"http:\/\/www.newslettercreator.com\/pl\/wyprobuj-darmowa-wersje\/\" target=\"_self\">POBIERZ DEMO<\/a><a class=\"button large darkgray\" style=\"margin-top: 20px; width: 157px;\" title=\"Kup Mailstyler Pro\" href=\"http:\/\/www.newslettercreator.com\/pl\/cennik\/\" target=\"_self\">KUP MAILSTYLER PRO<\/a><\/p>\n<p style=\"text-align: center; font-size: 11px;\">Ostatnia wersja: 2.24.01.17 | Data Wydania: 17\/01\/2024 | Rozmiar: 114.9 MB<br \/>\n<a href=\"http:\/\/www.newslettercreator.com\/license-agreement\/\" target=\"_blank\">Umowa licencyjna<\/a> | <a href=\"http:\/\/www.newslettercreator.com\/how-to-uninstall\/\" target=\"_blank\">Jak odinstalowa\u0107<\/a><\/p>\n","protected":false},"excerpt":{"rendered":"<p>Tworzenie newslettera w HTML mo\u017ce by\u0107 wyzwaniem, nie tylko dlatego, \u017ce wymaga kreatywno\u015bci, ale r\u00f3wnie\u017c dla tego, \u017ce newslettery w HTML s\u0105 specyficzne i najlepsze praktyki troch\u0119 si\u0119 r\u00f3\u017cni\u0105 od tych dla projekt\u00f3w web. Na przyk\u0142ad, jest mocno zalecane unikanie &lt;div&gt; je\u017celi to tylko mo\u017cliwe, a korzystanie z tabel \u2014 nawet je\u017celi si\u0119 je co [&hellip;]<\/p>\n","protected":false},"author":1,"featured_media":0,"parent":0,"menu_order":0,"comment_status":"closed","ping_status":"closed","template":"g1_template_page_sidebar_right.php","meta":{"inline_featured_image":false,"_monsterinsights_skip_tracking":false,"_monsterinsights_sitenote_active":false,"_monsterinsights_sitenote_note":"","_monsterinsights_sitenote_category":0,"footnotes":""},"class_list":["post-4256","page","type-page","status-publish"],"yoast_head":"<!-- This site is optimized with the Yoast SEO plugin v25.2 - https:\/\/yoast.com\/wordpress\/plugins\/seo\/ -->\n<title>Jak stworzy\u0107 newsletter w HTML - Newsletter Creator<\/title>\n<meta name=\"robots\" content=\"index, follow, max-snippet:-1, max-image-preview:large, max-video-preview:-1\" \/>\n<link rel=\"canonical\" href=\"https:\/\/www.newslettercreator.com\/pl\/jak-stworzyc-newsletter-w-html\/\" \/>\n<meta property=\"og:locale\" content=\"pl_PL\" \/>\n<meta property=\"og:type\" content=\"article\" \/>\n<meta property=\"og:title\" content=\"Jak stworzy\u0107 newsletter w HTML - Newsletter Creator\" \/>\n<meta property=\"og:description\" content=\"Tworzenie newslettera w HTML mo\u017ce by\u0107 wyzwaniem, nie tylko dlatego, \u017ce wymaga kreatywno\u015bci, ale r\u00f3wnie\u017c dla tego, \u017ce newslettery w HTML s\u0105 specyficzne i najlepsze praktyki troch\u0119 si\u0119 r\u00f3\u017cni\u0105 od tych dla projekt\u00f3w web. Na przyk\u0142ad, jest mocno zalecane unikanie &lt;div&gt; je\u017celi to tylko mo\u017cliwe, a korzystanie z tabel \u2014 nawet je\u017celi si\u0119 je co [&hellip;]\" \/>\n<meta property=\"og:url\" content=\"https:\/\/www.newslettercreator.com\/pl\/jak-stworzyc-newsletter-w-html\/\" \/>\n<meta property=\"og:site_name\" content=\"Newsletter Creator\" \/>\n<meta property=\"og:image\" content=\"http:\/\/www.newslettercreator.com\/wp-content\/uploads\/2014\/02\/free-email-newsletter-template.jpg\" \/>\n<meta name=\"twitter:label1\" content=\"Szacowany czas czytania\" \/>\n\t<meta name=\"twitter:data1\" content=\"2 minuty\" \/>\n<script type=\"application\/ld+json\" class=\"yoast-schema-graph\">{\"@context\":\"https:\/\/schema.org\",\"@graph\":[{\"@type\":\"WebPage\",\"@id\":\"https:\/\/www.newslettercreator.com\/pl\/jak-stworzyc-newsletter-w-html\/\",\"url\":\"https:\/\/www.newslettercreator.com\/pl\/jak-stworzyc-newsletter-w-html\/\",\"name\":\"Jak stworzy\u0107 newsletter w HTML - Newsletter Creator\",\"isPartOf\":{\"@id\":\"https:\/\/www.newslettercreator.com\/#website\"},\"primaryImageOfPage\":{\"@id\":\"https:\/\/www.newslettercreator.com\/pl\/jak-stworzyc-newsletter-w-html\/#primaryimage\"},\"image\":{\"@id\":\"https:\/\/www.newslettercreator.com\/pl\/jak-stworzyc-newsletter-w-html\/#primaryimage\"},\"thumbnailUrl\":\"http:\/\/www.newslettercreator.com\/wp-content\/uploads\/2014\/02\/free-email-newsletter-template.jpg\",\"datePublished\":\"2016-01-27T08:54:23+00:00\",\"breadcrumb\":{\"@id\":\"https:\/\/www.newslettercreator.com\/pl\/jak-stworzyc-newsletter-w-html\/#breadcrumb\"},\"inLanguage\":\"pl-PL\",\"potentialAction\":[{\"@type\":\"ReadAction\",\"target\":[\"https:\/\/www.newslettercreator.com\/pl\/jak-stworzyc-newsletter-w-html\/\"]}]},{\"@type\":\"ImageObject\",\"inLanguage\":\"pl-PL\",\"@id\":\"https:\/\/www.newslettercreator.com\/pl\/jak-stworzyc-newsletter-w-html\/#primaryimage\",\"url\":\"http:\/\/www.newslettercreator.com\/wp-content\/uploads\/2014\/02\/free-email-newsletter-template.jpg\",\"contentUrl\":\"http:\/\/www.newslettercreator.com\/wp-content\/uploads\/2014\/02\/free-email-newsletter-template.jpg\"},{\"@type\":\"BreadcrumbList\",\"@id\":\"https:\/\/www.newslettercreator.com\/pl\/jak-stworzyc-newsletter-w-html\/#breadcrumb\",\"itemListElement\":[{\"@type\":\"ListItem\",\"position\":1,\"name\":\"Home\",\"item\":\"https:\/\/www.newslettercreator.com\/pl\/\"},{\"@type\":\"ListItem\",\"position\":2,\"name\":\"Jak stworzy\u0107 newsletter w HTML\"}]},{\"@type\":\"WebSite\",\"@id\":\"https:\/\/www.newslettercreator.com\/#website\",\"url\":\"https:\/\/www.newslettercreator.com\/\",\"name\":\"Newsletter Creator\",\"description\":\"Pay off\",\"potentialAction\":[{\"@type\":\"SearchAction\",\"target\":{\"@type\":\"EntryPoint\",\"urlTemplate\":\"https:\/\/www.newslettercreator.com\/?s={search_term_string}\"},\"query-input\":{\"@type\":\"PropertyValueSpecification\",\"valueRequired\":true,\"valueName\":\"search_term_string\"}}],\"inLanguage\":\"pl-PL\"}]}<\/script>\n<!-- \/ Yoast SEO plugin. -->","yoast_head_json":{"title":"Jak stworzy\u0107 newsletter w HTML - Newsletter Creator","robots":{"index":"index","follow":"follow","max-snippet":"max-snippet:-1","max-image-preview":"max-image-preview:large","max-video-preview":"max-video-preview:-1"},"canonical":"https:\/\/www.newslettercreator.com\/pl\/jak-stworzyc-newsletter-w-html\/","og_locale":"pl_PL","og_type":"article","og_title":"Jak stworzy\u0107 newsletter w HTML - Newsletter Creator","og_description":"Tworzenie newslettera w HTML mo\u017ce by\u0107 wyzwaniem, nie tylko dlatego, \u017ce wymaga kreatywno\u015bci, ale r\u00f3wnie\u017c dla tego, \u017ce newslettery w HTML s\u0105 specyficzne i najlepsze praktyki troch\u0119 si\u0119 r\u00f3\u017cni\u0105 od tych dla projekt\u00f3w web. Na przyk\u0142ad, jest mocno zalecane unikanie &lt;div&gt; je\u017celi to tylko mo\u017cliwe, a korzystanie z tabel \u2014 nawet je\u017celi si\u0119 je co [&hellip;]","og_url":"https:\/\/www.newslettercreator.com\/pl\/jak-stworzyc-newsletter-w-html\/","og_site_name":"Newsletter Creator","og_image":[{"url":"http:\/\/www.newslettercreator.com\/wp-content\/uploads\/2014\/02\/free-email-newsletter-template.jpg","type":"","width":"","height":""}],"twitter_misc":{"Szacowany czas czytania":"2 minuty"},"schema":{"@context":"https:\/\/schema.org","@graph":[{"@type":"WebPage","@id":"https:\/\/www.newslettercreator.com\/pl\/jak-stworzyc-newsletter-w-html\/","url":"https:\/\/www.newslettercreator.com\/pl\/jak-stworzyc-newsletter-w-html\/","name":"Jak stworzy\u0107 newsletter w HTML - Newsletter Creator","isPartOf":{"@id":"https:\/\/www.newslettercreator.com\/#website"},"primaryImageOfPage":{"@id":"https:\/\/www.newslettercreator.com\/pl\/jak-stworzyc-newsletter-w-html\/#primaryimage"},"image":{"@id":"https:\/\/www.newslettercreator.com\/pl\/jak-stworzyc-newsletter-w-html\/#primaryimage"},"thumbnailUrl":"http:\/\/www.newslettercreator.com\/wp-content\/uploads\/2014\/02\/free-email-newsletter-template.jpg","datePublished":"2016-01-27T08:54:23+00:00","breadcrumb":{"@id":"https:\/\/www.newslettercreator.com\/pl\/jak-stworzyc-newsletter-w-html\/#breadcrumb"},"inLanguage":"pl-PL","potentialAction":[{"@type":"ReadAction","target":["https:\/\/www.newslettercreator.com\/pl\/jak-stworzyc-newsletter-w-html\/"]}]},{"@type":"ImageObject","inLanguage":"pl-PL","@id":"https:\/\/www.newslettercreator.com\/pl\/jak-stworzyc-newsletter-w-html\/#primaryimage","url":"http:\/\/www.newslettercreator.com\/wp-content\/uploads\/2014\/02\/free-email-newsletter-template.jpg","contentUrl":"http:\/\/www.newslettercreator.com\/wp-content\/uploads\/2014\/02\/free-email-newsletter-template.jpg"},{"@type":"BreadcrumbList","@id":"https:\/\/www.newslettercreator.com\/pl\/jak-stworzyc-newsletter-w-html\/#breadcrumb","itemListElement":[{"@type":"ListItem","position":1,"name":"Home","item":"https:\/\/www.newslettercreator.com\/pl\/"},{"@type":"ListItem","position":2,"name":"Jak stworzy\u0107 newsletter w HTML"}]},{"@type":"WebSite","@id":"https:\/\/www.newslettercreator.com\/#website","url":"https:\/\/www.newslettercreator.com\/","name":"Newsletter Creator","description":"Pay off","potentialAction":[{"@type":"SearchAction","target":{"@type":"EntryPoint","urlTemplate":"https:\/\/www.newslettercreator.com\/?s={search_term_string}"},"query-input":{"@type":"PropertyValueSpecification","valueRequired":true,"valueName":"search_term_string"}}],"inLanguage":"pl-PL"}]}},"_links":{"self":[{"href":"https:\/\/www.newslettercreator.com\/pl\/wp-json\/wp\/v2\/pages\/4256","targetHints":{"allow":["GET"]}}],"collection":[{"href":"https:\/\/www.newslettercreator.com\/pl\/wp-json\/wp\/v2\/pages"}],"about":[{"href":"https:\/\/www.newslettercreator.com\/pl\/wp-json\/wp\/v2\/types\/page"}],"author":[{"embeddable":true,"href":"https:\/\/www.newslettercreator.com\/pl\/wp-json\/wp\/v2\/users\/1"}],"replies":[{"embeddable":true,"href":"https:\/\/www.newslettercreator.com\/pl\/wp-json\/wp\/v2\/comments?post=4256"}],"version-history":[{"count":1,"href":"https:\/\/www.newslettercreator.com\/pl\/wp-json\/wp\/v2\/pages\/4256\/revisions"}],"predecessor-version":[{"id":4257,"href":"https:\/\/www.newslettercreator.com\/pl\/wp-json\/wp\/v2\/pages\/4256\/revisions\/4257"}],"wp:attachment":[{"href":"https:\/\/www.newslettercreator.com\/pl\/wp-json\/wp\/v2\/media?parent=4256"}],"curies":[{"name":"wp","href":"https:\/\/api.w.org\/{rel}","templated":true}]}}