{"id":4258,"date":"2016-01-27T09:00:13","date_gmt":"2016-01-27T09:00:13","guid":{"rendered":"http:\/\/www.newslettercreator.com\/pl\/?page_id=4258"},"modified":"2016-01-27T09:00:13","modified_gmt":"2016-01-27T09:00:13","slug":"jak-stworzyc-newsletter","status":"publish","type":"page","link":"https:\/\/www.newslettercreator.com\/pl\/jak-stworzyc-newsletter\/","title":{"rendered":"Jak stworzy\u0107 newsletter"},"content":{"rendered":"<p><img decoding=\"async\" class=\"alignnone size-full wp-image-237\" src=\"http:\/\/www.newslettercreator.com\/wp-content\/uploads\/2014\/02\/newsletter-program.jpg\" alt=\"Jak stworzy\u0107 newsletter\" width=\"649\" height=\"423\" \/><\/p>\n<p><strong>Tworzenie newslettera<\/strong> to wci\u0105\u017c naj\u0142atwiejszy i najbardziej efektywny kosztowo spos\u00f3b na komunikacj\u0119 z klientem czy czytelnikiem. Oczywi\u015bcie przy za\u0142o\u017ceniu, \u017ce <strong>zosta\u0142 starannie stworzony<\/strong>: niestety mo\u017cna znale\u017a\u0107 w Internecie wiele przyk\u0142ad\u00f3w brzydkich wzorc\u00f3w email \u2026<\/p>\n<p>Rzeczywi\u015bcie, aby <strong>stworzy\u0107 dobry newsletter<\/strong> \u2014 newsletter, kt\u00f3ry spe\u0142nia wszystkie zasady projektowania web a kod HTML jest doskona\u0142y \u2014 jest wa\u017cne z dw\u00f3ch istotnych powod\u00f3w.<\/p>\n<p>Po pierwsze, aby dostarczy\u0107 odbiorcom <strong>dobre wra\u017cenia w trakcie czytania<\/strong>: newsletter powinien dobrze prezentowa\u0107 Twoj\u0105 zawarto\u015b\u0107 i wygl\u0105da\u0107 idealnie na dowolnym urz\u0105dzeniu lub kliencie (Gmail, Outlook, iPhone Apple Mail\u2026).<\/p>\n<p>Po drugie, \u017ceby pom\u00f3c w <strong>dostarczeniu Twojej wiadomo\u015bci<\/strong>: ma\u0142ego rozmiaru, dobrze napisany HTML to podstawa przy unikaniu problem\u00f3w z wysy\u0142aniem wiadomo\u015bci.<\/p>\n<p>A wi\u0119c jak nada\u0107 <strong>profesjonalny wygl\u0105d wiadomo\u015bci email<\/strong> bez wysi\u0142ku?<\/p>\n<p>Z <a href=\"http:\/\/www.newslettercreator.com\/pl\/cennik\/\" title=\"MailStyler Cennik\">MailStyler<\/a>, to niesamowicie proste.<\/p>\n<p>Nasz program pozwoli ci raz na zawsze zapomnie\u0107 o wszystkich denerwuj\u0105cych problemach technicznych przy tworzeniu newslettera: <strong>bez umiej\u0119tno\u015bci kodowania<\/strong>, b\u0119dziesz w stanie stworzy\u0107 sw\u00f3j email za pomoc\u0105 serii <strong>przeci\u0105gnij i upu\u015b\u0107<\/strong>. Wybierz element, przeci\u0105gnij na stron\u0119, edytuj wedle uznania. To naprawd\u0119 proste.<\/p>\n<p>A z racji tego, \u017ce wszystkie elementy zosta\u0142y stworzone przez profesjonalnych projektant\u00f3w \u2014 w czystym HTML \u2014 w rezultacie ko\u0144cowym nasz <strong>newsletter kompatybilny z wszystkimi klientami poczty<\/strong>. Aby mie\u0107 pewno\u015b\u0107 czytelno\u015bci na ka\u017cdym urz\u0105dzeniu.<\/p>\n<p>&nbsp;<\/p>\n<p style=\"text-align: center;\"><a class=\"button large orange\" style=\"margin-top: 20px; width: 157px; margin-right: 30px;\" title=\"Pobierz Demo\" href=\"http:\/\/www.newslettercreator.com\/pl\/wyprobuj-darmowa-wersje\/\" target=\"_self\">POBIERZ DEMO<\/a><a class=\"button large darkgray\" style=\"margin-top: 20px; width: 157px;\" title=\"Kup Mailstyler Pro\" href=\"http:\/\/www.newslettercreator.com\/pl\/cennik\/\" target=\"_self\">KUP MAILSTYLER PRO<\/a><\/p>\n<p style=\"text-align: center; font-size: 11px;\">Ostatnia wersja: 2.24.01.17 | Data Wydania: 17\/01\/2024 | Rozmiar: 114.9 MB<br \/>\n<a href=\"http:\/\/www.newslettercreator.com\/license-agreement\/\" target=\"_blank\">Umowa licencyjna<\/a> | <a href=\"http:\/\/www.newslettercreator.com\/how-to-uninstall\/\" target=\"_blank\">Jak odinstalowa\u0107<\/a><\/p>\n","protected":false},"excerpt":{"rendered":"<p>Tworzenie newslettera to wci\u0105\u017c naj\u0142atwiejszy i najbardziej efektywny kosztowo spos\u00f3b na komunikacj\u0119 z klientem czy czytelnikiem. Oczywi\u015bcie przy za\u0142o\u017ceniu, \u017ce zosta\u0142 starannie stworzony: niestety mo\u017cna znale\u017a\u0107 w Internecie wiele przyk\u0142ad\u00f3w brzydkich wzorc\u00f3w email \u2026 Rzeczywi\u015bcie, aby stworzy\u0107 dobry newsletter \u2014 newsletter, kt\u00f3ry spe\u0142nia wszystkie zasady projektowania web a kod HTML jest doskona\u0142y \u2014 jest wa\u017cne [&hellip;]<\/p>\n","protected":false},"author":1,"featured_media":0,"parent":0,"menu_order":0,"comment_status":"closed","ping_status":"closed","template":"g1_template_page_sidebar_right.php","meta":{"inline_featured_image":false,"_monsterinsights_skip_tracking":false,"_monsterinsights_sitenote_active":false,"_monsterinsights_sitenote_note":"","_monsterinsights_sitenote_category":0,"footnotes":""},"class_list":["post-4258","page","type-page","status-publish"],"yoast_head":"<!-- This site is optimized with the Yoast SEO plugin v25.2 - https:\/\/yoast.com\/wordpress\/plugins\/seo\/ -->\n<title>Jak stworzy\u0107 newsletter - Newsletter Creator<\/title>\n<meta name=\"robots\" content=\"index, follow, max-snippet:-1, max-image-preview:large, max-video-preview:-1\" \/>\n<link rel=\"canonical\" href=\"https:\/\/www.newslettercreator.com\/pl\/jak-stworzyc-newsletter\/\" \/>\n<meta property=\"og:locale\" content=\"pl_PL\" \/>\n<meta property=\"og:type\" content=\"article\" \/>\n<meta property=\"og:title\" content=\"Jak stworzy\u0107 newsletter - Newsletter Creator\" \/>\n<meta property=\"og:description\" content=\"Tworzenie newslettera to wci\u0105\u017c naj\u0142atwiejszy i najbardziej efektywny kosztowo spos\u00f3b na komunikacj\u0119 z klientem czy czytelnikiem. Oczywi\u015bcie przy za\u0142o\u017ceniu, \u017ce zosta\u0142 starannie stworzony: niestety mo\u017cna znale\u017a\u0107 w Internecie wiele przyk\u0142ad\u00f3w brzydkich wzorc\u00f3w email \u2026 Rzeczywi\u015bcie, aby stworzy\u0107 dobry newsletter \u2014 newsletter, kt\u00f3ry spe\u0142nia wszystkie zasady projektowania web a kod HTML jest doskona\u0142y \u2014 jest wa\u017cne [&hellip;]\" \/>\n<meta property=\"og:url\" content=\"https:\/\/www.newslettercreator.com\/pl\/jak-stworzyc-newsletter\/\" \/>\n<meta property=\"og:site_name\" content=\"Newsletter Creator\" \/>\n<meta property=\"og:image\" content=\"http:\/\/www.newslettercreator.com\/wp-content\/uploads\/2014\/02\/newsletter-program.jpg\" \/>\n<meta name=\"twitter:label1\" content=\"Szacowany czas czytania\" \/>\n\t<meta name=\"twitter:data1\" content=\"1 minuta\" \/>\n<script type=\"application\/ld+json\" class=\"yoast-schema-graph\">{\"@context\":\"https:\/\/schema.org\",\"@graph\":[{\"@type\":\"WebPage\",\"@id\":\"https:\/\/www.newslettercreator.com\/pl\/jak-stworzyc-newsletter\/\",\"url\":\"https:\/\/www.newslettercreator.com\/pl\/jak-stworzyc-newsletter\/\",\"name\":\"Jak stworzy\u0107 newsletter - Newsletter Creator\",\"isPartOf\":{\"@id\":\"https:\/\/www.newslettercreator.com\/#website\"},\"primaryImageOfPage\":{\"@id\":\"https:\/\/www.newslettercreator.com\/pl\/jak-stworzyc-newsletter\/#primaryimage\"},\"image\":{\"@id\":\"https:\/\/www.newslettercreator.com\/pl\/jak-stworzyc-newsletter\/#primaryimage\"},\"thumbnailUrl\":\"http:\/\/www.newslettercreator.com\/wp-content\/uploads\/2014\/02\/newsletter-program.jpg\",\"datePublished\":\"2016-01-27T09:00:13+00:00\",\"breadcrumb\":{\"@id\":\"https:\/\/www.newslettercreator.com\/pl\/jak-stworzyc-newsletter\/#breadcrumb\"},\"inLanguage\":\"pl-PL\",\"potentialAction\":[{\"@type\":\"ReadAction\",\"target\":[\"https:\/\/www.newslettercreator.com\/pl\/jak-stworzyc-newsletter\/\"]}]},{\"@type\":\"ImageObject\",\"inLanguage\":\"pl-PL\",\"@id\":\"https:\/\/www.newslettercreator.com\/pl\/jak-stworzyc-newsletter\/#primaryimage\",\"url\":\"http:\/\/www.newslettercreator.com\/wp-content\/uploads\/2014\/02\/newsletter-program.jpg\",\"contentUrl\":\"http:\/\/www.newslettercreator.com\/wp-content\/uploads\/2014\/02\/newsletter-program.jpg\"},{\"@type\":\"BreadcrumbList\",\"@id\":\"https:\/\/www.newslettercreator.com\/pl\/jak-stworzyc-newsletter\/#breadcrumb\",\"itemListElement\":[{\"@type\":\"ListItem\",\"position\":1,\"name\":\"Home\",\"item\":\"https:\/\/www.newslettercreator.com\/pl\/\"},{\"@type\":\"ListItem\",\"position\":2,\"name\":\"Jak stworzy\u0107 newsletter\"}]},{\"@type\":\"WebSite\",\"@id\":\"https:\/\/www.newslettercreator.com\/#website\",\"url\":\"https:\/\/www.newslettercreator.com\/\",\"name\":\"Newsletter Creator\",\"description\":\"Pay off\",\"potentialAction\":[{\"@type\":\"SearchAction\",\"target\":{\"@type\":\"EntryPoint\",\"urlTemplate\":\"https:\/\/www.newslettercreator.com\/?s={search_term_string}\"},\"query-input\":{\"@type\":\"PropertyValueSpecification\",\"valueRequired\":true,\"valueName\":\"search_term_string\"}}],\"inLanguage\":\"pl-PL\"}]}<\/script>\n<!-- \/ Yoast SEO plugin. -->","yoast_head_json":{"title":"Jak stworzy\u0107 newsletter - Newsletter Creator","robots":{"index":"index","follow":"follow","max-snippet":"max-snippet:-1","max-image-preview":"max-image-preview:large","max-video-preview":"max-video-preview:-1"},"canonical":"https:\/\/www.newslettercreator.com\/pl\/jak-stworzyc-newsletter\/","og_locale":"pl_PL","og_type":"article","og_title":"Jak stworzy\u0107 newsletter - Newsletter Creator","og_description":"Tworzenie newslettera to wci\u0105\u017c naj\u0142atwiejszy i najbardziej efektywny kosztowo spos\u00f3b na komunikacj\u0119 z klientem czy czytelnikiem. Oczywi\u015bcie przy za\u0142o\u017ceniu, \u017ce zosta\u0142 starannie stworzony: niestety mo\u017cna znale\u017a\u0107 w Internecie wiele przyk\u0142ad\u00f3w brzydkich wzorc\u00f3w email \u2026 Rzeczywi\u015bcie, aby stworzy\u0107 dobry newsletter \u2014 newsletter, kt\u00f3ry spe\u0142nia wszystkie zasady projektowania web a kod HTML jest doskona\u0142y \u2014 jest wa\u017cne [&hellip;]","og_url":"https:\/\/www.newslettercreator.com\/pl\/jak-stworzyc-newsletter\/","og_site_name":"Newsletter Creator","og_image":[{"url":"http:\/\/www.newslettercreator.com\/wp-content\/uploads\/2014\/02\/newsletter-program.jpg","type":"","width":"","height":""}],"twitter_misc":{"Szacowany czas czytania":"1 minuta"},"schema":{"@context":"https:\/\/schema.org","@graph":[{"@type":"WebPage","@id":"https:\/\/www.newslettercreator.com\/pl\/jak-stworzyc-newsletter\/","url":"https:\/\/www.newslettercreator.com\/pl\/jak-stworzyc-newsletter\/","name":"Jak stworzy\u0107 newsletter - Newsletter Creator","isPartOf":{"@id":"https:\/\/www.newslettercreator.com\/#website"},"primaryImageOfPage":{"@id":"https:\/\/www.newslettercreator.com\/pl\/jak-stworzyc-newsletter\/#primaryimage"},"image":{"@id":"https:\/\/www.newslettercreator.com\/pl\/jak-stworzyc-newsletter\/#primaryimage"},"thumbnailUrl":"http:\/\/www.newslettercreator.com\/wp-content\/uploads\/2014\/02\/newsletter-program.jpg","datePublished":"2016-01-27T09:00:13+00:00","breadcrumb":{"@id":"https:\/\/www.newslettercreator.com\/pl\/jak-stworzyc-newsletter\/#breadcrumb"},"inLanguage":"pl-PL","potentialAction":[{"@type":"ReadAction","target":["https:\/\/www.newslettercreator.com\/pl\/jak-stworzyc-newsletter\/"]}]},{"@type":"ImageObject","inLanguage":"pl-PL","@id":"https:\/\/www.newslettercreator.com\/pl\/jak-stworzyc-newsletter\/#primaryimage","url":"http:\/\/www.newslettercreator.com\/wp-content\/uploads\/2014\/02\/newsletter-program.jpg","contentUrl":"http:\/\/www.newslettercreator.com\/wp-content\/uploads\/2014\/02\/newsletter-program.jpg"},{"@type":"BreadcrumbList","@id":"https:\/\/www.newslettercreator.com\/pl\/jak-stworzyc-newsletter\/#breadcrumb","itemListElement":[{"@type":"ListItem","position":1,"name":"Home","item":"https:\/\/www.newslettercreator.com\/pl\/"},{"@type":"ListItem","position":2,"name":"Jak stworzy\u0107 newsletter"}]},{"@type":"WebSite","@id":"https:\/\/www.newslettercreator.com\/#website","url":"https:\/\/www.newslettercreator.com\/","name":"Newsletter Creator","description":"Pay off","potentialAction":[{"@type":"SearchAction","target":{"@type":"EntryPoint","urlTemplate":"https:\/\/www.newslettercreator.com\/?s={search_term_string}"},"query-input":{"@type":"PropertyValueSpecification","valueRequired":true,"valueName":"search_term_string"}}],"inLanguage":"pl-PL"}]}},"_links":{"self":[{"href":"https:\/\/www.newslettercreator.com\/pl\/wp-json\/wp\/v2\/pages\/4258","targetHints":{"allow":["GET"]}}],"collection":[{"href":"https:\/\/www.newslettercreator.com\/pl\/wp-json\/wp\/v2\/pages"}],"about":[{"href":"https:\/\/www.newslettercreator.com\/pl\/wp-json\/wp\/v2\/types\/page"}],"author":[{"embeddable":true,"href":"https:\/\/www.newslettercreator.com\/pl\/wp-json\/wp\/v2\/users\/1"}],"replies":[{"embeddable":true,"href":"https:\/\/www.newslettercreator.com\/pl\/wp-json\/wp\/v2\/comments?post=4258"}],"version-history":[{"count":1,"href":"https:\/\/www.newslettercreator.com\/pl\/wp-json\/wp\/v2\/pages\/4258\/revisions"}],"predecessor-version":[{"id":4259,"href":"https:\/\/www.newslettercreator.com\/pl\/wp-json\/wp\/v2\/pages\/4258\/revisions\/4259"}],"wp:attachment":[{"href":"https:\/\/www.newslettercreator.com\/pl\/wp-json\/wp\/v2\/media?parent=4258"}],"curies":[{"name":"wp","href":"https:\/\/api.w.org\/{rel}","templated":true}]}}