{"id":4260,"date":"2016-01-27T09:06:50","date_gmt":"2016-01-27T09:06:50","guid":{"rendered":"http:\/\/www.newslettercreator.com\/pl\/?page_id=4260"},"modified":"2021-05-07T10:06:59","modified_gmt":"2021-05-07T08:06:59","slug":"email-w-html-jak-to-zrobic","status":"publish","type":"page","link":"https:\/\/www.newslettercreator.com\/pl\/email-w-html-jak-to-zrobic\/","title":{"rendered":"Email w HTML: jak to zrobi\u0107"},"content":{"rendered":"<p><img decoding=\"async\" class=\"alignnone size-full wp-image-237\" src=\"http:\/\/www.newslettercreator.com\/wp-content\/uploads\/2014\/03\/best-design-newsletter.jpg\" alt=\"Email w HTML: jak to zrobi\u0107\" width=\"649\" height=\"423\" \/><\/p>\n<p>Jak stworzy\u0107 <strong>efektywny email w HTML<\/strong>? To ca\u0142kiem popularne pytanie.<\/p>\n<p>Nie wa\u017cne ile m\u00f3wimy o mediach spo\u0142eczno\u015bciowych i marketingu szeptanym, dobry newsletter w HTML to nadal jest z <strong>najlepszych sposob\u00f3w<\/strong> na promocj\u0119 marki i pozostanie w kontakcie z klientami. A konkretnie, <strong>ROI jest na doskona\u0142ym poziomie<\/strong>.<\/p>\n<p>Tym samym tworzenie solidnej wiadomo\u015bci w HTML jest najwa\u017cniejsze dla ka\u017cdego pracownika marketingu. A m\u00f3wi\u0105c solidnej nie mamy tylko na my\u015bli, \u017ce <strong>jej kod musi by\u0107 doskona\u0142y<\/strong>: jest r\u00f3wnie\u017c wa\u017cne, aby Twoje newslettery by\u0142y <strong>eleganckie i czytelne<\/strong> (w dowolnym programie pocztowym), a ich projekt odpowiada\u0142 <strong>wizerunkowi marki<\/strong>.<\/p>\n<p>Wr\u00f3\u0107my teraz do pierwszego pytania: do stworzenia efektownego emaila w HTML potrzebujesz <strong>dobrze pisa\u0107 kod<\/strong> \u2014 i zna\u0107 restrykcyjne i szczeg\u00f3\u0142owe zasady pisania kodu dla wiadomo\u015bci email (kt\u00f3ry jest zasadniczo r\u00f3\u017cny od zwyk\u0142ego kodowania web).<\/p>\n<p>Na przyk\u0142ad zawsze powiniene\u015b u\u017cywa\u0107 tabel, dodawa\u0107 kod CCS w \u015brodku, unika\u0107 <\/p>\n<div>, etc. Co wi\u0119cej musisz dba\u0107 o r\u00f3\u017cne sposoby <strong>renderowaniu w\u0142a\u015bciwo\u015bci<\/strong> dla ka\u017cdego programu. A tym samym nawet, je\u017celi jeste\u015b dobrym programist\u0105 b\u0119dziesz musia\u0142 po\u015bwi\u0119ci\u0107 du\u017co czasu na dostosowanie swojego kodu. <\/p>\n<p>Ale teraz mo\u017cesz stworzy\u0107 <strong>sw\u00f3j w\u0142asny unikalny i markowy newsletter<\/strong> korzystaj\u0105c z MailStyler.<\/p>\n<p>Kluczowym elementem <a href=\"http:\/\/www.newslettercreator.com\/pl\/cennik\/\" title=\"MailStyler cennik\">MailStyler<\/a> jest kreator <strong>wiadomo\u015bci email WYSIWYG<\/strong>, gdzie mo\u017cesz wybra\u0107 z szerokiego zestawu gotowych element\u00f3w i blok\u00f3w (kolumny, stopki, pola tekstowe, kolumny, stopki, etc.) i dzi\u0119ki nim <strong>tworzysz w\u0142asny uk\u0142ad krok po kroku<\/strong>, w czasie rzeczywistym.<\/p>\n<p>A ka\u017cdy z tych blok\u00f3w zosta\u0142 stworzony w <strong>doskona\u0142ym HTML<\/strong>, dzi\u0119ki czemu newsletter zawsze b\u0119dzie si\u0119 <strong>renderowa\u0142 idealnie<\/strong> \u2014 otwarty w Gmail, Thunderbird, Outlook, iPhone etc. \u2014 daj\u0105c r\u00f3wnie\u017c pewno\u015b\u0107 wysokiej dostarczalno\u015bci pod <strong>wzgl\u0119dem projektowym<\/strong>. Nie musisz martwi\u0107 si\u0119 testami!<\/p>\n<p>Je\u017celi szukasz inspiracji sprawd\u017a <strong>nasze przyk\u0142ady newsletter\u00f3w<\/strong> a nast\u0119pnie zacznij tworzy\u0107 w\u0142asne wiadomo\u015bci w HTML.<\/p>\n<p>&nbsp;<\/p>\n<p style=\"text-align: center;\"><a class=\"button large orange\" style=\"margin-top: 20px; width: 157px; margin-right: 30px;\" title=\"Pobierz Demo\" href=\"http:\/\/www.newslettercreator.com\/pl\/wyprobuj-darmowa-wersje\/\" target=\"_self\" rel=\"noopener noreferrer\">POBIERZ DEMO<\/a><a class=\"button large darkgray\" style=\"margin-top: 20px; width: 157px;\" title=\"Kup Mailstyler Pro\" href=\"http:\/\/www.newslettercreator.com\/pl\/cennik\/\" target=\"_self\" rel=\"noopener noreferrer\">KUP MAILSTYLER PRO<\/a><\/p>\n<p style=\"text-align: center; font-size: 11px;\">Ostatnia wersja: 2.24.01.17 | Data Wydania: 17\/01\/2024 | Rozmiar: 114.9 MB<br \/>\n<a href=\"http:\/\/www.newslettercreator.com\/license-agreement\/\" target=\"_blank\" rel=\"noopener noreferrer\">Umowa licencyjna<\/a> | <a href=\"http:\/\/www.newslettercreator.com\/how-to-uninstall\/\" target=\"_blank\" rel=\"noopener noreferrer\">Jak odinstalowa\u0107<\/a><\/p>\n","protected":false},"excerpt":{"rendered":"<p>Jak stworzy\u0107 efektywny email w HTML? To ca\u0142kiem popularne pytanie. Nie wa\u017cne ile m\u00f3wimy o mediach spo\u0142eczno\u015bciowych i marketingu szeptanym, dobry newsletter w HTML to nadal jest z najlepszych sposob\u00f3w na promocj\u0119 marki i pozostanie w kontakcie z klientami. A konkretnie, ROI jest na doskona\u0142ym poziomie. Tym samym tworzenie solidnej wiadomo\u015bci w HTML jest najwa\u017cniejsze [&hellip;]<\/p>\n","protected":false},"author":1,"featured_media":0,"parent":0,"menu_order":0,"comment_status":"closed","ping_status":"closed","template":"g1_template_page_sidebar_right.php","meta":{"inline_featured_image":false,"_monsterinsights_skip_tracking":false,"_monsterinsights_sitenote_active":false,"_monsterinsights_sitenote_note":"","_monsterinsights_sitenote_category":0,"footnotes":""},"class_list":["post-4260","page","type-page","status-publish"],"yoast_head":"<!-- This site is optimized with the Yoast SEO plugin v25.2 - https:\/\/yoast.com\/wordpress\/plugins\/seo\/ -->\n<title>Email w HTML: jak to zrobi\u0107 - Newsletter Creator<\/title>\n<meta name=\"description\" content=\"Teraz mo\u017cesz stworzy\u0107 sw\u00f3j w\u0142asny unikalny i markowy newsletter korzystaj\u0105c z MailStyler. Spr\u00f3buj teraz!\" \/>\n<meta name=\"robots\" content=\"index, follow, max-snippet:-1, max-image-preview:large, max-video-preview:-1\" \/>\n<link rel=\"canonical\" href=\"https:\/\/www.newslettercreator.com\/pl\/email-w-html-jak-to-zrobic\/\" \/>\n<meta property=\"og:locale\" content=\"pl_PL\" \/>\n<meta property=\"og:type\" content=\"article\" \/>\n<meta property=\"og:title\" content=\"Email w HTML: jak to zrobi\u0107 - Newsletter Creator\" \/>\n<meta property=\"og:description\" content=\"Teraz mo\u017cesz stworzy\u0107 sw\u00f3j w\u0142asny unikalny i markowy newsletter korzystaj\u0105c z MailStyler. Spr\u00f3buj teraz!\" \/>\n<meta property=\"og:url\" content=\"https:\/\/www.newslettercreator.com\/pl\/email-w-html-jak-to-zrobic\/\" \/>\n<meta property=\"og:site_name\" content=\"Newsletter Creator\" \/>\n<meta property=\"article:modified_time\" content=\"2021-05-07T08:06:59+00:00\" \/>\n<meta property=\"og:image\" content=\"http:\/\/www.newslettercreator.com\/wp-content\/uploads\/2014\/03\/best-design-newsletter.jpg\" \/>\n<meta name=\"twitter:label1\" content=\"Szacowany czas czytania\" \/>\n\t<meta name=\"twitter:data1\" content=\"2 minuty\" \/>\n<script type=\"application\/ld+json\" class=\"yoast-schema-graph\">{\"@context\":\"https:\/\/schema.org\",\"@graph\":[{\"@type\":\"WebPage\",\"@id\":\"https:\/\/www.newslettercreator.com\/pl\/email-w-html-jak-to-zrobic\/\",\"url\":\"https:\/\/www.newslettercreator.com\/pl\/email-w-html-jak-to-zrobic\/\",\"name\":\"Email w HTML: jak to zrobi\u0107 - Newsletter Creator\",\"isPartOf\":{\"@id\":\"https:\/\/www.newslettercreator.com\/#website\"},\"primaryImageOfPage\":{\"@id\":\"https:\/\/www.newslettercreator.com\/pl\/email-w-html-jak-to-zrobic\/#primaryimage\"},\"image\":{\"@id\":\"https:\/\/www.newslettercreator.com\/pl\/email-w-html-jak-to-zrobic\/#primaryimage\"},\"thumbnailUrl\":\"http:\/\/www.newslettercreator.com\/wp-content\/uploads\/2014\/03\/best-design-newsletter.jpg\",\"datePublished\":\"2016-01-27T09:06:50+00:00\",\"dateModified\":\"2021-05-07T08:06:59+00:00\",\"description\":\"Teraz mo\u017cesz stworzy\u0107 sw\u00f3j w\u0142asny unikalny i markowy newsletter korzystaj\u0105c z MailStyler. Spr\u00f3buj teraz!\",\"breadcrumb\":{\"@id\":\"https:\/\/www.newslettercreator.com\/pl\/email-w-html-jak-to-zrobic\/#breadcrumb\"},\"inLanguage\":\"pl-PL\",\"potentialAction\":[{\"@type\":\"ReadAction\",\"target\":[\"https:\/\/www.newslettercreator.com\/pl\/email-w-html-jak-to-zrobic\/\"]}]},{\"@type\":\"ImageObject\",\"inLanguage\":\"pl-PL\",\"@id\":\"https:\/\/www.newslettercreator.com\/pl\/email-w-html-jak-to-zrobic\/#primaryimage\",\"url\":\"http:\/\/www.newslettercreator.com\/wp-content\/uploads\/2014\/03\/best-design-newsletter.jpg\",\"contentUrl\":\"http:\/\/www.newslettercreator.com\/wp-content\/uploads\/2014\/03\/best-design-newsletter.jpg\"},{\"@type\":\"BreadcrumbList\",\"@id\":\"https:\/\/www.newslettercreator.com\/pl\/email-w-html-jak-to-zrobic\/#breadcrumb\",\"itemListElement\":[{\"@type\":\"ListItem\",\"position\":1,\"name\":\"Home\",\"item\":\"https:\/\/www.newslettercreator.com\/pl\/\"},{\"@type\":\"ListItem\",\"position\":2,\"name\":\"Email w HTML: jak to zrobi\u0107\"}]},{\"@type\":\"WebSite\",\"@id\":\"https:\/\/www.newslettercreator.com\/#website\",\"url\":\"https:\/\/www.newslettercreator.com\/\",\"name\":\"Newsletter Creator\",\"description\":\"Pay off\",\"potentialAction\":[{\"@type\":\"SearchAction\",\"target\":{\"@type\":\"EntryPoint\",\"urlTemplate\":\"https:\/\/www.newslettercreator.com\/?s={search_term_string}\"},\"query-input\":{\"@type\":\"PropertyValueSpecification\",\"valueRequired\":true,\"valueName\":\"search_term_string\"}}],\"inLanguage\":\"pl-PL\"}]}<\/script>\n<!-- \/ Yoast SEO plugin. -->","yoast_head_json":{"title":"Email w HTML: jak to zrobi\u0107 - Newsletter Creator","description":"Teraz mo\u017cesz stworzy\u0107 sw\u00f3j w\u0142asny unikalny i markowy newsletter korzystaj\u0105c z MailStyler. Spr\u00f3buj teraz!","robots":{"index":"index","follow":"follow","max-snippet":"max-snippet:-1","max-image-preview":"max-image-preview:large","max-video-preview":"max-video-preview:-1"},"canonical":"https:\/\/www.newslettercreator.com\/pl\/email-w-html-jak-to-zrobic\/","og_locale":"pl_PL","og_type":"article","og_title":"Email w HTML: jak to zrobi\u0107 - Newsletter Creator","og_description":"Teraz mo\u017cesz stworzy\u0107 sw\u00f3j w\u0142asny unikalny i markowy newsletter korzystaj\u0105c z MailStyler. Spr\u00f3buj teraz!","og_url":"https:\/\/www.newslettercreator.com\/pl\/email-w-html-jak-to-zrobic\/","og_site_name":"Newsletter Creator","article_modified_time":"2021-05-07T08:06:59+00:00","og_image":[{"url":"http:\/\/www.newslettercreator.com\/wp-content\/uploads\/2014\/03\/best-design-newsletter.jpg","type":"","width":"","height":""}],"twitter_misc":{"Szacowany czas czytania":"2 minuty"},"schema":{"@context":"https:\/\/schema.org","@graph":[{"@type":"WebPage","@id":"https:\/\/www.newslettercreator.com\/pl\/email-w-html-jak-to-zrobic\/","url":"https:\/\/www.newslettercreator.com\/pl\/email-w-html-jak-to-zrobic\/","name":"Email w HTML: jak to zrobi\u0107 - Newsletter Creator","isPartOf":{"@id":"https:\/\/www.newslettercreator.com\/#website"},"primaryImageOfPage":{"@id":"https:\/\/www.newslettercreator.com\/pl\/email-w-html-jak-to-zrobic\/#primaryimage"},"image":{"@id":"https:\/\/www.newslettercreator.com\/pl\/email-w-html-jak-to-zrobic\/#primaryimage"},"thumbnailUrl":"http:\/\/www.newslettercreator.com\/wp-content\/uploads\/2014\/03\/best-design-newsletter.jpg","datePublished":"2016-01-27T09:06:50+00:00","dateModified":"2021-05-07T08:06:59+00:00","description":"Teraz mo\u017cesz stworzy\u0107 sw\u00f3j w\u0142asny unikalny i markowy newsletter korzystaj\u0105c z MailStyler. Spr\u00f3buj teraz!","breadcrumb":{"@id":"https:\/\/www.newslettercreator.com\/pl\/email-w-html-jak-to-zrobic\/#breadcrumb"},"inLanguage":"pl-PL","potentialAction":[{"@type":"ReadAction","target":["https:\/\/www.newslettercreator.com\/pl\/email-w-html-jak-to-zrobic\/"]}]},{"@type":"ImageObject","inLanguage":"pl-PL","@id":"https:\/\/www.newslettercreator.com\/pl\/email-w-html-jak-to-zrobic\/#primaryimage","url":"http:\/\/www.newslettercreator.com\/wp-content\/uploads\/2014\/03\/best-design-newsletter.jpg","contentUrl":"http:\/\/www.newslettercreator.com\/wp-content\/uploads\/2014\/03\/best-design-newsletter.jpg"},{"@type":"BreadcrumbList","@id":"https:\/\/www.newslettercreator.com\/pl\/email-w-html-jak-to-zrobic\/#breadcrumb","itemListElement":[{"@type":"ListItem","position":1,"name":"Home","item":"https:\/\/www.newslettercreator.com\/pl\/"},{"@type":"ListItem","position":2,"name":"Email w HTML: jak to zrobi\u0107"}]},{"@type":"WebSite","@id":"https:\/\/www.newslettercreator.com\/#website","url":"https:\/\/www.newslettercreator.com\/","name":"Newsletter Creator","description":"Pay off","potentialAction":[{"@type":"SearchAction","target":{"@type":"EntryPoint","urlTemplate":"https:\/\/www.newslettercreator.com\/?s={search_term_string}"},"query-input":{"@type":"PropertyValueSpecification","valueRequired":true,"valueName":"search_term_string"}}],"inLanguage":"pl-PL"}]}},"_links":{"self":[{"href":"https:\/\/www.newslettercreator.com\/pl\/wp-json\/wp\/v2\/pages\/4260","targetHints":{"allow":["GET"]}}],"collection":[{"href":"https:\/\/www.newslettercreator.com\/pl\/wp-json\/wp\/v2\/pages"}],"about":[{"href":"https:\/\/www.newslettercreator.com\/pl\/wp-json\/wp\/v2\/types\/page"}],"author":[{"embeddable":true,"href":"https:\/\/www.newslettercreator.com\/pl\/wp-json\/wp\/v2\/users\/1"}],"replies":[{"embeddable":true,"href":"https:\/\/www.newslettercreator.com\/pl\/wp-json\/wp\/v2\/comments?post=4260"}],"version-history":[{"count":2,"href":"https:\/\/www.newslettercreator.com\/pl\/wp-json\/wp\/v2\/pages\/4260\/revisions"}],"predecessor-version":[{"id":10109,"href":"https:\/\/www.newslettercreator.com\/pl\/wp-json\/wp\/v2\/pages\/4260\/revisions\/10109"}],"wp:attachment":[{"href":"https:\/\/www.newslettercreator.com\/pl\/wp-json\/wp\/v2\/media?parent=4260"}],"curies":[{"name":"wp","href":"https:\/\/api.w.org\/{rel}","templated":true}]}}