{"id":4262,"date":"2016-01-27T09:13:35","date_gmt":"2016-01-27T09:13:35","guid":{"rendered":"http:\/\/www.newslettercreator.com\/pl\/?page_id=4262"},"modified":"2016-01-27T11:47:52","modified_gmt":"2016-01-27T11:47:52","slug":"tworzenie-wzorca-email","status":"publish","type":"page","link":"https:\/\/www.newslettercreator.com\/pl\/tworzenie-wzorca-email\/","title":{"rendered":"Tworzenie wzorca Email"},"content":{"rendered":"<p>Co to jest wzorzec email i jak go stworzy\u0107 w minut\u0119: sztuka tworzenia newsletter\u00f3w bez tajemnic.<\/p>\n<p>&nbsp;<\/p>\n<div id=\"g1-box-counter-1\" class=\"g1-box g1-box--solid  g1-box--noicon\" ><div class=\"g1-box__inner\">\n<h3><a href='http:\/\/www.newslettercreator.com\/pl\/wzorzec-newslettera-email-jak-to-zrobic\/'>Wzorzec newslettera Email: jak to zrobi\u0107<\/a><\/h3>\n<p>Jest kilka wa\u017cnych rzeczy w przypadku dobrego wzorca newslettera, gdy w gr\u0119 wchodzi marketing email.<br \/>\n<\/div><\/div>\n<div id=\"g1-box-counter-2\" class=\"g1-box g1-box--solid  g1-box--noicon\" ><div class=\"g1-box__inner\">\n<h3><a href='http:\/\/www.newslettercreator.com\/pl\/responsywne-wzorce-wiadomosci-email\/'>Responsywne wzorce wiadomo\u015bci Email<\/a><\/h3>\n<p>Dzi\u015b ponad po\u0142owa Twoich czytelnik\u00f3w otworzy Tw\u00f3j newsletter na urz\u0105dzeniu mobilnym, a potem mo\u017ce ponownie na komputerze.<br \/>\n<\/div><\/div>\n","protected":false},"excerpt":{"rendered":"<p>Co to jest wzorzec email i jak go stworzy\u0107 w minut\u0119: sztuka tworzenia newsletter\u00f3w bez tajemnic. &nbsp;<\/p>\n","protected":false},"author":1,"featured_media":0,"parent":0,"menu_order":0,"comment_status":"closed","ping_status":"closed","template":"g1_template_page_sidebar_right.php","meta":{"inline_featured_image":false,"_monsterinsights_skip_tracking":false,"_monsterinsights_sitenote_active":false,"_monsterinsights_sitenote_note":"","_monsterinsights_sitenote_category":0,"footnotes":""},"class_list":["post-4262","page","type-page","status-publish"],"yoast_head":"<!-- This site is optimized with the Yoast SEO plugin v25.2 - https:\/\/yoast.com\/wordpress\/plugins\/seo\/ -->\n<title>Tworzenie wzorca Email - Newsletter Creator<\/title>\n<meta name=\"robots\" content=\"index, follow, max-snippet:-1, max-image-preview:large, max-video-preview:-1\" \/>\n<link rel=\"canonical\" href=\"https:\/\/www.newslettercreator.com\/pl\/tworzenie-wzorca-email\/\" \/>\n<meta property=\"og:locale\" content=\"pl_PL\" \/>\n<meta property=\"og:type\" content=\"article\" \/>\n<meta property=\"og:title\" content=\"Tworzenie wzorca Email - Newsletter Creator\" \/>\n<meta property=\"og:description\" content=\"Co to jest wzorzec email i jak go stworzy\u0107 w minut\u0119: sztuka tworzenia newsletter\u00f3w bez tajemnic. &nbsp;\" \/>\n<meta property=\"og:url\" content=\"https:\/\/www.newslettercreator.com\/pl\/tworzenie-wzorca-email\/\" \/>\n<meta property=\"og:site_name\" content=\"Newsletter Creator\" \/>\n<meta property=\"article:modified_time\" content=\"2016-01-27T11:47:52+00:00\" \/>\n<script type=\"application\/ld+json\" class=\"yoast-schema-graph\">{\"@context\":\"https:\/\/schema.org\",\"@graph\":[{\"@type\":\"WebPage\",\"@id\":\"https:\/\/www.newslettercreator.com\/pl\/tworzenie-wzorca-email\/\",\"url\":\"https:\/\/www.newslettercreator.com\/pl\/tworzenie-wzorca-email\/\",\"name\":\"Tworzenie wzorca Email - Newsletter Creator\",\"isPartOf\":{\"@id\":\"https:\/\/www.newslettercreator.com\/#website\"},\"datePublished\":\"2016-01-27T09:13:35+00:00\",\"dateModified\":\"2016-01-27T11:47:52+00:00\",\"breadcrumb\":{\"@id\":\"https:\/\/www.newslettercreator.com\/pl\/tworzenie-wzorca-email\/#breadcrumb\"},\"inLanguage\":\"pl-PL\",\"potentialAction\":[{\"@type\":\"ReadAction\",\"target\":[\"https:\/\/www.newslettercreator.com\/pl\/tworzenie-wzorca-email\/\"]}]},{\"@type\":\"BreadcrumbList\",\"@id\":\"https:\/\/www.newslettercreator.com\/pl\/tworzenie-wzorca-email\/#breadcrumb\",\"itemListElement\":[{\"@type\":\"ListItem\",\"position\":1,\"name\":\"Home\",\"item\":\"https:\/\/www.newslettercreator.com\/pl\/\"},{\"@type\":\"ListItem\",\"position\":2,\"name\":\"Tworzenie wzorca Email\"}]},{\"@type\":\"WebSite\",\"@id\":\"https:\/\/www.newslettercreator.com\/#website\",\"url\":\"https:\/\/www.newslettercreator.com\/\",\"name\":\"Newsletter Creator\",\"description\":\"Pay off\",\"potentialAction\":[{\"@type\":\"SearchAction\",\"target\":{\"@type\":\"EntryPoint\",\"urlTemplate\":\"https:\/\/www.newslettercreator.com\/?s={search_term_string}\"},\"query-input\":{\"@type\":\"PropertyValueSpecification\",\"valueRequired\":true,\"valueName\":\"search_term_string\"}}],\"inLanguage\":\"pl-PL\"}]}<\/script>\n<!-- \/ Yoast SEO plugin. -->","yoast_head_json":{"title":"Tworzenie wzorca Email - Newsletter Creator","robots":{"index":"index","follow":"follow","max-snippet":"max-snippet:-1","max-image-preview":"max-image-preview:large","max-video-preview":"max-video-preview:-1"},"canonical":"https:\/\/www.newslettercreator.com\/pl\/tworzenie-wzorca-email\/","og_locale":"pl_PL","og_type":"article","og_title":"Tworzenie wzorca Email - Newsletter Creator","og_description":"Co to jest wzorzec email i jak go stworzy\u0107 w minut\u0119: sztuka tworzenia newsletter\u00f3w bez tajemnic. &nbsp;","og_url":"https:\/\/www.newslettercreator.com\/pl\/tworzenie-wzorca-email\/","og_site_name":"Newsletter Creator","article_modified_time":"2016-01-27T11:47:52+00:00","schema":{"@context":"https:\/\/schema.org","@graph":[{"@type":"WebPage","@id":"https:\/\/www.newslettercreator.com\/pl\/tworzenie-wzorca-email\/","url":"https:\/\/www.newslettercreator.com\/pl\/tworzenie-wzorca-email\/","name":"Tworzenie wzorca Email - Newsletter Creator","isPartOf":{"@id":"https:\/\/www.newslettercreator.com\/#website"},"datePublished":"2016-01-27T09:13:35+00:00","dateModified":"2016-01-27T11:47:52+00:00","breadcrumb":{"@id":"https:\/\/www.newslettercreator.com\/pl\/tworzenie-wzorca-email\/#breadcrumb"},"inLanguage":"pl-PL","potentialAction":[{"@type":"ReadAction","target":["https:\/\/www.newslettercreator.com\/pl\/tworzenie-wzorca-email\/"]}]},{"@type":"BreadcrumbList","@id":"https:\/\/www.newslettercreator.com\/pl\/tworzenie-wzorca-email\/#breadcrumb","itemListElement":[{"@type":"ListItem","position":1,"name":"Home","item":"https:\/\/www.newslettercreator.com\/pl\/"},{"@type":"ListItem","position":2,"name":"Tworzenie wzorca Email"}]},{"@type":"WebSite","@id":"https:\/\/www.newslettercreator.com\/#website","url":"https:\/\/www.newslettercreator.com\/","name":"Newsletter Creator","description":"Pay off","potentialAction":[{"@type":"SearchAction","target":{"@type":"EntryPoint","urlTemplate":"https:\/\/www.newslettercreator.com\/?s={search_term_string}"},"query-input":{"@type":"PropertyValueSpecification","valueRequired":true,"valueName":"search_term_string"}}],"inLanguage":"pl-PL"}]}},"_links":{"self":[{"href":"https:\/\/www.newslettercreator.com\/pl\/wp-json\/wp\/v2\/pages\/4262","targetHints":{"allow":["GET"]}}],"collection":[{"href":"https:\/\/www.newslettercreator.com\/pl\/wp-json\/wp\/v2\/pages"}],"about":[{"href":"https:\/\/www.newslettercreator.com\/pl\/wp-json\/wp\/v2\/types\/page"}],"author":[{"embeddable":true,"href":"https:\/\/www.newslettercreator.com\/pl\/wp-json\/wp\/v2\/users\/1"}],"replies":[{"embeddable":true,"href":"https:\/\/www.newslettercreator.com\/pl\/wp-json\/wp\/v2\/comments?post=4262"}],"version-history":[{"count":2,"href":"https:\/\/www.newslettercreator.com\/pl\/wp-json\/wp\/v2\/pages\/4262\/revisions"}],"predecessor-version":[{"id":4298,"href":"https:\/\/www.newslettercreator.com\/pl\/wp-json\/wp\/v2\/pages\/4262\/revisions\/4298"}],"wp:attachment":[{"href":"https:\/\/www.newslettercreator.com\/pl\/wp-json\/wp\/v2\/media?parent=4262"}],"curies":[{"name":"wp","href":"https:\/\/api.w.org\/{rel}","templated":true}]}}