{"id":4264,"date":"2016-01-27T09:16:53","date_gmt":"2016-01-27T09:16:53","guid":{"rendered":"http:\/\/www.newslettercreator.com\/pl\/?page_id=4264"},"modified":"2016-01-27T13:04:03","modified_gmt":"2016-01-27T13:04:03","slug":"projektowanie-email","status":"publish","type":"page","link":"https:\/\/www.newslettercreator.com\/pl\/projektowanie-email\/","title":{"rendered":"Projektowanie Email"},"content":{"rendered":"<p>Najbardziej aktualne i interesuj\u0105ce podpowiedzi o tworzeniu wiadomo\u015bci email, aby mia\u0142 \u015bwie\u017cy i innowacyjny wygl\u0105d.<\/p>\n<p>&nbsp;<\/p>\n<div id=\"g1-box-counter-1\" class=\"g1-box g1-box--solid  g1-box--noicon\" ><div class=\"g1-box__inner\">\n<h3><a href='http:\/\/www.newslettercreator.com\/pl\/zaprojektuj-wzorzec-newslettera\/'>Zaprojektuj wzorzec newslettera<\/a><\/h3>\n<p>Projektowanie wzorca newslettera jest uwa\u017cne za najbardziej skomplikowan\u0105 cz\u0119\u015b\u0107 tworzenia kampanii email.<br \/>\n<\/div><\/div>\n<div id=\"g1-box-counter-2\" class=\"g1-box g1-box--solid  g1-box--noicon\" ><div class=\"g1-box__inner\">\n<h3><a href='http:\/\/www.newslettercreator.com\/pl\/testowanie-wiadomosci-email-z-litmus-a-potem-co\/'>Testowanie wiadomo\u015bci email z Litmus: a potem co?<\/a><\/h3>\n<p>Gdy przychodzi do testowania wiadomo\u015bci email, Litmus jest narz\u0119dziem najbardziej uznanym na rynku.<br \/>\n<\/div><\/div>\n","protected":false},"excerpt":{"rendered":"<p>Najbardziej aktualne i interesuj\u0105ce podpowiedzi o tworzeniu wiadomo\u015bci email, aby mia\u0142 \u015bwie\u017cy i innowacyjny wygl\u0105d. &nbsp;<\/p>\n","protected":false},"author":1,"featured_media":0,"parent":0,"menu_order":0,"comment_status":"closed","ping_status":"closed","template":"g1_template_page_sidebar_right.php","meta":{"inline_featured_image":false,"_monsterinsights_skip_tracking":false,"_monsterinsights_sitenote_active":false,"_monsterinsights_sitenote_note":"","_monsterinsights_sitenote_category":0,"footnotes":""},"class_list":["post-4264","page","type-page","status-publish"],"yoast_head":"<!-- This site is optimized with the Yoast SEO plugin v25.2 - https:\/\/yoast.com\/wordpress\/plugins\/seo\/ -->\n<title>Projektowanie Email - Newsletter Creator<\/title>\n<meta name=\"robots\" content=\"index, follow, max-snippet:-1, max-image-preview:large, max-video-preview:-1\" \/>\n<link rel=\"canonical\" href=\"https:\/\/www.newslettercreator.com\/pl\/projektowanie-email\/\" \/>\n<meta property=\"og:locale\" content=\"pl_PL\" \/>\n<meta property=\"og:type\" content=\"article\" \/>\n<meta property=\"og:title\" content=\"Projektowanie Email - Newsletter Creator\" \/>\n<meta property=\"og:description\" content=\"Najbardziej aktualne i interesuj\u0105ce podpowiedzi o tworzeniu wiadomo\u015bci email, aby mia\u0142 \u015bwie\u017cy i innowacyjny wygl\u0105d. &nbsp;\" \/>\n<meta property=\"og:url\" content=\"https:\/\/www.newslettercreator.com\/pl\/projektowanie-email\/\" \/>\n<meta property=\"og:site_name\" content=\"Newsletter Creator\" \/>\n<meta property=\"article:modified_time\" content=\"2016-01-27T13:04:03+00:00\" \/>\n<script type=\"application\/ld+json\" class=\"yoast-schema-graph\">{\"@context\":\"https:\/\/schema.org\",\"@graph\":[{\"@type\":\"WebPage\",\"@id\":\"https:\/\/www.newslettercreator.com\/pl\/projektowanie-email\/\",\"url\":\"https:\/\/www.newslettercreator.com\/pl\/projektowanie-email\/\",\"name\":\"Projektowanie Email - Newsletter Creator\",\"isPartOf\":{\"@id\":\"https:\/\/www.newslettercreator.com\/#website\"},\"datePublished\":\"2016-01-27T09:16:53+00:00\",\"dateModified\":\"2016-01-27T13:04:03+00:00\",\"breadcrumb\":{\"@id\":\"https:\/\/www.newslettercreator.com\/pl\/projektowanie-email\/#breadcrumb\"},\"inLanguage\":\"pl-PL\",\"potentialAction\":[{\"@type\":\"ReadAction\",\"target\":[\"https:\/\/www.newslettercreator.com\/pl\/projektowanie-email\/\"]}]},{\"@type\":\"BreadcrumbList\",\"@id\":\"https:\/\/www.newslettercreator.com\/pl\/projektowanie-email\/#breadcrumb\",\"itemListElement\":[{\"@type\":\"ListItem\",\"position\":1,\"name\":\"Home\",\"item\":\"https:\/\/www.newslettercreator.com\/pl\/\"},{\"@type\":\"ListItem\",\"position\":2,\"name\":\"Projektowanie Email\"}]},{\"@type\":\"WebSite\",\"@id\":\"https:\/\/www.newslettercreator.com\/#website\",\"url\":\"https:\/\/www.newslettercreator.com\/\",\"name\":\"Newsletter Creator\",\"description\":\"Pay off\",\"potentialAction\":[{\"@type\":\"SearchAction\",\"target\":{\"@type\":\"EntryPoint\",\"urlTemplate\":\"https:\/\/www.newslettercreator.com\/?s={search_term_string}\"},\"query-input\":{\"@type\":\"PropertyValueSpecification\",\"valueRequired\":true,\"valueName\":\"search_term_string\"}}],\"inLanguage\":\"pl-PL\"}]}<\/script>\n<!-- \/ Yoast SEO plugin. -->","yoast_head_json":{"title":"Projektowanie Email - Newsletter Creator","robots":{"index":"index","follow":"follow","max-snippet":"max-snippet:-1","max-image-preview":"max-image-preview:large","max-video-preview":"max-video-preview:-1"},"canonical":"https:\/\/www.newslettercreator.com\/pl\/projektowanie-email\/","og_locale":"pl_PL","og_type":"article","og_title":"Projektowanie Email - Newsletter Creator","og_description":"Najbardziej aktualne i interesuj\u0105ce podpowiedzi o tworzeniu wiadomo\u015bci email, aby mia\u0142 \u015bwie\u017cy i innowacyjny wygl\u0105d. &nbsp;","og_url":"https:\/\/www.newslettercreator.com\/pl\/projektowanie-email\/","og_site_name":"Newsletter Creator","article_modified_time":"2016-01-27T13:04:03+00:00","schema":{"@context":"https:\/\/schema.org","@graph":[{"@type":"WebPage","@id":"https:\/\/www.newslettercreator.com\/pl\/projektowanie-email\/","url":"https:\/\/www.newslettercreator.com\/pl\/projektowanie-email\/","name":"Projektowanie Email - Newsletter Creator","isPartOf":{"@id":"https:\/\/www.newslettercreator.com\/#website"},"datePublished":"2016-01-27T09:16:53+00:00","dateModified":"2016-01-27T13:04:03+00:00","breadcrumb":{"@id":"https:\/\/www.newslettercreator.com\/pl\/projektowanie-email\/#breadcrumb"},"inLanguage":"pl-PL","potentialAction":[{"@type":"ReadAction","target":["https:\/\/www.newslettercreator.com\/pl\/projektowanie-email\/"]}]},{"@type":"BreadcrumbList","@id":"https:\/\/www.newslettercreator.com\/pl\/projektowanie-email\/#breadcrumb","itemListElement":[{"@type":"ListItem","position":1,"name":"Home","item":"https:\/\/www.newslettercreator.com\/pl\/"},{"@type":"ListItem","position":2,"name":"Projektowanie Email"}]},{"@type":"WebSite","@id":"https:\/\/www.newslettercreator.com\/#website","url":"https:\/\/www.newslettercreator.com\/","name":"Newsletter Creator","description":"Pay off","potentialAction":[{"@type":"SearchAction","target":{"@type":"EntryPoint","urlTemplate":"https:\/\/www.newslettercreator.com\/?s={search_term_string}"},"query-input":{"@type":"PropertyValueSpecification","valueRequired":true,"valueName":"search_term_string"}}],"inLanguage":"pl-PL"}]}},"_links":{"self":[{"href":"https:\/\/www.newslettercreator.com\/pl\/wp-json\/wp\/v2\/pages\/4264","targetHints":{"allow":["GET"]}}],"collection":[{"href":"https:\/\/www.newslettercreator.com\/pl\/wp-json\/wp\/v2\/pages"}],"about":[{"href":"https:\/\/www.newslettercreator.com\/pl\/wp-json\/wp\/v2\/types\/page"}],"author":[{"embeddable":true,"href":"https:\/\/www.newslettercreator.com\/pl\/wp-json\/wp\/v2\/users\/1"}],"replies":[{"embeddable":true,"href":"https:\/\/www.newslettercreator.com\/pl\/wp-json\/wp\/v2\/comments?post=4264"}],"version-history":[{"count":2,"href":"https:\/\/www.newslettercreator.com\/pl\/wp-json\/wp\/v2\/pages\/4264\/revisions"}],"predecessor-version":[{"id":4299,"href":"https:\/\/www.newslettercreator.com\/pl\/wp-json\/wp\/v2\/pages\/4264\/revisions\/4299"}],"wp:attachment":[{"href":"https:\/\/www.newslettercreator.com\/pl\/wp-json\/wp\/v2\/media?parent=4264"}],"curies":[{"name":"wp","href":"https:\/\/api.w.org\/{rel}","templated":true}]}}