{"id":4266,"date":"2016-01-27T09:18:12","date_gmt":"2016-01-27T09:18:12","guid":{"rendered":"http:\/\/www.newslettercreator.com\/pl\/?page_id=4266"},"modified":"2016-01-27T13:06:16","modified_gmt":"2016-01-27T13:06:16","slug":"przyklady-newsletterow","status":"publish","type":"page","link":"https:\/\/www.newslettercreator.com\/pl\/przyklady-newsletterow\/","title":{"rendered":"Przyk\u0142ady Newsletter\u00f3w"},"content":{"rendered":"<p>Potrzebujesz inspiracji, aby rozpocz\u0105\u0107 budowanie w\u0142asnego wzorca? Mo\u017cesz sprawdzi\u0107 nasze przyk\u0142ady.<\/p>\n<p>&nbsp;<\/p>\n<div id=\"g1-box-counter-1\" class=\"g1-box g1-box--solid  g1-box--noicon\" ><div class=\"g1-box__inner\">\n<h3><a href='http:\/\/www.newslettercreator.com\/pl\/przykladowy-format-newslettera\/'>Przyk\u0142adowy format newslettera<\/a><\/h3>\n<p>To bardzo wa\u017cne, aby zrozumie\u0107, czym jest w\u0142a\u015bciwy format newslettera, aby m\u00f3c tworzy\u0107 pi\u0119kne i efektywne wzorce.<br \/>\n<\/div><\/div>\n<div id=\"g1-box-counter-2\" class=\"g1-box g1-box--solid  g1-box--noicon\" ><div class=\"g1-box__inner\">\n<h3><a href='http:\/\/www.newslettercreator.com\/pl\/przyklady-ukladow-newslettera\/'>Przyk\u0142ady uk\u0142ad\u00f3w newslettera<\/a><\/h3>\n<p>Potrzebujesz przyk\u0142adowego uk\u0142adu dla newslettera \u017ceby zrozumie\u0107 jak stworzy\u0107 sw\u00f3j w\u0142asny wzorzec?<br \/>\n<\/div><\/div>\n","protected":false},"excerpt":{"rendered":"<p>Potrzebujesz inspiracji, aby rozpocz\u0105\u0107 budowanie w\u0142asnego wzorca? Mo\u017cesz sprawdzi\u0107 nasze przyk\u0142ady. &nbsp;<\/p>\n","protected":false},"author":1,"featured_media":0,"parent":0,"menu_order":0,"comment_status":"closed","ping_status":"closed","template":"g1_template_page_sidebar_right.php","meta":{"inline_featured_image":false,"_monsterinsights_skip_tracking":false,"_monsterinsights_sitenote_active":false,"_monsterinsights_sitenote_note":"","_monsterinsights_sitenote_category":0,"footnotes":""},"class_list":["post-4266","page","type-page","status-publish"],"yoast_head":"<!-- This site is optimized with the Yoast SEO plugin v25.2 - https:\/\/yoast.com\/wordpress\/plugins\/seo\/ -->\n<title>Przyk\u0142ady Newsletter\u00f3w - Newsletter Creator<\/title>\n<meta name=\"robots\" content=\"index, follow, max-snippet:-1, max-image-preview:large, max-video-preview:-1\" \/>\n<link rel=\"canonical\" href=\"https:\/\/www.newslettercreator.com\/pl\/przyklady-newsletterow\/\" \/>\n<meta property=\"og:locale\" content=\"pl_PL\" \/>\n<meta property=\"og:type\" content=\"article\" \/>\n<meta property=\"og:title\" content=\"Przyk\u0142ady Newsletter\u00f3w - Newsletter Creator\" \/>\n<meta property=\"og:description\" content=\"Potrzebujesz inspiracji, aby rozpocz\u0105\u0107 budowanie w\u0142asnego wzorca? Mo\u017cesz sprawdzi\u0107 nasze przyk\u0142ady. &nbsp;\" \/>\n<meta property=\"og:url\" content=\"https:\/\/www.newslettercreator.com\/pl\/przyklady-newsletterow\/\" \/>\n<meta property=\"og:site_name\" content=\"Newsletter Creator\" \/>\n<meta property=\"article:modified_time\" content=\"2016-01-27T13:06:16+00:00\" \/>\n<script type=\"application\/ld+json\" class=\"yoast-schema-graph\">{\"@context\":\"https:\/\/schema.org\",\"@graph\":[{\"@type\":\"WebPage\",\"@id\":\"https:\/\/www.newslettercreator.com\/pl\/przyklady-newsletterow\/\",\"url\":\"https:\/\/www.newslettercreator.com\/pl\/przyklady-newsletterow\/\",\"name\":\"Przyk\u0142ady Newsletter\u00f3w - Newsletter Creator\",\"isPartOf\":{\"@id\":\"https:\/\/www.newslettercreator.com\/#website\"},\"datePublished\":\"2016-01-27T09:18:12+00:00\",\"dateModified\":\"2016-01-27T13:06:16+00:00\",\"breadcrumb\":{\"@id\":\"https:\/\/www.newslettercreator.com\/pl\/przyklady-newsletterow\/#breadcrumb\"},\"inLanguage\":\"pl-PL\",\"potentialAction\":[{\"@type\":\"ReadAction\",\"target\":[\"https:\/\/www.newslettercreator.com\/pl\/przyklady-newsletterow\/\"]}]},{\"@type\":\"BreadcrumbList\",\"@id\":\"https:\/\/www.newslettercreator.com\/pl\/przyklady-newsletterow\/#breadcrumb\",\"itemListElement\":[{\"@type\":\"ListItem\",\"position\":1,\"name\":\"Home\",\"item\":\"https:\/\/www.newslettercreator.com\/pl\/\"},{\"@type\":\"ListItem\",\"position\":2,\"name\":\"Przyk\u0142ady Newsletter\u00f3w\"}]},{\"@type\":\"WebSite\",\"@id\":\"https:\/\/www.newslettercreator.com\/#website\",\"url\":\"https:\/\/www.newslettercreator.com\/\",\"name\":\"Newsletter Creator\",\"description\":\"Pay off\",\"potentialAction\":[{\"@type\":\"SearchAction\",\"target\":{\"@type\":\"EntryPoint\",\"urlTemplate\":\"https:\/\/www.newslettercreator.com\/?s={search_term_string}\"},\"query-input\":{\"@type\":\"PropertyValueSpecification\",\"valueRequired\":true,\"valueName\":\"search_term_string\"}}],\"inLanguage\":\"pl-PL\"}]}<\/script>\n<!-- \/ Yoast SEO plugin. -->","yoast_head_json":{"title":"Przyk\u0142ady Newsletter\u00f3w - Newsletter Creator","robots":{"index":"index","follow":"follow","max-snippet":"max-snippet:-1","max-image-preview":"max-image-preview:large","max-video-preview":"max-video-preview:-1"},"canonical":"https:\/\/www.newslettercreator.com\/pl\/przyklady-newsletterow\/","og_locale":"pl_PL","og_type":"article","og_title":"Przyk\u0142ady Newsletter\u00f3w - Newsletter Creator","og_description":"Potrzebujesz inspiracji, aby rozpocz\u0105\u0107 budowanie w\u0142asnego wzorca? Mo\u017cesz sprawdzi\u0107 nasze przyk\u0142ady. &nbsp;","og_url":"https:\/\/www.newslettercreator.com\/pl\/przyklady-newsletterow\/","og_site_name":"Newsletter Creator","article_modified_time":"2016-01-27T13:06:16+00:00","schema":{"@context":"https:\/\/schema.org","@graph":[{"@type":"WebPage","@id":"https:\/\/www.newslettercreator.com\/pl\/przyklady-newsletterow\/","url":"https:\/\/www.newslettercreator.com\/pl\/przyklady-newsletterow\/","name":"Przyk\u0142ady Newsletter\u00f3w - Newsletter Creator","isPartOf":{"@id":"https:\/\/www.newslettercreator.com\/#website"},"datePublished":"2016-01-27T09:18:12+00:00","dateModified":"2016-01-27T13:06:16+00:00","breadcrumb":{"@id":"https:\/\/www.newslettercreator.com\/pl\/przyklady-newsletterow\/#breadcrumb"},"inLanguage":"pl-PL","potentialAction":[{"@type":"ReadAction","target":["https:\/\/www.newslettercreator.com\/pl\/przyklady-newsletterow\/"]}]},{"@type":"BreadcrumbList","@id":"https:\/\/www.newslettercreator.com\/pl\/przyklady-newsletterow\/#breadcrumb","itemListElement":[{"@type":"ListItem","position":1,"name":"Home","item":"https:\/\/www.newslettercreator.com\/pl\/"},{"@type":"ListItem","position":2,"name":"Przyk\u0142ady Newsletter\u00f3w"}]},{"@type":"WebSite","@id":"https:\/\/www.newslettercreator.com\/#website","url":"https:\/\/www.newslettercreator.com\/","name":"Newsletter Creator","description":"Pay off","potentialAction":[{"@type":"SearchAction","target":{"@type":"EntryPoint","urlTemplate":"https:\/\/www.newslettercreator.com\/?s={search_term_string}"},"query-input":{"@type":"PropertyValueSpecification","valueRequired":true,"valueName":"search_term_string"}}],"inLanguage":"pl-PL"}]}},"_links":{"self":[{"href":"https:\/\/www.newslettercreator.com\/pl\/wp-json\/wp\/v2\/pages\/4266","targetHints":{"allow":["GET"]}}],"collection":[{"href":"https:\/\/www.newslettercreator.com\/pl\/wp-json\/wp\/v2\/pages"}],"about":[{"href":"https:\/\/www.newslettercreator.com\/pl\/wp-json\/wp\/v2\/types\/page"}],"author":[{"embeddable":true,"href":"https:\/\/www.newslettercreator.com\/pl\/wp-json\/wp\/v2\/users\/1"}],"replies":[{"embeddable":true,"href":"https:\/\/www.newslettercreator.com\/pl\/wp-json\/wp\/v2\/comments?post=4266"}],"version-history":[{"count":2,"href":"https:\/\/www.newslettercreator.com\/pl\/wp-json\/wp\/v2\/pages\/4266\/revisions"}],"predecessor-version":[{"id":4300,"href":"https:\/\/www.newslettercreator.com\/pl\/wp-json\/wp\/v2\/pages\/4266\/revisions\/4300"}],"wp:attachment":[{"href":"https:\/\/www.newslettercreator.com\/pl\/wp-json\/wp\/v2\/media?parent=4266"}],"curies":[{"name":"wp","href":"https:\/\/api.w.org\/{rel}","templated":true}]}}