{"id":4270,"date":"2016-01-27T09:21:16","date_gmt":"2016-01-27T09:21:16","guid":{"rendered":"http:\/\/www.newslettercreator.com\/pl\/?page_id=4270"},"modified":"2016-01-27T13:14:13","modified_gmt":"2016-01-27T13:14:13","slug":"wzorce-html-email","status":"publish","type":"page","link":"https:\/\/www.newslettercreator.com\/pl\/wzorce-html-email\/","title":{"rendered":"Wzorce HTML email"},"content":{"rendered":"<p>Z MailStyler jest bardzo \u0142atwo stworzy\u0107 kompatybilny i efektowny uk\u0142ad wiadomo\u015bci w HTML, bez pisania \u017cadnego kodu.<\/p>\n<p>&nbsp;<\/p>\n<div id=\"g1-box-counter-1\" class=\"g1-box g1-box--solid  g1-box--noicon\" ><div class=\"g1-box__inner\">\n<h3><a href='http:\/\/www.newslettercreator.com\/pl\/jak-stworzyc-newsletter-w-html\/'>Jak stworzy\u0107 newsletter w HTML<\/a><\/h3>\n<p>Tworzenie newslettera w HTML mo\u017ce by\u0107 wyzwaniem, nie tylko dlatego, \u017ce wymaga kreatywno\u015bci, ale r\u00f3wnie\u017c dla tego&#8230;<br \/>\n<\/div><\/div>\n<div id=\"g1-box-counter-2\" class=\"g1-box g1-box--solid  g1-box--noicon\" ><div class=\"g1-box__inner\">\n<h3><a href='http:\/\/www.newslettercreator.com\/pl\/email-w-html-jak-to-zrobic\/'>Email w HTML: jak to zrobi\u0107<\/a><\/h3>\n<p>Jak stworzy\u0107 efektywny email w HTML? To ca\u0142kiem popularne pytanie.<br \/>\n<\/div><\/div>\n","protected":false},"excerpt":{"rendered":"<p>Z MailStyler jest bardzo \u0142atwo stworzy\u0107 kompatybilny i efektowny uk\u0142ad wiadomo\u015bci w HTML, bez pisania \u017cadnego kodu. &nbsp;<\/p>\n","protected":false},"author":1,"featured_media":0,"parent":0,"menu_order":0,"comment_status":"closed","ping_status":"closed","template":"g1_template_page_sidebar_right.php","meta":{"inline_featured_image":false,"_monsterinsights_skip_tracking":false,"_monsterinsights_sitenote_active":false,"_monsterinsights_sitenote_note":"","_monsterinsights_sitenote_category":0,"footnotes":""},"class_list":["post-4270","page","type-page","status-publish"],"yoast_head":"<!-- This site is optimized with the Yoast SEO plugin v25.2 - https:\/\/yoast.com\/wordpress\/plugins\/seo\/ -->\n<title>Wzorce HTML email - Newsletter Creator<\/title>\n<meta name=\"robots\" content=\"index, follow, max-snippet:-1, max-image-preview:large, max-video-preview:-1\" \/>\n<link rel=\"canonical\" href=\"https:\/\/www.newslettercreator.com\/pl\/wzorce-html-email\/\" \/>\n<meta property=\"og:locale\" content=\"pl_PL\" \/>\n<meta property=\"og:type\" content=\"article\" \/>\n<meta property=\"og:title\" content=\"Wzorce HTML email - Newsletter Creator\" \/>\n<meta property=\"og:description\" content=\"Z MailStyler jest bardzo \u0142atwo stworzy\u0107 kompatybilny i efektowny uk\u0142ad wiadomo\u015bci w HTML, bez pisania \u017cadnego kodu. &nbsp;\" \/>\n<meta property=\"og:url\" content=\"https:\/\/www.newslettercreator.com\/pl\/wzorce-html-email\/\" \/>\n<meta property=\"og:site_name\" content=\"Newsletter Creator\" \/>\n<meta property=\"article:modified_time\" content=\"2016-01-27T13:14:13+00:00\" \/>\n<script type=\"application\/ld+json\" class=\"yoast-schema-graph\">{\"@context\":\"https:\/\/schema.org\",\"@graph\":[{\"@type\":\"WebPage\",\"@id\":\"https:\/\/www.newslettercreator.com\/pl\/wzorce-html-email\/\",\"url\":\"https:\/\/www.newslettercreator.com\/pl\/wzorce-html-email\/\",\"name\":\"Wzorce HTML email - Newsletter Creator\",\"isPartOf\":{\"@id\":\"https:\/\/www.newslettercreator.com\/#website\"},\"datePublished\":\"2016-01-27T09:21:16+00:00\",\"dateModified\":\"2016-01-27T13:14:13+00:00\",\"breadcrumb\":{\"@id\":\"https:\/\/www.newslettercreator.com\/pl\/wzorce-html-email\/#breadcrumb\"},\"inLanguage\":\"pl-PL\",\"potentialAction\":[{\"@type\":\"ReadAction\",\"target\":[\"https:\/\/www.newslettercreator.com\/pl\/wzorce-html-email\/\"]}]},{\"@type\":\"BreadcrumbList\",\"@id\":\"https:\/\/www.newslettercreator.com\/pl\/wzorce-html-email\/#breadcrumb\",\"itemListElement\":[{\"@type\":\"ListItem\",\"position\":1,\"name\":\"Home\",\"item\":\"https:\/\/www.newslettercreator.com\/pl\/\"},{\"@type\":\"ListItem\",\"position\":2,\"name\":\"Wzorce HTML email\"}]},{\"@type\":\"WebSite\",\"@id\":\"https:\/\/www.newslettercreator.com\/#website\",\"url\":\"https:\/\/www.newslettercreator.com\/\",\"name\":\"Newsletter Creator\",\"description\":\"Pay off\",\"potentialAction\":[{\"@type\":\"SearchAction\",\"target\":{\"@type\":\"EntryPoint\",\"urlTemplate\":\"https:\/\/www.newslettercreator.com\/?s={search_term_string}\"},\"query-input\":{\"@type\":\"PropertyValueSpecification\",\"valueRequired\":true,\"valueName\":\"search_term_string\"}}],\"inLanguage\":\"pl-PL\"}]}<\/script>\n<!-- \/ Yoast SEO plugin. -->","yoast_head_json":{"title":"Wzorce HTML email - Newsletter Creator","robots":{"index":"index","follow":"follow","max-snippet":"max-snippet:-1","max-image-preview":"max-image-preview:large","max-video-preview":"max-video-preview:-1"},"canonical":"https:\/\/www.newslettercreator.com\/pl\/wzorce-html-email\/","og_locale":"pl_PL","og_type":"article","og_title":"Wzorce HTML email - Newsletter Creator","og_description":"Z MailStyler jest bardzo \u0142atwo stworzy\u0107 kompatybilny i efektowny uk\u0142ad wiadomo\u015bci w HTML, bez pisania \u017cadnego kodu. &nbsp;","og_url":"https:\/\/www.newslettercreator.com\/pl\/wzorce-html-email\/","og_site_name":"Newsletter Creator","article_modified_time":"2016-01-27T13:14:13+00:00","schema":{"@context":"https:\/\/schema.org","@graph":[{"@type":"WebPage","@id":"https:\/\/www.newslettercreator.com\/pl\/wzorce-html-email\/","url":"https:\/\/www.newslettercreator.com\/pl\/wzorce-html-email\/","name":"Wzorce HTML email - Newsletter Creator","isPartOf":{"@id":"https:\/\/www.newslettercreator.com\/#website"},"datePublished":"2016-01-27T09:21:16+00:00","dateModified":"2016-01-27T13:14:13+00:00","breadcrumb":{"@id":"https:\/\/www.newslettercreator.com\/pl\/wzorce-html-email\/#breadcrumb"},"inLanguage":"pl-PL","potentialAction":[{"@type":"ReadAction","target":["https:\/\/www.newslettercreator.com\/pl\/wzorce-html-email\/"]}]},{"@type":"BreadcrumbList","@id":"https:\/\/www.newslettercreator.com\/pl\/wzorce-html-email\/#breadcrumb","itemListElement":[{"@type":"ListItem","position":1,"name":"Home","item":"https:\/\/www.newslettercreator.com\/pl\/"},{"@type":"ListItem","position":2,"name":"Wzorce HTML email"}]},{"@type":"WebSite","@id":"https:\/\/www.newslettercreator.com\/#website","url":"https:\/\/www.newslettercreator.com\/","name":"Newsletter Creator","description":"Pay off","potentialAction":[{"@type":"SearchAction","target":{"@type":"EntryPoint","urlTemplate":"https:\/\/www.newslettercreator.com\/?s={search_term_string}"},"query-input":{"@type":"PropertyValueSpecification","valueRequired":true,"valueName":"search_term_string"}}],"inLanguage":"pl-PL"}]}},"_links":{"self":[{"href":"https:\/\/www.newslettercreator.com\/pl\/wp-json\/wp\/v2\/pages\/4270","targetHints":{"allow":["GET"]}}],"collection":[{"href":"https:\/\/www.newslettercreator.com\/pl\/wp-json\/wp\/v2\/pages"}],"about":[{"href":"https:\/\/www.newslettercreator.com\/pl\/wp-json\/wp\/v2\/types\/page"}],"author":[{"embeddable":true,"href":"https:\/\/www.newslettercreator.com\/pl\/wp-json\/wp\/v2\/users\/1"}],"replies":[{"embeddable":true,"href":"https:\/\/www.newslettercreator.com\/pl\/wp-json\/wp\/v2\/comments?post=4270"}],"version-history":[{"count":3,"href":"https:\/\/www.newslettercreator.com\/pl\/wp-json\/wp\/v2\/pages\/4270\/revisions"}],"predecessor-version":[{"id":4303,"href":"https:\/\/www.newslettercreator.com\/pl\/wp-json\/wp\/v2\/pages\/4270\/revisions\/4303"}],"wp:attachment":[{"href":"https:\/\/www.newslettercreator.com\/pl\/wp-json\/wp\/v2\/media?parent=4270"}],"curies":[{"name":"wp","href":"https:\/\/api.w.org\/{rel}","templated":true}]}}