{"id":4282,"date":"2016-01-27T09:54:25","date_gmt":"2016-01-27T09:54:25","guid":{"rendered":"http:\/\/www.newslettercreator.com\/pl\/?page_id=4282"},"modified":"2016-01-27T09:54:25","modified_gmt":"2016-01-27T09:54:25","slug":"przykladowy-format-newslettera","status":"publish","type":"page","link":"https:\/\/www.newslettercreator.com\/pl\/przykladowy-format-newslettera\/","title":{"rendered":"Przyk\u0142adowy format newslettera"},"content":{"rendered":"<p>To bardzo wa\u017cne, aby zrozumie\u0107, czym jest w\u0142a\u015bciwy <strong>format newslettera, aby<\/strong> m\u00f3c tworzy\u0107 pi\u0119kne i efektywne wzorce. To, dlatego zebrali\u015bmy kilka <strong>przyk\u0142adowych wiadomo\u015bci email<\/strong> \u2014 aby ci pom\u00f3c w stworzeniu w\u0142asnych bez pope\u0142nienia typowych b\u0142\u0119d\u00f3w.<\/p>\n<p>Niestety nie jest trudno trafi\u0107 na bardzo \u017ale zaprojektowany newsletters: i o ile jest to jeszcze zrozumia\u0142e (ale nie usprawiedliwione) w przypadku pracy pocz\u0105tkuj\u0105cego, to ju\u017c profesjonalista powinien zawsze polega\u0107 na <strong>doskona\u0142ym formacie wiadomo\u015bci email<\/strong>. To nawet nie kwestia pi\u0119kna prostoty, ale to ju\u017c kwestia przede wszystkim <strong>marketingu<\/strong>. <\/p>\n<p>Mo\u017cesz wi\u0119c czerpa\u0107 inspiracj\u0119 z przyk\u0142ad\u00f3w tak aby skorzysta\u0107 jak najwi\u0119cej z naszego <strong><a href=\"http:\/\/www.newslettercreator.com\/pl\/cennik\/\" title=\"MailStyler cennik\">kreatora wzorc\u00f3w<\/a><\/strong>: z seri\u0105 prostych ruch\u00f3w myszk\u0105 \u2014 przeci\u0105gasz element na powierzchni\u0119 robocz\u0105 i upuszczasz \u2014 b\u0119dziesz w stanie stworzy\u0107 w projekt swojego newslettera w sekundy. Dodatkowo maj\u0105c pewno\u015b\u0107, <strong>100% kompatybilno\u015bci z dowolnym klientem poczty lub aplikacj\u0105<\/strong>. <\/p>\n<p>&nbsp;<\/p>\n\n<div id=\"rev_slider_5_1_wrapper\" class=\"rev_slider_wrapper fullwidthbanner-container\" data-source=\"gallery\" style=\"margin:0px auto;background:#ffffff;padding:0px;margin-top:0px;margin-bottom:0px;\">\n<!-- START REVOLUTION SLIDER 5.4.7.3 fullwidth mode -->\n\t<div id=\"rev_slider_5_1\" class=\"rev_slider fullwidthabanner tp-overflow-hidden\" style=\"display:none;\" data-version=\"5.4.7.3\">\n<ul>\t<!-- SLIDE  -->\n\t<li data-index=\"rs-46\" data-transition=\"slideright\" data-slotamount=\"7\" data-hideafterloop=\"0\" data-hideslideonmobile=\"off\"  data-easein=\"default\" data-easeout=\"default\" data-masterspeed=\"300\"  data-thumb=\"https:\/\/www.newslettercreator.com\/wp-content\/uploads\/2014\/09\/real-estate-100x50.jpg\"  data-rotate=\"0\"  data-saveperformance=\"off\"  data-title=\"Slide\" data-param1=\"\" data-param2=\"\" data-param3=\"\" data-param4=\"\" data-param5=\"\" data-param6=\"\" data-param7=\"\" data-param8=\"\" data-param9=\"\" data-param10=\"\" data-description=\"\">\n\t\t<!-- MAIN IMAGE -->\n\t\t<img decoding=\"async\" src=\"https:\/\/www.newslettercreator.com\/wp-content\/uploads\/2014\/09\/real-estate.jpg\"  alt=\"\" title=\"real-estate\"  width=\"800\" height=\"900\" data-bgposition=\"center top\" data-bgfit=\"cover\" data-bgrepeat=\"no-repeat\" class=\"rev-slidebg\" data-no-retina>\n\t\t<!-- LAYERS -->\n\t<\/li>\n\t<!-- SLIDE  -->\n\t<li data-index=\"rs-20\" data-transition=\"slideright\" data-slotamount=\"7\" data-hideafterloop=\"0\" data-hideslideonmobile=\"off\"  data-easein=\"default\" data-easeout=\"default\" data-masterspeed=\"300\"  data-thumb=\"https:\/\/www.newslettercreator.com\/wp-content\/uploads\/2014\/09\/flower-100x50.jpg\"  data-rotate=\"0\"  data-saveperformance=\"off\"  data-title=\"Slide\" data-param1=\"\" data-param2=\"\" data-param3=\"\" data-param4=\"\" data-param5=\"\" data-param6=\"\" data-param7=\"\" data-param8=\"\" data-param9=\"\" data-param10=\"\" data-description=\"\">\n\t\t<!-- MAIN IMAGE -->\n\t\t<img decoding=\"async\" src=\"https:\/\/www.newslettercreator.com\/wp-content\/uploads\/2014\/09\/flower.jpg\"  alt=\"\" title=\"flower\"  width=\"800\" height=\"900\" data-bgposition=\"center top\" data-bgfit=\"cover\" data-bgrepeat=\"no-repeat\" class=\"rev-slidebg\" data-no-retina>\n\t\t<!-- LAYERS -->\n\t<\/li>\n\t<!-- SLIDE  -->\n\t<li data-index=\"rs-47\" data-transition=\"slideright\" data-slotamount=\"7\" data-hideafterloop=\"0\" data-hideslideonmobile=\"off\"  data-easein=\"default\" data-easeout=\"default\" data-masterspeed=\"300\"  data-thumb=\"https:\/\/www.newslettercreator.com\/wp-content\/uploads\/2014\/09\/travel-100x50.jpg\"  data-rotate=\"0\"  data-saveperformance=\"off\"  data-title=\"Slide\" data-param1=\"\" data-param2=\"\" data-param3=\"\" data-param4=\"\" data-param5=\"\" data-param6=\"\" data-param7=\"\" data-param8=\"\" data-param9=\"\" data-param10=\"\" data-description=\"\">\n\t\t<!-- MAIN IMAGE -->\n\t\t<img decoding=\"async\" src=\"https:\/\/www.newslettercreator.com\/wp-content\/uploads\/2014\/09\/travel.jpg\"  alt=\"\" title=\"travel\"  width=\"800\" height=\"900\" data-bgposition=\"center top\" data-bgfit=\"cover\" data-bgrepeat=\"no-repeat\" class=\"rev-slidebg\" data-no-retina>\n\t\t<!-- LAYERS -->\n\t<\/li>\n\t<!-- SLIDE  -->\n\t<li data-index=\"rs-45\" data-transition=\"slideright\" data-slotamount=\"7\" data-hideafterloop=\"0\" data-hideslideonmobile=\"off\"  data-easein=\"default\" data-easeout=\"default\" data-masterspeed=\"300\"  data-thumb=\"https:\/\/www.newslettercreator.com\/wp-content\/uploads\/2014\/09\/politics-100x50.jpg\"  data-rotate=\"0\"  data-saveperformance=\"off\"  data-title=\"Slide\" data-param1=\"\" data-param2=\"\" data-param3=\"\" data-param4=\"\" data-param5=\"\" data-param6=\"\" data-param7=\"\" data-param8=\"\" data-param9=\"\" data-param10=\"\" data-description=\"\">\n\t\t<!-- MAIN IMAGE -->\n\t\t<img decoding=\"async\" src=\"https:\/\/www.newslettercreator.com\/wp-content\/uploads\/2014\/09\/politics.jpg\"  alt=\"\" title=\"politics\"  width=\"800\" height=\"900\" data-bgposition=\"center top\" data-bgfit=\"cover\" data-bgrepeat=\"no-repeat\" class=\"rev-slidebg\" data-no-retina>\n\t\t<!-- LAYERS -->\n\t<\/li>\n<\/ul>\n<script>var htmlDiv = document.getElementById(\"rs-plugin-settings-inline-css\"); var htmlDivCss=\"\";\n\t\t\t\t\t\tif(htmlDiv) {\n\t\t\t\t\t\t\thtmlDiv.innerHTML = htmlDiv.innerHTML + htmlDivCss;\n\t\t\t\t\t\t}else{\n\t\t\t\t\t\t\tvar htmlDiv = document.createElement(\"div\");\n\t\t\t\t\t\t\thtmlDiv.innerHTML = \"<style>\" + htmlDivCss + \"<\/style>\";\n\t\t\t\t\t\t\tdocument.getElementsByTagName(\"head\")[0].appendChild(htmlDiv.childNodes[0]);\n\t\t\t\t\t\t}\n\t\t\t\t\t<\/script>\n<div class=\"tp-bannertimer tp-bottom\" style=\"visibility: hidden !important;\"><\/div>\t<\/div>\n<script>var htmlDiv = document.getElementById(\"rs-plugin-settings-inline-css\"); var htmlDivCss=\"\";\n\t\t\t\tif(htmlDiv) {\n\t\t\t\t\thtmlDiv.innerHTML = htmlDiv.innerHTML + htmlDivCss;\n\t\t\t\t}else{\n\t\t\t\t\tvar htmlDiv = document.createElement(\"div\");\n\t\t\t\t\thtmlDiv.innerHTML = \"<style>\" + htmlDivCss + \"<\/style>\";\n\t\t\t\t\tdocument.getElementsByTagName(\"head\")[0].appendChild(htmlDiv.childNodes[0]);\n\t\t\t\t}\n\t\t\t<\/script>\n\t\t<script type=\"text\/javascript\">\nif (setREVStartSize!==undefined) setREVStartSize(\n\t{c: '#rev_slider_5_1', gridwidth: [800], gridheight: [900], sliderLayout: 'auto'});\n\t\t\t\nvar revapi5,\n\ttpj;\t\n(function() {\t\t\t\n\tif (!\/loaded|interactive|complete\/.test(document.readyState)) document.addEventListener(\"DOMContentLoaded\",onLoad); else onLoad();\t\n\tfunction onLoad() {\t\t\t\t\n\t\tif (tpj===undefined) { tpj = jQuery; if(\"on\" == \"on\") tpj.noConflict();}\n\tif(tpj(\"#rev_slider_5_1\").revolution == undefined){\n\t\trevslider_showDoubleJqueryError(\"#rev_slider_5_1\");\n\t}else{\n\t\trevapi5 = tpj(\"#rev_slider_5_1\").show().revolution({\n\t\t\tsliderType:\"standard\",\n\t\t\tjsFileLocation:\"\/\/www.newslettercreator.com\/wp-content\/plugins\/revslider\/public\/assets\/js\/\",\n\t\t\tsliderLayout:\"auto\",\n\t\t\tdottedOverlay:\"none\",\n\t\t\tdelay:9000,\n\t\t\tnavigation: {\n\t\t\t\tkeyboardNavigation:\"off\",\n\t\t\t\tkeyboard_direction: \"horizontal\",\n\t\t\t\tmouseScrollNavigation:\"off\",\n \t\t\t\t\t\t\tmouseScrollReverse:\"default\",\n\t\t\t\tonHoverStop:\"off\",\n\t\t\t\tarrows: {\n\t\t\t\t\tstyle:\"hesperiden\",\n\t\t\t\t\tenable:true,\n\t\t\t\t\thide_onmobile:false,\n\t\t\t\t\thide_onleave:true,\n\t\t\t\t\thide_delay:200,\n\t\t\t\t\thide_delay_mobile:1200,\n\t\t\t\t\ttmp:'',\n\t\t\t\t\tleft: {\n\t\t\t\t\t\th_align:\"left\",\n\t\t\t\t\t\tv_align:\"center\",\n\t\t\t\t\t\th_offset:20,\n\t\t\t\t\t\tv_offset:0\n\t\t\t\t\t},\n\t\t\t\t\tright: {\n\t\t\t\t\t\th_align:\"right\",\n\t\t\t\t\t\tv_align:\"center\",\n\t\t\t\t\t\th_offset:20,\n\t\t\t\t\t\tv_offset:0\n\t\t\t\t\t}\n\t\t\t\t}\n\t\t\t},\n\t\t\tvisibilityLevels:[1240,1024,778,480],\n\t\t\tgridwidth:800,\n\t\t\tgridheight:900,\n\t\t\tlazyType:\"none\",\n\t\t\tshadow:0,\n\t\t\tspinner:\"spinner0\",\n\t\t\tstopLoop:\"off\",\n\t\t\tstopAfterLoops:-1,\n\t\t\tstopAtSlide:-1,\n\t\t\tshuffle:\"off\",\n\t\t\tautoHeight:\"off\",\n\t\t\tdisableProgressBar:\"on\",\n\t\t\thideThumbsOnMobile:\"off\",\n\t\t\thideSliderAtLimit:0,\n\t\t\thideCaptionAtLimit:0,\n\t\t\thideAllCaptionAtLilmit:0,\n\t\t\tdebugMode:false,\n\t\t\tfallbacks: {\n\t\t\t\tsimplifyAll:\"off\",\n\t\t\t\tnextSlideOnWindowFocus:\"off\",\n\t\t\t\tdisableFocusListener:false,\n\t\t\t}\n\t\t});\n\t}; \/* END OF revapi call *\/\n\t\n }; \/* END OF ON LOAD FUNCTION *\/\n}()); \/* END OF WRAPPING FUNCTION *\/\n<\/script>\n\t\t<script>\n\t\t\t\t\tvar htmlDivCss = unescape(\".hesperiden.tparrows%20%7B%0A%09cursor%3Apointer%3B%0A%09background%3Argba%280%2C0%2C0%2C0.5%29%3B%0A%09width%3A40px%3B%0A%09height%3A40px%3B%0A%09position%3Aabsolute%3B%0A%09display%3Ablock%3B%0A%09z-index%3A100%3B%0A%20%20%20%20border-radius%3A%2050%25%3B%0A%7D%0A.hesperiden.tparrows%3Ahover%20%7B%0A%09background%3Argba%280%2C%200%2C%200%2C%201%29%3B%0A%7D%0A.hesperiden.tparrows%3Abefore%20%7B%0A%09font-family%3A%20%22revicons%22%3B%0A%09font-size%3A20px%3B%0A%09color%3Argb%28255%2C%20255%2C%20255%29%3B%0A%09display%3Ablock%3B%0A%09line-height%3A%2040px%3B%0A%09text-align%3A%20center%3B%0A%7D%0A.hesperiden.tparrows.tp-leftarrow%3Abefore%20%7B%0A%09content%3A%20%22%5Ce82c%22%3B%0A%20%20%20%20margin-left%3A-3px%3B%0A%7D%0A.hesperiden.tparrows.tp-rightarrow%3Abefore%20%7B%0A%09content%3A%20%22%5Ce82d%22%3B%0A%20%20%20%20margin-right%3A-3px%3B%0A%7D%0A\");\n\t\t\t\t\tvar htmlDiv = document.getElementById('rs-plugin-settings-inline-css');\n\t\t\t\t\tif(htmlDiv) {\n\t\t\t\t\t\thtmlDiv.innerHTML = htmlDiv.innerHTML + htmlDivCss;\n\t\t\t\t\t}\n\t\t\t\t\telse{\n\t\t\t\t\t\tvar htmlDiv = document.createElement('div');\n\t\t\t\t\t\thtmlDiv.innerHTML = '<style>' + htmlDivCss + '<\/style>';\n\t\t\t\t\t\tdocument.getElementsByTagName('head')[0].appendChild(htmlDiv.childNodes[0]);\n\t\t\t\t\t}\n\t\t\t\t  <\/script>\n\t\t\t\t<\/div><!-- END REVOLUTION SLIDER -->\n<p>&nbsp;<\/p>\n<p style=\"text-align: center;\"><a class=\"button large orange\" style=\"margin-top: 20px; width: 157px; margin-right: 30px;\" title=\"Pobierz Demo\" href=\"http:\/\/www.newslettercreator.com\/pl\/wyprobuj-darmowa-wersje\/\" target=\"_self\">POBIERZ DEMO<\/a><a class=\"button large darkgray\" style=\"margin-top: 20px; width: 157px;\" title=\"Kup Mailstyler Pro\" href=\"http:\/\/www.newslettercreator.com\/pl\/cennik\/\" target=\"_self\">KUP MAILSTYLER PRO<\/a><\/p>\n<p style=\"text-align: center; font-size: 11px;\">Ostatnia wersja: 2.24.01.17 | Data Wydania: 17\/01\/2024 | Rozmiar: 114.9 MB<br \/>\n<a href=\"http:\/\/www.newslettercreator.com\/license-agreement\/\" target=\"_blank\">Umowa licencyjna<\/a> | <a href=\"http:\/\/www.newslettercreator.com\/how-to-uninstall\/\" target=\"_blank\">Jak odinstalowa\u0107<\/a><\/p>\n","protected":false},"excerpt":{"rendered":"<p>To bardzo wa\u017cne, aby zrozumie\u0107, czym jest w\u0142a\u015bciwy format newslettera, aby m\u00f3c tworzy\u0107 pi\u0119kne i efektywne wzorce. To, dlatego zebrali\u015bmy kilka przyk\u0142adowych wiadomo\u015bci email \u2014 aby ci pom\u00f3c w stworzeniu w\u0142asnych bez pope\u0142nienia typowych b\u0142\u0119d\u00f3w. Niestety nie jest trudno trafi\u0107 na bardzo \u017ale zaprojektowany newsletters: i o ile jest to jeszcze zrozumia\u0142e (ale nie usprawiedliwione) [&hellip;]<\/p>\n","protected":false},"author":1,"featured_media":0,"parent":0,"menu_order":0,"comment_status":"closed","ping_status":"closed","template":"g1_template_page_sidebar_right.php","meta":{"inline_featured_image":false,"_monsterinsights_skip_tracking":false,"_monsterinsights_sitenote_active":false,"_monsterinsights_sitenote_note":"","_monsterinsights_sitenote_category":0,"footnotes":""},"class_list":["post-4282","page","type-page","status-publish"],"yoast_head":"<!-- This site is optimized with the Yoast SEO plugin v25.2 - https:\/\/yoast.com\/wordpress\/plugins\/seo\/ -->\n<title>Przyk\u0142adowy format newslettera - Newsletter Creator<\/title>\n<meta name=\"robots\" content=\"index, follow, max-snippet:-1, max-image-preview:large, max-video-preview:-1\" \/>\n<link rel=\"canonical\" href=\"https:\/\/www.newslettercreator.com\/pl\/przykladowy-format-newslettera\/\" \/>\n<meta property=\"og:locale\" content=\"pl_PL\" \/>\n<meta property=\"og:type\" content=\"article\" \/>\n<meta property=\"og:title\" content=\"Przyk\u0142adowy format newslettera - Newsletter Creator\" \/>\n<meta property=\"og:description\" content=\"To bardzo wa\u017cne, aby zrozumie\u0107, czym jest w\u0142a\u015bciwy format newslettera, aby m\u00f3c tworzy\u0107 pi\u0119kne i efektywne wzorce. To, dlatego zebrali\u015bmy kilka przyk\u0142adowych wiadomo\u015bci email \u2014 aby ci pom\u00f3c w stworzeniu w\u0142asnych bez pope\u0142nienia typowych b\u0142\u0119d\u00f3w. Niestety nie jest trudno trafi\u0107 na bardzo \u017ale zaprojektowany newsletters: i o ile jest to jeszcze zrozumia\u0142e (ale nie usprawiedliwione) [&hellip;]\" \/>\n<meta property=\"og:url\" content=\"https:\/\/www.newslettercreator.com\/pl\/przykladowy-format-newslettera\/\" \/>\n<meta property=\"og:site_name\" content=\"Newsletter Creator\" \/>\n<meta name=\"twitter:label1\" content=\"Szacowany czas czytania\" \/>\n\t<meta name=\"twitter:data1\" content=\"1 minuta\" \/>\n<script type=\"application\/ld+json\" class=\"yoast-schema-graph\">{\"@context\":\"https:\/\/schema.org\",\"@graph\":[{\"@type\":\"WebPage\",\"@id\":\"https:\/\/www.newslettercreator.com\/pl\/przykladowy-format-newslettera\/\",\"url\":\"https:\/\/www.newslettercreator.com\/pl\/przykladowy-format-newslettera\/\",\"name\":\"Przyk\u0142adowy format newslettera - Newsletter Creator\",\"isPartOf\":{\"@id\":\"https:\/\/www.newslettercreator.com\/#website\"},\"datePublished\":\"2016-01-27T09:54:25+00:00\",\"breadcrumb\":{\"@id\":\"https:\/\/www.newslettercreator.com\/pl\/przykladowy-format-newslettera\/#breadcrumb\"},\"inLanguage\":\"pl-PL\",\"potentialAction\":[{\"@type\":\"ReadAction\",\"target\":[\"https:\/\/www.newslettercreator.com\/pl\/przykladowy-format-newslettera\/\"]}]},{\"@type\":\"BreadcrumbList\",\"@id\":\"https:\/\/www.newslettercreator.com\/pl\/przykladowy-format-newslettera\/#breadcrumb\",\"itemListElement\":[{\"@type\":\"ListItem\",\"position\":1,\"name\":\"Home\",\"item\":\"https:\/\/www.newslettercreator.com\/pl\/\"},{\"@type\":\"ListItem\",\"position\":2,\"name\":\"Przyk\u0142adowy format newslettera\"}]},{\"@type\":\"WebSite\",\"@id\":\"https:\/\/www.newslettercreator.com\/#website\",\"url\":\"https:\/\/www.newslettercreator.com\/\",\"name\":\"Newsletter Creator\",\"description\":\"Pay off\",\"potentialAction\":[{\"@type\":\"SearchAction\",\"target\":{\"@type\":\"EntryPoint\",\"urlTemplate\":\"https:\/\/www.newslettercreator.com\/?s={search_term_string}\"},\"query-input\":{\"@type\":\"PropertyValueSpecification\",\"valueRequired\":true,\"valueName\":\"search_term_string\"}}],\"inLanguage\":\"pl-PL\"}]}<\/script>\n<!-- \/ Yoast SEO plugin. -->","yoast_head_json":{"title":"Przyk\u0142adowy format newslettera - Newsletter Creator","robots":{"index":"index","follow":"follow","max-snippet":"max-snippet:-1","max-image-preview":"max-image-preview:large","max-video-preview":"max-video-preview:-1"},"canonical":"https:\/\/www.newslettercreator.com\/pl\/przykladowy-format-newslettera\/","og_locale":"pl_PL","og_type":"article","og_title":"Przyk\u0142adowy format newslettera - Newsletter Creator","og_description":"To bardzo wa\u017cne, aby zrozumie\u0107, czym jest w\u0142a\u015bciwy format newslettera, aby m\u00f3c tworzy\u0107 pi\u0119kne i efektywne wzorce. To, dlatego zebrali\u015bmy kilka przyk\u0142adowych wiadomo\u015bci email \u2014 aby ci pom\u00f3c w stworzeniu w\u0142asnych bez pope\u0142nienia typowych b\u0142\u0119d\u00f3w. Niestety nie jest trudno trafi\u0107 na bardzo \u017ale zaprojektowany newsletters: i o ile jest to jeszcze zrozumia\u0142e (ale nie usprawiedliwione) [&hellip;]","og_url":"https:\/\/www.newslettercreator.com\/pl\/przykladowy-format-newslettera\/","og_site_name":"Newsletter Creator","twitter_misc":{"Szacowany czas czytania":"1 minuta"},"schema":{"@context":"https:\/\/schema.org","@graph":[{"@type":"WebPage","@id":"https:\/\/www.newslettercreator.com\/pl\/przykladowy-format-newslettera\/","url":"https:\/\/www.newslettercreator.com\/pl\/przykladowy-format-newslettera\/","name":"Przyk\u0142adowy format newslettera - Newsletter Creator","isPartOf":{"@id":"https:\/\/www.newslettercreator.com\/#website"},"datePublished":"2016-01-27T09:54:25+00:00","breadcrumb":{"@id":"https:\/\/www.newslettercreator.com\/pl\/przykladowy-format-newslettera\/#breadcrumb"},"inLanguage":"pl-PL","potentialAction":[{"@type":"ReadAction","target":["https:\/\/www.newslettercreator.com\/pl\/przykladowy-format-newslettera\/"]}]},{"@type":"BreadcrumbList","@id":"https:\/\/www.newslettercreator.com\/pl\/przykladowy-format-newslettera\/#breadcrumb","itemListElement":[{"@type":"ListItem","position":1,"name":"Home","item":"https:\/\/www.newslettercreator.com\/pl\/"},{"@type":"ListItem","position":2,"name":"Przyk\u0142adowy format newslettera"}]},{"@type":"WebSite","@id":"https:\/\/www.newslettercreator.com\/#website","url":"https:\/\/www.newslettercreator.com\/","name":"Newsletter Creator","description":"Pay off","potentialAction":[{"@type":"SearchAction","target":{"@type":"EntryPoint","urlTemplate":"https:\/\/www.newslettercreator.com\/?s={search_term_string}"},"query-input":{"@type":"PropertyValueSpecification","valueRequired":true,"valueName":"search_term_string"}}],"inLanguage":"pl-PL"}]}},"_links":{"self":[{"href":"https:\/\/www.newslettercreator.com\/pl\/wp-json\/wp\/v2\/pages\/4282","targetHints":{"allow":["GET"]}}],"collection":[{"href":"https:\/\/www.newslettercreator.com\/pl\/wp-json\/wp\/v2\/pages"}],"about":[{"href":"https:\/\/www.newslettercreator.com\/pl\/wp-json\/wp\/v2\/types\/page"}],"author":[{"embeddable":true,"href":"https:\/\/www.newslettercreator.com\/pl\/wp-json\/wp\/v2\/users\/1"}],"replies":[{"embeddable":true,"href":"https:\/\/www.newslettercreator.com\/pl\/wp-json\/wp\/v2\/comments?post=4282"}],"version-history":[{"count":1,"href":"https:\/\/www.newslettercreator.com\/pl\/wp-json\/wp\/v2\/pages\/4282\/revisions"}],"predecessor-version":[{"id":4283,"href":"https:\/\/www.newslettercreator.com\/pl\/wp-json\/wp\/v2\/pages\/4282\/revisions\/4283"}],"wp:attachment":[{"href":"https:\/\/www.newslettercreator.com\/pl\/wp-json\/wp\/v2\/media?parent=4282"}],"curies":[{"name":"wp","href":"https:\/\/api.w.org\/{rel}","templated":true}]}}