{"id":4287,"date":"2016-01-27T10:09:50","date_gmt":"2016-01-27T10:09:50","guid":{"rendered":"http:\/\/www.newslettercreator.com\/pl\/?page_id=4287"},"modified":"2016-01-27T10:09:50","modified_gmt":"2016-01-27T10:09:50","slug":"responsywne-wzorce-wiadomosci-email","status":"publish","type":"page","link":"https:\/\/www.newslettercreator.com\/pl\/responsywne-wzorce-wiadomosci-email\/","title":{"rendered":"Responsywne wzorce wiadomo\u015bci Email"},"content":{"rendered":"<p>Dzi\u015b ponad po\u0142owa Twoich czytelnik\u00f3w otworzy Tw\u00f3j newsletter na urz\u0105dzeniu mobilnym, a potem mo\u017ce ponownie na komputerze. To, dlatego gdy zaczynamy budowa\u0107 w\u0142asny <strong>wzorzec email<\/strong> jest szalenie istotne, aby zapewni\u0107 czytelno\u015b\u0107 na <strong>wielu urz\u0105dzeniach<\/strong>, co w\u0142a\u015bnie daje nam MailStyler.<\/p>\n<p><a href=\"http:\/\/www.newslettercreator.com\/wp-content\/uploads\/2014\/11\/responsive-email-templates.png\"><img decoding=\"async\" class=\"aligncenter\" src=\"http:\/\/www.newslettercreator.com\/wp-content\/uploads\/2014\/11\/responsive-email-templates.png\" alt=\"Responsywne wzorce wiadomo\u015bci Email\" width=\"511\" height=\"404\" \/><\/a><\/p>\n<p>Responsywny wzorzec wiadomo\u015bci email w HTML wykonany z MailStyler gwarantuje optymalne renderowanie bez konieczno\u015bci zmiany rozmiaru lub przewijania, dzi\u0119ki temu, \u017ce newsletter <strong>automatycznie dostosuje si\u0119<\/strong> do dowolnego ekranu. Dzi\u0119ki czemu b\u0119dzie wygl\u0105da\u0142 \u015bwietlnie <strong>nie wa\u017cne gdzie zostanie otwarty<\/strong>: <a href=\"http:\/\/www.newslettercreator.com\/pl\/test-kompatybilnosci-wzorca-newslettera\/\" title=\"Test kompatybilno\u015bci wzorca newslettera\">sprawd\u017a to sam<\/a>.<\/p>\n<p>Dzi\u0119ki prostemu systemowi <strong>blok\u00f3w przeci\u0105gnij &#038; upu\u015b\u0107<\/strong>, MailStyler pozwala ci na stworzenie ca\u0142kowicie responsywnego uk\u0142adu wiadomo\u015bci email bez \u017cadnej wiedzy jak pisa\u0107 kod html czy css. Mo\u017cesz projektowa\u0107 w\u0142asne wzorce odpowiadaj\u0105ce Twoje marce w przeci\u0105gu kilku minut; nie musisz ju\u017c wi\u0119cej korzysta\u0107 z gotowych wzorc\u00f3w.<\/p>\n<p>To bardzo wa\u017cne, je\u017celi chcesz mie\u0107 udan\u0105 kampani\u0119 marketingow\u0105. Nie wa\u017cne jak dobre by nie by\u0142y gotowe wzorce, ale niestety nigdy nie b\u0119d\u0105 <strong>unikalne i dopasowane w\u0142a\u015bciwie<\/strong> do Twoje marki. Oczywi\u015bcie b\u0119d\u0105 pasowa\u0107 do generalnej kategorii Twojego biznesu lub aktywno\u015bci, ale tak na prawd\u0119 tylko w pe\u0142ni spersonalizowane uk\u0142ady daj\u0105 w\u0142a\u015bciw\u0105 reakcj\u0119 \u2014 i du\u017cy odzew, je\u017celi chodzi o <strong>rozpoznawalno\u015b\u0107 marki<\/strong>.<\/p>\n<p>A wi\u0119c nie marnuj swojego czasu szukaj\u0105c responsywnych uk\u0142ad\u00f3w w Internecie. Zacznij budowa\u0107 ju\u017c teraz w\u0142asne responsywny uk\u0142ady, skupione na Twojej marce z wykorzystaniem <a href=\"http:\/\/www.newslettercreator.com\/pl\/cennik\/\" title=\"MailStyler Cennik\">MailStyler<\/a>.<\/p>\n","protected":false},"excerpt":{"rendered":"<p>Dzi\u015b ponad po\u0142owa Twoich czytelnik\u00f3w otworzy Tw\u00f3j newsletter na urz\u0105dzeniu mobilnym, a potem mo\u017ce ponownie na komputerze. To, dlatego gdy zaczynamy budowa\u0107 w\u0142asny wzorzec email jest szalenie istotne, aby zapewni\u0107 czytelno\u015b\u0107 na wielu urz\u0105dzeniach, co w\u0142a\u015bnie daje nam MailStyler. Responsywny wzorzec wiadomo\u015bci email w HTML wykonany z MailStyler gwarantuje optymalne renderowanie bez konieczno\u015bci zmiany rozmiaru [&hellip;]<\/p>\n","protected":false},"author":1,"featured_media":0,"parent":0,"menu_order":0,"comment_status":"closed","ping_status":"closed","template":"g1_template_page_sidebar_right.php","meta":{"inline_featured_image":false,"_monsterinsights_skip_tracking":false,"_monsterinsights_sitenote_active":false,"_monsterinsights_sitenote_note":"","_monsterinsights_sitenote_category":0,"footnotes":""},"class_list":["post-4287","page","type-page","status-publish"],"yoast_head":"<!-- This site is optimized with the Yoast SEO plugin v25.2 - https:\/\/yoast.com\/wordpress\/plugins\/seo\/ -->\n<title>Responsywne wzorce wiadomo\u015bci Email - Newsletter Creator<\/title>\n<meta name=\"robots\" content=\"index, follow, max-snippet:-1, max-image-preview:large, max-video-preview:-1\" \/>\n<link rel=\"canonical\" href=\"https:\/\/www.newslettercreator.com\/pl\/responsywne-wzorce-wiadomosci-email\/\" \/>\n<meta property=\"og:locale\" content=\"pl_PL\" \/>\n<meta property=\"og:type\" content=\"article\" \/>\n<meta property=\"og:title\" content=\"Responsywne wzorce wiadomo\u015bci Email - Newsletter Creator\" \/>\n<meta property=\"og:description\" content=\"Dzi\u015b ponad po\u0142owa Twoich czytelnik\u00f3w otworzy Tw\u00f3j newsletter na urz\u0105dzeniu mobilnym, a potem mo\u017ce ponownie na komputerze. To, dlatego gdy zaczynamy budowa\u0107 w\u0142asny wzorzec email jest szalenie istotne, aby zapewni\u0107 czytelno\u015b\u0107 na wielu urz\u0105dzeniach, co w\u0142a\u015bnie daje nam MailStyler. Responsywny wzorzec wiadomo\u015bci email w HTML wykonany z MailStyler gwarantuje optymalne renderowanie bez konieczno\u015bci zmiany rozmiaru [&hellip;]\" \/>\n<meta property=\"og:url\" content=\"https:\/\/www.newslettercreator.com\/pl\/responsywne-wzorce-wiadomosci-email\/\" \/>\n<meta property=\"og:site_name\" content=\"Newsletter Creator\" \/>\n<meta property=\"og:image\" content=\"http:\/\/www.newslettercreator.com\/wp-content\/uploads\/2014\/11\/responsive-email-templates.png\" \/>\n<meta name=\"twitter:label1\" content=\"Szacowany czas czytania\" \/>\n\t<meta name=\"twitter:data1\" content=\"1 minuta\" \/>\n<script type=\"application\/ld+json\" class=\"yoast-schema-graph\">{\"@context\":\"https:\/\/schema.org\",\"@graph\":[{\"@type\":\"WebPage\",\"@id\":\"https:\/\/www.newslettercreator.com\/pl\/responsywne-wzorce-wiadomosci-email\/\",\"url\":\"https:\/\/www.newslettercreator.com\/pl\/responsywne-wzorce-wiadomosci-email\/\",\"name\":\"Responsywne wzorce wiadomo\u015bci Email - Newsletter Creator\",\"isPartOf\":{\"@id\":\"https:\/\/www.newslettercreator.com\/#website\"},\"primaryImageOfPage\":{\"@id\":\"https:\/\/www.newslettercreator.com\/pl\/responsywne-wzorce-wiadomosci-email\/#primaryimage\"},\"image\":{\"@id\":\"https:\/\/www.newslettercreator.com\/pl\/responsywne-wzorce-wiadomosci-email\/#primaryimage\"},\"thumbnailUrl\":\"http:\/\/www.newslettercreator.com\/wp-content\/uploads\/2014\/11\/responsive-email-templates.png\",\"datePublished\":\"2016-01-27T10:09:50+00:00\",\"breadcrumb\":{\"@id\":\"https:\/\/www.newslettercreator.com\/pl\/responsywne-wzorce-wiadomosci-email\/#breadcrumb\"},\"inLanguage\":\"pl-PL\",\"potentialAction\":[{\"@type\":\"ReadAction\",\"target\":[\"https:\/\/www.newslettercreator.com\/pl\/responsywne-wzorce-wiadomosci-email\/\"]}]},{\"@type\":\"ImageObject\",\"inLanguage\":\"pl-PL\",\"@id\":\"https:\/\/www.newslettercreator.com\/pl\/responsywne-wzorce-wiadomosci-email\/#primaryimage\",\"url\":\"http:\/\/www.newslettercreator.com\/wp-content\/uploads\/2014\/11\/responsive-email-templates.png\",\"contentUrl\":\"http:\/\/www.newslettercreator.com\/wp-content\/uploads\/2014\/11\/responsive-email-templates.png\"},{\"@type\":\"BreadcrumbList\",\"@id\":\"https:\/\/www.newslettercreator.com\/pl\/responsywne-wzorce-wiadomosci-email\/#breadcrumb\",\"itemListElement\":[{\"@type\":\"ListItem\",\"position\":1,\"name\":\"Home\",\"item\":\"https:\/\/www.newslettercreator.com\/pl\/\"},{\"@type\":\"ListItem\",\"position\":2,\"name\":\"Responsywne wzorce wiadomo\u015bci Email\"}]},{\"@type\":\"WebSite\",\"@id\":\"https:\/\/www.newslettercreator.com\/#website\",\"url\":\"https:\/\/www.newslettercreator.com\/\",\"name\":\"Newsletter Creator\",\"description\":\"Pay off\",\"potentialAction\":[{\"@type\":\"SearchAction\",\"target\":{\"@type\":\"EntryPoint\",\"urlTemplate\":\"https:\/\/www.newslettercreator.com\/?s={search_term_string}\"},\"query-input\":{\"@type\":\"PropertyValueSpecification\",\"valueRequired\":true,\"valueName\":\"search_term_string\"}}],\"inLanguage\":\"pl-PL\"}]}<\/script>\n<!-- \/ Yoast SEO plugin. -->","yoast_head_json":{"title":"Responsywne wzorce wiadomo\u015bci Email - Newsletter Creator","robots":{"index":"index","follow":"follow","max-snippet":"max-snippet:-1","max-image-preview":"max-image-preview:large","max-video-preview":"max-video-preview:-1"},"canonical":"https:\/\/www.newslettercreator.com\/pl\/responsywne-wzorce-wiadomosci-email\/","og_locale":"pl_PL","og_type":"article","og_title":"Responsywne wzorce wiadomo\u015bci Email - Newsletter Creator","og_description":"Dzi\u015b ponad po\u0142owa Twoich czytelnik\u00f3w otworzy Tw\u00f3j newsletter na urz\u0105dzeniu mobilnym, a potem mo\u017ce ponownie na komputerze. To, dlatego gdy zaczynamy budowa\u0107 w\u0142asny wzorzec email jest szalenie istotne, aby zapewni\u0107 czytelno\u015b\u0107 na wielu urz\u0105dzeniach, co w\u0142a\u015bnie daje nam MailStyler. Responsywny wzorzec wiadomo\u015bci email w HTML wykonany z MailStyler gwarantuje optymalne renderowanie bez konieczno\u015bci zmiany rozmiaru [&hellip;]","og_url":"https:\/\/www.newslettercreator.com\/pl\/responsywne-wzorce-wiadomosci-email\/","og_site_name":"Newsletter Creator","og_image":[{"url":"http:\/\/www.newslettercreator.com\/wp-content\/uploads\/2014\/11\/responsive-email-templates.png","type":"","width":"","height":""}],"twitter_misc":{"Szacowany czas czytania":"1 minuta"},"schema":{"@context":"https:\/\/schema.org","@graph":[{"@type":"WebPage","@id":"https:\/\/www.newslettercreator.com\/pl\/responsywne-wzorce-wiadomosci-email\/","url":"https:\/\/www.newslettercreator.com\/pl\/responsywne-wzorce-wiadomosci-email\/","name":"Responsywne wzorce wiadomo\u015bci Email - Newsletter Creator","isPartOf":{"@id":"https:\/\/www.newslettercreator.com\/#website"},"primaryImageOfPage":{"@id":"https:\/\/www.newslettercreator.com\/pl\/responsywne-wzorce-wiadomosci-email\/#primaryimage"},"image":{"@id":"https:\/\/www.newslettercreator.com\/pl\/responsywne-wzorce-wiadomosci-email\/#primaryimage"},"thumbnailUrl":"http:\/\/www.newslettercreator.com\/wp-content\/uploads\/2014\/11\/responsive-email-templates.png","datePublished":"2016-01-27T10:09:50+00:00","breadcrumb":{"@id":"https:\/\/www.newslettercreator.com\/pl\/responsywne-wzorce-wiadomosci-email\/#breadcrumb"},"inLanguage":"pl-PL","potentialAction":[{"@type":"ReadAction","target":["https:\/\/www.newslettercreator.com\/pl\/responsywne-wzorce-wiadomosci-email\/"]}]},{"@type":"ImageObject","inLanguage":"pl-PL","@id":"https:\/\/www.newslettercreator.com\/pl\/responsywne-wzorce-wiadomosci-email\/#primaryimage","url":"http:\/\/www.newslettercreator.com\/wp-content\/uploads\/2014\/11\/responsive-email-templates.png","contentUrl":"http:\/\/www.newslettercreator.com\/wp-content\/uploads\/2014\/11\/responsive-email-templates.png"},{"@type":"BreadcrumbList","@id":"https:\/\/www.newslettercreator.com\/pl\/responsywne-wzorce-wiadomosci-email\/#breadcrumb","itemListElement":[{"@type":"ListItem","position":1,"name":"Home","item":"https:\/\/www.newslettercreator.com\/pl\/"},{"@type":"ListItem","position":2,"name":"Responsywne wzorce wiadomo\u015bci Email"}]},{"@type":"WebSite","@id":"https:\/\/www.newslettercreator.com\/#website","url":"https:\/\/www.newslettercreator.com\/","name":"Newsletter Creator","description":"Pay off","potentialAction":[{"@type":"SearchAction","target":{"@type":"EntryPoint","urlTemplate":"https:\/\/www.newslettercreator.com\/?s={search_term_string}"},"query-input":{"@type":"PropertyValueSpecification","valueRequired":true,"valueName":"search_term_string"}}],"inLanguage":"pl-PL"}]}},"_links":{"self":[{"href":"https:\/\/www.newslettercreator.com\/pl\/wp-json\/wp\/v2\/pages\/4287","targetHints":{"allow":["GET"]}}],"collection":[{"href":"https:\/\/www.newslettercreator.com\/pl\/wp-json\/wp\/v2\/pages"}],"about":[{"href":"https:\/\/www.newslettercreator.com\/pl\/wp-json\/wp\/v2\/types\/page"}],"author":[{"embeddable":true,"href":"https:\/\/www.newslettercreator.com\/pl\/wp-json\/wp\/v2\/users\/1"}],"replies":[{"embeddable":true,"href":"https:\/\/www.newslettercreator.com\/pl\/wp-json\/wp\/v2\/comments?post=4287"}],"version-history":[{"count":1,"href":"https:\/\/www.newslettercreator.com\/pl\/wp-json\/wp\/v2\/pages\/4287\/revisions"}],"predecessor-version":[{"id":4288,"href":"https:\/\/www.newslettercreator.com\/pl\/wp-json\/wp\/v2\/pages\/4287\/revisions\/4288"}],"wp:attachment":[{"href":"https:\/\/www.newslettercreator.com\/pl\/wp-json\/wp\/v2\/media?parent=4287"}],"curies":[{"name":"wp","href":"https:\/\/api.w.org\/{rel}","templated":true}]}}