{"id":4289,"date":"2016-01-27T10:14:33","date_gmt":"2016-01-27T10:14:33","guid":{"rendered":"http:\/\/www.newslettercreator.com\/pl\/?page_id=4289"},"modified":"2016-01-27T10:14:33","modified_gmt":"2016-01-27T10:14:33","slug":"testowanie-wiadomosci-email-z-litmus-a-potem-co","status":"publish","type":"page","link":"https:\/\/www.newslettercreator.com\/pl\/testowanie-wiadomosci-email-z-litmus-a-potem-co\/","title":{"rendered":"Testowanie wiadomo\u015bci email z Litmus: a potem co?"},"content":{"rendered":"<p><img decoding=\"async\" width=\"584\" height=\"239\" src=\"http:\/\/www.newslettercreator.com\/wp-content\/uploads\/2015\/02\/litmus.jpg\" alt=\"Testowanie wiadomo\u015bci email z Litmus: a potem co?\"><\/p>\n<p>Gdy przychodzi do testowania wiadomo\u015bci email, <a title=\"litmus\" href=\"https:\/\/litmus.com\/email-testing\">Litmus<\/a> jest narz\u0119dziem najbardziej uznanym na rynku. W skr\u00f3cie, Litmus tester wiadomo\u015bci email dostarcza podgl\u0105du Twojego newsletter w wielu programach pocztowych, w celu weryfikacji czy projekt kampanii, wsz\u0119dzie <strong>b\u0119dzie si\u0119 renderowa\u0142 poprawnie<\/strong>.<\/p>\n<h3>Ale co mo\u017cesz zrobi\u0107, je\u017celi odkryjesz \u017ce projekt Twojego newslettera nie renderuje si\u0119 poprawnie na jednym lub wi\u0119cej urz\u0105dze\u0144?<\/h3>\n<p>Faktem jest, \u017ce Litmus daje ci warto\u015bciowe analizy, \u2013 ale nie odpowied\u017a na pytanie.<br \/>\nNa szcz\u0119\u015bcie, <strong>teraz jest r\u00f3wnie\u017c odpowied\u017a: MailStyler<\/strong>.<\/p>\n<p>Nasz pot\u0119\u017cny kreator newsletter\u00f3w pozwala ci na zbudowanie niesamowitych wzorc\u00f3w w przeci\u0105gu kilku sekund, za pomoc\u0105 serii prostych przeci\u0105gnij &#038; upu\u015b\u0107, zero kodowania. Ale wa\u017cniejsze wszystkie newslettery stworzone w MailStyler <strong>b\u0119d\u0105 si\u0119 renderowa\u0107 dok\u0142adnie tak samo<\/strong> nie wa\u017cne gdzie odbiorca je otworzy \u2013 w\u0142\u0105cznie z urz\u0105dzeniami mobilnymi.<\/p>\n<p>Dlaczego? Poniewa\u017c zosta\u0142y stworzone z gotowych element\u00f3w, kt\u00f3re mo\u017cesz wykorzysta\u0107 do stworzenia wzorca w MailStyler. Zosta\u0142y one przygotowane przez do\u015bwiadczonych projektant\u00f3w, tak aby uzyska\u0107  <strong>najlepsz\u0105 i najczystsz\u0105 struktur\u0119 HTML<\/strong> w celu zapewniania doskona\u0142ej czytelno\u015bci.<\/p>\n<p>Aby to sprawdzi\u0107 mo\u017cesz przeprowadzi\u0107 testy z wykorzystaniem Litmus i stworzonego newslettera w naszej aplikacji. Zobaczysz, \u017ce wi\u0119cej nie b\u0119dziesz potrzebowa\u0142 \u017cadnych test\u00f3w.<\/p>\n<p>&nbsp;<\/p>\n<p style=\"text-align: center;\"><a class=\"button large orange\" style=\"margin-top: 20px; width: 157px; margin-right: 30px;\" title=\"Pobierz Demo\" href=\"http:\/\/www.newslettercreator.com\/pl\/wyprobuj-darmowa-wersje\/\" target=\"_self\">POBIERZ DEMO<\/a><a class=\"button large darkgray\" style=\"margin-top: 20px; width: 157px;\" title=\"Kup Mailstyler Pro\" href=\"http:\/\/www.newslettercreator.com\/pl\/cennik\/\" target=\"_self\">KUP MAILSTYLER PRO<\/a><\/p>\n<p style=\"text-align: center; font-size: 11px;\">Ostatnia wersja: 2.24.01.17 | Data Wydania: 17\/01\/2024 | Rozmiar: 114.9 MB<br \/>\n<a href=\"http:\/\/www.newslettercreator.com\/license-agreement\/\" target=\"_blank\">Umowa licencyjna<\/a> | <a href=\"http:\/\/www.newslettercreator.com\/how-to-uninstall\/\" target=\"_blank\">Jak odinstalowa\u0107<\/a><\/p>\n","protected":false},"excerpt":{"rendered":"<p>Gdy przychodzi do testowania wiadomo\u015bci email, Litmus jest narz\u0119dziem najbardziej uznanym na rynku. W skr\u00f3cie, Litmus tester wiadomo\u015bci email dostarcza podgl\u0105du Twojego newsletter w wielu programach pocztowych, w celu weryfikacji czy projekt kampanii, wsz\u0119dzie b\u0119dzie si\u0119 renderowa\u0142 poprawnie. Ale co mo\u017cesz zrobi\u0107, je\u017celi odkryjesz \u017ce projekt Twojego newslettera nie renderuje si\u0119 poprawnie na jednym lub [&hellip;]<\/p>\n","protected":false},"author":1,"featured_media":0,"parent":0,"menu_order":0,"comment_status":"closed","ping_status":"closed","template":"g1_template_page_sidebar_right.php","meta":{"inline_featured_image":false,"_monsterinsights_skip_tracking":false,"_monsterinsights_sitenote_active":false,"_monsterinsights_sitenote_note":"","_monsterinsights_sitenote_category":0,"footnotes":""},"class_list":["post-4289","page","type-page","status-publish"],"yoast_head":"<!-- This site is optimized with the Yoast SEO plugin v25.2 - https:\/\/yoast.com\/wordpress\/plugins\/seo\/ -->\n<title>Testowanie wiadomo\u015bci email z Litmus: a potem co? - Newsletter Creator<\/title>\n<meta name=\"robots\" content=\"index, follow, max-snippet:-1, max-image-preview:large, max-video-preview:-1\" \/>\n<link rel=\"canonical\" href=\"https:\/\/www.newslettercreator.com\/pl\/testowanie-wiadomosci-email-z-litmus-a-potem-co\/\" \/>\n<meta property=\"og:locale\" content=\"pl_PL\" \/>\n<meta property=\"og:type\" content=\"article\" \/>\n<meta property=\"og:title\" content=\"Testowanie wiadomo\u015bci email z Litmus: a potem co? - Newsletter Creator\" \/>\n<meta property=\"og:description\" content=\"Gdy przychodzi do testowania wiadomo\u015bci email, Litmus jest narz\u0119dziem najbardziej uznanym na rynku. W skr\u00f3cie, Litmus tester wiadomo\u015bci email dostarcza podgl\u0105du Twojego newsletter w wielu programach pocztowych, w celu weryfikacji czy projekt kampanii, wsz\u0119dzie b\u0119dzie si\u0119 renderowa\u0142 poprawnie. Ale co mo\u017cesz zrobi\u0107, je\u017celi odkryjesz \u017ce projekt Twojego newslettera nie renderuje si\u0119 poprawnie na jednym lub [&hellip;]\" \/>\n<meta property=\"og:url\" content=\"https:\/\/www.newslettercreator.com\/pl\/testowanie-wiadomosci-email-z-litmus-a-potem-co\/\" \/>\n<meta property=\"og:site_name\" content=\"Newsletter Creator\" \/>\n<meta property=\"og:image\" content=\"http:\/\/www.newslettercreator.com\/wp-content\/uploads\/2015\/02\/litmus.jpg\" \/>\n<meta name=\"twitter:label1\" content=\"Szacowany czas czytania\" \/>\n\t<meta name=\"twitter:data1\" content=\"1 minuta\" \/>\n<script type=\"application\/ld+json\" class=\"yoast-schema-graph\">{\"@context\":\"https:\/\/schema.org\",\"@graph\":[{\"@type\":\"WebPage\",\"@id\":\"https:\/\/www.newslettercreator.com\/pl\/testowanie-wiadomosci-email-z-litmus-a-potem-co\/\",\"url\":\"https:\/\/www.newslettercreator.com\/pl\/testowanie-wiadomosci-email-z-litmus-a-potem-co\/\",\"name\":\"Testowanie wiadomo\u015bci email z Litmus: a potem co? - Newsletter Creator\",\"isPartOf\":{\"@id\":\"https:\/\/www.newslettercreator.com\/#website\"},\"primaryImageOfPage\":{\"@id\":\"https:\/\/www.newslettercreator.com\/pl\/testowanie-wiadomosci-email-z-litmus-a-potem-co\/#primaryimage\"},\"image\":{\"@id\":\"https:\/\/www.newslettercreator.com\/pl\/testowanie-wiadomosci-email-z-litmus-a-potem-co\/#primaryimage\"},\"thumbnailUrl\":\"http:\/\/www.newslettercreator.com\/wp-content\/uploads\/2015\/02\/litmus.jpg\",\"datePublished\":\"2016-01-27T10:14:33+00:00\",\"breadcrumb\":{\"@id\":\"https:\/\/www.newslettercreator.com\/pl\/testowanie-wiadomosci-email-z-litmus-a-potem-co\/#breadcrumb\"},\"inLanguage\":\"pl-PL\",\"potentialAction\":[{\"@type\":\"ReadAction\",\"target\":[\"https:\/\/www.newslettercreator.com\/pl\/testowanie-wiadomosci-email-z-litmus-a-potem-co\/\"]}]},{\"@type\":\"ImageObject\",\"inLanguage\":\"pl-PL\",\"@id\":\"https:\/\/www.newslettercreator.com\/pl\/testowanie-wiadomosci-email-z-litmus-a-potem-co\/#primaryimage\",\"url\":\"http:\/\/www.newslettercreator.com\/wp-content\/uploads\/2015\/02\/litmus.jpg\",\"contentUrl\":\"http:\/\/www.newslettercreator.com\/wp-content\/uploads\/2015\/02\/litmus.jpg\"},{\"@type\":\"BreadcrumbList\",\"@id\":\"https:\/\/www.newslettercreator.com\/pl\/testowanie-wiadomosci-email-z-litmus-a-potem-co\/#breadcrumb\",\"itemListElement\":[{\"@type\":\"ListItem\",\"position\":1,\"name\":\"Home\",\"item\":\"https:\/\/www.newslettercreator.com\/pl\/\"},{\"@type\":\"ListItem\",\"position\":2,\"name\":\"Testowanie wiadomo\u015bci email z Litmus: a potem co?\"}]},{\"@type\":\"WebSite\",\"@id\":\"https:\/\/www.newslettercreator.com\/#website\",\"url\":\"https:\/\/www.newslettercreator.com\/\",\"name\":\"Newsletter Creator\",\"description\":\"Pay off\",\"potentialAction\":[{\"@type\":\"SearchAction\",\"target\":{\"@type\":\"EntryPoint\",\"urlTemplate\":\"https:\/\/www.newslettercreator.com\/?s={search_term_string}\"},\"query-input\":{\"@type\":\"PropertyValueSpecification\",\"valueRequired\":true,\"valueName\":\"search_term_string\"}}],\"inLanguage\":\"pl-PL\"}]}<\/script>\n<!-- \/ Yoast SEO plugin. -->","yoast_head_json":{"title":"Testowanie wiadomo\u015bci email z Litmus: a potem co? - Newsletter Creator","robots":{"index":"index","follow":"follow","max-snippet":"max-snippet:-1","max-image-preview":"max-image-preview:large","max-video-preview":"max-video-preview:-1"},"canonical":"https:\/\/www.newslettercreator.com\/pl\/testowanie-wiadomosci-email-z-litmus-a-potem-co\/","og_locale":"pl_PL","og_type":"article","og_title":"Testowanie wiadomo\u015bci email z Litmus: a potem co? - Newsletter Creator","og_description":"Gdy przychodzi do testowania wiadomo\u015bci email, Litmus jest narz\u0119dziem najbardziej uznanym na rynku. W skr\u00f3cie, Litmus tester wiadomo\u015bci email dostarcza podgl\u0105du Twojego newsletter w wielu programach pocztowych, w celu weryfikacji czy projekt kampanii, wsz\u0119dzie b\u0119dzie si\u0119 renderowa\u0142 poprawnie. Ale co mo\u017cesz zrobi\u0107, je\u017celi odkryjesz \u017ce projekt Twojego newslettera nie renderuje si\u0119 poprawnie na jednym lub [&hellip;]","og_url":"https:\/\/www.newslettercreator.com\/pl\/testowanie-wiadomosci-email-z-litmus-a-potem-co\/","og_site_name":"Newsletter Creator","og_image":[{"url":"http:\/\/www.newslettercreator.com\/wp-content\/uploads\/2015\/02\/litmus.jpg","type":"","width":"","height":""}],"twitter_misc":{"Szacowany czas czytania":"1 minuta"},"schema":{"@context":"https:\/\/schema.org","@graph":[{"@type":"WebPage","@id":"https:\/\/www.newslettercreator.com\/pl\/testowanie-wiadomosci-email-z-litmus-a-potem-co\/","url":"https:\/\/www.newslettercreator.com\/pl\/testowanie-wiadomosci-email-z-litmus-a-potem-co\/","name":"Testowanie wiadomo\u015bci email z Litmus: a potem co? - Newsletter Creator","isPartOf":{"@id":"https:\/\/www.newslettercreator.com\/#website"},"primaryImageOfPage":{"@id":"https:\/\/www.newslettercreator.com\/pl\/testowanie-wiadomosci-email-z-litmus-a-potem-co\/#primaryimage"},"image":{"@id":"https:\/\/www.newslettercreator.com\/pl\/testowanie-wiadomosci-email-z-litmus-a-potem-co\/#primaryimage"},"thumbnailUrl":"http:\/\/www.newslettercreator.com\/wp-content\/uploads\/2015\/02\/litmus.jpg","datePublished":"2016-01-27T10:14:33+00:00","breadcrumb":{"@id":"https:\/\/www.newslettercreator.com\/pl\/testowanie-wiadomosci-email-z-litmus-a-potem-co\/#breadcrumb"},"inLanguage":"pl-PL","potentialAction":[{"@type":"ReadAction","target":["https:\/\/www.newslettercreator.com\/pl\/testowanie-wiadomosci-email-z-litmus-a-potem-co\/"]}]},{"@type":"ImageObject","inLanguage":"pl-PL","@id":"https:\/\/www.newslettercreator.com\/pl\/testowanie-wiadomosci-email-z-litmus-a-potem-co\/#primaryimage","url":"http:\/\/www.newslettercreator.com\/wp-content\/uploads\/2015\/02\/litmus.jpg","contentUrl":"http:\/\/www.newslettercreator.com\/wp-content\/uploads\/2015\/02\/litmus.jpg"},{"@type":"BreadcrumbList","@id":"https:\/\/www.newslettercreator.com\/pl\/testowanie-wiadomosci-email-z-litmus-a-potem-co\/#breadcrumb","itemListElement":[{"@type":"ListItem","position":1,"name":"Home","item":"https:\/\/www.newslettercreator.com\/pl\/"},{"@type":"ListItem","position":2,"name":"Testowanie wiadomo\u015bci email z Litmus: a potem co?"}]},{"@type":"WebSite","@id":"https:\/\/www.newslettercreator.com\/#website","url":"https:\/\/www.newslettercreator.com\/","name":"Newsletter Creator","description":"Pay off","potentialAction":[{"@type":"SearchAction","target":{"@type":"EntryPoint","urlTemplate":"https:\/\/www.newslettercreator.com\/?s={search_term_string}"},"query-input":{"@type":"PropertyValueSpecification","valueRequired":true,"valueName":"search_term_string"}}],"inLanguage":"pl-PL"}]}},"_links":{"self":[{"href":"https:\/\/www.newslettercreator.com\/pl\/wp-json\/wp\/v2\/pages\/4289","targetHints":{"allow":["GET"]}}],"collection":[{"href":"https:\/\/www.newslettercreator.com\/pl\/wp-json\/wp\/v2\/pages"}],"about":[{"href":"https:\/\/www.newslettercreator.com\/pl\/wp-json\/wp\/v2\/types\/page"}],"author":[{"embeddable":true,"href":"https:\/\/www.newslettercreator.com\/pl\/wp-json\/wp\/v2\/users\/1"}],"replies":[{"embeddable":true,"href":"https:\/\/www.newslettercreator.com\/pl\/wp-json\/wp\/v2\/comments?post=4289"}],"version-history":[{"count":1,"href":"https:\/\/www.newslettercreator.com\/pl\/wp-json\/wp\/v2\/pages\/4289\/revisions"}],"predecessor-version":[{"id":4290,"href":"https:\/\/www.newslettercreator.com\/pl\/wp-json\/wp\/v2\/pages\/4289\/revisions\/4290"}],"wp:attachment":[{"href":"https:\/\/www.newslettercreator.com\/pl\/wp-json\/wp\/v2\/media?parent=4289"}],"curies":[{"name":"wp","href":"https:\/\/api.w.org\/{rel}","templated":true}]}}