{"id":4291,"date":"2016-01-27T10:21:48","date_gmt":"2016-01-27T10:21:48","guid":{"rendered":"http:\/\/www.newslettercreator.com\/pl\/?page_id=4291"},"modified":"2016-01-27T10:21:48","modified_gmt":"2016-01-27T10:21:48","slug":"css-w-wiadomosci-email-wspanialy-newsletter-dla-kazdego-programu-pocztowego","status":"publish","type":"page","link":"https:\/\/www.newslettercreator.com\/pl\/css-w-wiadomosci-email-wspanialy-newsletter-dla-kazdego-programu-pocztowego\/","title":{"rendered":"CSS w wiadomo\u015bci Email: Wspania\u0142y Newsletter dla ka\u017cdego programu pocztowego"},"content":{"rendered":"<p>Cz\u0119sto si\u0119 zdarza, \u017ce niekt\u00f3re z program\u00f3w pocztowych kasuj\u0105 tagi &lt;head&gt; i &lt;style&gt; z kodu HTML\/CSS Twojego newslettera. Nie musisz by\u0107 webmasterem, \u017ce to burzy renderowaniu Twojej wiadomo\u015bci, niszcz\u0105c ca\u0142\u0105 prac\u0119.<\/p>\n<p>I nie wierz, \u017ce to si\u0119 raczej rzadko zdarza: Gmail, jedna z najpopularniejszych us\u0142ug na \u015bwiecie kasuje CSS w tagu &lt;style&gt;.<\/p>\n<p>Aby naprawi\u0107 ten problem masz 3 rozwi\u0105zania:<\/p>\n<ol>\n<li>Mo\u017cesz pisa\u0107 <strong>kod HTML\/CSS wewn\u0105trz<\/strong> wiadomo\u015bci samodzielnie, umieszczaj\u0105c elementy we w\u0142a\u015bciwy spos\u00f3b, kt\u00f3ry b\u0119dzie respektowa\u0142 wszystkie zasady ka\u017cdej us\u0142ugi email.<\/li>\n<li>Mo\u017cesz pr\u00f3bowa\u0107 zewn\u0119trznego oprogramowania, kt\u00f3re zrobi ca\u0142\u0105 brudn\u0105 robot\u0119 za Ciebie: oznacza to wyeksportowania kodu Twojego newslettera do zewn\u0119trznej us\u0142ugi, poczekanie na w\u0142a\u015bciwe przekodowanie do <strong>wbudowanego kodu<\/strong> CSS w email a nast\u0119pnie pobranie z powrotem do siebie. Ale nawet wtedy nie mo\u017cesz mie\u0107 pewno\u015bci poprawnego wy\u015bwietlania. Nadal powiniene\u015b testowa\u0107 sw\u00f3j newsletter us\u0142ugami takimi jak  Litmus lub EmailOnAcid aby mie\u0107 pewno\u015b\u0107 w\u0142a\u015bciwej optymizacji kodu.<\/li>\n<li><strong>Mo\u017cesz skorzysta\u0107 z MailStyler i zapomnie\u0107 o innych kwestiach<\/strong>.<\/li>\n<\/li>\n<\/ol>\n<p><img decoding=\"async\" class=\"alignnone size-full wp-image-237\" src=\"http:\/\/www.newslettercreator.com\/wp-content\/uploads\/2015\/09\/inline-css-for-email-editor.jpg\" alt=\"CSS w wiadomo\u015bci Email: Wspania\u0142y Newsletter dla ka\u017cdego programu pocztowego\" width=\"649\" height=\"423\" \/><\/p>\n<p>Zgadza si\u0119! MailStyler powsta\u0142, jako <strong>odpowied\u017a na zapotrzebowania us\u0142ug marketingowych<\/strong>. Posiadamy bardzo du\u017ce do\u015bwiadczenie w zakresie mo\u017cliwych problem\u00f3w z wiadomo\u015bciami email. Uczyli\u015bmy si\u0119 jak uczyni\u0107 ten proces szybkim i sprawnym.<\/p>\n<p>MailStyler to <strong>jedyny Edytor Newsletter\u00f3w z wbudowan\u0105 funkcj\u0105 \u0142\u0105czenia css i html w wiadomo\u015bci email<\/strong>. Ka\u017cdy email ma automatycznie zapisywany wbudowany kod, bez \u017cadnego powiadomienia. Tw\u00f3j newsletter zawsze b\u0119dzie si\u0119 poprawnie renderowa\u0142, bo CSS zosta\u0142 stworzony schludnie i w zoptymalizowany spos\u00f3b. To gwarantowane!<\/p>\n<p>Powt\u00f3rzmy, nie musisz by\u0107 webmaster \u017ceby zrozumie\u0107 zalety takiego podej\u015bcia, szczeg\u00f3lnie w kontek\u015bcie oszcz\u0119dno\u015bci czasu i zasob\u00f3w.<\/p>\n<p>Wypr\u00f3buj efektywno\u015b\u0107 MailStyler samodzielnie! <strong><a href=\"http:\/\/www.newslettercreator.com\/pl\/wyprobuj-darmowa-wersje\/\" title=\"Pobierz wersj\u0119 darmow\u0105\">Pobierz wersj\u0119 darmow\u0105<\/a><\/strong>  i zaprojektuj sw\u00f3j pierwszy newsletter w 2 minuty.<br \/>\nPowodzenia!<\/p>\n","protected":false},"excerpt":{"rendered":"<p>Cz\u0119sto si\u0119 zdarza, \u017ce niekt\u00f3re z program\u00f3w pocztowych kasuj\u0105 tagi &lt;head&gt; i &lt;style&gt; z kodu HTML\/CSS Twojego newslettera. Nie musisz by\u0107 webmasterem, \u017ce to burzy renderowaniu Twojej wiadomo\u015bci, niszcz\u0105c ca\u0142\u0105 prac\u0119. I nie wierz, \u017ce to si\u0119 raczej rzadko zdarza: Gmail, jedna z najpopularniejszych us\u0142ug na \u015bwiecie kasuje CSS w tagu &lt;style&gt;. Aby naprawi\u0107 ten [&hellip;]<\/p>\n","protected":false},"author":1,"featured_media":0,"parent":0,"menu_order":0,"comment_status":"closed","ping_status":"closed","template":"g1_template_page_sidebar_right.php","meta":{"inline_featured_image":false,"_monsterinsights_skip_tracking":false,"_monsterinsights_sitenote_active":false,"_monsterinsights_sitenote_note":"","_monsterinsights_sitenote_category":0,"footnotes":""},"class_list":["post-4291","page","type-page","status-publish"],"yoast_head":"<!-- This site is optimized with the Yoast SEO plugin v25.2 - https:\/\/yoast.com\/wordpress\/plugins\/seo\/ -->\n<title>CSS w wiadomo\u015bci Email: Wspania\u0142y Newsletter dla ka\u017cdego programu pocztowego - Newsletter Creator<\/title>\n<meta name=\"robots\" content=\"index, follow, max-snippet:-1, max-image-preview:large, max-video-preview:-1\" \/>\n<link rel=\"canonical\" href=\"https:\/\/www.newslettercreator.com\/pl\/css-w-wiadomosci-email-wspanialy-newsletter-dla-kazdego-programu-pocztowego\/\" \/>\n<meta property=\"og:locale\" content=\"pl_PL\" \/>\n<meta property=\"og:type\" content=\"article\" \/>\n<meta property=\"og:title\" content=\"CSS w wiadomo\u015bci Email: Wspania\u0142y Newsletter dla ka\u017cdego programu pocztowego - Newsletter Creator\" \/>\n<meta property=\"og:description\" content=\"Cz\u0119sto si\u0119 zdarza, \u017ce niekt\u00f3re z program\u00f3w pocztowych kasuj\u0105 tagi &lt;head&gt; i &lt;style&gt; z kodu HTML\/CSS Twojego newslettera. Nie musisz by\u0107 webmasterem, \u017ce to burzy renderowaniu Twojej wiadomo\u015bci, niszcz\u0105c ca\u0142\u0105 prac\u0119. I nie wierz, \u017ce to si\u0119 raczej rzadko zdarza: Gmail, jedna z najpopularniejszych us\u0142ug na \u015bwiecie kasuje CSS w tagu &lt;style&gt;. Aby naprawi\u0107 ten [&hellip;]\" \/>\n<meta property=\"og:url\" content=\"https:\/\/www.newslettercreator.com\/pl\/css-w-wiadomosci-email-wspanialy-newsletter-dla-kazdego-programu-pocztowego\/\" \/>\n<meta property=\"og:site_name\" content=\"Newsletter Creator\" \/>\n<meta property=\"og:image\" content=\"http:\/\/www.newslettercreator.com\/wp-content\/uploads\/2015\/09\/inline-css-for-email-editor.jpg\" \/>\n<meta name=\"twitter:label1\" content=\"Szacowany czas czytania\" \/>\n\t<meta name=\"twitter:data1\" content=\"2 minuty\" \/>\n<script type=\"application\/ld+json\" class=\"yoast-schema-graph\">{\"@context\":\"https:\/\/schema.org\",\"@graph\":[{\"@type\":\"WebPage\",\"@id\":\"https:\/\/www.newslettercreator.com\/pl\/css-w-wiadomosci-email-wspanialy-newsletter-dla-kazdego-programu-pocztowego\/\",\"url\":\"https:\/\/www.newslettercreator.com\/pl\/css-w-wiadomosci-email-wspanialy-newsletter-dla-kazdego-programu-pocztowego\/\",\"name\":\"CSS w wiadomo\u015bci Email: Wspania\u0142y Newsletter dla ka\u017cdego programu pocztowego - Newsletter Creator\",\"isPartOf\":{\"@id\":\"https:\/\/www.newslettercreator.com\/#website\"},\"primaryImageOfPage\":{\"@id\":\"https:\/\/www.newslettercreator.com\/pl\/css-w-wiadomosci-email-wspanialy-newsletter-dla-kazdego-programu-pocztowego\/#primaryimage\"},\"image\":{\"@id\":\"https:\/\/www.newslettercreator.com\/pl\/css-w-wiadomosci-email-wspanialy-newsletter-dla-kazdego-programu-pocztowego\/#primaryimage\"},\"thumbnailUrl\":\"http:\/\/www.newslettercreator.com\/wp-content\/uploads\/2015\/09\/inline-css-for-email-editor.jpg\",\"datePublished\":\"2016-01-27T10:21:48+00:00\",\"breadcrumb\":{\"@id\":\"https:\/\/www.newslettercreator.com\/pl\/css-w-wiadomosci-email-wspanialy-newsletter-dla-kazdego-programu-pocztowego\/#breadcrumb\"},\"inLanguage\":\"pl-PL\",\"potentialAction\":[{\"@type\":\"ReadAction\",\"target\":[\"https:\/\/www.newslettercreator.com\/pl\/css-w-wiadomosci-email-wspanialy-newsletter-dla-kazdego-programu-pocztowego\/\"]}]},{\"@type\":\"ImageObject\",\"inLanguage\":\"pl-PL\",\"@id\":\"https:\/\/www.newslettercreator.com\/pl\/css-w-wiadomosci-email-wspanialy-newsletter-dla-kazdego-programu-pocztowego\/#primaryimage\",\"url\":\"http:\/\/www.newslettercreator.com\/wp-content\/uploads\/2015\/09\/inline-css-for-email-editor.jpg\",\"contentUrl\":\"http:\/\/www.newslettercreator.com\/wp-content\/uploads\/2015\/09\/inline-css-for-email-editor.jpg\"},{\"@type\":\"BreadcrumbList\",\"@id\":\"https:\/\/www.newslettercreator.com\/pl\/css-w-wiadomosci-email-wspanialy-newsletter-dla-kazdego-programu-pocztowego\/#breadcrumb\",\"itemListElement\":[{\"@type\":\"ListItem\",\"position\":1,\"name\":\"Home\",\"item\":\"https:\/\/www.newslettercreator.com\/pl\/\"},{\"@type\":\"ListItem\",\"position\":2,\"name\":\"CSS w wiadomo\u015bci Email: Wspania\u0142y Newsletter dla ka\u017cdego programu pocztowego\"}]},{\"@type\":\"WebSite\",\"@id\":\"https:\/\/www.newslettercreator.com\/#website\",\"url\":\"https:\/\/www.newslettercreator.com\/\",\"name\":\"Newsletter Creator\",\"description\":\"Pay off\",\"potentialAction\":[{\"@type\":\"SearchAction\",\"target\":{\"@type\":\"EntryPoint\",\"urlTemplate\":\"https:\/\/www.newslettercreator.com\/?s={search_term_string}\"},\"query-input\":{\"@type\":\"PropertyValueSpecification\",\"valueRequired\":true,\"valueName\":\"search_term_string\"}}],\"inLanguage\":\"pl-PL\"}]}<\/script>\n<!-- \/ Yoast SEO plugin. -->","yoast_head_json":{"title":"CSS w wiadomo\u015bci Email: Wspania\u0142y Newsletter dla ka\u017cdego programu pocztowego - Newsletter Creator","robots":{"index":"index","follow":"follow","max-snippet":"max-snippet:-1","max-image-preview":"max-image-preview:large","max-video-preview":"max-video-preview:-1"},"canonical":"https:\/\/www.newslettercreator.com\/pl\/css-w-wiadomosci-email-wspanialy-newsletter-dla-kazdego-programu-pocztowego\/","og_locale":"pl_PL","og_type":"article","og_title":"CSS w wiadomo\u015bci Email: Wspania\u0142y Newsletter dla ka\u017cdego programu pocztowego - Newsletter Creator","og_description":"Cz\u0119sto si\u0119 zdarza, \u017ce niekt\u00f3re z program\u00f3w pocztowych kasuj\u0105 tagi &lt;head&gt; i &lt;style&gt; z kodu HTML\/CSS Twojego newslettera. Nie musisz by\u0107 webmasterem, \u017ce to burzy renderowaniu Twojej wiadomo\u015bci, niszcz\u0105c ca\u0142\u0105 prac\u0119. I nie wierz, \u017ce to si\u0119 raczej rzadko zdarza: Gmail, jedna z najpopularniejszych us\u0142ug na \u015bwiecie kasuje CSS w tagu &lt;style&gt;. Aby naprawi\u0107 ten [&hellip;]","og_url":"https:\/\/www.newslettercreator.com\/pl\/css-w-wiadomosci-email-wspanialy-newsletter-dla-kazdego-programu-pocztowego\/","og_site_name":"Newsletter Creator","og_image":[{"url":"http:\/\/www.newslettercreator.com\/wp-content\/uploads\/2015\/09\/inline-css-for-email-editor.jpg","type":"","width":"","height":""}],"twitter_misc":{"Szacowany czas czytania":"2 minuty"},"schema":{"@context":"https:\/\/schema.org","@graph":[{"@type":"WebPage","@id":"https:\/\/www.newslettercreator.com\/pl\/css-w-wiadomosci-email-wspanialy-newsletter-dla-kazdego-programu-pocztowego\/","url":"https:\/\/www.newslettercreator.com\/pl\/css-w-wiadomosci-email-wspanialy-newsletter-dla-kazdego-programu-pocztowego\/","name":"CSS w wiadomo\u015bci Email: Wspania\u0142y Newsletter dla ka\u017cdego programu pocztowego - Newsletter Creator","isPartOf":{"@id":"https:\/\/www.newslettercreator.com\/#website"},"primaryImageOfPage":{"@id":"https:\/\/www.newslettercreator.com\/pl\/css-w-wiadomosci-email-wspanialy-newsletter-dla-kazdego-programu-pocztowego\/#primaryimage"},"image":{"@id":"https:\/\/www.newslettercreator.com\/pl\/css-w-wiadomosci-email-wspanialy-newsletter-dla-kazdego-programu-pocztowego\/#primaryimage"},"thumbnailUrl":"http:\/\/www.newslettercreator.com\/wp-content\/uploads\/2015\/09\/inline-css-for-email-editor.jpg","datePublished":"2016-01-27T10:21:48+00:00","breadcrumb":{"@id":"https:\/\/www.newslettercreator.com\/pl\/css-w-wiadomosci-email-wspanialy-newsletter-dla-kazdego-programu-pocztowego\/#breadcrumb"},"inLanguage":"pl-PL","potentialAction":[{"@type":"ReadAction","target":["https:\/\/www.newslettercreator.com\/pl\/css-w-wiadomosci-email-wspanialy-newsletter-dla-kazdego-programu-pocztowego\/"]}]},{"@type":"ImageObject","inLanguage":"pl-PL","@id":"https:\/\/www.newslettercreator.com\/pl\/css-w-wiadomosci-email-wspanialy-newsletter-dla-kazdego-programu-pocztowego\/#primaryimage","url":"http:\/\/www.newslettercreator.com\/wp-content\/uploads\/2015\/09\/inline-css-for-email-editor.jpg","contentUrl":"http:\/\/www.newslettercreator.com\/wp-content\/uploads\/2015\/09\/inline-css-for-email-editor.jpg"},{"@type":"BreadcrumbList","@id":"https:\/\/www.newslettercreator.com\/pl\/css-w-wiadomosci-email-wspanialy-newsletter-dla-kazdego-programu-pocztowego\/#breadcrumb","itemListElement":[{"@type":"ListItem","position":1,"name":"Home","item":"https:\/\/www.newslettercreator.com\/pl\/"},{"@type":"ListItem","position":2,"name":"CSS w wiadomo\u015bci Email: Wspania\u0142y Newsletter dla ka\u017cdego programu pocztowego"}]},{"@type":"WebSite","@id":"https:\/\/www.newslettercreator.com\/#website","url":"https:\/\/www.newslettercreator.com\/","name":"Newsletter Creator","description":"Pay off","potentialAction":[{"@type":"SearchAction","target":{"@type":"EntryPoint","urlTemplate":"https:\/\/www.newslettercreator.com\/?s={search_term_string}"},"query-input":{"@type":"PropertyValueSpecification","valueRequired":true,"valueName":"search_term_string"}}],"inLanguage":"pl-PL"}]}},"_links":{"self":[{"href":"https:\/\/www.newslettercreator.com\/pl\/wp-json\/wp\/v2\/pages\/4291","targetHints":{"allow":["GET"]}}],"collection":[{"href":"https:\/\/www.newslettercreator.com\/pl\/wp-json\/wp\/v2\/pages"}],"about":[{"href":"https:\/\/www.newslettercreator.com\/pl\/wp-json\/wp\/v2\/types\/page"}],"author":[{"embeddable":true,"href":"https:\/\/www.newslettercreator.com\/pl\/wp-json\/wp\/v2\/users\/1"}],"replies":[{"embeddable":true,"href":"https:\/\/www.newslettercreator.com\/pl\/wp-json\/wp\/v2\/comments?post=4291"}],"version-history":[{"count":1,"href":"https:\/\/www.newslettercreator.com\/pl\/wp-json\/wp\/v2\/pages\/4291\/revisions"}],"predecessor-version":[{"id":4292,"href":"https:\/\/www.newslettercreator.com\/pl\/wp-json\/wp\/v2\/pages\/4291\/revisions\/4292"}],"wp:attachment":[{"href":"https:\/\/www.newslettercreator.com\/pl\/wp-json\/wp\/v2\/media?parent=4291"}],"curies":[{"name":"wp","href":"https:\/\/api.w.org\/{rel}","templated":true}]}}