{"id":4294,"date":"2016-01-27T11:26:44","date_gmt":"2016-01-27T11:26:44","guid":{"rendered":"http:\/\/www.newslettercreator.com\/pl\/?page_id=4294"},"modified":"2016-01-27T11:26:44","modified_gmt":"2016-01-27T11:26:44","slug":"projekt-responsywnego-emaila","status":"publish","type":"page","link":"https:\/\/www.newslettercreator.com\/pl\/projekt-responsywnego-emaila\/","title":{"rendered":"Projekt responsywnego Emaila"},"content":{"rendered":"<p>Gdy przychodzi do stworzenia wzorca newslettera, jest ogromnie wa\u017cne, aby zapewni\u0107 czytelno\u015b\u0107 na wielu urz\u0105dzeniach \u2013 zgadza si\u0119, aby zapewni\u0107 <strong>responsywno\u015b\u0107 projektu<\/strong>.<\/p>\n<p>Faktem jest, \u017ce ponad po\u0142owa Twoich czytelnik\u00f3w otworzy Tw\u00f3j newsletter na urz\u0105dzeniu mobilnym, a potem mo\u017ce jeszcze raz na komputerze. Ta r\u00f3\u017cnorodno\u015b\u0107 zmusza nas do tworzenia <strong>responsywnych projekt\u00f3w email<\/strong>, je\u017celi chcemy zawsze zwr\u00f3ci\u0107 uwag\u0119 odbiorcy. Co jest dok\u0142adnie tym, co daje ci MailStyler, wraz z prostot\u0105 korzystania z edytora za pomoc\u0105 przeci\u0105gnij &#038; upu\u015b\u0107.<\/p>\n<p><a href=\"http:\/\/www.newslettercreator.com\/wp-content\/uploads\/2014\/11\/responsive-email-templates.png\"><img decoding=\"async\" class=\"aligncenter\" src=\"http:\/\/www.newslettercreator.com\/wp-content\/uploads\/2014\/11\/responsive-email-templates.png\" alt=\"Projekt responsywnego Emaila\" width=\"511\" height=\"404\" \/><\/a><\/p>\n<p>Responsywny wzorzec email w HTML wykonany w MailStyler gwarantuje optymalne renderowanie, bez przewijania czy zmiany rozmiaru, z racji tego, \u017ce newsletter sam si\u0119 <strong>automatycznie dostosuje<\/strong> do dowolnego ekranu. A tym samym wygl\u0105da idealnie <strong>nie wa\u017cne gdzie zostanie otwarty<\/strong>: sprawd\u017a sam.<\/p>\n<p>Nie marnuj, wi\u0119c czasu szukaj\u0105c responsywnych uk\u0142ad\u00f3w tu i tam w sieci. Zacznij budowa\u0107 w\u0142asne, dopasowane do Twojej marki kampanie marketingowe z responsywnymi wiadomo\u015bciami email dzi\u0119ki MailStyler <a href=\"http:\/\/www.newslettercreator.com\/pl\/cennik\/\" title=\"MailStyler cennik\">ju\u017c teraz<\/a>.<\/p>\n<p>&nbsp;<\/p>\n","protected":false},"excerpt":{"rendered":"<p>Gdy przychodzi do stworzenia wzorca newslettera, jest ogromnie wa\u017cne, aby zapewni\u0107 czytelno\u015b\u0107 na wielu urz\u0105dzeniach \u2013 zgadza si\u0119, aby zapewni\u0107 responsywno\u015b\u0107 projektu. Faktem jest, \u017ce ponad po\u0142owa Twoich czytelnik\u00f3w otworzy Tw\u00f3j newsletter na urz\u0105dzeniu mobilnym, a potem mo\u017ce jeszcze raz na komputerze. Ta r\u00f3\u017cnorodno\u015b\u0107 zmusza nas do tworzenia responsywnych projekt\u00f3w email, je\u017celi chcemy zawsze zwr\u00f3ci\u0107 [&hellip;]<\/p>\n","protected":false},"author":1,"featured_media":0,"parent":0,"menu_order":0,"comment_status":"closed","ping_status":"closed","template":"g1_template_page_sidebar_right.php","meta":{"inline_featured_image":false,"_monsterinsights_skip_tracking":false,"_monsterinsights_sitenote_active":false,"_monsterinsights_sitenote_note":"","_monsterinsights_sitenote_category":0,"footnotes":""},"class_list":["post-4294","page","type-page","status-publish"],"yoast_head":"<!-- This site is optimized with the Yoast SEO plugin v25.2 - https:\/\/yoast.com\/wordpress\/plugins\/seo\/ -->\n<title>Projekt responsywnego Emaila - Newsletter Creator<\/title>\n<meta name=\"robots\" content=\"index, follow, max-snippet:-1, max-image-preview:large, max-video-preview:-1\" \/>\n<link rel=\"canonical\" href=\"https:\/\/www.newslettercreator.com\/pl\/projekt-responsywnego-emaila\/\" \/>\n<meta property=\"og:locale\" content=\"pl_PL\" \/>\n<meta property=\"og:type\" content=\"article\" \/>\n<meta property=\"og:title\" content=\"Projekt responsywnego Emaila - Newsletter Creator\" \/>\n<meta property=\"og:description\" content=\"Gdy przychodzi do stworzenia wzorca newslettera, jest ogromnie wa\u017cne, aby zapewni\u0107 czytelno\u015b\u0107 na wielu urz\u0105dzeniach \u2013 zgadza si\u0119, aby zapewni\u0107 responsywno\u015b\u0107 projektu. Faktem jest, \u017ce ponad po\u0142owa Twoich czytelnik\u00f3w otworzy Tw\u00f3j newsletter na urz\u0105dzeniu mobilnym, a potem mo\u017ce jeszcze raz na komputerze. Ta r\u00f3\u017cnorodno\u015b\u0107 zmusza nas do tworzenia responsywnych projekt\u00f3w email, je\u017celi chcemy zawsze zwr\u00f3ci\u0107 [&hellip;]\" \/>\n<meta property=\"og:url\" content=\"https:\/\/www.newslettercreator.com\/pl\/projekt-responsywnego-emaila\/\" \/>\n<meta property=\"og:site_name\" content=\"Newsletter Creator\" \/>\n<meta property=\"og:image\" content=\"http:\/\/www.newslettercreator.com\/wp-content\/uploads\/2014\/11\/responsive-email-templates.png\" \/>\n<meta name=\"twitter:label1\" content=\"Szacowany czas czytania\" \/>\n\t<meta name=\"twitter:data1\" content=\"1 minuta\" \/>\n<script type=\"application\/ld+json\" class=\"yoast-schema-graph\">{\"@context\":\"https:\/\/schema.org\",\"@graph\":[{\"@type\":\"WebPage\",\"@id\":\"https:\/\/www.newslettercreator.com\/pl\/projekt-responsywnego-emaila\/\",\"url\":\"https:\/\/www.newslettercreator.com\/pl\/projekt-responsywnego-emaila\/\",\"name\":\"Projekt responsywnego Emaila - Newsletter Creator\",\"isPartOf\":{\"@id\":\"https:\/\/www.newslettercreator.com\/#website\"},\"primaryImageOfPage\":{\"@id\":\"https:\/\/www.newslettercreator.com\/pl\/projekt-responsywnego-emaila\/#primaryimage\"},\"image\":{\"@id\":\"https:\/\/www.newslettercreator.com\/pl\/projekt-responsywnego-emaila\/#primaryimage\"},\"thumbnailUrl\":\"http:\/\/www.newslettercreator.com\/wp-content\/uploads\/2014\/11\/responsive-email-templates.png\",\"datePublished\":\"2016-01-27T11:26:44+00:00\",\"breadcrumb\":{\"@id\":\"https:\/\/www.newslettercreator.com\/pl\/projekt-responsywnego-emaila\/#breadcrumb\"},\"inLanguage\":\"pl-PL\",\"potentialAction\":[{\"@type\":\"ReadAction\",\"target\":[\"https:\/\/www.newslettercreator.com\/pl\/projekt-responsywnego-emaila\/\"]}]},{\"@type\":\"ImageObject\",\"inLanguage\":\"pl-PL\",\"@id\":\"https:\/\/www.newslettercreator.com\/pl\/projekt-responsywnego-emaila\/#primaryimage\",\"url\":\"http:\/\/www.newslettercreator.com\/wp-content\/uploads\/2014\/11\/responsive-email-templates.png\",\"contentUrl\":\"http:\/\/www.newslettercreator.com\/wp-content\/uploads\/2014\/11\/responsive-email-templates.png\"},{\"@type\":\"BreadcrumbList\",\"@id\":\"https:\/\/www.newslettercreator.com\/pl\/projekt-responsywnego-emaila\/#breadcrumb\",\"itemListElement\":[{\"@type\":\"ListItem\",\"position\":1,\"name\":\"Home\",\"item\":\"https:\/\/www.newslettercreator.com\/pl\/\"},{\"@type\":\"ListItem\",\"position\":2,\"name\":\"Projekt responsywnego Emaila\"}]},{\"@type\":\"WebSite\",\"@id\":\"https:\/\/www.newslettercreator.com\/#website\",\"url\":\"https:\/\/www.newslettercreator.com\/\",\"name\":\"Newsletter Creator\",\"description\":\"Pay off\",\"potentialAction\":[{\"@type\":\"SearchAction\",\"target\":{\"@type\":\"EntryPoint\",\"urlTemplate\":\"https:\/\/www.newslettercreator.com\/?s={search_term_string}\"},\"query-input\":{\"@type\":\"PropertyValueSpecification\",\"valueRequired\":true,\"valueName\":\"search_term_string\"}}],\"inLanguage\":\"pl-PL\"}]}<\/script>\n<!-- \/ Yoast SEO plugin. -->","yoast_head_json":{"title":"Projekt responsywnego Emaila - Newsletter Creator","robots":{"index":"index","follow":"follow","max-snippet":"max-snippet:-1","max-image-preview":"max-image-preview:large","max-video-preview":"max-video-preview:-1"},"canonical":"https:\/\/www.newslettercreator.com\/pl\/projekt-responsywnego-emaila\/","og_locale":"pl_PL","og_type":"article","og_title":"Projekt responsywnego Emaila - Newsletter Creator","og_description":"Gdy przychodzi do stworzenia wzorca newslettera, jest ogromnie wa\u017cne, aby zapewni\u0107 czytelno\u015b\u0107 na wielu urz\u0105dzeniach \u2013 zgadza si\u0119, aby zapewni\u0107 responsywno\u015b\u0107 projektu. Faktem jest, \u017ce ponad po\u0142owa Twoich czytelnik\u00f3w otworzy Tw\u00f3j newsletter na urz\u0105dzeniu mobilnym, a potem mo\u017ce jeszcze raz na komputerze. Ta r\u00f3\u017cnorodno\u015b\u0107 zmusza nas do tworzenia responsywnych projekt\u00f3w email, je\u017celi chcemy zawsze zwr\u00f3ci\u0107 [&hellip;]","og_url":"https:\/\/www.newslettercreator.com\/pl\/projekt-responsywnego-emaila\/","og_site_name":"Newsletter Creator","og_image":[{"url":"http:\/\/www.newslettercreator.com\/wp-content\/uploads\/2014\/11\/responsive-email-templates.png","type":"","width":"","height":""}],"twitter_misc":{"Szacowany czas czytania":"1 minuta"},"schema":{"@context":"https:\/\/schema.org","@graph":[{"@type":"WebPage","@id":"https:\/\/www.newslettercreator.com\/pl\/projekt-responsywnego-emaila\/","url":"https:\/\/www.newslettercreator.com\/pl\/projekt-responsywnego-emaila\/","name":"Projekt responsywnego Emaila - Newsletter Creator","isPartOf":{"@id":"https:\/\/www.newslettercreator.com\/#website"},"primaryImageOfPage":{"@id":"https:\/\/www.newslettercreator.com\/pl\/projekt-responsywnego-emaila\/#primaryimage"},"image":{"@id":"https:\/\/www.newslettercreator.com\/pl\/projekt-responsywnego-emaila\/#primaryimage"},"thumbnailUrl":"http:\/\/www.newslettercreator.com\/wp-content\/uploads\/2014\/11\/responsive-email-templates.png","datePublished":"2016-01-27T11:26:44+00:00","breadcrumb":{"@id":"https:\/\/www.newslettercreator.com\/pl\/projekt-responsywnego-emaila\/#breadcrumb"},"inLanguage":"pl-PL","potentialAction":[{"@type":"ReadAction","target":["https:\/\/www.newslettercreator.com\/pl\/projekt-responsywnego-emaila\/"]}]},{"@type":"ImageObject","inLanguage":"pl-PL","@id":"https:\/\/www.newslettercreator.com\/pl\/projekt-responsywnego-emaila\/#primaryimage","url":"http:\/\/www.newslettercreator.com\/wp-content\/uploads\/2014\/11\/responsive-email-templates.png","contentUrl":"http:\/\/www.newslettercreator.com\/wp-content\/uploads\/2014\/11\/responsive-email-templates.png"},{"@type":"BreadcrumbList","@id":"https:\/\/www.newslettercreator.com\/pl\/projekt-responsywnego-emaila\/#breadcrumb","itemListElement":[{"@type":"ListItem","position":1,"name":"Home","item":"https:\/\/www.newslettercreator.com\/pl\/"},{"@type":"ListItem","position":2,"name":"Projekt responsywnego Emaila"}]},{"@type":"WebSite","@id":"https:\/\/www.newslettercreator.com\/#website","url":"https:\/\/www.newslettercreator.com\/","name":"Newsletter Creator","description":"Pay off","potentialAction":[{"@type":"SearchAction","target":{"@type":"EntryPoint","urlTemplate":"https:\/\/www.newslettercreator.com\/?s={search_term_string}"},"query-input":{"@type":"PropertyValueSpecification","valueRequired":true,"valueName":"search_term_string"}}],"inLanguage":"pl-PL"}]}},"_links":{"self":[{"href":"https:\/\/www.newslettercreator.com\/pl\/wp-json\/wp\/v2\/pages\/4294","targetHints":{"allow":["GET"]}}],"collection":[{"href":"https:\/\/www.newslettercreator.com\/pl\/wp-json\/wp\/v2\/pages"}],"about":[{"href":"https:\/\/www.newslettercreator.com\/pl\/wp-json\/wp\/v2\/types\/page"}],"author":[{"embeddable":true,"href":"https:\/\/www.newslettercreator.com\/pl\/wp-json\/wp\/v2\/users\/1"}],"replies":[{"embeddable":true,"href":"https:\/\/www.newslettercreator.com\/pl\/wp-json\/wp\/v2\/comments?post=4294"}],"version-history":[{"count":1,"href":"https:\/\/www.newslettercreator.com\/pl\/wp-json\/wp\/v2\/pages\/4294\/revisions"}],"predecessor-version":[{"id":4295,"href":"https:\/\/www.newslettercreator.com\/pl\/wp-json\/wp\/v2\/pages\/4294\/revisions\/4295"}],"wp:attachment":[{"href":"https:\/\/www.newslettercreator.com\/pl\/wp-json\/wp\/v2\/media?parent=4294"}],"curies":[{"name":"wp","href":"https:\/\/api.w.org\/{rel}","templated":true}]}}