{"id":1077,"date":"2014-08-27T07:05:40","date_gmt":"2014-08-27T07:05:40","guid":{"rendered":"http:\/\/www.newslettercreator.com\/?page_id=1077"},"modified":"2022-02-25T14:38:18","modified_gmt":"2022-02-25T13:38:18","slug":"experimente-de-forma-gratuita","status":"publish","type":"page","link":"https:\/\/www.newslettercreator.com\/pt-pt\/experimente-de-forma-gratuita\/","title":{"rendered":"Experimente de forma gratuita"},"content":{"rendered":"<ul class=\"g1-grid\"><li class=\"g1-column g1-one-half g1-valign-top\">\n<p><img decoding=\"async\" width=\"457\" height=\"392\" src=\"http:\/\/www.newslettercreator.com\/wp-content\/uploads\/2015\/09\/ms2-download-eng.png\" alt=\"Baixe nosso Demo\" \/><\/p>\n<\/li><!-- -->\n<li class=\"g1-column g1-one-half g1-valign-top\">\n<h1 style=\"line-height: 38px !important;\">Baixe nosso editor de newsletter gratuitamente<\/h1>\n<p style=\"text-align: middle;\"><a class=\"button large orange\" style=\"min-width: 190px;\" title=\"Baixe a demo\" href=\"http:\/\/www.newslettercreator.com\/utils\/download\/pre-download.php\" target=\"_blank\" rel=\"noopener\">Baixe a demo<\/a><\/p>\n<p style=\"margin-bottom: 5px;\"><strong>Voc\u00ea tem uma chave de licen\u00e7a?<\/strong> <a href=\"https:\/\/www.newslettercreator.com\/download-your-mailstyler-release\/\" title=\"Voc\u00ea tem uma chave de licen\u00e7a? Clique aqui para baixar\">Clique aqui para baixar<\/a><\/p>\n<p style=\"text-align: left; font-size: 11px;\">\u00daltima vers\u00e3o: 2.24.01.17 | Data de Lan\u00e7amento: 17\/01\/2024 | Tamanho: 114.9 MB<br \/><a href=\"http:\/\/www.newslettercreator.com\/license-agreement\/\" target=\"_blank\" rel=\"noopener\">Acordo de licen\u00e7a<\/a> | <a href=\"http:\/\/www.newslettercreator.com\/how-to-uninstall\/\" target=\"_blank\" rel=\"noopener\">Como desinstalar<\/a><\/p>\n<p><img decoding=\"async\" width=\"196\" height=\"24\" src=\"http:\/\/www.newslettercreator.com\/wp-content\/uploads\/2015\/07\/windows-10-ready.jpg\" alt=\"MailStyler est\u00e1 pronto para o Windows 10\"><\/p>\n<p><strong><i class=\"fa fa-apple fa-2x\"><\/i> Usu\u00e1rio de Mac?<\/strong> <a title=\"Como instalar o MailStyler no Mac\" href=\"http:\/\/www.newslettercreator.com\/using-mailstyler-on-mac\/\">Veja isso&#8230;<\/a>.<\/p>\n<\/li><!-- --><\/ul>\n<p>Para possibilitar que todos nossos usu\u00e1rios descubram os recursos sensacionais de nosso software, n\u00f3s criamos uma <strong>demo gratuita do MailStyler<\/strong>. Esta demo tem as mesmas ferramentas da <strong>vers\u00e3o Pro<\/strong>, com excep\u00e7\u00e3o de la exporta\u00e7\u00e3o: voc\u00ea pode criar newsletters gratuitos com apenas alguns cliques e vai ter acesso a uma biblioteca de mais 2000 imagens em alta defini\u00e7\u00e3o (200 das quais sem marca de \u00e1gua).<\/p>\n<p>A vers\u00e3o de demo es <strong>gratuita para sempre<\/strong>, mas n\u00e3o ser\u00e1 poss\u00edvel exportar suas cria\u00e7\u00f5es. Quando voc\u00ea exportar\u00e1, de fato, a newsletter aparecer\u00e1 codificada. Voc\u00ea poder\u00e1 abri-la e verific\u00e1-la de qualquer maneira em seu provedor de e-mail favorito.<\/p>\n<p><p>Voc\u00ea pode atualizar a qualquer momento para a <strong><a href=\"http:\/\/www.newslettercreator.com\/pt-pt\/preco\/\">vers\u00e3o Basic ou Pro<\/a><\/strong>. Ap\u00f3s comprar sua licen\u00e7a, <strong>carregue para seu MailStyler<\/strong> e em apenas alguns segundos, o software est\u00e1 pronto para ser utilizado.<\/p>\n<p>&nbsp;<\/p>\n<h2>Atualizar para MailStyler Basic ou Pro<\/h2>\n<ul class=\"g1-grid\"><li class=\"g1-column g1-one-half g1-valign-top\"><br \/>\n<div id=\"g1-box-counter-1\" class=\"g1-box g1-box--solid  g1-box--icon\" ><i class=\"fa fa-star-half-o g1-box__icon\"><\/i><div class=\"g1-box__inner\">\n<h2 style=\"text-align: center;\">MailStyler Basic<\/h2>\n<p style=\"text-align: center;\">MailStyler B\u00e1sic o permite exportar seus newsletters em um formato pronto para envio. Voc\u00ea ter\u00e1 todas as ferramentas necess\u00e1rias para criar newsletter que s\u00e3o 100% responsivos e perfeitamente compat\u00edveis com todos provedores de e-mail.<\/p>\n<p style=\"text-align: center;\"><a class=\"button large orange-empty\" style=\"margin-bottom: 10px;\" title=\"Atualize para MailStyler Basic\" href=\"http:\/\/www.newslettercreator.com\/pt-pt\/preco\/\" target=\"_self\" rel=\"noopener\">Atualize para MailStyler Basic<\/a><br \/>\n<\/div><\/div><br \/>\n<\/li><!-- -->\n<li class=\"g1-column g1-one-half g1-valign-top\"><br \/>\n<div id=\"g1-box-counter-2\" class=\"g1-box g1-box--solid  g1-box--icon\" ><i class=\"fa fa-star g1-box__icon\"><\/i><div class=\"g1-box__inner\">\n<h2 style=\"text-align: center;\">MailStyler PRO<\/h2>\n<p style=\"text-align: center;\">MailStyler Pro o d\u00e1 acesso gratuito uma biblioteca com mais de 3,5 milh\u00f5es de imagens em alta resolu\u00e7\u00e3o (MailStyler, <a href=\"https:\/\/unsplash.com\/\" target=\"_blank\" rel=\"nofollow noopener\">Unsplash<\/a>, <a href=\"https:\/\/pixabay.com\/\" target=\"_blank\" rel=\"nofollow noopener\">Pixabay<\/a>) e a um arquivo de armazenamento em nuvem aonde voc\u00ea pode automaticamente armazen\u00e1-las. Velocidade e conforto sem limites, um pacote sensacional!<\/p>\n<p style=\"text-align: center;\"><a class=\"button large orange-empty\" style=\"margin-bottom: 10px;\" title=\"Atualize para MailStyler PRO\" href=\"http:\/\/www.newslettercreator.com\/pt-pt\/preco\/\" target=\"_self\" rel=\"noopener\">Atualize para MailStyler PRO<\/a><br \/>\n<\/div><\/div><br \/>\n<\/li><!-- --><\/ul>\n<p>&nbsp;<\/p>\n<h2>Requisitos do sistema<\/h2>\n<ul>\n<li>Windows 8, 8.1, 10, 11; Windows Server 2016, 2019<\/li>\n<li>Internet Explorer 9 ou superior<\/li>\n<li>.NET Framework 3.5 SP1 ou superior<\/li>\n<li>Tela 1366 x 768<\/li>\n<li>Conex\u00e3o com a Internet<\/li>\n<\/ul>\n","protected":false},"excerpt":{"rendered":"<p>Para possibilitar que todos nossos usu\u00e1rios descubram os recursos sensacionais de nosso software, n\u00f3s criamos uma demo gratuita do MailStyler. Esta demo tem as mesmas ferramentas da vers\u00e3o Pro, com excep\u00e7\u00e3o de la exporta\u00e7\u00e3o: voc\u00ea pode criar newsletters gratuitos com apenas alguns cliques e vai ter acesso a uma biblioteca de mais 2000 imagens em [&hellip;]<\/p>\n","protected":false},"author":1,"featured_media":0,"parent":0,"menu_order":0,"comment_status":"closed","ping_status":"closed","template":"","meta":{"inline_featured_image":false,"_monsterinsights_skip_tracking":false,"_monsterinsights_sitenote_active":false,"_monsterinsights_sitenote_note":"","_monsterinsights_sitenote_category":0,"footnotes":""},"class_list":["post-1077","page","type-page","status-publish"],"yoast_head":"<!-- This site is optimized with the Yoast SEO plugin v25.2 - https:\/\/yoast.com\/wordpress\/plugins\/seo\/ -->\n<title>Experimente de forma gratuita - Newsletter Creator<\/title>\n<meta name=\"robots\" content=\"index, follow, max-snippet:-1, max-image-preview:large, max-video-preview:-1\" \/>\n<link rel=\"canonical\" href=\"https:\/\/www.newslettercreator.com\/pt-pt\/experimente-de-forma-gratuita\/\" \/>\n<meta property=\"og:locale\" content=\"pt_PT\" \/>\n<meta property=\"og:type\" content=\"article\" \/>\n<meta property=\"og:title\" content=\"Experimente de forma gratuita - Newsletter Creator\" \/>\n<meta property=\"og:description\" content=\"Para possibilitar que todos nossos usu\u00e1rios descubram os recursos sensacionais de nosso software, n\u00f3s criamos uma demo gratuita do MailStyler. Esta demo tem as mesmas ferramentas da vers\u00e3o Pro, com excep\u00e7\u00e3o de la exporta\u00e7\u00e3o: voc\u00ea pode criar newsletters gratuitos com apenas alguns cliques e vai ter acesso a uma biblioteca de mais 2000 imagens em [&hellip;]\" \/>\n<meta property=\"og:url\" content=\"https:\/\/www.newslettercreator.com\/pt-pt\/experimente-de-forma-gratuita\/\" \/>\n<meta property=\"og:site_name\" content=\"Newsletter Creator\" \/>\n<meta property=\"article:modified_time\" content=\"2022-02-25T13:38:18+00:00\" \/>\n<meta property=\"og:image\" content=\"http:\/\/www.newslettercreator.com\/wp-content\/uploads\/2015\/09\/ms2-download-eng.png\" \/>\n<meta name=\"twitter:label1\" content=\"Tempo estimado de leitura\" \/>\n\t<meta name=\"twitter:data1\" content=\"2 minutos\" \/>\n<script type=\"application\/ld+json\" class=\"yoast-schema-graph\">{\"@context\":\"https:\/\/schema.org\",\"@graph\":[{\"@type\":\"WebPage\",\"@id\":\"https:\/\/www.newslettercreator.com\/pt-pt\/experimente-de-forma-gratuita\/\",\"url\":\"https:\/\/www.newslettercreator.com\/pt-pt\/experimente-de-forma-gratuita\/\",\"name\":\"Experimente de forma gratuita - Newsletter Creator\",\"isPartOf\":{\"@id\":\"https:\/\/www.newslettercreator.com\/#website\"},\"primaryImageOfPage\":{\"@id\":\"https:\/\/www.newslettercreator.com\/pt-pt\/experimente-de-forma-gratuita\/#primaryimage\"},\"image\":{\"@id\":\"https:\/\/www.newslettercreator.com\/pt-pt\/experimente-de-forma-gratuita\/#primaryimage\"},\"thumbnailUrl\":\"http:\/\/www.newslettercreator.com\/wp-content\/uploads\/2015\/09\/ms2-download-eng.png\",\"datePublished\":\"2014-08-27T07:05:40+00:00\",\"dateModified\":\"2022-02-25T13:38:18+00:00\",\"breadcrumb\":{\"@id\":\"https:\/\/www.newslettercreator.com\/pt-pt\/experimente-de-forma-gratuita\/#breadcrumb\"},\"inLanguage\":\"pt-PT\",\"potentialAction\":[{\"@type\":\"ReadAction\",\"target\":[\"https:\/\/www.newslettercreator.com\/pt-pt\/experimente-de-forma-gratuita\/\"]}]},{\"@type\":\"ImageObject\",\"inLanguage\":\"pt-PT\",\"@id\":\"https:\/\/www.newslettercreator.com\/pt-pt\/experimente-de-forma-gratuita\/#primaryimage\",\"url\":\"http:\/\/www.newslettercreator.com\/wp-content\/uploads\/2015\/09\/ms2-download-eng.png\",\"contentUrl\":\"http:\/\/www.newslettercreator.com\/wp-content\/uploads\/2015\/09\/ms2-download-eng.png\"},{\"@type\":\"BreadcrumbList\",\"@id\":\"https:\/\/www.newslettercreator.com\/pt-pt\/experimente-de-forma-gratuita\/#breadcrumb\",\"itemListElement\":[{\"@type\":\"ListItem\",\"position\":1,\"name\":\"Home\",\"item\":\"https:\/\/www.newslettercreator.com\/pt-pt\/\"},{\"@type\":\"ListItem\",\"position\":2,\"name\":\"Experimente de forma gratuita\"}]},{\"@type\":\"WebSite\",\"@id\":\"https:\/\/www.newslettercreator.com\/#website\",\"url\":\"https:\/\/www.newslettercreator.com\/\",\"name\":\"Newsletter Creator\",\"description\":\"Pay off\",\"potentialAction\":[{\"@type\":\"SearchAction\",\"target\":{\"@type\":\"EntryPoint\",\"urlTemplate\":\"https:\/\/www.newslettercreator.com\/?s={search_term_string}\"},\"query-input\":{\"@type\":\"PropertyValueSpecification\",\"valueRequired\":true,\"valueName\":\"search_term_string\"}}],\"inLanguage\":\"pt-PT\"}]}<\/script>\n<!-- \/ Yoast SEO plugin. -->","yoast_head_json":{"title":"Experimente de forma gratuita - Newsletter Creator","robots":{"index":"index","follow":"follow","max-snippet":"max-snippet:-1","max-image-preview":"max-image-preview:large","max-video-preview":"max-video-preview:-1"},"canonical":"https:\/\/www.newslettercreator.com\/pt-pt\/experimente-de-forma-gratuita\/","og_locale":"pt_PT","og_type":"article","og_title":"Experimente de forma gratuita - Newsletter Creator","og_description":"Para possibilitar que todos nossos usu\u00e1rios descubram os recursos sensacionais de nosso software, n\u00f3s criamos uma demo gratuita do MailStyler. Esta demo tem as mesmas ferramentas da vers\u00e3o Pro, com excep\u00e7\u00e3o de la exporta\u00e7\u00e3o: voc\u00ea pode criar newsletters gratuitos com apenas alguns cliques e vai ter acesso a uma biblioteca de mais 2000 imagens em [&hellip;]","og_url":"https:\/\/www.newslettercreator.com\/pt-pt\/experimente-de-forma-gratuita\/","og_site_name":"Newsletter Creator","article_modified_time":"2022-02-25T13:38:18+00:00","og_image":[{"url":"http:\/\/www.newslettercreator.com\/wp-content\/uploads\/2015\/09\/ms2-download-eng.png","type":"","width":"","height":""}],"twitter_misc":{"Tempo estimado de leitura":"2 minutos"},"schema":{"@context":"https:\/\/schema.org","@graph":[{"@type":"WebPage","@id":"https:\/\/www.newslettercreator.com\/pt-pt\/experimente-de-forma-gratuita\/","url":"https:\/\/www.newslettercreator.com\/pt-pt\/experimente-de-forma-gratuita\/","name":"Experimente de forma gratuita - Newsletter Creator","isPartOf":{"@id":"https:\/\/www.newslettercreator.com\/#website"},"primaryImageOfPage":{"@id":"https:\/\/www.newslettercreator.com\/pt-pt\/experimente-de-forma-gratuita\/#primaryimage"},"image":{"@id":"https:\/\/www.newslettercreator.com\/pt-pt\/experimente-de-forma-gratuita\/#primaryimage"},"thumbnailUrl":"http:\/\/www.newslettercreator.com\/wp-content\/uploads\/2015\/09\/ms2-download-eng.png","datePublished":"2014-08-27T07:05:40+00:00","dateModified":"2022-02-25T13:38:18+00:00","breadcrumb":{"@id":"https:\/\/www.newslettercreator.com\/pt-pt\/experimente-de-forma-gratuita\/#breadcrumb"},"inLanguage":"pt-PT","potentialAction":[{"@type":"ReadAction","target":["https:\/\/www.newslettercreator.com\/pt-pt\/experimente-de-forma-gratuita\/"]}]},{"@type":"ImageObject","inLanguage":"pt-PT","@id":"https:\/\/www.newslettercreator.com\/pt-pt\/experimente-de-forma-gratuita\/#primaryimage","url":"http:\/\/www.newslettercreator.com\/wp-content\/uploads\/2015\/09\/ms2-download-eng.png","contentUrl":"http:\/\/www.newslettercreator.com\/wp-content\/uploads\/2015\/09\/ms2-download-eng.png"},{"@type":"BreadcrumbList","@id":"https:\/\/www.newslettercreator.com\/pt-pt\/experimente-de-forma-gratuita\/#breadcrumb","itemListElement":[{"@type":"ListItem","position":1,"name":"Home","item":"https:\/\/www.newslettercreator.com\/pt-pt\/"},{"@type":"ListItem","position":2,"name":"Experimente de forma gratuita"}]},{"@type":"WebSite","@id":"https:\/\/www.newslettercreator.com\/#website","url":"https:\/\/www.newslettercreator.com\/","name":"Newsletter Creator","description":"Pay off","potentialAction":[{"@type":"SearchAction","target":{"@type":"EntryPoint","urlTemplate":"https:\/\/www.newslettercreator.com\/?s={search_term_string}"},"query-input":{"@type":"PropertyValueSpecification","valueRequired":true,"valueName":"search_term_string"}}],"inLanguage":"pt-PT"}]}},"_links":{"self":[{"href":"https:\/\/www.newslettercreator.com\/pt-pt\/wp-json\/wp\/v2\/pages\/1077","targetHints":{"allow":["GET"]}}],"collection":[{"href":"https:\/\/www.newslettercreator.com\/pt-pt\/wp-json\/wp\/v2\/pages"}],"about":[{"href":"https:\/\/www.newslettercreator.com\/pt-pt\/wp-json\/wp\/v2\/types\/page"}],"author":[{"embeddable":true,"href":"https:\/\/www.newslettercreator.com\/pt-pt\/wp-json\/wp\/v2\/users\/1"}],"replies":[{"embeddable":true,"href":"https:\/\/www.newslettercreator.com\/pt-pt\/wp-json\/wp\/v2\/comments?post=1077"}],"version-history":[{"count":15,"href":"https:\/\/www.newslettercreator.com\/pt-pt\/wp-json\/wp\/v2\/pages\/1077\/revisions"}],"predecessor-version":[{"id":11578,"href":"https:\/\/www.newslettercreator.com\/pt-pt\/wp-json\/wp\/v2\/pages\/1077\/revisions\/11578"}],"wp:attachment":[{"href":"https:\/\/www.newslettercreator.com\/pt-pt\/wp-json\/wp\/v2\/media?parent=1077"}],"curies":[{"name":"wp","href":"https:\/\/api.w.org\/{rel}","templated":true}]}}