{"id":1093,"date":"2014-08-27T08:35:56","date_gmt":"2014-08-27T08:35:56","guid":{"rendered":"http:\/\/www.newslettercreator.com\/?page_id=1093"},"modified":"2022-03-04T11:57:31","modified_gmt":"2022-03-04T10:57:31","slug":"biblioteca-de-imagens-basica","status":"publish","type":"page","link":"https:\/\/www.newslettercreator.com\/pt-pt\/biblioteca-de-imagens-basica\/","title":{"rendered":"Biblioteca de imagens B\u00e1sica"},"content":{"rendered":"<p><img decoding=\"async\" class=\"alignnone size-full wp-image-387\" src=\"http:\/\/www.newslettercreator.com\/wp-content\/uploads\/2014\/04\/library-base.jpg\" alt=\"Biblioteca de imagens B\u00e1sica\" width=\"649\" height=\"423\" srcset=\"https:\/\/www.newslettercreator.com\/wp-content\/uploads\/2014\/04\/library-base.jpg 649w, https:\/\/www.newslettercreator.com\/wp-content\/uploads\/2014\/04\/library-base-300x195.jpg 300w\" sizes=\"(max-width: 649px) 100vw, 649px\" \/><\/p>\n<p>As <strong>vers\u00f5es Gr\u00e1tis e B\u00e1sica<\/strong> permitem-lhe <strong>aceder apenas \u00e0 biblioteca MailStyler<\/strong> e utilizar at\u00e9 tr\u00eas imagens por cada categoria sem marca d\u2019agua (num total de mais de 200), e todas as outras com uma marca d\u2019agua do nosso log\u00f3tipo. Todas as imagens est\u00e3o numa resolu\u00e7\u00e3o de 800&#215;600.<\/p>\n<h2>Quer mais?<\/h2>\n<p>Confiar numa vasta escolha de imagens e fotos profissionais prontas a usar \u00e9 essencial para construir um boletim informativo eficaz. Esse \u00e9 o motivo pelo qual <strong>MailStyler Pro <\/strong>vem com uma <strong>biblioteca de imagens Avan\u00e7ada<\/strong>.<\/p>\n<ul>\n<li><strong>mais de 3,5 milh\u00f5es<\/strong> de imagens de alta qualidade;<\/li>\n<li>biblioteca MailStyler (2.000+ de imagens);<\/li>\n<li>biblioteca <img decoding=\"async\" src=\"https:\/\/www.newslettercreator.com\/wp-content\/uploads\/2022\/03\/unsplash-18x79-1.svg\" width=\"79\" height=\"18\" style=\"margin-bottom: -3px; opacity: 0.8;\"> (1 milh\u00e3o de imagens);<\/li>\n<li>biblioteca <img decoding=\"async\" src=\"https:\/\/www.newslettercreator.com\/wp-content\/uploads\/2022\/03\/pixabay-18x93-1.svg\" width=\"93\" height=\"18\" style=\"margin-bottom: -3px;\"> (2.5 milh\u00f5es de imagens).<\/li>\n<\/ul>\n<p>A biblioteca \u00e9 organizada em <strong>57 categorias<\/strong> \u2013 desde arte a carros, de electronica a moda, de jogos a desporto, etc. \u2013 mais uma colec\u00e7\u00e3o de \u00edcones de m\u00eddia social e <strong>motor de busca<\/strong>. Desta forma ir\u00e1 ser mais f\u00e1cil encontrar as imagens correctas para a sua \u00e1rea de neg\u00f3cio, com uma garantia de utilizar sempre <strong>material de topo<\/strong>.<\/p>\n<p>Se quiser aceder \u00e0 biblioteca completa de <strong>3,5 milh\u00f5es de imagens<\/strong> em alta resolu\u00e7\u00e3o e sem marca de \u00e1gua, pode comprar a <strong>vers\u00e3o Pro<\/strong> e obter a <a href=\"https:\/\/www.newslettercreator.com\/pt-pt\/biblioteca-de-imagens-avancada\/\" title=\"Biblioteca de imagens Avan\u00e7ada\">biblioteca avan\u00e7ada completa<\/a>.<\/p>\n","protected":false},"excerpt":{"rendered":"<p>As vers\u00f5es Gr\u00e1tis e B\u00e1sica permitem-lhe aceder apenas \u00e0 biblioteca MailStyler e utilizar at\u00e9 tr\u00eas imagens por cada categoria sem marca d\u2019agua (num total de mais de 200), e todas as outras com uma marca d\u2019agua do nosso log\u00f3tipo. Todas as imagens est\u00e3o numa resolu\u00e7\u00e3o de 800&#215;600. Quer mais? Confiar numa vasta escolha de imagens [&hellip;]<\/p>\n","protected":false},"author":1,"featured_media":0,"parent":0,"menu_order":0,"comment_status":"closed","ping_status":"closed","template":"g1_template_page_sidebar_right.php","meta":{"inline_featured_image":false,"_monsterinsights_skip_tracking":false,"_monsterinsights_sitenote_active":false,"_monsterinsights_sitenote_note":"","_monsterinsights_sitenote_category":0,"footnotes":""},"class_list":["post-1093","page","type-page","status-publish"],"yoast_head":"<!-- This site is optimized with the Yoast SEO plugin v25.2 - https:\/\/yoast.com\/wordpress\/plugins\/seo\/ -->\n<title>Biblioteca de imagens B\u00e1sica - Newsletter Creator<\/title>\n<meta name=\"robots\" content=\"index, follow, max-snippet:-1, max-image-preview:large, max-video-preview:-1\" \/>\n<link rel=\"canonical\" href=\"https:\/\/www.newslettercreator.com\/pt-pt\/biblioteca-de-imagens-basica\/\" \/>\n<meta property=\"og:locale\" content=\"pt_PT\" \/>\n<meta property=\"og:type\" content=\"article\" \/>\n<meta property=\"og:title\" content=\"Biblioteca de imagens B\u00e1sica - Newsletter Creator\" \/>\n<meta property=\"og:description\" content=\"As vers\u00f5es Gr\u00e1tis e B\u00e1sica permitem-lhe aceder apenas \u00e0 biblioteca MailStyler e utilizar at\u00e9 tr\u00eas imagens por cada categoria sem marca d\u2019agua (num total de mais de 200), e todas as outras com uma marca d\u2019agua do nosso log\u00f3tipo. Todas as imagens est\u00e3o numa resolu\u00e7\u00e3o de 800&#215;600. Quer mais? Confiar numa vasta escolha de imagens [&hellip;]\" \/>\n<meta property=\"og:url\" content=\"https:\/\/www.newslettercreator.com\/pt-pt\/biblioteca-de-imagens-basica\/\" \/>\n<meta property=\"og:site_name\" content=\"Newsletter Creator\" \/>\n<meta property=\"article:modified_time\" content=\"2022-03-04T10:57:31+00:00\" \/>\n<meta property=\"og:image\" content=\"http:\/\/www.newslettercreator.com\/wp-content\/uploads\/2014\/04\/library-base.jpg\" \/>\n<meta name=\"twitter:label1\" content=\"Tempo estimado de leitura\" \/>\n\t<meta name=\"twitter:data1\" content=\"1 minuto\" \/>\n<script type=\"application\/ld+json\" class=\"yoast-schema-graph\">{\"@context\":\"https:\/\/schema.org\",\"@graph\":[{\"@type\":\"WebPage\",\"@id\":\"https:\/\/www.newslettercreator.com\/pt-pt\/biblioteca-de-imagens-basica\/\",\"url\":\"https:\/\/www.newslettercreator.com\/pt-pt\/biblioteca-de-imagens-basica\/\",\"name\":\"Biblioteca de imagens B\u00e1sica - Newsletter Creator\",\"isPartOf\":{\"@id\":\"https:\/\/www.newslettercreator.com\/#website\"},\"primaryImageOfPage\":{\"@id\":\"https:\/\/www.newslettercreator.com\/pt-pt\/biblioteca-de-imagens-basica\/#primaryimage\"},\"image\":{\"@id\":\"https:\/\/www.newslettercreator.com\/pt-pt\/biblioteca-de-imagens-basica\/#primaryimage\"},\"thumbnailUrl\":\"http:\/\/www.newslettercreator.com\/wp-content\/uploads\/2014\/04\/library-base.jpg\",\"datePublished\":\"2014-08-27T08:35:56+00:00\",\"dateModified\":\"2022-03-04T10:57:31+00:00\",\"breadcrumb\":{\"@id\":\"https:\/\/www.newslettercreator.com\/pt-pt\/biblioteca-de-imagens-basica\/#breadcrumb\"},\"inLanguage\":\"pt-PT\",\"potentialAction\":[{\"@type\":\"ReadAction\",\"target\":[\"https:\/\/www.newslettercreator.com\/pt-pt\/biblioteca-de-imagens-basica\/\"]}]},{\"@type\":\"ImageObject\",\"inLanguage\":\"pt-PT\",\"@id\":\"https:\/\/www.newslettercreator.com\/pt-pt\/biblioteca-de-imagens-basica\/#primaryimage\",\"url\":\"http:\/\/www.newslettercreator.com\/wp-content\/uploads\/2014\/04\/library-base.jpg\",\"contentUrl\":\"http:\/\/www.newslettercreator.com\/wp-content\/uploads\/2014\/04\/library-base.jpg\"},{\"@type\":\"BreadcrumbList\",\"@id\":\"https:\/\/www.newslettercreator.com\/pt-pt\/biblioteca-de-imagens-basica\/#breadcrumb\",\"itemListElement\":[{\"@type\":\"ListItem\",\"position\":1,\"name\":\"Home\",\"item\":\"https:\/\/www.newslettercreator.com\/pt-pt\/\"},{\"@type\":\"ListItem\",\"position\":2,\"name\":\"Biblioteca de imagens B\u00e1sica\"}]},{\"@type\":\"WebSite\",\"@id\":\"https:\/\/www.newslettercreator.com\/#website\",\"url\":\"https:\/\/www.newslettercreator.com\/\",\"name\":\"Newsletter Creator\",\"description\":\"Pay off\",\"potentialAction\":[{\"@type\":\"SearchAction\",\"target\":{\"@type\":\"EntryPoint\",\"urlTemplate\":\"https:\/\/www.newslettercreator.com\/?s={search_term_string}\"},\"query-input\":{\"@type\":\"PropertyValueSpecification\",\"valueRequired\":true,\"valueName\":\"search_term_string\"}}],\"inLanguage\":\"pt-PT\"}]}<\/script>\n<!-- \/ Yoast SEO plugin. -->","yoast_head_json":{"title":"Biblioteca de imagens B\u00e1sica - Newsletter Creator","robots":{"index":"index","follow":"follow","max-snippet":"max-snippet:-1","max-image-preview":"max-image-preview:large","max-video-preview":"max-video-preview:-1"},"canonical":"https:\/\/www.newslettercreator.com\/pt-pt\/biblioteca-de-imagens-basica\/","og_locale":"pt_PT","og_type":"article","og_title":"Biblioteca de imagens B\u00e1sica - Newsletter Creator","og_description":"As vers\u00f5es Gr\u00e1tis e B\u00e1sica permitem-lhe aceder apenas \u00e0 biblioteca MailStyler e utilizar at\u00e9 tr\u00eas imagens por cada categoria sem marca d\u2019agua (num total de mais de 200), e todas as outras com uma marca d\u2019agua do nosso log\u00f3tipo. Todas as imagens est\u00e3o numa resolu\u00e7\u00e3o de 800&#215;600. Quer mais? Confiar numa vasta escolha de imagens [&hellip;]","og_url":"https:\/\/www.newslettercreator.com\/pt-pt\/biblioteca-de-imagens-basica\/","og_site_name":"Newsletter Creator","article_modified_time":"2022-03-04T10:57:31+00:00","og_image":[{"url":"http:\/\/www.newslettercreator.com\/wp-content\/uploads\/2014\/04\/library-base.jpg","type":"","width":"","height":""}],"twitter_misc":{"Tempo estimado de leitura":"1 minuto"},"schema":{"@context":"https:\/\/schema.org","@graph":[{"@type":"WebPage","@id":"https:\/\/www.newslettercreator.com\/pt-pt\/biblioteca-de-imagens-basica\/","url":"https:\/\/www.newslettercreator.com\/pt-pt\/biblioteca-de-imagens-basica\/","name":"Biblioteca de imagens B\u00e1sica - Newsletter Creator","isPartOf":{"@id":"https:\/\/www.newslettercreator.com\/#website"},"primaryImageOfPage":{"@id":"https:\/\/www.newslettercreator.com\/pt-pt\/biblioteca-de-imagens-basica\/#primaryimage"},"image":{"@id":"https:\/\/www.newslettercreator.com\/pt-pt\/biblioteca-de-imagens-basica\/#primaryimage"},"thumbnailUrl":"http:\/\/www.newslettercreator.com\/wp-content\/uploads\/2014\/04\/library-base.jpg","datePublished":"2014-08-27T08:35:56+00:00","dateModified":"2022-03-04T10:57:31+00:00","breadcrumb":{"@id":"https:\/\/www.newslettercreator.com\/pt-pt\/biblioteca-de-imagens-basica\/#breadcrumb"},"inLanguage":"pt-PT","potentialAction":[{"@type":"ReadAction","target":["https:\/\/www.newslettercreator.com\/pt-pt\/biblioteca-de-imagens-basica\/"]}]},{"@type":"ImageObject","inLanguage":"pt-PT","@id":"https:\/\/www.newslettercreator.com\/pt-pt\/biblioteca-de-imagens-basica\/#primaryimage","url":"http:\/\/www.newslettercreator.com\/wp-content\/uploads\/2014\/04\/library-base.jpg","contentUrl":"http:\/\/www.newslettercreator.com\/wp-content\/uploads\/2014\/04\/library-base.jpg"},{"@type":"BreadcrumbList","@id":"https:\/\/www.newslettercreator.com\/pt-pt\/biblioteca-de-imagens-basica\/#breadcrumb","itemListElement":[{"@type":"ListItem","position":1,"name":"Home","item":"https:\/\/www.newslettercreator.com\/pt-pt\/"},{"@type":"ListItem","position":2,"name":"Biblioteca de imagens B\u00e1sica"}]},{"@type":"WebSite","@id":"https:\/\/www.newslettercreator.com\/#website","url":"https:\/\/www.newslettercreator.com\/","name":"Newsletter Creator","description":"Pay off","potentialAction":[{"@type":"SearchAction","target":{"@type":"EntryPoint","urlTemplate":"https:\/\/www.newslettercreator.com\/?s={search_term_string}"},"query-input":{"@type":"PropertyValueSpecification","valueRequired":true,"valueName":"search_term_string"}}],"inLanguage":"pt-PT"}]}},"_links":{"self":[{"href":"https:\/\/www.newslettercreator.com\/pt-pt\/wp-json\/wp\/v2\/pages\/1093","targetHints":{"allow":["GET"]}}],"collection":[{"href":"https:\/\/www.newslettercreator.com\/pt-pt\/wp-json\/wp\/v2\/pages"}],"about":[{"href":"https:\/\/www.newslettercreator.com\/pt-pt\/wp-json\/wp\/v2\/types\/page"}],"author":[{"embeddable":true,"href":"https:\/\/www.newslettercreator.com\/pt-pt\/wp-json\/wp\/v2\/users\/1"}],"replies":[{"embeddable":true,"href":"https:\/\/www.newslettercreator.com\/pt-pt\/wp-json\/wp\/v2\/comments?post=1093"}],"version-history":[{"count":3,"href":"https:\/\/www.newslettercreator.com\/pt-pt\/wp-json\/wp\/v2\/pages\/1093\/revisions"}],"predecessor-version":[{"id":11780,"href":"https:\/\/www.newslettercreator.com\/pt-pt\/wp-json\/wp\/v2\/pages\/1093\/revisions\/11780"}],"wp:attachment":[{"href":"https:\/\/www.newslettercreator.com\/pt-pt\/wp-json\/wp\/v2\/media?parent=1093"}],"curies":[{"name":"wp","href":"https:\/\/api.w.org\/{rel}","templated":true}]}}