{"id":1095,"date":"2014-08-27T08:39:11","date_gmt":"2014-08-27T08:39:11","guid":{"rendered":"http:\/\/www.newslettercreator.com\/?page_id=1095"},"modified":"2022-03-03T15:25:31","modified_gmt":"2022-03-03T14:25:31","slug":"biblioteca-de-imagens-avancada","status":"publish","type":"page","link":"https:\/\/www.newslettercreator.com\/pt-pt\/biblioteca-de-imagens-avancada\/","title":{"rendered":"Biblioteca de imagens Avan\u00e7ada"},"content":{"rendered":"<p><img decoding=\"async\" class=\"alignnone size-full wp-image-387\" src=\"http:\/\/www.newslettercreator.com\/wp-content\/uploads\/2014\/04\/library-adv.jpg\" alt=\"Biblioteca de imagens Avan\u00e7ada\" width=\"649\" height=\"423\" \/><\/p>\n<p>Confiar numa vasta escolha de imagens e fotos profissionais prontas a usar \u00e9 essencial para construir um boletim informativo eficaz. Esse \u00e9 o motivo pelo qual MailStyler vem com uma <strong>biblioteca de imagens Avan\u00e7ada<\/strong>.<\/p>\n<ul>\n<li><strong>mais de 3,5 milh\u00f5es<\/strong> de imagens de alta qualidade;<\/li>\n<li>biblioteca MailStyler (2.000+ de imagens);<\/li>\n<li>biblioteca <img decoding=\"async\" src=\"https:\/\/www.newslettercreator.com\/wp-content\/uploads\/2022\/03\/unsplash-18x79-1.svg\" width=\"79\" height=\"18\" style=\"margin-bottom: -3px; opacity: 0.8;\"> (1 milh\u00e3o de imagens);<\/li>\n<li>biblioteca <img decoding=\"async\" src=\"https:\/\/www.newslettercreator.com\/wp-content\/uploads\/2022\/03\/pixabay-18x93-1.svg\" width=\"93\" height=\"18\" style=\"margin-bottom: -3px;\"> (2.5 milh\u00f5es de imagens).<\/li>\n<\/ul>\n<p>Nenhum outro software fornece uma base de dados gr\u00e1ficos t\u00e3o vasta.<\/p>\n<p>A biblioteca \u00e9 organizada em <strong>57 categorias<\/strong> \u2013 desde arte a carros, de electronica a moda, de jogos a desporto, etc. \u2013 mais uma colec\u00e7\u00e3o de \u00edcones de m\u00eddia social e <strong>motor de busca<\/strong>. Desta forma ir\u00e1 ser mais f\u00e1cil encontrar as imagens correctas para a sua \u00e1rea de neg\u00f3cio, com uma garantia de utilizar sempre <strong>material de topo<\/strong>.<\/p>\n","protected":false},"excerpt":{"rendered":"<p>Confiar numa vasta escolha de imagens e fotos profissionais prontas a usar \u00e9 essencial para construir um boletim informativo eficaz. Esse \u00e9 o motivo pelo qual MailStyler vem com uma biblioteca de imagens Avan\u00e7ada. mais de 3,5 milh\u00f5es de imagens de alta qualidade; biblioteca MailStyler (2.000+ de imagens); biblioteca (1 milh\u00e3o de imagens); biblioteca (2.5 [&hellip;]<\/p>\n","protected":false},"author":1,"featured_media":0,"parent":0,"menu_order":0,"comment_status":"closed","ping_status":"closed","template":"g1_template_page_sidebar_right.php","meta":{"inline_featured_image":false,"_monsterinsights_skip_tracking":false,"_monsterinsights_sitenote_active":false,"_monsterinsights_sitenote_note":"","_monsterinsights_sitenote_category":0,"footnotes":""},"class_list":["post-1095","page","type-page","status-publish"],"yoast_head":"<!-- This site is optimized with the Yoast SEO plugin v25.2 - https:\/\/yoast.com\/wordpress\/plugins\/seo\/ -->\n<title>Biblioteca de imagens Avan\u00e7ada - Newsletter Creator<\/title>\n<meta name=\"robots\" content=\"index, follow, max-snippet:-1, max-image-preview:large, max-video-preview:-1\" \/>\n<link rel=\"canonical\" href=\"https:\/\/www.newslettercreator.com\/pt-pt\/biblioteca-de-imagens-avancada\/\" \/>\n<meta property=\"og:locale\" content=\"pt_PT\" \/>\n<meta property=\"og:type\" content=\"article\" \/>\n<meta property=\"og:title\" content=\"Biblioteca de imagens Avan\u00e7ada - Newsletter Creator\" \/>\n<meta property=\"og:description\" content=\"Confiar numa vasta escolha de imagens e fotos profissionais prontas a usar \u00e9 essencial para construir um boletim informativo eficaz. Esse \u00e9 o motivo pelo qual MailStyler vem com uma biblioteca de imagens Avan\u00e7ada. mais de 3,5 milh\u00f5es de imagens de alta qualidade; biblioteca MailStyler (2.000+ de imagens); biblioteca (1 milh\u00e3o de imagens); biblioteca (2.5 [&hellip;]\" \/>\n<meta property=\"og:url\" content=\"https:\/\/www.newslettercreator.com\/pt-pt\/biblioteca-de-imagens-avancada\/\" \/>\n<meta property=\"og:site_name\" content=\"Newsletter Creator\" \/>\n<meta property=\"article:modified_time\" content=\"2022-03-03T14:25:31+00:00\" \/>\n<meta property=\"og:image\" content=\"http:\/\/www.newslettercreator.com\/wp-content\/uploads\/2014\/04\/library-adv.jpg\" \/>\n<meta name=\"twitter:label1\" content=\"Tempo estimado de leitura\" \/>\n\t<meta name=\"twitter:data1\" content=\"1 minuto\" \/>\n<script type=\"application\/ld+json\" class=\"yoast-schema-graph\">{\"@context\":\"https:\/\/schema.org\",\"@graph\":[{\"@type\":\"WebPage\",\"@id\":\"https:\/\/www.newslettercreator.com\/pt-pt\/biblioteca-de-imagens-avancada\/\",\"url\":\"https:\/\/www.newslettercreator.com\/pt-pt\/biblioteca-de-imagens-avancada\/\",\"name\":\"Biblioteca de imagens Avan\u00e7ada - Newsletter Creator\",\"isPartOf\":{\"@id\":\"https:\/\/www.newslettercreator.com\/#website\"},\"primaryImageOfPage\":{\"@id\":\"https:\/\/www.newslettercreator.com\/pt-pt\/biblioteca-de-imagens-avancada\/#primaryimage\"},\"image\":{\"@id\":\"https:\/\/www.newslettercreator.com\/pt-pt\/biblioteca-de-imagens-avancada\/#primaryimage\"},\"thumbnailUrl\":\"http:\/\/www.newslettercreator.com\/wp-content\/uploads\/2014\/04\/library-adv.jpg\",\"datePublished\":\"2014-08-27T08:39:11+00:00\",\"dateModified\":\"2022-03-03T14:25:31+00:00\",\"breadcrumb\":{\"@id\":\"https:\/\/www.newslettercreator.com\/pt-pt\/biblioteca-de-imagens-avancada\/#breadcrumb\"},\"inLanguage\":\"pt-PT\",\"potentialAction\":[{\"@type\":\"ReadAction\",\"target\":[\"https:\/\/www.newslettercreator.com\/pt-pt\/biblioteca-de-imagens-avancada\/\"]}]},{\"@type\":\"ImageObject\",\"inLanguage\":\"pt-PT\",\"@id\":\"https:\/\/www.newslettercreator.com\/pt-pt\/biblioteca-de-imagens-avancada\/#primaryimage\",\"url\":\"http:\/\/www.newslettercreator.com\/wp-content\/uploads\/2014\/04\/library-adv.jpg\",\"contentUrl\":\"http:\/\/www.newslettercreator.com\/wp-content\/uploads\/2014\/04\/library-adv.jpg\"},{\"@type\":\"BreadcrumbList\",\"@id\":\"https:\/\/www.newslettercreator.com\/pt-pt\/biblioteca-de-imagens-avancada\/#breadcrumb\",\"itemListElement\":[{\"@type\":\"ListItem\",\"position\":1,\"name\":\"Home\",\"item\":\"https:\/\/www.newslettercreator.com\/pt-pt\/\"},{\"@type\":\"ListItem\",\"position\":2,\"name\":\"Biblioteca de imagens Avan\u00e7ada\"}]},{\"@type\":\"WebSite\",\"@id\":\"https:\/\/www.newslettercreator.com\/#website\",\"url\":\"https:\/\/www.newslettercreator.com\/\",\"name\":\"Newsletter Creator\",\"description\":\"Pay off\",\"potentialAction\":[{\"@type\":\"SearchAction\",\"target\":{\"@type\":\"EntryPoint\",\"urlTemplate\":\"https:\/\/www.newslettercreator.com\/?s={search_term_string}\"},\"query-input\":{\"@type\":\"PropertyValueSpecification\",\"valueRequired\":true,\"valueName\":\"search_term_string\"}}],\"inLanguage\":\"pt-PT\"}]}<\/script>\n<!-- \/ Yoast SEO plugin. -->","yoast_head_json":{"title":"Biblioteca de imagens Avan\u00e7ada - Newsletter Creator","robots":{"index":"index","follow":"follow","max-snippet":"max-snippet:-1","max-image-preview":"max-image-preview:large","max-video-preview":"max-video-preview:-1"},"canonical":"https:\/\/www.newslettercreator.com\/pt-pt\/biblioteca-de-imagens-avancada\/","og_locale":"pt_PT","og_type":"article","og_title":"Biblioteca de imagens Avan\u00e7ada - Newsletter Creator","og_description":"Confiar numa vasta escolha de imagens e fotos profissionais prontas a usar \u00e9 essencial para construir um boletim informativo eficaz. Esse \u00e9 o motivo pelo qual MailStyler vem com uma biblioteca de imagens Avan\u00e7ada. mais de 3,5 milh\u00f5es de imagens de alta qualidade; biblioteca MailStyler (2.000+ de imagens); biblioteca (1 milh\u00e3o de imagens); biblioteca (2.5 [&hellip;]","og_url":"https:\/\/www.newslettercreator.com\/pt-pt\/biblioteca-de-imagens-avancada\/","og_site_name":"Newsletter Creator","article_modified_time":"2022-03-03T14:25:31+00:00","og_image":[{"url":"http:\/\/www.newslettercreator.com\/wp-content\/uploads\/2014\/04\/library-adv.jpg","type":"","width":"","height":""}],"twitter_misc":{"Tempo estimado de leitura":"1 minuto"},"schema":{"@context":"https:\/\/schema.org","@graph":[{"@type":"WebPage","@id":"https:\/\/www.newslettercreator.com\/pt-pt\/biblioteca-de-imagens-avancada\/","url":"https:\/\/www.newslettercreator.com\/pt-pt\/biblioteca-de-imagens-avancada\/","name":"Biblioteca de imagens Avan\u00e7ada - Newsletter Creator","isPartOf":{"@id":"https:\/\/www.newslettercreator.com\/#website"},"primaryImageOfPage":{"@id":"https:\/\/www.newslettercreator.com\/pt-pt\/biblioteca-de-imagens-avancada\/#primaryimage"},"image":{"@id":"https:\/\/www.newslettercreator.com\/pt-pt\/biblioteca-de-imagens-avancada\/#primaryimage"},"thumbnailUrl":"http:\/\/www.newslettercreator.com\/wp-content\/uploads\/2014\/04\/library-adv.jpg","datePublished":"2014-08-27T08:39:11+00:00","dateModified":"2022-03-03T14:25:31+00:00","breadcrumb":{"@id":"https:\/\/www.newslettercreator.com\/pt-pt\/biblioteca-de-imagens-avancada\/#breadcrumb"},"inLanguage":"pt-PT","potentialAction":[{"@type":"ReadAction","target":["https:\/\/www.newslettercreator.com\/pt-pt\/biblioteca-de-imagens-avancada\/"]}]},{"@type":"ImageObject","inLanguage":"pt-PT","@id":"https:\/\/www.newslettercreator.com\/pt-pt\/biblioteca-de-imagens-avancada\/#primaryimage","url":"http:\/\/www.newslettercreator.com\/wp-content\/uploads\/2014\/04\/library-adv.jpg","contentUrl":"http:\/\/www.newslettercreator.com\/wp-content\/uploads\/2014\/04\/library-adv.jpg"},{"@type":"BreadcrumbList","@id":"https:\/\/www.newslettercreator.com\/pt-pt\/biblioteca-de-imagens-avancada\/#breadcrumb","itemListElement":[{"@type":"ListItem","position":1,"name":"Home","item":"https:\/\/www.newslettercreator.com\/pt-pt\/"},{"@type":"ListItem","position":2,"name":"Biblioteca de imagens Avan\u00e7ada"}]},{"@type":"WebSite","@id":"https:\/\/www.newslettercreator.com\/#website","url":"https:\/\/www.newslettercreator.com\/","name":"Newsletter Creator","description":"Pay off","potentialAction":[{"@type":"SearchAction","target":{"@type":"EntryPoint","urlTemplate":"https:\/\/www.newslettercreator.com\/?s={search_term_string}"},"query-input":{"@type":"PropertyValueSpecification","valueRequired":true,"valueName":"search_term_string"}}],"inLanguage":"pt-PT"}]}},"_links":{"self":[{"href":"https:\/\/www.newslettercreator.com\/pt-pt\/wp-json\/wp\/v2\/pages\/1095","targetHints":{"allow":["GET"]}}],"collection":[{"href":"https:\/\/www.newslettercreator.com\/pt-pt\/wp-json\/wp\/v2\/pages"}],"about":[{"href":"https:\/\/www.newslettercreator.com\/pt-pt\/wp-json\/wp\/v2\/types\/page"}],"author":[{"embeddable":true,"href":"https:\/\/www.newslettercreator.com\/pt-pt\/wp-json\/wp\/v2\/users\/1"}],"replies":[{"embeddable":true,"href":"https:\/\/www.newslettercreator.com\/pt-pt\/wp-json\/wp\/v2\/comments?post=1095"}],"version-history":[{"count":4,"href":"https:\/\/www.newslettercreator.com\/pt-pt\/wp-json\/wp\/v2\/pages\/1095\/revisions"}],"predecessor-version":[{"id":11739,"href":"https:\/\/www.newslettercreator.com\/pt-pt\/wp-json\/wp\/v2\/pages\/1095\/revisions\/11739"}],"wp:attachment":[{"href":"https:\/\/www.newslettercreator.com\/pt-pt\/wp-json\/wp\/v2\/media?parent=1095"}],"curies":[{"name":"wp","href":"https:\/\/api.w.org\/{rel}","templated":true}]}}