{"id":1397,"date":"2014-09-09T08:13:11","date_gmt":"2014-09-09T08:13:11","guid":{"rendered":"http:\/\/www.newslettercreator.com\/?page_id=1397"},"modified":"2021-09-08T14:51:16","modified_gmt":"2021-09-08T12:51:16","slug":"capturas-de-tela","status":"publish","type":"page","link":"https:\/\/www.newslettercreator.com\/pt-pt\/capturas-de-tela\/","title":{"rendered":"Capturas de tela"},"content":{"rendered":"<p>Encontre uma gama de screenshots pr\u00e1ticos para ajud\u00e1-lo melhor a entender as <strong>ferramentas do MailStyler<\/strong>. Lembre-se que voc\u00ea pode <strong>baixar gratuitamente a demo<\/strong> de nosso software e experimentar todos seus recursos e ferramentas.<\/p>\n<p><p style=\"text-align: center;\"><a class=\"button large orange no-margin-mobile\" style=\"margin-top: 20px; margin-right: 30px;\" title=\"Baixe e comece a criar agora\" href=\"http:\/\/www.newslettercreator.com\/utils\/download\/pre-download.php\" target=\"_self\" rel=\"noopener\">Baixe e comece a criar agora<\/a><a class=\"button large darkgray\" style=\"margin-top: 20px;\" title=\"Nova vers\u00e3o: descubra o que mudou\" href=\"http:\/\/www.newslettercreator.com\/pt-pt\/o-que-mudou-no-mailstyler-2\/\" target=\"_self\" rel=\"noopener\">Nova vers\u00e3o: descubra o que mudou<\/a><\/p>\n<p>&nbsp;<\/p>\n<p><a class=\"screenshot\" title=\"Mailstyler Newsletter Creator - Tela inicial\" href=\"http:\/\/www.newslettercreator.com\/screenshots\/ms\/pt\/home.png\" rel=\"prettyPhoto[sch]\"><img decoding=\"async\"  width=\"441\" height=\"293\" src=\"http:\/\/www.newslettercreator.com\/screenshots\/ms\/pt\/home_th.jpg\" alt=\"Mailstyler Newsletter Creator - Tela inicial\" \/><\/a><a class=\"screenshot\" title=\"Mailstyler Newsletter Creator - Paletas de cores\" href=\"http:\/\/www.newslettercreator.com\/screenshots\/ms\/pt\/palette.png\" rel=\"prettyPhoto[sch]\"><img decoding=\"async\"  width=\"441\" height=\"293\" src=\"http:\/\/www.newslettercreator.com\/screenshots\/ms\/pt\/palette_th.jpg\" alt=\"Mailstyler Newsletter Creator - Paletas de cores\" \/><\/a><a class=\"screenshot\" title=\"Mailstyler Newsletter Creator - Propriedades do bloco\" href=\"http:\/\/www.newslettercreator.com\/screenshots\/ms\/pt\/block.png\" rel=\"prettyPhoto[sch]\"><img decoding=\"async\"  width=\"441\" height=\"293\" src=\"http:\/\/www.newslettercreator.com\/screenshots\/ms\/pt\/block_th.jpg\" alt=\"Mailstyler Newsletter Creator - Propriedades do bloco\" \/><\/a><a class=\"screenshot\" title=\"Mailstyler Newsletter Creator - Propriedades da c\u00e9lula\" href=\"http:\/\/www.newslettercreator.com\/screenshots\/ms\/pt\/cell.png\" rel=\"prettyPhoto[sch]\"><img decoding=\"async\"  width=\"441\" height=\"293\" src=\"http:\/\/www.newslettercreator.com\/screenshots\/ms\/pt\/cell_th.jpg\" alt=\"Mailstyler Newsletter Creator - Propriedades da c\u00e9lula\" \/><\/a><a class=\"screenshot\" title=\"Mailstyler Newsletter Creator - Propriedades do bot\u00e3o\" href=\"http:\/\/www.newslettercreator.com\/screenshots\/ms\/pt\/button.png\" rel=\"prettyPhoto[sch]\"><img decoding=\"async\"  width=\"441\" height=\"293\" src=\"http:\/\/www.newslettercreator.com\/screenshots\/ms\/pt\/button_th.jpg\" alt=\"Mailstyler Newsletter Creator - Propriedades do bot\u00e3o\" \/><\/a><a class=\"screenshot\" title=\"Mailstyler Newsletter Creator - Gerenciamento de imagem\" href=\"http:\/\/www.newslettercreator.com\/screenshots\/ms\/pt\/image.png\" rel=\"prettyPhoto[sch]\"><img decoding=\"async\"  width=\"441\" height=\"293\" src=\"http:\/\/www.newslettercreator.com\/screenshots\/ms\/pt\/image_th.jpg\" alt=\"Mailstyler Newsletter Creator - Gerenciamento de imagem\" \/><\/a><a class=\"screenshot\" title=\"Mailstyler Newsletter Creator - Filtros e camadas de imagem\" href=\"http:\/\/www.newslettercreator.com\/screenshots\/ms\/pt\/image_layers.png\" rel=\"prettyPhoto[sch]\"><img decoding=\"async\"  width=\"441\" height=\"293\" src=\"http:\/\/www.newslettercreator.com\/screenshots\/ms\/pt\/image_layers_th.jpg\" alt=\"Mailstyler Newsletter Creator - Filtros e camadas de imagem\" \/><\/a><a class=\"screenshot\" title=\"Mailstyler Newsletter Creator - Biblioteca de imagens\" href=\"http:\/\/www.newslettercreator.com\/screenshots\/ms\/pt\/library.png\" rel=\"prettyPhoto[sch]\"><img decoding=\"async\"  width=\"441\" height=\"293\" src=\"http:\/\/www.newslettercreator.com\/screenshots\/ms\/pt\/library_th.jpg\" alt=\"Mailstyler Newsletter Creator - Images library\" \/><\/a><a class=\"screenshot\" title=\"Mailstyler Newsletter Creator - Smart Preview\" href=\"http:\/\/www.newslettercreator.com\/screenshots\/ms\/pt\/smart_preview.png\" rel=\"prettyPhoto[sch]\"><img decoding=\"async\"  width=\"441\" height=\"293\" src=\"http:\/\/www.newslettercreator.com\/screenshots\/ms\/pt\/smart_preview_th.jpg\" alt=\"Mailstyler Newsletter Creator - Smart Preview\" \/><\/a><a class=\"screenshot\" title=\"Mailstyler Newsletter Creator - Exportar\" href=\"http:\/\/www.newslettercreator.com\/screenshots\/ms\/pt\/export.png\" rel=\"prettyPhoto[sch]\"><img decoding=\"async\"  width=\"441\" height=\"293\" src=\"http:\/\/www.newslettercreator.com\/screenshots\/ms\/pt\/export_th.jpg\" alt=\"Mailstyler Newsletter Creator - Exportar\" \/><\/a><a class=\"screenshot\" title=\"Mailstyler Newsletter Creator - Exportar em PDF\" href=\"http:\/\/www.newslettercreator.com\/screenshots\/ms\/pt\/export_pdf.png\" rel=\"prettyPhoto[sch]\"><img decoding=\"async\"  width=\"441\" height=\"293\" src=\"http:\/\/www.newslettercreator.com\/screenshots\/ms\/pt\/export_pdf_th.jpg\" alt=\"Mailstyler Newsletter Creator - Exportar em PDF\" \/><\/a><a class=\"screenshot\" title=\"Mailstyler Newsletter Creator - Cloud\" href=\"http:\/\/www.newslettercreator.com\/screenshots\/ms\/pt\/cloud.png\" rel=\"prettyPhoto[sch]\"><img decoding=\"async\" src=\"http:\/\/www.newslettercreator.com\/screenshots\/ms\/pt\/cloud_th.jpg\" alt=\"Mailstyler Newsletter Creator - Cloud\" width=\"441\" height=\"293\" \/><\/a><a class=\"screenshot\" title=\"Mailstyler Newsletter Creator - Modelos\" href=\"http:\/\/www.newslettercreator.com\/screenshots\/ms\/pt\/modelli.png\" rel=\"prettyPhoto[sch]\"><img decoding=\"async\" src=\"http:\/\/www.newslettercreator.com\/screenshots\/ms\/pt\/modelli_th.jpg\" alt=\"Mailstyler Newsletter Creator - Modelos\" width=\"441\" height=\"293\" \/><\/a><a class=\"screenshot\" title=\"Mailstyler Newsletter Creator - Preheader\" href=\"http:\/\/www.newslettercreator.com\/screenshots\/ms\/pt\/preheader.png\" rel=\"prettyPhoto[sch]\"><img decoding=\"async\" src=\"http:\/\/www.newslettercreator.com\/screenshots\/ms\/pt\/preheader_th.jpg\" alt=\"Mailstyler Newsletter Creator - Preheader\" width=\"441\" height=\"293\" \/><\/a><a class=\"screenshot\" title=\"Mailstyler Newsletter Creator - Exportar no Gmail\" href=\"http:\/\/www.newslettercreator.com\/screenshots\/ms\/pt\/gmail.png\" rel=\"prettyPhoto[sch]\"><img decoding=\"async\" src=\"http:\/\/www.newslettercreator.com\/screenshots\/ms\/pt\/gmail_th.jpg\" alt=\"Mailstyler Newsletter Creator - Exportar no Gmail\" width=\"441\" height=\"293\" \/><\/a><a class=\"screenshot\" title=\"Mailstyler Newsletter Creator - Bloco de v\u00eddeo\" href=\"http:\/\/www.newslettercreator.com\/screenshots\/ms\/pt\/video.png\" rel=\"prettyPhoto[sch]\"><img decoding=\"async\" src=\"http:\/\/www.newslettercreator.com\/screenshots\/ms\/pt\/video_th.jpg\" alt=\"Mailstyler Newsletter Creator - Bloco de v\u00eddeo\" width=\"441\" height=\"293\" \/><\/a><a class=\"screenshot\" title=\"Mailstyler Newsletter Creator - Configura\u00e7\u00f5es\" href=\"http:\/\/www.newslettercreator.com\/screenshots\/ms\/pt\/settings.png\" rel=\"prettyPhoto[sch]\"><img decoding=\"async\" src=\"http:\/\/www.newslettercreator.com\/screenshots\/ms\/pt\/settings_th.jpg\" alt=\"Mailstyler Newsletter Creator - Configura\u00e7\u00f5es\" width=\"441\" height=\"293\" \/><\/a><a class=\"screenshot\" title=\"Mailstyler Newsletter Creator - \u00cdcones sociais\" href=\"http:\/\/www.newslettercreator.com\/screenshots\/ms\/pt\/social.png\" rel=\"prettyPhoto[sch]\"><img decoding=\"async\" src=\"http:\/\/www.newslettercreator.com\/screenshots\/ms\/pt\/social_th.jpg\" alt=\"Mailstyler Newsletter Creator - \u00cdcones sociais\" width=\"441\" height=\"293\" \/><\/a><\/p>\n","protected":false},"excerpt":{"rendered":"<p>Encontre uma gama de screenshots pr\u00e1ticos para ajud\u00e1-lo melhor a entender as ferramentas do MailStyler. Lembre-se que voc\u00ea pode baixar gratuitamente a demo de nosso software e experimentar todos seus recursos e ferramentas. Baixe e comece a criar agoraNova vers\u00e3o: descubra o que mudou &nbsp;<\/p>\n","protected":false},"author":1,"featured_media":0,"parent":0,"menu_order":0,"comment_status":"closed","ping_status":"closed","template":"g1_template_page_full.php","meta":{"inline_featured_image":false,"_monsterinsights_skip_tracking":false,"_monsterinsights_sitenote_active":false,"_monsterinsights_sitenote_note":"","_monsterinsights_sitenote_category":0,"footnotes":""},"class_list":["post-1397","page","type-page","status-publish"],"yoast_head":"<!-- This site is optimized with the Yoast SEO plugin v25.2 - https:\/\/yoast.com\/wordpress\/plugins\/seo\/ -->\n<title>Capturas de tela - Newsletter Creator<\/title>\n<meta name=\"robots\" content=\"index, follow, max-snippet:-1, max-image-preview:large, max-video-preview:-1\" \/>\n<link rel=\"canonical\" href=\"https:\/\/www.newslettercreator.com\/pt-pt\/capturas-de-tela\/\" \/>\n<meta property=\"og:locale\" content=\"pt_PT\" \/>\n<meta property=\"og:type\" content=\"article\" \/>\n<meta property=\"og:title\" content=\"Capturas de tela - Newsletter Creator\" \/>\n<meta property=\"og:description\" content=\"Encontre uma gama de screenshots pr\u00e1ticos para ajud\u00e1-lo melhor a entender as ferramentas do MailStyler. Lembre-se que voc\u00ea pode baixar gratuitamente a demo de nosso software e experimentar todos seus recursos e ferramentas. Baixe e comece a criar agoraNova vers\u00e3o: descubra o que mudou &nbsp;\" \/>\n<meta property=\"og:url\" content=\"https:\/\/www.newslettercreator.com\/pt-pt\/capturas-de-tela\/\" \/>\n<meta property=\"og:site_name\" content=\"Newsletter Creator\" \/>\n<meta property=\"article:modified_time\" content=\"2021-09-08T12:51:16+00:00\" \/>\n<meta property=\"og:image\" content=\"http:\/\/www.newslettercreator.com\/screenshots\/ms\/pt\/home_th.jpg\" \/>\n<script type=\"application\/ld+json\" class=\"yoast-schema-graph\">{\"@context\":\"https:\/\/schema.org\",\"@graph\":[{\"@type\":\"WebPage\",\"@id\":\"https:\/\/www.newslettercreator.com\/pt-pt\/capturas-de-tela\/\",\"url\":\"https:\/\/www.newslettercreator.com\/pt-pt\/capturas-de-tela\/\",\"name\":\"Capturas de tela - Newsletter Creator\",\"isPartOf\":{\"@id\":\"https:\/\/www.newslettercreator.com\/#website\"},\"primaryImageOfPage\":{\"@id\":\"https:\/\/www.newslettercreator.com\/pt-pt\/capturas-de-tela\/#primaryimage\"},\"image\":{\"@id\":\"https:\/\/www.newslettercreator.com\/pt-pt\/capturas-de-tela\/#primaryimage\"},\"thumbnailUrl\":\"http:\/\/www.newslettercreator.com\/screenshots\/ms\/pt\/home_th.jpg\",\"datePublished\":\"2014-09-09T08:13:11+00:00\",\"dateModified\":\"2021-09-08T12:51:16+00:00\",\"breadcrumb\":{\"@id\":\"https:\/\/www.newslettercreator.com\/pt-pt\/capturas-de-tela\/#breadcrumb\"},\"inLanguage\":\"pt-PT\",\"potentialAction\":[{\"@type\":\"ReadAction\",\"target\":[\"https:\/\/www.newslettercreator.com\/pt-pt\/capturas-de-tela\/\"]}]},{\"@type\":\"ImageObject\",\"inLanguage\":\"pt-PT\",\"@id\":\"https:\/\/www.newslettercreator.com\/pt-pt\/capturas-de-tela\/#primaryimage\",\"url\":\"http:\/\/www.newslettercreator.com\/screenshots\/ms\/pt\/home_th.jpg\",\"contentUrl\":\"http:\/\/www.newslettercreator.com\/screenshots\/ms\/pt\/home_th.jpg\"},{\"@type\":\"BreadcrumbList\",\"@id\":\"https:\/\/www.newslettercreator.com\/pt-pt\/capturas-de-tela\/#breadcrumb\",\"itemListElement\":[{\"@type\":\"ListItem\",\"position\":1,\"name\":\"Home\",\"item\":\"https:\/\/www.newslettercreator.com\/pt-pt\/\"},{\"@type\":\"ListItem\",\"position\":2,\"name\":\"Capturas de tela\"}]},{\"@type\":\"WebSite\",\"@id\":\"https:\/\/www.newslettercreator.com\/#website\",\"url\":\"https:\/\/www.newslettercreator.com\/\",\"name\":\"Newsletter Creator\",\"description\":\"Pay off\",\"potentialAction\":[{\"@type\":\"SearchAction\",\"target\":{\"@type\":\"EntryPoint\",\"urlTemplate\":\"https:\/\/www.newslettercreator.com\/?s={search_term_string}\"},\"query-input\":{\"@type\":\"PropertyValueSpecification\",\"valueRequired\":true,\"valueName\":\"search_term_string\"}}],\"inLanguage\":\"pt-PT\"}]}<\/script>\n<!-- \/ Yoast SEO plugin. -->","yoast_head_json":{"title":"Capturas de tela - Newsletter Creator","robots":{"index":"index","follow":"follow","max-snippet":"max-snippet:-1","max-image-preview":"max-image-preview:large","max-video-preview":"max-video-preview:-1"},"canonical":"https:\/\/www.newslettercreator.com\/pt-pt\/capturas-de-tela\/","og_locale":"pt_PT","og_type":"article","og_title":"Capturas de tela - Newsletter Creator","og_description":"Encontre uma gama de screenshots pr\u00e1ticos para ajud\u00e1-lo melhor a entender as ferramentas do MailStyler. Lembre-se que voc\u00ea pode baixar gratuitamente a demo de nosso software e experimentar todos seus recursos e ferramentas. Baixe e comece a criar agoraNova vers\u00e3o: descubra o que mudou &nbsp;","og_url":"https:\/\/www.newslettercreator.com\/pt-pt\/capturas-de-tela\/","og_site_name":"Newsletter Creator","article_modified_time":"2021-09-08T12:51:16+00:00","og_image":[{"url":"http:\/\/www.newslettercreator.com\/screenshots\/ms\/pt\/home_th.jpg","type":"","width":"","height":""}],"schema":{"@context":"https:\/\/schema.org","@graph":[{"@type":"WebPage","@id":"https:\/\/www.newslettercreator.com\/pt-pt\/capturas-de-tela\/","url":"https:\/\/www.newslettercreator.com\/pt-pt\/capturas-de-tela\/","name":"Capturas de tela - Newsletter Creator","isPartOf":{"@id":"https:\/\/www.newslettercreator.com\/#website"},"primaryImageOfPage":{"@id":"https:\/\/www.newslettercreator.com\/pt-pt\/capturas-de-tela\/#primaryimage"},"image":{"@id":"https:\/\/www.newslettercreator.com\/pt-pt\/capturas-de-tela\/#primaryimage"},"thumbnailUrl":"http:\/\/www.newslettercreator.com\/screenshots\/ms\/pt\/home_th.jpg","datePublished":"2014-09-09T08:13:11+00:00","dateModified":"2021-09-08T12:51:16+00:00","breadcrumb":{"@id":"https:\/\/www.newslettercreator.com\/pt-pt\/capturas-de-tela\/#breadcrumb"},"inLanguage":"pt-PT","potentialAction":[{"@type":"ReadAction","target":["https:\/\/www.newslettercreator.com\/pt-pt\/capturas-de-tela\/"]}]},{"@type":"ImageObject","inLanguage":"pt-PT","@id":"https:\/\/www.newslettercreator.com\/pt-pt\/capturas-de-tela\/#primaryimage","url":"http:\/\/www.newslettercreator.com\/screenshots\/ms\/pt\/home_th.jpg","contentUrl":"http:\/\/www.newslettercreator.com\/screenshots\/ms\/pt\/home_th.jpg"},{"@type":"BreadcrumbList","@id":"https:\/\/www.newslettercreator.com\/pt-pt\/capturas-de-tela\/#breadcrumb","itemListElement":[{"@type":"ListItem","position":1,"name":"Home","item":"https:\/\/www.newslettercreator.com\/pt-pt\/"},{"@type":"ListItem","position":2,"name":"Capturas de tela"}]},{"@type":"WebSite","@id":"https:\/\/www.newslettercreator.com\/#website","url":"https:\/\/www.newslettercreator.com\/","name":"Newsletter Creator","description":"Pay off","potentialAction":[{"@type":"SearchAction","target":{"@type":"EntryPoint","urlTemplate":"https:\/\/www.newslettercreator.com\/?s={search_term_string}"},"query-input":{"@type":"PropertyValueSpecification","valueRequired":true,"valueName":"search_term_string"}}],"inLanguage":"pt-PT"}]}},"_links":{"self":[{"href":"https:\/\/www.newslettercreator.com\/pt-pt\/wp-json\/wp\/v2\/pages\/1397","targetHints":{"allow":["GET"]}}],"collection":[{"href":"https:\/\/www.newslettercreator.com\/pt-pt\/wp-json\/wp\/v2\/pages"}],"about":[{"href":"https:\/\/www.newslettercreator.com\/pt-pt\/wp-json\/wp\/v2\/types\/page"}],"author":[{"embeddable":true,"href":"https:\/\/www.newslettercreator.com\/pt-pt\/wp-json\/wp\/v2\/users\/1"}],"replies":[{"embeddable":true,"href":"https:\/\/www.newslettercreator.com\/pt-pt\/wp-json\/wp\/v2\/comments?post=1397"}],"version-history":[{"count":8,"href":"https:\/\/www.newslettercreator.com\/pt-pt\/wp-json\/wp\/v2\/pages\/1397\/revisions"}],"predecessor-version":[{"id":11394,"href":"https:\/\/www.newslettercreator.com\/pt-pt\/wp-json\/wp\/v2\/pages\/1397\/revisions\/11394"}],"wp:attachment":[{"href":"https:\/\/www.newslettercreator.com\/pt-pt\/wp-json\/wp\/v2\/media?parent=1397"}],"curies":[{"name":"wp","href":"https:\/\/api.w.org\/{rel}","templated":true}]}}