{"id":1995,"date":"2014-10-30T08:17:20","date_gmt":"2014-10-30T08:17:20","guid":{"rendered":"http:\/\/www.newslettercreator.com\/?page_id=1995"},"modified":"2014-10-30T08:17:20","modified_gmt":"2014-10-30T08:17:20","slug":"mapa-site","status":"publish","type":"page","link":"https:\/\/www.newslettercreator.com\/pt-pt\/mapa-site\/","title":{"rendered":"Mapa do site"},"content":{"rendered":"<p>Aqui voc\u00ea pode achar o mapa do site:<\/p>\n<ul><li><a href=\"https:\/\/www.newslettercreator.com\/pt-pt\/funcionalidades\/\">Funcionalidades<\/a><\/li>\n<li><a href=\"https:\/\/www.newslettercreator.com\/pt-pt\/porque-escolher-mailstyler\/\">Porque escolher MailStyler<\/a><\/li>\n<li><a href=\"https:\/\/www.newslettercreator.com\/pt-pt\/experimente-de-forma-gratuita\/\">Experimente de forma gratuita<\/a><\/li>\n<li><a href=\"https:\/\/www.newslettercreator.com\/pt-pt\/preco\/\">Pre\u00e7o<\/a><\/li>\n<li><a href=\"https:\/\/www.newslettercreator.com\/pt-pt\/\">Criador de Boletins Informativos MailStyler<\/a><\/li>\n<li><a href=\"https:\/\/www.newslettercreator.com\/pt-pt\/biblioteca-de-imagens-basica\/\">Biblioteca de imagens B\u00e1sica<\/a><\/li>\n<li><a href=\"https:\/\/www.newslettercreator.com\/pt-pt\/biblioteca-de-imagens-avancada\/\">Biblioteca de imagens Avan\u00e7ada<\/a><\/li>\n<li><a href=\"https:\/\/www.newslettercreator.com\/pt-pt\/politica-de-privacidade\/\">Pol\u00edtica de privacidade<\/a><\/li>\n<li><a href=\"https:\/\/www.newslettercreator.com\/pt-pt\/capturas-de-tela\/\">Capturas de tela<\/a><\/li>\n<li><a href=\"https:\/\/www.newslettercreator.com\/pt-pt\/nossa-empresa\/\">Nossa empresa<\/a><\/li>\n<li><a href=\"https:\/\/www.newslettercreator.com\/pt-pt\/mapa-site\/\">Mapa do site<\/a><\/li>\n<li><a href=\"https:\/\/www.newslettercreator.com\/pt-pt\/clientes-felizes\/\">Clientes<\/a><\/li>\n<li><a href=\"https:\/\/www.newslettercreator.com\/pt-pt\/videos-pt\/\">V\u00eddeos<\/a><\/li>\n<li><a href=\"https:\/\/www.newslettercreator.com\/pt-pt\/mailstyler-a-nova-integracao-com-o-seu-sistema-de-envio\/\">MailStyler &#8211; Novas integra\u00e7\u00f5es com a sua ferramenta de correio<\/a><\/li>\n<li><a href=\"https:\/\/www.newslettercreator.com\/pt-pt\/editor-css-incoporado-para-email\/\">E-mail com CSS Incorporado: Newsletters \u00f3timas para todos os clientes de e-mail<\/a><\/li>\n<li><a href=\"https:\/\/www.newslettercreator.com\/pt-pt\/o-que-mudou-no-mailstyler-2\/\">O que mudou no MailStyler<\/a><\/li>\n<li><a href=\"https:\/\/www.newslettercreator.com\/pt-pt\/upgrade\/\">Atualizar MailStyler de b\u00e1sico para Pro<\/a><\/li>\n<li><a href=\"https:\/\/www.newslettercreator.com\/pt-pt\/upgrade-mailstyler-2\/\">Deseja aproveitar ao m\u00e1ximo o seu marketing de e-mail? Mudar para MailStyler<\/a><\/li>\n<li><a href=\"https:\/\/www.newslettercreator.com\/pt-pt\/atualizacao-gratuita-mailstyler-2\/\">Atualiza\u00e7\u00e3o gratuita para o MailStyler<\/a>\n<ul class='children'>\n\t<li><a href=\"https:\/\/www.newslettercreator.com\/pt-pt\/atualizacao-gratuita-mailstyler-2\/atualizacao-gratuita-resposta\/\">Atualiza\u00e7\u00e3o gratuita para o MailStyler 2<\/a><\/li>\n<\/ul>\n<\/li>\n<li><a href=\"https:\/\/www.newslettercreator.com\/pt-pt\/renovacao-de-assinatura\/\">MailStyler Renova\u00e7\u00e3o de Assinatura<\/a><\/li>\n<li><a href=\"https:\/\/www.newslettercreator.com\/pt-pt\/gdpr-conceitos-basico\/\">GDPR: Conceitos B\u00e1sico<\/a><\/li>\n<li><a href=\"https:\/\/www.newslettercreator.com\/pt-pt\/regulamento-ue-2016-679-gdpr\/\">Regulamento (UE) 2016\/679 &#8211; GDPR<\/a><\/li>\n<li><a href=\"https:\/\/www.newslettercreator.com\/pt-pt\/politica-de-privacidade-regulamento-da-ue-2016-79-rgpd\/\">RGPD &#8211; Introdu\u00e7\u00e3o &#8211; Objetivos<\/a>\n<ul class='children'>\n\t<li><a href=\"https:\/\/www.newslettercreator.com\/pt-pt\/politica-de-privacidade-regulamento-da-ue-2016-79-rgpd\/informacao-basica\/\">Informa\u00e7\u00e3o b\u00e1sica<\/a><\/li>\n\t<li><a href=\"https:\/\/www.newslettercreator.com\/pt-pt\/politica-de-privacidade-regulamento-da-ue-2016-79-rgpd\/de-que-modo-a-delivery-tech-recolhe-dados\/\">De que modo a Delivery Tech recolhe dados<\/a><\/li>\n\t<li><a href=\"https:\/\/www.newslettercreator.com\/pt-pt\/politica-de-privacidade-regulamento-da-ue-2016-79-rgpd\/de-que-modo-a-delivery-tech-usa-as-suas-informacoes\/\">De que modo a Delivery Tech usa as suas informa\u00e7\u00f5es<\/a><\/li>\n\t<li><a href=\"https:\/\/www.newslettercreator.com\/pt-pt\/politica-de-privacidade-regulamento-da-ue-2016-79-rgpd\/aceder-exportar-modificar-e-remover-informacao\/\">Aceder, exportar, modificar e remover informa\u00e7\u00e3o<\/a><\/li>\n\t<li><a href=\"https:\/\/www.newslettercreator.com\/pt-pt\/politica-de-privacidade-regulamento-da-ue-2016-79-rgpd\/seguranca\/\">Seguran\u00e7a<\/a><\/li>\n<\/ul>\n<\/li>\n<li><a href=\"https:\/\/www.newslettercreator.com\/pt-pt\/descarregue-a-sua-versao-do-mailstyler\/\">Descarregue a sua vers\u00e3o do MailStyler<\/a><\/li>\n<\/ul>\n","protected":false},"excerpt":{"rendered":"<p>Aqui voc\u00ea pode achar o mapa do site:<\/p>\n","protected":false},"author":1,"featured_media":0,"parent":0,"menu_order":0,"comment_status":"closed","ping_status":"closed","template":"g1_template_page_sidebar_right.php","meta":{"inline_featured_image":false,"_monsterinsights_skip_tracking":false,"_monsterinsights_sitenote_active":false,"_monsterinsights_sitenote_note":"","_monsterinsights_sitenote_category":0,"footnotes":""},"class_list":["post-1995","page","type-page","status-publish"],"yoast_head":"<!-- This site is optimized with the Yoast SEO plugin v25.2 - https:\/\/yoast.com\/wordpress\/plugins\/seo\/ -->\n<title>Mapa do site - Newsletter Creator<\/title>\n<meta name=\"robots\" content=\"index, follow, max-snippet:-1, max-image-preview:large, max-video-preview:-1\" \/>\n<link rel=\"canonical\" href=\"https:\/\/www.newslettercreator.com\/pt-pt\/mapa-site\/\" \/>\n<meta property=\"og:locale\" content=\"pt_PT\" \/>\n<meta property=\"og:type\" content=\"article\" \/>\n<meta property=\"og:title\" content=\"Mapa do site - Newsletter Creator\" \/>\n<meta property=\"og:description\" content=\"Aqui voc\u00ea pode achar o mapa do site:\" \/>\n<meta property=\"og:url\" content=\"https:\/\/www.newslettercreator.com\/pt-pt\/mapa-site\/\" \/>\n<meta property=\"og:site_name\" content=\"Newsletter Creator\" \/>\n<script type=\"application\/ld+json\" class=\"yoast-schema-graph\">{\"@context\":\"https:\/\/schema.org\",\"@graph\":[{\"@type\":\"WebPage\",\"@id\":\"https:\/\/www.newslettercreator.com\/pt-pt\/mapa-site\/\",\"url\":\"https:\/\/www.newslettercreator.com\/pt-pt\/mapa-site\/\",\"name\":\"Mapa do site - Newsletter Creator\",\"isPartOf\":{\"@id\":\"https:\/\/www.newslettercreator.com\/#website\"},\"datePublished\":\"2014-10-30T08:17:20+00:00\",\"breadcrumb\":{\"@id\":\"https:\/\/www.newslettercreator.com\/pt-pt\/mapa-site\/#breadcrumb\"},\"inLanguage\":\"pt-PT\",\"potentialAction\":[{\"@type\":\"ReadAction\",\"target\":[\"https:\/\/www.newslettercreator.com\/pt-pt\/mapa-site\/\"]}]},{\"@type\":\"BreadcrumbList\",\"@id\":\"https:\/\/www.newslettercreator.com\/pt-pt\/mapa-site\/#breadcrumb\",\"itemListElement\":[{\"@type\":\"ListItem\",\"position\":1,\"name\":\"Home\",\"item\":\"https:\/\/www.newslettercreator.com\/pt-pt\/\"},{\"@type\":\"ListItem\",\"position\":2,\"name\":\"Mapa do site\"}]},{\"@type\":\"WebSite\",\"@id\":\"https:\/\/www.newslettercreator.com\/#website\",\"url\":\"https:\/\/www.newslettercreator.com\/\",\"name\":\"Newsletter Creator\",\"description\":\"Pay off\",\"potentialAction\":[{\"@type\":\"SearchAction\",\"target\":{\"@type\":\"EntryPoint\",\"urlTemplate\":\"https:\/\/www.newslettercreator.com\/?s={search_term_string}\"},\"query-input\":{\"@type\":\"PropertyValueSpecification\",\"valueRequired\":true,\"valueName\":\"search_term_string\"}}],\"inLanguage\":\"pt-PT\"}]}<\/script>\n<!-- \/ Yoast SEO plugin. -->","yoast_head_json":{"title":"Mapa do site - Newsletter Creator","robots":{"index":"index","follow":"follow","max-snippet":"max-snippet:-1","max-image-preview":"max-image-preview:large","max-video-preview":"max-video-preview:-1"},"canonical":"https:\/\/www.newslettercreator.com\/pt-pt\/mapa-site\/","og_locale":"pt_PT","og_type":"article","og_title":"Mapa do site - Newsletter Creator","og_description":"Aqui voc\u00ea pode achar o mapa do site:","og_url":"https:\/\/www.newslettercreator.com\/pt-pt\/mapa-site\/","og_site_name":"Newsletter Creator","schema":{"@context":"https:\/\/schema.org","@graph":[{"@type":"WebPage","@id":"https:\/\/www.newslettercreator.com\/pt-pt\/mapa-site\/","url":"https:\/\/www.newslettercreator.com\/pt-pt\/mapa-site\/","name":"Mapa do site - Newsletter Creator","isPartOf":{"@id":"https:\/\/www.newslettercreator.com\/#website"},"datePublished":"2014-10-30T08:17:20+00:00","breadcrumb":{"@id":"https:\/\/www.newslettercreator.com\/pt-pt\/mapa-site\/#breadcrumb"},"inLanguage":"pt-PT","potentialAction":[{"@type":"ReadAction","target":["https:\/\/www.newslettercreator.com\/pt-pt\/mapa-site\/"]}]},{"@type":"BreadcrumbList","@id":"https:\/\/www.newslettercreator.com\/pt-pt\/mapa-site\/#breadcrumb","itemListElement":[{"@type":"ListItem","position":1,"name":"Home","item":"https:\/\/www.newslettercreator.com\/pt-pt\/"},{"@type":"ListItem","position":2,"name":"Mapa do site"}]},{"@type":"WebSite","@id":"https:\/\/www.newslettercreator.com\/#website","url":"https:\/\/www.newslettercreator.com\/","name":"Newsletter Creator","description":"Pay off","potentialAction":[{"@type":"SearchAction","target":{"@type":"EntryPoint","urlTemplate":"https:\/\/www.newslettercreator.com\/?s={search_term_string}"},"query-input":{"@type":"PropertyValueSpecification","valueRequired":true,"valueName":"search_term_string"}}],"inLanguage":"pt-PT"}]}},"_links":{"self":[{"href":"https:\/\/www.newslettercreator.com\/pt-pt\/wp-json\/wp\/v2\/pages\/1995","targetHints":{"allow":["GET"]}}],"collection":[{"href":"https:\/\/www.newslettercreator.com\/pt-pt\/wp-json\/wp\/v2\/pages"}],"about":[{"href":"https:\/\/www.newslettercreator.com\/pt-pt\/wp-json\/wp\/v2\/types\/page"}],"author":[{"embeddable":true,"href":"https:\/\/www.newslettercreator.com\/pt-pt\/wp-json\/wp\/v2\/users\/1"}],"replies":[{"embeddable":true,"href":"https:\/\/www.newslettercreator.com\/pt-pt\/wp-json\/wp\/v2\/comments?post=1995"}],"version-history":[{"count":1,"href":"https:\/\/www.newslettercreator.com\/pt-pt\/wp-json\/wp\/v2\/pages\/1995\/revisions"}],"predecessor-version":[{"id":1996,"href":"https:\/\/www.newslettercreator.com\/pt-pt\/wp-json\/wp\/v2\/pages\/1995\/revisions\/1996"}],"wp:attachment":[{"href":"https:\/\/www.newslettercreator.com\/pt-pt\/wp-json\/wp\/v2\/media?parent=1995"}],"curies":[{"name":"wp","href":"https:\/\/api.w.org\/{rel}","templated":true}]}}