{"id":4227,"date":"2015-12-23T15:57:11","date_gmt":"2015-12-23T15:57:11","guid":{"rendered":"http:\/\/www.newslettercreator.com\/pt-pt\/?page_id=4227"},"modified":"2015-12-23T16:03:31","modified_gmt":"2015-12-23T16:03:31","slug":"editor-css-incoporado-para-email","status":"publish","type":"page","link":"https:\/\/www.newslettercreator.com\/pt-pt\/editor-css-incoporado-para-email\/","title":{"rendered":"E-mail com CSS Incorporado: Newsletters \u00f3timas para todos os clientes de e-mail"},"content":{"rendered":"<p>Often it happens that some Email Clients delete the &lt;head&gt; and &lt;style&gt; tags from the HTML\/CSS of your newsletters. You don\u2019t need to be an expert webmaster to understand that this messes up the rendering of your newsletter, wiping out all your work.<\/p>\n<p>Alguns clientes de e-mail costumam apagar as etiquetas &lt;head&gt; e &lt;style&gt; do campo HTML\/CSS das suas newsletters. N\u00e3o \u00e9 necess\u00e1rio ser um perito inform\u00e1tico para compreender que isto prejudica a apar\u00eancia da newsletter, apagando todo o seu trabalho.<\/p>\n<p>E acredite que \u00e9 algo que ocorre com frequ\u00eancia: O Gmail, um dos servi\u00e7os de e-mail mais populares no mundo, apaga o c\u00f3digo CSS na etiqueta &lt;style&gt;.<\/p>\n<p>Para corrigir este problema, tem 3 solu\u00e7\u00f5es poss\u00edveis:<\/p>\n<ol>\n<li>Pode escrever voc\u00ea mesmo o <strong>c\u00f3digo HTML\/CSS incorporado no e-mail<\/strong> ao colocar os elementos da forma mais adequada e que respeite todas as regras diferentes para cada servi\u00e7o de e-mail.<br \/>&nbsp;<\/li>\n<li>Pode tentar utilizar um software externo que fa\u00e7a o &#8220;trabalho sujo&#8221; por si: isto significa que ter\u00e1 de exportar o c\u00f3digo HTML da sua newsletter para um servi\u00e7o externo, esperar que seja corretamente traduzido para a forma de <strong>CSS incorporado em e-mail<\/strong> e depois trazer este c\u00f3digo de volta para a sua \u00e1rea de trabalho. Ainda assim, n\u00e3o conseguir\u00e1 ter a certeza de que ir\u00e1 ser visualizado corretamente. Dever\u00e1 ainda testar a sua newsletter com servi\u00e7os como o <a title=\"Litmus\" href=\"http:\/\/www.newslettercreator.com\/litmus-email-testing\/\">Litmus<\/a> ou o <a title=\"EmailOnAcid\" href=\"http:\/\/www.newslettercreator.com\/email-on-acid\/\">EmailOnAcid<\/a> para ter a certeza que o c\u00f3digo est\u00e1 devidamente otimizado.<br \/>&nbsp;<\/li>\n<li><strong>Pode utilizar o MS e esquecer tudo o resto<\/strong>.<\/li>\n<\/ol>\n<p><img decoding=\"async\" class=\"alignnone size-full wp-image-237\" src=\"http:\/\/www.newslettercreator.com\/wp-content\/uploads\/2015\/09\/inline-css-for-email-editor.jpg\" alt=\"E-mail com CSS Incorporado: Newsletters \u00f3timas para todos os clientes de e-mail\" width=\"649\" height=\"423\" \/><\/p>\n<p>\u00c9 isso mesmo! O MailStyler foi criado para <strong>responder a todas as necessidades do marketing por e-mail<\/strong>. Temos um profundo conhecimento de todos os problemas que podem ocorrer em cada e-mail e os erros que podem surgir quando ele \u00e9 enviado. Estud\u00e1mos a forma de tornar esta tarefa o mais simples poss\u00edvel.<\/p>\n<p>O MailStyler \u00e9 a <strong>\u00fanica ferramenta de edi\u00e7\u00e3o de newsletters com uma funcionalidade incorporada de CSS para e-mail<\/strong>. Cada mensagem eletr\u00f3nica \u00e9 automaticamente escrita com o c\u00f3digo incorporado, para que nem repare nele. As suas newsletters ir\u00e3o ter sempre a apar\u00eancia correta j\u00e1 que o CSS \u00e9 criado de forma organizada e otimizada. \u00c9 garantido!<\/p>\n<p>Mais uma vez, n\u00e3o precisa de ser um perito em inform\u00e1tica para compreender os benef\u00edcios em termos de poupan\u00e7a de tempo e de recursos.<\/p>\n<p>Experimente o MailStyler e veja a sua efici\u00eancia! Fa\u00e7a <a title=\"Download vers\u00e3o gr\u00e1tis\" href=\"http:\/\/www.newslettercreator.com\/utils\/download\/pre-download.php\"><strong>download da vers\u00e3o gr\u00e1tis<\/a><\/strong> e crie a sua primeira newsletter em apenas 2 minutos.<\/p>\n<p>Aproveite!<\/p>\n","protected":false},"excerpt":{"rendered":"<p>Often it happens that some Email Clients delete the &lt;head&gt; and &lt;style&gt; tags from the HTML\/CSS of your newsletters. You don\u2019t need to be an expert webmaster to understand that this messes up the rendering of your newsletter, wiping out all your work. Alguns clientes de e-mail costumam apagar as etiquetas &lt;head&gt; e &lt;style&gt; do [&hellip;]<\/p>\n","protected":false},"author":1,"featured_media":0,"parent":0,"menu_order":0,"comment_status":"closed","ping_status":"closed","template":"g1_template_page_sidebar_right.php","meta":{"inline_featured_image":false,"_monsterinsights_skip_tracking":false,"_monsterinsights_sitenote_active":false,"_monsterinsights_sitenote_note":"","_monsterinsights_sitenote_category":0,"footnotes":""},"class_list":["post-4227","page","type-page","status-publish"],"yoast_head":"<!-- This site is optimized with the Yoast SEO plugin v25.2 - https:\/\/yoast.com\/wordpress\/plugins\/seo\/ -->\n<title>E-mail com CSS Incorporado: Newsletters \u00f3timas para todos os clientes de e-mail - Newsletter Creator<\/title>\n<meta name=\"robots\" content=\"index, follow, max-snippet:-1, max-image-preview:large, max-video-preview:-1\" \/>\n<link rel=\"canonical\" href=\"https:\/\/www.newslettercreator.com\/pt-pt\/editor-css-incoporado-para-email\/\" \/>\n<meta property=\"og:locale\" content=\"pt_PT\" \/>\n<meta property=\"og:type\" content=\"article\" \/>\n<meta property=\"og:title\" content=\"E-mail com CSS Incorporado: Newsletters \u00f3timas para todos os clientes de e-mail - Newsletter Creator\" \/>\n<meta property=\"og:description\" content=\"Often it happens that some Email Clients delete the &lt;head&gt; and &lt;style&gt; tags from the HTML\/CSS of your newsletters. You don\u2019t need to be an expert webmaster to understand that this messes up the rendering of your newsletter, wiping out all your work. Alguns clientes de e-mail costumam apagar as etiquetas &lt;head&gt; e &lt;style&gt; do [&hellip;]\" \/>\n<meta property=\"og:url\" content=\"https:\/\/www.newslettercreator.com\/pt-pt\/editor-css-incoporado-para-email\/\" \/>\n<meta property=\"og:site_name\" content=\"Newsletter Creator\" \/>\n<meta property=\"article:modified_time\" content=\"2015-12-23T16:03:31+00:00\" \/>\n<meta property=\"og:image\" content=\"http:\/\/www.newslettercreator.com\/wp-content\/uploads\/2015\/09\/inline-css-for-email-editor.jpg\" \/>\n<meta name=\"twitter:label1\" content=\"Tempo estimado de leitura\" \/>\n\t<meta name=\"twitter:data1\" content=\"2 minutos\" \/>\n<script type=\"application\/ld+json\" class=\"yoast-schema-graph\">{\"@context\":\"https:\/\/schema.org\",\"@graph\":[{\"@type\":\"WebPage\",\"@id\":\"https:\/\/www.newslettercreator.com\/pt-pt\/editor-css-incoporado-para-email\/\",\"url\":\"https:\/\/www.newslettercreator.com\/pt-pt\/editor-css-incoporado-para-email\/\",\"name\":\"E-mail com CSS Incorporado: Newsletters \u00f3timas para todos os clientes de e-mail - Newsletter Creator\",\"isPartOf\":{\"@id\":\"https:\/\/www.newslettercreator.com\/#website\"},\"primaryImageOfPage\":{\"@id\":\"https:\/\/www.newslettercreator.com\/pt-pt\/editor-css-incoporado-para-email\/#primaryimage\"},\"image\":{\"@id\":\"https:\/\/www.newslettercreator.com\/pt-pt\/editor-css-incoporado-para-email\/#primaryimage\"},\"thumbnailUrl\":\"http:\/\/www.newslettercreator.com\/wp-content\/uploads\/2015\/09\/inline-css-for-email-editor.jpg\",\"datePublished\":\"2015-12-23T15:57:11+00:00\",\"dateModified\":\"2015-12-23T16:03:31+00:00\",\"breadcrumb\":{\"@id\":\"https:\/\/www.newslettercreator.com\/pt-pt\/editor-css-incoporado-para-email\/#breadcrumb\"},\"inLanguage\":\"pt-PT\",\"potentialAction\":[{\"@type\":\"ReadAction\",\"target\":[\"https:\/\/www.newslettercreator.com\/pt-pt\/editor-css-incoporado-para-email\/\"]}]},{\"@type\":\"ImageObject\",\"inLanguage\":\"pt-PT\",\"@id\":\"https:\/\/www.newslettercreator.com\/pt-pt\/editor-css-incoporado-para-email\/#primaryimage\",\"url\":\"http:\/\/www.newslettercreator.com\/wp-content\/uploads\/2015\/09\/inline-css-for-email-editor.jpg\",\"contentUrl\":\"http:\/\/www.newslettercreator.com\/wp-content\/uploads\/2015\/09\/inline-css-for-email-editor.jpg\"},{\"@type\":\"BreadcrumbList\",\"@id\":\"https:\/\/www.newslettercreator.com\/pt-pt\/editor-css-incoporado-para-email\/#breadcrumb\",\"itemListElement\":[{\"@type\":\"ListItem\",\"position\":1,\"name\":\"Home\",\"item\":\"https:\/\/www.newslettercreator.com\/pt-pt\/\"},{\"@type\":\"ListItem\",\"position\":2,\"name\":\"E-mail com CSS Incorporado: Newsletters \u00f3timas para todos os clientes de e-mail\"}]},{\"@type\":\"WebSite\",\"@id\":\"https:\/\/www.newslettercreator.com\/#website\",\"url\":\"https:\/\/www.newslettercreator.com\/\",\"name\":\"Newsletter Creator\",\"description\":\"Pay off\",\"potentialAction\":[{\"@type\":\"SearchAction\",\"target\":{\"@type\":\"EntryPoint\",\"urlTemplate\":\"https:\/\/www.newslettercreator.com\/?s={search_term_string}\"},\"query-input\":{\"@type\":\"PropertyValueSpecification\",\"valueRequired\":true,\"valueName\":\"search_term_string\"}}],\"inLanguage\":\"pt-PT\"}]}<\/script>\n<!-- \/ Yoast SEO plugin. -->","yoast_head_json":{"title":"E-mail com CSS Incorporado: Newsletters \u00f3timas para todos os clientes de e-mail - Newsletter Creator","robots":{"index":"index","follow":"follow","max-snippet":"max-snippet:-1","max-image-preview":"max-image-preview:large","max-video-preview":"max-video-preview:-1"},"canonical":"https:\/\/www.newslettercreator.com\/pt-pt\/editor-css-incoporado-para-email\/","og_locale":"pt_PT","og_type":"article","og_title":"E-mail com CSS Incorporado: Newsletters \u00f3timas para todos os clientes de e-mail - Newsletter Creator","og_description":"Often it happens that some Email Clients delete the &lt;head&gt; and &lt;style&gt; tags from the HTML\/CSS of your newsletters. You don\u2019t need to be an expert webmaster to understand that this messes up the rendering of your newsletter, wiping out all your work. Alguns clientes de e-mail costumam apagar as etiquetas &lt;head&gt; e &lt;style&gt; do [&hellip;]","og_url":"https:\/\/www.newslettercreator.com\/pt-pt\/editor-css-incoporado-para-email\/","og_site_name":"Newsletter Creator","article_modified_time":"2015-12-23T16:03:31+00:00","og_image":[{"url":"http:\/\/www.newslettercreator.com\/wp-content\/uploads\/2015\/09\/inline-css-for-email-editor.jpg","type":"","width":"","height":""}],"twitter_misc":{"Tempo estimado de leitura":"2 minutos"},"schema":{"@context":"https:\/\/schema.org","@graph":[{"@type":"WebPage","@id":"https:\/\/www.newslettercreator.com\/pt-pt\/editor-css-incoporado-para-email\/","url":"https:\/\/www.newslettercreator.com\/pt-pt\/editor-css-incoporado-para-email\/","name":"E-mail com CSS Incorporado: Newsletters \u00f3timas para todos os clientes de e-mail - Newsletter Creator","isPartOf":{"@id":"https:\/\/www.newslettercreator.com\/#website"},"primaryImageOfPage":{"@id":"https:\/\/www.newslettercreator.com\/pt-pt\/editor-css-incoporado-para-email\/#primaryimage"},"image":{"@id":"https:\/\/www.newslettercreator.com\/pt-pt\/editor-css-incoporado-para-email\/#primaryimage"},"thumbnailUrl":"http:\/\/www.newslettercreator.com\/wp-content\/uploads\/2015\/09\/inline-css-for-email-editor.jpg","datePublished":"2015-12-23T15:57:11+00:00","dateModified":"2015-12-23T16:03:31+00:00","breadcrumb":{"@id":"https:\/\/www.newslettercreator.com\/pt-pt\/editor-css-incoporado-para-email\/#breadcrumb"},"inLanguage":"pt-PT","potentialAction":[{"@type":"ReadAction","target":["https:\/\/www.newslettercreator.com\/pt-pt\/editor-css-incoporado-para-email\/"]}]},{"@type":"ImageObject","inLanguage":"pt-PT","@id":"https:\/\/www.newslettercreator.com\/pt-pt\/editor-css-incoporado-para-email\/#primaryimage","url":"http:\/\/www.newslettercreator.com\/wp-content\/uploads\/2015\/09\/inline-css-for-email-editor.jpg","contentUrl":"http:\/\/www.newslettercreator.com\/wp-content\/uploads\/2015\/09\/inline-css-for-email-editor.jpg"},{"@type":"BreadcrumbList","@id":"https:\/\/www.newslettercreator.com\/pt-pt\/editor-css-incoporado-para-email\/#breadcrumb","itemListElement":[{"@type":"ListItem","position":1,"name":"Home","item":"https:\/\/www.newslettercreator.com\/pt-pt\/"},{"@type":"ListItem","position":2,"name":"E-mail com CSS Incorporado: Newsletters \u00f3timas para todos os clientes de e-mail"}]},{"@type":"WebSite","@id":"https:\/\/www.newslettercreator.com\/#website","url":"https:\/\/www.newslettercreator.com\/","name":"Newsletter Creator","description":"Pay off","potentialAction":[{"@type":"SearchAction","target":{"@type":"EntryPoint","urlTemplate":"https:\/\/www.newslettercreator.com\/?s={search_term_string}"},"query-input":{"@type":"PropertyValueSpecification","valueRequired":true,"valueName":"search_term_string"}}],"inLanguage":"pt-PT"}]}},"_links":{"self":[{"href":"https:\/\/www.newslettercreator.com\/pt-pt\/wp-json\/wp\/v2\/pages\/4227","targetHints":{"allow":["GET"]}}],"collection":[{"href":"https:\/\/www.newslettercreator.com\/pt-pt\/wp-json\/wp\/v2\/pages"}],"about":[{"href":"https:\/\/www.newslettercreator.com\/pt-pt\/wp-json\/wp\/v2\/types\/page"}],"author":[{"embeddable":true,"href":"https:\/\/www.newslettercreator.com\/pt-pt\/wp-json\/wp\/v2\/users\/1"}],"replies":[{"embeddable":true,"href":"https:\/\/www.newslettercreator.com\/pt-pt\/wp-json\/wp\/v2\/comments?post=4227"}],"version-history":[{"count":5,"href":"https:\/\/www.newslettercreator.com\/pt-pt\/wp-json\/wp\/v2\/pages\/4227\/revisions"}],"predecessor-version":[{"id":4233,"href":"https:\/\/www.newslettercreator.com\/pt-pt\/wp-json\/wp\/v2\/pages\/4227\/revisions\/4233"}],"wp:attachment":[{"href":"https:\/\/www.newslettercreator.com\/pt-pt\/wp-json\/wp\/v2\/media?parent=4227"}],"curies":[{"name":"wp","href":"https:\/\/api.w.org\/{rel}","templated":true}]}}