{"id":5996,"date":"2017-06-07T08:30:26","date_gmt":"2017-06-07T08:30:26","guid":{"rendered":"http:\/\/www.newslettercreator.com\/?page_id=5996\/"},"modified":"2021-09-08T15:09:59","modified_gmt":"2021-09-08T13:09:59","slug":"upgrade","status":"publish","type":"page","link":"https:\/\/www.newslettercreator.com\/pt-pt\/upgrade\/","title":{"rendered":"Atualizar MailStyler de b\u00e1sico para Pro"},"content":{"rendered":"<p style=\"background-color: #F4F4F4; text-align: center; padding: 7px; border-radius: 5px; margin-bottom: 35px;\"><i id=\"icon-1\" class=\"g1-icon g1-icon--none g1-icon--small g1-icon--inherit  fa fa-info-circle\"><\/i> <strong> J\u00e1 possui o MailStyler 1<\/strong> e pretende atualizar para a nova vers\u00e3o? <a href=\"http:\/\/www.newslettercreator.com\/pt-pt\/upgrade-mailstyler-2\/\" title=\"Atualiza\u00e7\u00e3o para MailStyler\">Clique aqui<\/a><\/p>\n<ul class=\"g1-grid\"><li class=\"g1-column g1-one-half g1-valign-top\">\n<div id=\"upgrade-form\" class=\"form-row\">\n<div class=\"g1-message g1-message--error \" id=\"upgError\" style=\"display: none\">\n<div class=\"g1-inner\">Praesent sed mauris turpis, at molestie enim<\/div>\n<\/div>\n<p><strong>Email<\/strong>:<br \/>\n<input id=\"upg_email\" style=\"width: 100%;\" name=\"email\" type=\"text\" value=\"\" placeholder=\"email\"><\/p>\n<p><strong>N\u00famero de licen\u00e7a<\/strong> de base:<br \/>\n<input id=\"upg_licence\" style=\"width: 100%;\" name=\"licence\" type=\"text\" value=\"\" placeholder=\"licen\u00e7a de base\"><br \/>\n<small>formato: xxxx-xxxx-xxxx-xxxx<\/small><\/p>\n<p><input id=\"upg_action\" name=\"action\" type=\"hidden\" value=\"MSUPG2BP\"><input id=\"upgrade_submit_v2\" class=\"button large orange\" type=\"submit\" value=\"ACTUALIZA\u00c7\u00c3O PARA MAILSTYLER PRO\"><\/div>\n<\/li><!-- -->\n<li class=\"g1-column g1-one-half g1-valign-top\">Atualize para o MailStyler Pro, <strong>Pagar\u00e1 apenas $100<!-- USD -->,<\/strong>  Ou seja, o saldo. Com o MailStyler Pro receber\u00e1 <a href=\"http:\/\/www.newslettercreator.com\/why-upgrade\/\" target=\"_blank\" rel=\"noopener\">duas funcionalidade incr\u00edveis!<\/a><\/p>\n<p>Depois de comprar a atualiza\u00e7\u00e3o, <strong>receber\u00e1 um novo c\u00f3digo de licen\u00e7a Pro<\/strong>. A sua vers\u00e3o base permanecer\u00e1 ativa at\u00e9 que ative a vers\u00e3o Pro. Para mais informa\u00e7\u00f5es, <a href=\"http:\/\/www.newslettercreator.com\/registration-upgrade\/\" target=\"_blank\" rel=\"noopener\">clique aqui<\/a>.<\/p>\n<p>Caso n\u00e3o receba a sua licen\u00e7a Pro nas pr\u00f3ximas horas, por favor contacte <a href=\"http:\/\/support.newslettercreator.com\/?&#038;lang=pt_pt\" target=\"_blank\" rel=\"noopener\">a nossa equipa de suporte<\/a>.<\/li><!-- --><\/ul>\n<div>\n\r\n<script type='text\/javascript'>\r\nvar upg_lang = \"pt\";\r\nvar upg_error = new Array(\r\n   \"Por favor, preencha ambos os campos\",\r\n   \"Por favor, insira um endere\u00e7o de e-mail v\u00e1lido.\",\r\n   \"Por favor verifique o formato do c\u00f3digo da licen\u00e7a.\",\r\n   \"Nenhuma licen\u00e7a encontrada, por favor, verifique novamente.\",\r\n   \"A licen\u00e7a inserida n\u00e3o permite atualiza\u00e7\u00e3o.\",\r\n   \"O c\u00f3digo da licen\u00e7a est\u00e1 associado a um endere\u00e7o de e-mail diferente.\",\r\n   \"A licen\u00e7a j\u00e1 foi atualizada.<br>Por favor entre em contacto com <a href=\\\"http:\/\/support.newslettercreator.com\\\">o nosso suporte t\u00e9cnico<\/a> para mais informa\u00e7\u00f5es.\"\r\n);\r\n<\/script>\r\n\n<\/div>\n","protected":false},"excerpt":{"rendered":"<p>J\u00e1 possui o MailStyler 1 e pretende atualizar para a nova vers\u00e3o? Clique aqui<\/p>\n","protected":false},"author":1,"featured_media":0,"parent":0,"menu_order":0,"comment_status":"closed","ping_status":"closed","template":"","meta":{"inline_featured_image":false,"_monsterinsights_skip_tracking":false,"_monsterinsights_sitenote_active":false,"_monsterinsights_sitenote_note":"","_monsterinsights_sitenote_category":0,"footnotes":""},"class_list":["post-5996","page","type-page","status-publish"],"yoast_head":"<!-- This site is optimized with the Yoast SEO plugin v25.2 - https:\/\/yoast.com\/wordpress\/plugins\/seo\/ -->\n<title>Atualizar MailStyler de b\u00e1sico para Pro - Newsletter Creator<\/title>\n<meta name=\"robots\" content=\"index, follow, max-snippet:-1, max-image-preview:large, max-video-preview:-1\" \/>\n<link rel=\"canonical\" href=\"https:\/\/www.newslettercreator.com\/pt-pt\/upgrade\/\" \/>\n<meta property=\"og:locale\" content=\"pt_PT\" \/>\n<meta property=\"og:type\" content=\"article\" \/>\n<meta property=\"og:title\" content=\"Atualizar MailStyler de b\u00e1sico para Pro - Newsletter Creator\" \/>\n<meta property=\"og:description\" content=\"J\u00e1 possui o MailStyler 1 e pretende atualizar para a nova vers\u00e3o? Clique aqui\" \/>\n<meta property=\"og:url\" content=\"https:\/\/www.newslettercreator.com\/pt-pt\/upgrade\/\" \/>\n<meta property=\"og:site_name\" content=\"Newsletter Creator\" \/>\n<meta property=\"article:modified_time\" content=\"2021-09-08T13:09:59+00:00\" \/>\n<meta name=\"twitter:label1\" content=\"Tempo estimado de leitura\" \/>\n\t<meta name=\"twitter:data1\" content=\"1 minuto\" \/>\n<script type=\"application\/ld+json\" class=\"yoast-schema-graph\">{\"@context\":\"https:\/\/schema.org\",\"@graph\":[{\"@type\":\"WebPage\",\"@id\":\"https:\/\/www.newslettercreator.com\/pt-pt\/upgrade\/\",\"url\":\"https:\/\/www.newslettercreator.com\/pt-pt\/upgrade\/\",\"name\":\"Atualizar MailStyler de b\u00e1sico para Pro - Newsletter Creator\",\"isPartOf\":{\"@id\":\"https:\/\/www.newslettercreator.com\/#website\"},\"datePublished\":\"2017-06-07T08:30:26+00:00\",\"dateModified\":\"2021-09-08T13:09:59+00:00\",\"breadcrumb\":{\"@id\":\"https:\/\/www.newslettercreator.com\/pt-pt\/upgrade\/#breadcrumb\"},\"inLanguage\":\"pt-PT\",\"potentialAction\":[{\"@type\":\"ReadAction\",\"target\":[\"https:\/\/www.newslettercreator.com\/pt-pt\/upgrade\/\"]}]},{\"@type\":\"BreadcrumbList\",\"@id\":\"https:\/\/www.newslettercreator.com\/pt-pt\/upgrade\/#breadcrumb\",\"itemListElement\":[{\"@type\":\"ListItem\",\"position\":1,\"name\":\"Home\",\"item\":\"https:\/\/www.newslettercreator.com\/pt-pt\/\"},{\"@type\":\"ListItem\",\"position\":2,\"name\":\"Atualizar MailStyler de b\u00e1sico para Pro\"}]},{\"@type\":\"WebSite\",\"@id\":\"https:\/\/www.newslettercreator.com\/#website\",\"url\":\"https:\/\/www.newslettercreator.com\/\",\"name\":\"Newsletter Creator\",\"description\":\"Pay off\",\"potentialAction\":[{\"@type\":\"SearchAction\",\"target\":{\"@type\":\"EntryPoint\",\"urlTemplate\":\"https:\/\/www.newslettercreator.com\/?s={search_term_string}\"},\"query-input\":{\"@type\":\"PropertyValueSpecification\",\"valueRequired\":true,\"valueName\":\"search_term_string\"}}],\"inLanguage\":\"pt-PT\"}]}<\/script>\n<!-- \/ Yoast SEO plugin. -->","yoast_head_json":{"title":"Atualizar MailStyler de b\u00e1sico para Pro - Newsletter Creator","robots":{"index":"index","follow":"follow","max-snippet":"max-snippet:-1","max-image-preview":"max-image-preview:large","max-video-preview":"max-video-preview:-1"},"canonical":"https:\/\/www.newslettercreator.com\/pt-pt\/upgrade\/","og_locale":"pt_PT","og_type":"article","og_title":"Atualizar MailStyler de b\u00e1sico para Pro - Newsletter Creator","og_description":"J\u00e1 possui o MailStyler 1 e pretende atualizar para a nova vers\u00e3o? Clique aqui","og_url":"https:\/\/www.newslettercreator.com\/pt-pt\/upgrade\/","og_site_name":"Newsletter Creator","article_modified_time":"2021-09-08T13:09:59+00:00","twitter_misc":{"Tempo estimado de leitura":"1 minuto"},"schema":{"@context":"https:\/\/schema.org","@graph":[{"@type":"WebPage","@id":"https:\/\/www.newslettercreator.com\/pt-pt\/upgrade\/","url":"https:\/\/www.newslettercreator.com\/pt-pt\/upgrade\/","name":"Atualizar MailStyler de b\u00e1sico para Pro - Newsletter Creator","isPartOf":{"@id":"https:\/\/www.newslettercreator.com\/#website"},"datePublished":"2017-06-07T08:30:26+00:00","dateModified":"2021-09-08T13:09:59+00:00","breadcrumb":{"@id":"https:\/\/www.newslettercreator.com\/pt-pt\/upgrade\/#breadcrumb"},"inLanguage":"pt-PT","potentialAction":[{"@type":"ReadAction","target":["https:\/\/www.newslettercreator.com\/pt-pt\/upgrade\/"]}]},{"@type":"BreadcrumbList","@id":"https:\/\/www.newslettercreator.com\/pt-pt\/upgrade\/#breadcrumb","itemListElement":[{"@type":"ListItem","position":1,"name":"Home","item":"https:\/\/www.newslettercreator.com\/pt-pt\/"},{"@type":"ListItem","position":2,"name":"Atualizar MailStyler de b\u00e1sico para Pro"}]},{"@type":"WebSite","@id":"https:\/\/www.newslettercreator.com\/#website","url":"https:\/\/www.newslettercreator.com\/","name":"Newsletter Creator","description":"Pay off","potentialAction":[{"@type":"SearchAction","target":{"@type":"EntryPoint","urlTemplate":"https:\/\/www.newslettercreator.com\/?s={search_term_string}"},"query-input":{"@type":"PropertyValueSpecification","valueRequired":true,"valueName":"search_term_string"}}],"inLanguage":"pt-PT"}]}},"_links":{"self":[{"href":"https:\/\/www.newslettercreator.com\/pt-pt\/wp-json\/wp\/v2\/pages\/5996","targetHints":{"allow":["GET"]}}],"collection":[{"href":"https:\/\/www.newslettercreator.com\/pt-pt\/wp-json\/wp\/v2\/pages"}],"about":[{"href":"https:\/\/www.newslettercreator.com\/pt-pt\/wp-json\/wp\/v2\/types\/page"}],"author":[{"embeddable":true,"href":"https:\/\/www.newslettercreator.com\/pt-pt\/wp-json\/wp\/v2\/users\/1"}],"replies":[{"embeddable":true,"href":"https:\/\/www.newslettercreator.com\/pt-pt\/wp-json\/wp\/v2\/comments?post=5996"}],"version-history":[{"count":6,"href":"https:\/\/www.newslettercreator.com\/pt-pt\/wp-json\/wp\/v2\/pages\/5996\/revisions"}],"predecessor-version":[{"id":11419,"href":"https:\/\/www.newslettercreator.com\/pt-pt\/wp-json\/wp\/v2\/pages\/5996\/revisions\/11419"}],"wp:attachment":[{"href":"https:\/\/www.newslettercreator.com\/pt-pt\/wp-json\/wp\/v2\/media?parent=5996"}],"curies":[{"name":"wp","href":"https:\/\/api.w.org\/{rel}","templated":true}]}}