{"id":6002,"date":"2017-06-07T08:43:08","date_gmt":"2017-06-07T08:43:08","guid":{"rendered":"http:\/\/www.newslettercreator.com\/?page_id=6002\/"},"modified":"2021-09-08T15:35:14","modified_gmt":"2021-09-08T13:35:14","slug":"upgrade-mailstyler-2","status":"publish","type":"page","link":"https:\/\/www.newslettercreator.com\/pt-pt\/upgrade-mailstyler-2\/","title":{"rendered":"Deseja aproveitar ao m\u00e1ximo o seu marketing de e-mail? Mudar para MailStyler"},"content":{"rendered":"<ul class=\"g1-grid\"><li class=\"g1-column g1-one-half g1-valign-top\">\n<p style=\"background-color: #F4F4F4; text-align: center; padding: 7px; border-radius: 5px;\"><i id=\"icon-1\" class=\"g1-icon g1-icon--none g1-icon--small g1-icon--inherit  fa fa-info-circle\"><\/i> <strong>Se comprou o MailStyler 1 entre Fevereiro de 2017 e Maio de 2017, tem direito a <a href=\"http:\/\/www.newslettercreator.com\/atualizacao-gratuita-mailstyler-2\/\" title=\"Atualiza\u00e7\u00e3o gratuita para o MailStyler\">atualiza\u00e7\u00e3o gratuita para o MailStyler!<\/a><\/strong><\/p>\n<div id=\"upgrade-form\" class=\"form-row\">\n<div class=\"g1-message g1-message--error \" id=\"upgError\" style=\"display: none\">\n<div class=\"g1-inner\">Praesent sed mauris turpis, at molestie enim<\/div>\n<\/div>\n<p><strong>Email<\/strong>:<br \/>\n<input id=\"upg_email\" style=\"width: 100%;\" name=\"email\" type=\"text\" value=\"\" placeholder=\"email\"><\/p>\n<p><strong>N\u00famero da licen\u00e7a<\/strong>:<br \/>\n<input id=\"upg_licence\" style=\"width: 100%;\" name=\"licence\" type=\"text\" value=\"\" placeholder=\"n\u00famero da licen\u00e7a\"><br \/>\n<small>formato: xxxx-xxxx-xxxx-xxxx<\/small><\/p>\n<p><input id=\"upg_action\" name=\"action\" type=\"hidden\" value=\"MSUPG12\"><input id=\"upgrade_submit_v2\" class=\"button large orange\" type=\"submit\" value=\"ATUALIZA\u00c7\u00c3O PARA MAILSTYLER\"><\/div>\n<\/li><!-- -->\n<li class=\"g1-column g1-one-half g1-valign-top\">Ao atualizar, ir\u00e1 obter\u00e1 a vers\u00e3o equivalente ou superior \u00e0 sua licen\u00e7a atual e ter\u00e1 <strong>imediatamente acesso a todas as novas funcionalidade<\/strong> do MailStyler.<\/p>\n<p>Para aqueles que j\u00e1 s\u00e3o clientes do MailStyler 1, reserv\u00e1mos um <strong>desconto incrivelmente vantajoso<\/strong> para a atualiza\u00e7\u00e3o: insira o n\u00famero da sua licen\u00e7a no formul\u00e1rio ao lado e descubra <strong>os pre\u00e7os dedicados para si<\/strong> para cada vers\u00e3o do MailStyler 1.<\/p>\n<style type=\"text\/css\" scoped=\"scoped\">ul.save li {padding-left: 0px; text-align: left; border-color: #fff !important;} ul.save li:first-child {padding-bottom: 0px!important;} ul.save li:last-child {border-color: #999 !important;} ul.save li > .fa:first-child {margin-left: 0px;} i.g1-icon--small {width: 15px; height: 15px;}<\/style>\n<style type=\"text\/css\" scoped=\"scoped\">#g1-list-1 li > i[class*=\"fa-\"]:first-child {color: #666666;}<\/style>\n<ul id=\"g1-list-1\" class=\"g1-list--icon g1-list--simple save\">\n<li><i class=\"fa fa-tag g1-list__icon\"><\/i>De MailStyler 1 <strong>Basic <\/strong>Para MailStyler <strong>Basic<\/strong> > $59<!-- USD --> (<strong>poupe $40<!-- USD --><\/strong>)<\/li>\n<li><i class=\"fa fa-tag g1-list__icon\"><\/i>De MailStyler 1 <strong>Basic <\/strong>Para MailStyler <strong>Pro <\/strong> > $129<!-- USD --> (<strong>poupe $70<!-- USD --><\/strong>)<\/li>\n<li><i class=\"fa fa-tag g1-list__icon\"><\/i>De MailStyler 1 <strong>Pro <\/strong>Para MailStyler <strong>Pro <\/strong> > $99<!-- USD --> (<strong>poupe $100<!-- USD --><\/strong>)<\/li>\n<\/ul>\n<br \/>\n<\/li><!-- --><\/ul>\n<div>\n\r\n<script type='text\/javascript'>\r\nvar upg_lang = \"pt\";\r\nvar upg_error = new Array(\r\n   \"Por favor, preencha ambos os campos\",\r\n   \"Por favor, insira um endere\u00e7o de e-mail v\u00e1lido.\",\r\n   \"Por favor verifique o formato do c\u00f3digo da licen\u00e7a.\",\r\n   \"Nenhuma licen\u00e7a encontrada, por favor, verifique novamente.\",\r\n   \"A licen\u00e7a inserida n\u00e3o permite atualiza\u00e7\u00e3o.\",\r\n   \"O c\u00f3digo da licen\u00e7a est\u00e1 associado a um endere\u00e7o de e-mail diferente.\",\r\n   \"A licen\u00e7a j\u00e1 foi atualizada.<br>Por favor entre em contacto com <a href=\\\"http:\/\/support.newslettercreator.com\\\">o nosso suporte t\u00e9cnico<\/a> para mais informa\u00e7\u00f5es.\"\r\n);\r\n<\/script>\r\n\n<\/div>\n<p>&nbsp;<\/p>\n<h2>O que mudou no MailStyler?<\/h2>\n<div id=\"g1-table-1\" class=\"g1-table g1-table--solid \">\n<table>\n<thead>\n<tr>\n<th>O que o software pode fazer:<\/th>\n<th>MailStyler 1<\/th>\n<th>MailStyler<\/th>\n<\/tr>\n<\/thead>\n<tbody>\n<tr>\n<td><strong>Sem necessidade de habilidades com HTML<\/strong><\/td>\n<td><style type=\"text\/css\" scoped=\"scoped\">#icon-2.g1-icon { color: #5ebf0f; }<\/style>\n<i id=\"icon-2\" class=\"g1-icon g1-icon--none g1-icon--medium g1-icon--inherit  fa fa-check-square-o\"><\/i><\/td>\n<td><style type=\"text\/css\" scoped=\"scoped\">#icon-3.g1-icon { color: #5ebf0f; }<\/style>\n<i id=\"icon-3\" class=\"g1-icon g1-icon--none g1-icon--medium g1-icon--inherit  fa fa-check-square-o\"><\/i><\/td>\n<\/tr>\n<tr>\n<td><strong>Compat\u00edvel com todos provedores de e-mail em desktop e celulares<\/strong> (Gmail, Outlook, Hotmail, etc.)<\/td>\n<td><style type=\"text\/css\" scoped=\"scoped\">#icon-4.g1-icon { color: #5ebf0f; }<\/style>\n<i id=\"icon-4\" class=\"g1-icon g1-icon--none g1-icon--medium g1-icon--inherit  fa fa-check-square-o\"><\/i><\/td>\n<td><style type=\"text\/css\" scoped=\"scoped\">#icon-5.g1-icon { color: #5ebf0f; }<\/style>\n<i id=\"icon-5\" class=\"g1-icon g1-icon--none g1-icon--medium g1-icon--inherit  fa fa-check-square-o\"><\/i><\/td>\n<\/tr>\n<tr>\n<td style=\"padding-left: 45px;\">&#8211; Blocos 100% responsivos e customiz\u00e1veis<\/td>\n<td><style type=\"text\/css\" scoped=\"scoped\">#icon-6.g1-icon { color: #e32d2d; }<\/style>\n<i id=\"icon-6\" class=\"g1-icon g1-icon--none g1-icon--medium g1-icon--inherit  fa fa-times\"><\/i><\/td>\n<td><style type=\"text\/css\" scoped=\"scoped\">#icon-7.g1-icon { color: #5ebf0f; }<\/style>\n<i id=\"icon-7\" class=\"g1-icon g1-icon--none g1-icon--medium g1-icon--inherit  fa fa-check-square-o\"><\/i><\/td>\n<\/tr>\n<tr>\n<td><strong>Compat\u00edveis com os melhores programas para e-mail marketing<\/strong> (eMailChef, SendBlaster, Mailchimp, etc.)<\/td>\n<td><style type=\"text\/css\" scoped=\"scoped\">#icon-8.g1-icon { color: #5ebf0f; }<\/style>\n<i id=\"icon-8\" class=\"g1-icon g1-icon--none g1-icon--medium g1-icon--inherit  fa fa-check-square-o\"><\/i><\/td>\n<td><style type=\"text\/css\" scoped=\"scoped\">#icon-9.g1-icon { color: #5ebf0f; }<\/style>\n<i id=\"icon-9\" class=\"g1-icon g1-icon--none g1-icon--medium g1-icon--inherit  fa fa-check-square-o\"><\/i><\/td>\n<\/tr>\n<tr>\n<td><strong>Cria modelos com arraste e cole<\/strong><\/td>\n<td><style type=\"text\/css\" scoped=\"scoped\">#icon-10.g1-icon { color: #5ebf0f; }<\/style>\n<i id=\"icon-10\" class=\"g1-icon g1-icon--none g1-icon--medium g1-icon--inherit  fa fa-check-square-o\"><\/i><\/td>\n<td><style type=\"text\/css\" scoped=\"scoped\">#icon-11.g1-icon { color: #5ebf0f; }<\/style>\n<i id=\"icon-11\" class=\"g1-icon g1-icon--none g1-icon--medium g1-icon--inherit  fa fa-check-square-o\"><\/i><\/td>\n<\/tr>\n<tr>\n<td style=\"padding-left: 45px;\">&#8211; Adiciona elementos extras em blocos predefinidos (imagens, teclas, textos, etc.)<\/td>\n<td><style type=\"text\/css\" scoped=\"scoped\">#icon-12.g1-icon { color: #e32d2d; }<\/style>\n<i id=\"icon-12\" class=\"g1-icon g1-icon--none g1-icon--medium g1-icon--inherit  fa fa-times\"><\/i><\/td>\n<td><style type=\"text\/css\" scoped=\"scoped\">#icon-13.g1-icon { color: #5ebf0f; }<\/style>\n<i id=\"icon-13\" class=\"g1-icon g1-icon--none g1-icon--medium g1-icon--inherit  fa fa-check-square-o\"><\/i><\/td>\n<\/tr>\n<tr>\n<td style=\"padding-left: 45px;\">&#8211; Remodela blocos livremente e o conte\u00fado das c\u00e9lulas<\/td>\n<td><style type=\"text\/css\" scoped=\"scoped\">#icon-14.g1-icon { color: #e32d2d; }<\/style>\n<i id=\"icon-14\" class=\"g1-icon g1-icon--none g1-icon--medium g1-icon--inherit  fa fa-times\"><\/i><\/td>\n<td><style type=\"text\/css\" scoped=\"scoped\">#icon-15.g1-icon { color: #5ebf0f; }<\/style>\n<i id=\"icon-15\" class=\"g1-icon g1-icon--none g1-icon--medium g1-icon--inherit  fa fa-check-square-o\"><\/i><\/td>\n<\/tr>\n<tr>\n<td style=\"padding-left: 45px;\">&#8211; Mescla e divida duas ou mais c\u00e9lulas<\/td>\n<td><style type=\"text\/css\" scoped=\"scoped\">#icon-16.g1-icon { color: #e32d2d; }<\/style>\n<i id=\"icon-16\" class=\"g1-icon g1-icon--none g1-icon--medium g1-icon--inherit  fa fa-times\"><\/i><\/td>\n<td><style type=\"text\/css\" scoped=\"scoped\">#icon-17.g1-icon { color: #5ebf0f; }<\/style>\n<i id=\"icon-17\" class=\"g1-icon g1-icon--none g1-icon--medium g1-icon--inherit  fa fa-check-square-o\"><\/i><\/td>\n<\/tr>\n<tr>\n<td style=\"padding-left: 45px;\">&#8211; Copia os estilos de c\u00e9lulas e blocos<\/td>\n<td><style type=\"text\/css\" scoped=\"scoped\">#icon-18.g1-icon { color: #e32d2d; }<\/style>\n<i id=\"icon-18\" class=\"g1-icon g1-icon--none g1-icon--medium g1-icon--inherit  fa fa-times\"><\/i><\/td>\n<td><style type=\"text\/css\" scoped=\"scoped\">#icon-19.g1-icon { color: #5ebf0f; }<\/style>\n<i id=\"icon-19\" class=\"g1-icon g1-icon--none g1-icon--medium g1-icon--inherit  fa fa-check-square-o\"><\/i><\/td>\n<\/tr>\n<tr>\n<td style=\"padding-left: 45px;\">&#8211; Combina os \u00edcones sociais com o estilo global de newsletter<\/td>\n<td><style type=\"text\/css\" scoped=\"scoped\">#icon-20.g1-icon { color: #e32d2d; }<\/style>\n<i id=\"icon-20\" class=\"g1-icon g1-icon--none g1-icon--medium g1-icon--inherit  fa fa-times\"><\/i><\/td>\n<td><style type=\"text\/css\" scoped=\"scoped\">#icon-21.g1-icon { color: #5ebf0f; }<\/style>\n<i id=\"icon-21\" class=\"g1-icon g1-icon--none g1-icon--medium g1-icon--inherit  fa fa-check-square-o\"><\/i><\/td>\n<\/tr>\n<tr>\n<td style=\"padding-left: 45px;\">&#8211; Salva itens personalizados \u00e0 biblioteca (imagens, bot\u00f5es, textos, etc.)<\/td>\n<td><style type=\"text\/css\" scoped=\"scoped\">#icon-22.g1-icon { color: #e32d2d; }<\/style>\n<i id=\"icon-22\" class=\"g1-icon g1-icon--none g1-icon--medium g1-icon--inherit  fa fa-times\"><\/i><\/td>\n<td><style type=\"text\/css\" scoped=\"scoped\">#icon-23.g1-icon { color: #5ebf0f; }<\/style>\n<i id=\"icon-23\" class=\"g1-icon g1-icon--none g1-icon--medium g1-icon--inherit  fa fa-check-square-o\"><\/i><\/td>\n<\/tr>\n<tr>\n<td style=\"padding-left: 45px;\">&#8211; Salva blocos customizados \u00e0 biblioteca<\/td>\n<td><style type=\"text\/css\" scoped=\"scoped\">#icon-24.g1-icon { color: #e32d2d; }<\/style>\n<i id=\"icon-24\" class=\"g1-icon g1-icon--none g1-icon--medium g1-icon--inherit  fa fa-times\"><\/i><\/td>\n<td><style type=\"text\/css\" scoped=\"scoped\">#icon-25.g1-icon { color: #5ebf0f; }<\/style>\n<i id=\"icon-25\" class=\"g1-icon g1-icon--none g1-icon--medium g1-icon--inherit  fa fa-check-square-o\"><\/i><\/td>\n<\/tr>\n<tr>\n<td><strong>Inclui um editor de imagem integrado<\/strong><\/td>\n<td><style type=\"text\/css\" scoped=\"scoped\">#icon-26.g1-icon { color: #5ebf0f; }<\/style>\n<i id=\"icon-26\" class=\"g1-icon g1-icon--none g1-icon--medium g1-icon--inherit  fa fa-check-square-o\"><\/i><\/td>\n<td><style type=\"text\/css\" scoped=\"scoped\">#icon-27.g1-icon { color: #5ebf0f; }<\/style>\n<i id=\"icon-27\" class=\"g1-icon g1-icon--none g1-icon--medium g1-icon--inherit  fa fa-check-square-o\"><\/i><\/td>\n<\/tr>\n<tr>\n<td style=\"padding-left: 45px;\">&#8211; Recorta e modifica o tamanho de imagens<\/td>\n<td><style type=\"text\/css\" scoped=\"scoped\">#icon-28.g1-icon { color: #5ebf0f; }<\/style>\n<i id=\"icon-28\" class=\"g1-icon g1-icon--none g1-icon--medium g1-icon--inherit  fa fa-check-square-o\"><\/i><\/td>\n<td><style type=\"text\/css\" scoped=\"scoped\">#icon-29.g1-icon { color: #5ebf0f; }<\/style>\n<i id=\"icon-29\" class=\"g1-icon g1-icon--none g1-icon--medium g1-icon--inherit  fa fa-check-square-o\"><\/i><\/td>\n<\/tr>\n<tr>\n<td style=\"padding-left: 45px;\">&#8211; Sobrep\u00f5em m\u00faltiplas imagens<\/td>\n<td><style type=\"text\/css\" scoped=\"scoped\">#icon-30.g1-icon { color: #e32d2d; }<\/style>\n<i id=\"icon-30\" class=\"g1-icon g1-icon--none g1-icon--medium g1-icon--inherit  fa fa-times\"><\/i><\/td>\n<td><style type=\"text\/css\" scoped=\"scoped\">#icon-31.g1-icon { color: #5ebf0f; }<\/style>\n<i id=\"icon-31\" class=\"g1-icon g1-icon--none g1-icon--medium g1-icon--inherit  fa fa-check-square-o\"><\/i><\/td>\n<\/tr>\n<tr>\n<td style=\"padding-left: 45px;\">&#8211; Sobrep\u00f5em textos e imagens<\/td>\n<td><style type=\"text\/css\" scoped=\"scoped\">#icon-32.g1-icon { color: #e32d2d; }<\/style>\n<i id=\"icon-32\" class=\"g1-icon g1-icon--none g1-icon--medium g1-icon--inherit  fa fa-times\"><\/i><\/td>\n<td><style type=\"text\/css\" scoped=\"scoped\">#icon-33.g1-icon { color: #5ebf0f; }<\/style>\n<i id=\"icon-33\" class=\"g1-icon g1-icon--none g1-icon--medium g1-icon--inherit  fa fa-check-square-o\"><\/i><\/td>\n<\/tr>\n<tr>\n<td style=\"padding-left: 45px;\">&#8211; Aplica efeitos de transpar\u00eancia e opacidade \u00e0s imagens<\/td>\n<td><style type=\"text\/css\" scoped=\"scoped\">#icon-34.g1-icon { color: #e32d2d; }<\/style>\n<i id=\"icon-34\" class=\"g1-icon g1-icon--none g1-icon--medium g1-icon--inherit  fa fa-times\"><\/i><\/td>\n<td><style type=\"text\/css\" scoped=\"scoped\">#icon-35.g1-icon { color: #5ebf0f; }<\/style>\n<i id=\"icon-35\" class=\"g1-icon g1-icon--none g1-icon--medium g1-icon--inherit  fa fa-check-square-o\"><\/i><\/td>\n<\/tr>\n<tr>\n<td style=\"padding-left: 45px;\">&#8211; Aplica efeitos gr\u00e1ficos aos textos posicionados nas imagens<\/td>\n<td><style type=\"text\/css\" scoped=\"scoped\">#icon-36.g1-icon { color: #e32d2d; }<\/style>\n<i id=\"icon-36\" class=\"g1-icon g1-icon--none g1-icon--medium g1-icon--inherit  fa fa-times\"><\/i><\/td>\n<td><style type=\"text\/css\" scoped=\"scoped\">#icon-37.g1-icon { color: #5ebf0f; }<\/style>\n<i id=\"icon-37\" class=\"g1-icon g1-icon--none g1-icon--medium g1-icon--inherit  fa fa-check-square-o\"><\/i><\/td>\n<\/tr>\n<tr>\n<td style=\"padding-left: 45px;\">&#8211; Inclui uma biblioteca de imagens em alta defini\u00e7\u00e3o<\/td>\n<td><style type=\"text\/css\" scoped=\"scoped\">#icon-38.g1-icon { color: #5ebf0f; }<\/style>\n<i id=\"icon-38\" class=\"g1-icon g1-icon--none g1-icon--medium g1-icon--inherit  fa fa-check-square-o\"><\/i><\/td>\n<td><style type=\"text\/css\" scoped=\"scoped\">#icon-39.g1-icon { color: #5ebf0f; }<\/style>\n<i id=\"icon-39\" class=\"g1-icon g1-icon--none g1-icon--medium g1-icon--inherit  fa fa-check-square-o\"><\/i><\/td>\n<\/tr>\n<tr>\n<td style=\"padding-left: 45px;\">&#8211; Inclui uma biblioteca de etiquetas e banners em alta defini\u00e7\u00e3o<\/td>\n<td><style type=\"text\/css\" scoped=\"scoped\">#icon-40.g1-icon { color: #e32d2d; }<\/style>\n<i id=\"icon-40\" class=\"g1-icon g1-icon--none g1-icon--medium g1-icon--inherit  fa fa-times\"><\/i><\/td>\n<td><style type=\"text\/css\" scoped=\"scoped\">#icon-41.g1-icon { color: #5ebf0f; }<\/style>\n<i id=\"icon-41\" class=\"g1-icon g1-icon--none g1-icon--medium g1-icon--inherit  fa fa-check-square-o\"><\/i><\/td>\n<\/tr>\n<tr>\n<td><strong>Inclui uma ferramenta de aux\u00edlio para exporta\u00e7\u00e3o<\/strong><\/td>\n<td><style type=\"text\/css\" scoped=\"scoped\">#icon-42.g1-icon { color: #5ebf0f; }<\/style>\n<i id=\"icon-42\" class=\"g1-icon g1-icon--none g1-icon--medium g1-icon--inherit  fa fa-check-square-o\"><\/i><\/td>\n<td><style type=\"text\/css\" scoped=\"scoped\">#icon-43.g1-icon { color: #5ebf0f; }<\/style>\n<i id=\"icon-43\" class=\"g1-icon g1-icon--none g1-icon--medium g1-icon--inherit  fa fa-check-square-o\"><\/i><\/td>\n<\/tr>\n<tr>\n<td style=\"padding-left: 45px;\">&#8211; Fornece espa\u00e7o para armazenamento em nuvem dedicado<\/td>\n<td><style type=\"text\/css\" scoped=\"scoped\">#icon-44.g1-icon { color: #5ebf0f; }<\/style>\n<i id=\"icon-44\" class=\"g1-icon g1-icon--none g1-icon--medium g1-icon--inherit  fa fa-check-square-o\"><\/i><\/td>\n<td><style type=\"text\/css\" scoped=\"scoped\">#icon-45.g1-icon { color: #5ebf0f; }<\/style>\n<i id=\"icon-45\" class=\"g1-icon g1-icon--none g1-icon--medium g1-icon--inherit  fa fa-check-square-o\"><\/i><\/td>\n<\/tr>\n<tr>\n<td style=\"padding-left: 45px;\">&#8211; Exporta modelos em formato PDF<\/td>\n<td><style type=\"text\/css\" scoped=\"scoped\">#icon-46.g1-icon { color: #e32d2d; }<\/style>\n<i id=\"icon-46\" class=\"g1-icon g1-icon--none g1-icon--medium g1-icon--inherit  fa fa-times\"><\/i><\/td>\n<td><style type=\"text\/css\" scoped=\"scoped\">#icon-47.g1-icon { color: #5ebf0f; }<\/style>\n<i id=\"icon-47\" class=\"g1-icon g1-icon--none g1-icon--medium g1-icon--inherit  fa fa-check-square-o\"><\/i><\/td>\n<\/tr>\n<tr>\n<td style=\"padding-left: 45px;\">&#8211; Aperfei\u00e7oa arquivos jpeg<\/td>\n<td><style type=\"text\/css\" scoped=\"scoped\">#icon-48.g1-icon { color: #5ebf0f; }<\/style>\n<i id=\"icon-48\" class=\"g1-icon g1-icon--none g1-icon--medium g1-icon--inherit  fa fa-check-square-o\"><\/i><\/td>\n<td><style type=\"text\/css\" scoped=\"scoped\">#icon-49.g1-icon { color: #5ebf0f; }<\/style>\n<i id=\"icon-49\" class=\"g1-icon g1-icon--none g1-icon--medium g1-icon--inherit  fa fa-check-square-o\"><\/i><\/td>\n<\/tr>\n<tr>\n<td style=\"padding-left: 45px;\">&#8211; Aperfei\u00e7oa arquivos png<\/td>\n<td><style type=\"text\/css\" scoped=\"scoped\">#icon-50.g1-icon { color: #e32d2d; }<\/style>\n<i id=\"icon-50\" class=\"g1-icon g1-icon--none g1-icon--medium g1-icon--inherit  fa fa-times\"><\/i><\/td>\n<td><style type=\"text\/css\" scoped=\"scoped\">#icon-51.g1-icon { color: #5ebf0f; }<\/style>\n<i id=\"icon-51\" class=\"g1-icon g1-icon--none g1-icon--medium g1-icon--inherit  fa fa-check-square-o\"><\/i><\/td>\n<\/tr>\n<tr>\n<td><strong>Salva os modelos criados em seu computador<\/strong><\/td>\n<td><style type=\"text\/css\" scoped=\"scoped\">#icon-52.g1-icon { color: #5ebf0f; }<\/style>\n<i id=\"icon-52\" class=\"g1-icon g1-icon--none g1-icon--medium g1-icon--inherit  fa fa-check-square-o\"><\/i><\/td>\n<td><style type=\"text\/css\" scoped=\"scoped\">#icon-53.g1-icon { color: #5ebf0f; }<\/style>\n<i id=\"icon-53\" class=\"g1-icon g1-icon--none g1-icon--medium g1-icon--inherit  fa fa-check-square-o\"><\/i><\/td>\n<\/tr>\n<tr>\n<td><strong>Salva os modelos criados em seu espa\u00e7o em nuvem pessoal (Dropbox, Google Drive, OneDrive)<\/strong><\/td>\n<td><style type=\"text\/css\" scoped=\"scoped\">#icon-54.g1-icon { color: #e32d2d; }<\/style>\n<i id=\"icon-54\" class=\"g1-icon g1-icon--none g1-icon--medium g1-icon--inherit  fa fa-times\"><\/i><\/td>\n<td><style type=\"text\/css\" scoped=\"scoped\">#icon-55.g1-icon { color: #5ebf0f; }<\/style>\n<i id=\"icon-55\" class=\"g1-icon g1-icon--none g1-icon--medium g1-icon--inherit  fa fa-check-square-o\"><\/i><\/td>\n<\/tr>\n<tr>\n<td><strong>Abre os modelos de seu espa\u00e7o em nuvem pessoal (Dropbox, Google Drive, OneDrive)<\/strong><\/td>\n<td><style type=\"text\/css\" scoped=\"scoped\">#icon-56.g1-icon { color: #e32d2d; }<\/style>\n<i id=\"icon-56\" class=\"g1-icon g1-icon--none g1-icon--medium g1-icon--inherit  fa fa-times\"><\/i><\/td>\n<td><style type=\"text\/css\" scoped=\"scoped\">#icon-57.g1-icon { color: #5ebf0f; }<\/style>\n<i id=\"icon-57\" class=\"g1-icon g1-icon--none g1-icon--medium g1-icon--inherit  fa fa-check-square-o\"><\/i><\/td>\n<\/tr>\n<\/tbody>\n<\/table>\n<\/div>\n","protected":false},"excerpt":{"rendered":"<p>&nbsp; O que mudou no MailStyler?<\/p>\n","protected":false},"author":1,"featured_media":0,"parent":0,"menu_order":0,"comment_status":"closed","ping_status":"closed","template":"","meta":{"inline_featured_image":false,"_monsterinsights_skip_tracking":false,"_monsterinsights_sitenote_active":false,"_monsterinsights_sitenote_note":"","_monsterinsights_sitenote_category":0,"footnotes":""},"class_list":["post-6002","page","type-page","status-publish"],"yoast_head":"<!-- This site is optimized with the Yoast SEO plugin v25.2 - https:\/\/yoast.com\/wordpress\/plugins\/seo\/ -->\n<title>Deseja aproveitar ao m\u00e1ximo o seu marketing de e-mail? Mudar para MailStyler - Newsletter Creator<\/title>\n<meta name=\"robots\" content=\"index, follow, max-snippet:-1, max-image-preview:large, max-video-preview:-1\" \/>\n<link rel=\"canonical\" href=\"https:\/\/www.newslettercreator.com\/pt-pt\/upgrade-mailstyler-2\/\" \/>\n<meta property=\"og:locale\" content=\"pt_PT\" \/>\n<meta property=\"og:type\" content=\"article\" \/>\n<meta property=\"og:title\" content=\"Deseja aproveitar ao m\u00e1ximo o seu marketing de e-mail? Mudar para MailStyler - Newsletter Creator\" \/>\n<meta property=\"og:description\" content=\"&nbsp; O que mudou no MailStyler?\" \/>\n<meta property=\"og:url\" content=\"https:\/\/www.newslettercreator.com\/pt-pt\/upgrade-mailstyler-2\/\" \/>\n<meta property=\"og:site_name\" content=\"Newsletter Creator\" \/>\n<meta property=\"article:modified_time\" content=\"2021-09-08T13:35:14+00:00\" \/>\n<meta name=\"twitter:label1\" content=\"Tempo estimado de leitura\" \/>\n\t<meta name=\"twitter:data1\" content=\"6 minutos\" \/>\n<script type=\"application\/ld+json\" class=\"yoast-schema-graph\">{\"@context\":\"https:\/\/schema.org\",\"@graph\":[{\"@type\":\"WebPage\",\"@id\":\"https:\/\/www.newslettercreator.com\/pt-pt\/upgrade-mailstyler-2\/\",\"url\":\"https:\/\/www.newslettercreator.com\/pt-pt\/upgrade-mailstyler-2\/\",\"name\":\"Deseja aproveitar ao m\u00e1ximo o seu marketing de e-mail? Mudar para MailStyler - Newsletter Creator\",\"isPartOf\":{\"@id\":\"https:\/\/www.newslettercreator.com\/#website\"},\"datePublished\":\"2017-06-07T08:43:08+00:00\",\"dateModified\":\"2021-09-08T13:35:14+00:00\",\"breadcrumb\":{\"@id\":\"https:\/\/www.newslettercreator.com\/pt-pt\/upgrade-mailstyler-2\/#breadcrumb\"},\"inLanguage\":\"pt-PT\",\"potentialAction\":[{\"@type\":\"ReadAction\",\"target\":[\"https:\/\/www.newslettercreator.com\/pt-pt\/upgrade-mailstyler-2\/\"]}]},{\"@type\":\"BreadcrumbList\",\"@id\":\"https:\/\/www.newslettercreator.com\/pt-pt\/upgrade-mailstyler-2\/#breadcrumb\",\"itemListElement\":[{\"@type\":\"ListItem\",\"position\":1,\"name\":\"Home\",\"item\":\"https:\/\/www.newslettercreator.com\/pt-pt\/\"},{\"@type\":\"ListItem\",\"position\":2,\"name\":\"Deseja aproveitar ao m\u00e1ximo o seu marketing de e-mail? Mudar para MailStyler\"}]},{\"@type\":\"WebSite\",\"@id\":\"https:\/\/www.newslettercreator.com\/#website\",\"url\":\"https:\/\/www.newslettercreator.com\/\",\"name\":\"Newsletter Creator\",\"description\":\"Pay off\",\"potentialAction\":[{\"@type\":\"SearchAction\",\"target\":{\"@type\":\"EntryPoint\",\"urlTemplate\":\"https:\/\/www.newslettercreator.com\/?s={search_term_string}\"},\"query-input\":{\"@type\":\"PropertyValueSpecification\",\"valueRequired\":true,\"valueName\":\"search_term_string\"}}],\"inLanguage\":\"pt-PT\"}]}<\/script>\n<!-- \/ Yoast SEO plugin. -->","yoast_head_json":{"title":"Deseja aproveitar ao m\u00e1ximo o seu marketing de e-mail? Mudar para MailStyler - Newsletter Creator","robots":{"index":"index","follow":"follow","max-snippet":"max-snippet:-1","max-image-preview":"max-image-preview:large","max-video-preview":"max-video-preview:-1"},"canonical":"https:\/\/www.newslettercreator.com\/pt-pt\/upgrade-mailstyler-2\/","og_locale":"pt_PT","og_type":"article","og_title":"Deseja aproveitar ao m\u00e1ximo o seu marketing de e-mail? Mudar para MailStyler - Newsletter Creator","og_description":"&nbsp; O que mudou no MailStyler?","og_url":"https:\/\/www.newslettercreator.com\/pt-pt\/upgrade-mailstyler-2\/","og_site_name":"Newsletter Creator","article_modified_time":"2021-09-08T13:35:14+00:00","twitter_misc":{"Tempo estimado de leitura":"6 minutos"},"schema":{"@context":"https:\/\/schema.org","@graph":[{"@type":"WebPage","@id":"https:\/\/www.newslettercreator.com\/pt-pt\/upgrade-mailstyler-2\/","url":"https:\/\/www.newslettercreator.com\/pt-pt\/upgrade-mailstyler-2\/","name":"Deseja aproveitar ao m\u00e1ximo o seu marketing de e-mail? Mudar para MailStyler - Newsletter Creator","isPartOf":{"@id":"https:\/\/www.newslettercreator.com\/#website"},"datePublished":"2017-06-07T08:43:08+00:00","dateModified":"2021-09-08T13:35:14+00:00","breadcrumb":{"@id":"https:\/\/www.newslettercreator.com\/pt-pt\/upgrade-mailstyler-2\/#breadcrumb"},"inLanguage":"pt-PT","potentialAction":[{"@type":"ReadAction","target":["https:\/\/www.newslettercreator.com\/pt-pt\/upgrade-mailstyler-2\/"]}]},{"@type":"BreadcrumbList","@id":"https:\/\/www.newslettercreator.com\/pt-pt\/upgrade-mailstyler-2\/#breadcrumb","itemListElement":[{"@type":"ListItem","position":1,"name":"Home","item":"https:\/\/www.newslettercreator.com\/pt-pt\/"},{"@type":"ListItem","position":2,"name":"Deseja aproveitar ao m\u00e1ximo o seu marketing de e-mail? Mudar para MailStyler"}]},{"@type":"WebSite","@id":"https:\/\/www.newslettercreator.com\/#website","url":"https:\/\/www.newslettercreator.com\/","name":"Newsletter Creator","description":"Pay off","potentialAction":[{"@type":"SearchAction","target":{"@type":"EntryPoint","urlTemplate":"https:\/\/www.newslettercreator.com\/?s={search_term_string}"},"query-input":{"@type":"PropertyValueSpecification","valueRequired":true,"valueName":"search_term_string"}}],"inLanguage":"pt-PT"}]}},"_links":{"self":[{"href":"https:\/\/www.newslettercreator.com\/pt-pt\/wp-json\/wp\/v2\/pages\/6002","targetHints":{"allow":["GET"]}}],"collection":[{"href":"https:\/\/www.newslettercreator.com\/pt-pt\/wp-json\/wp\/v2\/pages"}],"about":[{"href":"https:\/\/www.newslettercreator.com\/pt-pt\/wp-json\/wp\/v2\/types\/page"}],"author":[{"embeddable":true,"href":"https:\/\/www.newslettercreator.com\/pt-pt\/wp-json\/wp\/v2\/users\/1"}],"replies":[{"embeddable":true,"href":"https:\/\/www.newslettercreator.com\/pt-pt\/wp-json\/wp\/v2\/comments?post=6002"}],"version-history":[{"count":3,"href":"https:\/\/www.newslettercreator.com\/pt-pt\/wp-json\/wp\/v2\/pages\/6002\/revisions"}],"predecessor-version":[{"id":11441,"href":"https:\/\/www.newslettercreator.com\/pt-pt\/wp-json\/wp\/v2\/pages\/6002\/revisions\/11441"}],"wp:attachment":[{"href":"https:\/\/www.newslettercreator.com\/pt-pt\/wp-json\/wp\/v2\/media?parent=6002"}],"curies":[{"name":"wp","href":"https:\/\/api.w.org\/{rel}","templated":true}]}}