{"id":6004,"date":"2017-06-07T08:50:26","date_gmt":"2017-06-07T08:50:26","guid":{"rendered":"http:\/\/www.newslettercreator.com\/?page_id=6004\/"},"modified":"2021-09-08T15:22:59","modified_gmt":"2021-09-08T13:22:59","slug":"atualizacao-gratuita-mailstyler-2","status":"publish","type":"page","link":"https:\/\/www.newslettercreator.com\/pt-pt\/atualizacao-gratuita-mailstyler-2\/","title":{"rendered":"Atualiza\u00e7\u00e3o gratuita para o MailStyler"},"content":{"rendered":"<ul class=\"g1-grid\"><li class=\"g1-column g1-one-half g1-valign-top\">\n<div id=\"upgrade-form\" class=\"form-row\">\n<div class=\"g1-message g1-message--error \" id=\"upgError\" style=\"display: none\">\n<div class=\"g1-inner\">Praesent sed mauris turpis, at molestie enim<\/div>\n<\/div>\n<p><strong>Email<\/strong>:<br \/>\n<input id=\"upg_email\" style=\"width: 100%;\" name=\"email\" type=\"text\" value=\"\" placeholder=\"email\"><\/p>\n<p><strong>N\u00famero de c\u00f3digo de licen\u00e7a<\/strong>:<br \/>\n<input id=\"upg_licence\" style=\"width: 100%;\" name=\"licence\" type=\"text\" value=\"\" placeholder=\"o seu c\u00f3digo de licen\u00e7a\"><br \/>\n<small>formato: xxxx-xxxx-xxxx-xxxx<\/small><\/p>\n<p><input id=\"upg_action\" name=\"action\" type=\"hidden\" value=\"MSUPGFREE\"><input id=\"upgrade_submit_v2\" class=\"button large orange\" type=\"submit\" value=\"ATUALIZE AGORA\"><\/div>\n<\/li><!-- -->\n<li class=\"g1-column g1-one-half g1-valign-top\"><strong>Se comprou o MailStyler 1 entre Fevereiro de 2017 e Maio de 2017, tem direito a atualiza\u00e7\u00e3o gratuita para o MailStyler!!<\/strong><\/p>\n<p>Para obter a sua chave MailStyler, s\u00f3 precisa de:<\/p>\n<ul>\n<li>O endere\u00e7o de e-mail original que usou quando comprou o MailStyler 1 Basic ou Pro<\/li>\n<li>A chave da licen\u00e7a original que recebeu ap\u00f3s a compra do MailStyler 1\n<\/li>\n<\/ul>\n<p><strong>Se tiver dificuldades, por favor reveja as informa\u00e7\u00f5es que introduziu<\/strong> (Preste especial aten\u00e7\u00e3o \u00e0 ortografia) e tente novamente: lembre-se que o endere\u00e7o de e-mail e o c\u00f3digo da licen\u00e7a devem ser inseridos exatamente com o mesmo formato com que lhe foram enviados pela nossa equipa.<br \/>\n<\/li><!-- --><\/ul>\n<div>\n\r\n<script type='text\/javascript'>\r\nvar upg_lang = \"pt\";\r\nvar upg_error = new Array(\r\n\/* 01 *\/  \"Por favor, preencha ambos os campos\",\r\n\/* 02 *\/   \"Por favor, insira um endere\u00e7o de e-mail v\u00e1lido.\",\r\n\/* 03 *\/   \"Por favor verifique o formato do c\u00f3digo da licen\u00e7a.\",\r\n\/* 04 *\/   \"Nenhuma licen\u00e7a encontrada, por favor, verifique novamente.\",\r\n\/* 05 *\/   \"A licen\u00e7a inserida n\u00e3o permite atualiza\u00e7\u00e3o.\",\r\n\/* 06 *\/   \"O c\u00f3digo da licen\u00e7a est\u00e1 associado a um endere\u00e7o de e-mail diferente.\",\r\n\/* 07 *\/   \"A licen\u00e7a j\u00e1 foi atualizada.<br>Por favor entre em contacto com <a href=\\\"http:\/\/support.newslettercreator.com\\\">o nosso suporte t\u00e9cnico<\/a> para mais informa\u00e7\u00f5es.\",\r\n\/* 08 *\/   \"\",\r\n\/* 09 *\/   \"\",\r\n\/* 10 *\/   \"A sua licen\u00e7a MailStyler foi comprada antes de Janeiro de 2017: a atualiza\u00e7\u00e3o gratuita n\u00e3o \u00e9 permitida.\",\r\n\/* 11 *\/   \"N\u00e3o foi poss\u00edvel encontrar uma encomenda relacionada com este n\u00famero de licen\u00e7a.<br>Por favor entre em contacto com <a href=\\\"http:\/\/support.newslettercreator.com\\\">o nosso suporte t\u00e9cnico<\/a> para mais informa\u00e7\u00f5es.\",\r\n\/* 12 *\/   \"N\u00e3o \u00e9 poss\u00edvel verificar automaticamente se a sua licen\u00e7a \u00e9 eleg\u00edvel para atualiza\u00e7\u00e3o gratuita.<br>Por favor entre em contacto com <a href=\\\"http:\/\/support.newslettercreator.com\\\">o nosso suporte t\u00e9cnico<\/a> para mais informa\u00e7\u00f5es.\"\r\n);\r\n<\/script>\r\n\n<\/div>\n","protected":false},"excerpt":{"rendered":"","protected":false},"author":1,"featured_media":0,"parent":0,"menu_order":0,"comment_status":"closed","ping_status":"closed","template":"","meta":{"inline_featured_image":false,"_monsterinsights_skip_tracking":false,"_monsterinsights_sitenote_active":false,"_monsterinsights_sitenote_note":"","_monsterinsights_sitenote_category":0,"footnotes":""},"class_list":["post-6004","page","type-page","status-publish"],"yoast_head":"<!-- This site is optimized with the Yoast SEO plugin v25.2 - https:\/\/yoast.com\/wordpress\/plugins\/seo\/ -->\n<title>Atualiza\u00e7\u00e3o gratuita para o MailStyler - Newsletter Creator<\/title>\n<meta name=\"robots\" content=\"index, follow, max-snippet:-1, max-image-preview:large, max-video-preview:-1\" \/>\n<link rel=\"canonical\" href=\"https:\/\/www.newslettercreator.com\/pt-pt\/atualizacao-gratuita-mailstyler-2\/\" \/>\n<meta property=\"og:locale\" content=\"pt_PT\" \/>\n<meta property=\"og:type\" content=\"article\" \/>\n<meta property=\"og:title\" content=\"Atualiza\u00e7\u00e3o gratuita para o MailStyler - Newsletter Creator\" \/>\n<meta property=\"og:url\" content=\"https:\/\/www.newslettercreator.com\/pt-pt\/atualizacao-gratuita-mailstyler-2\/\" \/>\n<meta property=\"og:site_name\" content=\"Newsletter Creator\" \/>\n<meta property=\"article:modified_time\" content=\"2021-09-08T13:22:59+00:00\" \/>\n<meta name=\"twitter:label1\" content=\"Tempo estimado de leitura\" \/>\n\t<meta name=\"twitter:data1\" content=\"1 minuto\" \/>\n<script type=\"application\/ld+json\" class=\"yoast-schema-graph\">{\"@context\":\"https:\/\/schema.org\",\"@graph\":[{\"@type\":\"WebPage\",\"@id\":\"https:\/\/www.newslettercreator.com\/pt-pt\/atualizacao-gratuita-mailstyler-2\/\",\"url\":\"https:\/\/www.newslettercreator.com\/pt-pt\/atualizacao-gratuita-mailstyler-2\/\",\"name\":\"Atualiza\u00e7\u00e3o gratuita para o MailStyler - Newsletter Creator\",\"isPartOf\":{\"@id\":\"https:\/\/www.newslettercreator.com\/#website\"},\"datePublished\":\"2017-06-07T08:50:26+00:00\",\"dateModified\":\"2021-09-08T13:22:59+00:00\",\"breadcrumb\":{\"@id\":\"https:\/\/www.newslettercreator.com\/pt-pt\/atualizacao-gratuita-mailstyler-2\/#breadcrumb\"},\"inLanguage\":\"pt-PT\",\"potentialAction\":[{\"@type\":\"ReadAction\",\"target\":[\"https:\/\/www.newslettercreator.com\/pt-pt\/atualizacao-gratuita-mailstyler-2\/\"]}]},{\"@type\":\"BreadcrumbList\",\"@id\":\"https:\/\/www.newslettercreator.com\/pt-pt\/atualizacao-gratuita-mailstyler-2\/#breadcrumb\",\"itemListElement\":[{\"@type\":\"ListItem\",\"position\":1,\"name\":\"Home\",\"item\":\"https:\/\/www.newslettercreator.com\/pt-pt\/\"},{\"@type\":\"ListItem\",\"position\":2,\"name\":\"Atualiza\u00e7\u00e3o gratuita para o MailStyler\"}]},{\"@type\":\"WebSite\",\"@id\":\"https:\/\/www.newslettercreator.com\/#website\",\"url\":\"https:\/\/www.newslettercreator.com\/\",\"name\":\"Newsletter Creator\",\"description\":\"Pay off\",\"potentialAction\":[{\"@type\":\"SearchAction\",\"target\":{\"@type\":\"EntryPoint\",\"urlTemplate\":\"https:\/\/www.newslettercreator.com\/?s={search_term_string}\"},\"query-input\":{\"@type\":\"PropertyValueSpecification\",\"valueRequired\":true,\"valueName\":\"search_term_string\"}}],\"inLanguage\":\"pt-PT\"}]}<\/script>\n<!-- \/ Yoast SEO plugin. -->","yoast_head_json":{"title":"Atualiza\u00e7\u00e3o gratuita para o MailStyler - Newsletter Creator","robots":{"index":"index","follow":"follow","max-snippet":"max-snippet:-1","max-image-preview":"max-image-preview:large","max-video-preview":"max-video-preview:-1"},"canonical":"https:\/\/www.newslettercreator.com\/pt-pt\/atualizacao-gratuita-mailstyler-2\/","og_locale":"pt_PT","og_type":"article","og_title":"Atualiza\u00e7\u00e3o gratuita para o MailStyler - Newsletter Creator","og_url":"https:\/\/www.newslettercreator.com\/pt-pt\/atualizacao-gratuita-mailstyler-2\/","og_site_name":"Newsletter Creator","article_modified_time":"2021-09-08T13:22:59+00:00","twitter_misc":{"Tempo estimado de leitura":"1 minuto"},"schema":{"@context":"https:\/\/schema.org","@graph":[{"@type":"WebPage","@id":"https:\/\/www.newslettercreator.com\/pt-pt\/atualizacao-gratuita-mailstyler-2\/","url":"https:\/\/www.newslettercreator.com\/pt-pt\/atualizacao-gratuita-mailstyler-2\/","name":"Atualiza\u00e7\u00e3o gratuita para o MailStyler - Newsletter Creator","isPartOf":{"@id":"https:\/\/www.newslettercreator.com\/#website"},"datePublished":"2017-06-07T08:50:26+00:00","dateModified":"2021-09-08T13:22:59+00:00","breadcrumb":{"@id":"https:\/\/www.newslettercreator.com\/pt-pt\/atualizacao-gratuita-mailstyler-2\/#breadcrumb"},"inLanguage":"pt-PT","potentialAction":[{"@type":"ReadAction","target":["https:\/\/www.newslettercreator.com\/pt-pt\/atualizacao-gratuita-mailstyler-2\/"]}]},{"@type":"BreadcrumbList","@id":"https:\/\/www.newslettercreator.com\/pt-pt\/atualizacao-gratuita-mailstyler-2\/#breadcrumb","itemListElement":[{"@type":"ListItem","position":1,"name":"Home","item":"https:\/\/www.newslettercreator.com\/pt-pt\/"},{"@type":"ListItem","position":2,"name":"Atualiza\u00e7\u00e3o gratuita para o MailStyler"}]},{"@type":"WebSite","@id":"https:\/\/www.newslettercreator.com\/#website","url":"https:\/\/www.newslettercreator.com\/","name":"Newsletter Creator","description":"Pay off","potentialAction":[{"@type":"SearchAction","target":{"@type":"EntryPoint","urlTemplate":"https:\/\/www.newslettercreator.com\/?s={search_term_string}"},"query-input":{"@type":"PropertyValueSpecification","valueRequired":true,"valueName":"search_term_string"}}],"inLanguage":"pt-PT"}]}},"_links":{"self":[{"href":"https:\/\/www.newslettercreator.com\/pt-pt\/wp-json\/wp\/v2\/pages\/6004","targetHints":{"allow":["GET"]}}],"collection":[{"href":"https:\/\/www.newslettercreator.com\/pt-pt\/wp-json\/wp\/v2\/pages"}],"about":[{"href":"https:\/\/www.newslettercreator.com\/pt-pt\/wp-json\/wp\/v2\/types\/page"}],"author":[{"embeddable":true,"href":"https:\/\/www.newslettercreator.com\/pt-pt\/wp-json\/wp\/v2\/users\/1"}],"replies":[{"embeddable":true,"href":"https:\/\/www.newslettercreator.com\/pt-pt\/wp-json\/wp\/v2\/comments?post=6004"}],"version-history":[{"count":2,"href":"https:\/\/www.newslettercreator.com\/pt-pt\/wp-json\/wp\/v2\/pages\/6004\/revisions"}],"predecessor-version":[{"id":11431,"href":"https:\/\/www.newslettercreator.com\/pt-pt\/wp-json\/wp\/v2\/pages\/6004\/revisions\/11431"}],"wp:attachment":[{"href":"https:\/\/www.newslettercreator.com\/pt-pt\/wp-json\/wp\/v2\/media?parent=6004"}],"curies":[{"name":"wp","href":"https:\/\/api.w.org\/{rel}","templated":true}]}}