{"id":6741,"date":"2018-03-26T08:51:22","date_gmt":"2018-03-26T08:51:22","guid":{"rendered":"http:\/\/www.newslettercreator.com\/?page_id=6741\/"},"modified":"2022-12-14T09:58:36","modified_gmt":"2022-12-14T08:58:36","slug":"renovacao-de-assinatura","status":"publish","type":"page","link":"https:\/\/www.newslettercreator.com\/pt-pt\/renovacao-de-assinatura\/","title":{"rendered":"MailStyler Renova\u00e7\u00e3o de Assinatura"},"content":{"rendered":"<ul class=\"g1-grid\"><li class=\"g1-column g1-one-half g1-valign-top\">\n<div id=\"upgrade-form\" class=\"form-row\">\n<div class=\"g1-message g1-message--error \" id=\"upgError\" style=\"display: none\">\n<div class=\"g1-inner\">Praesent sed mauris turpis, at molestie enim<\/div>\n<\/div>\n<p><strong>Email<\/strong>:<br \/>\n<input id=\"upg_email\" style=\"width: 100%;\" name=\"email\" type=\"text\" value=\"\" placeholder=\"email\"><\/p>\n<p><strong>N\u00famero<\/strong> de licen\u00e7a:<br \/>\n<input id=\"upg_licence\" style=\"width: 100%;\" name=\"licence\" type=\"text\" value=\"\" placeholder=\"n\u00famero de licen\u00e7a\" \/><br \/>\n<small>formato: xxxx-xxxx-xxxx-xxxx<\/small><\/p>\n<p><input id=\"upg_action\" name=\"action\" type=\"hidden\" value=\"MSRENEW\"><input id=\"upgrade_submit_v2\" class=\"button large orange\" type=\"submit\" value=\"RENOVAR AGORA\"><\/div>\n<\/li><!-- -->\n<li class=\"g1-column g1-one-half g1-valign-top\">Renove a sua assinatura do MailStyler! Com apenas <strong>$59<!-- USD --> para a vers\u00e3o Basic<\/strong>, <strong>$99<!-- USD --> para a Pro<\/strong> e <strong>$199<!-- USD --> para a Server<\/strong> receber\u00e1 todas as <strong>Atualiza\u00e7\u00f5es de software<\/strong> e um servi\u00e7o de <strong>Suporte Premium<\/strong> durante 12 meses.<\/p>\n<p>Mesmo ap\u00f3s a expira\u00e7\u00e3o da assinatura anual, o MailStyler continuar\u00e1 a funcionar sem qualquer restri\u00e7\u00e3o, mas n\u00e3o ser\u00e1 capaz de aceder ao Suporte Premium ou a novas ferramentas, dispon\u00edveis com cada atualiza\u00e7\u00e3o.<\/li><!-- --><\/ul>\n<div>\n\r\n<script type='text\/javascript'>\r\nvar upg_lang = \"pt\";\r\nvar upg_error = new Array(\r\n   \"Por favor, preencha ambos os campos\",\r\n   \"Por favor, insira um endere\u00e7o de e-mail v\u00e1lido.\",\r\n   \"Por favor verifique o formato do c\u00f3digo da licen\u00e7a.\",\r\n   \"Nenhuma licen\u00e7a encontrada, por favor, verifique novamente.\",\r\n   \"A licen\u00e7a inserida n\u00e3o permite atualiza\u00e7\u00e3o.\",\r\n   \"O c\u00f3digo da licen\u00e7a est\u00e1 associado a um endere\u00e7o de e-mail diferente.\",\r\n   \"A licen\u00e7a j\u00e1 foi atualizada.<br>Por favor entre em contacto com o nosso <a href=\\\"http:\/\/support.newslettercreator.com\/?&lang=pt_pt\\\">suporte t\u00e9cnico<\/a> para mais informa\u00e7\u00f5es.\",\r\n   \"A sua assinatura terminar\u00e1 em [DATE].<br>Pode renovar a sua assinatura a partir de 30 dias antes da data de expira\u00e7\u00e3o.\",\r\n   \"Detet\u00e1mos um erro com a sua assinatura.<br>Por favor entre em contato com o nosso <a href=\\\"http:\/\/support.newslettercreator.com\/?&lang=pt_pt\\\">apoio t\u00e9cnico<\/a>  para mais informa\u00e7\u00e3o.\"\r\n);\r\n<\/script>\r\n\n<\/div>\n","protected":false},"excerpt":{"rendered":"","protected":false},"author":1,"featured_media":0,"parent":0,"menu_order":0,"comment_status":"closed","ping_status":"closed","template":"","meta":{"inline_featured_image":false,"_monsterinsights_skip_tracking":false,"_monsterinsights_sitenote_active":false,"_monsterinsights_sitenote_note":"","_monsterinsights_sitenote_category":0,"footnotes":""},"class_list":["post-6741","page","type-page","status-publish"],"yoast_head":"<!-- This site is optimized with the Yoast SEO plugin v25.2 - https:\/\/yoast.com\/wordpress\/plugins\/seo\/ -->\n<title>MailStyler Renova\u00e7\u00e3o de Assinatura - Newsletter Creator<\/title>\n<meta name=\"robots\" content=\"index, follow, max-snippet:-1, max-image-preview:large, max-video-preview:-1\" \/>\n<link rel=\"canonical\" href=\"https:\/\/www.newslettercreator.com\/pt-pt\/renovacao-de-assinatura\/\" \/>\n<meta property=\"og:locale\" content=\"pt_PT\" \/>\n<meta property=\"og:type\" content=\"article\" \/>\n<meta property=\"og:title\" content=\"MailStyler Renova\u00e7\u00e3o de Assinatura - Newsletter Creator\" \/>\n<meta property=\"og:url\" content=\"https:\/\/www.newslettercreator.com\/pt-pt\/renovacao-de-assinatura\/\" \/>\n<meta property=\"og:site_name\" content=\"Newsletter Creator\" \/>\n<meta property=\"article:modified_time\" content=\"2022-12-14T08:58:36+00:00\" \/>\n<meta name=\"twitter:label1\" content=\"Tempo estimado de leitura\" \/>\n\t<meta name=\"twitter:data1\" content=\"2 minutos\" \/>\n<script type=\"application\/ld+json\" class=\"yoast-schema-graph\">{\"@context\":\"https:\/\/schema.org\",\"@graph\":[{\"@type\":\"WebPage\",\"@id\":\"https:\/\/www.newslettercreator.com\/pt-pt\/renovacao-de-assinatura\/\",\"url\":\"https:\/\/www.newslettercreator.com\/pt-pt\/renovacao-de-assinatura\/\",\"name\":\"MailStyler Renova\u00e7\u00e3o de Assinatura - Newsletter Creator\",\"isPartOf\":{\"@id\":\"https:\/\/www.newslettercreator.com\/#website\"},\"datePublished\":\"2018-03-26T08:51:22+00:00\",\"dateModified\":\"2022-12-14T08:58:36+00:00\",\"breadcrumb\":{\"@id\":\"https:\/\/www.newslettercreator.com\/pt-pt\/renovacao-de-assinatura\/#breadcrumb\"},\"inLanguage\":\"pt-PT\",\"potentialAction\":[{\"@type\":\"ReadAction\",\"target\":[\"https:\/\/www.newslettercreator.com\/pt-pt\/renovacao-de-assinatura\/\"]}]},{\"@type\":\"BreadcrumbList\",\"@id\":\"https:\/\/www.newslettercreator.com\/pt-pt\/renovacao-de-assinatura\/#breadcrumb\",\"itemListElement\":[{\"@type\":\"ListItem\",\"position\":1,\"name\":\"Home\",\"item\":\"https:\/\/www.newslettercreator.com\/pt-pt\/\"},{\"@type\":\"ListItem\",\"position\":2,\"name\":\"MailStyler Renova\u00e7\u00e3o de Assinatura\"}]},{\"@type\":\"WebSite\",\"@id\":\"https:\/\/www.newslettercreator.com\/#website\",\"url\":\"https:\/\/www.newslettercreator.com\/\",\"name\":\"Newsletter Creator\",\"description\":\"Pay off\",\"potentialAction\":[{\"@type\":\"SearchAction\",\"target\":{\"@type\":\"EntryPoint\",\"urlTemplate\":\"https:\/\/www.newslettercreator.com\/?s={search_term_string}\"},\"query-input\":{\"@type\":\"PropertyValueSpecification\",\"valueRequired\":true,\"valueName\":\"search_term_string\"}}],\"inLanguage\":\"pt-PT\"}]}<\/script>\n<!-- \/ Yoast SEO plugin. -->","yoast_head_json":{"title":"MailStyler Renova\u00e7\u00e3o de Assinatura - Newsletter Creator","robots":{"index":"index","follow":"follow","max-snippet":"max-snippet:-1","max-image-preview":"max-image-preview:large","max-video-preview":"max-video-preview:-1"},"canonical":"https:\/\/www.newslettercreator.com\/pt-pt\/renovacao-de-assinatura\/","og_locale":"pt_PT","og_type":"article","og_title":"MailStyler Renova\u00e7\u00e3o de Assinatura - Newsletter Creator","og_url":"https:\/\/www.newslettercreator.com\/pt-pt\/renovacao-de-assinatura\/","og_site_name":"Newsletter Creator","article_modified_time":"2022-12-14T08:58:36+00:00","twitter_misc":{"Tempo estimado de leitura":"2 minutos"},"schema":{"@context":"https:\/\/schema.org","@graph":[{"@type":"WebPage","@id":"https:\/\/www.newslettercreator.com\/pt-pt\/renovacao-de-assinatura\/","url":"https:\/\/www.newslettercreator.com\/pt-pt\/renovacao-de-assinatura\/","name":"MailStyler Renova\u00e7\u00e3o de Assinatura - Newsletter Creator","isPartOf":{"@id":"https:\/\/www.newslettercreator.com\/#website"},"datePublished":"2018-03-26T08:51:22+00:00","dateModified":"2022-12-14T08:58:36+00:00","breadcrumb":{"@id":"https:\/\/www.newslettercreator.com\/pt-pt\/renovacao-de-assinatura\/#breadcrumb"},"inLanguage":"pt-PT","potentialAction":[{"@type":"ReadAction","target":["https:\/\/www.newslettercreator.com\/pt-pt\/renovacao-de-assinatura\/"]}]},{"@type":"BreadcrumbList","@id":"https:\/\/www.newslettercreator.com\/pt-pt\/renovacao-de-assinatura\/#breadcrumb","itemListElement":[{"@type":"ListItem","position":1,"name":"Home","item":"https:\/\/www.newslettercreator.com\/pt-pt\/"},{"@type":"ListItem","position":2,"name":"MailStyler Renova\u00e7\u00e3o de Assinatura"}]},{"@type":"WebSite","@id":"https:\/\/www.newslettercreator.com\/#website","url":"https:\/\/www.newslettercreator.com\/","name":"Newsletter Creator","description":"Pay off","potentialAction":[{"@type":"SearchAction","target":{"@type":"EntryPoint","urlTemplate":"https:\/\/www.newslettercreator.com\/?s={search_term_string}"},"query-input":{"@type":"PropertyValueSpecification","valueRequired":true,"valueName":"search_term_string"}}],"inLanguage":"pt-PT"}]}},"_links":{"self":[{"href":"https:\/\/www.newslettercreator.com\/pt-pt\/wp-json\/wp\/v2\/pages\/6741","targetHints":{"allow":["GET"]}}],"collection":[{"href":"https:\/\/www.newslettercreator.com\/pt-pt\/wp-json\/wp\/v2\/pages"}],"about":[{"href":"https:\/\/www.newslettercreator.com\/pt-pt\/wp-json\/wp\/v2\/types\/page"}],"author":[{"embeddable":true,"href":"https:\/\/www.newslettercreator.com\/pt-pt\/wp-json\/wp\/v2\/users\/1"}],"replies":[{"embeddable":true,"href":"https:\/\/www.newslettercreator.com\/pt-pt\/wp-json\/wp\/v2\/comments?post=6741"}],"version-history":[{"count":5,"href":"https:\/\/www.newslettercreator.com\/pt-pt\/wp-json\/wp\/v2\/pages\/6741\/revisions"}],"predecessor-version":[{"id":11805,"href":"https:\/\/www.newslettercreator.com\/pt-pt\/wp-json\/wp\/v2\/pages\/6741\/revisions\/11805"}],"wp:attachment":[{"href":"https:\/\/www.newslettercreator.com\/pt-pt\/wp-json\/wp\/v2\/media?parent=6741"}],"curies":[{"name":"wp","href":"https:\/\/api.w.org\/{rel}","templated":true}]}}