{"id":6886,"date":"2018-05-29T10:21:50","date_gmt":"2018-05-29T10:21:50","guid":{"rendered":"https:\/\/www.newslettercreator.com\/?page_id=6886"},"modified":"2018-05-29T10:21:50","modified_gmt":"2018-05-29T10:21:50","slug":"gdpr-conceitos-basico","status":"publish","type":"page","link":"https:\/\/www.newslettercreator.com\/pt-pt\/gdpr-conceitos-basico\/","title":{"rendered":"GDPR: Conceitos B\u00e1sico"},"content":{"rendered":"<p>Est\u00e1 a ler o nosso guia para os conceitos b\u00e1sicos de GDPR, desenvolvido apenas para si. Poder\u00e1 ajudar a rever os princ\u00edpios do novo Regulamento Geral de Protec\u00e7\u00e3o de Dados da UE.<\/p>\n<span id=\"g1-space-1\" class=\"g1-space \" style=\"height:30px;\"><\/span>\n<h2>O que \u00e9 o GDPR?<\/h2>\n<p>A partir de 24 de maio de 2016, o novo Regulamento Geral de Prote\u00e7\u00e3o de Dados (GDPR) entrou em vigor.<\/p>\n<p>Os regulamentos previstos ser\u00e3o aplicados a partir de 25 de maio de 2018 e envolver\u00e3o associa\u00e7\u00f5es, cidad\u00e3os, empresas, trabalhadores independentes e entidades p\u00fablicas.<\/p>\n<p>O objetivo \u00e9 definir <strong>regras mais claras e transparentes sobre o processamento de dados<\/strong>, viola\u00e7\u00e3o de dados e transmiss\u00e3o de dados fora da Comunidade Europeia.<\/p>\n<p>A nova legisla\u00e7\u00e3o altera algumas defini\u00e7\u00f5es sobre privacidade e processamento de dados, pelo que sugerimos que leia o nosso guia de conceitos b\u00e1sicos sobre o GDPR.<\/p>\n<span id=\"g1-space-2\" class=\"g1-space \" style=\"height:30px;\"><\/span>\n<h2>Dados Pessoais, Processamento de Dados e Consentimento do Titular de Dados<\/h2>\n<p>Em primeiro lugar: precisa de saber que o GDPR diz respeito aos seus <strong>dados pessoais<\/strong>, que se referem a \u00abqualquer informa\u00e7\u00e3o relacionada com uma pessoa singular identificada ou identific\u00e1vel (\u2018<strong>titular de dados<\/strong>\u2019); uma pessoa singular identific\u00e1vel \u00e9 algu\u00e9m que pode ser identificado, diretamente ou indiretamente, particularmente por um identificado como o nome, um n\u00famero de identifica\u00e7\u00e3o, dados de localiza\u00e7\u00e3o, um identificador online ou a um, ou mais, fatores especif\u00edcos da identidade f\u00edsica, fisiol\u00f3gica, gen\u00e9tica, mental, econ\u00f3mica, cultural ou social da pessoa f\u00edsica\u00bb.<\/p>\n<p>Os dados podem ser &#8216;processados&#8217;, mas o que significa &#8216;<strong>processamento de dados<\/strong>&#8216;? Diz respeito a \u00abqualquer opera\u00e7\u00e3o, ou conjunto de opera\u00e7\u00f5es, realizadas sobre os dados pessoais, ou conjuntos de dados pessoais, atrav\u00e9s de meios autom\u00e1ticos, ou n\u00e3o, como a recolha, grava\u00e7\u00e3o, organiza\u00e7\u00e3o, estrutura\u00e7\u00e3o, armazenamento, adapta\u00e7\u00e3o ou altera\u00e7\u00e3o, obten\u00e7\u00e3o, consulta, uso, divulga\u00e7\u00e3o por transmiss\u00e3o ou tornando dispon\u00edvel de qualquer outra forma, alinhamento ou combina\u00e7\u00e3o, restri\u00e7\u00e3o, elimina\u00e7\u00e3o ou destrui\u00e7\u00e3o\u00bb.<\/p>\n<p>Em conformidade com este novo regulamento, \u00e9 necess\u00e1rio um consenso real, n\u00e3o amb\u00edguo e expl\u00edcito relativamente ao Processamento de Dados. Em conformidade com o GDPR, o <strong>consenso do sujeito de dados<\/strong> significa \u00abqualquer indica\u00e7\u00e3o volunt\u00e1ria, espec\u00edfica, informada e n\u00e3o amb\u00edgua do desejo do titular dos dados, atrav\u00e9s do qual ele\/ela, atrav\u00e9s de uma afirma\u00e7\u00e3o ou a\u00e7\u00e3o afirmativa, significa o acordo relativamente ao processamento dos seus dados pessoais\u00bb.<\/p>\n<span id=\"g1-space-3\" class=\"g1-space \" style=\"height:30px;\"><\/span>\n<h2>Cria\u00e7\u00e3o de Perfis, Controlador e Processador<\/h2>\n<p>\u00c9 obrigat\u00f3rio informar o titular dos dados de forma clara e transparente, que afeta atividades de web marketing, tais como Cria\u00e7\u00e3o de Perfis. De acordo com o GDPR, a <strong>Cria\u00e7\u00e3o de Perfis<\/strong> diz respeito a \u00abqualquer forma de tratamento automatizado de dados pessoais que consiste no uso de dados pessoais para avaliar determinados aspectos pessoais relacionados com uma pessoa singular, em particular para analisar ou prever aspectos relativos ao desempenho dessa pessoa singular no trabalho, situa\u00e7\u00e3o econ\u00f3mica, sa\u00fade, prefer\u00eancias pessoais interesses, credibilidade, comportamento, localiza\u00e7\u00e3o ou movimentos\u00bb.<\/p>\n<p>O GDPR garante ao titular dos dados <strong>o direito de se opor \u00e0s atividades de cria\u00e7\u00e3o de perfise<\/strong>, al\u00e9m disso, a lei reconhece <strong>o direito de eliminar<\/strong> (&#8216;direito a ser esquecido&#8217;), de fato, o \u201ctitular dos dados ter\u00e1 o direito de solicitar, junto do controlador, a elimina\u00e7\u00e3o dos seus dados pessoais, sem qualquer demora, e o controlador ter\u00e1 a obriga\u00e7\u00e3o de eliminar os dados pessoais, sem qualquer demora\u00bb.<\/p>\n<p>Anteriormente referimos o termo controlador, mas quem \u00e9 essa pessoa? O <strong>controlador<\/strong> \u00e9 \u00aba pessoa singular ou coletiva, autoridade p\u00fablica, ag\u00eancia ou qualquer outro organismo que, por si ou em conjunto com outros, determinar os prop\u00f3sitos e meios do processamento de dados pessoais; nos casos em que os prop\u00f3sitos e meios de tal processamento sejam determinados por leis da Uni\u00e3o ou de um Estado-Membro, o controlador ou os crit\u00e9rios espec\u00edficos para a sua nomea\u00e7\u00e3o poder\u00e3o ser definidos pela lei da Uni\u00e3o ou do Estado-Membro\u00bb.<\/p>\n<p>Como suporte ao controlador, a firma pode indicar um <strong>processador<\/strong>, que \u00e9 \u00abuma pessoa singular ou colectiva, autoridade p\u00fablica, ag\u00eancia ou outro organismo que processa os dados pessoais em nome do controlador\u00bb.<\/p>\n","protected":false},"excerpt":{"rendered":"<p>Est\u00e1 a ler o nosso guia para os conceitos b\u00e1sicos de GDPR, desenvolvido apenas para si. Poder\u00e1 ajudar a rever os princ\u00edpios do novo Regulamento Geral de Protec\u00e7\u00e3o de Dados da UE. O que \u00e9 o GDPR? A partir de 24 de maio de 2016, o novo Regulamento Geral de Prote\u00e7\u00e3o de Dados (GDPR) entrou [&hellip;]<\/p>\n","protected":false},"author":2,"featured_media":0,"parent":0,"menu_order":0,"comment_status":"closed","ping_status":"closed","template":"","meta":{"inline_featured_image":false,"_monsterinsights_skip_tracking":false,"_monsterinsights_sitenote_active":false,"_monsterinsights_sitenote_note":"","_monsterinsights_sitenote_category":0,"footnotes":""},"class_list":["post-6886","page","type-page","status-publish"],"yoast_head":"<!-- This site is optimized with the Yoast SEO plugin v25.2 - https:\/\/yoast.com\/wordpress\/plugins\/seo\/ -->\n<title>GDPR: Conceitos B\u00e1sico - Newsletter Creator<\/title>\n<meta name=\"robots\" content=\"index, follow, max-snippet:-1, max-image-preview:large, max-video-preview:-1\" \/>\n<link rel=\"canonical\" href=\"https:\/\/www.newslettercreator.com\/pt-pt\/gdpr-conceitos-basico\/\" \/>\n<meta property=\"og:locale\" content=\"pt_PT\" \/>\n<meta property=\"og:type\" content=\"article\" \/>\n<meta property=\"og:title\" content=\"GDPR: Conceitos B\u00e1sico - Newsletter Creator\" \/>\n<meta property=\"og:description\" content=\"Est\u00e1 a ler o nosso guia para os conceitos b\u00e1sicos de GDPR, desenvolvido apenas para si. Poder\u00e1 ajudar a rever os princ\u00edpios do novo Regulamento Geral de Protec\u00e7\u00e3o de Dados da UE. O que \u00e9 o GDPR? A partir de 24 de maio de 2016, o novo Regulamento Geral de Prote\u00e7\u00e3o de Dados (GDPR) entrou [&hellip;]\" \/>\n<meta property=\"og:url\" content=\"https:\/\/www.newslettercreator.com\/pt-pt\/gdpr-conceitos-basico\/\" \/>\n<meta property=\"og:site_name\" content=\"Newsletter Creator\" \/>\n<meta name=\"twitter:label1\" content=\"Tempo estimado de leitura\" \/>\n\t<meta name=\"twitter:data1\" content=\"4 minutos\" \/>\n<script type=\"application\/ld+json\" class=\"yoast-schema-graph\">{\"@context\":\"https:\/\/schema.org\",\"@graph\":[{\"@type\":\"WebPage\",\"@id\":\"https:\/\/www.newslettercreator.com\/pt-pt\/gdpr-conceitos-basico\/\",\"url\":\"https:\/\/www.newslettercreator.com\/pt-pt\/gdpr-conceitos-basico\/\",\"name\":\"GDPR: Conceitos B\u00e1sico - Newsletter Creator\",\"isPartOf\":{\"@id\":\"https:\/\/www.newslettercreator.com\/#website\"},\"datePublished\":\"2018-05-29T10:21:50+00:00\",\"breadcrumb\":{\"@id\":\"https:\/\/www.newslettercreator.com\/pt-pt\/gdpr-conceitos-basico\/#breadcrumb\"},\"inLanguage\":\"pt-PT\",\"potentialAction\":[{\"@type\":\"ReadAction\",\"target\":[\"https:\/\/www.newslettercreator.com\/pt-pt\/gdpr-conceitos-basico\/\"]}]},{\"@type\":\"BreadcrumbList\",\"@id\":\"https:\/\/www.newslettercreator.com\/pt-pt\/gdpr-conceitos-basico\/#breadcrumb\",\"itemListElement\":[{\"@type\":\"ListItem\",\"position\":1,\"name\":\"Home\",\"item\":\"https:\/\/www.newslettercreator.com\/pt-pt\/\"},{\"@type\":\"ListItem\",\"position\":2,\"name\":\"GDPR: Conceitos B\u00e1sico\"}]},{\"@type\":\"WebSite\",\"@id\":\"https:\/\/www.newslettercreator.com\/#website\",\"url\":\"https:\/\/www.newslettercreator.com\/\",\"name\":\"Newsletter Creator\",\"description\":\"Pay off\",\"potentialAction\":[{\"@type\":\"SearchAction\",\"target\":{\"@type\":\"EntryPoint\",\"urlTemplate\":\"https:\/\/www.newslettercreator.com\/?s={search_term_string}\"},\"query-input\":{\"@type\":\"PropertyValueSpecification\",\"valueRequired\":true,\"valueName\":\"search_term_string\"}}],\"inLanguage\":\"pt-PT\"}]}<\/script>\n<!-- \/ Yoast SEO plugin. -->","yoast_head_json":{"title":"GDPR: Conceitos B\u00e1sico - Newsletter Creator","robots":{"index":"index","follow":"follow","max-snippet":"max-snippet:-1","max-image-preview":"max-image-preview:large","max-video-preview":"max-video-preview:-1"},"canonical":"https:\/\/www.newslettercreator.com\/pt-pt\/gdpr-conceitos-basico\/","og_locale":"pt_PT","og_type":"article","og_title":"GDPR: Conceitos B\u00e1sico - Newsletter Creator","og_description":"Est\u00e1 a ler o nosso guia para os conceitos b\u00e1sicos de GDPR, desenvolvido apenas para si. Poder\u00e1 ajudar a rever os princ\u00edpios do novo Regulamento Geral de Protec\u00e7\u00e3o de Dados da UE. O que \u00e9 o GDPR? A partir de 24 de maio de 2016, o novo Regulamento Geral de Prote\u00e7\u00e3o de Dados (GDPR) entrou [&hellip;]","og_url":"https:\/\/www.newslettercreator.com\/pt-pt\/gdpr-conceitos-basico\/","og_site_name":"Newsletter Creator","twitter_misc":{"Tempo estimado de leitura":"4 minutos"},"schema":{"@context":"https:\/\/schema.org","@graph":[{"@type":"WebPage","@id":"https:\/\/www.newslettercreator.com\/pt-pt\/gdpr-conceitos-basico\/","url":"https:\/\/www.newslettercreator.com\/pt-pt\/gdpr-conceitos-basico\/","name":"GDPR: Conceitos B\u00e1sico - Newsletter Creator","isPartOf":{"@id":"https:\/\/www.newslettercreator.com\/#website"},"datePublished":"2018-05-29T10:21:50+00:00","breadcrumb":{"@id":"https:\/\/www.newslettercreator.com\/pt-pt\/gdpr-conceitos-basico\/#breadcrumb"},"inLanguage":"pt-PT","potentialAction":[{"@type":"ReadAction","target":["https:\/\/www.newslettercreator.com\/pt-pt\/gdpr-conceitos-basico\/"]}]},{"@type":"BreadcrumbList","@id":"https:\/\/www.newslettercreator.com\/pt-pt\/gdpr-conceitos-basico\/#breadcrumb","itemListElement":[{"@type":"ListItem","position":1,"name":"Home","item":"https:\/\/www.newslettercreator.com\/pt-pt\/"},{"@type":"ListItem","position":2,"name":"GDPR: Conceitos B\u00e1sico"}]},{"@type":"WebSite","@id":"https:\/\/www.newslettercreator.com\/#website","url":"https:\/\/www.newslettercreator.com\/","name":"Newsletter Creator","description":"Pay off","potentialAction":[{"@type":"SearchAction","target":{"@type":"EntryPoint","urlTemplate":"https:\/\/www.newslettercreator.com\/?s={search_term_string}"},"query-input":{"@type":"PropertyValueSpecification","valueRequired":true,"valueName":"search_term_string"}}],"inLanguage":"pt-PT"}]}},"_links":{"self":[{"href":"https:\/\/www.newslettercreator.com\/pt-pt\/wp-json\/wp\/v2\/pages\/6886","targetHints":{"allow":["GET"]}}],"collection":[{"href":"https:\/\/www.newslettercreator.com\/pt-pt\/wp-json\/wp\/v2\/pages"}],"about":[{"href":"https:\/\/www.newslettercreator.com\/pt-pt\/wp-json\/wp\/v2\/types\/page"}],"author":[{"embeddable":true,"href":"https:\/\/www.newslettercreator.com\/pt-pt\/wp-json\/wp\/v2\/users\/2"}],"replies":[{"embeddable":true,"href":"https:\/\/www.newslettercreator.com\/pt-pt\/wp-json\/wp\/v2\/comments?post=6886"}],"version-history":[{"count":3,"href":"https:\/\/www.newslettercreator.com\/pt-pt\/wp-json\/wp\/v2\/pages\/6886\/revisions"}],"predecessor-version":[{"id":6890,"href":"https:\/\/www.newslettercreator.com\/pt-pt\/wp-json\/wp\/v2\/pages\/6886\/revisions\/6890"}],"wp:attachment":[{"href":"https:\/\/www.newslettercreator.com\/pt-pt\/wp-json\/wp\/v2\/media?parent=6886"}],"curies":[{"name":"wp","href":"https:\/\/api.w.org\/{rel}","templated":true}]}}