{"id":6979,"date":"2018-05-31T15:05:24","date_gmt":"2018-05-31T15:05:24","guid":{"rendered":"https:\/\/www.newslettercreator.com\/?page_id=6979"},"modified":"2018-05-31T15:05:24","modified_gmt":"2018-05-31T15:05:24","slug":"aceder-exportar-modificar-e-remover-informacao","status":"publish","type":"page","link":"https:\/\/www.newslettercreator.com\/pt-pt\/politica-de-privacidade-regulamento-da-ue-2016-79-rgpd\/aceder-exportar-modificar-e-remover-informacao\/","title":{"rendered":"Aceder, exportar, modificar e remover informa\u00e7\u00e3o"},"content":{"rendered":"<p><img decoding=\"async\" class=\"alignnone size-full wp-image-6760\" src=\"https:\/\/www.newslettercreator.com\/wp-content\/uploads\/2018\/05\/gdpr-esporta-1.png\" alt=\"\" width=\"1280\" height=\"700\" srcset=\"https:\/\/www.newslettercreator.com\/wp-content\/uploads\/2018\/05\/gdpr-esporta-1.png 1280w, https:\/\/www.newslettercreator.com\/wp-content\/uploads\/2018\/05\/gdpr-esporta-1-300x164.png 300w, https:\/\/www.newslettercreator.com\/wp-content\/uploads\/2018\/05\/gdpr-esporta-1-768x420.png 768w, https:\/\/www.newslettercreator.com\/wp-content\/uploads\/2018\/05\/gdpr-esporta-1-1024x560.png 1024w, https:\/\/www.newslettercreator.com\/wp-content\/uploads\/2018\/05\/gdpr-esporta-1-968x529.png 968w, https:\/\/www.newslettercreator.com\/wp-content\/uploads\/2018\/05\/gdpr-esporta-1-636x348.png 636w, https:\/\/www.newslettercreator.com\/wp-content\/uploads\/2018\/05\/gdpr-esporta-1-320x175.png 320w, https:\/\/www.newslettercreator.com\/wp-content\/uploads\/2018\/05\/gdpr-esporta-1-239x131.png 239w\" sizes=\"(max-width: 1280px) 100vw, 1280px\" \/><\/p>\n<ul class=\"g1-grid\"><li class=\"g1-column g1-one-fourth g1-valign-top\">\n<h4>Direito de acesso, retifica\u00e7\u00e3o e oposi\u00e7\u00e3o<\/h4>\n<\/li><!-- -->\n<li class=\"g1-column g1-three-fourth g1-valign-top\">\n<p>Estabelecemos mecanismos e procedimentos que, a qualquer momento e por motivos leg\u00edtimos, lhe garantem a capacidade de:<\/p>\n\n<ul id=\"g1-list-1\" class=\"g1-list--upper-alpha g1-list--none \">\n<li>se opor ao processamento de dados;<\/li>\n<li>de solicitar o cancelamento, modifica\u00e7\u00e3o ou atualiza\u00e7\u00e3o de todas as suas informa\u00e7\u00f5es pessoais em nossa posse.<\/li>\n<\/ul>\n\n<p>A Delivery Tech tamb\u00e9m lhe permite alterar os seus dados sempre que quiser, acedendo ao seu perfil atrav\u00e9s dos nossos portais ou entrando em contacto connosco no endere\u00e7o de e-mail indicado na se\u00e7\u00e3o de privacidade do site ao qual o servi\u00e7o espec\u00edfico se refere.<br \/>\nPode cancelar a assinatura do nosso boletim informativo ou optar por n\u00e3o receber comunica\u00e7\u00f5es comerciais por e-mail. Basta usar o link de cancelamento da assinatura inclu\u00eddo em todos os e-mails.<br \/>\nPode encaminhar pedidos de cancelamento, modifica\u00e7\u00e3o ou atualiza\u00e7\u00e3o de todas as informa\u00e7\u00f5es pessoais eletronicamente usando os formul\u00e1rios apropriados ou informando-nos por e-mail.<br \/>\nEsses pedidos ser\u00e3o processados dentro de um per\u00edodo m\u00e1ximo de 30 dias, a menos que haja um atraso justificado.<br \/>\nSe a Delivery Tech for o processador de dados, de acordo com o princ\u00edpio de coopera\u00e7\u00e3o, ajudaremos o controlador de dados a implementar os pedidos mencionados acima.<\/p>\n<\/li><!-- --><\/ul>\n<div id=\"g1-divider-1\" class=\"g1-divider g1-divider--none g1-divider--noicon \"><\/div>\n<ul class=\"g1-grid\"><li class=\"g1-column g1-one-fourth g1-valign-top\">\n<h4>Direito a ser esquecido<\/h4>\n<\/li><!-- -->\n<li class=\"g1-column g1-three-fourth g1-valign-top\">\n<p>Cri\u00e1mos todos os procedimentos necess\u00e1rios para lhe garantir o seu direito de ser esquecido, o que lhe permite corrigir os seus dados pessoais.<br \/>\nEm resposta ao seu pedido leg\u00edtimo, excluiremos os seus dados, que n\u00e3o estar\u00e3o mais sujeitos a nenhum tipo de processamento. Nem usaremos os seus dados para qualquer finalidade que n\u00e3o seja aquela necess\u00e1ria para a qual os dados foram previamente recolhidos ou processados.<br \/>\nTem o direito de retirar o seu consentimento ou de se opor ao processamento de dados se acreditar que este n\u00e3o est\u00e1 em conformidade com este regulamento.<br \/>\nPara tirar partido deste direito, ter\u00e1 de provar que \u00e9 eleg\u00edvel para fazer este pedido, enviando-nos documentos que comprovem a sua identidade. Por favor, n\u00e3o se esque\u00e7a que deve explicar a sua decis\u00e3o.<br \/>\nAssim que recebermos a sua comunica\u00e7\u00e3o, responderemos o mais breve poss\u00edvel para confirmar e demonstrar o cancelamento dos seus dados.<\/p>\n<\/li><!-- --><\/ul>\n<div id=\"g1-divider-2\" class=\"g1-divider g1-divider--none g1-divider--noicon \"><\/div>\n<ul class=\"g1-grid\"><li class=\"g1-column g1-one-fourth g1-valign-top\">\n<h4>Direito de portabilidade de dados<\/h4>\n<\/li><!-- -->\n<li class=\"g1-column g1-three-fourth g1-valign-top\">\n<p>Para fortalecer ainda mais o controlo de qualquer dado processado automaticamente, ter\u00e1 o direito de transferir esses dados das nossas aplica\u00e7\u00f5es.<br \/>\nOs dados estar\u00e3o dispon\u00edveis num formato estruturado, normalmente utilizado e leg\u00edvel por um dispositivo eletr\u00f3nico (como computadores, smartphones, tablets, etc.)<br \/>\nOs ficheiros com os seus dados pessoais podem ser transmitidos para outro controlador de dados similar, garantindo o seu direito \u00e0 portabilidade de dados.<\/p>\n<\/li><!-- --><\/ul>\n<div id=\"g1-divider-3\" class=\"g1-divider g1-divider--none g1-divider--noicon \"><\/div>\n<ul class=\"g1-grid\"><li class=\"g1-column g1-one-fourth g1-valign-top\">\n<h4>Direito de revoga\u00e7\u00e3o do consentimento ao processamento de dados<\/h4>\n<\/li><!-- -->\n<li class=\"g1-column g1-three-fourth g1-valign-top\">\n<p>Se j\u00e1 n\u00e3o desejar receber mais os nossos e-mails promocionais, siga as instru\u00e7\u00f5es para a remo\u00e7\u00e3o da nossa lista de contactos inclu\u00edda em cada e-mail.<br \/>\nLembre-se: a revoga\u00e7\u00e3o do consentimento para o processamento de dados, limitado ao uso de um servi\u00e7o oferecido gratuitamente, suspende <em>ipso jure<\/em> o fornecimento.<\/p>\n<\/li><!-- --><\/ul>\n<div id=\"g1-divider-4\" class=\"g1-divider g1-divider--none g1-divider--noicon \"><\/div>\n<ul class=\"g1-grid\"><li class=\"g1-column g1-one-fourth g1-valign-top\">\n<h4>Direito de revoga\u00e7\u00e3o do consentimento para o processamento de dados para membros de listas de clientes<\/h4>\n<\/li><!-- -->\n<li class=\"g1-column g1-three-fourth g1-valign-top\">\n<p>Se se inscreveu na lista de contactos de um dos nossos utilizadores, lembramos que somos os \u00fanicos respons\u00e1veis \u200b\u200bpelo processamento de dados. O utilizador \u00e9 o controlador de dados e cabe a esse utilizador excluir ou atualizar os seus dados.<br \/>\nSe j\u00e1 n\u00e3o desejar receber mais as comunica\u00e7\u00f5es enviadas por um dos nossos utilizadores, convidamo-lo a cancelar a inscri\u00e7\u00e3o atrav\u00e9s do link dispon\u00edvel no e-mail que recebeu ou a entrar em contacto diretamente com o utilizador para fazer o seu pedido.<br \/>\nO pedido efetuado para revogar o seu consentimento para o processamento dos seus dados ser\u00e1 comunicado ao utilizador que possuir as suas informa\u00e7\u00f5es de contacto na sua lista. Esse utilizador ter\u00e1 de remover ou atualizar os seus dados.<\/p>\n<\/li><!-- --><\/ul>\n","protected":false},"excerpt":{"rendered":"","protected":false},"author":2,"featured_media":0,"parent":6956,"menu_order":4,"comment_status":"closed","ping_status":"closed","template":"g1_template_page_nav_left.php","meta":{"inline_featured_image":false,"_monsterinsights_skip_tracking":false,"_monsterinsights_sitenote_active":false,"_monsterinsights_sitenote_note":"","_monsterinsights_sitenote_category":0,"footnotes":""},"class_list":["post-6979","page","type-page","status-publish"],"yoast_head":"<!-- This site is optimized with the Yoast SEO plugin v25.2 - https:\/\/yoast.com\/wordpress\/plugins\/seo\/ -->\n<title>Aceder, exportar, modificar e remover informa\u00e7\u00e3o - Newsletter Creator<\/title>\n<meta name=\"robots\" content=\"index, follow, max-snippet:-1, max-image-preview:large, max-video-preview:-1\" \/>\n<link rel=\"canonical\" href=\"https:\/\/www.newslettercreator.com\/pt-pt\/politica-de-privacidade-regulamento-da-ue-2016-79-rgpd\/aceder-exportar-modificar-e-remover-informacao\/\" \/>\n<meta property=\"og:locale\" content=\"pt_PT\" \/>\n<meta property=\"og:type\" content=\"article\" \/>\n<meta property=\"og:title\" content=\"Aceder, exportar, modificar e remover informa\u00e7\u00e3o - Newsletter Creator\" \/>\n<meta property=\"og:url\" content=\"https:\/\/www.newslettercreator.com\/pt-pt\/politica-de-privacidade-regulamento-da-ue-2016-79-rgpd\/aceder-exportar-modificar-e-remover-informacao\/\" \/>\n<meta property=\"og:site_name\" content=\"Newsletter Creator\" \/>\n<meta property=\"og:image\" content=\"https:\/\/www.newslettercreator.com\/wp-content\/uploads\/2018\/05\/gdpr-esporta-1.png\" \/>\n<meta name=\"twitter:label1\" content=\"Tempo estimado de leitura\" \/>\n\t<meta name=\"twitter:data1\" content=\"4 minutos\" \/>\n<script type=\"application\/ld+json\" class=\"yoast-schema-graph\">{\"@context\":\"https:\/\/schema.org\",\"@graph\":[{\"@type\":\"WebPage\",\"@id\":\"https:\/\/www.newslettercreator.com\/pt-pt\/politica-de-privacidade-regulamento-da-ue-2016-79-rgpd\/aceder-exportar-modificar-e-remover-informacao\/\",\"url\":\"https:\/\/www.newslettercreator.com\/pt-pt\/politica-de-privacidade-regulamento-da-ue-2016-79-rgpd\/aceder-exportar-modificar-e-remover-informacao\/\",\"name\":\"Aceder, exportar, modificar e remover informa\u00e7\u00e3o - Newsletter Creator\",\"isPartOf\":{\"@id\":\"https:\/\/www.newslettercreator.com\/#website\"},\"primaryImageOfPage\":{\"@id\":\"https:\/\/www.newslettercreator.com\/pt-pt\/politica-de-privacidade-regulamento-da-ue-2016-79-rgpd\/aceder-exportar-modificar-e-remover-informacao\/#primaryimage\"},\"image\":{\"@id\":\"https:\/\/www.newslettercreator.com\/pt-pt\/politica-de-privacidade-regulamento-da-ue-2016-79-rgpd\/aceder-exportar-modificar-e-remover-informacao\/#primaryimage\"},\"thumbnailUrl\":\"https:\/\/www.newslettercreator.com\/wp-content\/uploads\/2018\/05\/gdpr-esporta-1.png\",\"datePublished\":\"2018-05-31T15:05:24+00:00\",\"breadcrumb\":{\"@id\":\"https:\/\/www.newslettercreator.com\/pt-pt\/politica-de-privacidade-regulamento-da-ue-2016-79-rgpd\/aceder-exportar-modificar-e-remover-informacao\/#breadcrumb\"},\"inLanguage\":\"pt-PT\",\"potentialAction\":[{\"@type\":\"ReadAction\",\"target\":[\"https:\/\/www.newslettercreator.com\/pt-pt\/politica-de-privacidade-regulamento-da-ue-2016-79-rgpd\/aceder-exportar-modificar-e-remover-informacao\/\"]}]},{\"@type\":\"ImageObject\",\"inLanguage\":\"pt-PT\",\"@id\":\"https:\/\/www.newslettercreator.com\/pt-pt\/politica-de-privacidade-regulamento-da-ue-2016-79-rgpd\/aceder-exportar-modificar-e-remover-informacao\/#primaryimage\",\"url\":\"https:\/\/www.newslettercreator.com\/wp-content\/uploads\/2018\/05\/gdpr-esporta-1.png\",\"contentUrl\":\"https:\/\/www.newslettercreator.com\/wp-content\/uploads\/2018\/05\/gdpr-esporta-1.png\"},{\"@type\":\"BreadcrumbList\",\"@id\":\"https:\/\/www.newslettercreator.com\/pt-pt\/politica-de-privacidade-regulamento-da-ue-2016-79-rgpd\/aceder-exportar-modificar-e-remover-informacao\/#breadcrumb\",\"itemListElement\":[{\"@type\":\"ListItem\",\"position\":1,\"name\":\"Home\",\"item\":\"https:\/\/www.newslettercreator.com\/pt-pt\/\"},{\"@type\":\"ListItem\",\"position\":2,\"name\":\"RGPD &#8211; Introdu\u00e7\u00e3o &#8211; Objetivos\",\"item\":\"https:\/\/www.newslettercreator.com\/pt-pt\/politica-de-privacidade-regulamento-da-ue-2016-79-rgpd\/\"},{\"@type\":\"ListItem\",\"position\":3,\"name\":\"Aceder, exportar, modificar e remover informa\u00e7\u00e3o\"}]},{\"@type\":\"WebSite\",\"@id\":\"https:\/\/www.newslettercreator.com\/#website\",\"url\":\"https:\/\/www.newslettercreator.com\/\",\"name\":\"Newsletter Creator\",\"description\":\"Pay off\",\"potentialAction\":[{\"@type\":\"SearchAction\",\"target\":{\"@type\":\"EntryPoint\",\"urlTemplate\":\"https:\/\/www.newslettercreator.com\/?s={search_term_string}\"},\"query-input\":{\"@type\":\"PropertyValueSpecification\",\"valueRequired\":true,\"valueName\":\"search_term_string\"}}],\"inLanguage\":\"pt-PT\"}]}<\/script>\n<!-- \/ Yoast SEO plugin. -->","yoast_head_json":{"title":"Aceder, exportar, modificar e remover informa\u00e7\u00e3o - Newsletter Creator","robots":{"index":"index","follow":"follow","max-snippet":"max-snippet:-1","max-image-preview":"max-image-preview:large","max-video-preview":"max-video-preview:-1"},"canonical":"https:\/\/www.newslettercreator.com\/pt-pt\/politica-de-privacidade-regulamento-da-ue-2016-79-rgpd\/aceder-exportar-modificar-e-remover-informacao\/","og_locale":"pt_PT","og_type":"article","og_title":"Aceder, exportar, modificar e remover informa\u00e7\u00e3o - Newsletter Creator","og_url":"https:\/\/www.newslettercreator.com\/pt-pt\/politica-de-privacidade-regulamento-da-ue-2016-79-rgpd\/aceder-exportar-modificar-e-remover-informacao\/","og_site_name":"Newsletter Creator","og_image":[{"url":"https:\/\/www.newslettercreator.com\/wp-content\/uploads\/2018\/05\/gdpr-esporta-1.png","type":"","width":"","height":""}],"twitter_misc":{"Tempo estimado de leitura":"4 minutos"},"schema":{"@context":"https:\/\/schema.org","@graph":[{"@type":"WebPage","@id":"https:\/\/www.newslettercreator.com\/pt-pt\/politica-de-privacidade-regulamento-da-ue-2016-79-rgpd\/aceder-exportar-modificar-e-remover-informacao\/","url":"https:\/\/www.newslettercreator.com\/pt-pt\/politica-de-privacidade-regulamento-da-ue-2016-79-rgpd\/aceder-exportar-modificar-e-remover-informacao\/","name":"Aceder, exportar, modificar e remover informa\u00e7\u00e3o - Newsletter Creator","isPartOf":{"@id":"https:\/\/www.newslettercreator.com\/#website"},"primaryImageOfPage":{"@id":"https:\/\/www.newslettercreator.com\/pt-pt\/politica-de-privacidade-regulamento-da-ue-2016-79-rgpd\/aceder-exportar-modificar-e-remover-informacao\/#primaryimage"},"image":{"@id":"https:\/\/www.newslettercreator.com\/pt-pt\/politica-de-privacidade-regulamento-da-ue-2016-79-rgpd\/aceder-exportar-modificar-e-remover-informacao\/#primaryimage"},"thumbnailUrl":"https:\/\/www.newslettercreator.com\/wp-content\/uploads\/2018\/05\/gdpr-esporta-1.png","datePublished":"2018-05-31T15:05:24+00:00","breadcrumb":{"@id":"https:\/\/www.newslettercreator.com\/pt-pt\/politica-de-privacidade-regulamento-da-ue-2016-79-rgpd\/aceder-exportar-modificar-e-remover-informacao\/#breadcrumb"},"inLanguage":"pt-PT","potentialAction":[{"@type":"ReadAction","target":["https:\/\/www.newslettercreator.com\/pt-pt\/politica-de-privacidade-regulamento-da-ue-2016-79-rgpd\/aceder-exportar-modificar-e-remover-informacao\/"]}]},{"@type":"ImageObject","inLanguage":"pt-PT","@id":"https:\/\/www.newslettercreator.com\/pt-pt\/politica-de-privacidade-regulamento-da-ue-2016-79-rgpd\/aceder-exportar-modificar-e-remover-informacao\/#primaryimage","url":"https:\/\/www.newslettercreator.com\/wp-content\/uploads\/2018\/05\/gdpr-esporta-1.png","contentUrl":"https:\/\/www.newslettercreator.com\/wp-content\/uploads\/2018\/05\/gdpr-esporta-1.png"},{"@type":"BreadcrumbList","@id":"https:\/\/www.newslettercreator.com\/pt-pt\/politica-de-privacidade-regulamento-da-ue-2016-79-rgpd\/aceder-exportar-modificar-e-remover-informacao\/#breadcrumb","itemListElement":[{"@type":"ListItem","position":1,"name":"Home","item":"https:\/\/www.newslettercreator.com\/pt-pt\/"},{"@type":"ListItem","position":2,"name":"RGPD &#8211; Introdu\u00e7\u00e3o &#8211; Objetivos","item":"https:\/\/www.newslettercreator.com\/pt-pt\/politica-de-privacidade-regulamento-da-ue-2016-79-rgpd\/"},{"@type":"ListItem","position":3,"name":"Aceder, exportar, modificar e remover informa\u00e7\u00e3o"}]},{"@type":"WebSite","@id":"https:\/\/www.newslettercreator.com\/#website","url":"https:\/\/www.newslettercreator.com\/","name":"Newsletter Creator","description":"Pay off","potentialAction":[{"@type":"SearchAction","target":{"@type":"EntryPoint","urlTemplate":"https:\/\/www.newslettercreator.com\/?s={search_term_string}"},"query-input":{"@type":"PropertyValueSpecification","valueRequired":true,"valueName":"search_term_string"}}],"inLanguage":"pt-PT"}]}},"_links":{"self":[{"href":"https:\/\/www.newslettercreator.com\/pt-pt\/wp-json\/wp\/v2\/pages\/6979","targetHints":{"allow":["GET"]}}],"collection":[{"href":"https:\/\/www.newslettercreator.com\/pt-pt\/wp-json\/wp\/v2\/pages"}],"about":[{"href":"https:\/\/www.newslettercreator.com\/pt-pt\/wp-json\/wp\/v2\/types\/page"}],"author":[{"embeddable":true,"href":"https:\/\/www.newslettercreator.com\/pt-pt\/wp-json\/wp\/v2\/users\/2"}],"replies":[{"embeddable":true,"href":"https:\/\/www.newslettercreator.com\/pt-pt\/wp-json\/wp\/v2\/comments?post=6979"}],"version-history":[{"count":3,"href":"https:\/\/www.newslettercreator.com\/pt-pt\/wp-json\/wp\/v2\/pages\/6979\/revisions"}],"predecessor-version":[{"id":6983,"href":"https:\/\/www.newslettercreator.com\/pt-pt\/wp-json\/wp\/v2\/pages\/6979\/revisions\/6983"}],"up":[{"embeddable":true,"href":"https:\/\/www.newslettercreator.com\/pt-pt\/wp-json\/wp\/v2\/pages\/6956"}],"wp:attachment":[{"href":"https:\/\/www.newslettercreator.com\/pt-pt\/wp-json\/wp\/v2\/media?parent=6979"}],"curies":[{"name":"wp","href":"https:\/\/api.w.org\/{rel}","templated":true}]}}