{"id":1757,"date":"2014-10-15T12:53:20","date_gmt":"2014-10-15T12:53:20","guid":{"rendered":"http:\/\/www.newslettercreator.com\/?page_id=1757"},"modified":"2014-10-15T12:53:20","modified_gmt":"2014-10-15T12:53:20","slug":"biblioteca-de-imagini-basic","status":"publish","type":"page","link":"https:\/\/www.newslettercreator.com\/ro\/biblioteca-de-imagini-basic\/","title":{"rendered":"Biblioteca de imagini Basic"},"content":{"rendered":"<p><img decoding=\"async\" class=\"alignnone size-full wp-image-387\" src=\"http:\/\/www.newslettercreator.com\/wp-content\/uploads\/2014\/04\/library-base.jpg\" alt=\"Biblioteca de imagini Basic\" width=\"649\" height=\"423\" srcset=\"https:\/\/www.newslettercreator.com\/wp-content\/uploads\/2014\/04\/library-base.jpg 649w, https:\/\/www.newslettercreator.com\/wp-content\/uploads\/2014\/04\/library-base-300x195.jpg 300w\" sizes=\"(max-width: 649px) 100vw, 649px\" \/><\/p>\n<p>Pentru a realiza un buletin informativ eficient, este esen\u021bial s\u0103 v\u0103 baza\u021bi pe o gam\u0103 vast\u0103 de imagini profesioniste, gata preg\u0103tite. De aceea MailStyler vine cu o bibliotec\u0103 de <strong>mai mult de 2000 de imagini de \u00eenalt\u0103 calitate, originale<\/strong>.<\/p>\n<p>Biblioteca este organizat\u0103 \u00een <strong>51 de categorii<\/strong> &#8211; de la art\u0103 la automobile, de la electronice la mod\u0103, de la jocuri la sport, etc &#8211; plus o colec\u021bie de <strong>icoane din mass-media social\u0103<\/strong>. \u00cen acest fel v\u0103 va fi mai u\u0219or s\u0103 afla\u021bi imaginile potrivite pentru domeniul afacerii dvs., cu siguran\u021ba utiliz\u0103rii <strong>materialelor de prima calitate<\/strong> mereu.<\/p>\n<p><strong>Versiunile gratis \u0219i Basic<\/strong> v\u0103 permit s\u0103 utiliza\u021bi p\u00e2n\u0103 la trei imagini pentru fiecare categorie, f\u0103r\u0103 filigran (pentru un total de mai mult de 200), \u0219i toate celelalte imagini cu un filigran con\u021bin\u00e2nd logo-ul nostru. Toate imaginile sunt la rezolu\u021bia de 800&#215;600.<\/p>\n","protected":false},"excerpt":{"rendered":"<p>Pentru a realiza un buletin informativ eficient, este esen\u021bial s\u0103 v\u0103 baza\u021bi pe o gam\u0103 vast\u0103 de imagini profesioniste, gata preg\u0103tite. De aceea MailStyler vine cu o bibliotec\u0103 de mai mult de 2000 de imagini de \u00eenalt\u0103 calitate, originale. Biblioteca este organizat\u0103 \u00een 51 de categorii &#8211; de la art\u0103 la automobile, de la electronice [&hellip;]<\/p>\n","protected":false},"author":1,"featured_media":0,"parent":0,"menu_order":0,"comment_status":"closed","ping_status":"closed","template":"g1_template_page_sidebar_right.php","meta":{"inline_featured_image":false,"_monsterinsights_skip_tracking":false,"_monsterinsights_sitenote_active":false,"_monsterinsights_sitenote_note":"","_monsterinsights_sitenote_category":0,"footnotes":""},"class_list":["post-1757","page","type-page","status-publish"],"yoast_head":"<!-- This site is optimized with the Yoast SEO plugin v25.2 - https:\/\/yoast.com\/wordpress\/plugins\/seo\/ -->\n<title>Biblioteca de imagini Basic - Newsletter Creator<\/title>\n<meta name=\"robots\" content=\"index, follow, max-snippet:-1, max-image-preview:large, max-video-preview:-1\" \/>\n<link rel=\"canonical\" href=\"https:\/\/www.newslettercreator.com\/ro\/biblioteca-de-imagini-basic\/\" \/>\n<meta property=\"og:locale\" content=\"ro_RO\" \/>\n<meta property=\"og:type\" content=\"article\" \/>\n<meta property=\"og:title\" content=\"Biblioteca de imagini Basic - Newsletter Creator\" \/>\n<meta property=\"og:description\" content=\"Pentru a realiza un buletin informativ eficient, este esen\u021bial s\u0103 v\u0103 baza\u021bi pe o gam\u0103 vast\u0103 de imagini profesioniste, gata preg\u0103tite. De aceea MailStyler vine cu o bibliotec\u0103 de mai mult de 2000 de imagini de \u00eenalt\u0103 calitate, originale. Biblioteca este organizat\u0103 \u00een 51 de categorii &#8211; de la art\u0103 la automobile, de la electronice [&hellip;]\" \/>\n<meta property=\"og:url\" content=\"https:\/\/www.newslettercreator.com\/ro\/biblioteca-de-imagini-basic\/\" \/>\n<meta property=\"og:site_name\" content=\"Newsletter Creator\" \/>\n<meta property=\"og:image\" content=\"http:\/\/www.newslettercreator.com\/wp-content\/uploads\/2014\/04\/library-base.jpg\" \/>\n<meta name=\"twitter:label1\" content=\"Timp estimat pentru citire\" \/>\n\t<meta name=\"twitter:data1\" content=\"1 minut\" \/>\n<script type=\"application\/ld+json\" class=\"yoast-schema-graph\">{\"@context\":\"https:\/\/schema.org\",\"@graph\":[{\"@type\":\"WebPage\",\"@id\":\"https:\/\/www.newslettercreator.com\/ro\/biblioteca-de-imagini-basic\/\",\"url\":\"https:\/\/www.newslettercreator.com\/ro\/biblioteca-de-imagini-basic\/\",\"name\":\"Biblioteca de imagini Basic - Newsletter Creator\",\"isPartOf\":{\"@id\":\"https:\/\/www.newslettercreator.com\/#website\"},\"primaryImageOfPage\":{\"@id\":\"https:\/\/www.newslettercreator.com\/ro\/biblioteca-de-imagini-basic\/#primaryimage\"},\"image\":{\"@id\":\"https:\/\/www.newslettercreator.com\/ro\/biblioteca-de-imagini-basic\/#primaryimage\"},\"thumbnailUrl\":\"http:\/\/www.newslettercreator.com\/wp-content\/uploads\/2014\/04\/library-base.jpg\",\"datePublished\":\"2014-10-15T12:53:20+00:00\",\"breadcrumb\":{\"@id\":\"https:\/\/www.newslettercreator.com\/ro\/biblioteca-de-imagini-basic\/#breadcrumb\"},\"inLanguage\":\"ro-RO\",\"potentialAction\":[{\"@type\":\"ReadAction\",\"target\":[\"https:\/\/www.newslettercreator.com\/ro\/biblioteca-de-imagini-basic\/\"]}]},{\"@type\":\"ImageObject\",\"inLanguage\":\"ro-RO\",\"@id\":\"https:\/\/www.newslettercreator.com\/ro\/biblioteca-de-imagini-basic\/#primaryimage\",\"url\":\"http:\/\/www.newslettercreator.com\/wp-content\/uploads\/2014\/04\/library-base.jpg\",\"contentUrl\":\"http:\/\/www.newslettercreator.com\/wp-content\/uploads\/2014\/04\/library-base.jpg\"},{\"@type\":\"BreadcrumbList\",\"@id\":\"https:\/\/www.newslettercreator.com\/ro\/biblioteca-de-imagini-basic\/#breadcrumb\",\"itemListElement\":[{\"@type\":\"ListItem\",\"position\":1,\"name\":\"Home\",\"item\":\"https:\/\/www.newslettercreator.com\/ro\/\"},{\"@type\":\"ListItem\",\"position\":2,\"name\":\"Biblioteca de imagini Basic\"}]},{\"@type\":\"WebSite\",\"@id\":\"https:\/\/www.newslettercreator.com\/#website\",\"url\":\"https:\/\/www.newslettercreator.com\/\",\"name\":\"Newsletter Creator\",\"description\":\"Pay off\",\"potentialAction\":[{\"@type\":\"SearchAction\",\"target\":{\"@type\":\"EntryPoint\",\"urlTemplate\":\"https:\/\/www.newslettercreator.com\/?s={search_term_string}\"},\"query-input\":{\"@type\":\"PropertyValueSpecification\",\"valueRequired\":true,\"valueName\":\"search_term_string\"}}],\"inLanguage\":\"ro-RO\"}]}<\/script>\n<!-- \/ Yoast SEO plugin. -->","yoast_head_json":{"title":"Biblioteca de imagini Basic - Newsletter Creator","robots":{"index":"index","follow":"follow","max-snippet":"max-snippet:-1","max-image-preview":"max-image-preview:large","max-video-preview":"max-video-preview:-1"},"canonical":"https:\/\/www.newslettercreator.com\/ro\/biblioteca-de-imagini-basic\/","og_locale":"ro_RO","og_type":"article","og_title":"Biblioteca de imagini Basic - Newsletter Creator","og_description":"Pentru a realiza un buletin informativ eficient, este esen\u021bial s\u0103 v\u0103 baza\u021bi pe o gam\u0103 vast\u0103 de imagini profesioniste, gata preg\u0103tite. De aceea MailStyler vine cu o bibliotec\u0103 de mai mult de 2000 de imagini de \u00eenalt\u0103 calitate, originale. Biblioteca este organizat\u0103 \u00een 51 de categorii &#8211; de la art\u0103 la automobile, de la electronice [&hellip;]","og_url":"https:\/\/www.newslettercreator.com\/ro\/biblioteca-de-imagini-basic\/","og_site_name":"Newsletter Creator","og_image":[{"url":"http:\/\/www.newslettercreator.com\/wp-content\/uploads\/2014\/04\/library-base.jpg","type":"","width":"","height":""}],"twitter_misc":{"Timp estimat pentru citire":"1 minut"},"schema":{"@context":"https:\/\/schema.org","@graph":[{"@type":"WebPage","@id":"https:\/\/www.newslettercreator.com\/ro\/biblioteca-de-imagini-basic\/","url":"https:\/\/www.newslettercreator.com\/ro\/biblioteca-de-imagini-basic\/","name":"Biblioteca de imagini Basic - Newsletter Creator","isPartOf":{"@id":"https:\/\/www.newslettercreator.com\/#website"},"primaryImageOfPage":{"@id":"https:\/\/www.newslettercreator.com\/ro\/biblioteca-de-imagini-basic\/#primaryimage"},"image":{"@id":"https:\/\/www.newslettercreator.com\/ro\/biblioteca-de-imagini-basic\/#primaryimage"},"thumbnailUrl":"http:\/\/www.newslettercreator.com\/wp-content\/uploads\/2014\/04\/library-base.jpg","datePublished":"2014-10-15T12:53:20+00:00","breadcrumb":{"@id":"https:\/\/www.newslettercreator.com\/ro\/biblioteca-de-imagini-basic\/#breadcrumb"},"inLanguage":"ro-RO","potentialAction":[{"@type":"ReadAction","target":["https:\/\/www.newslettercreator.com\/ro\/biblioteca-de-imagini-basic\/"]}]},{"@type":"ImageObject","inLanguage":"ro-RO","@id":"https:\/\/www.newslettercreator.com\/ro\/biblioteca-de-imagini-basic\/#primaryimage","url":"http:\/\/www.newslettercreator.com\/wp-content\/uploads\/2014\/04\/library-base.jpg","contentUrl":"http:\/\/www.newslettercreator.com\/wp-content\/uploads\/2014\/04\/library-base.jpg"},{"@type":"BreadcrumbList","@id":"https:\/\/www.newslettercreator.com\/ro\/biblioteca-de-imagini-basic\/#breadcrumb","itemListElement":[{"@type":"ListItem","position":1,"name":"Home","item":"https:\/\/www.newslettercreator.com\/ro\/"},{"@type":"ListItem","position":2,"name":"Biblioteca de imagini Basic"}]},{"@type":"WebSite","@id":"https:\/\/www.newslettercreator.com\/#website","url":"https:\/\/www.newslettercreator.com\/","name":"Newsletter Creator","description":"Pay off","potentialAction":[{"@type":"SearchAction","target":{"@type":"EntryPoint","urlTemplate":"https:\/\/www.newslettercreator.com\/?s={search_term_string}"},"query-input":{"@type":"PropertyValueSpecification","valueRequired":true,"valueName":"search_term_string"}}],"inLanguage":"ro-RO"}]}},"_links":{"self":[{"href":"https:\/\/www.newslettercreator.com\/ro\/wp-json\/wp\/v2\/pages\/1757","targetHints":{"allow":["GET"]}}],"collection":[{"href":"https:\/\/www.newslettercreator.com\/ro\/wp-json\/wp\/v2\/pages"}],"about":[{"href":"https:\/\/www.newslettercreator.com\/ro\/wp-json\/wp\/v2\/types\/page"}],"author":[{"embeddable":true,"href":"https:\/\/www.newslettercreator.com\/ro\/wp-json\/wp\/v2\/users\/1"}],"replies":[{"embeddable":true,"href":"https:\/\/www.newslettercreator.com\/ro\/wp-json\/wp\/v2\/comments?post=1757"}],"version-history":[{"count":1,"href":"https:\/\/www.newslettercreator.com\/ro\/wp-json\/wp\/v2\/pages\/1757\/revisions"}],"predecessor-version":[{"id":1758,"href":"https:\/\/www.newslettercreator.com\/ro\/wp-json\/wp\/v2\/pages\/1757\/revisions\/1758"}],"wp:attachment":[{"href":"https:\/\/www.newslettercreator.com\/ro\/wp-json\/wp\/v2\/media?parent=1757"}],"curies":[{"name":"wp","href":"https:\/\/api.w.org\/{rel}","templated":true}]}}