{"id":1759,"date":"2014-10-15T12:55:08","date_gmt":"2014-10-15T12:55:08","guid":{"rendered":"http:\/\/www.newslettercreator.com\/?page_id=1759"},"modified":"2022-03-03T15:50:00","modified_gmt":"2022-03-03T14:50:00","slug":"biblioteca-de-imagini-advanced","status":"publish","type":"page","link":"https:\/\/www.newslettercreator.com\/ro\/biblioteca-de-imagini-advanced\/","title":{"rendered":"Biblioteca de imagini Advanced"},"content":{"rendered":"<p><img decoding=\"async\" class=\"alignnone size-full wp-image-387\" src=\"http:\/\/www.newslettercreator.com\/wp-content\/uploads\/2014\/04\/library-adv.jpg\" alt=\"Biblioteca de imagini Advanced\" width=\"649\" height=\"423\" \/><\/p>\n<p>Pentru a realiza un buletin informativ eficient, este esen\u021bial s\u0103 v\u0103 baza\u021bi pe o gam\u0103 vast\u0103 de imagini profesioniste, gata preg\u0103tite. De aceea MailStyler vine cu o bibliotec\u0103 de <strong>mai mult de 3.5 milioane de imagini de \u00eenalt\u0103 calitate<\/strong>.<\/p>\n<ul>\n<li>Biblioteca MailStyler (2.000+ imagini);<\/li>\n<li>Biblioteca <img decoding=\"async\" src=\"https:\/\/www.newslettercreator.com\/wp-content\/uploads\/2022\/03\/unsplash-18x79-1.svg\" width=\"79\" height=\"18\" style=\"margin-bottom: -3px; opacity: 0.8;\"> (1 milion de imagini);<\/li>\n<li>Biblioteca <img decoding=\"async\" src=\"https:\/\/www.newslettercreator.com\/wp-content\/uploads\/2022\/03\/pixabay-18x93-1.svg\" width=\"93\" height=\"18\" style=\"margin-bottom: -3px;\"> (2.5 million imagesmilioane de imagini).<\/li>\n<\/ul>\n<p>Niciun alt software nu ofer\u0103 o baz\u0103 de date grafice at\u00e2t de vast\u0103.<\/p>\n<p>Biblioteca este organizat\u0103 \u00een <strong>57 de categorii<\/strong> &#8211; de la art\u0103 la automobile, de la electronice la mod\u0103, de la jocuri la sport, etc &#8211; plus o colec\u021bie de icoane din mass-media social\u0103 \u0219i un <strong>motor de c\u0103utare<\/strong>. \u00cen acest fel v\u0103 va fi mai u\u0219or s\u0103 afla\u021bi imaginile potrivite pentru domeniul afacerii dvs., cu siguran\u021ba utiliz\u0103rii <strong>materialelor de prima calitate<\/strong> mereu.<\/p>\n","protected":false},"excerpt":{"rendered":"<p>Pentru a realiza un buletin informativ eficient, este esen\u021bial s\u0103 v\u0103 baza\u021bi pe o gam\u0103 vast\u0103 de imagini profesioniste, gata preg\u0103tite. De aceea MailStyler vine cu o bibliotec\u0103 de mai mult de 3.5 milioane de imagini de \u00eenalt\u0103 calitate. Biblioteca MailStyler (2.000+ imagini); Biblioteca (1 milion de imagini); Biblioteca (2.5 million imagesmilioane de imagini). Niciun [&hellip;]<\/p>\n","protected":false},"author":1,"featured_media":0,"parent":0,"menu_order":0,"comment_status":"closed","ping_status":"closed","template":"g1_template_page_sidebar_right.php","meta":{"inline_featured_image":false,"_monsterinsights_skip_tracking":false,"_monsterinsights_sitenote_active":false,"_monsterinsights_sitenote_note":"","_monsterinsights_sitenote_category":0,"footnotes":""},"class_list":["post-1759","page","type-page","status-publish"],"yoast_head":"<!-- This site is optimized with the Yoast SEO plugin v25.2 - https:\/\/yoast.com\/wordpress\/plugins\/seo\/ -->\n<title>Biblioteca de imagini Advanced - Newsletter Creator<\/title>\n<meta name=\"robots\" content=\"index, follow, max-snippet:-1, max-image-preview:large, max-video-preview:-1\" \/>\n<link rel=\"canonical\" href=\"https:\/\/www.newslettercreator.com\/ro\/biblioteca-de-imagini-advanced\/\" \/>\n<meta property=\"og:locale\" content=\"ro_RO\" \/>\n<meta property=\"og:type\" content=\"article\" \/>\n<meta property=\"og:title\" content=\"Biblioteca de imagini Advanced - Newsletter Creator\" \/>\n<meta property=\"og:description\" content=\"Pentru a realiza un buletin informativ eficient, este esen\u021bial s\u0103 v\u0103 baza\u021bi pe o gam\u0103 vast\u0103 de imagini profesioniste, gata preg\u0103tite. De aceea MailStyler vine cu o bibliotec\u0103 de mai mult de 3.5 milioane de imagini de \u00eenalt\u0103 calitate. Biblioteca MailStyler (2.000+ imagini); Biblioteca (1 milion de imagini); Biblioteca (2.5 million imagesmilioane de imagini). Niciun [&hellip;]\" \/>\n<meta property=\"og:url\" content=\"https:\/\/www.newslettercreator.com\/ro\/biblioteca-de-imagini-advanced\/\" \/>\n<meta property=\"og:site_name\" content=\"Newsletter Creator\" \/>\n<meta property=\"article:modified_time\" content=\"2022-03-03T14:50:00+00:00\" \/>\n<meta property=\"og:image\" content=\"http:\/\/www.newslettercreator.com\/wp-content\/uploads\/2014\/04\/library-adv.jpg\" \/>\n<meta name=\"twitter:label1\" content=\"Timp estimat pentru citire\" \/>\n\t<meta name=\"twitter:data1\" content=\"1 minut\" \/>\n<script type=\"application\/ld+json\" class=\"yoast-schema-graph\">{\"@context\":\"https:\/\/schema.org\",\"@graph\":[{\"@type\":\"WebPage\",\"@id\":\"https:\/\/www.newslettercreator.com\/ro\/biblioteca-de-imagini-advanced\/\",\"url\":\"https:\/\/www.newslettercreator.com\/ro\/biblioteca-de-imagini-advanced\/\",\"name\":\"Biblioteca de imagini Advanced - Newsletter Creator\",\"isPartOf\":{\"@id\":\"https:\/\/www.newslettercreator.com\/#website\"},\"primaryImageOfPage\":{\"@id\":\"https:\/\/www.newslettercreator.com\/ro\/biblioteca-de-imagini-advanced\/#primaryimage\"},\"image\":{\"@id\":\"https:\/\/www.newslettercreator.com\/ro\/biblioteca-de-imagini-advanced\/#primaryimage\"},\"thumbnailUrl\":\"http:\/\/www.newslettercreator.com\/wp-content\/uploads\/2014\/04\/library-adv.jpg\",\"datePublished\":\"2014-10-15T12:55:08+00:00\",\"dateModified\":\"2022-03-03T14:50:00+00:00\",\"breadcrumb\":{\"@id\":\"https:\/\/www.newslettercreator.com\/ro\/biblioteca-de-imagini-advanced\/#breadcrumb\"},\"inLanguage\":\"ro-RO\",\"potentialAction\":[{\"@type\":\"ReadAction\",\"target\":[\"https:\/\/www.newslettercreator.com\/ro\/biblioteca-de-imagini-advanced\/\"]}]},{\"@type\":\"ImageObject\",\"inLanguage\":\"ro-RO\",\"@id\":\"https:\/\/www.newslettercreator.com\/ro\/biblioteca-de-imagini-advanced\/#primaryimage\",\"url\":\"http:\/\/www.newslettercreator.com\/wp-content\/uploads\/2014\/04\/library-adv.jpg\",\"contentUrl\":\"http:\/\/www.newslettercreator.com\/wp-content\/uploads\/2014\/04\/library-adv.jpg\"},{\"@type\":\"BreadcrumbList\",\"@id\":\"https:\/\/www.newslettercreator.com\/ro\/biblioteca-de-imagini-advanced\/#breadcrumb\",\"itemListElement\":[{\"@type\":\"ListItem\",\"position\":1,\"name\":\"Home\",\"item\":\"https:\/\/www.newslettercreator.com\/ro\/\"},{\"@type\":\"ListItem\",\"position\":2,\"name\":\"Biblioteca de imagini Advanced\"}]},{\"@type\":\"WebSite\",\"@id\":\"https:\/\/www.newslettercreator.com\/#website\",\"url\":\"https:\/\/www.newslettercreator.com\/\",\"name\":\"Newsletter Creator\",\"description\":\"Pay off\",\"potentialAction\":[{\"@type\":\"SearchAction\",\"target\":{\"@type\":\"EntryPoint\",\"urlTemplate\":\"https:\/\/www.newslettercreator.com\/?s={search_term_string}\"},\"query-input\":{\"@type\":\"PropertyValueSpecification\",\"valueRequired\":true,\"valueName\":\"search_term_string\"}}],\"inLanguage\":\"ro-RO\"}]}<\/script>\n<!-- \/ Yoast SEO plugin. -->","yoast_head_json":{"title":"Biblioteca de imagini Advanced - Newsletter Creator","robots":{"index":"index","follow":"follow","max-snippet":"max-snippet:-1","max-image-preview":"max-image-preview:large","max-video-preview":"max-video-preview:-1"},"canonical":"https:\/\/www.newslettercreator.com\/ro\/biblioteca-de-imagini-advanced\/","og_locale":"ro_RO","og_type":"article","og_title":"Biblioteca de imagini Advanced - Newsletter Creator","og_description":"Pentru a realiza un buletin informativ eficient, este esen\u021bial s\u0103 v\u0103 baza\u021bi pe o gam\u0103 vast\u0103 de imagini profesioniste, gata preg\u0103tite. De aceea MailStyler vine cu o bibliotec\u0103 de mai mult de 3.5 milioane de imagini de \u00eenalt\u0103 calitate. Biblioteca MailStyler (2.000+ imagini); Biblioteca (1 milion de imagini); Biblioteca (2.5 million imagesmilioane de imagini). Niciun [&hellip;]","og_url":"https:\/\/www.newslettercreator.com\/ro\/biblioteca-de-imagini-advanced\/","og_site_name":"Newsletter Creator","article_modified_time":"2022-03-03T14:50:00+00:00","og_image":[{"url":"http:\/\/www.newslettercreator.com\/wp-content\/uploads\/2014\/04\/library-adv.jpg","type":"","width":"","height":""}],"twitter_misc":{"Timp estimat pentru citire":"1 minut"},"schema":{"@context":"https:\/\/schema.org","@graph":[{"@type":"WebPage","@id":"https:\/\/www.newslettercreator.com\/ro\/biblioteca-de-imagini-advanced\/","url":"https:\/\/www.newslettercreator.com\/ro\/biblioteca-de-imagini-advanced\/","name":"Biblioteca de imagini Advanced - Newsletter Creator","isPartOf":{"@id":"https:\/\/www.newslettercreator.com\/#website"},"primaryImageOfPage":{"@id":"https:\/\/www.newslettercreator.com\/ro\/biblioteca-de-imagini-advanced\/#primaryimage"},"image":{"@id":"https:\/\/www.newslettercreator.com\/ro\/biblioteca-de-imagini-advanced\/#primaryimage"},"thumbnailUrl":"http:\/\/www.newslettercreator.com\/wp-content\/uploads\/2014\/04\/library-adv.jpg","datePublished":"2014-10-15T12:55:08+00:00","dateModified":"2022-03-03T14:50:00+00:00","breadcrumb":{"@id":"https:\/\/www.newslettercreator.com\/ro\/biblioteca-de-imagini-advanced\/#breadcrumb"},"inLanguage":"ro-RO","potentialAction":[{"@type":"ReadAction","target":["https:\/\/www.newslettercreator.com\/ro\/biblioteca-de-imagini-advanced\/"]}]},{"@type":"ImageObject","inLanguage":"ro-RO","@id":"https:\/\/www.newslettercreator.com\/ro\/biblioteca-de-imagini-advanced\/#primaryimage","url":"http:\/\/www.newslettercreator.com\/wp-content\/uploads\/2014\/04\/library-adv.jpg","contentUrl":"http:\/\/www.newslettercreator.com\/wp-content\/uploads\/2014\/04\/library-adv.jpg"},{"@type":"BreadcrumbList","@id":"https:\/\/www.newslettercreator.com\/ro\/biblioteca-de-imagini-advanced\/#breadcrumb","itemListElement":[{"@type":"ListItem","position":1,"name":"Home","item":"https:\/\/www.newslettercreator.com\/ro\/"},{"@type":"ListItem","position":2,"name":"Biblioteca de imagini Advanced"}]},{"@type":"WebSite","@id":"https:\/\/www.newslettercreator.com\/#website","url":"https:\/\/www.newslettercreator.com\/","name":"Newsletter Creator","description":"Pay off","potentialAction":[{"@type":"SearchAction","target":{"@type":"EntryPoint","urlTemplate":"https:\/\/www.newslettercreator.com\/?s={search_term_string}"},"query-input":{"@type":"PropertyValueSpecification","valueRequired":true,"valueName":"search_term_string"}}],"inLanguage":"ro-RO"}]}},"_links":{"self":[{"href":"https:\/\/www.newslettercreator.com\/ro\/wp-json\/wp\/v2\/pages\/1759","targetHints":{"allow":["GET"]}}],"collection":[{"href":"https:\/\/www.newslettercreator.com\/ro\/wp-json\/wp\/v2\/pages"}],"about":[{"href":"https:\/\/www.newslettercreator.com\/ro\/wp-json\/wp\/v2\/types\/page"}],"author":[{"embeddable":true,"href":"https:\/\/www.newslettercreator.com\/ro\/wp-json\/wp\/v2\/users\/1"}],"replies":[{"embeddable":true,"href":"https:\/\/www.newslettercreator.com\/ro\/wp-json\/wp\/v2\/comments?post=1759"}],"version-history":[{"count":4,"href":"https:\/\/www.newslettercreator.com\/ro\/wp-json\/wp\/v2\/pages\/1759\/revisions"}],"predecessor-version":[{"id":11747,"href":"https:\/\/www.newslettercreator.com\/ro\/wp-json\/wp\/v2\/pages\/1759\/revisions\/11747"}],"wp:attachment":[{"href":"https:\/\/www.newslettercreator.com\/ro\/wp-json\/wp\/v2\/media?parent=1759"}],"curies":[{"name":"wp","href":"https:\/\/api.w.org\/{rel}","templated":true}]}}