{"id":1530,"date":"2014-09-30T07:22:11","date_gmt":"2014-09-30T07:22:11","guid":{"rendered":"http:\/\/www.newslettercreator.com\/?page_id=1530"},"modified":"2021-05-26T14:30:34","modified_gmt":"2021-05-26T12:30:34","slug":"zakaj-izbrati-mailstyler","status":"publish","type":"page","link":"https:\/\/www.newslettercreator.com\/sl\/zakaj-izbrati-mailstyler\/","title":{"rendered":"Zakaj izbrati MailStyler"},"content":{"rendered":"<ul class=\"g1-grid\"><li class=\"g1-column g1-one-half g1-valign-top\">\n<p>MailStyler je najbolj zmogljiv <strong>program za izdelavo e-po\u0161te<\/strong>. Omogo\u010da vam kreiranje osupljivih in 100-% zdru\u017eljivih predlog z uporabo preprostih korakov <strong>povleci-in-spusti<\/strong>.<\/p>\n<p>Tipi\u010dno vpra\u0161anje pri e-po\u0161tnem tr\u017eenju je, <strong>katero predlogo naj bi prilagodili<\/strong> za izbolj\u0161anje va\u0161e kampanje \u2013 in kako jo oblikovati. Obi\u010dajna re\u0161itev je zana\u0161anje na \u017ee pripravljene predloge v spletu ali pa uporaba internega urejevalnika v va\u0161i platformi za po\u0161iljanje elektronske po\u0161te.<br \/>\nNobena od njih ni idealna: prva ne more ponuditi <strong>resni\u010dno prilagodljivih predlog<\/strong>, po drugi strani pa imajo vse druge aplikacije \u00bbv oblaku\u00ab in obi\u010dajni urejevalniki e-po\u0161te <strong>nadle\u017ene omejitve<\/strong> glede prilagodljivosti in uporabnosti. Poleg tega je v obeh primerih potrebno testirati kon\u010dni prikaz v razli\u010dnih odjemalcih za zagotovitev <strong>pravilnega prikaza<\/strong>.<\/p>\n<p>Uporabite MailStyler in <strong>vse se spremeni<\/strong>.<\/p>\n<p>Vse, kar morate narediti, je izbrati iz velikega izbora predoblikovanih elementov (besedilni okvirji, stolpci, noge strani, glave, \u2026) in uporabiti povleci-in-spusti v na\u0161em (<strong>kar-vidi\u0161-to-dobi\u0161<\/strong>)<strong> WYSIWYG urejevalniku<\/strong>, kjer jih lahko poljubno spremenite. <strong>Znanje HTML-ja ni potrebno<\/strong> &#8211; le nekaj potez z mi\u0161ko in &#8230; va\u0161a ustvarjalnost!<br \/>\nKon\u010dna predloga bo tako <strong>odli\u010dno kodirana<\/strong> in zdru\u017eljiva z vsemi odjemalci e-po\u0161te in spletnimi vmesniki zanjo, prav tako pa uporabna v vseh najbolj priljubljenih odjemalcih in platformah (MailChimp, VerticalResponse, SendBlaster idr.).<\/p>\n<\/li><!-- -->\n<li class=\"g1-column g1-one-half g1-valign-top\">\n<p style=\"text-align: center;\"><img decoding=\"async\" src=\"http:\/\/www.newslettercreator.com\/wp-content\/uploads\/2014\/09\/monitor.jpg\" alt=\"Zakaj izbrati MailStyler\" width=\"423\" height=\"311\" \/><\/p>\n<p style=\"text-align: center;\"><a class=\"button large orange\" style=\"margin-top: 20px; width: 157px; margin-right: 30px;\" title=\"Prenos Demo\" href=\"http:\/\/www.newslettercreator.com\/sl\/preizkusite-brezplacno\/\" target=\"_self\" rel=\"noopener\">PRENOS DEMO<\/a><a class=\"button large darkgray\" style=\"margin-top: 20px; width: 157px;\" title=\"Kupi Mailstyler PRO\" href=\"http:\/\/www.newslettercreator.com\/sl\/cenik\/\" target=\"_self\" rel=\"noopener\">KUPI MAILSTYLER PRO<\/a><\/p>\n<p style=\"text-align: center; font-size: 11px;\">Zadnja verzija: 2.24.01.17 | Datum izdaje: 17\/01\/2024 | Velikost: 114.9 MB<br \/>\n<a href=\"http:\/\/www.newslettercreator.com\/license-agreement\/\" target=\"_blank\" rel=\"noopener\">Licen\u010dni sporazum<\/a> | <a href=\"http:\/\/www.newslettercreator.com\/how-to-uninstall\/\" target=\"_blank\" rel=\"noopener\">Kako odmestiti<\/a><\/p>\n<\/li><!-- --><\/ul>\n<p>&nbsp;<\/p>\n<h2>Kdo lahko to izkoristi?<\/h2>\n<p>Pravzaprav kdorkoli, ki pogosto po\u0161ilja elektronska sporo\u010dila in si \u017eeli izbolj\u0161ati njihovo oblikovanje in u\u010dinkovitost brez napora. \u0160e posebej:<\/p>\n<p><div id=\"g1-toggle-counter-1\" class=\"g1-toggle g1-toggle--off g1-toggle--simple g1-toggle--noicon \" ><div class=\"g1-toggle__title\">Podjetja<\/div><div class=\"g1-toggle__content\"><div class=\"g1-block\"><br \/>\nZgradite svojo lastno predlogo kot pravi profesionalec, brez zunanjega izvajanja: prihranek pri \u010dasu in denarju.<br \/>\n<\/div><\/div><\/div><br \/>\n<div id=\"g1-toggle-counter-2\" class=\"g1-toggle g1-toggle--off g1-toggle--simple g1-toggle--noicon \" ><div class=\"g1-toggle__title\">Neodvisni oblikovalci<\/div><div class=\"g1-toggle__content\"><div class=\"g1-block\"><br \/>\nNamesto dolgotrajnih ur s pripravo kode naj MailStyler opravi trdo delo in se raje posvetite bolj hvale\u017enemu opravilu \u2014 oblikovanju.<br \/>\n<\/div><\/div><\/div><br \/>\n<div id=\"g1-toggle-counter-3\" class=\"g1-toggle g1-toggle--off g1-toggle--simple g1-toggle--noicon \" ><div class=\"g1-toggle__title\">Tr\u017eniki<\/div><div class=\"g1-toggle__content\"><div class=\"g1-block\"><br \/>\nOdve\u010d je re\u010di, da bo MailStyler neprecenljiv vir za kogarkoli, ki je udele\u017een v digitalnem in e-po\u0161tnem marketingu.<br \/>\n<\/div><\/div><\/div><br \/>\n<div id=\"g1-toggle-counter-4\" class=\"g1-toggle g1-toggle--off g1-toggle--simple g1-toggle--noicon \" ><div class=\"g1-toggle__title\">Skrbniki spleti\u0161\u010d<\/div><div class=\"g1-toggle__content\"><div class=\"g1-block\"><br \/>\nUstvarite in prodajte ve\u010d (in bolj\u0161ih) HTML predlog v kraj\u0161em \u010dasu. Kaj je bolj\u0161e?<br \/>\n<\/div><\/div><\/div><br \/>\n<div id=\"g1-toggle-counter-5\" class=\"g1-toggle g1-toggle--off g1-toggle--simple g1-toggle--noicon \" ><div class=\"g1-toggle__title\">\u0160tartniki<\/div><div class=\"g1-toggle__content\"><div class=\"g1-block\"><br \/>\nU\u010dinkovita komunikacija je kriti\u010dna za podjetje, ki je na za\u010detku: zahvaljujo\u010d MailStylerju bodo tudi va\u0161a e-sporo\u010dila dobila pravi zagon.<br \/>\n<\/div><\/div><\/div><\/p>\n","protected":false},"excerpt":{"rendered":"<p>&nbsp; Kdo lahko to izkoristi? Pravzaprav kdorkoli, ki pogosto po\u0161ilja elektronska sporo\u010dila in si \u017eeli izbolj\u0161ati njihovo oblikovanje in u\u010dinkovitost brez napora. \u0160e posebej:<\/p>\n","protected":false},"author":1,"featured_media":0,"parent":0,"menu_order":0,"comment_status":"closed","ping_status":"closed","template":"","meta":{"inline_featured_image":false,"_monsterinsights_skip_tracking":false,"_monsterinsights_sitenote_active":false,"_monsterinsights_sitenote_note":"","_monsterinsights_sitenote_category":0,"footnotes":""},"class_list":["post-1530","page","type-page","status-publish"],"yoast_head":"<!-- This site is optimized with the Yoast SEO plugin v25.2 - https:\/\/yoast.com\/wordpress\/plugins\/seo\/ -->\n<title>Zakaj izbrati MailStyler - Newsletter Creator<\/title>\n<meta name=\"robots\" content=\"index, follow, max-snippet:-1, max-image-preview:large, max-video-preview:-1\" \/>\n<link rel=\"canonical\" href=\"https:\/\/www.newslettercreator.com\/sl\/zakaj-izbrati-mailstyler\/\" \/>\n<meta property=\"og:locale\" content=\"sl_SI\" \/>\n<meta property=\"og:type\" content=\"article\" \/>\n<meta property=\"og:title\" content=\"Zakaj izbrati MailStyler - Newsletter Creator\" \/>\n<meta property=\"og:description\" content=\"&nbsp; Kdo lahko to izkoristi? Pravzaprav kdorkoli, ki pogosto po\u0161ilja elektronska sporo\u010dila in si \u017eeli izbolj\u0161ati njihovo oblikovanje in u\u010dinkovitost brez napora. \u0160e posebej:\" \/>\n<meta property=\"og:url\" content=\"https:\/\/www.newslettercreator.com\/sl\/zakaj-izbrati-mailstyler\/\" \/>\n<meta property=\"og:site_name\" content=\"Newsletter Creator\" \/>\n<meta property=\"article:modified_time\" content=\"2021-05-26T12:30:34+00:00\" \/>\n<meta property=\"og:image\" content=\"http:\/\/www.newslettercreator.com\/wp-content\/uploads\/2014\/09\/monitor.jpg\" \/>\n<meta name=\"twitter:label1\" content=\"Est. reading time\" \/>\n\t<meta name=\"twitter:data1\" content=\"2 minuti\" \/>\n<script type=\"application\/ld+json\" class=\"yoast-schema-graph\">{\"@context\":\"https:\/\/schema.org\",\"@graph\":[{\"@type\":\"WebPage\",\"@id\":\"https:\/\/www.newslettercreator.com\/sl\/zakaj-izbrati-mailstyler\/\",\"url\":\"https:\/\/www.newslettercreator.com\/sl\/zakaj-izbrati-mailstyler\/\",\"name\":\"Zakaj izbrati MailStyler - Newsletter Creator\",\"isPartOf\":{\"@id\":\"https:\/\/www.newslettercreator.com\/#website\"},\"primaryImageOfPage\":{\"@id\":\"https:\/\/www.newslettercreator.com\/sl\/zakaj-izbrati-mailstyler\/#primaryimage\"},\"image\":{\"@id\":\"https:\/\/www.newslettercreator.com\/sl\/zakaj-izbrati-mailstyler\/#primaryimage\"},\"thumbnailUrl\":\"http:\/\/www.newslettercreator.com\/wp-content\/uploads\/2014\/09\/monitor.jpg\",\"datePublished\":\"2014-09-30T07:22:11+00:00\",\"dateModified\":\"2021-05-26T12:30:34+00:00\",\"breadcrumb\":{\"@id\":\"https:\/\/www.newslettercreator.com\/sl\/zakaj-izbrati-mailstyler\/#breadcrumb\"},\"inLanguage\":\"sl-SI\",\"potentialAction\":[{\"@type\":\"ReadAction\",\"target\":[\"https:\/\/www.newslettercreator.com\/sl\/zakaj-izbrati-mailstyler\/\"]}]},{\"@type\":\"ImageObject\",\"inLanguage\":\"sl-SI\",\"@id\":\"https:\/\/www.newslettercreator.com\/sl\/zakaj-izbrati-mailstyler\/#primaryimage\",\"url\":\"http:\/\/www.newslettercreator.com\/wp-content\/uploads\/2014\/09\/monitor.jpg\",\"contentUrl\":\"http:\/\/www.newslettercreator.com\/wp-content\/uploads\/2014\/09\/monitor.jpg\"},{\"@type\":\"BreadcrumbList\",\"@id\":\"https:\/\/www.newslettercreator.com\/sl\/zakaj-izbrati-mailstyler\/#breadcrumb\",\"itemListElement\":[{\"@type\":\"ListItem\",\"position\":1,\"name\":\"Home\",\"item\":\"https:\/\/www.newslettercreator.com\/sl\/\"},{\"@type\":\"ListItem\",\"position\":2,\"name\":\"Zakaj izbrati MailStyler\"}]},{\"@type\":\"WebSite\",\"@id\":\"https:\/\/www.newslettercreator.com\/#website\",\"url\":\"https:\/\/www.newslettercreator.com\/\",\"name\":\"Newsletter Creator\",\"description\":\"Pay off\",\"potentialAction\":[{\"@type\":\"SearchAction\",\"target\":{\"@type\":\"EntryPoint\",\"urlTemplate\":\"https:\/\/www.newslettercreator.com\/?s={search_term_string}\"},\"query-input\":{\"@type\":\"PropertyValueSpecification\",\"valueRequired\":true,\"valueName\":\"search_term_string\"}}],\"inLanguage\":\"sl-SI\"}]}<\/script>\n<!-- \/ Yoast SEO plugin. -->","yoast_head_json":{"title":"Zakaj izbrati MailStyler - Newsletter Creator","robots":{"index":"index","follow":"follow","max-snippet":"max-snippet:-1","max-image-preview":"max-image-preview:large","max-video-preview":"max-video-preview:-1"},"canonical":"https:\/\/www.newslettercreator.com\/sl\/zakaj-izbrati-mailstyler\/","og_locale":"sl_SI","og_type":"article","og_title":"Zakaj izbrati MailStyler - Newsletter Creator","og_description":"&nbsp; Kdo lahko to izkoristi? Pravzaprav kdorkoli, ki pogosto po\u0161ilja elektronska sporo\u010dila in si \u017eeli izbolj\u0161ati njihovo oblikovanje in u\u010dinkovitost brez napora. \u0160e posebej:","og_url":"https:\/\/www.newslettercreator.com\/sl\/zakaj-izbrati-mailstyler\/","og_site_name":"Newsletter Creator","article_modified_time":"2021-05-26T12:30:34+00:00","og_image":[{"url":"http:\/\/www.newslettercreator.com\/wp-content\/uploads\/2014\/09\/monitor.jpg","type":"","width":"","height":""}],"twitter_misc":{"Est. reading time":"2 minuti"},"schema":{"@context":"https:\/\/schema.org","@graph":[{"@type":"WebPage","@id":"https:\/\/www.newslettercreator.com\/sl\/zakaj-izbrati-mailstyler\/","url":"https:\/\/www.newslettercreator.com\/sl\/zakaj-izbrati-mailstyler\/","name":"Zakaj izbrati MailStyler - Newsletter Creator","isPartOf":{"@id":"https:\/\/www.newslettercreator.com\/#website"},"primaryImageOfPage":{"@id":"https:\/\/www.newslettercreator.com\/sl\/zakaj-izbrati-mailstyler\/#primaryimage"},"image":{"@id":"https:\/\/www.newslettercreator.com\/sl\/zakaj-izbrati-mailstyler\/#primaryimage"},"thumbnailUrl":"http:\/\/www.newslettercreator.com\/wp-content\/uploads\/2014\/09\/monitor.jpg","datePublished":"2014-09-30T07:22:11+00:00","dateModified":"2021-05-26T12:30:34+00:00","breadcrumb":{"@id":"https:\/\/www.newslettercreator.com\/sl\/zakaj-izbrati-mailstyler\/#breadcrumb"},"inLanguage":"sl-SI","potentialAction":[{"@type":"ReadAction","target":["https:\/\/www.newslettercreator.com\/sl\/zakaj-izbrati-mailstyler\/"]}]},{"@type":"ImageObject","inLanguage":"sl-SI","@id":"https:\/\/www.newslettercreator.com\/sl\/zakaj-izbrati-mailstyler\/#primaryimage","url":"http:\/\/www.newslettercreator.com\/wp-content\/uploads\/2014\/09\/monitor.jpg","contentUrl":"http:\/\/www.newslettercreator.com\/wp-content\/uploads\/2014\/09\/monitor.jpg"},{"@type":"BreadcrumbList","@id":"https:\/\/www.newslettercreator.com\/sl\/zakaj-izbrati-mailstyler\/#breadcrumb","itemListElement":[{"@type":"ListItem","position":1,"name":"Home","item":"https:\/\/www.newslettercreator.com\/sl\/"},{"@type":"ListItem","position":2,"name":"Zakaj izbrati MailStyler"}]},{"@type":"WebSite","@id":"https:\/\/www.newslettercreator.com\/#website","url":"https:\/\/www.newslettercreator.com\/","name":"Newsletter Creator","description":"Pay off","potentialAction":[{"@type":"SearchAction","target":{"@type":"EntryPoint","urlTemplate":"https:\/\/www.newslettercreator.com\/?s={search_term_string}"},"query-input":{"@type":"PropertyValueSpecification","valueRequired":true,"valueName":"search_term_string"}}],"inLanguage":"sl-SI"}]}},"_links":{"self":[{"href":"https:\/\/www.newslettercreator.com\/sl\/wp-json\/wp\/v2\/pages\/1530","targetHints":{"allow":["GET"]}}],"collection":[{"href":"https:\/\/www.newslettercreator.com\/sl\/wp-json\/wp\/v2\/pages"}],"about":[{"href":"https:\/\/www.newslettercreator.com\/sl\/wp-json\/wp\/v2\/types\/page"}],"author":[{"embeddable":true,"href":"https:\/\/www.newslettercreator.com\/sl\/wp-json\/wp\/v2\/users\/1"}],"replies":[{"embeddable":true,"href":"https:\/\/www.newslettercreator.com\/sl\/wp-json\/wp\/v2\/comments?post=1530"}],"version-history":[{"count":4,"href":"https:\/\/www.newslettercreator.com\/sl\/wp-json\/wp\/v2\/pages\/1530\/revisions"}],"predecessor-version":[{"id":10211,"href":"https:\/\/www.newslettercreator.com\/sl\/wp-json\/wp\/v2\/pages\/1530\/revisions\/10211"}],"wp:attachment":[{"href":"https:\/\/www.newslettercreator.com\/sl\/wp-json\/wp\/v2\/media?parent=1530"}],"curies":[{"name":"wp","href":"https:\/\/api.w.org\/{rel}","templated":true}]}}