{"id":1532,"date":"2014-09-30T07:26:52","date_gmt":"2014-09-30T07:26:52","guid":{"rendered":"http:\/\/www.newslettercreator.com\/?page_id=1532"},"modified":"2015-01-12T09:57:20","modified_gmt":"2015-01-12T09:57:20","slug":"lastnosti","status":"publish","type":"page","link":"https:\/\/www.newslettercreator.com\/sl\/lastnosti\/","title":{"rendered":"Lastnosti"},"content":{"rendered":"<p>Tukaj je navedenih nekaj lastnosti, zaradi katerih je <strong>MailStyler<\/strong> najbolj\u0161e orodje za izdelavo e-novic na trgu.<\/p>\n<p>&nbsp;<\/p>\n<p><img decoding=\"async\" class=\"alignleft\" src=\"http:\/\/www.newslettercreator.com\/wp-content\/uploads\/2014\/04\/drag-drop.jpg\" alt=\"\" width=\"175\" height=\"115\" \/><\/p>\n<h3 style=\"text-align: left; line-height: 18px !important; font-size: 16px !important; font-weight: bold !important;\">Ustvarite predloge s povleci-in-spusti<\/h3>\n<p style=\"text-align: left; min-height: 75px;\">MailStyler ponuja WYSIWYG (kar-vidi\u0161-to-dobi\u0161), povleci-in-spusti urejevalnik e-po\u0161te, ki je tako preprost in intuitiven, da je prakti\u010dno nemogo\u010de narediti napako.<\/p>\n<div id=\"g1-divider-1\" class=\"g1-divider g1-divider--none g1-divider--noicon \"><\/div>\n<p><img decoding=\"async\" class=\"alignleft\" src=\"http:\/\/www.newslettercreator.com\/wp-content\/uploads\/2014\/04\/client.jpg\" alt=\"\" width=\"175\" height=\"115\" \/><\/p>\n<h3 style=\"text-align: left; line-height: 18px !important; font-size: 16px !important; font-weight: bold !important;\">Li\u010dno kodirane predloge, ki vselej izgledajo dobro<\/h3>\n<p style=\"text-align: left; min-height: 75px;\">Vas je strah, kako bo elektronska po\u0161ta prikazana? Z MailStylerjem bo ta te\u017eava enkrat za vselej odpravljena: vse predloge, narejene z na\u0161im programom, bodo videti popolno v vseh odjemalcih e-po\u0161te in spletnih vmesnikih (e.g. Hotmail, Gmail, Outlook, Yahoo Mail idr.). Zaradi tega vam ni potrebno kodirati v HTML-ju.<\/p>\n<div id=\"g1-divider-2\" class=\"g1-divider g1-divider--none g1-divider--noicon \"><\/div>\n<p><img decoding=\"async\" class=\"alignleft\" src=\"http:\/\/www.newslettercreator.com\/wp-content\/uploads\/2014\/04\/no-code.jpg\" alt=\"\" width=\"175\" height=\"115\" \/><\/p>\n<h3 style=\"text-align: left; line-height: 18px !important; font-size: 16px !important; font-weight: bold !important;\">Znanja HTML\/CSS niso potrebna<\/h3>\n<p style=\"text-align: left; min-height: 75px;\">MailStyler vam omogo\u010da ustvarjanje elektronske po\u0161te in e-novic brez kakr\u0161negakoli kodiranja. Preprosto zdru\u017eite na\u0161e  predizdelane HTML bloke po \u017eelji in zgradite va\u0161e e-novice del za delom.<\/p>\n<div id=\"g1-divider-3\" class=\"g1-divider g1-divider--none g1-divider--noicon \"><\/div>\n<p><img decoding=\"async\" class=\"alignleft\" src=\"http:\/\/www.newslettercreator.com\/wp-content\/uploads\/2014\/04\/unl-edit.jpg\" alt=\"\" width=\"175\" height=\"115\" \/><\/p>\n<h3 style=\"text-align: left; line-height: 18px !important; font-size: 16px !important; font-weight: bold !important;\">Neomejene mo\u017enosti urejanja<\/h3>\n<p style=\"text-align: left; min-height: 75px;\">\u0160tevilo prilagoditev, ki jih ponuja MailStyler, je veliko in precej preka\u0161a konkurenco: velikost, slog, robovi, pisave, okvirji, slike \u2026 Vse lahko spremenite z nekaj kliki in pripravite resni\u010dno edinstveno obliko, ki ustreza identiteti va\u0161e blagovne znamke.<\/p>\n<div id=\"g1-divider-4\" class=\"g1-divider g1-divider--none g1-divider--noicon \"><\/div>\n<p><img decoding=\"async\" class=\"alignleft\" src=\"http:\/\/www.newslettercreator.com\/wp-content\/uploads\/2014\/04\/library.jpg\" alt=\"\" width=\"175\" height=\"115\" \/><\/p>\n<h3 style=\"text-align: left; line-height: 18px !important; font-size: 16px !important; font-weight: bold !important;\">Slike za vse potrebe<\/h3>\n<p style=\"text-align: left; min-height: 75px;\">MailStyler vsebuje knji\u017enico ve\u010d kot 2000 slik, ki raz\u0161irijo va\u0161o ustvarjalnost in vam pomagajo sestaviti izvirno obliko.<\/p>\n<div id=\"g1-divider-5\" class=\"g1-divider g1-divider--none g1-divider--noicon \"><\/div>\n<p><img decoding=\"async\" class=\"alignleft\" src=\"http:\/\/www.newslettercreator.com\/wp-content\/uploads\/2014\/04\/client2.jpg\" alt=\"\" width=\"175\" height=\"115\" \/><\/p>\n<h3 style=\"text-align: left; line-height: 18px !important; font-size: 16px !important; font-weight: bold !important;\">Zdru\u017eljivo z vsemi odjemalci e-po\u0161te, programi in storitvami<\/h3>\n<p style=\"text-align: left; min-height: 75px;\">Vsake e-novice, ustvarjene z MailStylerjem, so uporabne z vsemi veliki platformami e-po\u0161te, od znanih brezpla\u010dnih odjemalcev (Outlook, Thunderbird itn.) do profesionalnih programov in storitev za marketing (SendBlaster, MailChimp idr.).<\/p>\n<div id=\"g1-divider-6\" class=\"g1-divider g1-divider--none g1-divider--noicon \"><\/div>\n<p><img decoding=\"async\" class=\"alignleft\" src=\"http:\/\/www.newslettercreator.com\/wp-content\/uploads\/2014\/04\/crop.jpg\" alt=\"\" width=\"175\" height=\"115\" \/><\/p>\n<h3 style=\"text-align: left; line-height: 18px !important; font-size: 16px !important; font-weight: bold !important;\">Samodejno pove\u010devanje\/obrezovanje slik<\/h3>\n<p style=\"text-align: left; min-height: 75px;\">Ali morate prilagoditi nalo\u017eeno sliko v novem urejenem okvirju? Z na\u0161im orodjem za pove\u010davo\/obrezovanje je to stvar nekaj sekund. Ni\u010d ve\u010d raztegnjenih slik!<\/p>\n<div id=\"g1-divider-7\" class=\"g1-divider g1-divider--none g1-divider--noicon \"><\/div>\n<p><img decoding=\"async\" class=\"alignleft\" src=\"http:\/\/www.newslettercreator.com\/wp-content\/uploads\/2014\/04\/responsive.jpg\" alt=\"\" width=\"175\" height=\"115\" \/><\/p>\n<h3 style=\"text-align: left; line-height: 18px !important; font-size: 16px !important; font-weight: bold !important;\">Odzivni bloki<\/h3>\n<p style=\"text-align: left; min-height: 75px;\">\u010ce na\u010drtujete po\u0161iljanje e-po\u0161te posebej na mobilne uporabnike (npr. najstniki), imamo vrsto odzivnih blokov, ki se bodo samodejno prilagodili, \u010de bodo prikazani na mobilni napravi. S tem je ponujena najbolj\u0161a berljivost tudi na majhnih zaslonih.<\/p>\n<div id=\"g1-divider-8\" class=\"g1-divider g1-divider--none g1-divider--noicon \"><\/div>\n<p><img decoding=\"async\" class=\"alignleft\" src=\"http:\/\/www.newslettercreator.com\/wp-content\/uploads\/2014\/04\/palette.jpg\" alt=\"\" width=\"175\" height=\"115\" \/><\/p>\n<h3 style=\"text-align: left; line-height: 18px !important; font-size: 16px !important; font-weight: bold !important;\">\u017de pripravljeni slogi in palete<\/h3>\n<p style=\"text-align: left; min-height: 75px;\">MailStyler ponuja prilagojeno barvno paleto z razli\u010dnim ravnote\u017ejem sivin in vam tako pomaga dolo\u010diti najbolj\u0161o podobo va\u0161e elektronske po\u0161te.<\/p>\n<div id=\"g1-divider-9\" class=\"g1-divider g1-divider--none g1-divider--noicon \"><\/div>\n<p><img decoding=\"async\" class=\"alignleft\" src=\"http:\/\/www.newslettercreator.com\/wp-content\/uploads\/2014\/04\/export.jpg\" alt=\"\" width=\"175\" height=\"115\" \/><\/p>\n<h3 style=\"text-align: left; line-height: 18px !important; font-size: 16px !important; font-weight: bold !important;\">Izva\u017eanje en-klik<\/h3>\n<p style=\"text-align: left; min-height: 75px;\">Ko kon\u010date va\u0161o obliko, jo lahko izvozite kot .eml ali .html dobesedno z enim klikom in jo uporabite v poljubnih profesionalnih programih, storitvah in odjemalcih za tr\u017eenje.<\/p>\n","protected":false},"excerpt":{"rendered":"<p>Tukaj je navedenih nekaj lastnosti, zaradi katerih je MailStyler najbolj\u0161e orodje za izdelavo e-novic na trgu. &nbsp; Ustvarite predloge s povleci-in-spusti MailStyler ponuja WYSIWYG (kar-vidi\u0161-to-dobi\u0161), povleci-in-spusti urejevalnik e-po\u0161te, ki je tako preprost in intuitiven, da je prakti\u010dno nemogo\u010de narediti napako. Li\u010dno kodirane predloge, ki vselej izgledajo dobro Vas je strah, kako bo elektronska po\u0161ta prikazana? [&hellip;]<\/p>\n","protected":false},"author":1,"featured_media":0,"parent":0,"menu_order":0,"comment_status":"closed","ping_status":"closed","template":"g1_template_page_full_sections.php","meta":{"inline_featured_image":false,"_monsterinsights_skip_tracking":false,"_monsterinsights_sitenote_active":false,"_monsterinsights_sitenote_note":"","_monsterinsights_sitenote_category":0,"footnotes":""},"class_list":["post-1532","page","type-page","status-publish"],"yoast_head":"<!-- This site is optimized with the Yoast SEO plugin v25.2 - https:\/\/yoast.com\/wordpress\/plugins\/seo\/ -->\n<title>Lastnosti - Newsletter Creator<\/title>\n<meta name=\"robots\" content=\"index, follow, max-snippet:-1, max-image-preview:large, max-video-preview:-1\" \/>\n<link rel=\"canonical\" href=\"https:\/\/www.newslettercreator.com\/sl\/lastnosti\/\" \/>\n<meta property=\"og:locale\" content=\"sl_SI\" \/>\n<meta property=\"og:type\" content=\"article\" \/>\n<meta property=\"og:title\" content=\"Lastnosti - Newsletter Creator\" \/>\n<meta property=\"og:description\" content=\"Tukaj je navedenih nekaj lastnosti, zaradi katerih je MailStyler najbolj\u0161e orodje za izdelavo e-novic na trgu. &nbsp; Ustvarite predloge s povleci-in-spusti MailStyler ponuja WYSIWYG (kar-vidi\u0161-to-dobi\u0161), povleci-in-spusti urejevalnik e-po\u0161te, ki je tako preprost in intuitiven, da je prakti\u010dno nemogo\u010de narediti napako. Li\u010dno kodirane predloge, ki vselej izgledajo dobro Vas je strah, kako bo elektronska po\u0161ta prikazana? [&hellip;]\" \/>\n<meta property=\"og:url\" content=\"https:\/\/www.newslettercreator.com\/sl\/lastnosti\/\" \/>\n<meta property=\"og:site_name\" content=\"Newsletter Creator\" \/>\n<meta property=\"article:modified_time\" content=\"2015-01-12T09:57:20+00:00\" \/>\n<meta property=\"og:image\" content=\"http:\/\/www.newslettercreator.com\/wp-content\/uploads\/2014\/04\/drag-drop.jpg\" \/>\n<meta name=\"twitter:label1\" content=\"Est. reading time\" \/>\n\t<meta name=\"twitter:data1\" content=\"2 minuti\" \/>\n<script type=\"application\/ld+json\" class=\"yoast-schema-graph\">{\"@context\":\"https:\/\/schema.org\",\"@graph\":[{\"@type\":\"WebPage\",\"@id\":\"https:\/\/www.newslettercreator.com\/sl\/lastnosti\/\",\"url\":\"https:\/\/www.newslettercreator.com\/sl\/lastnosti\/\",\"name\":\"Lastnosti - Newsletter Creator\",\"isPartOf\":{\"@id\":\"https:\/\/www.newslettercreator.com\/#website\"},\"primaryImageOfPage\":{\"@id\":\"https:\/\/www.newslettercreator.com\/sl\/lastnosti\/#primaryimage\"},\"image\":{\"@id\":\"https:\/\/www.newslettercreator.com\/sl\/lastnosti\/#primaryimage\"},\"thumbnailUrl\":\"http:\/\/www.newslettercreator.com\/wp-content\/uploads\/2014\/04\/drag-drop.jpg\",\"datePublished\":\"2014-09-30T07:26:52+00:00\",\"dateModified\":\"2015-01-12T09:57:20+00:00\",\"breadcrumb\":{\"@id\":\"https:\/\/www.newslettercreator.com\/sl\/lastnosti\/#breadcrumb\"},\"inLanguage\":\"sl-SI\",\"potentialAction\":[{\"@type\":\"ReadAction\",\"target\":[\"https:\/\/www.newslettercreator.com\/sl\/lastnosti\/\"]}]},{\"@type\":\"ImageObject\",\"inLanguage\":\"sl-SI\",\"@id\":\"https:\/\/www.newslettercreator.com\/sl\/lastnosti\/#primaryimage\",\"url\":\"http:\/\/www.newslettercreator.com\/wp-content\/uploads\/2014\/04\/drag-drop.jpg\",\"contentUrl\":\"http:\/\/www.newslettercreator.com\/wp-content\/uploads\/2014\/04\/drag-drop.jpg\"},{\"@type\":\"BreadcrumbList\",\"@id\":\"https:\/\/www.newslettercreator.com\/sl\/lastnosti\/#breadcrumb\",\"itemListElement\":[{\"@type\":\"ListItem\",\"position\":1,\"name\":\"Home\",\"item\":\"https:\/\/www.newslettercreator.com\/sl\/\"},{\"@type\":\"ListItem\",\"position\":2,\"name\":\"Lastnosti\"}]},{\"@type\":\"WebSite\",\"@id\":\"https:\/\/www.newslettercreator.com\/#website\",\"url\":\"https:\/\/www.newslettercreator.com\/\",\"name\":\"Newsletter Creator\",\"description\":\"Pay off\",\"potentialAction\":[{\"@type\":\"SearchAction\",\"target\":{\"@type\":\"EntryPoint\",\"urlTemplate\":\"https:\/\/www.newslettercreator.com\/?s={search_term_string}\"},\"query-input\":{\"@type\":\"PropertyValueSpecification\",\"valueRequired\":true,\"valueName\":\"search_term_string\"}}],\"inLanguage\":\"sl-SI\"}]}<\/script>\n<!-- \/ Yoast SEO plugin. -->","yoast_head_json":{"title":"Lastnosti - Newsletter Creator","robots":{"index":"index","follow":"follow","max-snippet":"max-snippet:-1","max-image-preview":"max-image-preview:large","max-video-preview":"max-video-preview:-1"},"canonical":"https:\/\/www.newslettercreator.com\/sl\/lastnosti\/","og_locale":"sl_SI","og_type":"article","og_title":"Lastnosti - Newsletter Creator","og_description":"Tukaj je navedenih nekaj lastnosti, zaradi katerih je MailStyler najbolj\u0161e orodje za izdelavo e-novic na trgu. &nbsp; Ustvarite predloge s povleci-in-spusti MailStyler ponuja WYSIWYG (kar-vidi\u0161-to-dobi\u0161), povleci-in-spusti urejevalnik e-po\u0161te, ki je tako preprost in intuitiven, da je prakti\u010dno nemogo\u010de narediti napako. Li\u010dno kodirane predloge, ki vselej izgledajo dobro Vas je strah, kako bo elektronska po\u0161ta prikazana? [&hellip;]","og_url":"https:\/\/www.newslettercreator.com\/sl\/lastnosti\/","og_site_name":"Newsletter Creator","article_modified_time":"2015-01-12T09:57:20+00:00","og_image":[{"url":"http:\/\/www.newslettercreator.com\/wp-content\/uploads\/2014\/04\/drag-drop.jpg","type":"","width":"","height":""}],"twitter_misc":{"Est. reading time":"2 minuti"},"schema":{"@context":"https:\/\/schema.org","@graph":[{"@type":"WebPage","@id":"https:\/\/www.newslettercreator.com\/sl\/lastnosti\/","url":"https:\/\/www.newslettercreator.com\/sl\/lastnosti\/","name":"Lastnosti - Newsletter Creator","isPartOf":{"@id":"https:\/\/www.newslettercreator.com\/#website"},"primaryImageOfPage":{"@id":"https:\/\/www.newslettercreator.com\/sl\/lastnosti\/#primaryimage"},"image":{"@id":"https:\/\/www.newslettercreator.com\/sl\/lastnosti\/#primaryimage"},"thumbnailUrl":"http:\/\/www.newslettercreator.com\/wp-content\/uploads\/2014\/04\/drag-drop.jpg","datePublished":"2014-09-30T07:26:52+00:00","dateModified":"2015-01-12T09:57:20+00:00","breadcrumb":{"@id":"https:\/\/www.newslettercreator.com\/sl\/lastnosti\/#breadcrumb"},"inLanguage":"sl-SI","potentialAction":[{"@type":"ReadAction","target":["https:\/\/www.newslettercreator.com\/sl\/lastnosti\/"]}]},{"@type":"ImageObject","inLanguage":"sl-SI","@id":"https:\/\/www.newslettercreator.com\/sl\/lastnosti\/#primaryimage","url":"http:\/\/www.newslettercreator.com\/wp-content\/uploads\/2014\/04\/drag-drop.jpg","contentUrl":"http:\/\/www.newslettercreator.com\/wp-content\/uploads\/2014\/04\/drag-drop.jpg"},{"@type":"BreadcrumbList","@id":"https:\/\/www.newslettercreator.com\/sl\/lastnosti\/#breadcrumb","itemListElement":[{"@type":"ListItem","position":1,"name":"Home","item":"https:\/\/www.newslettercreator.com\/sl\/"},{"@type":"ListItem","position":2,"name":"Lastnosti"}]},{"@type":"WebSite","@id":"https:\/\/www.newslettercreator.com\/#website","url":"https:\/\/www.newslettercreator.com\/","name":"Newsletter Creator","description":"Pay off","potentialAction":[{"@type":"SearchAction","target":{"@type":"EntryPoint","urlTemplate":"https:\/\/www.newslettercreator.com\/?s={search_term_string}"},"query-input":{"@type":"PropertyValueSpecification","valueRequired":true,"valueName":"search_term_string"}}],"inLanguage":"sl-SI"}]}},"_links":{"self":[{"href":"https:\/\/www.newslettercreator.com\/sl\/wp-json\/wp\/v2\/pages\/1532","targetHints":{"allow":["GET"]}}],"collection":[{"href":"https:\/\/www.newslettercreator.com\/sl\/wp-json\/wp\/v2\/pages"}],"about":[{"href":"https:\/\/www.newslettercreator.com\/sl\/wp-json\/wp\/v2\/types\/page"}],"author":[{"embeddable":true,"href":"https:\/\/www.newslettercreator.com\/sl\/wp-json\/wp\/v2\/users\/1"}],"replies":[{"embeddable":true,"href":"https:\/\/www.newslettercreator.com\/sl\/wp-json\/wp\/v2\/comments?post=1532"}],"version-history":[{"count":2,"href":"https:\/\/www.newslettercreator.com\/sl\/wp-json\/wp\/v2\/pages\/1532\/revisions"}],"predecessor-version":[{"id":2783,"href":"https:\/\/www.newslettercreator.com\/sl\/wp-json\/wp\/v2\/pages\/1532\/revisions\/2783"}],"wp:attachment":[{"href":"https:\/\/www.newslettercreator.com\/sl\/wp-json\/wp\/v2\/media?parent=1532"}],"curies":[{"name":"wp","href":"https:\/\/api.w.org\/{rel}","templated":true}]}}