{"id":1551,"date":"2014-09-30T08:02:38","date_gmt":"2014-09-30T08:02:38","guid":{"rendered":"http:\/\/www.newslettercreator.com\/?page_id=1551"},"modified":"2022-03-03T15:55:34","modified_gmt":"2022-03-03T14:55:34","slug":"napredna-knjiznica-slik","status":"publish","type":"page","link":"https:\/\/www.newslettercreator.com\/sl\/napredna-knjiznica-slik\/","title":{"rendered":"Napredna knji\u017enica slik"},"content":{"rendered":"<p><img decoding=\"async\" class=\"alignnone size-full wp-image-387\" src=\"http:\/\/www.newslettercreator.com\/wp-content\/uploads\/2014\/04\/library-adv.jpg\" alt=\"Napredna knji\u017enica slik\" width=\"649\" height=\"423\" \/><\/p>\n<p>Za pripravo u\u010dinkovitih e-novic je nujno zana\u0161anje na veliko izbiro profesionalnih, \u017ee pripravljenih fotografij in slik. To je razlog, da ima MailStyler knji\u017enico z <strong>ve\u010d kot 3,5 milijona visokokakovostnih slik<\/strong>.<\/p>\n<ul>\n<li>Knji\u017enica MailStyler (2.000+ slik);<\/li>\n<li>Knji\u017enica <img decoding=\"async\" src=\"https:\/\/www.newslettercreator.com\/wp-content\/uploads\/2022\/03\/unsplash-18x79-1.svg\" width=\"79\" height=\"18\" style=\"margin-bottom: -3px; opacity: 0.8;\"> (1 milijon slik);<\/li>\n<li>Knji\u017enica <img decoding=\"async\" src=\"https:\/\/www.newslettercreator.com\/wp-content\/uploads\/2022\/03\/pixabay-18x93-1.svg\" width=\"93\" height=\"18\" style=\"margin-bottom: -3px;\"> (2.5 milijona slik).<\/li>\n<\/ul>\n<p>Nobena druga programska oprema ne ponuja tako obse\u017ene grafi\u010dne zbirke podatkov.<\/p>\n<p>Knji\u017enica je organizirana v <strong>57 kategorij<\/strong> \u2013 od umetnosti do avtomobilov, od elektronike do mode, od iger do \u0161porta itd. \u2013 plus zbirka ikon za dru\u017eabna omre\u017eja in <strong>iskalnik<\/strong>. Na ta na\u010din je la\u017eje najti ustrezne slike za va\u0161o poslovno ni\u0161o, z zagotovilom, da vselej uporabljate <strong>prvorazredno gradivo<\/strong>.<\/p>\n","protected":false},"excerpt":{"rendered":"<p>Za pripravo u\u010dinkovitih e-novic je nujno zana\u0161anje na veliko izbiro profesionalnih, \u017ee pripravljenih fotografij in slik. To je razlog, da ima MailStyler knji\u017enico z ve\u010d kot 3,5 milijona visokokakovostnih slik. Knji\u017enica MailStyler (2.000+ slik); Knji\u017enica (1 milijon slik); Knji\u017enica (2.5 milijona slik). Nobena druga programska oprema ne ponuja tako obse\u017ene grafi\u010dne zbirke podatkov. Knji\u017enica je [&hellip;]<\/p>\n","protected":false},"author":1,"featured_media":0,"parent":0,"menu_order":0,"comment_status":"closed","ping_status":"closed","template":"g1_template_page_sidebar_right.php","meta":{"inline_featured_image":false,"_monsterinsights_skip_tracking":false,"_monsterinsights_sitenote_active":false,"_monsterinsights_sitenote_note":"","_monsterinsights_sitenote_category":0,"footnotes":""},"class_list":["post-1551","page","type-page","status-publish"],"yoast_head":"<!-- This site is optimized with the Yoast SEO plugin v25.2 - https:\/\/yoast.com\/wordpress\/plugins\/seo\/ -->\n<title>Napredna knji\u017enica slik - Newsletter Creator<\/title>\n<meta name=\"robots\" content=\"index, follow, max-snippet:-1, max-image-preview:large, max-video-preview:-1\" \/>\n<link rel=\"canonical\" href=\"https:\/\/www.newslettercreator.com\/sl\/napredna-knjiznica-slik\/\" \/>\n<meta property=\"og:locale\" content=\"sl_SI\" \/>\n<meta property=\"og:type\" content=\"article\" \/>\n<meta property=\"og:title\" content=\"Napredna knji\u017enica slik - Newsletter Creator\" \/>\n<meta property=\"og:description\" content=\"Za pripravo u\u010dinkovitih e-novic je nujno zana\u0161anje na veliko izbiro profesionalnih, \u017ee pripravljenih fotografij in slik. To je razlog, da ima MailStyler knji\u017enico z ve\u010d kot 3,5 milijona visokokakovostnih slik. Knji\u017enica MailStyler (2.000+ slik); Knji\u017enica (1 milijon slik); Knji\u017enica (2.5 milijona slik). Nobena druga programska oprema ne ponuja tako obse\u017ene grafi\u010dne zbirke podatkov. Knji\u017enica je [&hellip;]\" \/>\n<meta property=\"og:url\" content=\"https:\/\/www.newslettercreator.com\/sl\/napredna-knjiznica-slik\/\" \/>\n<meta property=\"og:site_name\" content=\"Newsletter Creator\" \/>\n<meta property=\"article:modified_time\" content=\"2022-03-03T14:55:34+00:00\" \/>\n<meta property=\"og:image\" content=\"http:\/\/www.newslettercreator.com\/wp-content\/uploads\/2014\/04\/library-adv.jpg\" \/>\n<meta name=\"twitter:label1\" content=\"Est. reading time\" \/>\n\t<meta name=\"twitter:data1\" content=\"1 minuta\" \/>\n<script type=\"application\/ld+json\" class=\"yoast-schema-graph\">{\"@context\":\"https:\/\/schema.org\",\"@graph\":[{\"@type\":\"WebPage\",\"@id\":\"https:\/\/www.newslettercreator.com\/sl\/napredna-knjiznica-slik\/\",\"url\":\"https:\/\/www.newslettercreator.com\/sl\/napredna-knjiznica-slik\/\",\"name\":\"Napredna knji\u017enica slik - Newsletter Creator\",\"isPartOf\":{\"@id\":\"https:\/\/www.newslettercreator.com\/#website\"},\"primaryImageOfPage\":{\"@id\":\"https:\/\/www.newslettercreator.com\/sl\/napredna-knjiznica-slik\/#primaryimage\"},\"image\":{\"@id\":\"https:\/\/www.newslettercreator.com\/sl\/napredna-knjiznica-slik\/#primaryimage\"},\"thumbnailUrl\":\"http:\/\/www.newslettercreator.com\/wp-content\/uploads\/2014\/04\/library-adv.jpg\",\"datePublished\":\"2014-09-30T08:02:38+00:00\",\"dateModified\":\"2022-03-03T14:55:34+00:00\",\"breadcrumb\":{\"@id\":\"https:\/\/www.newslettercreator.com\/sl\/napredna-knjiznica-slik\/#breadcrumb\"},\"inLanguage\":\"sl-SI\",\"potentialAction\":[{\"@type\":\"ReadAction\",\"target\":[\"https:\/\/www.newslettercreator.com\/sl\/napredna-knjiznica-slik\/\"]}]},{\"@type\":\"ImageObject\",\"inLanguage\":\"sl-SI\",\"@id\":\"https:\/\/www.newslettercreator.com\/sl\/napredna-knjiznica-slik\/#primaryimage\",\"url\":\"http:\/\/www.newslettercreator.com\/wp-content\/uploads\/2014\/04\/library-adv.jpg\",\"contentUrl\":\"http:\/\/www.newslettercreator.com\/wp-content\/uploads\/2014\/04\/library-adv.jpg\"},{\"@type\":\"BreadcrumbList\",\"@id\":\"https:\/\/www.newslettercreator.com\/sl\/napredna-knjiznica-slik\/#breadcrumb\",\"itemListElement\":[{\"@type\":\"ListItem\",\"position\":1,\"name\":\"Home\",\"item\":\"https:\/\/www.newslettercreator.com\/sl\/\"},{\"@type\":\"ListItem\",\"position\":2,\"name\":\"Napredna knji\u017enica slik\"}]},{\"@type\":\"WebSite\",\"@id\":\"https:\/\/www.newslettercreator.com\/#website\",\"url\":\"https:\/\/www.newslettercreator.com\/\",\"name\":\"Newsletter Creator\",\"description\":\"Pay off\",\"potentialAction\":[{\"@type\":\"SearchAction\",\"target\":{\"@type\":\"EntryPoint\",\"urlTemplate\":\"https:\/\/www.newslettercreator.com\/?s={search_term_string}\"},\"query-input\":{\"@type\":\"PropertyValueSpecification\",\"valueRequired\":true,\"valueName\":\"search_term_string\"}}],\"inLanguage\":\"sl-SI\"}]}<\/script>\n<!-- \/ Yoast SEO plugin. -->","yoast_head_json":{"title":"Napredna knji\u017enica slik - Newsletter Creator","robots":{"index":"index","follow":"follow","max-snippet":"max-snippet:-1","max-image-preview":"max-image-preview:large","max-video-preview":"max-video-preview:-1"},"canonical":"https:\/\/www.newslettercreator.com\/sl\/napredna-knjiznica-slik\/","og_locale":"sl_SI","og_type":"article","og_title":"Napredna knji\u017enica slik - Newsletter Creator","og_description":"Za pripravo u\u010dinkovitih e-novic je nujno zana\u0161anje na veliko izbiro profesionalnih, \u017ee pripravljenih fotografij in slik. To je razlog, da ima MailStyler knji\u017enico z ve\u010d kot 3,5 milijona visokokakovostnih slik. Knji\u017enica MailStyler (2.000+ slik); Knji\u017enica (1 milijon slik); Knji\u017enica (2.5 milijona slik). Nobena druga programska oprema ne ponuja tako obse\u017ene grafi\u010dne zbirke podatkov. Knji\u017enica je [&hellip;]","og_url":"https:\/\/www.newslettercreator.com\/sl\/napredna-knjiznica-slik\/","og_site_name":"Newsletter Creator","article_modified_time":"2022-03-03T14:55:34+00:00","og_image":[{"url":"http:\/\/www.newslettercreator.com\/wp-content\/uploads\/2014\/04\/library-adv.jpg","type":"","width":"","height":""}],"twitter_misc":{"Est. reading time":"1 minuta"},"schema":{"@context":"https:\/\/schema.org","@graph":[{"@type":"WebPage","@id":"https:\/\/www.newslettercreator.com\/sl\/napredna-knjiznica-slik\/","url":"https:\/\/www.newslettercreator.com\/sl\/napredna-knjiznica-slik\/","name":"Napredna knji\u017enica slik - Newsletter Creator","isPartOf":{"@id":"https:\/\/www.newslettercreator.com\/#website"},"primaryImageOfPage":{"@id":"https:\/\/www.newslettercreator.com\/sl\/napredna-knjiznica-slik\/#primaryimage"},"image":{"@id":"https:\/\/www.newslettercreator.com\/sl\/napredna-knjiznica-slik\/#primaryimage"},"thumbnailUrl":"http:\/\/www.newslettercreator.com\/wp-content\/uploads\/2014\/04\/library-adv.jpg","datePublished":"2014-09-30T08:02:38+00:00","dateModified":"2022-03-03T14:55:34+00:00","breadcrumb":{"@id":"https:\/\/www.newslettercreator.com\/sl\/napredna-knjiznica-slik\/#breadcrumb"},"inLanguage":"sl-SI","potentialAction":[{"@type":"ReadAction","target":["https:\/\/www.newslettercreator.com\/sl\/napredna-knjiznica-slik\/"]}]},{"@type":"ImageObject","inLanguage":"sl-SI","@id":"https:\/\/www.newslettercreator.com\/sl\/napredna-knjiznica-slik\/#primaryimage","url":"http:\/\/www.newslettercreator.com\/wp-content\/uploads\/2014\/04\/library-adv.jpg","contentUrl":"http:\/\/www.newslettercreator.com\/wp-content\/uploads\/2014\/04\/library-adv.jpg"},{"@type":"BreadcrumbList","@id":"https:\/\/www.newslettercreator.com\/sl\/napredna-knjiznica-slik\/#breadcrumb","itemListElement":[{"@type":"ListItem","position":1,"name":"Home","item":"https:\/\/www.newslettercreator.com\/sl\/"},{"@type":"ListItem","position":2,"name":"Napredna knji\u017enica slik"}]},{"@type":"WebSite","@id":"https:\/\/www.newslettercreator.com\/#website","url":"https:\/\/www.newslettercreator.com\/","name":"Newsletter Creator","description":"Pay off","potentialAction":[{"@type":"SearchAction","target":{"@type":"EntryPoint","urlTemplate":"https:\/\/www.newslettercreator.com\/?s={search_term_string}"},"query-input":{"@type":"PropertyValueSpecification","valueRequired":true,"valueName":"search_term_string"}}],"inLanguage":"sl-SI"}]}},"_links":{"self":[{"href":"https:\/\/www.newslettercreator.com\/sl\/wp-json\/wp\/v2\/pages\/1551","targetHints":{"allow":["GET"]}}],"collection":[{"href":"https:\/\/www.newslettercreator.com\/sl\/wp-json\/wp\/v2\/pages"}],"about":[{"href":"https:\/\/www.newslettercreator.com\/sl\/wp-json\/wp\/v2\/types\/page"}],"author":[{"embeddable":true,"href":"https:\/\/www.newslettercreator.com\/sl\/wp-json\/wp\/v2\/users\/1"}],"replies":[{"embeddable":true,"href":"https:\/\/www.newslettercreator.com\/sl\/wp-json\/wp\/v2\/comments?post=1551"}],"version-history":[{"count":4,"href":"https:\/\/www.newslettercreator.com\/sl\/wp-json\/wp\/v2\/pages\/1551\/revisions"}],"predecessor-version":[{"id":11751,"href":"https:\/\/www.newslettercreator.com\/sl\/wp-json\/wp\/v2\/pages\/1551\/revisions\/11751"}],"wp:attachment":[{"href":"https:\/\/www.newslettercreator.com\/sl\/wp-json\/wp\/v2\/media?parent=1551"}],"curies":[{"name":"wp","href":"https:\/\/api.w.org\/{rel}","templated":true}]}}