{"id":1746,"date":"2014-10-15T12:12:33","date_gmt":"2014-10-15T12:12:33","guid":{"rendered":"http:\/\/www.newslettercreator.com\/?page_id=1746"},"modified":"2017-06-23T07:37:06","modified_gmt":"2017-06-23T07:37:06","slug":"vart-foretag","status":"publish","type":"page","link":"https:\/\/www.newslettercreator.com\/sv\/vart-foretag\/","title":{"rendered":"V\u00e5rt f\u00f6retag"},"content":{"rendered":"<p>MailStyler skapas av <strong>Delivery Tech<\/strong>, ett Kalifornien-baserade f\u00f6retag som specialiserat sig p\u00e5 produkter f\u00f6r e-post och digital marknadsf\u00f6ring.<\/p>\n<p>&nbsp;<\/p>\n<p><a href=\"http:\/\/www.newslettercreator.com\/wp-content\/uploads\/2014\/02\/deliverytech.png\"><img decoding=\"async\" src=\"http:\/\/www.newslettercreator.com\/wp-content\/uploads\/2014\/02\/deliverytech.png\" alt=\"deliverytech\" width=\"334\" height=\"34\" class=\"alignnone size-full wp-image-1522\" srcset=\"https:\/\/www.newslettercreator.com\/wp-content\/uploads\/2014\/02\/deliverytech.png 334w, https:\/\/www.newslettercreator.com\/wp-content\/uploads\/2014\/02\/deliverytech-300x30.png 300w, https:\/\/www.newslettercreator.com\/wp-content\/uploads\/2014\/02\/deliverytech-320x34.png 320w\" sizes=\"(max-width: 334px) 100vw, 334px\" \/><\/a><\/p>\n<p><strong>Delivery Tech Corp.<\/strong><br \/>\n4411 Morena Blvd #230<br \/>\nSan Diego, CA 92117<br \/>\n24\/7 phone: +1 (646) 963-6059<\/p>\n<p>&nbsp;<\/p>\n<p>&nbsp;<\/p>\n<p>&nbsp;<\/p>\n<p>&nbsp;<\/p>\n<p>&nbsp;<\/p>\n","protected":false},"excerpt":{"rendered":"<p>MailStyler skapas av Delivery Tech, ett Kalifornien-baserade f\u00f6retag som specialiserat sig p\u00e5 produkter f\u00f6r e-post och digital marknadsf\u00f6ring. &nbsp; Delivery Tech Corp. 4411 Morena Blvd #230 San Diego, CA 92117 24\/7 phone: +1 (646) 963-6059 &nbsp; &nbsp; &nbsp; &nbsp; &nbsp;<\/p>\n","protected":false},"author":1,"featured_media":0,"parent":0,"menu_order":0,"comment_status":"closed","ping_status":"closed","template":"g1_template_page_sidebar_right.php","meta":{"inline_featured_image":false,"_monsterinsights_skip_tracking":false,"_monsterinsights_sitenote_active":false,"_monsterinsights_sitenote_note":"","_monsterinsights_sitenote_category":0,"footnotes":""},"class_list":["post-1746","page","type-page","status-publish"],"yoast_head":"<!-- This site is optimized with the Yoast SEO plugin v25.2 - https:\/\/yoast.com\/wordpress\/plugins\/seo\/ -->\n<title>V\u00e5rt f\u00f6retag - Newsletter Creator<\/title>\n<meta name=\"robots\" content=\"index, follow, max-snippet:-1, max-image-preview:large, max-video-preview:-1\" \/>\n<link rel=\"canonical\" href=\"https:\/\/www.newslettercreator.com\/sv\/vart-foretag\/\" \/>\n<meta property=\"og:locale\" content=\"sv_SE\" \/>\n<meta property=\"og:type\" content=\"article\" \/>\n<meta property=\"og:title\" content=\"V\u00e5rt f\u00f6retag - Newsletter Creator\" \/>\n<meta property=\"og:description\" content=\"MailStyler skapas av Delivery Tech, ett Kalifornien-baserade f\u00f6retag som specialiserat sig p\u00e5 produkter f\u00f6r e-post och digital marknadsf\u00f6ring. &nbsp; Delivery Tech Corp. 4411 Morena Blvd #230 San Diego, CA 92117 24\/7 phone: +1 (646) 963-6059 &nbsp; &nbsp; &nbsp; &nbsp; &nbsp;\" \/>\n<meta property=\"og:url\" content=\"https:\/\/www.newslettercreator.com\/sv\/vart-foretag\/\" \/>\n<meta property=\"og:site_name\" content=\"Newsletter Creator\" \/>\n<meta property=\"article:modified_time\" content=\"2017-06-23T07:37:06+00:00\" \/>\n<meta property=\"og:image\" content=\"http:\/\/www.newslettercreator.com\/wp-content\/uploads\/2014\/02\/deliverytech.png\" \/>\n<script type=\"application\/ld+json\" class=\"yoast-schema-graph\">{\"@context\":\"https:\/\/schema.org\",\"@graph\":[{\"@type\":\"WebPage\",\"@id\":\"https:\/\/www.newslettercreator.com\/sv\/vart-foretag\/\",\"url\":\"https:\/\/www.newslettercreator.com\/sv\/vart-foretag\/\",\"name\":\"V\u00e5rt f\u00f6retag - Newsletter Creator\",\"isPartOf\":{\"@id\":\"https:\/\/www.newslettercreator.com\/#website\"},\"primaryImageOfPage\":{\"@id\":\"https:\/\/www.newslettercreator.com\/sv\/vart-foretag\/#primaryimage\"},\"image\":{\"@id\":\"https:\/\/www.newslettercreator.com\/sv\/vart-foretag\/#primaryimage\"},\"thumbnailUrl\":\"http:\/\/www.newslettercreator.com\/wp-content\/uploads\/2014\/02\/deliverytech.png\",\"datePublished\":\"2014-10-15T12:12:33+00:00\",\"dateModified\":\"2017-06-23T07:37:06+00:00\",\"breadcrumb\":{\"@id\":\"https:\/\/www.newslettercreator.com\/sv\/vart-foretag\/#breadcrumb\"},\"inLanguage\":\"sv-SE\",\"potentialAction\":[{\"@type\":\"ReadAction\",\"target\":[\"https:\/\/www.newslettercreator.com\/sv\/vart-foretag\/\"]}]},{\"@type\":\"ImageObject\",\"inLanguage\":\"sv-SE\",\"@id\":\"https:\/\/www.newslettercreator.com\/sv\/vart-foretag\/#primaryimage\",\"url\":\"http:\/\/www.newslettercreator.com\/wp-content\/uploads\/2014\/02\/deliverytech.png\",\"contentUrl\":\"http:\/\/www.newslettercreator.com\/wp-content\/uploads\/2014\/02\/deliverytech.png\"},{\"@type\":\"BreadcrumbList\",\"@id\":\"https:\/\/www.newslettercreator.com\/sv\/vart-foretag\/#breadcrumb\",\"itemListElement\":[{\"@type\":\"ListItem\",\"position\":1,\"name\":\"Home\",\"item\":\"https:\/\/www.newslettercreator.com\/sv\/\"},{\"@type\":\"ListItem\",\"position\":2,\"name\":\"V\u00e5rt f\u00f6retag\"}]},{\"@type\":\"WebSite\",\"@id\":\"https:\/\/www.newslettercreator.com\/#website\",\"url\":\"https:\/\/www.newslettercreator.com\/\",\"name\":\"Newsletter Creator\",\"description\":\"Pay off\",\"potentialAction\":[{\"@type\":\"SearchAction\",\"target\":{\"@type\":\"EntryPoint\",\"urlTemplate\":\"https:\/\/www.newslettercreator.com\/?s={search_term_string}\"},\"query-input\":{\"@type\":\"PropertyValueSpecification\",\"valueRequired\":true,\"valueName\":\"search_term_string\"}}],\"inLanguage\":\"sv-SE\"}]}<\/script>\n<!-- \/ Yoast SEO plugin. -->","yoast_head_json":{"title":"V\u00e5rt f\u00f6retag - Newsletter Creator","robots":{"index":"index","follow":"follow","max-snippet":"max-snippet:-1","max-image-preview":"max-image-preview:large","max-video-preview":"max-video-preview:-1"},"canonical":"https:\/\/www.newslettercreator.com\/sv\/vart-foretag\/","og_locale":"sv_SE","og_type":"article","og_title":"V\u00e5rt f\u00f6retag - Newsletter Creator","og_description":"MailStyler skapas av Delivery Tech, ett Kalifornien-baserade f\u00f6retag som specialiserat sig p\u00e5 produkter f\u00f6r e-post och digital marknadsf\u00f6ring. &nbsp; Delivery Tech Corp. 4411 Morena Blvd #230 San Diego, CA 92117 24\/7 phone: +1 (646) 963-6059 &nbsp; &nbsp; &nbsp; &nbsp; &nbsp;","og_url":"https:\/\/www.newslettercreator.com\/sv\/vart-foretag\/","og_site_name":"Newsletter Creator","article_modified_time":"2017-06-23T07:37:06+00:00","og_image":[{"url":"http:\/\/www.newslettercreator.com\/wp-content\/uploads\/2014\/02\/deliverytech.png","type":"","width":"","height":""}],"schema":{"@context":"https:\/\/schema.org","@graph":[{"@type":"WebPage","@id":"https:\/\/www.newslettercreator.com\/sv\/vart-foretag\/","url":"https:\/\/www.newslettercreator.com\/sv\/vart-foretag\/","name":"V\u00e5rt f\u00f6retag - Newsletter Creator","isPartOf":{"@id":"https:\/\/www.newslettercreator.com\/#website"},"primaryImageOfPage":{"@id":"https:\/\/www.newslettercreator.com\/sv\/vart-foretag\/#primaryimage"},"image":{"@id":"https:\/\/www.newslettercreator.com\/sv\/vart-foretag\/#primaryimage"},"thumbnailUrl":"http:\/\/www.newslettercreator.com\/wp-content\/uploads\/2014\/02\/deliverytech.png","datePublished":"2014-10-15T12:12:33+00:00","dateModified":"2017-06-23T07:37:06+00:00","breadcrumb":{"@id":"https:\/\/www.newslettercreator.com\/sv\/vart-foretag\/#breadcrumb"},"inLanguage":"sv-SE","potentialAction":[{"@type":"ReadAction","target":["https:\/\/www.newslettercreator.com\/sv\/vart-foretag\/"]}]},{"@type":"ImageObject","inLanguage":"sv-SE","@id":"https:\/\/www.newslettercreator.com\/sv\/vart-foretag\/#primaryimage","url":"http:\/\/www.newslettercreator.com\/wp-content\/uploads\/2014\/02\/deliverytech.png","contentUrl":"http:\/\/www.newslettercreator.com\/wp-content\/uploads\/2014\/02\/deliverytech.png"},{"@type":"BreadcrumbList","@id":"https:\/\/www.newslettercreator.com\/sv\/vart-foretag\/#breadcrumb","itemListElement":[{"@type":"ListItem","position":1,"name":"Home","item":"https:\/\/www.newslettercreator.com\/sv\/"},{"@type":"ListItem","position":2,"name":"V\u00e5rt f\u00f6retag"}]},{"@type":"WebSite","@id":"https:\/\/www.newslettercreator.com\/#website","url":"https:\/\/www.newslettercreator.com\/","name":"Newsletter Creator","description":"Pay off","potentialAction":[{"@type":"SearchAction","target":{"@type":"EntryPoint","urlTemplate":"https:\/\/www.newslettercreator.com\/?s={search_term_string}"},"query-input":{"@type":"PropertyValueSpecification","valueRequired":true,"valueName":"search_term_string"}}],"inLanguage":"sv-SE"}]}},"_links":{"self":[{"href":"https:\/\/www.newslettercreator.com\/sv\/wp-json\/wp\/v2\/pages\/1746","targetHints":{"allow":["GET"]}}],"collection":[{"href":"https:\/\/www.newslettercreator.com\/sv\/wp-json\/wp\/v2\/pages"}],"about":[{"href":"https:\/\/www.newslettercreator.com\/sv\/wp-json\/wp\/v2\/types\/page"}],"author":[{"embeddable":true,"href":"https:\/\/www.newslettercreator.com\/sv\/wp-json\/wp\/v2\/users\/1"}],"replies":[{"embeddable":true,"href":"https:\/\/www.newslettercreator.com\/sv\/wp-json\/wp\/v2\/comments?post=1746"}],"version-history":[{"count":4,"href":"https:\/\/www.newslettercreator.com\/sv\/wp-json\/wp\/v2\/pages\/1746\/revisions"}],"predecessor-version":[{"id":6097,"href":"https:\/\/www.newslettercreator.com\/sv\/wp-json\/wp\/v2\/pages\/1746\/revisions\/6097"}],"wp:attachment":[{"href":"https:\/\/www.newslettercreator.com\/sv\/wp-json\/wp\/v2\/media?parent=1746"}],"curies":[{"name":"wp","href":"https:\/\/api.w.org\/{rel}","templated":true}]}}