{"id":1772,"date":"2014-10-20T06:53:04","date_gmt":"2014-10-20T06:53:04","guid":{"rendered":"http:\/\/www.newslettercreator.com\/?page_id=1772"},"modified":"2018-07-10T14:18:20","modified_gmt":"2018-07-10T14:18:20","slug":"prova-gratis","status":"publish","type":"page","link":"https:\/\/www.newslettercreator.com\/sv\/prova-gratis\/","title":{"rendered":"Pr\u00f6va Gratis"},"content":{"rendered":"<ul class=\"g1-grid\"><li class=\"g1-column g1-one-half g1-valign-top\">\n<p><img decoding=\"async\" width=\"457\" height=\"418\" alt=\"Pr\u00f6va v\u00e5r nyhetsbrevsdesigner Gratis\" src=\"http:\/\/www.newslettercreator.com\/wp-content\/uploads\/2014\/09\/monitor.jpg\" \/><\/p>\n<\/li><!-- -->\n<li class=\"g1-column g1-one-half g1-valign-top\">\n<p style=\"text-align: left;\">\n<h1 style=\"line-height:38px !important;\">Pr\u00f6va v\u00e5r<br \/>nyhetsbrevsdesigner<br \/>Gratis<\/h1>\n<\/p>\n<p style=\"text-align: left;\"><a class=\"button large orange\" title=\"Ladda Ner Demot\" href=\"http:\/\/www.newslettercreator.com\/utils\/download\/pre-download.php\" target=\"_blank\">LADDA NER DEMOT<\/a><\/p>\n<p style=\"margin-bottom: 5px;\"><strong>Har du en licensnyckel?<\/strong> <a href=\"https:\/\/www.newslettercreator.com\/download-your-mailstyler-release\/\" title=\"Har du en licensnyckel? Klicka h\u00e4r f\u00f6r att ladda ner\">Klicka h\u00e4r f\u00f6r att ladda ner<\/a><\/p>\n<p style=\"text-align: left; font-size: 11px;\">Senaste utg\u00e5van: 2.24.01.17 | Lanseringsdag: 17\/01\/2024 | Storlek: 114.9 MB<br \/><a href=\"http:\/\/www.newslettercreator.com\/license-agreement\/\" target=\"_blank\">Licensavtal<\/a> | <a href=\"http:\/\/www.newslettercreator.com\/how-to-uninstall\/\" target=\"_blank\">Hur man avinstallerar<\/a><\/p>\n<p><img decoding=\"async\" width=\"196\" height=\"24\" src=\"http:\/\/www.newslettercreator.com\/wp-content\/uploads\/2015\/07\/windows-10-ready.jpg\" alt=\"MailStyler \u00e4r redo f\u00f6r Windows 10\"><\/p>\n<\/li><!-- --><\/ul>\n<p>Den <strong>demo versionen<\/strong> av MailStyler l\u00e5ter dig exportera upp till 20 e-postmeddelanden i HTML och anv\u00e4nda dem med alla e-postprogram eller e-postmarknadsf\u00f6ringsprogramvaror.<\/p>\n<p>Du f\u00e5r \u00e4ven tillg\u00e5ng till v\u00e5rt <strong>grundl\u00e4ggande bildbibliotek<\/strong> (200+ bilder utan vattenst\u00e4mpel och 2000+ med vattenst\u00e4mpel).<\/p>\n","protected":false},"excerpt":{"rendered":"<p>Den demo versionen av MailStyler l\u00e5ter dig exportera upp till 20 e-postmeddelanden i HTML och anv\u00e4nda dem med alla e-postprogram eller e-postmarknadsf\u00f6ringsprogramvaror. Du f\u00e5r \u00e4ven tillg\u00e5ng till v\u00e5rt grundl\u00e4ggande bildbibliotek (200+ bilder utan vattenst\u00e4mpel och 2000+ med vattenst\u00e4mpel).<\/p>\n","protected":false},"author":1,"featured_media":0,"parent":0,"menu_order":0,"comment_status":"closed","ping_status":"closed","template":"","meta":{"inline_featured_image":false,"_monsterinsights_skip_tracking":false,"_monsterinsights_sitenote_active":false,"_monsterinsights_sitenote_note":"","_monsterinsights_sitenote_category":0,"footnotes":""},"class_list":["post-1772","page","type-page","status-publish"],"yoast_head":"<!-- This site is optimized with the Yoast SEO plugin v25.2 - https:\/\/yoast.com\/wordpress\/plugins\/seo\/ -->\n<title>Pr\u00f6va Gratis - Newsletter Creator<\/title>\n<meta name=\"robots\" content=\"index, follow, max-snippet:-1, max-image-preview:large, max-video-preview:-1\" \/>\n<link rel=\"canonical\" href=\"https:\/\/www.newslettercreator.com\/sv\/prova-gratis\/\" \/>\n<meta property=\"og:locale\" content=\"sv_SE\" \/>\n<meta property=\"og:type\" content=\"article\" \/>\n<meta property=\"og:title\" content=\"Pr\u00f6va Gratis - Newsletter Creator\" \/>\n<meta property=\"og:description\" content=\"Den demo versionen av MailStyler l\u00e5ter dig exportera upp till 20 e-postmeddelanden i HTML och anv\u00e4nda dem med alla e-postprogram eller e-postmarknadsf\u00f6ringsprogramvaror. Du f\u00e5r \u00e4ven tillg\u00e5ng till v\u00e5rt grundl\u00e4ggande bildbibliotek (200+ bilder utan vattenst\u00e4mpel och 2000+ med vattenst\u00e4mpel).\" \/>\n<meta property=\"og:url\" content=\"https:\/\/www.newslettercreator.com\/sv\/prova-gratis\/\" \/>\n<meta property=\"og:site_name\" content=\"Newsletter Creator\" \/>\n<meta property=\"article:modified_time\" content=\"2018-07-10T14:18:20+00:00\" \/>\n<meta property=\"og:image\" content=\"http:\/\/www.newslettercreator.com\/wp-content\/uploads\/2014\/09\/monitor.jpg\" \/>\n<script type=\"application\/ld+json\" class=\"yoast-schema-graph\">{\"@context\":\"https:\/\/schema.org\",\"@graph\":[{\"@type\":\"WebPage\",\"@id\":\"https:\/\/www.newslettercreator.com\/sv\/prova-gratis\/\",\"url\":\"https:\/\/www.newslettercreator.com\/sv\/prova-gratis\/\",\"name\":\"Pr\u00f6va Gratis - Newsletter Creator\",\"isPartOf\":{\"@id\":\"https:\/\/www.newslettercreator.com\/#website\"},\"primaryImageOfPage\":{\"@id\":\"https:\/\/www.newslettercreator.com\/sv\/prova-gratis\/#primaryimage\"},\"image\":{\"@id\":\"https:\/\/www.newslettercreator.com\/sv\/prova-gratis\/#primaryimage\"},\"thumbnailUrl\":\"http:\/\/www.newslettercreator.com\/wp-content\/uploads\/2014\/09\/monitor.jpg\",\"datePublished\":\"2014-10-20T06:53:04+00:00\",\"dateModified\":\"2018-07-10T14:18:20+00:00\",\"breadcrumb\":{\"@id\":\"https:\/\/www.newslettercreator.com\/sv\/prova-gratis\/#breadcrumb\"},\"inLanguage\":\"sv-SE\",\"potentialAction\":[{\"@type\":\"ReadAction\",\"target\":[\"https:\/\/www.newslettercreator.com\/sv\/prova-gratis\/\"]}]},{\"@type\":\"ImageObject\",\"inLanguage\":\"sv-SE\",\"@id\":\"https:\/\/www.newslettercreator.com\/sv\/prova-gratis\/#primaryimage\",\"url\":\"http:\/\/www.newslettercreator.com\/wp-content\/uploads\/2014\/09\/monitor.jpg\",\"contentUrl\":\"http:\/\/www.newslettercreator.com\/wp-content\/uploads\/2014\/09\/monitor.jpg\"},{\"@type\":\"BreadcrumbList\",\"@id\":\"https:\/\/www.newslettercreator.com\/sv\/prova-gratis\/#breadcrumb\",\"itemListElement\":[{\"@type\":\"ListItem\",\"position\":1,\"name\":\"Home\",\"item\":\"https:\/\/www.newslettercreator.com\/sv\/\"},{\"@type\":\"ListItem\",\"position\":2,\"name\":\"Pr\u00f6va Gratis\"}]},{\"@type\":\"WebSite\",\"@id\":\"https:\/\/www.newslettercreator.com\/#website\",\"url\":\"https:\/\/www.newslettercreator.com\/\",\"name\":\"Newsletter Creator\",\"description\":\"Pay off\",\"potentialAction\":[{\"@type\":\"SearchAction\",\"target\":{\"@type\":\"EntryPoint\",\"urlTemplate\":\"https:\/\/www.newslettercreator.com\/?s={search_term_string}\"},\"query-input\":{\"@type\":\"PropertyValueSpecification\",\"valueRequired\":true,\"valueName\":\"search_term_string\"}}],\"inLanguage\":\"sv-SE\"}]}<\/script>\n<!-- \/ Yoast SEO plugin. -->","yoast_head_json":{"title":"Pr\u00f6va Gratis - Newsletter Creator","robots":{"index":"index","follow":"follow","max-snippet":"max-snippet:-1","max-image-preview":"max-image-preview:large","max-video-preview":"max-video-preview:-1"},"canonical":"https:\/\/www.newslettercreator.com\/sv\/prova-gratis\/","og_locale":"sv_SE","og_type":"article","og_title":"Pr\u00f6va Gratis - Newsletter Creator","og_description":"Den demo versionen av MailStyler l\u00e5ter dig exportera upp till 20 e-postmeddelanden i HTML och anv\u00e4nda dem med alla e-postprogram eller e-postmarknadsf\u00f6ringsprogramvaror. Du f\u00e5r \u00e4ven tillg\u00e5ng till v\u00e5rt grundl\u00e4ggande bildbibliotek (200+ bilder utan vattenst\u00e4mpel och 2000+ med vattenst\u00e4mpel).","og_url":"https:\/\/www.newslettercreator.com\/sv\/prova-gratis\/","og_site_name":"Newsletter Creator","article_modified_time":"2018-07-10T14:18:20+00:00","og_image":[{"url":"http:\/\/www.newslettercreator.com\/wp-content\/uploads\/2014\/09\/monitor.jpg","type":"","width":"","height":""}],"schema":{"@context":"https:\/\/schema.org","@graph":[{"@type":"WebPage","@id":"https:\/\/www.newslettercreator.com\/sv\/prova-gratis\/","url":"https:\/\/www.newslettercreator.com\/sv\/prova-gratis\/","name":"Pr\u00f6va Gratis - Newsletter Creator","isPartOf":{"@id":"https:\/\/www.newslettercreator.com\/#website"},"primaryImageOfPage":{"@id":"https:\/\/www.newslettercreator.com\/sv\/prova-gratis\/#primaryimage"},"image":{"@id":"https:\/\/www.newslettercreator.com\/sv\/prova-gratis\/#primaryimage"},"thumbnailUrl":"http:\/\/www.newslettercreator.com\/wp-content\/uploads\/2014\/09\/monitor.jpg","datePublished":"2014-10-20T06:53:04+00:00","dateModified":"2018-07-10T14:18:20+00:00","breadcrumb":{"@id":"https:\/\/www.newslettercreator.com\/sv\/prova-gratis\/#breadcrumb"},"inLanguage":"sv-SE","potentialAction":[{"@type":"ReadAction","target":["https:\/\/www.newslettercreator.com\/sv\/prova-gratis\/"]}]},{"@type":"ImageObject","inLanguage":"sv-SE","@id":"https:\/\/www.newslettercreator.com\/sv\/prova-gratis\/#primaryimage","url":"http:\/\/www.newslettercreator.com\/wp-content\/uploads\/2014\/09\/monitor.jpg","contentUrl":"http:\/\/www.newslettercreator.com\/wp-content\/uploads\/2014\/09\/monitor.jpg"},{"@type":"BreadcrumbList","@id":"https:\/\/www.newslettercreator.com\/sv\/prova-gratis\/#breadcrumb","itemListElement":[{"@type":"ListItem","position":1,"name":"Home","item":"https:\/\/www.newslettercreator.com\/sv\/"},{"@type":"ListItem","position":2,"name":"Pr\u00f6va Gratis"}]},{"@type":"WebSite","@id":"https:\/\/www.newslettercreator.com\/#website","url":"https:\/\/www.newslettercreator.com\/","name":"Newsletter Creator","description":"Pay off","potentialAction":[{"@type":"SearchAction","target":{"@type":"EntryPoint","urlTemplate":"https:\/\/www.newslettercreator.com\/?s={search_term_string}"},"query-input":{"@type":"PropertyValueSpecification","valueRequired":true,"valueName":"search_term_string"}}],"inLanguage":"sv-SE"}]}},"_links":{"self":[{"href":"https:\/\/www.newslettercreator.com\/sv\/wp-json\/wp\/v2\/pages\/1772","targetHints":{"allow":["GET"]}}],"collection":[{"href":"https:\/\/www.newslettercreator.com\/sv\/wp-json\/wp\/v2\/pages"}],"about":[{"href":"https:\/\/www.newslettercreator.com\/sv\/wp-json\/wp\/v2\/types\/page"}],"author":[{"embeddable":true,"href":"https:\/\/www.newslettercreator.com\/sv\/wp-json\/wp\/v2\/users\/1"}],"replies":[{"embeddable":true,"href":"https:\/\/www.newslettercreator.com\/sv\/wp-json\/wp\/v2\/comments?post=1772"}],"version-history":[{"count":6,"href":"https:\/\/www.newslettercreator.com\/sv\/wp-json\/wp\/v2\/pages\/1772\/revisions"}],"predecessor-version":[{"id":7093,"href":"https:\/\/www.newslettercreator.com\/sv\/wp-json\/wp\/v2\/pages\/1772\/revisions\/7093"}],"wp:attachment":[{"href":"https:\/\/www.newslettercreator.com\/sv\/wp-json\/wp\/v2\/media?parent=1772"}],"curies":[{"name":"wp","href":"https:\/\/api.w.org\/{rel}","templated":true}]}}