{"id":1779,"date":"2014-10-20T07:10:27","date_gmt":"2014-10-20T07:10:27","guid":{"rendered":"http:\/\/www.newslettercreator.com\/?page_id=1779"},"modified":"2021-05-26T14:31:26","modified_gmt":"2021-05-26T12:31:26","slug":"varfor-valja-mailstyler","status":"publish","type":"page","link":"https:\/\/www.newslettercreator.com\/sv\/varfor-valja-mailstyler\/","title":{"rendered":"Varf\u00f6r v\u00e4lja MailStyler"},"content":{"rendered":"<ul class=\"g1-grid\"><li class=\"g1-column g1-one-half g1-valign-top\">\n<p>MailStyler \u00e4r den mest kraftfulla epostdesignern som finns. Det g\u00f6r det m\u00f6jligt att skapa fantastiska och 100% kompatibla nyhetsbrevsmallar med en enkel serie av drag och sl\u00e4pp.<\/p>\n<p>En typisk fr\u00e5ga n\u00e4r det g\u00e4ller e-postmarknadsf\u00f6ring \u00e4r i sj\u00e4lva verket <strong>vilken mall man ska anv\u00e4nda f\u00f6r att f\u00f6rb\u00e4ttra sin kampanj<\/strong>, och hur man designar den. De vanligaste l\u00f6sningen \u00e4r att f\u00f6rlita sig p\u00e5 f\u00e4rdiga layouter som finns p\u00e5 webben, eller att anv\u00e4nda den interna redigeraren i ditt e-post program.<br \/>\nIngen av dem \u00e4r perfekt: det f\u00f6rsta kan inte ge en <strong>riktigt skr\u00e4ddarsydd mall<\/strong>, medan alla molnbaserade applikationer och &#8221;vanliga&#8221; e-post redigerare har irriterande begr\u00e4nsningar i fr\u00e5ga om flexibilitet och anv\u00e4ndbarhet. Dessutom, i b\u00e5da fallen m\u00e5ste du testa den slutgiltiga layouten p\u00e5 olika klienter f\u00f6r att se till att det <strong>visas p\u00e5 r\u00e4tt s\u00e4tt<\/strong>.<\/p>\n<p>\u00d6ppna MailStyler, och <strong>allt f\u00f6r\u00e4ndras<\/strong>.<\/p>\n<p>Allt du beh\u00f6ver g\u00f6ra \u00e4r att v\u00e4lja bland ett stort antal f\u00f6rdefinierade element (textrutor, pelare, sidfot, rubriker&#8230;), och dra och sl\u00e4ppa dem i v\u00e5r WYSIWYG eredigerare, d\u00e4r du kan \u00e4ndra dem fritt. Inget behov av HTML-kunskaper kr\u00e4vs: bara n\u00e5gra drag med musen och &#8230;din kreativitet!<br \/>\nDen slutgiltiga mallen blir allts\u00e5 perfekt kodad och <strong>kompatibel med alla klienter och webbmail<\/strong> samt anv\u00e4ndbar p\u00e5 alla de mest popul\u00e4ra klienterna och plattformarna (MailChimp, Vertical, Sendblaster, etc.)<\/p>\n<\/li><!-- -->\n<li class=\"g1-column g1-one-half g1-valign-top\">\n<p style=\"text-align: center;\"><img decoding=\"async\" src=\"http:\/\/www.newslettercreator.com\/wp-content\/uploads\/2014\/09\/monitor.jpg\" alt=\"Varf\u00f6r v\u00e4lja MailStyler\" width=\"423\" height=\"311\" \/><\/p>\n<p style=\"text-align: center;\"><a class=\"button large orange\" style=\"margin-top: 20px; width: 167px; margin-right: 30px;\" title=\"Ladda Ner Demot\" href=\"http:\/\/www.newslettercreator.com\/sv\/prova-gratis\/\" target=\"_self\" rel=\"noopener\">LADDA NER DEMOT<\/a><a class=\"button large darkgray\" style=\"margin-top: 20px; width: 167px;\" title=\"K\u00f6p Mailstyler Pro\" href=\"http:\/\/www.newslettercreator.com\/sv\/prissattning\/\" target=\"_self\" rel=\"noopener\">K\u00d6P MAILSTYLER PRO<\/a><\/p>\n<p style=\"text-align: center; font-size: 11px;\">Senaste utg\u00e5van: 2.24.01.17 | Lanseringsdag: 17\/01\/2024 | Storlek: 114.9 MB<br \/>\n<a href=\"http:\/\/www.newslettercreator.com\/license-agreement\/\" target=\"_blank\" rel=\"noopener\">Licensavtal<\/a> | <a href=\"http:\/\/www.newslettercreator.com\/how-to-uninstall\/\" target=\"_blank\" rel=\"noopener\">Hur man avinstallerar<\/a><\/p>\n<\/li><!-- --><\/ul>\n<p>&nbsp;<\/p>\n<h2>Vem kan dra nytta av det?<\/h2>\n<p>I princip <strong>vem som helst som ofta skickar e-post<\/strong> och vill f\u00f6rb\u00e4ttra sin design och effektivitet utan anstr\u00e4ngningar. Och framf\u00f6r allt :<\/p>\n<p><div id=\"g1-toggle-counter-1\" class=\"g1-toggle g1-toggle--off g1-toggle--simple g1-toggle--noicon \" ><div class=\"g1-toggle__title\">F\u00f6retag<\/div><div class=\"g1-toggle__content\"><div class=\"g1-block\"><br \/>\nBygg din egen mall som ett riktigt proffs, utan att l\u00e4gga ut processen: tid och pengar sparas.<br \/>\n<\/div><\/div><\/div><br \/>\n<div id=\"g1-toggle-counter-2\" class=\"g1-toggle g1-toggle--off g1-toggle--simple g1-toggle--noicon \" ><div class=\"g1-toggle__title\">Frilansande formgivare<\/div><div class=\"g1-toggle__content\"><div class=\"g1-block\"><br \/>\nI st\u00e4llet f\u00f6r att sl\u00f6sa timmar med att hacka kod, l\u00e5t MailStyler g\u00f6ra det h\u00e5rda jobbet och fokusera p\u00e5 det som \u00e4r mer givande &#8211; design.<br \/>\n<\/div><\/div><\/div><br \/>\n<div id=\"g1-toggle-counter-3\" class=\"g1-toggle g1-toggle--off g1-toggle--simple g1-toggle--noicon \" ><div class=\"g1-toggle__title\">Marknadsf\u00f6rare<\/div><div class=\"g1-toggle__content\"><div class=\"g1-block\"><br \/>\nNaturligtvis kommer alla som \u00e4r direkt involverade i digital- och e-postmarknadsf\u00f6ring att se MailStyler som en ov\u00e4rderlig resurs.<br \/>\n<\/div><\/div><\/div><br \/>\n<div id=\"g1-toggle-counter-4\" class=\"g1-toggle g1-toggle--off g1-toggle--simple g1-toggle--noicon \" ><div class=\"g1-toggle__title\">Webbansvariga<\/div><div class=\"g1-toggle__content\"><div class=\"g1-block\"><br \/>\nSkapa och s\u00e4lj fler och b\u00e4ttre HTML-mallar p\u00e5 kortare tid. Vad \u00e4r b\u00e4ttre?<br \/>\n<\/div><\/div><\/div><br \/>\n<div id=\"g1-toggle-counter-5\" class=\"g1-toggle g1-toggle--off g1-toggle--simple g1-toggle--noicon \" ><div class=\"g1-toggle__title\">Uppstarter<\/div><div class=\"g1-toggle__content\"><div class=\"g1-block\"><br \/>\nEn effektiv kommunikation \u00e4r avg\u00f6rande f\u00f6r ett f\u00f6retag som \u00e4r p\u00e5 v\u00e4g att starta: och tack vare MailStyler, kommer din e-post f\u00e5 r\u00e4tt start ocks\u00e5.<br \/>\n<\/div><\/div><\/div><\/p>\n","protected":false},"excerpt":{"rendered":"<p>&nbsp; Vem kan dra nytta av det? I princip vem som helst som ofta skickar e-post och vill f\u00f6rb\u00e4ttra sin design och effektivitet utan anstr\u00e4ngningar. Och framf\u00f6r allt :<\/p>\n","protected":false},"author":1,"featured_media":0,"parent":0,"menu_order":0,"comment_status":"closed","ping_status":"closed","template":"","meta":{"inline_featured_image":false,"_monsterinsights_skip_tracking":false,"_monsterinsights_sitenote_active":false,"_monsterinsights_sitenote_note":"","_monsterinsights_sitenote_category":0,"footnotes":""},"class_list":["post-1779","page","type-page","status-publish"],"yoast_head":"<!-- This site is optimized with the Yoast SEO plugin v25.2 - https:\/\/yoast.com\/wordpress\/plugins\/seo\/ -->\n<title>Varf\u00f6r v\u00e4lja MailStyler - Newsletter Creator<\/title>\n<meta name=\"robots\" content=\"index, follow, max-snippet:-1, max-image-preview:large, max-video-preview:-1\" \/>\n<link rel=\"canonical\" href=\"https:\/\/www.newslettercreator.com\/sv\/varfor-valja-mailstyler\/\" \/>\n<meta property=\"og:locale\" content=\"sv_SE\" \/>\n<meta property=\"og:type\" content=\"article\" \/>\n<meta property=\"og:title\" content=\"Varf\u00f6r v\u00e4lja MailStyler - Newsletter Creator\" \/>\n<meta property=\"og:description\" content=\"&nbsp; Vem kan dra nytta av det? I princip vem som helst som ofta skickar e-post och vill f\u00f6rb\u00e4ttra sin design och effektivitet utan anstr\u00e4ngningar. Och framf\u00f6r allt :\" \/>\n<meta property=\"og:url\" content=\"https:\/\/www.newslettercreator.com\/sv\/varfor-valja-mailstyler\/\" \/>\n<meta property=\"og:site_name\" content=\"Newsletter Creator\" \/>\n<meta property=\"article:modified_time\" content=\"2021-05-26T12:31:26+00:00\" \/>\n<meta property=\"og:image\" content=\"http:\/\/www.newslettercreator.com\/wp-content\/uploads\/2014\/09\/monitor.jpg\" \/>\n<meta name=\"twitter:label1\" content=\"Ber\u00e4knad l\u00e4stid\" \/>\n\t<meta name=\"twitter:data1\" content=\"2 minuter\" \/>\n<script type=\"application\/ld+json\" class=\"yoast-schema-graph\">{\"@context\":\"https:\/\/schema.org\",\"@graph\":[{\"@type\":\"WebPage\",\"@id\":\"https:\/\/www.newslettercreator.com\/sv\/varfor-valja-mailstyler\/\",\"url\":\"https:\/\/www.newslettercreator.com\/sv\/varfor-valja-mailstyler\/\",\"name\":\"Varf\u00f6r v\u00e4lja MailStyler - Newsletter Creator\",\"isPartOf\":{\"@id\":\"https:\/\/www.newslettercreator.com\/#website\"},\"primaryImageOfPage\":{\"@id\":\"https:\/\/www.newslettercreator.com\/sv\/varfor-valja-mailstyler\/#primaryimage\"},\"image\":{\"@id\":\"https:\/\/www.newslettercreator.com\/sv\/varfor-valja-mailstyler\/#primaryimage\"},\"thumbnailUrl\":\"http:\/\/www.newslettercreator.com\/wp-content\/uploads\/2014\/09\/monitor.jpg\",\"datePublished\":\"2014-10-20T07:10:27+00:00\",\"dateModified\":\"2021-05-26T12:31:26+00:00\",\"breadcrumb\":{\"@id\":\"https:\/\/www.newslettercreator.com\/sv\/varfor-valja-mailstyler\/#breadcrumb\"},\"inLanguage\":\"sv-SE\",\"potentialAction\":[{\"@type\":\"ReadAction\",\"target\":[\"https:\/\/www.newslettercreator.com\/sv\/varfor-valja-mailstyler\/\"]}]},{\"@type\":\"ImageObject\",\"inLanguage\":\"sv-SE\",\"@id\":\"https:\/\/www.newslettercreator.com\/sv\/varfor-valja-mailstyler\/#primaryimage\",\"url\":\"http:\/\/www.newslettercreator.com\/wp-content\/uploads\/2014\/09\/monitor.jpg\",\"contentUrl\":\"http:\/\/www.newslettercreator.com\/wp-content\/uploads\/2014\/09\/monitor.jpg\"},{\"@type\":\"BreadcrumbList\",\"@id\":\"https:\/\/www.newslettercreator.com\/sv\/varfor-valja-mailstyler\/#breadcrumb\",\"itemListElement\":[{\"@type\":\"ListItem\",\"position\":1,\"name\":\"Home\",\"item\":\"https:\/\/www.newslettercreator.com\/sv\/\"},{\"@type\":\"ListItem\",\"position\":2,\"name\":\"Varf\u00f6r v\u00e4lja MailStyler\"}]},{\"@type\":\"WebSite\",\"@id\":\"https:\/\/www.newslettercreator.com\/#website\",\"url\":\"https:\/\/www.newslettercreator.com\/\",\"name\":\"Newsletter Creator\",\"description\":\"Pay off\",\"potentialAction\":[{\"@type\":\"SearchAction\",\"target\":{\"@type\":\"EntryPoint\",\"urlTemplate\":\"https:\/\/www.newslettercreator.com\/?s={search_term_string}\"},\"query-input\":{\"@type\":\"PropertyValueSpecification\",\"valueRequired\":true,\"valueName\":\"search_term_string\"}}],\"inLanguage\":\"sv-SE\"}]}<\/script>\n<!-- \/ Yoast SEO plugin. -->","yoast_head_json":{"title":"Varf\u00f6r v\u00e4lja MailStyler - Newsletter Creator","robots":{"index":"index","follow":"follow","max-snippet":"max-snippet:-1","max-image-preview":"max-image-preview:large","max-video-preview":"max-video-preview:-1"},"canonical":"https:\/\/www.newslettercreator.com\/sv\/varfor-valja-mailstyler\/","og_locale":"sv_SE","og_type":"article","og_title":"Varf\u00f6r v\u00e4lja MailStyler - Newsletter Creator","og_description":"&nbsp; Vem kan dra nytta av det? I princip vem som helst som ofta skickar e-post och vill f\u00f6rb\u00e4ttra sin design och effektivitet utan anstr\u00e4ngningar. Och framf\u00f6r allt :","og_url":"https:\/\/www.newslettercreator.com\/sv\/varfor-valja-mailstyler\/","og_site_name":"Newsletter Creator","article_modified_time":"2021-05-26T12:31:26+00:00","og_image":[{"url":"http:\/\/www.newslettercreator.com\/wp-content\/uploads\/2014\/09\/monitor.jpg","type":"","width":"","height":""}],"twitter_misc":{"Ber\u00e4knad l\u00e4stid":"2 minuter"},"schema":{"@context":"https:\/\/schema.org","@graph":[{"@type":"WebPage","@id":"https:\/\/www.newslettercreator.com\/sv\/varfor-valja-mailstyler\/","url":"https:\/\/www.newslettercreator.com\/sv\/varfor-valja-mailstyler\/","name":"Varf\u00f6r v\u00e4lja MailStyler - Newsletter Creator","isPartOf":{"@id":"https:\/\/www.newslettercreator.com\/#website"},"primaryImageOfPage":{"@id":"https:\/\/www.newslettercreator.com\/sv\/varfor-valja-mailstyler\/#primaryimage"},"image":{"@id":"https:\/\/www.newslettercreator.com\/sv\/varfor-valja-mailstyler\/#primaryimage"},"thumbnailUrl":"http:\/\/www.newslettercreator.com\/wp-content\/uploads\/2014\/09\/monitor.jpg","datePublished":"2014-10-20T07:10:27+00:00","dateModified":"2021-05-26T12:31:26+00:00","breadcrumb":{"@id":"https:\/\/www.newslettercreator.com\/sv\/varfor-valja-mailstyler\/#breadcrumb"},"inLanguage":"sv-SE","potentialAction":[{"@type":"ReadAction","target":["https:\/\/www.newslettercreator.com\/sv\/varfor-valja-mailstyler\/"]}]},{"@type":"ImageObject","inLanguage":"sv-SE","@id":"https:\/\/www.newslettercreator.com\/sv\/varfor-valja-mailstyler\/#primaryimage","url":"http:\/\/www.newslettercreator.com\/wp-content\/uploads\/2014\/09\/monitor.jpg","contentUrl":"http:\/\/www.newslettercreator.com\/wp-content\/uploads\/2014\/09\/monitor.jpg"},{"@type":"BreadcrumbList","@id":"https:\/\/www.newslettercreator.com\/sv\/varfor-valja-mailstyler\/#breadcrumb","itemListElement":[{"@type":"ListItem","position":1,"name":"Home","item":"https:\/\/www.newslettercreator.com\/sv\/"},{"@type":"ListItem","position":2,"name":"Varf\u00f6r v\u00e4lja MailStyler"}]},{"@type":"WebSite","@id":"https:\/\/www.newslettercreator.com\/#website","url":"https:\/\/www.newslettercreator.com\/","name":"Newsletter Creator","description":"Pay off","potentialAction":[{"@type":"SearchAction","target":{"@type":"EntryPoint","urlTemplate":"https:\/\/www.newslettercreator.com\/?s={search_term_string}"},"query-input":{"@type":"PropertyValueSpecification","valueRequired":true,"valueName":"search_term_string"}}],"inLanguage":"sv-SE"}]}},"_links":{"self":[{"href":"https:\/\/www.newslettercreator.com\/sv\/wp-json\/wp\/v2\/pages\/1779","targetHints":{"allow":["GET"]}}],"collection":[{"href":"https:\/\/www.newslettercreator.com\/sv\/wp-json\/wp\/v2\/pages"}],"about":[{"href":"https:\/\/www.newslettercreator.com\/sv\/wp-json\/wp\/v2\/types\/page"}],"author":[{"embeddable":true,"href":"https:\/\/www.newslettercreator.com\/sv\/wp-json\/wp\/v2\/users\/1"}],"replies":[{"embeddable":true,"href":"https:\/\/www.newslettercreator.com\/sv\/wp-json\/wp\/v2\/comments?post=1779"}],"version-history":[{"count":5,"href":"https:\/\/www.newslettercreator.com\/sv\/wp-json\/wp\/v2\/pages\/1779\/revisions"}],"predecessor-version":[{"id":10212,"href":"https:\/\/www.newslettercreator.com\/sv\/wp-json\/wp\/v2\/pages\/1779\/revisions\/10212"}],"wp:attachment":[{"href":"https:\/\/www.newslettercreator.com\/sv\/wp-json\/wp\/v2\/media?parent=1779"}],"curies":[{"name":"wp","href":"https:\/\/api.w.org\/{rel}","templated":true}]}}