{"id":1786,"date":"2014-10-20T07:46:33","date_gmt":"2014-10-20T07:46:33","guid":{"rendered":"http:\/\/www.newslettercreator.com\/?page_id=1786"},"modified":"2014-10-20T07:46:33","modified_gmt":"2014-10-20T07:46:33","slug":"grundlaggande-bildbibliotek","status":"publish","type":"page","link":"https:\/\/www.newslettercreator.com\/sv\/grundlaggande-bildbibliotek\/","title":{"rendered":"Grundl\u00e4ggande bildbibliotek"},"content":{"rendered":"<p><img decoding=\"async\" class=\"alignnone size-full wp-image-387\" src=\"http:\/\/www.newslettercreator.com\/wp-content\/uploads\/2014\/04\/library-base.jpg\" alt=\"Grundl\u00e4ggande bildbibliotek\" width=\"649\" height=\"423\" srcset=\"https:\/\/www.newslettercreator.com\/wp-content\/uploads\/2014\/04\/library-base.jpg 649w, https:\/\/www.newslettercreator.com\/wp-content\/uploads\/2014\/04\/library-base-300x195.jpg 300w\" sizes=\"(max-width: 649px) 100vw, 649px\" \/><\/p>\n<p>Att f\u00f6rlita sig p\u00e5 ett brett utbud av professionella, f\u00e4rdigbehandlade foton och bilder \u00e4r viktigt f\u00f6r att bygga upp ett effektivt nyhetsbrev. D\u00e4rf\u00f6r levereras MailStyler med ett bibliotek med mer \u00e4n <strong>2000 h\u00f6gkvalitativa originalbilder<\/strong>.<\/p>\n<p>Biblioteket \u00e4r organiserat i <strong>51 kategorier<\/strong> &#8211; fr\u00e5n konst till bilar, fr\u00e5n elektronik till mode, fr\u00e5n spel till idrott etc. &#8211; plus en samling av sociala medieikoner. P\u00e5 s\u00e5 s\u00e4tt blir det l\u00e4ttare att ta reda p\u00e5 de r\u00e4tta bilderna f\u00f6r aff\u00e4rsomr\u00e5det, med f\u00f6rs\u00e4kran om att alltid anv\u00e4nda toppklass material.<\/p>\n<p>Med <strong>gratis och Basic versionerna<\/strong> kan du anv\u00e4nda upp till tre bilder f\u00f6r varje kategori utan vattenst\u00e4mpel (f\u00f6r totalt mer \u00e4n 200), och alla andra med en vattenst\u00e4mpel i v\u00e5r logotyp. Alla bilder har 800&#215;600 uppl\u00f6sning.<\/p>\n","protected":false},"excerpt":{"rendered":"<p>Att f\u00f6rlita sig p\u00e5 ett brett utbud av professionella, f\u00e4rdigbehandlade foton och bilder \u00e4r viktigt f\u00f6r att bygga upp ett effektivt nyhetsbrev. D\u00e4rf\u00f6r levereras MailStyler med ett bibliotek med mer \u00e4n 2000 h\u00f6gkvalitativa originalbilder. Biblioteket \u00e4r organiserat i 51 kategorier &#8211; fr\u00e5n konst till bilar, fr\u00e5n elektronik till mode, fr\u00e5n spel till idrott etc. &#8211; [&hellip;]<\/p>\n","protected":false},"author":1,"featured_media":0,"parent":0,"menu_order":0,"comment_status":"closed","ping_status":"closed","template":"g1_template_page_sidebar_right.php","meta":{"inline_featured_image":false,"_monsterinsights_skip_tracking":false,"_monsterinsights_sitenote_active":false,"_monsterinsights_sitenote_note":"","_monsterinsights_sitenote_category":0,"footnotes":""},"class_list":["post-1786","page","type-page","status-publish"],"yoast_head":"<!-- This site is optimized with the Yoast SEO plugin v25.2 - https:\/\/yoast.com\/wordpress\/plugins\/seo\/ -->\n<title>Grundl\u00e4ggande bildbibliotek - Newsletter Creator<\/title>\n<meta name=\"robots\" content=\"index, follow, max-snippet:-1, max-image-preview:large, max-video-preview:-1\" \/>\n<link rel=\"canonical\" href=\"https:\/\/www.newslettercreator.com\/sv\/grundlaggande-bildbibliotek\/\" \/>\n<meta property=\"og:locale\" content=\"sv_SE\" \/>\n<meta property=\"og:type\" content=\"article\" \/>\n<meta property=\"og:title\" content=\"Grundl\u00e4ggande bildbibliotek - Newsletter Creator\" \/>\n<meta property=\"og:description\" content=\"Att f\u00f6rlita sig p\u00e5 ett brett utbud av professionella, f\u00e4rdigbehandlade foton och bilder \u00e4r viktigt f\u00f6r att bygga upp ett effektivt nyhetsbrev. D\u00e4rf\u00f6r levereras MailStyler med ett bibliotek med mer \u00e4n 2000 h\u00f6gkvalitativa originalbilder. Biblioteket \u00e4r organiserat i 51 kategorier &#8211; fr\u00e5n konst till bilar, fr\u00e5n elektronik till mode, fr\u00e5n spel till idrott etc. &#8211; [&hellip;]\" \/>\n<meta property=\"og:url\" content=\"https:\/\/www.newslettercreator.com\/sv\/grundlaggande-bildbibliotek\/\" \/>\n<meta property=\"og:site_name\" content=\"Newsletter Creator\" \/>\n<meta property=\"og:image\" content=\"http:\/\/www.newslettercreator.com\/wp-content\/uploads\/2014\/04\/library-base.jpg\" \/>\n<meta name=\"twitter:label1\" content=\"Ber\u00e4knad l\u00e4stid\" \/>\n\t<meta name=\"twitter:data1\" content=\"1 minut\" \/>\n<script type=\"application\/ld+json\" class=\"yoast-schema-graph\">{\"@context\":\"https:\/\/schema.org\",\"@graph\":[{\"@type\":\"WebPage\",\"@id\":\"https:\/\/www.newslettercreator.com\/sv\/grundlaggande-bildbibliotek\/\",\"url\":\"https:\/\/www.newslettercreator.com\/sv\/grundlaggande-bildbibliotek\/\",\"name\":\"Grundl\u00e4ggande bildbibliotek - Newsletter Creator\",\"isPartOf\":{\"@id\":\"https:\/\/www.newslettercreator.com\/#website\"},\"primaryImageOfPage\":{\"@id\":\"https:\/\/www.newslettercreator.com\/sv\/grundlaggande-bildbibliotek\/#primaryimage\"},\"image\":{\"@id\":\"https:\/\/www.newslettercreator.com\/sv\/grundlaggande-bildbibliotek\/#primaryimage\"},\"thumbnailUrl\":\"http:\/\/www.newslettercreator.com\/wp-content\/uploads\/2014\/04\/library-base.jpg\",\"datePublished\":\"2014-10-20T07:46:33+00:00\",\"breadcrumb\":{\"@id\":\"https:\/\/www.newslettercreator.com\/sv\/grundlaggande-bildbibliotek\/#breadcrumb\"},\"inLanguage\":\"sv-SE\",\"potentialAction\":[{\"@type\":\"ReadAction\",\"target\":[\"https:\/\/www.newslettercreator.com\/sv\/grundlaggande-bildbibliotek\/\"]}]},{\"@type\":\"ImageObject\",\"inLanguage\":\"sv-SE\",\"@id\":\"https:\/\/www.newslettercreator.com\/sv\/grundlaggande-bildbibliotek\/#primaryimage\",\"url\":\"http:\/\/www.newslettercreator.com\/wp-content\/uploads\/2014\/04\/library-base.jpg\",\"contentUrl\":\"http:\/\/www.newslettercreator.com\/wp-content\/uploads\/2014\/04\/library-base.jpg\"},{\"@type\":\"BreadcrumbList\",\"@id\":\"https:\/\/www.newslettercreator.com\/sv\/grundlaggande-bildbibliotek\/#breadcrumb\",\"itemListElement\":[{\"@type\":\"ListItem\",\"position\":1,\"name\":\"Home\",\"item\":\"https:\/\/www.newslettercreator.com\/sv\/\"},{\"@type\":\"ListItem\",\"position\":2,\"name\":\"Grundl\u00e4ggande bildbibliotek\"}]},{\"@type\":\"WebSite\",\"@id\":\"https:\/\/www.newslettercreator.com\/#website\",\"url\":\"https:\/\/www.newslettercreator.com\/\",\"name\":\"Newsletter Creator\",\"description\":\"Pay off\",\"potentialAction\":[{\"@type\":\"SearchAction\",\"target\":{\"@type\":\"EntryPoint\",\"urlTemplate\":\"https:\/\/www.newslettercreator.com\/?s={search_term_string}\"},\"query-input\":{\"@type\":\"PropertyValueSpecification\",\"valueRequired\":true,\"valueName\":\"search_term_string\"}}],\"inLanguage\":\"sv-SE\"}]}<\/script>\n<!-- \/ Yoast SEO plugin. -->","yoast_head_json":{"title":"Grundl\u00e4ggande bildbibliotek - Newsletter Creator","robots":{"index":"index","follow":"follow","max-snippet":"max-snippet:-1","max-image-preview":"max-image-preview:large","max-video-preview":"max-video-preview:-1"},"canonical":"https:\/\/www.newslettercreator.com\/sv\/grundlaggande-bildbibliotek\/","og_locale":"sv_SE","og_type":"article","og_title":"Grundl\u00e4ggande bildbibliotek - Newsletter Creator","og_description":"Att f\u00f6rlita sig p\u00e5 ett brett utbud av professionella, f\u00e4rdigbehandlade foton och bilder \u00e4r viktigt f\u00f6r att bygga upp ett effektivt nyhetsbrev. D\u00e4rf\u00f6r levereras MailStyler med ett bibliotek med mer \u00e4n 2000 h\u00f6gkvalitativa originalbilder. Biblioteket \u00e4r organiserat i 51 kategorier &#8211; fr\u00e5n konst till bilar, fr\u00e5n elektronik till mode, fr\u00e5n spel till idrott etc. &#8211; [&hellip;]","og_url":"https:\/\/www.newslettercreator.com\/sv\/grundlaggande-bildbibliotek\/","og_site_name":"Newsletter Creator","og_image":[{"url":"http:\/\/www.newslettercreator.com\/wp-content\/uploads\/2014\/04\/library-base.jpg","type":"","width":"","height":""}],"twitter_misc":{"Ber\u00e4knad l\u00e4stid":"1 minut"},"schema":{"@context":"https:\/\/schema.org","@graph":[{"@type":"WebPage","@id":"https:\/\/www.newslettercreator.com\/sv\/grundlaggande-bildbibliotek\/","url":"https:\/\/www.newslettercreator.com\/sv\/grundlaggande-bildbibliotek\/","name":"Grundl\u00e4ggande bildbibliotek - Newsletter Creator","isPartOf":{"@id":"https:\/\/www.newslettercreator.com\/#website"},"primaryImageOfPage":{"@id":"https:\/\/www.newslettercreator.com\/sv\/grundlaggande-bildbibliotek\/#primaryimage"},"image":{"@id":"https:\/\/www.newslettercreator.com\/sv\/grundlaggande-bildbibliotek\/#primaryimage"},"thumbnailUrl":"http:\/\/www.newslettercreator.com\/wp-content\/uploads\/2014\/04\/library-base.jpg","datePublished":"2014-10-20T07:46:33+00:00","breadcrumb":{"@id":"https:\/\/www.newslettercreator.com\/sv\/grundlaggande-bildbibliotek\/#breadcrumb"},"inLanguage":"sv-SE","potentialAction":[{"@type":"ReadAction","target":["https:\/\/www.newslettercreator.com\/sv\/grundlaggande-bildbibliotek\/"]}]},{"@type":"ImageObject","inLanguage":"sv-SE","@id":"https:\/\/www.newslettercreator.com\/sv\/grundlaggande-bildbibliotek\/#primaryimage","url":"http:\/\/www.newslettercreator.com\/wp-content\/uploads\/2014\/04\/library-base.jpg","contentUrl":"http:\/\/www.newslettercreator.com\/wp-content\/uploads\/2014\/04\/library-base.jpg"},{"@type":"BreadcrumbList","@id":"https:\/\/www.newslettercreator.com\/sv\/grundlaggande-bildbibliotek\/#breadcrumb","itemListElement":[{"@type":"ListItem","position":1,"name":"Home","item":"https:\/\/www.newslettercreator.com\/sv\/"},{"@type":"ListItem","position":2,"name":"Grundl\u00e4ggande bildbibliotek"}]},{"@type":"WebSite","@id":"https:\/\/www.newslettercreator.com\/#website","url":"https:\/\/www.newslettercreator.com\/","name":"Newsletter Creator","description":"Pay off","potentialAction":[{"@type":"SearchAction","target":{"@type":"EntryPoint","urlTemplate":"https:\/\/www.newslettercreator.com\/?s={search_term_string}"},"query-input":{"@type":"PropertyValueSpecification","valueRequired":true,"valueName":"search_term_string"}}],"inLanguage":"sv-SE"}]}},"_links":{"self":[{"href":"https:\/\/www.newslettercreator.com\/sv\/wp-json\/wp\/v2\/pages\/1786","targetHints":{"allow":["GET"]}}],"collection":[{"href":"https:\/\/www.newslettercreator.com\/sv\/wp-json\/wp\/v2\/pages"}],"about":[{"href":"https:\/\/www.newslettercreator.com\/sv\/wp-json\/wp\/v2\/types\/page"}],"author":[{"embeddable":true,"href":"https:\/\/www.newslettercreator.com\/sv\/wp-json\/wp\/v2\/users\/1"}],"replies":[{"embeddable":true,"href":"https:\/\/www.newslettercreator.com\/sv\/wp-json\/wp\/v2\/comments?post=1786"}],"version-history":[{"count":1,"href":"https:\/\/www.newslettercreator.com\/sv\/wp-json\/wp\/v2\/pages\/1786\/revisions"}],"predecessor-version":[{"id":1787,"href":"https:\/\/www.newslettercreator.com\/sv\/wp-json\/wp\/v2\/pages\/1786\/revisions\/1787"}],"wp:attachment":[{"href":"https:\/\/www.newslettercreator.com\/sv\/wp-json\/wp\/v2\/media?parent=1786"}],"curies":[{"name":"wp","href":"https:\/\/api.w.org\/{rel}","templated":true}]}}