{"id":1788,"date":"2014-10-20T07:47:47","date_gmt":"2014-10-20T07:47:47","guid":{"rendered":"http:\/\/www.newslettercreator.com\/?page_id=1788"},"modified":"2022-03-03T15:59:46","modified_gmt":"2022-03-03T14:59:46","slug":"avancerad-bildbibliotek","status":"publish","type":"page","link":"https:\/\/www.newslettercreator.com\/sv\/avancerad-bildbibliotek\/","title":{"rendered":"Avancerad bildbibliotek"},"content":{"rendered":"<p><img decoding=\"async\" class=\"alignnone size-full wp-image-387\" src=\"http:\/\/www.newslettercreator.com\/wp-content\/uploads\/2014\/04\/library-adv.jpg\" alt=\"Avancerad bildbibliotek\" width=\"649\" height=\"423\" \/><\/p>\n<p>Att f\u00f6rlita sig p\u00e5 ett brett utbud av professionella, f\u00e4rdigbehandlade foton och bilder \u00e4r viktigt f\u00f6r att bygga upp ett effektivt nyhetsbrev. D\u00e4rf\u00f6r levereras MailStyler med ett bibliotek med mer \u00e4n <strong>3,5 miljoner bilder av h\u00f6g kvalitet<\/strong>.<\/p>\n<ul>\n<li>MailStyler-bibliotek (2.000+ bilder);<\/li>\n<li><img decoding=\"async\" src=\"https:\/\/www.newslettercreator.com\/wp-content\/uploads\/2022\/03\/unsplash-18x79-1.svg\" width=\"79\" height=\"18\" style=\"margin-bottom: -3px; opacity: 0.8;\">-bibliotek (1 miljon bilder);<\/li>\n<li><img decoding=\"async\" src=\"https:\/\/www.newslettercreator.com\/wp-content\/uploads\/2022\/03\/pixabay-18x93-1.svg\" width=\"93\" height=\"18\" style=\"margin-bottom: -3px;\">-bibliotek (2.5 miljoner bilder).<\/li>\n<\/ul>\n<p>Ingen annan programvara erbjuder en s\u00e5 omfattande grafisk databas.<\/p>\n<p>Biblioteket \u00e4r organiserat i <strong>57 kategorier<\/strong> &#8211; fr\u00e5n konst till bilar, fr\u00e5n elektronik till mode, fr\u00e5n spel till idrott etc. &#8211; plus en samling av sociala medieikoner och en <strong>s\u00f6kmotor<\/strong>. P\u00e5 s\u00e5 s\u00e4tt blir det l\u00e4ttare att ta reda p\u00e5 de r\u00e4tta bilderna f\u00f6r aff\u00e4rsomr\u00e5det, med f\u00f6rs\u00e4kran om att alltid anv\u00e4nda toppklass material.<\/p>\n","protected":false},"excerpt":{"rendered":"<p>Att f\u00f6rlita sig p\u00e5 ett brett utbud av professionella, f\u00e4rdigbehandlade foton och bilder \u00e4r viktigt f\u00f6r att bygga upp ett effektivt nyhetsbrev. D\u00e4rf\u00f6r levereras MailStyler med ett bibliotek med mer \u00e4n 3,5 miljoner bilder av h\u00f6g kvalitet. MailStyler-bibliotek (2.000+ bilder); -bibliotek (1 miljon bilder); -bibliotek (2.5 miljoner bilder). Ingen annan programvara erbjuder en s\u00e5 omfattande [&hellip;]<\/p>\n","protected":false},"author":1,"featured_media":0,"parent":0,"menu_order":0,"comment_status":"closed","ping_status":"closed","template":"g1_template_page_sidebar_right.php","meta":{"inline_featured_image":false,"_monsterinsights_skip_tracking":false,"_monsterinsights_sitenote_active":false,"_monsterinsights_sitenote_note":"","_monsterinsights_sitenote_category":0,"footnotes":""},"class_list":["post-1788","page","type-page","status-publish"],"yoast_head":"<!-- This site is optimized with the Yoast SEO plugin v25.2 - https:\/\/yoast.com\/wordpress\/plugins\/seo\/ -->\n<title>Avancerad bildbibliotek - Newsletter Creator<\/title>\n<meta name=\"robots\" content=\"index, follow, max-snippet:-1, max-image-preview:large, max-video-preview:-1\" \/>\n<link rel=\"canonical\" href=\"https:\/\/www.newslettercreator.com\/sv\/avancerad-bildbibliotek\/\" \/>\n<meta property=\"og:locale\" content=\"sv_SE\" \/>\n<meta property=\"og:type\" content=\"article\" \/>\n<meta property=\"og:title\" content=\"Avancerad bildbibliotek - Newsletter Creator\" \/>\n<meta property=\"og:description\" content=\"Att f\u00f6rlita sig p\u00e5 ett brett utbud av professionella, f\u00e4rdigbehandlade foton och bilder \u00e4r viktigt f\u00f6r att bygga upp ett effektivt nyhetsbrev. D\u00e4rf\u00f6r levereras MailStyler med ett bibliotek med mer \u00e4n 3,5 miljoner bilder av h\u00f6g kvalitet. MailStyler-bibliotek (2.000+ bilder); -bibliotek (1 miljon bilder); -bibliotek (2.5 miljoner bilder). Ingen annan programvara erbjuder en s\u00e5 omfattande [&hellip;]\" \/>\n<meta property=\"og:url\" content=\"https:\/\/www.newslettercreator.com\/sv\/avancerad-bildbibliotek\/\" \/>\n<meta property=\"og:site_name\" content=\"Newsletter Creator\" \/>\n<meta property=\"article:modified_time\" content=\"2022-03-03T14:59:46+00:00\" \/>\n<meta property=\"og:image\" content=\"http:\/\/www.newslettercreator.com\/wp-content\/uploads\/2014\/04\/library-adv.jpg\" \/>\n<meta name=\"twitter:label1\" content=\"Ber\u00e4knad l\u00e4stid\" \/>\n\t<meta name=\"twitter:data1\" content=\"1 minut\" \/>\n<script type=\"application\/ld+json\" class=\"yoast-schema-graph\">{\"@context\":\"https:\/\/schema.org\",\"@graph\":[{\"@type\":\"WebPage\",\"@id\":\"https:\/\/www.newslettercreator.com\/sv\/avancerad-bildbibliotek\/\",\"url\":\"https:\/\/www.newslettercreator.com\/sv\/avancerad-bildbibliotek\/\",\"name\":\"Avancerad bildbibliotek - Newsletter Creator\",\"isPartOf\":{\"@id\":\"https:\/\/www.newslettercreator.com\/#website\"},\"primaryImageOfPage\":{\"@id\":\"https:\/\/www.newslettercreator.com\/sv\/avancerad-bildbibliotek\/#primaryimage\"},\"image\":{\"@id\":\"https:\/\/www.newslettercreator.com\/sv\/avancerad-bildbibliotek\/#primaryimage\"},\"thumbnailUrl\":\"http:\/\/www.newslettercreator.com\/wp-content\/uploads\/2014\/04\/library-adv.jpg\",\"datePublished\":\"2014-10-20T07:47:47+00:00\",\"dateModified\":\"2022-03-03T14:59:46+00:00\",\"breadcrumb\":{\"@id\":\"https:\/\/www.newslettercreator.com\/sv\/avancerad-bildbibliotek\/#breadcrumb\"},\"inLanguage\":\"sv-SE\",\"potentialAction\":[{\"@type\":\"ReadAction\",\"target\":[\"https:\/\/www.newslettercreator.com\/sv\/avancerad-bildbibliotek\/\"]}]},{\"@type\":\"ImageObject\",\"inLanguage\":\"sv-SE\",\"@id\":\"https:\/\/www.newslettercreator.com\/sv\/avancerad-bildbibliotek\/#primaryimage\",\"url\":\"http:\/\/www.newslettercreator.com\/wp-content\/uploads\/2014\/04\/library-adv.jpg\",\"contentUrl\":\"http:\/\/www.newslettercreator.com\/wp-content\/uploads\/2014\/04\/library-adv.jpg\"},{\"@type\":\"BreadcrumbList\",\"@id\":\"https:\/\/www.newslettercreator.com\/sv\/avancerad-bildbibliotek\/#breadcrumb\",\"itemListElement\":[{\"@type\":\"ListItem\",\"position\":1,\"name\":\"Home\",\"item\":\"https:\/\/www.newslettercreator.com\/sv\/\"},{\"@type\":\"ListItem\",\"position\":2,\"name\":\"Avancerad bildbibliotek\"}]},{\"@type\":\"WebSite\",\"@id\":\"https:\/\/www.newslettercreator.com\/#website\",\"url\":\"https:\/\/www.newslettercreator.com\/\",\"name\":\"Newsletter Creator\",\"description\":\"Pay off\",\"potentialAction\":[{\"@type\":\"SearchAction\",\"target\":{\"@type\":\"EntryPoint\",\"urlTemplate\":\"https:\/\/www.newslettercreator.com\/?s={search_term_string}\"},\"query-input\":{\"@type\":\"PropertyValueSpecification\",\"valueRequired\":true,\"valueName\":\"search_term_string\"}}],\"inLanguage\":\"sv-SE\"}]}<\/script>\n<!-- \/ Yoast SEO plugin. -->","yoast_head_json":{"title":"Avancerad bildbibliotek - Newsletter Creator","robots":{"index":"index","follow":"follow","max-snippet":"max-snippet:-1","max-image-preview":"max-image-preview:large","max-video-preview":"max-video-preview:-1"},"canonical":"https:\/\/www.newslettercreator.com\/sv\/avancerad-bildbibliotek\/","og_locale":"sv_SE","og_type":"article","og_title":"Avancerad bildbibliotek - Newsletter Creator","og_description":"Att f\u00f6rlita sig p\u00e5 ett brett utbud av professionella, f\u00e4rdigbehandlade foton och bilder \u00e4r viktigt f\u00f6r att bygga upp ett effektivt nyhetsbrev. D\u00e4rf\u00f6r levereras MailStyler med ett bibliotek med mer \u00e4n 3,5 miljoner bilder av h\u00f6g kvalitet. MailStyler-bibliotek (2.000+ bilder); -bibliotek (1 miljon bilder); -bibliotek (2.5 miljoner bilder). Ingen annan programvara erbjuder en s\u00e5 omfattande [&hellip;]","og_url":"https:\/\/www.newslettercreator.com\/sv\/avancerad-bildbibliotek\/","og_site_name":"Newsletter Creator","article_modified_time":"2022-03-03T14:59:46+00:00","og_image":[{"url":"http:\/\/www.newslettercreator.com\/wp-content\/uploads\/2014\/04\/library-adv.jpg","type":"","width":"","height":""}],"twitter_misc":{"Ber\u00e4knad l\u00e4stid":"1 minut"},"schema":{"@context":"https:\/\/schema.org","@graph":[{"@type":"WebPage","@id":"https:\/\/www.newslettercreator.com\/sv\/avancerad-bildbibliotek\/","url":"https:\/\/www.newslettercreator.com\/sv\/avancerad-bildbibliotek\/","name":"Avancerad bildbibliotek - Newsletter Creator","isPartOf":{"@id":"https:\/\/www.newslettercreator.com\/#website"},"primaryImageOfPage":{"@id":"https:\/\/www.newslettercreator.com\/sv\/avancerad-bildbibliotek\/#primaryimage"},"image":{"@id":"https:\/\/www.newslettercreator.com\/sv\/avancerad-bildbibliotek\/#primaryimage"},"thumbnailUrl":"http:\/\/www.newslettercreator.com\/wp-content\/uploads\/2014\/04\/library-adv.jpg","datePublished":"2014-10-20T07:47:47+00:00","dateModified":"2022-03-03T14:59:46+00:00","breadcrumb":{"@id":"https:\/\/www.newslettercreator.com\/sv\/avancerad-bildbibliotek\/#breadcrumb"},"inLanguage":"sv-SE","potentialAction":[{"@type":"ReadAction","target":["https:\/\/www.newslettercreator.com\/sv\/avancerad-bildbibliotek\/"]}]},{"@type":"ImageObject","inLanguage":"sv-SE","@id":"https:\/\/www.newslettercreator.com\/sv\/avancerad-bildbibliotek\/#primaryimage","url":"http:\/\/www.newslettercreator.com\/wp-content\/uploads\/2014\/04\/library-adv.jpg","contentUrl":"http:\/\/www.newslettercreator.com\/wp-content\/uploads\/2014\/04\/library-adv.jpg"},{"@type":"BreadcrumbList","@id":"https:\/\/www.newslettercreator.com\/sv\/avancerad-bildbibliotek\/#breadcrumb","itemListElement":[{"@type":"ListItem","position":1,"name":"Home","item":"https:\/\/www.newslettercreator.com\/sv\/"},{"@type":"ListItem","position":2,"name":"Avancerad bildbibliotek"}]},{"@type":"WebSite","@id":"https:\/\/www.newslettercreator.com\/#website","url":"https:\/\/www.newslettercreator.com\/","name":"Newsletter Creator","description":"Pay off","potentialAction":[{"@type":"SearchAction","target":{"@type":"EntryPoint","urlTemplate":"https:\/\/www.newslettercreator.com\/?s={search_term_string}"},"query-input":{"@type":"PropertyValueSpecification","valueRequired":true,"valueName":"search_term_string"}}],"inLanguage":"sv-SE"}]}},"_links":{"self":[{"href":"https:\/\/www.newslettercreator.com\/sv\/wp-json\/wp\/v2\/pages\/1788","targetHints":{"allow":["GET"]}}],"collection":[{"href":"https:\/\/www.newslettercreator.com\/sv\/wp-json\/wp\/v2\/pages"}],"about":[{"href":"https:\/\/www.newslettercreator.com\/sv\/wp-json\/wp\/v2\/types\/page"}],"author":[{"embeddable":true,"href":"https:\/\/www.newslettercreator.com\/sv\/wp-json\/wp\/v2\/users\/1"}],"replies":[{"embeddable":true,"href":"https:\/\/www.newslettercreator.com\/sv\/wp-json\/wp\/v2\/comments?post=1788"}],"version-history":[{"count":4,"href":"https:\/\/www.newslettercreator.com\/sv\/wp-json\/wp\/v2\/pages\/1788\/revisions"}],"predecessor-version":[{"id":11753,"href":"https:\/\/www.newslettercreator.com\/sv\/wp-json\/wp\/v2\/pages\/1788\/revisions\/11753"}],"wp:attachment":[{"href":"https:\/\/www.newslettercreator.com\/sv\/wp-json\/wp\/v2\/media?parent=1788"}],"curies":[{"name":"wp","href":"https:\/\/api.w.org\/{rel}","templated":true}]}}