{"id":2953,"date":"2015-01-26T08:59:11","date_gmt":"2015-01-26T08:59:11","guid":{"rendered":"http:\/\/www.newslettercreator.com\/?page_id=2953"},"modified":"2021-05-26T14:32:16","modified_gmt":"2021-05-26T12:32:16","slug":"neden-mailstyleri-secmelisiniz","status":"publish","type":"page","link":"https:\/\/www.newslettercreator.com\/tr\/neden-mailstyleri-secmelisiniz\/","title":{"rendered":"Neden MailStyler&#8217;\u0131 se\u00e7meli?"},"content":{"rendered":"<ul class=\"g1-grid\"><li class=\"g1-column g1-one-half g1-valign-top\">\n<p>T\u00fcm E-posta istemcilerinde, yerel bir PC&#8217;de ya da bir ak\u0131ll\u0131 telefonda her zaman <strong>do\u011fru g\u00f6r\u00fcnt\u00fclenen<\/strong> e-postalar olu\u015fturmak ve yeni hassas teknolojilerden faydalanmak i\u00e7in <strong>amaca y\u00f6nelik<\/strong> bir program kullanmak gereklidir. Normal internet sitesi d\u00fczenleyiciler ya da Outlook gibi ki\u015fisel e-posta programlar\u0131 <strong>her yerde do\u011fru g\u00f6r\u00fcnt\u00fclenen<\/strong> e-postalar \u00fcretemezler.<\/p>\n<p>Neden ba\u015fka bir E-posta D\u00fczenleyici yerine MailStyler&#8217;\u0131 se\u00e7melisiniz?<\/p>\n<p>\u00c7\u00fcnk\u00fc Mailstyler e-posta ve b\u00fclten i\u00e7erik yap\u0131lar\u0131nda uzmanla\u015fm\u0131\u015f, profesyonel ve kullan\u0131m\u0131 kolay tek ger\u00e7ek masa\u00fcst\u00fc programd\u0131r. \u00c7evrimd\u0131\u015f\u0131 bir hizmettir ve internet \u00fczerindeki di\u011fer \u00e7evrimi\u00e7i hizmetler gibi karars\u0131zl\u0131k, yava\u015fl\u0131k ya da uyumsuzluk gibi sorunlardan etkilenmez. Resimleri tamamen benzersiz bir \u015fekilde y\u00f6netir ve her seferinde m\u00fckemmel sonu\u00e7 verir.<\/p>\n<\/li><!-- -->\n<li class=\"g1-column g1-one-half g1-valign-top\">\n<p style=\"text-align: center; margin-bottom: 0px;\"><img decoding=\"async\" src=\"http:\/\/www.newslettercreator.com\/wp-content\/uploads\/2014\/09\/monitor.jpg\" alt=\"Neden MailStyler'\u0131 se\u00e7meli?\" width=\"423\" height=\"311\" \/><\/p>\n<\/li><!-- --><\/ul>\n<p style=\"text-align: center;\"><a class=\"button large orange\" style=\"margin-top: 20px; width: 157px; margin-right: 30px;\" title=\"\u00dccretsiz Versiyonu \u0130ndir \" href=\"http:\/\/www.newslettercreator.com\/ucretsiz-deneyin\/\" target=\"_self\" rel=\"noopener\">DEMO VERS\u0130YONU \u0130ND\u0130R<\/a><a class=\"button large darkgray\" style=\"margin-top: 20px; width: 157px;\" title=\"Mailstyler Pro Satin Alin\" href=\"http:\/\/www.newslettercreator.com\/ucretlendirme\/\" target=\"_self\" rel=\"noopener\">MAILSTYLER PRO SATIN ALIN<\/a><\/p>\n<p style=\"text-align: center; font-size: 11px; margin-bottom: 5px;\">Enson s\u00fcr\u00fcm: 2.24.01.17 | Yay\u0131n tarihi: 17\/01\/2024 | Boyut: 114.9 MB<br \/>\n<a href=\"http:\/\/www.newslettercreator.com\/license-agreement\/\" target=\"_blank\" rel=\"noopener\">Lisans s\u00f6zle\u015fmesi<\/a> | <a href=\"http:\/\/www.newslettercreator.com\/how-to-uninstall\/\" target=\"_blank\" rel=\"noopener\">Nas\u0131l kald\u0131r\u0131l\u0131r<\/a><\/p>\n<p>&nbsp;<\/p>\n<h2>A\u015fa\u011f\u0131daki nedenlerden dolay\u0131 Mailstyler en iyi se\u00e7iminiz olacakt\u0131r:<\/h2>\n<ul class=\"g1-grid\"><li class=\"g1-column g1-one-half g1-valign-top\"><br \/>\n<div id=\"g1-box-counter-1\" class=\"g1-box g1-box--solid  g1-box--icon\" ><i class=\"fa fa-bolt g1-box__icon\"><\/i><div class=\"g1-box__inner\">\n<h3 style=\"font-size: 19px; font-weight: 500!important;\">Bir masa\u00fcst\u00fc yaz\u0131l\u0131m\u0131n h\u0131z ve kararl\u0131l\u0131\u011f\u0131<\/h3>\n<p>MailStyler&#8217;\u0131 PC&#8217;nize kurdu\u011funuzda \u00e7evrimi\u00e7i hizmetlerin tipik sorunlar\u0131 olan yava\u015fl\u0131k, uzun resim y\u00fckleme s\u00fcreleri, \u00e7al\u0131\u015f\u0131rken meydana gelen \u00e7\u00f6kmeler ve taray\u0131c\u0131 uyumsuzluklar\u0131ndan etkilenmezsiniz. Mailstyler taray\u0131c\u0131 ve ba\u011flant\u0131 h\u0131z\u0131ndan kaynakl\u0131 gecikmeler olmadan kararl\u0131 ve h\u0131zl\u0131 bir sistemi, resimlerin hemen y\u00fcklenmesini ve anl\u0131k i\u00e7erik d\u00fczenlemelerini garanti eder.<br \/>\n<\/div><\/div><br \/>\n<\/li><!-- -->\n<li class=\"g1-column g1-one-half g1-valign-top\"><br \/>\n<div id=\"g1-box-counter-2\" class=\"g1-box g1-box--solid  g1-box--icon\" ><i class=\"fa fa-code-fork g1-box__icon\"><\/i><div class=\"g1-box__inner\">\n<h3 style=\"font-size: 19px; font-weight: 500!important;\">\u0130nternete ba\u011fl\u0131 de\u011filken \u00e7evrimd\u0131\u015f\u0131 \u00e7al\u0131\u015fabilirsiniz<\/h3>\n<p>MailStyler diz\u00fcst\u00fc bilgisayar\u0131n\u0131zda \u00e7al\u0131\u015f\u0131r ve hep eri\u015filebilir; internet ba\u011flant\u0131n\u0131z olmasa dahi nerede ve ne zaman isterseniz a\u015f\u0131r\u0131 y\u00fcklenmi\u015f bir sunucudan kaynakl\u0131 yava\u015fl\u0131ktan korkmadan b\u00fclteniniz \u00fczerinde \u00e7al\u0131\u015fabilirsiniz. Resim y\u00fcklemek ya da projenizi de\u011fi\u015ftirmek ba\u011flant\u0131n\u0131z\u0131 yava\u015flatmaz ve \u00e7al\u0131\u015f\u0131rken \u00e7\u00f6kme riski ta\u015f\u0131mazs\u0131n\u0131z.<br \/>\n<\/div><\/div><br \/>\n<\/li><!-- --><\/ul>\n<ul class=\"g1-grid\"><li class=\"g1-column g1-one-half g1-valign-top\"><br \/>\n<div id=\"g1-box-counter-3\" class=\"g1-box g1-box--solid  g1-box--icon\" ><i class=\"fa fa-rocket g1-box__icon\"><\/i><div class=\"g1-box__inner\">\n<h3 style=\"font-size: 19px; font-weight: 500!important;\">Profesyonel bir arac\u0131n esnekli\u011fi ve g\u00fcc\u00fc<\/h3>\n<p>Normalde s\u00fcr\u00fckle-b\u0131rak d\u00fczenleyiciler acemiler i\u00e7indir ve kullan\u0131m kolayl\u0131\u011f\u0131 i\u00e7in g\u00fc\u00e7 ve profesyonellikten feragat edilir; MailStyler bunun yerine teknolojiyi uydurarak s\u00fcr\u00fckleyip b\u0131rakman\u0131n \u00e7abuklu\u011fu ile profesyonel bir arac\u0131n esnekli\u011fini, g\u00fcc\u00fcn\u00fc ve sonsuz \u00f6zelle\u015ftirme yetene\u011fine sahip olman\u0131z\u0131 sa\u011flar. Renkler, d\u00fc\u011fme \u015fekilleri, s\u00fcsleme stilleri: her \u015fey \u00f6zelle\u015ftirilebilir, stillerinizi kaydedebilir ve tek t\u0131kla tekrar kullanabilirsiniz.<br \/>\n<\/div><\/div><br \/>\n<\/li><!-- -->\n<li class=\"g1-column g1-one-half g1-valign-top\"><br \/>\n<div id=\"g1-box-counter-4\" class=\"g1-box g1-box--solid  g1-box--icon\" ><i class=\"fa fa-picture-o g1-box__icon\"><\/i><div class=\"g1-box__inner\">\n<h3 style=\"font-size: 19px; font-weight: 500!important;\">H\u0131zl\u0131 ve ak\u0131ll\u0131 resim y\u00f6netimi<\/h3>\n<p>Mailstyler herhangi bir kaynaktan resimlerle \u00e7al\u0131\u015fabilir. B\u00fcy\u00fck resimler bile ak\u0131ll\u0131 ve sezgisel d\u00e2hili k\u0131rp-boyutland\u0131r arac\u0131 ile boyutland\u0131r\u0131labilir; b\u00f6ylece Photoshop gibi harici bir yaz\u0131l\u0131m kullan\u0131lmadan ve zarar vermeden mesaja m\u00fckemmel \u015fekilde yerle\u015ftirilebilir. E-posta mesajlar\u0131n\u0131n temel bir gereksinimi olarak resimler olabilecek en k\u00fc\u00e7\u00fck boyuta indirgenmek i\u00e7in otomatik s\u0131k\u0131\u015ft\u0131r\u0131l\u0131r ve optimize edilir.<br \/>&nbsp;<br \/>\n<\/div><\/div><br \/>\n<\/li><!-- --><\/ul>\n<ul class=\"g1-grid\"><li class=\"g1-column g1-one-half g1-valign-top\"><br \/>\n<div id=\"g1-box-counter-5\" class=\"g1-box g1-box--solid  g1-box--icon\" ><i class=\"fa fa-cloud-download g1-box__icon\"><\/i><div class=\"g1-box__inner\">\n<h3 style=\"font-size: 19px; font-weight: 500!important;\">Entegre bulut<\/h3>\n<p>Mailstyler Pro b\u00fclteniniz i\u00e7in tahsisli bir bulut alan\u0131 i\u00e7erir ve arzu edilirse b\u00fclteninizin resimlerini kay\u0131t eder. Bu size resim yollar\u0131n\u0131z\u0131 sunucunuza y\u00fcklemeden y\u00f6netme imk\u00e2n\u0131 sunar: g\u00f6nderece\u011finiz e-posta say\u0131s\u0131 \u00e7ok fazla oldu\u011funda zamandan ve sunucu bant geni\u015fli\u011finden tasarruf sa\u011flar. Ek olarak, bir\u00e7ok g\u00f6r\u00fcnt\u00fcleme sorununa yol a\u00e7aca\u011f\u0131ndan yollar\u0131 de\u011fi\u015ftirme ya da resimlerinizi kaybetme riski almazs\u0131n\u0131z.<br \/>&nbsp;<br \/>\n<\/div><\/div><br \/>\n<\/li><!-- -->\n<li class=\"g1-column g1-one-half g1-valign-top\"><br \/>\n<div id=\"g1-box-counter-6\" class=\"g1-box g1-box--solid  g1-box--icon\" ><i class=\"fa fa-sitemap g1-box__icon\"><\/i><div class=\"g1-box__inner\">\n<h3 style=\"font-size: 19px; font-weight: 500!important;\">S\u0131n\u0131r olmadan ayn\u0131 anda birden \u00e7ok projede \u00e7al\u0131\u015fabilme.<\/h3>\n<p>MailStyler size birden \u00e7ok projede \u00e7al\u0131\u015fabilme ve yerel olarak kaydetme imk\u00e2n\u0131 veren tek yaz\u0131l\u0131md\u0131r. Onlar\u0131 daha sonra tekrar a\u00e7abilir, d\u00fczenleyebilir, kaydedebilir ve \u00f6nceki \u00e7al\u0131\u015fman\u0131zdan bir \u015fey kaybetmeden kopyalayabilirsiniz. MailStyler ile d\u00fczenleme konusunda bir s\u0131n\u0131r\u0131n\u0131z yoktur ve \u00e7evrimd\u0131\u015f\u0131 \u00e7al\u0131\u015fma modu sayesinde internet ba\u011flant\u0131s\u0131na ihtiya\u00e7 duymadan projenizi kontrol edebilirsiniz.<br \/>\n<\/div><\/div><br \/>\n<\/li><!-- --><\/ul>\n<ul class=\"g1-grid\"><li class=\"g1-column g1-one-half g1-valign-top\"><br \/>\n<div id=\"g1-box-counter-7\" class=\"g1-box g1-box--solid  g1-box--icon\" ><i class=\"fa fa-search g1-box__icon\"><\/i><div class=\"g1-box__inner\">\n<h3 style=\"font-size: 19px; font-weight: 500!important;\">T\u00fcm istemcilerde do\u011fru e-posta &#8230;<\/h3>\n<p>MailStyler ile yarat\u0131lan t\u00fcm b\u00fclten ve \u015fablonlar PC ve mobil cihazlar \u00fczerinde do\u011fru g\u00f6r\u00fcn\u00fcr. Geli\u015ftiricilerimiz E-posta \u0130stemcileri taraf\u0131ndan duyurulan de\u011fi\u015fiklikleri takip etmek i\u00e7in motor program\u0131 s\u00fcrekli g\u00fcncellemektedir. Dahas\u0131, MailStyler t\u00fcm e-postalar\u0131n\u0131z\u0131 Litmus ve EmailOnAcid (b\u00fclten tasar\u0131m\u0131n\u0131 teyit eden ara\u00e7lar) gibi hizmetlerle teyit ederek her cihazda do\u011fru g\u00f6r\u00fcnt\u00fclenmesini garanti eder.<br \/>\n<\/div><\/div><br \/>\n<\/li><!-- -->\n<li class=\"g1-column g1-one-half g1-valign-top\"><br \/>\n<div id=\"g1-box-counter-8\" class=\"g1-box g1-box--solid  g1-box--icon\" ><i class=\"fa fa-tablet g1-box__icon\"><\/i><div class=\"g1-box__inner\">\n<h3 style=\"font-size: 19px; font-weight: 500!important;\">&#8230; Ve hassas mod sayesinde her cihazda m\u00fckemmellik<\/h3>\n<p>MailStyler ile %100 hassas e-postalar yaratabilirsiniz: yani b\u00fclteniniz bir ak\u0131ll\u0131 telefonun k\u00fc\u00e7\u00fck ekran\u0131nda okundu\u011funda otomatik olarak kendini ayarlar. Tablet, mobil ya da masa\u00fcst\u00fc cihaz, nerede a\u00e7\u0131ld\u0131\u011f\u0131ndan ba\u011f\u0131ms\u0131z olarak e-postan\u0131z her zaman m\u00fckemmel g\u00f6r\u00fcnt\u00fclenecek ve kolayca okunacakt\u0131r. B\u00f6ylece daha geni\u015f kitlelere eri\u015fecek ve daha fazla t\u0131klanacaks\u0131n\u0131z.<br \/>\n<\/div><\/div><br \/>\n<\/li><!-- --><\/ul>\n","protected":false},"excerpt":{"rendered":"<p>DEMO VERS\u0130YONU \u0130ND\u0130RMAILSTYLER PRO SATIN ALIN Enson s\u00fcr\u00fcm: | Yay\u0131n tarihi: | Boyut: MB Lisans s\u00f6zle\u015fmesi | Nas\u0131l kald\u0131r\u0131l\u0131r &nbsp; A\u015fa\u011f\u0131daki nedenlerden dolay\u0131 Mailstyler en iyi se\u00e7iminiz olacakt\u0131r:<\/p>\n","protected":false},"author":1,"featured_media":0,"parent":0,"menu_order":0,"comment_status":"closed","ping_status":"closed","template":"","meta":{"inline_featured_image":false,"_monsterinsights_skip_tracking":false,"_monsterinsights_sitenote_active":false,"_monsterinsights_sitenote_note":"","_monsterinsights_sitenote_category":0,"footnotes":""},"class_list":["post-2953","page","type-page","status-publish"],"yoast_head":"<!-- This site is optimized with the Yoast SEO plugin v25.2 - https:\/\/yoast.com\/wordpress\/plugins\/seo\/ -->\n<title>Neden MailStyler&#039;\u0131 se\u00e7meli? - Newsletter Creator<\/title>\n<meta name=\"robots\" content=\"index, follow, max-snippet:-1, max-image-preview:large, max-video-preview:-1\" \/>\n<link rel=\"canonical\" href=\"https:\/\/www.newslettercreator.com\/tr\/neden-mailstyleri-secmelisiniz\/\" \/>\n<meta property=\"og:locale\" content=\"tr_TR\" \/>\n<meta property=\"og:type\" content=\"article\" \/>\n<meta property=\"og:title\" content=\"Neden MailStyler&#039;\u0131 se\u00e7meli? - Newsletter Creator\" \/>\n<meta property=\"og:description\" content=\"DEMO VERS\u0130YONU \u0130ND\u0130RMAILSTYLER PRO SATIN ALIN Enson s\u00fcr\u00fcm: | Yay\u0131n tarihi: | Boyut: MB Lisans s\u00f6zle\u015fmesi | Nas\u0131l kald\u0131r\u0131l\u0131r &nbsp; A\u015fa\u011f\u0131daki nedenlerden dolay\u0131 Mailstyler en iyi se\u00e7iminiz olacakt\u0131r:\" \/>\n<meta property=\"og:url\" content=\"https:\/\/www.newslettercreator.com\/tr\/neden-mailstyleri-secmelisiniz\/\" \/>\n<meta property=\"og:site_name\" content=\"Newsletter Creator\" \/>\n<meta property=\"article:modified_time\" content=\"2021-05-26T12:32:16+00:00\" \/>\n<meta property=\"og:image\" content=\"http:\/\/www.newslettercreator.com\/wp-content\/uploads\/2014\/09\/monitor.jpg\" \/>\n<meta name=\"twitter:label1\" content=\"Est. reading time\" \/>\n\t<meta name=\"twitter:data1\" content=\"5 minutes\" \/>\n<script type=\"application\/ld+json\" class=\"yoast-schema-graph\">{\"@context\":\"https:\/\/schema.org\",\"@graph\":[{\"@type\":\"WebPage\",\"@id\":\"https:\/\/www.newslettercreator.com\/tr\/neden-mailstyleri-secmelisiniz\/\",\"url\":\"https:\/\/www.newslettercreator.com\/tr\/neden-mailstyleri-secmelisiniz\/\",\"name\":\"Neden MailStyler'\u0131 se\u00e7meli? - Newsletter Creator\",\"isPartOf\":{\"@id\":\"https:\/\/www.newslettercreator.com\/#website\"},\"primaryImageOfPage\":{\"@id\":\"https:\/\/www.newslettercreator.com\/tr\/neden-mailstyleri-secmelisiniz\/#primaryimage\"},\"image\":{\"@id\":\"https:\/\/www.newslettercreator.com\/tr\/neden-mailstyleri-secmelisiniz\/#primaryimage\"},\"thumbnailUrl\":\"http:\/\/www.newslettercreator.com\/wp-content\/uploads\/2014\/09\/monitor.jpg\",\"datePublished\":\"2015-01-26T08:59:11+00:00\",\"dateModified\":\"2021-05-26T12:32:16+00:00\",\"breadcrumb\":{\"@id\":\"https:\/\/www.newslettercreator.com\/tr\/neden-mailstyleri-secmelisiniz\/#breadcrumb\"},\"inLanguage\":\"tr\",\"potentialAction\":[{\"@type\":\"ReadAction\",\"target\":[\"https:\/\/www.newslettercreator.com\/tr\/neden-mailstyleri-secmelisiniz\/\"]}]},{\"@type\":\"ImageObject\",\"inLanguage\":\"tr\",\"@id\":\"https:\/\/www.newslettercreator.com\/tr\/neden-mailstyleri-secmelisiniz\/#primaryimage\",\"url\":\"http:\/\/www.newslettercreator.com\/wp-content\/uploads\/2014\/09\/monitor.jpg\",\"contentUrl\":\"http:\/\/www.newslettercreator.com\/wp-content\/uploads\/2014\/09\/monitor.jpg\"},{\"@type\":\"BreadcrumbList\",\"@id\":\"https:\/\/www.newslettercreator.com\/tr\/neden-mailstyleri-secmelisiniz\/#breadcrumb\",\"itemListElement\":[{\"@type\":\"ListItem\",\"position\":1,\"name\":\"Home\",\"item\":\"https:\/\/www.newslettercreator.com\/tr\/\"},{\"@type\":\"ListItem\",\"position\":2,\"name\":\"Neden MailStyler&#8217;\u0131 se\u00e7meli?\"}]},{\"@type\":\"WebSite\",\"@id\":\"https:\/\/www.newslettercreator.com\/#website\",\"url\":\"https:\/\/www.newslettercreator.com\/\",\"name\":\"Newsletter Creator\",\"description\":\"Pay off\",\"potentialAction\":[{\"@type\":\"SearchAction\",\"target\":{\"@type\":\"EntryPoint\",\"urlTemplate\":\"https:\/\/www.newslettercreator.com\/?s={search_term_string}\"},\"query-input\":{\"@type\":\"PropertyValueSpecification\",\"valueRequired\":true,\"valueName\":\"search_term_string\"}}],\"inLanguage\":\"tr\"}]}<\/script>\n<!-- \/ Yoast SEO plugin. -->","yoast_head_json":{"title":"Neden MailStyler'\u0131 se\u00e7meli? - Newsletter Creator","robots":{"index":"index","follow":"follow","max-snippet":"max-snippet:-1","max-image-preview":"max-image-preview:large","max-video-preview":"max-video-preview:-1"},"canonical":"https:\/\/www.newslettercreator.com\/tr\/neden-mailstyleri-secmelisiniz\/","og_locale":"tr_TR","og_type":"article","og_title":"Neden MailStyler'\u0131 se\u00e7meli? - Newsletter Creator","og_description":"DEMO VERS\u0130YONU \u0130ND\u0130RMAILSTYLER PRO SATIN ALIN Enson s\u00fcr\u00fcm: | Yay\u0131n tarihi: | Boyut: MB Lisans s\u00f6zle\u015fmesi | Nas\u0131l kald\u0131r\u0131l\u0131r &nbsp; A\u015fa\u011f\u0131daki nedenlerden dolay\u0131 Mailstyler en iyi se\u00e7iminiz olacakt\u0131r:","og_url":"https:\/\/www.newslettercreator.com\/tr\/neden-mailstyleri-secmelisiniz\/","og_site_name":"Newsletter Creator","article_modified_time":"2021-05-26T12:32:16+00:00","og_image":[{"url":"http:\/\/www.newslettercreator.com\/wp-content\/uploads\/2014\/09\/monitor.jpg","type":"","width":"","height":""}],"twitter_misc":{"Est. reading time":"5 minutes"},"schema":{"@context":"https:\/\/schema.org","@graph":[{"@type":"WebPage","@id":"https:\/\/www.newslettercreator.com\/tr\/neden-mailstyleri-secmelisiniz\/","url":"https:\/\/www.newslettercreator.com\/tr\/neden-mailstyleri-secmelisiniz\/","name":"Neden MailStyler'\u0131 se\u00e7meli? - Newsletter Creator","isPartOf":{"@id":"https:\/\/www.newslettercreator.com\/#website"},"primaryImageOfPage":{"@id":"https:\/\/www.newslettercreator.com\/tr\/neden-mailstyleri-secmelisiniz\/#primaryimage"},"image":{"@id":"https:\/\/www.newslettercreator.com\/tr\/neden-mailstyleri-secmelisiniz\/#primaryimage"},"thumbnailUrl":"http:\/\/www.newslettercreator.com\/wp-content\/uploads\/2014\/09\/monitor.jpg","datePublished":"2015-01-26T08:59:11+00:00","dateModified":"2021-05-26T12:32:16+00:00","breadcrumb":{"@id":"https:\/\/www.newslettercreator.com\/tr\/neden-mailstyleri-secmelisiniz\/#breadcrumb"},"inLanguage":"tr","potentialAction":[{"@type":"ReadAction","target":["https:\/\/www.newslettercreator.com\/tr\/neden-mailstyleri-secmelisiniz\/"]}]},{"@type":"ImageObject","inLanguage":"tr","@id":"https:\/\/www.newslettercreator.com\/tr\/neden-mailstyleri-secmelisiniz\/#primaryimage","url":"http:\/\/www.newslettercreator.com\/wp-content\/uploads\/2014\/09\/monitor.jpg","contentUrl":"http:\/\/www.newslettercreator.com\/wp-content\/uploads\/2014\/09\/monitor.jpg"},{"@type":"BreadcrumbList","@id":"https:\/\/www.newslettercreator.com\/tr\/neden-mailstyleri-secmelisiniz\/#breadcrumb","itemListElement":[{"@type":"ListItem","position":1,"name":"Home","item":"https:\/\/www.newslettercreator.com\/tr\/"},{"@type":"ListItem","position":2,"name":"Neden MailStyler&#8217;\u0131 se\u00e7meli?"}]},{"@type":"WebSite","@id":"https:\/\/www.newslettercreator.com\/#website","url":"https:\/\/www.newslettercreator.com\/","name":"Newsletter Creator","description":"Pay off","potentialAction":[{"@type":"SearchAction","target":{"@type":"EntryPoint","urlTemplate":"https:\/\/www.newslettercreator.com\/?s={search_term_string}"},"query-input":{"@type":"PropertyValueSpecification","valueRequired":true,"valueName":"search_term_string"}}],"inLanguage":"tr"}]}},"_links":{"self":[{"href":"https:\/\/www.newslettercreator.com\/tr\/wp-json\/wp\/v2\/pages\/2953","targetHints":{"allow":["GET"]}}],"collection":[{"href":"https:\/\/www.newslettercreator.com\/tr\/wp-json\/wp\/v2\/pages"}],"about":[{"href":"https:\/\/www.newslettercreator.com\/tr\/wp-json\/wp\/v2\/types\/page"}],"author":[{"embeddable":true,"href":"https:\/\/www.newslettercreator.com\/tr\/wp-json\/wp\/v2\/users\/1"}],"replies":[{"embeddable":true,"href":"https:\/\/www.newslettercreator.com\/tr\/wp-json\/wp\/v2\/comments?post=2953"}],"version-history":[{"count":5,"href":"https:\/\/www.newslettercreator.com\/tr\/wp-json\/wp\/v2\/pages\/2953\/revisions"}],"predecessor-version":[{"id":10213,"href":"https:\/\/www.newslettercreator.com\/tr\/wp-json\/wp\/v2\/pages\/2953\/revisions\/10213"}],"wp:attachment":[{"href":"https:\/\/www.newslettercreator.com\/tr\/wp-json\/wp\/v2\/media?parent=2953"}],"curies":[{"name":"wp","href":"https:\/\/api.w.org\/{rel}","templated":true}]}}